{"id":9957,"date":"2025-06-16T20:03:29","date_gmt":"2025-06-16T23:03:29","guid":{"rendered":"https:\/\/elkaminante.com.uy\/paquetes\/crucero-mediterraneo\/"},"modified":"2026-04-17T09:38:41","modified_gmt":"2026-04-17T12:38:41","slug":"crucero-mediterraneo","status":"publish","type":"product","link":"https:\/\/elkaminante.com.uy\/en\/paquetes\/crucero-mediterraneo\/","title":{"rendered":"Crucero Mediterr\u00e1neo"},"content":{"rendered":"","protected":false},"excerpt":{"rendered":"<p><b>\u00a1Bienvenidos a bordo!<\/b> Los cruceros son una verdadera <i>ciudad flotante<\/i>. Repletos de entretenimiento y variedad, en ellos se pueden encontrar muchas alternativas de restaurantes, bares, auditorios y teatros donde se pueden ver incre\u00edbles shows al estilo de Broadway, varias piscinas y, lo m\u00e1s entretenido para grandes y chicos, salas de juegos, deportes, karting, cines, etc., los cuales pueden ser visitados por todos los pasajeros sin costo alguno. Si su sue\u00f1o es pasar unas vacaciones de lujo navegando por los distintos mares del mundo y descubriendo los puertos m\u00e1s famosos del viejo o nuevo continente, tenemos la respuesta para usted: no se pierda la experiencia de viajar en un <b>Crucero<\/b>.<\/p>\n<p><b>Barcelona<\/b> es una ciudad cosmopolita, abierta, donde la cohesi\u00f3n social es una realidad. La capital catalana se encuentra entre las mejores ciudades del mundo en las clasificaciones de calidad de vida, seguridad y equidad. Tiene un estilo de vida propio que la hace \u00fanica en todo el mundo. Su car\u00e1cter mediterr\u00e1neo invita a los visitantes a ir a los barrios y conocer a su gente, visitar las playas y los espacios naturales y disfrutar del ocio con una gran oferta cultural, gastron\u00f3mica y comercial. <i>Principales atractivos tur\u00edsticos:<\/i> las obras de Antonio Gaud\u00ed, como la Sagrada Familia, el Parque G\u00fcell, Casa Batll\u00f3, La Pedrera y muchos \u00edconos m\u00e1s de la arquitectura moderna; la Bas\u00edlica de Santa Mar\u00eda del Mar, la Catedral de Barcelona, el Palacio de la M\u00fasica Catalana, el Mercado de la Boquer\u00eda, las Ramblas, la Plaza de Catalu\u00f1a y el barrio g\u00f3tico, entre otros.<\/p>\n<p>Visitar <b>Roma<\/b> es embarcarse en un paseo por la Historia. La Capital del T\u00edber, el r\u00edo al que debe la existencia la ciudad y que estaba presente ya en la f\u00e1bula de R\u00f3mulo y Remo que explica la fundaci\u00f3n de Roma, es un museo en s\u00ed mismo. Elegir qu\u00e9 ver en la ciudad le llevar\u00e1 tiempo: arte, arquitectura, restos arqueol\u00f3gicos y el Estado del Vaticano -ciudad estado que se encuentra dentro de Roma- salpican cada rinc\u00f3n de la capital de Italia. <i>Principales atractivos tur\u00edsticos:<\/i> Plaza de Espa\u00f1a, Iglesia de Trinit\u00e1 dei Monti, Plaza Navona, Fontana di Trevi, el barrio Trast\u00e9vere, Isla Tibernia, el Tempo de Esculapio, Foro Romano, Arco de Tito, Coliseo, la V\u00eda Sacra, el Pante\u00f3n, el Ciro M\u00e1ximo, la Plaza de Venecia, el Palazzo Senatorio, el Vaticano, con la columnata, la Capilla Sixtina, la Bas\u00edlica de San Pedro y la Piedad de Miguel \u00c1ngel entre otros.<\/p>\n","protected":false},"featured_media":9955,"template":"","meta":{"_acf_changed":false,"inline_featured_image":false},"product_brand":[],"product_cat":[28,1579],"product_tag":[150,288,298,2019,3352,291,2103,2018,123,124,1126,856,278,2286,3812,2747,65,151,292,125,126,857,1002,2739,3811,918,3199,120,3282,152,293,127,128,858,1003],"class_list":{"0":"post-9957","1":"product","2":"type-product","3":"status-publish","4":"has-post-thumbnail","6":"product_cat-paquetes","7":"product_cat-uruguay","8":"product_tag-barcelona","9":"product_tag-crucero","10":"product_tag-crucero-en-crucero","11":"product_tag-crucero-en-mayo","12":"product_tag-crucero-mediterraneo","13":"product_tag-crucero-y-vuelo","14":"product_tag-en-crucero","15":"product_tag-en-mayo","16":"product_tag-espana","17":"product_tag-europa","18":"product_tag-florencia","19":"product_tag-italia","20":"product_tag-mayo","21":"product_tag-mayo-2026","22":"product_tag-messina","23":"product_tag-niza","24":"product_tag-no-aplica","25":"product_tag-paquetes-a-barcelona","26":"product_tag-paquetes-a-crucero","27":"product_tag-paquetes-a-espana","28":"product_tag-paquetes-a-europa","29":"product_tag-paquetes-a-italia","30":"product_tag-paquetes-a-roma","31":"product_tag-pisa","32":"product_tag-provence","33":"product_tag-roma","34":"product_tag-salerno","35":"product_tag-sin-comidas","36":"product_tag-temporada-baja","37":"product_tag-viajes-a-barcelona","38":"product_tag-viajes-a-crucero","39":"product_tag-viajes-a-espana","40":"product_tag-viajes-a-europa","41":"product_tag-viajes-a-italia","42":"product_tag-viajes-a-roma","43":"entry","44":"has-media","46":"first","47":"instock","48":"shipping-taxable","49":"purchasable","50":"product-type-simple"},"acf":[],"yoast_head":"<!-- This site is optimized with the Yoast SEO plugin v27.2 - https:\/\/yoast.com\/product\/yoast-seo-wordpress\/ -->\n<title>Crucero Mediterr\u00e1neo - El Kaminante<\/title>\n<meta name=\"robots\" content=\"index, follow, max-snippet:-1, max-image-preview:large, max-video-preview:-1\" \/>\n<link rel=\"canonical\" href=\"https:\/\/elkaminante.com.uy\/paquetes\/crucero-mediterraneo\/\" \/>\n<meta property=\"og:locale\" content=\"en_US\" \/>\n<meta property=\"og:type\" content=\"article\" \/>\n<meta property=\"og:title\" content=\"Crucero Mediterr\u00e1neo - El Kaminante\" \/>\n<meta property=\"og:description\" content=\"\u00a1Bienvenidos a bordo! Los cruceros son una verdadera ciudad flotante. Repletos de entretenimiento y variedad, en ellos se pueden encontrar muchas alternativas de restaurantes, bares, auditorios y teatros donde se pueden ver incre\u00edbles shows al estilo de Broadway, varias piscinas y, lo m\u00e1s entretenido para grandes y chicos, salas de juegos, deportes, karting, cines, etc., los cuales pueden ser visitados por todos los pasajeros sin costo alguno. Si su sue\u00f1o es pasar unas vacaciones de lujo navegando por los distintos mares del mundo y descubriendo los puertos m\u00e1s famosos del viejo o nuevo continente, tenemos la respuesta para usted: no se pierda la experiencia de viajar en un Crucero.Barcelona es una ciudad cosmopolita, abierta, donde la cohesi\u00f3n social es una realidad. La capital catalana se encuentra entre las mejores ciudades del mundo en las clasificaciones de calidad de vida, seguridad y equidad. Tiene un estilo de vida propio que la hace \u00fanica en todo el mundo. Su car\u00e1cter mediterr\u00e1neo invita a los visitantes a ir a los barrios y conocer a su gente, visitar las playas y los espacios naturales y disfrutar del ocio con una gran oferta cultural, gastron\u00f3mica y comercial. Principales atractivos tur\u00edsticos: las obras de Antonio Gaud\u00ed, como la Sagrada Familia, el Parque G\u00fcell, Casa Batll\u00f3, La Pedrera y muchos \u00edconos m\u00e1s de la arquitectura moderna; la Bas\u00edlica de Santa Mar\u00eda del Mar, la Catedral de Barcelona, el Palacio de la M\u00fasica Catalana, el Mercado de la Boquer\u00eda, las Ramblas, la Plaza de Catalu\u00f1a y el barrio g\u00f3tico, entre otros. Visitar Roma es embarcarse en un paseo por la Historia. La Capital del T\u00edber, el r\u00edo al que debe la existencia la ciudad y que estaba presente ya en la f\u00e1bula de R\u00f3mulo y Remo que explica la fundaci\u00f3n de Roma, es un museo en s\u00ed mismo. Elegir qu\u00e9 ver en la ciudad le llevar\u00e1 tiempo: arte, arquitectura, restos arqueol\u00f3gicos y el Estado del Vaticano -ciudad estado que se encuentra dentro de Roma- salpican cada rinc\u00f3n de la capital de Italia. Principales atractivos tur\u00edsticos: Plaza de Espa\u00f1a, Iglesia de Trinit\u00e1 dei Monti, Plaza Navona, Fontana di Trevi, el barrio Trast\u00e9vere, Isla Tibernia, el Tempo de Esculapio, Foro Romano, Arco de Tito, Coliseo, la V\u00eda Sacra, el Pante\u00f3n, el Ciro M\u00e1ximo, la Plaza de Venecia, el Palazzo Senatorio, el Vaticano, con la columnata, la Capilla Sixtina, la Bas\u00edlica de San Pedro y la Piedad de Miguel \u00c1ngel entre otros.\" \/>\n<meta property=\"og:url\" content=\"https:\/\/elkaminante.com.uy\/paquetes\/crucero-mediterraneo\/\" \/>\n<meta property=\"og:site_name\" content=\"El Kaminante\" \/>\n<meta property=\"article:modified_time\" content=\"2026-04-17T12:38:41+00:00\" \/>\n<meta property=\"og:image\" content=\"https:\/\/elkaminante.com.uy\/wp-content\/uploads\/2025\/06\/PAQ158.webp\" \/>\n\t<meta property=\"og:image:width\" content=\"800\" \/>\n\t<meta property=\"og:image:height\" content=\"457\" \/>\n\t<meta property=\"og:image:type\" content=\"image\/webp\" \/>\n<meta name=\"twitter:card\" content=\"summary_large_image\" \/>\n<script type=\"application\/ld+json\" class=\"yoast-schema-graph\">{\"@context\":\"https:\/\/schema.org\",\"@graph\":[{\"@type\":\"WebPage\",\"@id\":\"https:\/\/elkaminante.com.uy\/paquetes\/crucero-mediterraneo\/\",\"url\":\"https:\/\/elkaminante.com.uy\/paquetes\/crucero-mediterraneo\/\",\"name\":\"Crucero Mediterr\u00e1neo - El Kaminante\",\"isPartOf\":{\"@id\":\"https:\/\/elkaminante.com.uy\/#website\"},\"primaryImageOfPage\":{\"@id\":\"https:\/\/elkaminante.com.uy\/paquetes\/crucero-mediterraneo\/#primaryimage\"},\"image\":{\"@id\":\"https:\/\/elkaminante.com.uy\/paquetes\/crucero-mediterraneo\/#primaryimage\"},\"thumbnailUrl\":\"https:\/\/elkaminante.com.uy\/wp-content\/uploads\/2025\/06\/PAQ158.webp\",\"datePublished\":\"2025-06-16T23:03:29+00:00\",\"dateModified\":\"2026-04-17T12:38:41+00:00\",\"breadcrumb\":{\"@id\":\"https:\/\/elkaminante.com.uy\/paquetes\/crucero-mediterraneo\/#breadcrumb\"},\"inLanguage\":\"en-US\",\"potentialAction\":[{\"@type\":\"ReadAction\",\"target\":[\"https:\/\/elkaminante.com.uy\/paquetes\/crucero-mediterraneo\/\"]}]},{\"@type\":\"ImageObject\",\"inLanguage\":\"en-US\",\"@id\":\"https:\/\/elkaminante.com.uy\/paquetes\/crucero-mediterraneo\/#primaryimage\",\"url\":\"https:\/\/elkaminante.com.uy\/wp-content\/uploads\/2025\/06\/PAQ158.webp\",\"contentUrl\":\"https:\/\/elkaminante.com.uy\/wp-content\/uploads\/2025\/06\/PAQ158.webp\",\"width\":800,\"height\":457},{\"@type\":\"BreadcrumbList\",\"@id\":\"https:\/\/elkaminante.com.uy\/paquetes\/crucero-mediterraneo\/#breadcrumb\",\"itemListElement\":[{\"@type\":\"ListItem\",\"position\":1,\"name\":\"Inicio\",\"item\":\"https:\/\/elkaminante.com.uy\/en\/\"},{\"@type\":\"ListItem\",\"position\":2,\"name\":\"Viajes por el mundo\",\"item\":\"https:\/\/elkaminante.com.uy\/en\/paquetes\/\"},{\"@type\":\"ListItem\",\"position\":3,\"name\":\"Crucero Mediterr\u00e1neo\"}]},{\"@type\":\"WebSite\",\"@id\":\"https:\/\/elkaminante.com.uy\/#website\",\"url\":\"https:\/\/elkaminante.com.uy\/\",\"name\":\"El Kaminante\",\"description\":\"Viajes &amp; Turismo\",\"publisher\":{\"@id\":\"https:\/\/elkaminante.com.uy\/#organization\"},\"potentialAction\":[{\"@type\":\"SearchAction\",\"target\":{\"@type\":\"EntryPoint\",\"urlTemplate\":\"https:\/\/elkaminante.com.uy\/?s={search_term_string}\"},\"query-input\":{\"@type\":\"PropertyValueSpecification\",\"valueRequired\":true,\"valueName\":\"search_term_string\"}}],\"inLanguage\":\"en-US\"},{\"@type\":\"Organization\",\"@id\":\"https:\/\/elkaminante.com.uy\/#organization\",\"name\":\"El Kaminante\",\"url\":\"https:\/\/elkaminante.com.uy\/\",\"logo\":{\"@type\":\"ImageObject\",\"inLanguage\":\"en-US\",\"@id\":\"https:\/\/elkaminante.com.uy\/#\/schema\/logo\/image\/\",\"url\":\"https:\/\/elkaminante.com.uy\/wp-content\/uploads\/2025\/02\/logo-elkaminante-blanco.svg\",\"contentUrl\":\"https:\/\/elkaminante.com.uy\/wp-content\/uploads\/2025\/02\/logo-elkaminante-blanco.svg\",\"caption\":\"El Kaminante\"},\"image\":{\"@id\":\"https:\/\/elkaminante.com.uy\/#\/schema\/logo\/image\/\"}}]}<\/script>\n<!-- \/ Yoast SEO plugin. -->","yoast_head_json":{"title":"Crucero Mediterr\u00e1neo - El Kaminante","robots":{"index":"index","follow":"follow","max-snippet":"max-snippet:-1","max-image-preview":"max-image-preview:large","max-video-preview":"max-video-preview:-1"},"canonical":"https:\/\/elkaminante.com.uy\/paquetes\/crucero-mediterraneo\/","og_locale":"en_US","og_type":"article","og_title":"Crucero Mediterr\u00e1neo - El Kaminante","og_description":"\u00a1Bienvenidos a bordo! Los cruceros son una verdadera ciudad flotante. Repletos de entretenimiento y variedad, en ellos se pueden encontrar muchas alternativas de restaurantes, bares, auditorios y teatros donde se pueden ver incre\u00edbles shows al estilo de Broadway, varias piscinas y, lo m\u00e1s entretenido para grandes y chicos, salas de juegos, deportes, karting, cines, etc., los cuales pueden ser visitados por todos los pasajeros sin costo alguno. Si su sue\u00f1o es pasar unas vacaciones de lujo navegando por los distintos mares del mundo y descubriendo los puertos m\u00e1s famosos del viejo o nuevo continente, tenemos la respuesta para usted: no se pierda la experiencia de viajar en un Crucero.Barcelona es una ciudad cosmopolita, abierta, donde la cohesi\u00f3n social es una realidad. La capital catalana se encuentra entre las mejores ciudades del mundo en las clasificaciones de calidad de vida, seguridad y equidad. Tiene un estilo de vida propio que la hace \u00fanica en todo el mundo. Su car\u00e1cter mediterr\u00e1neo invita a los visitantes a ir a los barrios y conocer a su gente, visitar las playas y los espacios naturales y disfrutar del ocio con una gran oferta cultural, gastron\u00f3mica y comercial. Principales atractivos tur\u00edsticos: las obras de Antonio Gaud\u00ed, como la Sagrada Familia, el Parque G\u00fcell, Casa Batll\u00f3, La Pedrera y muchos \u00edconos m\u00e1s de la arquitectura moderna; la Bas\u00edlica de Santa Mar\u00eda del Mar, la Catedral de Barcelona, el Palacio de la M\u00fasica Catalana, el Mercado de la Boquer\u00eda, las Ramblas, la Plaza de Catalu\u00f1a y el barrio g\u00f3tico, entre otros. Visitar Roma es embarcarse en un paseo por la Historia. La Capital del T\u00edber, el r\u00edo al que debe la existencia la ciudad y que estaba presente ya en la f\u00e1bula de R\u00f3mulo y Remo que explica la fundaci\u00f3n de Roma, es un museo en s\u00ed mismo. Elegir qu\u00e9 ver en la ciudad le llevar\u00e1 tiempo: arte, arquitectura, restos arqueol\u00f3gicos y el Estado del Vaticano -ciudad estado que se encuentra dentro de Roma- salpican cada rinc\u00f3n de la capital de Italia. Principales atractivos tur\u00edsticos: Plaza de Espa\u00f1a, Iglesia de Trinit\u00e1 dei Monti, Plaza Navona, Fontana di Trevi, el barrio Trast\u00e9vere, Isla Tibernia, el Tempo de Esculapio, Foro Romano, Arco de Tito, Coliseo, la V\u00eda Sacra, el Pante\u00f3n, el Ciro M\u00e1ximo, la Plaza de Venecia, el Palazzo Senatorio, el Vaticano, con la columnata, la Capilla Sixtina, la Bas\u00edlica de San Pedro y la Piedad de Miguel \u00c1ngel entre otros.","og_url":"https:\/\/elkaminante.com.uy\/paquetes\/crucero-mediterraneo\/","og_site_name":"El Kaminante","article_modified_time":"2026-04-17T12:38:41+00:00","og_image":[{"width":800,"height":457,"url":"https:\/\/elkaminante.com.uy\/wp-content\/uploads\/2025\/06\/PAQ158.webp","type":"image\/webp"}],"twitter_card":"summary_large_image","schema":{"@context":"https:\/\/schema.org","@graph":[{"@type":"WebPage","@id":"https:\/\/elkaminante.com.uy\/paquetes\/crucero-mediterraneo\/","url":"https:\/\/elkaminante.com.uy\/paquetes\/crucero-mediterraneo\/","name":"Crucero Mediterr\u00e1neo - El Kaminante","isPartOf":{"@id":"https:\/\/elkaminante.com.uy\/#website"},"primaryImageOfPage":{"@id":"https:\/\/elkaminante.com.uy\/paquetes\/crucero-mediterraneo\/#primaryimage"},"image":{"@id":"https:\/\/elkaminante.com.uy\/paquetes\/crucero-mediterraneo\/#primaryimage"},"thumbnailUrl":"https:\/\/elkaminante.com.uy\/wp-content\/uploads\/2025\/06\/PAQ158.webp","datePublished":"2025-06-16T23:03:29+00:00","dateModified":"2026-04-17T12:38:41+00:00","breadcrumb":{"@id":"https:\/\/elkaminante.com.uy\/paquetes\/crucero-mediterraneo\/#breadcrumb"},"inLanguage":"en-US","potentialAction":[{"@type":"ReadAction","target":["https:\/\/elkaminante.com.uy\/paquetes\/crucero-mediterraneo\/"]}]},{"@type":"ImageObject","inLanguage":"en-US","@id":"https:\/\/elkaminante.com.uy\/paquetes\/crucero-mediterraneo\/#primaryimage","url":"https:\/\/elkaminante.com.uy\/wp-content\/uploads\/2025\/06\/PAQ158.webp","contentUrl":"https:\/\/elkaminante.com.uy\/wp-content\/uploads\/2025\/06\/PAQ158.webp","width":800,"height":457},{"@type":"BreadcrumbList","@id":"https:\/\/elkaminante.com.uy\/paquetes\/crucero-mediterraneo\/#breadcrumb","itemListElement":[{"@type":"ListItem","position":1,"name":"Inicio","item":"https:\/\/elkaminante.com.uy\/en\/"},{"@type":"ListItem","position":2,"name":"Viajes por el mundo","item":"https:\/\/elkaminante.com.uy\/en\/paquetes\/"},{"@type":"ListItem","position":3,"name":"Crucero Mediterr\u00e1neo"}]},{"@type":"WebSite","@id":"https:\/\/elkaminante.com.uy\/#website","url":"https:\/\/elkaminante.com.uy\/","name":"El Kaminante","description":"Viajes &amp; Turismo","publisher":{"@id":"https:\/\/elkaminante.com.uy\/#organization"},"potentialAction":[{"@type":"SearchAction","target":{"@type":"EntryPoint","urlTemplate":"https:\/\/elkaminante.com.uy\/?s={search_term_string}"},"query-input":{"@type":"PropertyValueSpecification","valueRequired":true,"valueName":"search_term_string"}}],"inLanguage":"en-US"},{"@type":"Organization","@id":"https:\/\/elkaminante.com.uy\/#organization","name":"El Kaminante","url":"https:\/\/elkaminante.com.uy\/","logo":{"@type":"ImageObject","inLanguage":"en-US","@id":"https:\/\/elkaminante.com.uy\/#\/schema\/logo\/image\/","url":"https:\/\/elkaminante.com.uy\/wp-content\/uploads\/2025\/02\/logo-elkaminante-blanco.svg","contentUrl":"https:\/\/elkaminante.com.uy\/wp-content\/uploads\/2025\/02\/logo-elkaminante-blanco.svg","caption":"El Kaminante"},"image":{"@id":"https:\/\/elkaminante.com.uy\/#\/schema\/logo\/image\/"}}]}},"_links":{"self":[{"href":"https:\/\/elkaminante.com.uy\/en\/wp-json\/wp\/v2\/product\/9957","targetHints":{"allow":["GET"]}}],"collection":[{"href":"https:\/\/elkaminante.com.uy\/en\/wp-json\/wp\/v2\/product"}],"about":[{"href":"https:\/\/elkaminante.com.uy\/en\/wp-json\/wp\/v2\/types\/product"}],"wp:featuredmedia":[{"embeddable":true,"href":"https:\/\/elkaminante.com.uy\/en\/wp-json\/wp\/v2\/media\/9955"}],"wp:attachment":[{"href":"https:\/\/elkaminante.com.uy\/en\/wp-json\/wp\/v2\/media?parent=9957"}],"wp:term":[{"taxonomy":"product_brand","embeddable":true,"href":"https:\/\/elkaminante.com.uy\/en\/wp-json\/wp\/v2\/product_brand?post=9957"},{"taxonomy":"product_cat","embeddable":true,"href":"https:\/\/elkaminante.com.uy\/en\/wp-json\/wp\/v2\/product_cat?post=9957"},{"taxonomy":"product_tag","embeddable":true,"href":"https:\/\/elkaminante.com.uy\/en\/wp-json\/wp\/v2\/product_tag?post=9957"}],"curies":[{"name":"wp","href":"https:\/\/api.w.org\/{rel}","templated":true}]}}