{"id":9905,"date":"2025-06-16T20:02:24","date_gmt":"2025-06-16T23:02:24","guid":{"rendered":"https:\/\/elkaminante.com.uy\/paquetes\/maragogi-brasil\/"},"modified":"2026-04-17T09:38:38","modified_gmt":"2026-04-17T12:38:38","slug":"maragogi-brasil","status":"publish","type":"product","link":"https:\/\/elkaminante.com.uy\/en\/paquetes\/maragogi-brasil\/","title":{"rendered":"Maragogi Brasil"},"content":{"rendered":"","protected":false},"excerpt":{"rendered":"<p><b>Maragogi<\/b> es la segunda ciudad tur\u00edstica m\u00e1s importante del estado de Alagoas. Maragogi est\u00e1 situada en la parte noreste de Brasil, con lo que gracias a su proximidad al ecuador cuenta con un excelente clima que ronda los 25\u00ba grados de media anuales. Para muchos esta ciudad es considerada un para\u00edso; ya que posee la m\u00e1s importante barrera de coral de todo Brasil e incre\u00edbles playas de arena fina, piscinas naturales y aguas transparentes. Adem\u00e1s los habitantes de Maragogi a diferencia de lo que se pueda creer, sienten un gran respeto hacia los turistas, trat\u00e1ndolos con calidez y generosidad. En el centro de la ciudad hay multitud de tiendas artesanales e innumerables locales donde poder probar la deliciosa gastronom\u00eda local en terrazas, ni m\u00e1s ni menos situadas encima de la playa.<\/p>\n","protected":false},"featured_media":9903,"template":"","meta":{"_acf_changed":false,"inline_featured_image":false},"product_brand":[],"product_cat":[28,1579],"product_tag":[96,88,35,527,990,64,2054,2161,2018,245,523,3342,278,4177,65,91,90,524,61,89,3282,93,92,525,119],"class_list":{"0":"post-9905","1":"product","2":"type-product","3":"status-publish","4":"has-post-thumbnail","6":"product_cat-paquetes","7":"product_cat-uruguay","8":"product_tag-alarma-precios-bajos","9":"product_tag-america-del-sur","10":"product_tag-brasil","11":"product_tag-brasil-en-maragogi","12":"product_tag-brasil-en-mayo","13":"product_tag-desayuno","14":"product_tag-en-brasil","15":"product_tag-en-maragogi","16":"product_tag-en-mayo","17":"product_tag-junio","18":"product_tag-maragogi","19":"product_tag-maragogi-brasil","20":"product_tag-mayo","21":"product_tag-mayo-junio-2026alarma-precios-bajos","22":"product_tag-no-aplica","23":"product_tag-paquetes-a-america-del-sur","24":"product_tag-paquetes-a-brasil","25":"product_tag-paquetes-a-maragogi","26":"product_tag-sin-destino","27":"product_tag-sudamerica","28":"product_tag-temporada-baja","29":"product_tag-viajes-a-america-del-sur","30":"product_tag-viajes-a-brasil","31":"product_tag-viajes-a-maragogi","32":"product_tag-vuelo-y-hotel","33":"entry","34":"has-media","36":"first","37":"instock","38":"shipping-taxable","39":"purchasable","40":"product-type-simple"},"acf":[],"yoast_head":"<!-- This site is optimized with the Yoast SEO plugin v27.2 - https:\/\/yoast.com\/product\/yoast-seo-wordpress\/ -->\n<title>Maragogi Brasil - El Kaminante<\/title>\n<meta name=\"robots\" content=\"index, follow, max-snippet:-1, max-image-preview:large, max-video-preview:-1\" \/>\n<link rel=\"canonical\" href=\"https:\/\/elkaminante.com.uy\/paquetes\/maragogi-brasil\/\" \/>\n<meta property=\"og:locale\" content=\"en_US\" \/>\n<meta property=\"og:type\" content=\"article\" \/>\n<meta property=\"og:title\" content=\"Maragogi Brasil - El Kaminante\" \/>\n<meta property=\"og:description\" content=\"Maragogi es la segunda ciudad tur\u00edstica m\u00e1s importante del estado de Alagoas. Maragogi est\u00e1 situada en la parte noreste de Brasil, con lo que gracias a su proximidad al ecuador cuenta con un excelente clima que ronda los 25\u00ba grados de media anuales. Para muchos esta ciudad es considerada un para\u00edso; ya que posee la m\u00e1s importante barrera de coral de todo Brasil e incre\u00edbles playas de arena fina, piscinas naturales y aguas transparentes. Adem\u00e1s los habitantes de Maragogi a diferencia de lo que se pueda creer, sienten un gran respeto hacia los turistas, trat\u00e1ndolos con calidez y generosidad. En el centro de la ciudad hay multitud de tiendas artesanales e innumerables locales donde poder probar la deliciosa gastronom\u00eda local en terrazas, ni m\u00e1s ni menos situadas encima de la playa.\" \/>\n<meta property=\"og:url\" content=\"https:\/\/elkaminante.com.uy\/paquetes\/maragogi-brasil\/\" \/>\n<meta property=\"og:site_name\" content=\"El Kaminante\" \/>\n<meta property=\"article:modified_time\" content=\"2026-04-17T12:38:38+00:00\" \/>\n<meta property=\"og:image\" content=\"https:\/\/elkaminante.com.uy\/wp-content\/uploads\/2025\/06\/PAQ137.webp\" \/>\n\t<meta property=\"og:image:width\" content=\"1200\" \/>\n\t<meta property=\"og:image:height\" content=\"630\" \/>\n\t<meta property=\"og:image:type\" content=\"image\/webp\" \/>\n<meta name=\"twitter:card\" content=\"summary_large_image\" \/>\n<script type=\"application\/ld+json\" class=\"yoast-schema-graph\">{\"@context\":\"https:\/\/schema.org\",\"@graph\":[{\"@type\":\"WebPage\",\"@id\":\"https:\/\/elkaminante.com.uy\/paquetes\/maragogi-brasil\/\",\"url\":\"https:\/\/elkaminante.com.uy\/paquetes\/maragogi-brasil\/\",\"name\":\"Maragogi Brasil - El Kaminante\",\"isPartOf\":{\"@id\":\"https:\/\/elkaminante.com.uy\/#website\"},\"primaryImageOfPage\":{\"@id\":\"https:\/\/elkaminante.com.uy\/paquetes\/maragogi-brasil\/#primaryimage\"},\"image\":{\"@id\":\"https:\/\/elkaminante.com.uy\/paquetes\/maragogi-brasil\/#primaryimage\"},\"thumbnailUrl\":\"https:\/\/elkaminante.com.uy\/wp-content\/uploads\/2025\/06\/PAQ137.webp\",\"datePublished\":\"2025-06-16T23:02:24+00:00\",\"dateModified\":\"2026-04-17T12:38:38+00:00\",\"breadcrumb\":{\"@id\":\"https:\/\/elkaminante.com.uy\/paquetes\/maragogi-brasil\/#breadcrumb\"},\"inLanguage\":\"en-US\",\"potentialAction\":[{\"@type\":\"ReadAction\",\"target\":[\"https:\/\/elkaminante.com.uy\/paquetes\/maragogi-brasil\/\"]}]},{\"@type\":\"ImageObject\",\"inLanguage\":\"en-US\",\"@id\":\"https:\/\/elkaminante.com.uy\/paquetes\/maragogi-brasil\/#primaryimage\",\"url\":\"https:\/\/elkaminante.com.uy\/wp-content\/uploads\/2025\/06\/PAQ137.webp\",\"contentUrl\":\"https:\/\/elkaminante.com.uy\/wp-content\/uploads\/2025\/06\/PAQ137.webp\",\"width\":1200,\"height\":630},{\"@type\":\"BreadcrumbList\",\"@id\":\"https:\/\/elkaminante.com.uy\/paquetes\/maragogi-brasil\/#breadcrumb\",\"itemListElement\":[{\"@type\":\"ListItem\",\"position\":1,\"name\":\"Inicio\",\"item\":\"https:\/\/elkaminante.com.uy\/en\/\"},{\"@type\":\"ListItem\",\"position\":2,\"name\":\"Viajes por el mundo\",\"item\":\"https:\/\/elkaminante.com.uy\/en\/paquetes\/\"},{\"@type\":\"ListItem\",\"position\":3,\"name\":\"Maragogi Brasil\"}]},{\"@type\":\"WebSite\",\"@id\":\"https:\/\/elkaminante.com.uy\/#website\",\"url\":\"https:\/\/elkaminante.com.uy\/\",\"name\":\"El Kaminante\",\"description\":\"Viajes &amp; Turismo\",\"publisher\":{\"@id\":\"https:\/\/elkaminante.com.uy\/#organization\"},\"potentialAction\":[{\"@type\":\"SearchAction\",\"target\":{\"@type\":\"EntryPoint\",\"urlTemplate\":\"https:\/\/elkaminante.com.uy\/?s={search_term_string}\"},\"query-input\":{\"@type\":\"PropertyValueSpecification\",\"valueRequired\":true,\"valueName\":\"search_term_string\"}}],\"inLanguage\":\"en-US\"},{\"@type\":\"Organization\",\"@id\":\"https:\/\/elkaminante.com.uy\/#organization\",\"name\":\"El Kaminante\",\"url\":\"https:\/\/elkaminante.com.uy\/\",\"logo\":{\"@type\":\"ImageObject\",\"inLanguage\":\"en-US\",\"@id\":\"https:\/\/elkaminante.com.uy\/#\/schema\/logo\/image\/\",\"url\":\"https:\/\/elkaminante.com.uy\/wp-content\/uploads\/2025\/02\/logo-elkaminante-blanco.svg\",\"contentUrl\":\"https:\/\/elkaminante.com.uy\/wp-content\/uploads\/2025\/02\/logo-elkaminante-blanco.svg\",\"caption\":\"El Kaminante\"},\"image\":{\"@id\":\"https:\/\/elkaminante.com.uy\/#\/schema\/logo\/image\/\"}}]}<\/script>\n<!-- \/ Yoast SEO plugin. -->","yoast_head_json":{"title":"Maragogi Brasil - El Kaminante","robots":{"index":"index","follow":"follow","max-snippet":"max-snippet:-1","max-image-preview":"max-image-preview:large","max-video-preview":"max-video-preview:-1"},"canonical":"https:\/\/elkaminante.com.uy\/paquetes\/maragogi-brasil\/","og_locale":"en_US","og_type":"article","og_title":"Maragogi Brasil - El Kaminante","og_description":"Maragogi es la segunda ciudad tur\u00edstica m\u00e1s importante del estado de Alagoas. Maragogi est\u00e1 situada en la parte noreste de Brasil, con lo que gracias a su proximidad al ecuador cuenta con un excelente clima que ronda los 25\u00ba grados de media anuales. Para muchos esta ciudad es considerada un para\u00edso; ya que posee la m\u00e1s importante barrera de coral de todo Brasil e incre\u00edbles playas de arena fina, piscinas naturales y aguas transparentes. Adem\u00e1s los habitantes de Maragogi a diferencia de lo que se pueda creer, sienten un gran respeto hacia los turistas, trat\u00e1ndolos con calidez y generosidad. En el centro de la ciudad hay multitud de tiendas artesanales e innumerables locales donde poder probar la deliciosa gastronom\u00eda local en terrazas, ni m\u00e1s ni menos situadas encima de la playa.","og_url":"https:\/\/elkaminante.com.uy\/paquetes\/maragogi-brasil\/","og_site_name":"El Kaminante","article_modified_time":"2026-04-17T12:38:38+00:00","og_image":[{"width":1200,"height":630,"url":"https:\/\/elkaminante.com.uy\/wp-content\/uploads\/2025\/06\/PAQ137.webp","type":"image\/webp"}],"twitter_card":"summary_large_image","schema":{"@context":"https:\/\/schema.org","@graph":[{"@type":"WebPage","@id":"https:\/\/elkaminante.com.uy\/paquetes\/maragogi-brasil\/","url":"https:\/\/elkaminante.com.uy\/paquetes\/maragogi-brasil\/","name":"Maragogi Brasil - El Kaminante","isPartOf":{"@id":"https:\/\/elkaminante.com.uy\/#website"},"primaryImageOfPage":{"@id":"https:\/\/elkaminante.com.uy\/paquetes\/maragogi-brasil\/#primaryimage"},"image":{"@id":"https:\/\/elkaminante.com.uy\/paquetes\/maragogi-brasil\/#primaryimage"},"thumbnailUrl":"https:\/\/elkaminante.com.uy\/wp-content\/uploads\/2025\/06\/PAQ137.webp","datePublished":"2025-06-16T23:02:24+00:00","dateModified":"2026-04-17T12:38:38+00:00","breadcrumb":{"@id":"https:\/\/elkaminante.com.uy\/paquetes\/maragogi-brasil\/#breadcrumb"},"inLanguage":"en-US","potentialAction":[{"@type":"ReadAction","target":["https:\/\/elkaminante.com.uy\/paquetes\/maragogi-brasil\/"]}]},{"@type":"ImageObject","inLanguage":"en-US","@id":"https:\/\/elkaminante.com.uy\/paquetes\/maragogi-brasil\/#primaryimage","url":"https:\/\/elkaminante.com.uy\/wp-content\/uploads\/2025\/06\/PAQ137.webp","contentUrl":"https:\/\/elkaminante.com.uy\/wp-content\/uploads\/2025\/06\/PAQ137.webp","width":1200,"height":630},{"@type":"BreadcrumbList","@id":"https:\/\/elkaminante.com.uy\/paquetes\/maragogi-brasil\/#breadcrumb","itemListElement":[{"@type":"ListItem","position":1,"name":"Inicio","item":"https:\/\/elkaminante.com.uy\/en\/"},{"@type":"ListItem","position":2,"name":"Viajes por el mundo","item":"https:\/\/elkaminante.com.uy\/en\/paquetes\/"},{"@type":"ListItem","position":3,"name":"Maragogi Brasil"}]},{"@type":"WebSite","@id":"https:\/\/elkaminante.com.uy\/#website","url":"https:\/\/elkaminante.com.uy\/","name":"El Kaminante","description":"Viajes &amp; Turismo","publisher":{"@id":"https:\/\/elkaminante.com.uy\/#organization"},"potentialAction":[{"@type":"SearchAction","target":{"@type":"EntryPoint","urlTemplate":"https:\/\/elkaminante.com.uy\/?s={search_term_string}"},"query-input":{"@type":"PropertyValueSpecification","valueRequired":true,"valueName":"search_term_string"}}],"inLanguage":"en-US"},{"@type":"Organization","@id":"https:\/\/elkaminante.com.uy\/#organization","name":"El Kaminante","url":"https:\/\/elkaminante.com.uy\/","logo":{"@type":"ImageObject","inLanguage":"en-US","@id":"https:\/\/elkaminante.com.uy\/#\/schema\/logo\/image\/","url":"https:\/\/elkaminante.com.uy\/wp-content\/uploads\/2025\/02\/logo-elkaminante-blanco.svg","contentUrl":"https:\/\/elkaminante.com.uy\/wp-content\/uploads\/2025\/02\/logo-elkaminante-blanco.svg","caption":"El Kaminante"},"image":{"@id":"https:\/\/elkaminante.com.uy\/#\/schema\/logo\/image\/"}}]}},"_links":{"self":[{"href":"https:\/\/elkaminante.com.uy\/en\/wp-json\/wp\/v2\/product\/9905","targetHints":{"allow":["GET"]}}],"collection":[{"href":"https:\/\/elkaminante.com.uy\/en\/wp-json\/wp\/v2\/product"}],"about":[{"href":"https:\/\/elkaminante.com.uy\/en\/wp-json\/wp\/v2\/types\/product"}],"wp:featuredmedia":[{"embeddable":true,"href":"https:\/\/elkaminante.com.uy\/en\/wp-json\/wp\/v2\/media\/9903"}],"wp:attachment":[{"href":"https:\/\/elkaminante.com.uy\/en\/wp-json\/wp\/v2\/media?parent=9905"}],"wp:term":[{"taxonomy":"product_brand","embeddable":true,"href":"https:\/\/elkaminante.com.uy\/en\/wp-json\/wp\/v2\/product_brand?post=9905"},{"taxonomy":"product_cat","embeddable":true,"href":"https:\/\/elkaminante.com.uy\/en\/wp-json\/wp\/v2\/product_cat?post=9905"},{"taxonomy":"product_tag","embeddable":true,"href":"https:\/\/elkaminante.com.uy\/en\/wp-json\/wp\/v2\/product_tag?post=9905"}],"curies":[{"name":"wp","href":"https:\/\/api.w.org\/{rel}","templated":true}]}}