{"id":9882,"date":"2025-06-16T20:01:48","date_gmt":"2025-06-16T23:01:48","guid":{"rendered":"https:\/\/elkaminante.com.uy\/paquetes\/salta-desde-mvd\/"},"modified":"2026-04-17T09:38:38","modified_gmt":"2026-04-17T12:38:38","slug":"salta-desde-mvd","status":"publish","type":"product","link":"https:\/\/elkaminante.com.uy\/en\/paquetes\/salta-desde-mvd\/","title":{"rendered":"Salta desde MVD"},"content":{"rendered":"","protected":false},"excerpt":{"rendered":"<p><b>Salta<\/b> \u201cla linda\u201d, es tierra de tradici\u00f3n, historia, cultura y paz. Se puede disfrutar de todas las bellezas y bondades que la ciudad tiene para ofrecer. La hospitalidad salte\u00f1a permite al visitante sentirse como en casa. Es una de las m\u00e1s pintorescas ciudades de Argentina. Las antiguas casonas con balcones con flores, las iglesias que datan de m\u00e1s de tres siglos atrapan a los visitantes; la arquitectura caracter\u00edstica regresa el tiempo al pasado colonial para ser protagonista directo de la rica historia salte\u00f1a. <i>Principales atractivos tur\u00edsticos:<\/i> Iglesia de San Francisco, Plaza 9 de Julio, Carro San Bernardo, la Calle Balcarce, el Cabildo \/ Museo, la Catedral, el Mercado Municipal, el Convento de San Bernardo y el Monumento a G\u00fcemes, entre otros.<\/p>\n","protected":false},"featured_media":9880,"template":"","meta":{"_acf_changed":false,"inline_featured_image":false},"product_brand":[],"product_cat":[28,1579],"product_tag":[96,88,36,1272,516,1641,1642,64,2134,1610,2157,879,3741,65,393,91,407,513,512,3337,61,89,2953,1092,2952,93,408,514,119],"class_list":{"0":"post-9882","1":"product","2":"type-product","3":"status-publish","4":"has-post-thumbnail","6":"product_cat-paquetes","7":"product_cat-uruguay","8":"product_tag-alarma-precios-bajos","9":"product_tag-america-del-sur","10":"product_tag-argentina","11":"product_tag-argentina-en-julio","12":"product_tag-argentina-en-salta","13":"product_tag-ciudad","14":"product_tag-cultural","15":"product_tag-desayuno","16":"product_tag-en-argentina","17":"product_tag-en-julio","18":"product_tag-en-salta","19":"product_tag-julio","20":"product_tag-julio-2026alarma-precios-bajos","21":"product_tag-no-aplica","22":"product_tag-otros-destinos","23":"product_tag-paquetes-a-america-del-sur","24":"product_tag-paquetes-a-argentina","25":"product_tag-paquetes-a-salta","26":"product_tag-salta","27":"product_tag-salta-desde-mvd","28":"product_tag-sin-destino","29":"product_tag-sudamerica","30":"product_tag-vacaciones-de-invierno","31":"product_tag-vacaciones-de-julio","32":"product_tag-vacaciones-julio","33":"product_tag-viajes-a-america-del-sur","34":"product_tag-viajes-a-argentina","35":"product_tag-viajes-a-salta","36":"product_tag-vuelo-y-hotel","37":"entry","38":"has-media","40":"first","41":"instock","42":"shipping-taxable","43":"purchasable","44":"product-type-simple"},"acf":[],"yoast_head":"<!-- This site is optimized with the Yoast SEO plugin v27.2 - https:\/\/yoast.com\/product\/yoast-seo-wordpress\/ -->\n<title>Salta desde MVD - El Kaminante<\/title>\n<meta name=\"robots\" content=\"index, follow, max-snippet:-1, max-image-preview:large, max-video-preview:-1\" \/>\n<link rel=\"canonical\" href=\"https:\/\/elkaminante.com.uy\/paquetes\/salta-desde-mvd\/\" \/>\n<meta property=\"og:locale\" content=\"en_US\" \/>\n<meta property=\"og:type\" content=\"article\" \/>\n<meta property=\"og:title\" content=\"Salta desde MVD - El Kaminante\" \/>\n<meta property=\"og:description\" content=\"Salta \u201cla linda\u201d, es tierra de tradici\u00f3n, historia, cultura y paz. Se puede disfrutar de todas las bellezas y bondades que la ciudad tiene para ofrecer. La hospitalidad salte\u00f1a permite al visitante sentirse como en casa. Es una de las m\u00e1s pintorescas ciudades de Argentina. Las antiguas casonas con balcones con flores, las iglesias que datan de m\u00e1s de tres siglos atrapan a los visitantes; la arquitectura caracter\u00edstica regresa el tiempo al pasado colonial para ser protagonista directo de la rica historia salte\u00f1a. Principales atractivos tur\u00edsticos: Iglesia de San Francisco, Plaza 9 de Julio, Carro San Bernardo, la Calle Balcarce, el Cabildo \/ Museo, la Catedral, el Mercado Municipal, el Convento de San Bernardo y el Monumento a G\u00fcemes, entre otros.\" \/>\n<meta property=\"og:url\" content=\"https:\/\/elkaminante.com.uy\/paquetes\/salta-desde-mvd\/\" \/>\n<meta property=\"og:site_name\" content=\"El Kaminante\" \/>\n<meta property=\"article:modified_time\" content=\"2026-04-17T12:38:38+00:00\" \/>\n<meta property=\"og:image\" content=\"https:\/\/elkaminante.com.uy\/wp-content\/uploads\/2025\/06\/PAQ123.webp\" \/>\n\t<meta property=\"og:image:width\" content=\"800\" \/>\n\t<meta property=\"og:image:height\" content=\"457\" \/>\n\t<meta property=\"og:image:type\" content=\"image\/webp\" \/>\n<meta name=\"twitter:card\" content=\"summary_large_image\" \/>\n<script type=\"application\/ld+json\" class=\"yoast-schema-graph\">{\"@context\":\"https:\/\/schema.org\",\"@graph\":[{\"@type\":\"WebPage\",\"@id\":\"https:\/\/elkaminante.com.uy\/paquetes\/salta-desde-mvd\/\",\"url\":\"https:\/\/elkaminante.com.uy\/paquetes\/salta-desde-mvd\/\",\"name\":\"Salta desde MVD - El Kaminante\",\"isPartOf\":{\"@id\":\"https:\/\/elkaminante.com.uy\/#website\"},\"primaryImageOfPage\":{\"@id\":\"https:\/\/elkaminante.com.uy\/paquetes\/salta-desde-mvd\/#primaryimage\"},\"image\":{\"@id\":\"https:\/\/elkaminante.com.uy\/paquetes\/salta-desde-mvd\/#primaryimage\"},\"thumbnailUrl\":\"https:\/\/elkaminante.com.uy\/wp-content\/uploads\/2025\/06\/PAQ123.webp\",\"datePublished\":\"2025-06-16T23:01:48+00:00\",\"dateModified\":\"2026-04-17T12:38:38+00:00\",\"breadcrumb\":{\"@id\":\"https:\/\/elkaminante.com.uy\/paquetes\/salta-desde-mvd\/#breadcrumb\"},\"inLanguage\":\"en-US\",\"potentialAction\":[{\"@type\":\"ReadAction\",\"target\":[\"https:\/\/elkaminante.com.uy\/paquetes\/salta-desde-mvd\/\"]}]},{\"@type\":\"ImageObject\",\"inLanguage\":\"en-US\",\"@id\":\"https:\/\/elkaminante.com.uy\/paquetes\/salta-desde-mvd\/#primaryimage\",\"url\":\"https:\/\/elkaminante.com.uy\/wp-content\/uploads\/2025\/06\/PAQ123.webp\",\"contentUrl\":\"https:\/\/elkaminante.com.uy\/wp-content\/uploads\/2025\/06\/PAQ123.webp\",\"width\":800,\"height\":457},{\"@type\":\"BreadcrumbList\",\"@id\":\"https:\/\/elkaminante.com.uy\/paquetes\/salta-desde-mvd\/#breadcrumb\",\"itemListElement\":[{\"@type\":\"ListItem\",\"position\":1,\"name\":\"Inicio\",\"item\":\"https:\/\/elkaminante.com.uy\/en\/\"},{\"@type\":\"ListItem\",\"position\":2,\"name\":\"Viajes por el mundo\",\"item\":\"https:\/\/elkaminante.com.uy\/en\/paquetes\/\"},{\"@type\":\"ListItem\",\"position\":3,\"name\":\"Salta desde MVD\"}]},{\"@type\":\"WebSite\",\"@id\":\"https:\/\/elkaminante.com.uy\/#website\",\"url\":\"https:\/\/elkaminante.com.uy\/\",\"name\":\"El Kaminante\",\"description\":\"Viajes &amp; Turismo\",\"publisher\":{\"@id\":\"https:\/\/elkaminante.com.uy\/#organization\"},\"potentialAction\":[{\"@type\":\"SearchAction\",\"target\":{\"@type\":\"EntryPoint\",\"urlTemplate\":\"https:\/\/elkaminante.com.uy\/?s={search_term_string}\"},\"query-input\":{\"@type\":\"PropertyValueSpecification\",\"valueRequired\":true,\"valueName\":\"search_term_string\"}}],\"inLanguage\":\"en-US\"},{\"@type\":\"Organization\",\"@id\":\"https:\/\/elkaminante.com.uy\/#organization\",\"name\":\"El Kaminante\",\"url\":\"https:\/\/elkaminante.com.uy\/\",\"logo\":{\"@type\":\"ImageObject\",\"inLanguage\":\"en-US\",\"@id\":\"https:\/\/elkaminante.com.uy\/#\/schema\/logo\/image\/\",\"url\":\"https:\/\/elkaminante.com.uy\/wp-content\/uploads\/2025\/02\/logo-elkaminante-blanco.svg\",\"contentUrl\":\"https:\/\/elkaminante.com.uy\/wp-content\/uploads\/2025\/02\/logo-elkaminante-blanco.svg\",\"caption\":\"El Kaminante\"},\"image\":{\"@id\":\"https:\/\/elkaminante.com.uy\/#\/schema\/logo\/image\/\"}}]}<\/script>\n<!-- \/ Yoast SEO plugin. -->","yoast_head_json":{"title":"Salta desde MVD - El Kaminante","robots":{"index":"index","follow":"follow","max-snippet":"max-snippet:-1","max-image-preview":"max-image-preview:large","max-video-preview":"max-video-preview:-1"},"canonical":"https:\/\/elkaminante.com.uy\/paquetes\/salta-desde-mvd\/","og_locale":"en_US","og_type":"article","og_title":"Salta desde MVD - El Kaminante","og_description":"Salta \u201cla linda\u201d, es tierra de tradici\u00f3n, historia, cultura y paz. Se puede disfrutar de todas las bellezas y bondades que la ciudad tiene para ofrecer. La hospitalidad salte\u00f1a permite al visitante sentirse como en casa. Es una de las m\u00e1s pintorescas ciudades de Argentina. Las antiguas casonas con balcones con flores, las iglesias que datan de m\u00e1s de tres siglos atrapan a los visitantes; la arquitectura caracter\u00edstica regresa el tiempo al pasado colonial para ser protagonista directo de la rica historia salte\u00f1a. Principales atractivos tur\u00edsticos: Iglesia de San Francisco, Plaza 9 de Julio, Carro San Bernardo, la Calle Balcarce, el Cabildo \/ Museo, la Catedral, el Mercado Municipal, el Convento de San Bernardo y el Monumento a G\u00fcemes, entre otros.","og_url":"https:\/\/elkaminante.com.uy\/paquetes\/salta-desde-mvd\/","og_site_name":"El Kaminante","article_modified_time":"2026-04-17T12:38:38+00:00","og_image":[{"width":800,"height":457,"url":"https:\/\/elkaminante.com.uy\/wp-content\/uploads\/2025\/06\/PAQ123.webp","type":"image\/webp"}],"twitter_card":"summary_large_image","schema":{"@context":"https:\/\/schema.org","@graph":[{"@type":"WebPage","@id":"https:\/\/elkaminante.com.uy\/paquetes\/salta-desde-mvd\/","url":"https:\/\/elkaminante.com.uy\/paquetes\/salta-desde-mvd\/","name":"Salta desde MVD - El Kaminante","isPartOf":{"@id":"https:\/\/elkaminante.com.uy\/#website"},"primaryImageOfPage":{"@id":"https:\/\/elkaminante.com.uy\/paquetes\/salta-desde-mvd\/#primaryimage"},"image":{"@id":"https:\/\/elkaminante.com.uy\/paquetes\/salta-desde-mvd\/#primaryimage"},"thumbnailUrl":"https:\/\/elkaminante.com.uy\/wp-content\/uploads\/2025\/06\/PAQ123.webp","datePublished":"2025-06-16T23:01:48+00:00","dateModified":"2026-04-17T12:38:38+00:00","breadcrumb":{"@id":"https:\/\/elkaminante.com.uy\/paquetes\/salta-desde-mvd\/#breadcrumb"},"inLanguage":"en-US","potentialAction":[{"@type":"ReadAction","target":["https:\/\/elkaminante.com.uy\/paquetes\/salta-desde-mvd\/"]}]},{"@type":"ImageObject","inLanguage":"en-US","@id":"https:\/\/elkaminante.com.uy\/paquetes\/salta-desde-mvd\/#primaryimage","url":"https:\/\/elkaminante.com.uy\/wp-content\/uploads\/2025\/06\/PAQ123.webp","contentUrl":"https:\/\/elkaminante.com.uy\/wp-content\/uploads\/2025\/06\/PAQ123.webp","width":800,"height":457},{"@type":"BreadcrumbList","@id":"https:\/\/elkaminante.com.uy\/paquetes\/salta-desde-mvd\/#breadcrumb","itemListElement":[{"@type":"ListItem","position":1,"name":"Inicio","item":"https:\/\/elkaminante.com.uy\/en\/"},{"@type":"ListItem","position":2,"name":"Viajes por el mundo","item":"https:\/\/elkaminante.com.uy\/en\/paquetes\/"},{"@type":"ListItem","position":3,"name":"Salta desde MVD"}]},{"@type":"WebSite","@id":"https:\/\/elkaminante.com.uy\/#website","url":"https:\/\/elkaminante.com.uy\/","name":"El Kaminante","description":"Viajes &amp; Turismo","publisher":{"@id":"https:\/\/elkaminante.com.uy\/#organization"},"potentialAction":[{"@type":"SearchAction","target":{"@type":"EntryPoint","urlTemplate":"https:\/\/elkaminante.com.uy\/?s={search_term_string}"},"query-input":{"@type":"PropertyValueSpecification","valueRequired":true,"valueName":"search_term_string"}}],"inLanguage":"en-US"},{"@type":"Organization","@id":"https:\/\/elkaminante.com.uy\/#organization","name":"El Kaminante","url":"https:\/\/elkaminante.com.uy\/","logo":{"@type":"ImageObject","inLanguage":"en-US","@id":"https:\/\/elkaminante.com.uy\/#\/schema\/logo\/image\/","url":"https:\/\/elkaminante.com.uy\/wp-content\/uploads\/2025\/02\/logo-elkaminante-blanco.svg","contentUrl":"https:\/\/elkaminante.com.uy\/wp-content\/uploads\/2025\/02\/logo-elkaminante-blanco.svg","caption":"El Kaminante"},"image":{"@id":"https:\/\/elkaminante.com.uy\/#\/schema\/logo\/image\/"}}]}},"_links":{"self":[{"href":"https:\/\/elkaminante.com.uy\/en\/wp-json\/wp\/v2\/product\/9882","targetHints":{"allow":["GET"]}}],"collection":[{"href":"https:\/\/elkaminante.com.uy\/en\/wp-json\/wp\/v2\/product"}],"about":[{"href":"https:\/\/elkaminante.com.uy\/en\/wp-json\/wp\/v2\/types\/product"}],"wp:featuredmedia":[{"embeddable":true,"href":"https:\/\/elkaminante.com.uy\/en\/wp-json\/wp\/v2\/media\/9880"}],"wp:attachment":[{"href":"https:\/\/elkaminante.com.uy\/en\/wp-json\/wp\/v2\/media?parent=9882"}],"wp:term":[{"taxonomy":"product_brand","embeddable":true,"href":"https:\/\/elkaminante.com.uy\/en\/wp-json\/wp\/v2\/product_brand?post=9882"},{"taxonomy":"product_cat","embeddable":true,"href":"https:\/\/elkaminante.com.uy\/en\/wp-json\/wp\/v2\/product_cat?post=9882"},{"taxonomy":"product_tag","embeddable":true,"href":"https:\/\/elkaminante.com.uy\/en\/wp-json\/wp\/v2\/product_tag?post=9882"}],"curies":[{"name":"wp","href":"https:\/\/api.w.org\/{rel}","templated":true}]}}