{"id":9873,"date":"2025-06-16T20:01:37","date_gmt":"2025-06-16T23:01:37","guid":{"rendered":"https:\/\/elkaminante.com.uy\/paquetes\/londres-low-cost\/"},"modified":"2026-04-26T16:45:49","modified_gmt":"2026-04-26T19:45:49","slug":"londres-low-cost","status":"publish","type":"product","link":"https:\/\/elkaminante.com.uy\/en\/paquetes\/londres-low-cost\/","title":{"rendered":"Londres Low Cost"},"content":{"rendered":"","protected":false},"excerpt":{"rendered":"<p><b>Londres<\/b> es una ciudad apasionante, con un ambiente \u00fanico, una mezcla entre lo m\u00e1s tradicional de los ingleses y la modernidad de una ciudad a la vanguardia, pero sin olvidar la herencia del imperio brit\u00e1nico, que ha propiciado en esta ciudad una mezcla cultural que te sorprender\u00e1 en cada esquina.Es una de las resaltantes ciudades de Europa, capital de Inglaterra y de Reino Unido; es una ciudad cuya historia data de milenios atr\u00e1s y fue fundada originalmente bajo el nombre de Londinium, guardando hasta la actualidad lo m\u00e1s importante de su cultura y tradiciones medievales. <i>Principales atractivos tur\u00edsticos:<\/i> Big Ben, la Torre de Londres, la Abad\u00eda de Westminster, la Catedral de St. Paul, el Museo Madame Tussaud, el Palacio de Buckingham, el Palacio de Kensington, Piccadilly Circus, el Hyde Park, Borough Market y el barrio Notting Hill entre otros.<\/p>\n","protected":false},"featured_media":9871,"template":"","meta":{"_acf_changed":false,"inline_featured_image":false},"product_brand":[],"product_cat":[28,1579],"product_tag":[2155,1687,2156,124,504,502,3336,65,122,3933,126,507,505,503,511,1757,120,61,3282,128,508,506,119],"class_list":{"0":"post-9873","1":"product","2":"type-product","3":"status-publish","4":"has-post-thumbnail","6":"product_cat-paquetes","7":"product_cat-uruguay","8":"product_tag-en-londres","9":"product_tag-en-noviembre","10":"product_tag-en-reino-unido","11":"product_tag-europa","12":"product_tag-inglaterra","13":"product_tag-londres","14":"product_tag-londres-low-cost","15":"product_tag-no-aplica","16":"product_tag-noviembre","17":"product_tag-noviembre-2026","18":"product_tag-paquetes-a-europa","19":"product_tag-paquetes-a-londres","20":"product_tag-paquetes-a-reino-unido","21":"product_tag-reino-unido","22":"product_tag-reino-unido-en-londres","23":"product_tag-reino-unido-en-noviembre","24":"product_tag-sin-comidas","25":"product_tag-sin-destino","26":"product_tag-temporada-baja","27":"product_tag-viajes-a-europa","28":"product_tag-viajes-a-londres","29":"product_tag-viajes-a-reino-unido","30":"product_tag-vuelo-y-hotel","31":"entry","32":"has-media","34":"first","35":"instock","36":"shipping-taxable","37":"purchasable","38":"product-type-simple"},"acf":[],"yoast_head":"<!-- This site is optimized with the Yoast SEO plugin v27.2 - https:\/\/yoast.com\/product\/yoast-seo-wordpress\/ -->\n<title>Londres Low Cost - El Kaminante<\/title>\n<meta name=\"robots\" content=\"index, follow, max-snippet:-1, max-image-preview:large, max-video-preview:-1\" \/>\n<link rel=\"canonical\" href=\"https:\/\/elkaminante.com.uy\/paquetes\/londres-low-cost\/\" \/>\n<meta property=\"og:locale\" content=\"en_US\" \/>\n<meta property=\"og:type\" content=\"article\" \/>\n<meta property=\"og:title\" content=\"Londres Low Cost - El Kaminante\" \/>\n<meta property=\"og:description\" content=\"Londres es una ciudad apasionante, con un ambiente \u00fanico, una mezcla entre lo m\u00e1s tradicional de los ingleses y la modernidad de una ciudad a la vanguardia, pero sin olvidar la herencia del imperio brit\u00e1nico, que ha propiciado en esta ciudad una mezcla cultural que te sorprender\u00e1 en cada esquina.Es una de las resaltantes ciudades de Europa, capital de Inglaterra y de Reino Unido; es una ciudad cuya historia data de milenios atr\u00e1s y fue fundada originalmente bajo el nombre de Londinium, guardando hasta la actualidad lo m\u00e1s importante de su cultura y tradiciones medievales. Principales atractivos tur\u00edsticos: Big Ben, la Torre de Londres, la Abad\u00eda de Westminster, la Catedral de St. Paul, el Museo Madame Tussaud, el Palacio de Buckingham, el Palacio de Kensington, Piccadilly Circus, el Hyde Park, Borough Market y el barrio Notting Hill entre otros.\" \/>\n<meta property=\"og:url\" content=\"https:\/\/elkaminante.com.uy\/paquetes\/londres-low-cost\/\" \/>\n<meta property=\"og:site_name\" content=\"El Kaminante\" \/>\n<meta property=\"article:modified_time\" content=\"2026-04-26T19:45:49+00:00\" \/>\n<meta property=\"og:image\" content=\"https:\/\/elkaminante.com.uy\/wp-content\/uploads\/2025\/06\/PAQ121.webp\" \/>\n\t<meta property=\"og:image:width\" content=\"800\" \/>\n\t<meta property=\"og:image:height\" content=\"457\" \/>\n\t<meta property=\"og:image:type\" content=\"image\/webp\" \/>\n<meta name=\"twitter:card\" content=\"summary_large_image\" \/>\n<script type=\"application\/ld+json\" class=\"yoast-schema-graph\">{\"@context\":\"https:\/\/schema.org\",\"@graph\":[{\"@type\":\"WebPage\",\"@id\":\"https:\/\/elkaminante.com.uy\/paquetes\/londres-low-cost\/\",\"url\":\"https:\/\/elkaminante.com.uy\/paquetes\/londres-low-cost\/\",\"name\":\"Londres Low Cost - El Kaminante\",\"isPartOf\":{\"@id\":\"https:\/\/elkaminante.com.uy\/#website\"},\"primaryImageOfPage\":{\"@id\":\"https:\/\/elkaminante.com.uy\/paquetes\/londres-low-cost\/#primaryimage\"},\"image\":{\"@id\":\"https:\/\/elkaminante.com.uy\/paquetes\/londres-low-cost\/#primaryimage\"},\"thumbnailUrl\":\"https:\/\/elkaminante.com.uy\/wp-content\/uploads\/2025\/06\/PAQ121.webp\",\"datePublished\":\"2025-06-16T23:01:37+00:00\",\"dateModified\":\"2026-04-26T19:45:49+00:00\",\"breadcrumb\":{\"@id\":\"https:\/\/elkaminante.com.uy\/paquetes\/londres-low-cost\/#breadcrumb\"},\"inLanguage\":\"en-US\",\"potentialAction\":[{\"@type\":\"ReadAction\",\"target\":[\"https:\/\/elkaminante.com.uy\/paquetes\/londres-low-cost\/\"]}]},{\"@type\":\"ImageObject\",\"inLanguage\":\"en-US\",\"@id\":\"https:\/\/elkaminante.com.uy\/paquetes\/londres-low-cost\/#primaryimage\",\"url\":\"https:\/\/elkaminante.com.uy\/wp-content\/uploads\/2025\/06\/PAQ121.webp\",\"contentUrl\":\"https:\/\/elkaminante.com.uy\/wp-content\/uploads\/2025\/06\/PAQ121.webp\",\"width\":800,\"height\":457},{\"@type\":\"BreadcrumbList\",\"@id\":\"https:\/\/elkaminante.com.uy\/paquetes\/londres-low-cost\/#breadcrumb\",\"itemListElement\":[{\"@type\":\"ListItem\",\"position\":1,\"name\":\"Inicio\",\"item\":\"https:\/\/elkaminante.com.uy\/en\/\"},{\"@type\":\"ListItem\",\"position\":2,\"name\":\"Viajes por el mundo\",\"item\":\"https:\/\/elkaminante.com.uy\/en\/paquetes\/\"},{\"@type\":\"ListItem\",\"position\":3,\"name\":\"Londres Low Cost\"}]},{\"@type\":\"WebSite\",\"@id\":\"https:\/\/elkaminante.com.uy\/#website\",\"url\":\"https:\/\/elkaminante.com.uy\/\",\"name\":\"El Kaminante\",\"description\":\"Viajes &amp; Turismo\",\"publisher\":{\"@id\":\"https:\/\/elkaminante.com.uy\/#organization\"},\"potentialAction\":[{\"@type\":\"SearchAction\",\"target\":{\"@type\":\"EntryPoint\",\"urlTemplate\":\"https:\/\/elkaminante.com.uy\/?s={search_term_string}\"},\"query-input\":{\"@type\":\"PropertyValueSpecification\",\"valueRequired\":true,\"valueName\":\"search_term_string\"}}],\"inLanguage\":\"en-US\"},{\"@type\":\"Organization\",\"@id\":\"https:\/\/elkaminante.com.uy\/#organization\",\"name\":\"El Kaminante\",\"url\":\"https:\/\/elkaminante.com.uy\/\",\"logo\":{\"@type\":\"ImageObject\",\"inLanguage\":\"en-US\",\"@id\":\"https:\/\/elkaminante.com.uy\/#\/schema\/logo\/image\/\",\"url\":\"https:\/\/elkaminante.com.uy\/wp-content\/uploads\/2025\/02\/logo-elkaminante-blanco.svg\",\"contentUrl\":\"https:\/\/elkaminante.com.uy\/wp-content\/uploads\/2025\/02\/logo-elkaminante-blanco.svg\",\"caption\":\"El Kaminante\"},\"image\":{\"@id\":\"https:\/\/elkaminante.com.uy\/#\/schema\/logo\/image\/\"}}]}<\/script>\n<!-- \/ Yoast SEO plugin. -->","yoast_head_json":{"title":"Londres Low Cost - El Kaminante","robots":{"index":"index","follow":"follow","max-snippet":"max-snippet:-1","max-image-preview":"max-image-preview:large","max-video-preview":"max-video-preview:-1"},"canonical":"https:\/\/elkaminante.com.uy\/paquetes\/londres-low-cost\/","og_locale":"en_US","og_type":"article","og_title":"Londres Low Cost - El Kaminante","og_description":"Londres es una ciudad apasionante, con un ambiente \u00fanico, una mezcla entre lo m\u00e1s tradicional de los ingleses y la modernidad de una ciudad a la vanguardia, pero sin olvidar la herencia del imperio brit\u00e1nico, que ha propiciado en esta ciudad una mezcla cultural que te sorprender\u00e1 en cada esquina.Es una de las resaltantes ciudades de Europa, capital de Inglaterra y de Reino Unido; es una ciudad cuya historia data de milenios atr\u00e1s y fue fundada originalmente bajo el nombre de Londinium, guardando hasta la actualidad lo m\u00e1s importante de su cultura y tradiciones medievales. Principales atractivos tur\u00edsticos: Big Ben, la Torre de Londres, la Abad\u00eda de Westminster, la Catedral de St. Paul, el Museo Madame Tussaud, el Palacio de Buckingham, el Palacio de Kensington, Piccadilly Circus, el Hyde Park, Borough Market y el barrio Notting Hill entre otros.","og_url":"https:\/\/elkaminante.com.uy\/paquetes\/londres-low-cost\/","og_site_name":"El Kaminante","article_modified_time":"2026-04-26T19:45:49+00:00","og_image":[{"width":800,"height":457,"url":"https:\/\/elkaminante.com.uy\/wp-content\/uploads\/2025\/06\/PAQ121.webp","type":"image\/webp"}],"twitter_card":"summary_large_image","schema":{"@context":"https:\/\/schema.org","@graph":[{"@type":"WebPage","@id":"https:\/\/elkaminante.com.uy\/paquetes\/londres-low-cost\/","url":"https:\/\/elkaminante.com.uy\/paquetes\/londres-low-cost\/","name":"Londres Low Cost - El Kaminante","isPartOf":{"@id":"https:\/\/elkaminante.com.uy\/#website"},"primaryImageOfPage":{"@id":"https:\/\/elkaminante.com.uy\/paquetes\/londres-low-cost\/#primaryimage"},"image":{"@id":"https:\/\/elkaminante.com.uy\/paquetes\/londres-low-cost\/#primaryimage"},"thumbnailUrl":"https:\/\/elkaminante.com.uy\/wp-content\/uploads\/2025\/06\/PAQ121.webp","datePublished":"2025-06-16T23:01:37+00:00","dateModified":"2026-04-26T19:45:49+00:00","breadcrumb":{"@id":"https:\/\/elkaminante.com.uy\/paquetes\/londres-low-cost\/#breadcrumb"},"inLanguage":"en-US","potentialAction":[{"@type":"ReadAction","target":["https:\/\/elkaminante.com.uy\/paquetes\/londres-low-cost\/"]}]},{"@type":"ImageObject","inLanguage":"en-US","@id":"https:\/\/elkaminante.com.uy\/paquetes\/londres-low-cost\/#primaryimage","url":"https:\/\/elkaminante.com.uy\/wp-content\/uploads\/2025\/06\/PAQ121.webp","contentUrl":"https:\/\/elkaminante.com.uy\/wp-content\/uploads\/2025\/06\/PAQ121.webp","width":800,"height":457},{"@type":"BreadcrumbList","@id":"https:\/\/elkaminante.com.uy\/paquetes\/londres-low-cost\/#breadcrumb","itemListElement":[{"@type":"ListItem","position":1,"name":"Inicio","item":"https:\/\/elkaminante.com.uy\/en\/"},{"@type":"ListItem","position":2,"name":"Viajes por el mundo","item":"https:\/\/elkaminante.com.uy\/en\/paquetes\/"},{"@type":"ListItem","position":3,"name":"Londres Low Cost"}]},{"@type":"WebSite","@id":"https:\/\/elkaminante.com.uy\/#website","url":"https:\/\/elkaminante.com.uy\/","name":"El Kaminante","description":"Viajes &amp; Turismo","publisher":{"@id":"https:\/\/elkaminante.com.uy\/#organization"},"potentialAction":[{"@type":"SearchAction","target":{"@type":"EntryPoint","urlTemplate":"https:\/\/elkaminante.com.uy\/?s={search_term_string}"},"query-input":{"@type":"PropertyValueSpecification","valueRequired":true,"valueName":"search_term_string"}}],"inLanguage":"en-US"},{"@type":"Organization","@id":"https:\/\/elkaminante.com.uy\/#organization","name":"El Kaminante","url":"https:\/\/elkaminante.com.uy\/","logo":{"@type":"ImageObject","inLanguage":"en-US","@id":"https:\/\/elkaminante.com.uy\/#\/schema\/logo\/image\/","url":"https:\/\/elkaminante.com.uy\/wp-content\/uploads\/2025\/02\/logo-elkaminante-blanco.svg","contentUrl":"https:\/\/elkaminante.com.uy\/wp-content\/uploads\/2025\/02\/logo-elkaminante-blanco.svg","caption":"El Kaminante"},"image":{"@id":"https:\/\/elkaminante.com.uy\/#\/schema\/logo\/image\/"}}]}},"_links":{"self":[{"href":"https:\/\/elkaminante.com.uy\/en\/wp-json\/wp\/v2\/product\/9873","targetHints":{"allow":["GET"]}}],"collection":[{"href":"https:\/\/elkaminante.com.uy\/en\/wp-json\/wp\/v2\/product"}],"about":[{"href":"https:\/\/elkaminante.com.uy\/en\/wp-json\/wp\/v2\/types\/product"}],"wp:featuredmedia":[{"embeddable":true,"href":"https:\/\/elkaminante.com.uy\/en\/wp-json\/wp\/v2\/media\/9871"}],"wp:attachment":[{"href":"https:\/\/elkaminante.com.uy\/en\/wp-json\/wp\/v2\/media?parent=9873"}],"wp:term":[{"taxonomy":"product_brand","embeddable":true,"href":"https:\/\/elkaminante.com.uy\/en\/wp-json\/wp\/v2\/product_brand?post=9873"},{"taxonomy":"product_cat","embeddable":true,"href":"https:\/\/elkaminante.com.uy\/en\/wp-json\/wp\/v2\/product_cat?post=9873"},{"taxonomy":"product_tag","embeddable":true,"href":"https:\/\/elkaminante.com.uy\/en\/wp-json\/wp\/v2\/product_tag?post=9873"}],"curies":[{"name":"wp","href":"https:\/\/api.w.org\/{rel}","templated":true}]}}