{"id":9866,"date":"2025-06-16T20:01:25","date_gmt":"2025-06-16T23:01:25","guid":{"rendered":"https:\/\/elkaminante.com.uy\/paquetes\/el-calafate-buenos-aires\/"},"modified":"2026-04-17T09:38:35","modified_gmt":"2026-04-17T12:38:35","slug":"el-calafate-buenos-aires","status":"publish","type":"product","link":"https:\/\/elkaminante.com.uy\/en\/paquetes\/el-calafate-buenos-aires\/","title":{"rendered":"El Calafate &#038; Buenos Aires"},"content":{"rendered":"","protected":false},"excerpt":{"rendered":"<p>La localidad de <b>El Calafate<\/b> se encuentra ubicada sobre la margen sur del Lago Argentino, y es \u00fanico punto de acceso al Glaciar Perito Moreno, declarado Patrimonio de la Humanidad. \u00c9sta ciudad comparte con la ciudad del El Chalt\u00e9n el Parque Nacional los Glaciares el cual resguarda glaciares reconocidos internacionalmente y al mismo tiempo ofrece la mayor diversidad de actividades en Santa Cruz. All\u00ed se podr\u00e1 practicar desde trekking sobre el glaciar, navegaciones, visitas a pasarelas, hasta actividades de aventura en 4&#215;4 y cabalgatas. En la ciudad se encuentran museos, bares de hielo, chocolater\u00edas. Aqu\u00ed la gastronom\u00eda tradicional tiene un importante desarrollo y el elemento emblem\u00e1tico es el cordero patag\u00f3nico, un plato que no pueden dejar de degustar.<\/p>\n<p><b>Buenos Aires<\/b>, capital de la Rep\u00fablica Argentina, destaca por su belleza de car\u00e1cter cosmopolita y su arte. Se encuentra dentro de las 20 mayores ciudades del mundo y es considerada la segunda \u00e1rea urbana m\u00e1s grande de Am\u00e9rica del Sur. Ofrece un viaje hacia al pasado a trav\u00e9s de las huellas de la sociedad europea en su arquitectura, arte y cultural, que se remonta a los inicios de su historia. Destaca en su gastronom\u00eda las carnes vacunas, las pizzas y las empanadas; contando con una enorme variedad de bares, bodegones y restaurantes para visitar. <i>Principales atractivos tur\u00edsticos:<\/i> La Plaza de Mayo, La Casa Rosada, el barrio La Boca, la calle Corrientes con sus teatros, el Obelisco, el Teatro Col\u00f3n, Puerto Madero, el Cementerio de la Recoleta y el barrio Palermo entre otros.<\/p>\n","protected":false},"featured_media":9864,"template":"","meta":{"_acf_changed":false,"inline_featured_image":false},"product_brand":[],"product_cat":[28,1579],"product_tag":[96,88,36,501,672,406,405,1641,1642,64,497,3335,2134,2154,2074,65,393,91,407,411,498,667,666,3842,61,89,2541,2542,665,2543,93,408,412,499,119],"class_list":{"0":"post-9866","1":"product","2":"type-product","3":"status-publish","4":"has-post-thumbnail","6":"product_cat-paquetes","7":"product_cat-uruguay","8":"product_tag-alarma-precios-bajos","9":"product_tag-america-del-sur","10":"product_tag-argentina","11":"product_tag-argentina-en-el-calafate","12":"product_tag-argentina-en-setiembre","13":"product_tag-barco","14":"product_tag-buenos-aires","15":"product_tag-ciudad","16":"product_tag-cultural","17":"product_tag-desayuno","18":"product_tag-el-calafate","19":"product_tag-el-calafate-buenos-aires","20":"product_tag-en-argentina","21":"product_tag-en-el-calafate","22":"product_tag-en-setiembre","23":"product_tag-no-aplica","24":"product_tag-otros-destinos","25":"product_tag-paquetes-a-america-del-sur","26":"product_tag-paquetes-a-argentina","27":"product_tag-paquetes-a-buenos-aires","28":"product_tag-paquetes-a-el-calafate","29":"product_tag-septiembre","30":"product_tag-setiembre","31":"product_tag-setiembre-2026alarma-precios-bajos","32":"product_tag-sin-destino","33":"product_tag-sudamerica","34":"product_tag-vacaciones-de-primavera","35":"product_tag-vacaciones-de-septiembre","36":"product_tag-vacaciones-de-setiembre","37":"product_tag-vacaciones-primavera","38":"product_tag-viajes-a-america-del-sur","39":"product_tag-viajes-a-argentina","40":"product_tag-viajes-a-buenos-aires","41":"product_tag-viajes-a-el-calafate","42":"product_tag-vuelo-y-hotel","43":"entry","44":"has-media","46":"first","47":"instock","48":"shipping-taxable","49":"purchasable","50":"product-type-simple"},"acf":[],"yoast_head":"<!-- This site is optimized with the Yoast SEO plugin v27.2 - https:\/\/yoast.com\/product\/yoast-seo-wordpress\/ -->\n<title>El Calafate &amp; Buenos Aires - El Kaminante<\/title>\n<meta name=\"robots\" content=\"index, follow, max-snippet:-1, max-image-preview:large, max-video-preview:-1\" \/>\n<link rel=\"canonical\" href=\"https:\/\/elkaminante.com.uy\/paquetes\/el-calafate-buenos-aires\/\" \/>\n<meta property=\"og:locale\" content=\"en_US\" \/>\n<meta property=\"og:type\" content=\"article\" \/>\n<meta property=\"og:title\" content=\"El Calafate &amp; Buenos Aires - El Kaminante\" \/>\n<meta property=\"og:description\" content=\"La localidad de El Calafate se encuentra ubicada sobre la margen sur del Lago Argentino, y es \u00fanico punto de acceso al Glaciar Perito Moreno, declarado Patrimonio de la Humanidad. \u00c9sta ciudad comparte con la ciudad del El Chalt\u00e9n el Parque Nacional los Glaciares el cual resguarda glaciares reconocidos internacionalmente y al mismo tiempo ofrece la mayor diversidad de actividades en Santa Cruz. All\u00ed se podr\u00e1 practicar desde trekking sobre el glaciar, navegaciones, visitas a pasarelas, hasta actividades de aventura en 4x4 y cabalgatas. En la ciudad se encuentran museos, bares de hielo, chocolater\u00edas. Aqu\u00ed la gastronom\u00eda tradicional tiene un importante desarrollo y el elemento emblem\u00e1tico es el cordero patag\u00f3nico, un plato que no pueden dejar de degustar.Buenos Aires, capital de la Rep\u00fablica Argentina, destaca por su belleza de car\u00e1cter cosmopolita y su arte. Se encuentra dentro de las 20 mayores ciudades del mundo y es considerada la segunda \u00e1rea urbana m\u00e1s grande de Am\u00e9rica del Sur. Ofrece un viaje hacia al pasado a trav\u00e9s de las huellas de la sociedad europea en su arquitectura, arte y cultural, que se remonta a los inicios de su historia. Destaca en su gastronom\u00eda las carnes vacunas, las pizzas y las empanadas; contando con una enorme variedad de bares, bodegones y restaurantes para visitar. Principales atractivos tur\u00edsticos: La Plaza de Mayo, La Casa Rosada, el barrio La Boca, la calle Corrientes con sus teatros, el Obelisco, el Teatro Col\u00f3n, Puerto Madero, el Cementerio de la Recoleta y el barrio Palermo entre otros.\" \/>\n<meta property=\"og:url\" content=\"https:\/\/elkaminante.com.uy\/paquetes\/el-calafate-buenos-aires\/\" \/>\n<meta property=\"og:site_name\" content=\"El Kaminante\" \/>\n<meta property=\"article:modified_time\" content=\"2026-04-17T12:38:35+00:00\" \/>\n<meta property=\"og:image\" content=\"https:\/\/elkaminante.com.uy\/wp-content\/uploads\/2025\/06\/PAQ117.webp\" \/>\n\t<meta property=\"og:image:width\" content=\"800\" \/>\n\t<meta property=\"og:image:height\" content=\"457\" \/>\n\t<meta property=\"og:image:type\" content=\"image\/webp\" \/>\n<meta name=\"twitter:card\" content=\"summary_large_image\" \/>\n<script type=\"application\/ld+json\" class=\"yoast-schema-graph\">{\"@context\":\"https:\/\/schema.org\",\"@graph\":[{\"@type\":\"WebPage\",\"@id\":\"https:\/\/elkaminante.com.uy\/paquetes\/el-calafate-buenos-aires\/\",\"url\":\"https:\/\/elkaminante.com.uy\/paquetes\/el-calafate-buenos-aires\/\",\"name\":\"El Calafate & Buenos Aires - El Kaminante\",\"isPartOf\":{\"@id\":\"https:\/\/elkaminante.com.uy\/#website\"},\"primaryImageOfPage\":{\"@id\":\"https:\/\/elkaminante.com.uy\/paquetes\/el-calafate-buenos-aires\/#primaryimage\"},\"image\":{\"@id\":\"https:\/\/elkaminante.com.uy\/paquetes\/el-calafate-buenos-aires\/#primaryimage\"},\"thumbnailUrl\":\"https:\/\/elkaminante.com.uy\/wp-content\/uploads\/2025\/06\/PAQ117.webp\",\"datePublished\":\"2025-06-16T23:01:25+00:00\",\"dateModified\":\"2026-04-17T12:38:35+00:00\",\"breadcrumb\":{\"@id\":\"https:\/\/elkaminante.com.uy\/paquetes\/el-calafate-buenos-aires\/#breadcrumb\"},\"inLanguage\":\"en-US\",\"potentialAction\":[{\"@type\":\"ReadAction\",\"target\":[\"https:\/\/elkaminante.com.uy\/paquetes\/el-calafate-buenos-aires\/\"]}]},{\"@type\":\"ImageObject\",\"inLanguage\":\"en-US\",\"@id\":\"https:\/\/elkaminante.com.uy\/paquetes\/el-calafate-buenos-aires\/#primaryimage\",\"url\":\"https:\/\/elkaminante.com.uy\/wp-content\/uploads\/2025\/06\/PAQ117.webp\",\"contentUrl\":\"https:\/\/elkaminante.com.uy\/wp-content\/uploads\/2025\/06\/PAQ117.webp\",\"width\":800,\"height\":457},{\"@type\":\"BreadcrumbList\",\"@id\":\"https:\/\/elkaminante.com.uy\/paquetes\/el-calafate-buenos-aires\/#breadcrumb\",\"itemListElement\":[{\"@type\":\"ListItem\",\"position\":1,\"name\":\"Inicio\",\"item\":\"https:\/\/elkaminante.com.uy\/en\/\"},{\"@type\":\"ListItem\",\"position\":2,\"name\":\"Viajes por el mundo\",\"item\":\"https:\/\/elkaminante.com.uy\/en\/paquetes\/\"},{\"@type\":\"ListItem\",\"position\":3,\"name\":\"El Calafate &#038; Buenos Aires\"}]},{\"@type\":\"WebSite\",\"@id\":\"https:\/\/elkaminante.com.uy\/#website\",\"url\":\"https:\/\/elkaminante.com.uy\/\",\"name\":\"El Kaminante\",\"description\":\"Viajes &amp; Turismo\",\"publisher\":{\"@id\":\"https:\/\/elkaminante.com.uy\/#organization\"},\"potentialAction\":[{\"@type\":\"SearchAction\",\"target\":{\"@type\":\"EntryPoint\",\"urlTemplate\":\"https:\/\/elkaminante.com.uy\/?s={search_term_string}\"},\"query-input\":{\"@type\":\"PropertyValueSpecification\",\"valueRequired\":true,\"valueName\":\"search_term_string\"}}],\"inLanguage\":\"en-US\"},{\"@type\":\"Organization\",\"@id\":\"https:\/\/elkaminante.com.uy\/#organization\",\"name\":\"El Kaminante\",\"url\":\"https:\/\/elkaminante.com.uy\/\",\"logo\":{\"@type\":\"ImageObject\",\"inLanguage\":\"en-US\",\"@id\":\"https:\/\/elkaminante.com.uy\/#\/schema\/logo\/image\/\",\"url\":\"https:\/\/elkaminante.com.uy\/wp-content\/uploads\/2025\/02\/logo-elkaminante-blanco.svg\",\"contentUrl\":\"https:\/\/elkaminante.com.uy\/wp-content\/uploads\/2025\/02\/logo-elkaminante-blanco.svg\",\"caption\":\"El Kaminante\"},\"image\":{\"@id\":\"https:\/\/elkaminante.com.uy\/#\/schema\/logo\/image\/\"}}]}<\/script>\n<!-- \/ Yoast SEO plugin. -->","yoast_head_json":{"title":"El Calafate & Buenos Aires - El Kaminante","robots":{"index":"index","follow":"follow","max-snippet":"max-snippet:-1","max-image-preview":"max-image-preview:large","max-video-preview":"max-video-preview:-1"},"canonical":"https:\/\/elkaminante.com.uy\/paquetes\/el-calafate-buenos-aires\/","og_locale":"en_US","og_type":"article","og_title":"El Calafate & Buenos Aires - El Kaminante","og_description":"La localidad de El Calafate se encuentra ubicada sobre la margen sur del Lago Argentino, y es \u00fanico punto de acceso al Glaciar Perito Moreno, declarado Patrimonio de la Humanidad. \u00c9sta ciudad comparte con la ciudad del El Chalt\u00e9n el Parque Nacional los Glaciares el cual resguarda glaciares reconocidos internacionalmente y al mismo tiempo ofrece la mayor diversidad de actividades en Santa Cruz. All\u00ed se podr\u00e1 practicar desde trekking sobre el glaciar, navegaciones, visitas a pasarelas, hasta actividades de aventura en 4x4 y cabalgatas. En la ciudad se encuentran museos, bares de hielo, chocolater\u00edas. Aqu\u00ed la gastronom\u00eda tradicional tiene un importante desarrollo y el elemento emblem\u00e1tico es el cordero patag\u00f3nico, un plato que no pueden dejar de degustar.Buenos Aires, capital de la Rep\u00fablica Argentina, destaca por su belleza de car\u00e1cter cosmopolita y su arte. Se encuentra dentro de las 20 mayores ciudades del mundo y es considerada la segunda \u00e1rea urbana m\u00e1s grande de Am\u00e9rica del Sur. Ofrece un viaje hacia al pasado a trav\u00e9s de las huellas de la sociedad europea en su arquitectura, arte y cultural, que se remonta a los inicios de su historia. Destaca en su gastronom\u00eda las carnes vacunas, las pizzas y las empanadas; contando con una enorme variedad de bares, bodegones y restaurantes para visitar. Principales atractivos tur\u00edsticos: La Plaza de Mayo, La Casa Rosada, el barrio La Boca, la calle Corrientes con sus teatros, el Obelisco, el Teatro Col\u00f3n, Puerto Madero, el Cementerio de la Recoleta y el barrio Palermo entre otros.","og_url":"https:\/\/elkaminante.com.uy\/paquetes\/el-calafate-buenos-aires\/","og_site_name":"El Kaminante","article_modified_time":"2026-04-17T12:38:35+00:00","og_image":[{"width":800,"height":457,"url":"https:\/\/elkaminante.com.uy\/wp-content\/uploads\/2025\/06\/PAQ117.webp","type":"image\/webp"}],"twitter_card":"summary_large_image","schema":{"@context":"https:\/\/schema.org","@graph":[{"@type":"WebPage","@id":"https:\/\/elkaminante.com.uy\/paquetes\/el-calafate-buenos-aires\/","url":"https:\/\/elkaminante.com.uy\/paquetes\/el-calafate-buenos-aires\/","name":"El Calafate & Buenos Aires - El Kaminante","isPartOf":{"@id":"https:\/\/elkaminante.com.uy\/#website"},"primaryImageOfPage":{"@id":"https:\/\/elkaminante.com.uy\/paquetes\/el-calafate-buenos-aires\/#primaryimage"},"image":{"@id":"https:\/\/elkaminante.com.uy\/paquetes\/el-calafate-buenos-aires\/#primaryimage"},"thumbnailUrl":"https:\/\/elkaminante.com.uy\/wp-content\/uploads\/2025\/06\/PAQ117.webp","datePublished":"2025-06-16T23:01:25+00:00","dateModified":"2026-04-17T12:38:35+00:00","breadcrumb":{"@id":"https:\/\/elkaminante.com.uy\/paquetes\/el-calafate-buenos-aires\/#breadcrumb"},"inLanguage":"en-US","potentialAction":[{"@type":"ReadAction","target":["https:\/\/elkaminante.com.uy\/paquetes\/el-calafate-buenos-aires\/"]}]},{"@type":"ImageObject","inLanguage":"en-US","@id":"https:\/\/elkaminante.com.uy\/paquetes\/el-calafate-buenos-aires\/#primaryimage","url":"https:\/\/elkaminante.com.uy\/wp-content\/uploads\/2025\/06\/PAQ117.webp","contentUrl":"https:\/\/elkaminante.com.uy\/wp-content\/uploads\/2025\/06\/PAQ117.webp","width":800,"height":457},{"@type":"BreadcrumbList","@id":"https:\/\/elkaminante.com.uy\/paquetes\/el-calafate-buenos-aires\/#breadcrumb","itemListElement":[{"@type":"ListItem","position":1,"name":"Inicio","item":"https:\/\/elkaminante.com.uy\/en\/"},{"@type":"ListItem","position":2,"name":"Viajes por el mundo","item":"https:\/\/elkaminante.com.uy\/en\/paquetes\/"},{"@type":"ListItem","position":3,"name":"El Calafate &#038; Buenos Aires"}]},{"@type":"WebSite","@id":"https:\/\/elkaminante.com.uy\/#website","url":"https:\/\/elkaminante.com.uy\/","name":"El Kaminante","description":"Viajes &amp; Turismo","publisher":{"@id":"https:\/\/elkaminante.com.uy\/#organization"},"potentialAction":[{"@type":"SearchAction","target":{"@type":"EntryPoint","urlTemplate":"https:\/\/elkaminante.com.uy\/?s={search_term_string}"},"query-input":{"@type":"PropertyValueSpecification","valueRequired":true,"valueName":"search_term_string"}}],"inLanguage":"en-US"},{"@type":"Organization","@id":"https:\/\/elkaminante.com.uy\/#organization","name":"El Kaminante","url":"https:\/\/elkaminante.com.uy\/","logo":{"@type":"ImageObject","inLanguage":"en-US","@id":"https:\/\/elkaminante.com.uy\/#\/schema\/logo\/image\/","url":"https:\/\/elkaminante.com.uy\/wp-content\/uploads\/2025\/02\/logo-elkaminante-blanco.svg","contentUrl":"https:\/\/elkaminante.com.uy\/wp-content\/uploads\/2025\/02\/logo-elkaminante-blanco.svg","caption":"El Kaminante"},"image":{"@id":"https:\/\/elkaminante.com.uy\/#\/schema\/logo\/image\/"}}]}},"_links":{"self":[{"href":"https:\/\/elkaminante.com.uy\/en\/wp-json\/wp\/v2\/product\/9866","targetHints":{"allow":["GET"]}}],"collection":[{"href":"https:\/\/elkaminante.com.uy\/en\/wp-json\/wp\/v2\/product"}],"about":[{"href":"https:\/\/elkaminante.com.uy\/en\/wp-json\/wp\/v2\/types\/product"}],"wp:featuredmedia":[{"embeddable":true,"href":"https:\/\/elkaminante.com.uy\/en\/wp-json\/wp\/v2\/media\/9864"}],"wp:attachment":[{"href":"https:\/\/elkaminante.com.uy\/en\/wp-json\/wp\/v2\/media?parent=9866"}],"wp:term":[{"taxonomy":"product_brand","embeddable":true,"href":"https:\/\/elkaminante.com.uy\/en\/wp-json\/wp\/v2\/product_brand?post=9866"},{"taxonomy":"product_cat","embeddable":true,"href":"https:\/\/elkaminante.com.uy\/en\/wp-json\/wp\/v2\/product_cat?post=9866"},{"taxonomy":"product_tag","embeddable":true,"href":"https:\/\/elkaminante.com.uy\/en\/wp-json\/wp\/v2\/product_tag?post=9866"}],"curies":[{"name":"wp","href":"https:\/\/api.w.org\/{rel}","templated":true}]}}