{"id":9849,"date":"2025-06-16T20:00:59","date_gmt":"2025-06-16T23:00:59","guid":{"rendered":"https:\/\/elkaminante.com.uy\/paquetes\/ushuaia-buenos-aires\/"},"modified":"2026-04-17T09:38:35","modified_gmt":"2026-04-17T12:38:35","slug":"ushuaia-buenos-aires","status":"publish","type":"product","link":"https:\/\/elkaminante.com.uy\/en\/paquetes\/ushuaia-buenos-aires\/","title":{"rendered":"Ushuaia &#038; Buenos Aires"},"content":{"rendered":"","protected":false},"excerpt":{"rendered":"<p><b>Ushuaia<\/b> se encuentra al final de la Patagonia austral, es el extremo sur de la Argentina, el fin del mundo o como la llaman algunos: el principio de todo. Est\u00e1 rodeada por el mar y por la cordillera; desde donde te pares pod\u00e9s llegar a ver alguno de los dos y sorprenderte con los colores y la inmensidad de la naturaleza presente en la ciudad. Como capital de la Provincia de Tierra del Fuego, Ant\u00e1rtida e Islas del Atl\u00e1ntico Sur, Ushuaia es algo m\u00e1s que sus paisajes de valles glaciarios, turberas y bosques milenarios. La ciudad ofrece recorridos urbanos y lugares para disfrutar de la cultura, la gastronom\u00eda y as\u00ed adentrarse en la historia de este m\u00edtico rinc\u00f3n del mundo. <i>Principales atractivos tur\u00edsticos:<\/i>la costanera, la Reserva Natural Urbana Bah\u00eda Encerrada, el Saint Christopher, el Memorial de las Islas Malvinas, el Paseo de las Rosas, el Paseo Pioneros Ant\u00e1rticos y el Parque Nacional Tierra del Fuego, entre otros.<\/p>\n<p><b>Buenos Aires<\/b>, capital de la Rep\u00fablica Argentina, destaca por su belleza de car\u00e1cter cosmopolita y su arte. Se encuentra dentro de las 20 mayores ciudades del mundo y es considerada la segunda \u00e1rea urbana m\u00e1s grande de Am\u00e9rica del Sur. Ofrece un viaje hacia al pasado a trav\u00e9s de las huellas de la sociedad europea en su arquitectura, arte y cultural, que se remonta a los inicios de su historia. Destaca en su gastronom\u00eda las carnes vacunas, las pizzas y las empanadas; contando con una enorme variedad de bares, bodegones y restaurantes para visitar. <i>Principales atractivos tur\u00edsticos:<\/i> La Plaza de Mayo, La Casa Rosada, el barrio La Boca, la calle Corrientes con sus teatros, el Obelisco, el Teatro Col\u00f3n, Puerto Madero, el Cementerio de la Recoleta y el barrio Palermo entre otros.<\/p>\n","protected":false},"featured_media":9847,"template":"","meta":{"_acf_changed":false,"inline_featured_image":false},"product_brand":[],"product_cat":[28,1579],"product_tag":[88,36,672,479,406,405,1641,1642,64,2134,2074,2151,65,393,91,407,411,476,667,666,3854,61,89,475,3332,2541,2542,665,2543,93,408,412,477,119],"class_list":{"0":"post-9849","1":"product","2":"type-product","3":"status-publish","4":"has-post-thumbnail","6":"product_cat-paquetes","7":"product_cat-uruguay","8":"product_tag-america-del-sur","9":"product_tag-argentina","10":"product_tag-argentina-en-setiembre","11":"product_tag-argentina-en-ushuaia","12":"product_tag-barco","13":"product_tag-buenos-aires","14":"product_tag-ciudad","15":"product_tag-cultural","16":"product_tag-desayuno","17":"product_tag-en-argentina","18":"product_tag-en-setiembre","19":"product_tag-en-ushuaia","20":"product_tag-no-aplica","21":"product_tag-otros-destinos","22":"product_tag-paquetes-a-america-del-sur","23":"product_tag-paquetes-a-argentina","24":"product_tag-paquetes-a-buenos-aires","25":"product_tag-paquetes-a-ushuaia","26":"product_tag-septiembre","27":"product_tag-setiembre","28":"product_tag-setiembre-2026","29":"product_tag-sin-destino","30":"product_tag-sudamerica","31":"product_tag-ushuaia","32":"product_tag-ushuaia-buenos-aires","33":"product_tag-vacaciones-de-primavera","34":"product_tag-vacaciones-de-septiembre","35":"product_tag-vacaciones-de-setiembre","36":"product_tag-vacaciones-primavera","37":"product_tag-viajes-a-america-del-sur","38":"product_tag-viajes-a-argentina","39":"product_tag-viajes-a-buenos-aires","40":"product_tag-viajes-a-ushuaia","41":"product_tag-vuelo-y-hotel","42":"entry","43":"has-media","45":"first","46":"instock","47":"shipping-taxable","48":"purchasable","49":"product-type-simple"},"acf":[],"yoast_head":"<!-- This site is optimized with the Yoast SEO plugin v27.2 - https:\/\/yoast.com\/product\/yoast-seo-wordpress\/ -->\n<title>Ushuaia &amp; Buenos Aires - El Kaminante<\/title>\n<meta name=\"robots\" content=\"index, follow, max-snippet:-1, max-image-preview:large, max-video-preview:-1\" \/>\n<link rel=\"canonical\" href=\"https:\/\/elkaminante.com.uy\/paquetes\/ushuaia-buenos-aires\/\" \/>\n<meta property=\"og:locale\" content=\"en_US\" \/>\n<meta property=\"og:type\" content=\"article\" \/>\n<meta property=\"og:title\" content=\"Ushuaia &amp; Buenos Aires - El Kaminante\" \/>\n<meta property=\"og:description\" content=\"Ushuaia se encuentra al final de la Patagonia austral, es el extremo sur de la Argentina, el fin del mundo o como la llaman algunos: el principio de todo. Est\u00e1 rodeada por el mar y por la cordillera; desde donde te pares pod\u00e9s llegar a ver alguno de los dos y sorprenderte con los colores y la inmensidad de la naturaleza presente en la ciudad. Como capital de la Provincia de Tierra del Fuego, Ant\u00e1rtida e Islas del Atl\u00e1ntico Sur, Ushuaia es algo m\u00e1s que sus paisajes de valles glaciarios, turberas y bosques milenarios. La ciudad ofrece recorridos urbanos y lugares para disfrutar de la cultura, la gastronom\u00eda y as\u00ed adentrarse en la historia de este m\u00edtico rinc\u00f3n del mundo. Principales atractivos tur\u00edsticos:la costanera, la Reserva Natural Urbana Bah\u00eda Encerrada, el Saint Christopher, el Memorial de las Islas Malvinas, el Paseo de las Rosas, el Paseo Pioneros Ant\u00e1rticos y el Parque Nacional Tierra del Fuego, entre otros.Buenos Aires, capital de la Rep\u00fablica Argentina, destaca por su belleza de car\u00e1cter cosmopolita y su arte. Se encuentra dentro de las 20 mayores ciudades del mundo y es considerada la segunda \u00e1rea urbana m\u00e1s grande de Am\u00e9rica del Sur. Ofrece un viaje hacia al pasado a trav\u00e9s de las huellas de la sociedad europea en su arquitectura, arte y cultural, que se remonta a los inicios de su historia. Destaca en su gastronom\u00eda las carnes vacunas, las pizzas y las empanadas; contando con una enorme variedad de bares, bodegones y restaurantes para visitar. Principales atractivos tur\u00edsticos: La Plaza de Mayo, La Casa Rosada, el barrio La Boca, la calle Corrientes con sus teatros, el Obelisco, el Teatro Col\u00f3n, Puerto Madero, el Cementerio de la Recoleta y el barrio Palermo entre otros.\" \/>\n<meta property=\"og:url\" content=\"https:\/\/elkaminante.com.uy\/paquetes\/ushuaia-buenos-aires\/\" \/>\n<meta property=\"og:site_name\" content=\"El Kaminante\" \/>\n<meta property=\"article:modified_time\" content=\"2026-04-17T12:38:35+00:00\" \/>\n<meta property=\"og:image\" content=\"https:\/\/elkaminante.com.uy\/wp-content\/uploads\/2025\/06\/PAQ110.webp\" \/>\n\t<meta property=\"og:image:width\" content=\"800\" \/>\n\t<meta property=\"og:image:height\" content=\"457\" \/>\n\t<meta property=\"og:image:type\" content=\"image\/webp\" \/>\n<meta name=\"twitter:card\" content=\"summary_large_image\" \/>\n<script type=\"application\/ld+json\" class=\"yoast-schema-graph\">{\"@context\":\"https:\/\/schema.org\",\"@graph\":[{\"@type\":\"WebPage\",\"@id\":\"https:\/\/elkaminante.com.uy\/paquetes\/ushuaia-buenos-aires\/\",\"url\":\"https:\/\/elkaminante.com.uy\/paquetes\/ushuaia-buenos-aires\/\",\"name\":\"Ushuaia & Buenos Aires - El Kaminante\",\"isPartOf\":{\"@id\":\"https:\/\/elkaminante.com.uy\/#website\"},\"primaryImageOfPage\":{\"@id\":\"https:\/\/elkaminante.com.uy\/paquetes\/ushuaia-buenos-aires\/#primaryimage\"},\"image\":{\"@id\":\"https:\/\/elkaminante.com.uy\/paquetes\/ushuaia-buenos-aires\/#primaryimage\"},\"thumbnailUrl\":\"https:\/\/elkaminante.com.uy\/wp-content\/uploads\/2025\/06\/PAQ110.webp\",\"datePublished\":\"2025-06-16T23:00:59+00:00\",\"dateModified\":\"2026-04-17T12:38:35+00:00\",\"breadcrumb\":{\"@id\":\"https:\/\/elkaminante.com.uy\/paquetes\/ushuaia-buenos-aires\/#breadcrumb\"},\"inLanguage\":\"en-US\",\"potentialAction\":[{\"@type\":\"ReadAction\",\"target\":[\"https:\/\/elkaminante.com.uy\/paquetes\/ushuaia-buenos-aires\/\"]}]},{\"@type\":\"ImageObject\",\"inLanguage\":\"en-US\",\"@id\":\"https:\/\/elkaminante.com.uy\/paquetes\/ushuaia-buenos-aires\/#primaryimage\",\"url\":\"https:\/\/elkaminante.com.uy\/wp-content\/uploads\/2025\/06\/PAQ110.webp\",\"contentUrl\":\"https:\/\/elkaminante.com.uy\/wp-content\/uploads\/2025\/06\/PAQ110.webp\",\"width\":800,\"height\":457},{\"@type\":\"BreadcrumbList\",\"@id\":\"https:\/\/elkaminante.com.uy\/paquetes\/ushuaia-buenos-aires\/#breadcrumb\",\"itemListElement\":[{\"@type\":\"ListItem\",\"position\":1,\"name\":\"Inicio\",\"item\":\"https:\/\/elkaminante.com.uy\/en\/\"},{\"@type\":\"ListItem\",\"position\":2,\"name\":\"Viajes por el mundo\",\"item\":\"https:\/\/elkaminante.com.uy\/en\/paquetes\/\"},{\"@type\":\"ListItem\",\"position\":3,\"name\":\"Ushuaia &#038; Buenos Aires\"}]},{\"@type\":\"WebSite\",\"@id\":\"https:\/\/elkaminante.com.uy\/#website\",\"url\":\"https:\/\/elkaminante.com.uy\/\",\"name\":\"El Kaminante\",\"description\":\"Viajes &amp; Turismo\",\"publisher\":{\"@id\":\"https:\/\/elkaminante.com.uy\/#organization\"},\"potentialAction\":[{\"@type\":\"SearchAction\",\"target\":{\"@type\":\"EntryPoint\",\"urlTemplate\":\"https:\/\/elkaminante.com.uy\/?s={search_term_string}\"},\"query-input\":{\"@type\":\"PropertyValueSpecification\",\"valueRequired\":true,\"valueName\":\"search_term_string\"}}],\"inLanguage\":\"en-US\"},{\"@type\":\"Organization\",\"@id\":\"https:\/\/elkaminante.com.uy\/#organization\",\"name\":\"El Kaminante\",\"url\":\"https:\/\/elkaminante.com.uy\/\",\"logo\":{\"@type\":\"ImageObject\",\"inLanguage\":\"en-US\",\"@id\":\"https:\/\/elkaminante.com.uy\/#\/schema\/logo\/image\/\",\"url\":\"https:\/\/elkaminante.com.uy\/wp-content\/uploads\/2025\/02\/logo-elkaminante-blanco.svg\",\"contentUrl\":\"https:\/\/elkaminante.com.uy\/wp-content\/uploads\/2025\/02\/logo-elkaminante-blanco.svg\",\"caption\":\"El Kaminante\"},\"image\":{\"@id\":\"https:\/\/elkaminante.com.uy\/#\/schema\/logo\/image\/\"}}]}<\/script>\n<!-- \/ Yoast SEO plugin. -->","yoast_head_json":{"title":"Ushuaia & Buenos Aires - El Kaminante","robots":{"index":"index","follow":"follow","max-snippet":"max-snippet:-1","max-image-preview":"max-image-preview:large","max-video-preview":"max-video-preview:-1"},"canonical":"https:\/\/elkaminante.com.uy\/paquetes\/ushuaia-buenos-aires\/","og_locale":"en_US","og_type":"article","og_title":"Ushuaia & Buenos Aires - El Kaminante","og_description":"Ushuaia se encuentra al final de la Patagonia austral, es el extremo sur de la Argentina, el fin del mundo o como la llaman algunos: el principio de todo. Est\u00e1 rodeada por el mar y por la cordillera; desde donde te pares pod\u00e9s llegar a ver alguno de los dos y sorprenderte con los colores y la inmensidad de la naturaleza presente en la ciudad. Como capital de la Provincia de Tierra del Fuego, Ant\u00e1rtida e Islas del Atl\u00e1ntico Sur, Ushuaia es algo m\u00e1s que sus paisajes de valles glaciarios, turberas y bosques milenarios. La ciudad ofrece recorridos urbanos y lugares para disfrutar de la cultura, la gastronom\u00eda y as\u00ed adentrarse en la historia de este m\u00edtico rinc\u00f3n del mundo. Principales atractivos tur\u00edsticos:la costanera, la Reserva Natural Urbana Bah\u00eda Encerrada, el Saint Christopher, el Memorial de las Islas Malvinas, el Paseo de las Rosas, el Paseo Pioneros Ant\u00e1rticos y el Parque Nacional Tierra del Fuego, entre otros.Buenos Aires, capital de la Rep\u00fablica Argentina, destaca por su belleza de car\u00e1cter cosmopolita y su arte. Se encuentra dentro de las 20 mayores ciudades del mundo y es considerada la segunda \u00e1rea urbana m\u00e1s grande de Am\u00e9rica del Sur. Ofrece un viaje hacia al pasado a trav\u00e9s de las huellas de la sociedad europea en su arquitectura, arte y cultural, que se remonta a los inicios de su historia. Destaca en su gastronom\u00eda las carnes vacunas, las pizzas y las empanadas; contando con una enorme variedad de bares, bodegones y restaurantes para visitar. Principales atractivos tur\u00edsticos: La Plaza de Mayo, La Casa Rosada, el barrio La Boca, la calle Corrientes con sus teatros, el Obelisco, el Teatro Col\u00f3n, Puerto Madero, el Cementerio de la Recoleta y el barrio Palermo entre otros.","og_url":"https:\/\/elkaminante.com.uy\/paquetes\/ushuaia-buenos-aires\/","og_site_name":"El Kaminante","article_modified_time":"2026-04-17T12:38:35+00:00","og_image":[{"width":800,"height":457,"url":"https:\/\/elkaminante.com.uy\/wp-content\/uploads\/2025\/06\/PAQ110.webp","type":"image\/webp"}],"twitter_card":"summary_large_image","schema":{"@context":"https:\/\/schema.org","@graph":[{"@type":"WebPage","@id":"https:\/\/elkaminante.com.uy\/paquetes\/ushuaia-buenos-aires\/","url":"https:\/\/elkaminante.com.uy\/paquetes\/ushuaia-buenos-aires\/","name":"Ushuaia & Buenos Aires - El Kaminante","isPartOf":{"@id":"https:\/\/elkaminante.com.uy\/#website"},"primaryImageOfPage":{"@id":"https:\/\/elkaminante.com.uy\/paquetes\/ushuaia-buenos-aires\/#primaryimage"},"image":{"@id":"https:\/\/elkaminante.com.uy\/paquetes\/ushuaia-buenos-aires\/#primaryimage"},"thumbnailUrl":"https:\/\/elkaminante.com.uy\/wp-content\/uploads\/2025\/06\/PAQ110.webp","datePublished":"2025-06-16T23:00:59+00:00","dateModified":"2026-04-17T12:38:35+00:00","breadcrumb":{"@id":"https:\/\/elkaminante.com.uy\/paquetes\/ushuaia-buenos-aires\/#breadcrumb"},"inLanguage":"en-US","potentialAction":[{"@type":"ReadAction","target":["https:\/\/elkaminante.com.uy\/paquetes\/ushuaia-buenos-aires\/"]}]},{"@type":"ImageObject","inLanguage":"en-US","@id":"https:\/\/elkaminante.com.uy\/paquetes\/ushuaia-buenos-aires\/#primaryimage","url":"https:\/\/elkaminante.com.uy\/wp-content\/uploads\/2025\/06\/PAQ110.webp","contentUrl":"https:\/\/elkaminante.com.uy\/wp-content\/uploads\/2025\/06\/PAQ110.webp","width":800,"height":457},{"@type":"BreadcrumbList","@id":"https:\/\/elkaminante.com.uy\/paquetes\/ushuaia-buenos-aires\/#breadcrumb","itemListElement":[{"@type":"ListItem","position":1,"name":"Inicio","item":"https:\/\/elkaminante.com.uy\/en\/"},{"@type":"ListItem","position":2,"name":"Viajes por el mundo","item":"https:\/\/elkaminante.com.uy\/en\/paquetes\/"},{"@type":"ListItem","position":3,"name":"Ushuaia &#038; Buenos Aires"}]},{"@type":"WebSite","@id":"https:\/\/elkaminante.com.uy\/#website","url":"https:\/\/elkaminante.com.uy\/","name":"El Kaminante","description":"Viajes &amp; Turismo","publisher":{"@id":"https:\/\/elkaminante.com.uy\/#organization"},"potentialAction":[{"@type":"SearchAction","target":{"@type":"EntryPoint","urlTemplate":"https:\/\/elkaminante.com.uy\/?s={search_term_string}"},"query-input":{"@type":"PropertyValueSpecification","valueRequired":true,"valueName":"search_term_string"}}],"inLanguage":"en-US"},{"@type":"Organization","@id":"https:\/\/elkaminante.com.uy\/#organization","name":"El Kaminante","url":"https:\/\/elkaminante.com.uy\/","logo":{"@type":"ImageObject","inLanguage":"en-US","@id":"https:\/\/elkaminante.com.uy\/#\/schema\/logo\/image\/","url":"https:\/\/elkaminante.com.uy\/wp-content\/uploads\/2025\/02\/logo-elkaminante-blanco.svg","contentUrl":"https:\/\/elkaminante.com.uy\/wp-content\/uploads\/2025\/02\/logo-elkaminante-blanco.svg","caption":"El Kaminante"},"image":{"@id":"https:\/\/elkaminante.com.uy\/#\/schema\/logo\/image\/"}}]}},"_links":{"self":[{"href":"https:\/\/elkaminante.com.uy\/en\/wp-json\/wp\/v2\/product\/9849","targetHints":{"allow":["GET"]}}],"collection":[{"href":"https:\/\/elkaminante.com.uy\/en\/wp-json\/wp\/v2\/product"}],"about":[{"href":"https:\/\/elkaminante.com.uy\/en\/wp-json\/wp\/v2\/types\/product"}],"wp:featuredmedia":[{"embeddable":true,"href":"https:\/\/elkaminante.com.uy\/en\/wp-json\/wp\/v2\/media\/9847"}],"wp:attachment":[{"href":"https:\/\/elkaminante.com.uy\/en\/wp-json\/wp\/v2\/media?parent=9849"}],"wp:term":[{"taxonomy":"product_brand","embeddable":true,"href":"https:\/\/elkaminante.com.uy\/en\/wp-json\/wp\/v2\/product_brand?post=9849"},{"taxonomy":"product_cat","embeddable":true,"href":"https:\/\/elkaminante.com.uy\/en\/wp-json\/wp\/v2\/product_cat?post=9849"},{"taxonomy":"product_tag","embeddable":true,"href":"https:\/\/elkaminante.com.uy\/en\/wp-json\/wp\/v2\/product_tag?post=9849"}],"curies":[{"name":"wp","href":"https:\/\/api.w.org\/{rel}","templated":true}]}}