{"id":9810,"date":"2025-06-16T20:00:00","date_gmt":"2025-06-16T23:00:00","guid":{"rendered":"https:\/\/elkaminante.com.uy\/paquetes\/sudafrica-circuito\/"},"modified":"2026-04-17T09:38:32","modified_gmt":"2026-04-17T12:38:32","slug":"sudafrica-circuito","status":"publish","type":"product","link":"https:\/\/elkaminante.com.uy\/en\/paquetes\/sudafrica-circuito\/","title":{"rendered":"Sud\u00e1frica \/ Circuito"},"content":{"rendered":"","protected":false},"excerpt":{"rendered":"<p>Hacer turismo en <b>Sud\u00e1frica<\/b> es viajar hasta un destino de diversidad en todos los sentidos. Conocido como el pa\u00eds del arco iris por su mezcla cultural, \u00e9tnica y natural, existen miles de lugares tur\u00edsticos de Sud\u00e1frica que le sorprender\u00e1n. El Parque Kruger, el \u2018rey de los parques naturales\u2019 del pa\u00eds. Esta reserva mantiene un delicado equilibrio ecol\u00f3gico debido a la protecci\u00f3n de la que ha sido objeto. En sus 19.000 kil\u00f3metros cuadrados se encuentran ejemplares de todas las especies africanas, incluidos los \u2018cinco grandes\u2019: leones, leopardos, b\u00fafalos, elefantes y rinocerontes; y una riqueza de especies vegetales como pocos lugares del planeta.<\/p>\n<p><b>Informaci\u00f3n Importante<\/b>: Para turistas procedentes de Argentina, Brasil, Colombia, Paraguay, Venezuela y otros; se les requerir\u00e1 presentar el certificado internacional de vacunaci\u00f3n contra la fiebre amarilla al ingresar al pa\u00eds. Vea aqu\u00ed el listado completo de pa\u00edses que requieren el certificado de vacunaci\u00f3n.<\/p>\n","protected":false},"featured_media":9808,"template":"","meta":{"_acf_changed":false,"inline_featured_image":false},"product_brand":[],"product_cat":[28,1579],"product_tag":[432,562,3914,64,568,2139,1634,2534,62,2544,65,434,433,3847,61,431,3321,3984,439,1583,436,435,63],"class_list":{"0":"post-9810","1":"product","2":"type-product","3":"status-publish","4":"has-post-thumbnail","6":"product_cat-paquetes","7":"product_cat-uruguay","8":"product_tag-africa","9":"product_tag-agosto","10":"product_tag-agosto-2026viaje-familiar","11":"product_tag-desayuno","12":"product_tag-en-agosto","13":"product_tag-en-sudafrica","14":"product_tag-exhotico","15":"product_tag-exotico","16":"product_tag-exoticos","17":"product_tag-johannesburgo","18":"product_tag-no-aplica","19":"product_tag-paquetes-a-africa","20":"product_tag-paquetes-a-sudafrica","21":"product_tag-parque-kruger-y-ciudad-del-cabo","22":"product_tag-sin-destino","23":"product_tag-sudafrica","24":"product_tag-sudafrica-circuito","25":"product_tag-sudafrica-en-agosto","26":"product_tag-sudafrica-en-sudafrica","27":"product_tag-viaje-familiar","28":"product_tag-viajes-a-africa","29":"product_tag-viajes-a-sudafrica","30":"product_tag-vuelo-y-circuito","31":"entry","32":"has-media","34":"first","35":"instock","36":"shipping-taxable","37":"purchasable","38":"product-type-simple"},"acf":[],"yoast_head":"<!-- This site is optimized with the Yoast SEO plugin v27.2 - https:\/\/yoast.com\/product\/yoast-seo-wordpress\/ -->\n<title>Sud\u00e1frica \/ Circuito - El Kaminante<\/title>\n<meta name=\"robots\" content=\"index, follow, max-snippet:-1, max-image-preview:large, max-video-preview:-1\" \/>\n<link rel=\"canonical\" href=\"https:\/\/elkaminante.com.uy\/paquetes\/sudafrica-circuito\/\" \/>\n<meta property=\"og:locale\" content=\"en_US\" \/>\n<meta property=\"og:type\" content=\"article\" \/>\n<meta property=\"og:title\" content=\"Sud\u00e1frica \/ Circuito - El Kaminante\" \/>\n<meta property=\"og:description\" content=\"Hacer turismo en Sud\u00e1frica es viajar hasta un destino de diversidad en todos los sentidos. Conocido como el pa\u00eds del arco iris por su mezcla cultural, \u00e9tnica y natural, existen miles de lugares tur\u00edsticos de Sud\u00e1frica que le sorprender\u00e1n. El Parque Kruger, el \u2018rey de los parques naturales\u2019 del pa\u00eds. Esta reserva mantiene un delicado equilibrio ecol\u00f3gico debido a la protecci\u00f3n de la que ha sido objeto. En sus 19.000 kil\u00f3metros cuadrados se encuentran ejemplares de todas las especies africanas, incluidos los \u2018cinco grandes\u2019: leones, leopardos, b\u00fafalos, elefantes y rinocerontes; y una riqueza de especies vegetales como pocos lugares del planeta.Informaci\u00f3n Importante: Para turistas procedentes de Argentina, Brasil, Colombia, Paraguay, Venezuela y otros; se les requerir\u00e1 presentar el certificado internacional de vacunaci\u00f3n contra la fiebre amarilla al ingresar al pa\u00eds. Vea aqu\u00ed el listado completo de pa\u00edses que requieren el certificado de vacunaci\u00f3n.\" \/>\n<meta property=\"og:url\" content=\"https:\/\/elkaminante.com.uy\/paquetes\/sudafrica-circuito\/\" \/>\n<meta property=\"og:site_name\" content=\"El Kaminante\" \/>\n<meta property=\"article:modified_time\" content=\"2026-04-17T12:38:32+00:00\" \/>\n<meta property=\"og:image\" content=\"https:\/\/elkaminante.com.uy\/wp-content\/uploads\/2025\/06\/PAQ88.webp\" \/>\n\t<meta property=\"og:image:width\" content=\"800\" \/>\n\t<meta property=\"og:image:height\" content=\"457\" \/>\n\t<meta property=\"og:image:type\" content=\"image\/webp\" \/>\n<meta name=\"twitter:card\" content=\"summary_large_image\" \/>\n<script type=\"application\/ld+json\" class=\"yoast-schema-graph\">{\"@context\":\"https:\/\/schema.org\",\"@graph\":[{\"@type\":\"WebPage\",\"@id\":\"https:\/\/elkaminante.com.uy\/paquetes\/sudafrica-circuito\/\",\"url\":\"https:\/\/elkaminante.com.uy\/paquetes\/sudafrica-circuito\/\",\"name\":\"Sud\u00e1frica \/ Circuito - El Kaminante\",\"isPartOf\":{\"@id\":\"https:\/\/elkaminante.com.uy\/#website\"},\"primaryImageOfPage\":{\"@id\":\"https:\/\/elkaminante.com.uy\/paquetes\/sudafrica-circuito\/#primaryimage\"},\"image\":{\"@id\":\"https:\/\/elkaminante.com.uy\/paquetes\/sudafrica-circuito\/#primaryimage\"},\"thumbnailUrl\":\"https:\/\/elkaminante.com.uy\/wp-content\/uploads\/2025\/06\/PAQ88.webp\",\"datePublished\":\"2025-06-16T23:00:00+00:00\",\"dateModified\":\"2026-04-17T12:38:32+00:00\",\"breadcrumb\":{\"@id\":\"https:\/\/elkaminante.com.uy\/paquetes\/sudafrica-circuito\/#breadcrumb\"},\"inLanguage\":\"en-US\",\"potentialAction\":[{\"@type\":\"ReadAction\",\"target\":[\"https:\/\/elkaminante.com.uy\/paquetes\/sudafrica-circuito\/\"]}]},{\"@type\":\"ImageObject\",\"inLanguage\":\"en-US\",\"@id\":\"https:\/\/elkaminante.com.uy\/paquetes\/sudafrica-circuito\/#primaryimage\",\"url\":\"https:\/\/elkaminante.com.uy\/wp-content\/uploads\/2025\/06\/PAQ88.webp\",\"contentUrl\":\"https:\/\/elkaminante.com.uy\/wp-content\/uploads\/2025\/06\/PAQ88.webp\",\"width\":800,\"height\":457},{\"@type\":\"BreadcrumbList\",\"@id\":\"https:\/\/elkaminante.com.uy\/paquetes\/sudafrica-circuito\/#breadcrumb\",\"itemListElement\":[{\"@type\":\"ListItem\",\"position\":1,\"name\":\"Inicio\",\"item\":\"https:\/\/elkaminante.com.uy\/en\/\"},{\"@type\":\"ListItem\",\"position\":2,\"name\":\"Viajes por el mundo\",\"item\":\"https:\/\/elkaminante.com.uy\/en\/paquetes\/\"},{\"@type\":\"ListItem\",\"position\":3,\"name\":\"Sud\u00e1frica \/ Circuito\"}]},{\"@type\":\"WebSite\",\"@id\":\"https:\/\/elkaminante.com.uy\/#website\",\"url\":\"https:\/\/elkaminante.com.uy\/\",\"name\":\"El Kaminante\",\"description\":\"Viajes &amp; Turismo\",\"publisher\":{\"@id\":\"https:\/\/elkaminante.com.uy\/#organization\"},\"potentialAction\":[{\"@type\":\"SearchAction\",\"target\":{\"@type\":\"EntryPoint\",\"urlTemplate\":\"https:\/\/elkaminante.com.uy\/?s={search_term_string}\"},\"query-input\":{\"@type\":\"PropertyValueSpecification\",\"valueRequired\":true,\"valueName\":\"search_term_string\"}}],\"inLanguage\":\"en-US\"},{\"@type\":\"Organization\",\"@id\":\"https:\/\/elkaminante.com.uy\/#organization\",\"name\":\"El Kaminante\",\"url\":\"https:\/\/elkaminante.com.uy\/\",\"logo\":{\"@type\":\"ImageObject\",\"inLanguage\":\"en-US\",\"@id\":\"https:\/\/elkaminante.com.uy\/#\/schema\/logo\/image\/\",\"url\":\"https:\/\/elkaminante.com.uy\/wp-content\/uploads\/2025\/02\/logo-elkaminante-blanco.svg\",\"contentUrl\":\"https:\/\/elkaminante.com.uy\/wp-content\/uploads\/2025\/02\/logo-elkaminante-blanco.svg\",\"caption\":\"El Kaminante\"},\"image\":{\"@id\":\"https:\/\/elkaminante.com.uy\/#\/schema\/logo\/image\/\"}}]}<\/script>\n<!-- \/ Yoast SEO plugin. -->","yoast_head_json":{"title":"Sud\u00e1frica \/ Circuito - El Kaminante","robots":{"index":"index","follow":"follow","max-snippet":"max-snippet:-1","max-image-preview":"max-image-preview:large","max-video-preview":"max-video-preview:-1"},"canonical":"https:\/\/elkaminante.com.uy\/paquetes\/sudafrica-circuito\/","og_locale":"en_US","og_type":"article","og_title":"Sud\u00e1frica \/ Circuito - El Kaminante","og_description":"Hacer turismo en Sud\u00e1frica es viajar hasta un destino de diversidad en todos los sentidos. Conocido como el pa\u00eds del arco iris por su mezcla cultural, \u00e9tnica y natural, existen miles de lugares tur\u00edsticos de Sud\u00e1frica que le sorprender\u00e1n. El Parque Kruger, el \u2018rey de los parques naturales\u2019 del pa\u00eds. Esta reserva mantiene un delicado equilibrio ecol\u00f3gico debido a la protecci\u00f3n de la que ha sido objeto. En sus 19.000 kil\u00f3metros cuadrados se encuentran ejemplares de todas las especies africanas, incluidos los \u2018cinco grandes\u2019: leones, leopardos, b\u00fafalos, elefantes y rinocerontes; y una riqueza de especies vegetales como pocos lugares del planeta.Informaci\u00f3n Importante: Para turistas procedentes de Argentina, Brasil, Colombia, Paraguay, Venezuela y otros; se les requerir\u00e1 presentar el certificado internacional de vacunaci\u00f3n contra la fiebre amarilla al ingresar al pa\u00eds. Vea aqu\u00ed el listado completo de pa\u00edses que requieren el certificado de vacunaci\u00f3n.","og_url":"https:\/\/elkaminante.com.uy\/paquetes\/sudafrica-circuito\/","og_site_name":"El Kaminante","article_modified_time":"2026-04-17T12:38:32+00:00","og_image":[{"width":800,"height":457,"url":"https:\/\/elkaminante.com.uy\/wp-content\/uploads\/2025\/06\/PAQ88.webp","type":"image\/webp"}],"twitter_card":"summary_large_image","schema":{"@context":"https:\/\/schema.org","@graph":[{"@type":"WebPage","@id":"https:\/\/elkaminante.com.uy\/paquetes\/sudafrica-circuito\/","url":"https:\/\/elkaminante.com.uy\/paquetes\/sudafrica-circuito\/","name":"Sud\u00e1frica \/ Circuito - El Kaminante","isPartOf":{"@id":"https:\/\/elkaminante.com.uy\/#website"},"primaryImageOfPage":{"@id":"https:\/\/elkaminante.com.uy\/paquetes\/sudafrica-circuito\/#primaryimage"},"image":{"@id":"https:\/\/elkaminante.com.uy\/paquetes\/sudafrica-circuito\/#primaryimage"},"thumbnailUrl":"https:\/\/elkaminante.com.uy\/wp-content\/uploads\/2025\/06\/PAQ88.webp","datePublished":"2025-06-16T23:00:00+00:00","dateModified":"2026-04-17T12:38:32+00:00","breadcrumb":{"@id":"https:\/\/elkaminante.com.uy\/paquetes\/sudafrica-circuito\/#breadcrumb"},"inLanguage":"en-US","potentialAction":[{"@type":"ReadAction","target":["https:\/\/elkaminante.com.uy\/paquetes\/sudafrica-circuito\/"]}]},{"@type":"ImageObject","inLanguage":"en-US","@id":"https:\/\/elkaminante.com.uy\/paquetes\/sudafrica-circuito\/#primaryimage","url":"https:\/\/elkaminante.com.uy\/wp-content\/uploads\/2025\/06\/PAQ88.webp","contentUrl":"https:\/\/elkaminante.com.uy\/wp-content\/uploads\/2025\/06\/PAQ88.webp","width":800,"height":457},{"@type":"BreadcrumbList","@id":"https:\/\/elkaminante.com.uy\/paquetes\/sudafrica-circuito\/#breadcrumb","itemListElement":[{"@type":"ListItem","position":1,"name":"Inicio","item":"https:\/\/elkaminante.com.uy\/en\/"},{"@type":"ListItem","position":2,"name":"Viajes por el mundo","item":"https:\/\/elkaminante.com.uy\/en\/paquetes\/"},{"@type":"ListItem","position":3,"name":"Sud\u00e1frica \/ Circuito"}]},{"@type":"WebSite","@id":"https:\/\/elkaminante.com.uy\/#website","url":"https:\/\/elkaminante.com.uy\/","name":"El Kaminante","description":"Viajes &amp; Turismo","publisher":{"@id":"https:\/\/elkaminante.com.uy\/#organization"},"potentialAction":[{"@type":"SearchAction","target":{"@type":"EntryPoint","urlTemplate":"https:\/\/elkaminante.com.uy\/?s={search_term_string}"},"query-input":{"@type":"PropertyValueSpecification","valueRequired":true,"valueName":"search_term_string"}}],"inLanguage":"en-US"},{"@type":"Organization","@id":"https:\/\/elkaminante.com.uy\/#organization","name":"El Kaminante","url":"https:\/\/elkaminante.com.uy\/","logo":{"@type":"ImageObject","inLanguage":"en-US","@id":"https:\/\/elkaminante.com.uy\/#\/schema\/logo\/image\/","url":"https:\/\/elkaminante.com.uy\/wp-content\/uploads\/2025\/02\/logo-elkaminante-blanco.svg","contentUrl":"https:\/\/elkaminante.com.uy\/wp-content\/uploads\/2025\/02\/logo-elkaminante-blanco.svg","caption":"El Kaminante"},"image":{"@id":"https:\/\/elkaminante.com.uy\/#\/schema\/logo\/image\/"}}]}},"_links":{"self":[{"href":"https:\/\/elkaminante.com.uy\/en\/wp-json\/wp\/v2\/product\/9810","targetHints":{"allow":["GET"]}}],"collection":[{"href":"https:\/\/elkaminante.com.uy\/en\/wp-json\/wp\/v2\/product"}],"about":[{"href":"https:\/\/elkaminante.com.uy\/en\/wp-json\/wp\/v2\/types\/product"}],"wp:featuredmedia":[{"embeddable":true,"href":"https:\/\/elkaminante.com.uy\/en\/wp-json\/wp\/v2\/media\/9808"}],"wp:attachment":[{"href":"https:\/\/elkaminante.com.uy\/en\/wp-json\/wp\/v2\/media?parent=9810"}],"wp:term":[{"taxonomy":"product_brand","embeddable":true,"href":"https:\/\/elkaminante.com.uy\/en\/wp-json\/wp\/v2\/product_brand?post=9810"},{"taxonomy":"product_cat","embeddable":true,"href":"https:\/\/elkaminante.com.uy\/en\/wp-json\/wp\/v2\/product_cat?post=9810"},{"taxonomy":"product_tag","embeddable":true,"href":"https:\/\/elkaminante.com.uy\/en\/wp-json\/wp\/v2\/product_tag?post=9810"}],"curies":[{"name":"wp","href":"https:\/\/api.w.org\/{rel}","templated":true}]}}