{"id":9785,"date":"2025-06-16T19:59:12","date_gmt":"2025-06-16T22:59:12","guid":{"rendered":"https:\/\/elkaminante.com.uy\/paquetes\/bariloche-bs-as\/"},"modified":"2026-04-17T09:38:32","modified_gmt":"2026-04-17T12:38:32","slug":"bariloche-bs-as","status":"publish","type":"product","link":"https:\/\/elkaminante.com.uy\/en\/paquetes\/bariloche-bs-as\/","title":{"rendered":"Bariloche &#038; Bs.As."},"content":{"rendered":"","protected":false},"excerpt":{"rendered":"<p><b>Bariloche<\/b> es una ciudad ubicada entre bosques milenarios, monta\u00f1as cubiertas de nieve y lagos cristalinos, en la provincia de R\u00edo Negro, Argentina. Est\u00e1 ubicada dentro del parque nacional Nahuel Huapi, junto a la cordillera de los Andes. En el 2012 fue declarada capital nacional del turismo de aventura, y en el 2015 capital nacional del chocolate. En Bariloche ten\u00e9s variedad de actividades para disfrutar: excursiones tradicionales, paseos lacustres, nieve para todos los gustos, la mejor gastronom\u00eda, turismo joven, salidas rom\u00e1nticas, actividades familiares, aventura, tranquilidad y una agenda cultural diversa.<\/p>\n<p><b>Buenos Aires<\/b>, capital de la Rep\u00fablica Argentina, destaca por su belleza de car\u00e1cter cosmopolita y su arte. Se encuentra dentro de las 20 mayores ciudades del mundo y es considerada la segunda \u00e1rea urbana m\u00e1s grande de Am\u00e9rica del Sur. Ofrece un viaje hacia al pasado a trav\u00e9s de las huellas de la sociedad europea en su arquitectura, arte y cultural, que se remonta a los inicios de su historia. Destaca en su gastronom\u00eda las carnes vacunas, las pizzas y las empanadas; contando con una enorme variedad de bares, bodegones y restaurantes para visitar. <i>Principales atractivos tur\u00edsticos:<\/i> La Plaza de Mayo, La Casa Rosada, el barrio La Boca, la calle Corrientes con sus teatros, el Obelisco, el Teatro Col\u00f3n, Puerto Madero, el Cementerio de la Recoleta y el barrio Palermo entre otros.<\/p>\n","protected":false},"featured_media":9783,"template":"","meta":{"_acf_changed":false,"inline_featured_image":false},"product_brand":[],"product_cat":[28,1579],"product_tag":[96,88,36,416,1267,406,404,3316,405,1641,1642,64,2134,2133,2050,65,121,3983,393,91,407,409,411,61,89,3282,1583,93,408,410,412,119],"class_list":{"0":"post-9785","1":"product","2":"type-product","3":"status-publish","4":"has-post-thumbnail","6":"product_cat-paquetes","7":"product_cat-uruguay","8":"product_tag-alarma-precios-bajos","9":"product_tag-america-del-sur","10":"product_tag-argentina","11":"product_tag-argentina-en-bariloche","12":"product_tag-argentina-en-octubre","13":"product_tag-barco","14":"product_tag-bariloche","15":"product_tag-bariloche-bs-as","16":"product_tag-buenos-aires","17":"product_tag-ciudad","18":"product_tag-cultural","19":"product_tag-desayuno","20":"product_tag-en-argentina","21":"product_tag-en-bariloche","22":"product_tag-en-octubre","23":"product_tag-no-aplica","24":"product_tag-octubre","25":"product_tag-octubre-2026alarma-precios-bajos","26":"product_tag-otros-destinos","27":"product_tag-paquetes-a-america-del-sur","28":"product_tag-paquetes-a-argentina","29":"product_tag-paquetes-a-bariloche","30":"product_tag-paquetes-a-buenos-aires","31":"product_tag-sin-destino","32":"product_tag-sudamerica","33":"product_tag-temporada-baja","34":"product_tag-viaje-familiar","35":"product_tag-viajes-a-america-del-sur","36":"product_tag-viajes-a-argentina","37":"product_tag-viajes-a-bariloche","38":"product_tag-viajes-a-buenos-aires","39":"product_tag-vuelo-y-hotel","40":"entry","41":"has-media","43":"first","44":"instock","45":"shipping-taxable","46":"purchasable","47":"product-type-simple"},"acf":[],"yoast_head":"<!-- This site is optimized with the Yoast SEO plugin v27.2 - https:\/\/yoast.com\/product\/yoast-seo-wordpress\/ -->\n<title>Bariloche &amp; Bs.As. - El Kaminante<\/title>\n<meta name=\"robots\" content=\"index, follow, max-snippet:-1, max-image-preview:large, max-video-preview:-1\" \/>\n<link rel=\"canonical\" href=\"https:\/\/elkaminante.com.uy\/paquetes\/bariloche-bs-as\/\" \/>\n<meta property=\"og:locale\" content=\"en_US\" \/>\n<meta property=\"og:type\" content=\"article\" \/>\n<meta property=\"og:title\" content=\"Bariloche &amp; Bs.As. - El Kaminante\" \/>\n<meta property=\"og:description\" content=\"Bariloche es una ciudad ubicada entre bosques milenarios, monta\u00f1as cubiertas de nieve y lagos cristalinos, en la provincia de R\u00edo Negro, Argentina. Est\u00e1 ubicada dentro del parque nacional Nahuel Huapi, junto a la cordillera de los Andes. En el 2012 fue declarada capital nacional del turismo de aventura, y en el 2015 capital nacional del chocolate. En Bariloche ten\u00e9s variedad de actividades para disfrutar: excursiones tradicionales, paseos lacustres, nieve para todos los gustos, la mejor gastronom\u00eda, turismo joven, salidas rom\u00e1nticas, actividades familiares, aventura, tranquilidad y una agenda cultural diversa.Buenos Aires, capital de la Rep\u00fablica Argentina, destaca por su belleza de car\u00e1cter cosmopolita y su arte. Se encuentra dentro de las 20 mayores ciudades del mundo y es considerada la segunda \u00e1rea urbana m\u00e1s grande de Am\u00e9rica del Sur. Ofrece un viaje hacia al pasado a trav\u00e9s de las huellas de la sociedad europea en su arquitectura, arte y cultural, que se remonta a los inicios de su historia. Destaca en su gastronom\u00eda las carnes vacunas, las pizzas y las empanadas; contando con una enorme variedad de bares, bodegones y restaurantes para visitar. Principales atractivos tur\u00edsticos: La Plaza de Mayo, La Casa Rosada, el barrio La Boca, la calle Corrientes con sus teatros, el Obelisco, el Teatro Col\u00f3n, Puerto Madero, el Cementerio de la Recoleta y el barrio Palermo entre otros.\" \/>\n<meta property=\"og:url\" content=\"https:\/\/elkaminante.com.uy\/paquetes\/bariloche-bs-as\/\" \/>\n<meta property=\"og:site_name\" content=\"El Kaminante\" \/>\n<meta property=\"article:modified_time\" content=\"2026-04-17T12:38:32+00:00\" \/>\n<meta property=\"og:image\" content=\"https:\/\/elkaminante.com.uy\/wp-content\/uploads\/2025\/06\/PAQ74.webp\" \/>\n\t<meta property=\"og:image:width\" content=\"800\" \/>\n\t<meta property=\"og:image:height\" content=\"457\" \/>\n\t<meta property=\"og:image:type\" content=\"image\/webp\" \/>\n<meta name=\"twitter:card\" content=\"summary_large_image\" \/>\n<script type=\"application\/ld+json\" class=\"yoast-schema-graph\">{\"@context\":\"https:\/\/schema.org\",\"@graph\":[{\"@type\":\"WebPage\",\"@id\":\"https:\/\/elkaminante.com.uy\/paquetes\/bariloche-bs-as\/\",\"url\":\"https:\/\/elkaminante.com.uy\/paquetes\/bariloche-bs-as\/\",\"name\":\"Bariloche & Bs.As. - El Kaminante\",\"isPartOf\":{\"@id\":\"https:\/\/elkaminante.com.uy\/#website\"},\"primaryImageOfPage\":{\"@id\":\"https:\/\/elkaminante.com.uy\/paquetes\/bariloche-bs-as\/#primaryimage\"},\"image\":{\"@id\":\"https:\/\/elkaminante.com.uy\/paquetes\/bariloche-bs-as\/#primaryimage\"},\"thumbnailUrl\":\"https:\/\/elkaminante.com.uy\/wp-content\/uploads\/2025\/06\/PAQ74.webp\",\"datePublished\":\"2025-06-16T22:59:12+00:00\",\"dateModified\":\"2026-04-17T12:38:32+00:00\",\"breadcrumb\":{\"@id\":\"https:\/\/elkaminante.com.uy\/paquetes\/bariloche-bs-as\/#breadcrumb\"},\"inLanguage\":\"en-US\",\"potentialAction\":[{\"@type\":\"ReadAction\",\"target\":[\"https:\/\/elkaminante.com.uy\/paquetes\/bariloche-bs-as\/\"]}]},{\"@type\":\"ImageObject\",\"inLanguage\":\"en-US\",\"@id\":\"https:\/\/elkaminante.com.uy\/paquetes\/bariloche-bs-as\/#primaryimage\",\"url\":\"https:\/\/elkaminante.com.uy\/wp-content\/uploads\/2025\/06\/PAQ74.webp\",\"contentUrl\":\"https:\/\/elkaminante.com.uy\/wp-content\/uploads\/2025\/06\/PAQ74.webp\",\"width\":800,\"height\":457},{\"@type\":\"BreadcrumbList\",\"@id\":\"https:\/\/elkaminante.com.uy\/paquetes\/bariloche-bs-as\/#breadcrumb\",\"itemListElement\":[{\"@type\":\"ListItem\",\"position\":1,\"name\":\"Inicio\",\"item\":\"https:\/\/elkaminante.com.uy\/en\/\"},{\"@type\":\"ListItem\",\"position\":2,\"name\":\"Viajes por el mundo\",\"item\":\"https:\/\/elkaminante.com.uy\/en\/paquetes\/\"},{\"@type\":\"ListItem\",\"position\":3,\"name\":\"Bariloche &#038; Bs.As.\"}]},{\"@type\":\"WebSite\",\"@id\":\"https:\/\/elkaminante.com.uy\/#website\",\"url\":\"https:\/\/elkaminante.com.uy\/\",\"name\":\"El Kaminante\",\"description\":\"Viajes &amp; Turismo\",\"publisher\":{\"@id\":\"https:\/\/elkaminante.com.uy\/#organization\"},\"potentialAction\":[{\"@type\":\"SearchAction\",\"target\":{\"@type\":\"EntryPoint\",\"urlTemplate\":\"https:\/\/elkaminante.com.uy\/?s={search_term_string}\"},\"query-input\":{\"@type\":\"PropertyValueSpecification\",\"valueRequired\":true,\"valueName\":\"search_term_string\"}}],\"inLanguage\":\"en-US\"},{\"@type\":\"Organization\",\"@id\":\"https:\/\/elkaminante.com.uy\/#organization\",\"name\":\"El Kaminante\",\"url\":\"https:\/\/elkaminante.com.uy\/\",\"logo\":{\"@type\":\"ImageObject\",\"inLanguage\":\"en-US\",\"@id\":\"https:\/\/elkaminante.com.uy\/#\/schema\/logo\/image\/\",\"url\":\"https:\/\/elkaminante.com.uy\/wp-content\/uploads\/2025\/02\/logo-elkaminante-blanco.svg\",\"contentUrl\":\"https:\/\/elkaminante.com.uy\/wp-content\/uploads\/2025\/02\/logo-elkaminante-blanco.svg\",\"caption\":\"El Kaminante\"},\"image\":{\"@id\":\"https:\/\/elkaminante.com.uy\/#\/schema\/logo\/image\/\"}}]}<\/script>\n<!-- \/ Yoast SEO plugin. -->","yoast_head_json":{"title":"Bariloche & Bs.As. - El Kaminante","robots":{"index":"index","follow":"follow","max-snippet":"max-snippet:-1","max-image-preview":"max-image-preview:large","max-video-preview":"max-video-preview:-1"},"canonical":"https:\/\/elkaminante.com.uy\/paquetes\/bariloche-bs-as\/","og_locale":"en_US","og_type":"article","og_title":"Bariloche & Bs.As. - El Kaminante","og_description":"Bariloche es una ciudad ubicada entre bosques milenarios, monta\u00f1as cubiertas de nieve y lagos cristalinos, en la provincia de R\u00edo Negro, Argentina. Est\u00e1 ubicada dentro del parque nacional Nahuel Huapi, junto a la cordillera de los Andes. En el 2012 fue declarada capital nacional del turismo de aventura, y en el 2015 capital nacional del chocolate. En Bariloche ten\u00e9s variedad de actividades para disfrutar: excursiones tradicionales, paseos lacustres, nieve para todos los gustos, la mejor gastronom\u00eda, turismo joven, salidas rom\u00e1nticas, actividades familiares, aventura, tranquilidad y una agenda cultural diversa.Buenos Aires, capital de la Rep\u00fablica Argentina, destaca por su belleza de car\u00e1cter cosmopolita y su arte. Se encuentra dentro de las 20 mayores ciudades del mundo y es considerada la segunda \u00e1rea urbana m\u00e1s grande de Am\u00e9rica del Sur. Ofrece un viaje hacia al pasado a trav\u00e9s de las huellas de la sociedad europea en su arquitectura, arte y cultural, que se remonta a los inicios de su historia. Destaca en su gastronom\u00eda las carnes vacunas, las pizzas y las empanadas; contando con una enorme variedad de bares, bodegones y restaurantes para visitar. Principales atractivos tur\u00edsticos: La Plaza de Mayo, La Casa Rosada, el barrio La Boca, la calle Corrientes con sus teatros, el Obelisco, el Teatro Col\u00f3n, Puerto Madero, el Cementerio de la Recoleta y el barrio Palermo entre otros.","og_url":"https:\/\/elkaminante.com.uy\/paquetes\/bariloche-bs-as\/","og_site_name":"El Kaminante","article_modified_time":"2026-04-17T12:38:32+00:00","og_image":[{"width":800,"height":457,"url":"https:\/\/elkaminante.com.uy\/wp-content\/uploads\/2025\/06\/PAQ74.webp","type":"image\/webp"}],"twitter_card":"summary_large_image","schema":{"@context":"https:\/\/schema.org","@graph":[{"@type":"WebPage","@id":"https:\/\/elkaminante.com.uy\/paquetes\/bariloche-bs-as\/","url":"https:\/\/elkaminante.com.uy\/paquetes\/bariloche-bs-as\/","name":"Bariloche & Bs.As. - El Kaminante","isPartOf":{"@id":"https:\/\/elkaminante.com.uy\/#website"},"primaryImageOfPage":{"@id":"https:\/\/elkaminante.com.uy\/paquetes\/bariloche-bs-as\/#primaryimage"},"image":{"@id":"https:\/\/elkaminante.com.uy\/paquetes\/bariloche-bs-as\/#primaryimage"},"thumbnailUrl":"https:\/\/elkaminante.com.uy\/wp-content\/uploads\/2025\/06\/PAQ74.webp","datePublished":"2025-06-16T22:59:12+00:00","dateModified":"2026-04-17T12:38:32+00:00","breadcrumb":{"@id":"https:\/\/elkaminante.com.uy\/paquetes\/bariloche-bs-as\/#breadcrumb"},"inLanguage":"en-US","potentialAction":[{"@type":"ReadAction","target":["https:\/\/elkaminante.com.uy\/paquetes\/bariloche-bs-as\/"]}]},{"@type":"ImageObject","inLanguage":"en-US","@id":"https:\/\/elkaminante.com.uy\/paquetes\/bariloche-bs-as\/#primaryimage","url":"https:\/\/elkaminante.com.uy\/wp-content\/uploads\/2025\/06\/PAQ74.webp","contentUrl":"https:\/\/elkaminante.com.uy\/wp-content\/uploads\/2025\/06\/PAQ74.webp","width":800,"height":457},{"@type":"BreadcrumbList","@id":"https:\/\/elkaminante.com.uy\/paquetes\/bariloche-bs-as\/#breadcrumb","itemListElement":[{"@type":"ListItem","position":1,"name":"Inicio","item":"https:\/\/elkaminante.com.uy\/en\/"},{"@type":"ListItem","position":2,"name":"Viajes por el mundo","item":"https:\/\/elkaminante.com.uy\/en\/paquetes\/"},{"@type":"ListItem","position":3,"name":"Bariloche &#038; Bs.As."}]},{"@type":"WebSite","@id":"https:\/\/elkaminante.com.uy\/#website","url":"https:\/\/elkaminante.com.uy\/","name":"El Kaminante","description":"Viajes &amp; Turismo","publisher":{"@id":"https:\/\/elkaminante.com.uy\/#organization"},"potentialAction":[{"@type":"SearchAction","target":{"@type":"EntryPoint","urlTemplate":"https:\/\/elkaminante.com.uy\/?s={search_term_string}"},"query-input":{"@type":"PropertyValueSpecification","valueRequired":true,"valueName":"search_term_string"}}],"inLanguage":"en-US"},{"@type":"Organization","@id":"https:\/\/elkaminante.com.uy\/#organization","name":"El Kaminante","url":"https:\/\/elkaminante.com.uy\/","logo":{"@type":"ImageObject","inLanguage":"en-US","@id":"https:\/\/elkaminante.com.uy\/#\/schema\/logo\/image\/","url":"https:\/\/elkaminante.com.uy\/wp-content\/uploads\/2025\/02\/logo-elkaminante-blanco.svg","contentUrl":"https:\/\/elkaminante.com.uy\/wp-content\/uploads\/2025\/02\/logo-elkaminante-blanco.svg","caption":"El Kaminante"},"image":{"@id":"https:\/\/elkaminante.com.uy\/#\/schema\/logo\/image\/"}}]}},"_links":{"self":[{"href":"https:\/\/elkaminante.com.uy\/en\/wp-json\/wp\/v2\/product\/9785","targetHints":{"allow":["GET"]}}],"collection":[{"href":"https:\/\/elkaminante.com.uy\/en\/wp-json\/wp\/v2\/product"}],"about":[{"href":"https:\/\/elkaminante.com.uy\/en\/wp-json\/wp\/v2\/types\/product"}],"wp:featuredmedia":[{"embeddable":true,"href":"https:\/\/elkaminante.com.uy\/en\/wp-json\/wp\/v2\/media\/9783"}],"wp:attachment":[{"href":"https:\/\/elkaminante.com.uy\/en\/wp-json\/wp\/v2\/media?parent=9785"}],"wp:term":[{"taxonomy":"product_brand","embeddable":true,"href":"https:\/\/elkaminante.com.uy\/en\/wp-json\/wp\/v2\/product_brand?post=9785"},{"taxonomy":"product_cat","embeddable":true,"href":"https:\/\/elkaminante.com.uy\/en\/wp-json\/wp\/v2\/product_cat?post=9785"},{"taxonomy":"product_tag","embeddable":true,"href":"https:\/\/elkaminante.com.uy\/en\/wp-json\/wp\/v2\/product_tag?post=9785"}],"curies":[{"name":"wp","href":"https:\/\/api.w.org\/{rel}","templated":true}]}}