{"id":9773,"date":"2025-06-16T19:58:33","date_gmt":"2025-06-16T22:58:33","guid":{"rendered":"https:\/\/elkaminante.com.uy\/paquetes\/tailandia-exotica\/"},"modified":"2026-04-17T09:38:32","modified_gmt":"2026-04-17T12:38:32","slug":"tailandia-exotica","status":"publish","type":"product","link":"https:\/\/elkaminante.com.uy\/en\/paquetes\/tailandia-exotica\/","title":{"rendered":"Tailandia Ex\u00f3tica"},"content":{"rendered":"","protected":false},"excerpt":{"rendered":"<p>Ex\u00f3tica y llena de atractivos, <b>Tailandia<\/b> sugiere playas e islas paradis\u00edacas, interesantes tribus de monta\u00f1a del norte, animadas calles y mercados en Bangkok o algunos de los mejores rincones para bucear del planeta. Tailandia es uno de los destinos m\u00e1s so\u00f1ados y visitados del mundo. Los motivos son muchos: una cultura milenaria llena de historia, una gastronom\u00eda sabrosa y low cost, monta\u00f1as verdes salpicadas de cascadas, templos donde acercarse al budismo, playas de ensue\u00f1o y una capital que nunca descansa. El Templo del Buda de Oro, o Wat Traimit, es un lugar que debe visitar al viajar a Tailandia. En su interior podr\u00e1 disfrutar de una impresionante figura de oro macizo. No se pierda tampoco el Templo del Amanecer, el m\u00e1s antiguo y m\u00e1s alto de todos los santuarios de la ciudad.<\/p>\n<p><b>Bagkok<\/b>, Tailandia, es un aut\u00e9ntico tesoro del sudeste de Asia. La capital de Tailandia esconde centenares de secretos y lugares repletos de una magia y un exotismo incre\u00edbles. Los templos de la ciudad son uno de los grandes atractivos, junto con sus canales o klongs. Pasear en barco, viendo en las orillas el d\u00eda a d\u00eda de los tailandeses es una de las formas m\u00e1s interesantes de descubrir este destino. <i>Principales atractivos tur\u00edsticos:<\/i>Templo del Buda Reclinado, Templo del Buda de Oro, Templo del Amanecer, Palacio Real, Buda de esmeralda y el mercado flotante, entre otros.<\/p>\n","protected":false},"featured_media":9771,"template":"","meta":{"_acf_changed":false,"inline_featured_image":false},"product_brand":[],"product_cat":[28,1579],"product_tag":[392,390,64,2050,2130,1634,2534,62,3023,65,121,3907,395,398,394,1923,850,61,389,1711,402,3312,397,399,396,63],"class_list":{"0":"post-9773","1":"product","2":"type-product","3":"status-publish","4":"has-post-thumbnail","6":"product_cat-paquetes","7":"product_cat-uruguay","8":"product_tag-asia","9":"product_tag-bangkok","10":"product_tag-desayuno","11":"product_tag-en-octubre","12":"product_tag-en-tailandia","13":"product_tag-exhotico","14":"product_tag-exotico","15":"product_tag-exoticos","16":"product_tag-krabi","17":"product_tag-no-aplica","18":"product_tag-octubre","19":"product_tag-octubre-2026","20":"product_tag-paquetes-a-asia","21":"product_tag-paquetes-a-bangkok","22":"product_tag-paquetes-a-tailandia","23":"product_tag-phi-phi","24":"product_tag-phuket","25":"product_tag-sin-destino","26":"product_tag-tailandia","27":"product_tag-tailandia-en-octubre","28":"product_tag-tailandia-en-tailandia","29":"product_tag-tailandia-exotica","30":"product_tag-viajes-a-asia","31":"product_tag-viajes-a-bangkok","32":"product_tag-viajes-a-tailandia","33":"product_tag-vuelo-y-circuito","34":"entry","35":"has-media","37":"first","38":"instock","39":"shipping-taxable","40":"purchasable","41":"product-type-simple"},"acf":[],"yoast_head":"<!-- This site is optimized with the Yoast SEO plugin v27.2 - https:\/\/yoast.com\/product\/yoast-seo-wordpress\/ -->\n<title>Tailandia Ex\u00f3tica - El Kaminante<\/title>\n<meta name=\"robots\" content=\"index, follow, max-snippet:-1, max-image-preview:large, max-video-preview:-1\" \/>\n<link rel=\"canonical\" href=\"https:\/\/elkaminante.com.uy\/paquetes\/tailandia-exotica\/\" \/>\n<meta property=\"og:locale\" content=\"en_US\" \/>\n<meta property=\"og:type\" content=\"article\" \/>\n<meta property=\"og:title\" content=\"Tailandia Ex\u00f3tica - El Kaminante\" \/>\n<meta property=\"og:description\" content=\"Ex\u00f3tica y llena de atractivos, Tailandia sugiere playas e islas paradis\u00edacas, interesantes tribus de monta\u00f1a del norte, animadas calles y mercados en Bangkok o algunos de los mejores rincones para bucear del planeta. Tailandia es uno de los destinos m\u00e1s so\u00f1ados y visitados del mundo. Los motivos son muchos: una cultura milenaria llena de historia, una gastronom\u00eda sabrosa y low cost, monta\u00f1as verdes salpicadas de cascadas, templos donde acercarse al budismo, playas de ensue\u00f1o y una capital que nunca descansa. El Templo del Buda de Oro, o Wat Traimit, es un lugar que debe visitar al viajar a Tailandia. En su interior podr\u00e1 disfrutar de una impresionante figura de oro macizo. No se pierda tampoco el Templo del Amanecer, el m\u00e1s antiguo y m\u00e1s alto de todos los santuarios de la ciudad.Bagkok, Tailandia, es un aut\u00e9ntico tesoro del sudeste de Asia. La capital de Tailandia esconde centenares de secretos y lugares repletos de una magia y un exotismo incre\u00edbles. Los templos de la ciudad son uno de los grandes atractivos, junto con sus canales o klongs. Pasear en barco, viendo en las orillas el d\u00eda a d\u00eda de los tailandeses es una de las formas m\u00e1s interesantes de descubrir este destino. Principales atractivos tur\u00edsticos:Templo del Buda Reclinado, Templo del Buda de Oro, Templo del Amanecer, Palacio Real, Buda de esmeralda y el mercado flotante, entre otros.\" \/>\n<meta property=\"og:url\" content=\"https:\/\/elkaminante.com.uy\/paquetes\/tailandia-exotica\/\" \/>\n<meta property=\"og:site_name\" content=\"El Kaminante\" \/>\n<meta property=\"article:modified_time\" content=\"2026-04-17T12:38:32+00:00\" \/>\n<meta property=\"og:image\" content=\"https:\/\/elkaminante.com.uy\/wp-content\/uploads\/2025\/06\/PAQ62.webp\" \/>\n\t<meta property=\"og:image:width\" content=\"1200\" \/>\n\t<meta property=\"og:image:height\" content=\"630\" \/>\n\t<meta property=\"og:image:type\" content=\"image\/webp\" \/>\n<meta name=\"twitter:card\" content=\"summary_large_image\" \/>\n<script type=\"application\/ld+json\" class=\"yoast-schema-graph\">{\"@context\":\"https:\/\/schema.org\",\"@graph\":[{\"@type\":\"WebPage\",\"@id\":\"https:\/\/elkaminante.com.uy\/paquetes\/tailandia-exotica\/\",\"url\":\"https:\/\/elkaminante.com.uy\/paquetes\/tailandia-exotica\/\",\"name\":\"Tailandia Ex\u00f3tica - El Kaminante\",\"isPartOf\":{\"@id\":\"https:\/\/elkaminante.com.uy\/#website\"},\"primaryImageOfPage\":{\"@id\":\"https:\/\/elkaminante.com.uy\/paquetes\/tailandia-exotica\/#primaryimage\"},\"image\":{\"@id\":\"https:\/\/elkaminante.com.uy\/paquetes\/tailandia-exotica\/#primaryimage\"},\"thumbnailUrl\":\"https:\/\/elkaminante.com.uy\/wp-content\/uploads\/2025\/06\/PAQ62.webp\",\"datePublished\":\"2025-06-16T22:58:33+00:00\",\"dateModified\":\"2026-04-17T12:38:32+00:00\",\"breadcrumb\":{\"@id\":\"https:\/\/elkaminante.com.uy\/paquetes\/tailandia-exotica\/#breadcrumb\"},\"inLanguage\":\"en-US\",\"potentialAction\":[{\"@type\":\"ReadAction\",\"target\":[\"https:\/\/elkaminante.com.uy\/paquetes\/tailandia-exotica\/\"]}]},{\"@type\":\"ImageObject\",\"inLanguage\":\"en-US\",\"@id\":\"https:\/\/elkaminante.com.uy\/paquetes\/tailandia-exotica\/#primaryimage\",\"url\":\"https:\/\/elkaminante.com.uy\/wp-content\/uploads\/2025\/06\/PAQ62.webp\",\"contentUrl\":\"https:\/\/elkaminante.com.uy\/wp-content\/uploads\/2025\/06\/PAQ62.webp\",\"width\":1200,\"height\":630},{\"@type\":\"BreadcrumbList\",\"@id\":\"https:\/\/elkaminante.com.uy\/paquetes\/tailandia-exotica\/#breadcrumb\",\"itemListElement\":[{\"@type\":\"ListItem\",\"position\":1,\"name\":\"Inicio\",\"item\":\"https:\/\/elkaminante.com.uy\/en\/\"},{\"@type\":\"ListItem\",\"position\":2,\"name\":\"Viajes por el mundo\",\"item\":\"https:\/\/elkaminante.com.uy\/en\/paquetes\/\"},{\"@type\":\"ListItem\",\"position\":3,\"name\":\"Tailandia Ex\u00f3tica\"}]},{\"@type\":\"WebSite\",\"@id\":\"https:\/\/elkaminante.com.uy\/#website\",\"url\":\"https:\/\/elkaminante.com.uy\/\",\"name\":\"El Kaminante\",\"description\":\"Viajes &amp; Turismo\",\"publisher\":{\"@id\":\"https:\/\/elkaminante.com.uy\/#organization\"},\"potentialAction\":[{\"@type\":\"SearchAction\",\"target\":{\"@type\":\"EntryPoint\",\"urlTemplate\":\"https:\/\/elkaminante.com.uy\/?s={search_term_string}\"},\"query-input\":{\"@type\":\"PropertyValueSpecification\",\"valueRequired\":true,\"valueName\":\"search_term_string\"}}],\"inLanguage\":\"en-US\"},{\"@type\":\"Organization\",\"@id\":\"https:\/\/elkaminante.com.uy\/#organization\",\"name\":\"El Kaminante\",\"url\":\"https:\/\/elkaminante.com.uy\/\",\"logo\":{\"@type\":\"ImageObject\",\"inLanguage\":\"en-US\",\"@id\":\"https:\/\/elkaminante.com.uy\/#\/schema\/logo\/image\/\",\"url\":\"https:\/\/elkaminante.com.uy\/wp-content\/uploads\/2025\/02\/logo-elkaminante-blanco.svg\",\"contentUrl\":\"https:\/\/elkaminante.com.uy\/wp-content\/uploads\/2025\/02\/logo-elkaminante-blanco.svg\",\"caption\":\"El Kaminante\"},\"image\":{\"@id\":\"https:\/\/elkaminante.com.uy\/#\/schema\/logo\/image\/\"}}]}<\/script>\n<!-- \/ Yoast SEO plugin. -->","yoast_head_json":{"title":"Tailandia Ex\u00f3tica - El Kaminante","robots":{"index":"index","follow":"follow","max-snippet":"max-snippet:-1","max-image-preview":"max-image-preview:large","max-video-preview":"max-video-preview:-1"},"canonical":"https:\/\/elkaminante.com.uy\/paquetes\/tailandia-exotica\/","og_locale":"en_US","og_type":"article","og_title":"Tailandia Ex\u00f3tica - El Kaminante","og_description":"Ex\u00f3tica y llena de atractivos, Tailandia sugiere playas e islas paradis\u00edacas, interesantes tribus de monta\u00f1a del norte, animadas calles y mercados en Bangkok o algunos de los mejores rincones para bucear del planeta. Tailandia es uno de los destinos m\u00e1s so\u00f1ados y visitados del mundo. Los motivos son muchos: una cultura milenaria llena de historia, una gastronom\u00eda sabrosa y low cost, monta\u00f1as verdes salpicadas de cascadas, templos donde acercarse al budismo, playas de ensue\u00f1o y una capital que nunca descansa. El Templo del Buda de Oro, o Wat Traimit, es un lugar que debe visitar al viajar a Tailandia. En su interior podr\u00e1 disfrutar de una impresionante figura de oro macizo. No se pierda tampoco el Templo del Amanecer, el m\u00e1s antiguo y m\u00e1s alto de todos los santuarios de la ciudad.Bagkok, Tailandia, es un aut\u00e9ntico tesoro del sudeste de Asia. La capital de Tailandia esconde centenares de secretos y lugares repletos de una magia y un exotismo incre\u00edbles. Los templos de la ciudad son uno de los grandes atractivos, junto con sus canales o klongs. Pasear en barco, viendo en las orillas el d\u00eda a d\u00eda de los tailandeses es una de las formas m\u00e1s interesantes de descubrir este destino. Principales atractivos tur\u00edsticos:Templo del Buda Reclinado, Templo del Buda de Oro, Templo del Amanecer, Palacio Real, Buda de esmeralda y el mercado flotante, entre otros.","og_url":"https:\/\/elkaminante.com.uy\/paquetes\/tailandia-exotica\/","og_site_name":"El Kaminante","article_modified_time":"2026-04-17T12:38:32+00:00","og_image":[{"width":1200,"height":630,"url":"https:\/\/elkaminante.com.uy\/wp-content\/uploads\/2025\/06\/PAQ62.webp","type":"image\/webp"}],"twitter_card":"summary_large_image","schema":{"@context":"https:\/\/schema.org","@graph":[{"@type":"WebPage","@id":"https:\/\/elkaminante.com.uy\/paquetes\/tailandia-exotica\/","url":"https:\/\/elkaminante.com.uy\/paquetes\/tailandia-exotica\/","name":"Tailandia Ex\u00f3tica - El Kaminante","isPartOf":{"@id":"https:\/\/elkaminante.com.uy\/#website"},"primaryImageOfPage":{"@id":"https:\/\/elkaminante.com.uy\/paquetes\/tailandia-exotica\/#primaryimage"},"image":{"@id":"https:\/\/elkaminante.com.uy\/paquetes\/tailandia-exotica\/#primaryimage"},"thumbnailUrl":"https:\/\/elkaminante.com.uy\/wp-content\/uploads\/2025\/06\/PAQ62.webp","datePublished":"2025-06-16T22:58:33+00:00","dateModified":"2026-04-17T12:38:32+00:00","breadcrumb":{"@id":"https:\/\/elkaminante.com.uy\/paquetes\/tailandia-exotica\/#breadcrumb"},"inLanguage":"en-US","potentialAction":[{"@type":"ReadAction","target":["https:\/\/elkaminante.com.uy\/paquetes\/tailandia-exotica\/"]}]},{"@type":"ImageObject","inLanguage":"en-US","@id":"https:\/\/elkaminante.com.uy\/paquetes\/tailandia-exotica\/#primaryimage","url":"https:\/\/elkaminante.com.uy\/wp-content\/uploads\/2025\/06\/PAQ62.webp","contentUrl":"https:\/\/elkaminante.com.uy\/wp-content\/uploads\/2025\/06\/PAQ62.webp","width":1200,"height":630},{"@type":"BreadcrumbList","@id":"https:\/\/elkaminante.com.uy\/paquetes\/tailandia-exotica\/#breadcrumb","itemListElement":[{"@type":"ListItem","position":1,"name":"Inicio","item":"https:\/\/elkaminante.com.uy\/en\/"},{"@type":"ListItem","position":2,"name":"Viajes por el mundo","item":"https:\/\/elkaminante.com.uy\/en\/paquetes\/"},{"@type":"ListItem","position":3,"name":"Tailandia Ex\u00f3tica"}]},{"@type":"WebSite","@id":"https:\/\/elkaminante.com.uy\/#website","url":"https:\/\/elkaminante.com.uy\/","name":"El Kaminante","description":"Viajes &amp; Turismo","publisher":{"@id":"https:\/\/elkaminante.com.uy\/#organization"},"potentialAction":[{"@type":"SearchAction","target":{"@type":"EntryPoint","urlTemplate":"https:\/\/elkaminante.com.uy\/?s={search_term_string}"},"query-input":{"@type":"PropertyValueSpecification","valueRequired":true,"valueName":"search_term_string"}}],"inLanguage":"en-US"},{"@type":"Organization","@id":"https:\/\/elkaminante.com.uy\/#organization","name":"El Kaminante","url":"https:\/\/elkaminante.com.uy\/","logo":{"@type":"ImageObject","inLanguage":"en-US","@id":"https:\/\/elkaminante.com.uy\/#\/schema\/logo\/image\/","url":"https:\/\/elkaminante.com.uy\/wp-content\/uploads\/2025\/02\/logo-elkaminante-blanco.svg","contentUrl":"https:\/\/elkaminante.com.uy\/wp-content\/uploads\/2025\/02\/logo-elkaminante-blanco.svg","caption":"El Kaminante"},"image":{"@id":"https:\/\/elkaminante.com.uy\/#\/schema\/logo\/image\/"}}]}},"_links":{"self":[{"href":"https:\/\/elkaminante.com.uy\/en\/wp-json\/wp\/v2\/product\/9773","targetHints":{"allow":["GET"]}}],"collection":[{"href":"https:\/\/elkaminante.com.uy\/en\/wp-json\/wp\/v2\/product"}],"about":[{"href":"https:\/\/elkaminante.com.uy\/en\/wp-json\/wp\/v2\/types\/product"}],"wp:featuredmedia":[{"embeddable":true,"href":"https:\/\/elkaminante.com.uy\/en\/wp-json\/wp\/v2\/media\/9771"}],"wp:attachment":[{"href":"https:\/\/elkaminante.com.uy\/en\/wp-json\/wp\/v2\/media?parent=9773"}],"wp:term":[{"taxonomy":"product_brand","embeddable":true,"href":"https:\/\/elkaminante.com.uy\/en\/wp-json\/wp\/v2\/product_brand?post=9773"},{"taxonomy":"product_cat","embeddable":true,"href":"https:\/\/elkaminante.com.uy\/en\/wp-json\/wp\/v2\/product_cat?post=9773"},{"taxonomy":"product_tag","embeddable":true,"href":"https:\/\/elkaminante.com.uy\/en\/wp-json\/wp\/v2\/product_tag?post=9773"}],"curies":[{"name":"wp","href":"https:\/\/api.w.org\/{rel}","templated":true}]}}