{"id":9714,"date":"2025-06-16T19:57:13","date_gmt":"2025-06-16T22:57:13","guid":{"rendered":"https:\/\/elkaminante.com.uy\/paquetes\/varadero-cuba\/"},"modified":"2026-04-17T09:38:29","modified_gmt":"2026-04-17T12:38:29","slug":"varadero-cuba","status":"publish","type":"product","link":"https:\/\/elkaminante.com.uy\/en\/paquetes\/varadero-cuba\/","title":{"rendered":"Varadero Cuba"},"content":{"rendered":"","protected":false},"excerpt":{"rendered":"<p><b>Varadero<\/b>, constituye la m\u00e1s bella de las playas cubanas y uno de los destinos m\u00e1s importantes del Caribe. Cuenta con facilidades para la actividad n\u00e1utica, golf, eventos y viajes de incetivo, una atractiva vida nocturna promovida por los Centros Culturales, todo ello acompa\u00f1ado de una infraestructura tur\u00edstica para garantizar la satisfacci\u00f3n del cliente. La transparencia de sus aguas, las dis\u00edmiles tonalidades azules del mar, sus blancas y fin\u00edsimas arenas, su clima c\u00e1lido, su vegetaci\u00f3n y paisajes naturales, lo convierten en un balneario inolvidable.<\/p>\n","protected":false},"featured_media":9712,"template":"","meta":{"_acf_changed":false,"inline_featured_image":false},"product_brand":[],"product_cat":[28,1579],"product_tag":[173,175,34,176,233,617,243,2090,2018,2089,278,2506,65,180,234,236,177,61,3282,231,3304,182,235,237,178,119],"class_list":{"0":"post-9714","1":"product","2":"type-product","3":"status-publish","4":"has-post-thumbnail","6":"product_cat-paquetes","7":"product_cat-uruguay","8":"product_tag-all-inclusive","9":"product_tag-america-central","10":"product_tag-caribe","11":"product_tag-centro-america","12":"product_tag-cuba","13":"product_tag-cuba-en-mayo","14":"product_tag-cuba-en-varadero","15":"product_tag-en-cuba","16":"product_tag-en-mayo","17":"product_tag-en-varadero","18":"product_tag-mayo","19":"product_tag-mayo-2026all-inclusive","20":"product_tag-no-aplica","21":"product_tag-paquetes-a-america-central","22":"product_tag-paquetes-a-cuba","23":"product_tag-paquetes-a-varadero","24":"product_tag-paquetes-al-caribe","25":"product_tag-sin-destino","26":"product_tag-temporada-baja","27":"product_tag-varadero","28":"product_tag-varadero-cuba","29":"product_tag-viajes-a-america-central","30":"product_tag-viajes-a-cuba","31":"product_tag-viajes-a-varadero","32":"product_tag-viajes-al-caribe","33":"product_tag-vuelo-y-hotel","34":"entry","35":"has-media","37":"first","38":"instock","39":"shipping-taxable","40":"purchasable","41":"product-type-simple"},"acf":[],"yoast_head":"<!-- This site is optimized with the Yoast SEO plugin v27.2 - https:\/\/yoast.com\/product\/yoast-seo-wordpress\/ -->\n<title>Varadero Cuba - El Kaminante<\/title>\n<meta name=\"robots\" content=\"index, follow, max-snippet:-1, max-image-preview:large, max-video-preview:-1\" \/>\n<link rel=\"canonical\" href=\"https:\/\/elkaminante.com.uy\/paquetes\/varadero-cuba\/\" \/>\n<meta property=\"og:locale\" content=\"en_US\" \/>\n<meta property=\"og:type\" content=\"article\" \/>\n<meta property=\"og:title\" content=\"Varadero Cuba - El Kaminante\" \/>\n<meta property=\"og:description\" content=\"Varadero, constituye la m\u00e1s bella de las playas cubanas y uno de los destinos m\u00e1s importantes del Caribe. Cuenta con facilidades para la actividad n\u00e1utica, golf, eventos y viajes de incetivo, una atractiva vida nocturna promovida por los Centros Culturales, todo ello acompa\u00f1ado de una infraestructura tur\u00edstica para garantizar la satisfacci\u00f3n del cliente. La transparencia de sus aguas, las dis\u00edmiles tonalidades azules del mar, sus blancas y fin\u00edsimas arenas, su clima c\u00e1lido, su vegetaci\u00f3n y paisajes naturales, lo convierten en un balneario inolvidable.\" \/>\n<meta property=\"og:url\" content=\"https:\/\/elkaminante.com.uy\/paquetes\/varadero-cuba\/\" \/>\n<meta property=\"og:site_name\" content=\"El Kaminante\" \/>\n<meta property=\"article:modified_time\" content=\"2026-04-17T12:38:29+00:00\" \/>\n<meta property=\"og:image\" content=\"https:\/\/elkaminante.com.uy\/wp-content\/uploads\/2025\/06\/PAQ39.webp\" \/>\n\t<meta property=\"og:image:width\" content=\"800\" \/>\n\t<meta property=\"og:image:height\" content=\"457\" \/>\n\t<meta property=\"og:image:type\" content=\"image\/webp\" \/>\n<meta name=\"twitter:card\" content=\"summary_large_image\" \/>\n<script type=\"application\/ld+json\" class=\"yoast-schema-graph\">{\"@context\":\"https:\/\/schema.org\",\"@graph\":[{\"@type\":\"WebPage\",\"@id\":\"https:\/\/elkaminante.com.uy\/paquetes\/varadero-cuba\/\",\"url\":\"https:\/\/elkaminante.com.uy\/paquetes\/varadero-cuba\/\",\"name\":\"Varadero Cuba - El Kaminante\",\"isPartOf\":{\"@id\":\"https:\/\/elkaminante.com.uy\/#website\"},\"primaryImageOfPage\":{\"@id\":\"https:\/\/elkaminante.com.uy\/paquetes\/varadero-cuba\/#primaryimage\"},\"image\":{\"@id\":\"https:\/\/elkaminante.com.uy\/paquetes\/varadero-cuba\/#primaryimage\"},\"thumbnailUrl\":\"https:\/\/elkaminante.com.uy\/wp-content\/uploads\/2025\/06\/PAQ39.webp\",\"datePublished\":\"2025-06-16T22:57:13+00:00\",\"dateModified\":\"2026-04-17T12:38:29+00:00\",\"breadcrumb\":{\"@id\":\"https:\/\/elkaminante.com.uy\/paquetes\/varadero-cuba\/#breadcrumb\"},\"inLanguage\":\"en-US\",\"potentialAction\":[{\"@type\":\"ReadAction\",\"target\":[\"https:\/\/elkaminante.com.uy\/paquetes\/varadero-cuba\/\"]}]},{\"@type\":\"ImageObject\",\"inLanguage\":\"en-US\",\"@id\":\"https:\/\/elkaminante.com.uy\/paquetes\/varadero-cuba\/#primaryimage\",\"url\":\"https:\/\/elkaminante.com.uy\/wp-content\/uploads\/2025\/06\/PAQ39.webp\",\"contentUrl\":\"https:\/\/elkaminante.com.uy\/wp-content\/uploads\/2025\/06\/PAQ39.webp\",\"width\":800,\"height\":457},{\"@type\":\"BreadcrumbList\",\"@id\":\"https:\/\/elkaminante.com.uy\/paquetes\/varadero-cuba\/#breadcrumb\",\"itemListElement\":[{\"@type\":\"ListItem\",\"position\":1,\"name\":\"Inicio\",\"item\":\"https:\/\/elkaminante.com.uy\/en\/\"},{\"@type\":\"ListItem\",\"position\":2,\"name\":\"Viajes por el mundo\",\"item\":\"https:\/\/elkaminante.com.uy\/en\/paquetes\/\"},{\"@type\":\"ListItem\",\"position\":3,\"name\":\"Varadero Cuba\"}]},{\"@type\":\"WebSite\",\"@id\":\"https:\/\/elkaminante.com.uy\/#website\",\"url\":\"https:\/\/elkaminante.com.uy\/\",\"name\":\"El Kaminante\",\"description\":\"Viajes &amp; Turismo\",\"publisher\":{\"@id\":\"https:\/\/elkaminante.com.uy\/#organization\"},\"potentialAction\":[{\"@type\":\"SearchAction\",\"target\":{\"@type\":\"EntryPoint\",\"urlTemplate\":\"https:\/\/elkaminante.com.uy\/?s={search_term_string}\"},\"query-input\":{\"@type\":\"PropertyValueSpecification\",\"valueRequired\":true,\"valueName\":\"search_term_string\"}}],\"inLanguage\":\"en-US\"},{\"@type\":\"Organization\",\"@id\":\"https:\/\/elkaminante.com.uy\/#organization\",\"name\":\"El Kaminante\",\"url\":\"https:\/\/elkaminante.com.uy\/\",\"logo\":{\"@type\":\"ImageObject\",\"inLanguage\":\"en-US\",\"@id\":\"https:\/\/elkaminante.com.uy\/#\/schema\/logo\/image\/\",\"url\":\"https:\/\/elkaminante.com.uy\/wp-content\/uploads\/2025\/02\/logo-elkaminante-blanco.svg\",\"contentUrl\":\"https:\/\/elkaminante.com.uy\/wp-content\/uploads\/2025\/02\/logo-elkaminante-blanco.svg\",\"caption\":\"El Kaminante\"},\"image\":{\"@id\":\"https:\/\/elkaminante.com.uy\/#\/schema\/logo\/image\/\"}}]}<\/script>\n<!-- \/ Yoast SEO plugin. -->","yoast_head_json":{"title":"Varadero Cuba - El Kaminante","robots":{"index":"index","follow":"follow","max-snippet":"max-snippet:-1","max-image-preview":"max-image-preview:large","max-video-preview":"max-video-preview:-1"},"canonical":"https:\/\/elkaminante.com.uy\/paquetes\/varadero-cuba\/","og_locale":"en_US","og_type":"article","og_title":"Varadero Cuba - El Kaminante","og_description":"Varadero, constituye la m\u00e1s bella de las playas cubanas y uno de los destinos m\u00e1s importantes del Caribe. Cuenta con facilidades para la actividad n\u00e1utica, golf, eventos y viajes de incetivo, una atractiva vida nocturna promovida por los Centros Culturales, todo ello acompa\u00f1ado de una infraestructura tur\u00edstica para garantizar la satisfacci\u00f3n del cliente. La transparencia de sus aguas, las dis\u00edmiles tonalidades azules del mar, sus blancas y fin\u00edsimas arenas, su clima c\u00e1lido, su vegetaci\u00f3n y paisajes naturales, lo convierten en un balneario inolvidable.","og_url":"https:\/\/elkaminante.com.uy\/paquetes\/varadero-cuba\/","og_site_name":"El Kaminante","article_modified_time":"2026-04-17T12:38:29+00:00","og_image":[{"width":800,"height":457,"url":"https:\/\/elkaminante.com.uy\/wp-content\/uploads\/2025\/06\/PAQ39.webp","type":"image\/webp"}],"twitter_card":"summary_large_image","schema":{"@context":"https:\/\/schema.org","@graph":[{"@type":"WebPage","@id":"https:\/\/elkaminante.com.uy\/paquetes\/varadero-cuba\/","url":"https:\/\/elkaminante.com.uy\/paquetes\/varadero-cuba\/","name":"Varadero Cuba - El Kaminante","isPartOf":{"@id":"https:\/\/elkaminante.com.uy\/#website"},"primaryImageOfPage":{"@id":"https:\/\/elkaminante.com.uy\/paquetes\/varadero-cuba\/#primaryimage"},"image":{"@id":"https:\/\/elkaminante.com.uy\/paquetes\/varadero-cuba\/#primaryimage"},"thumbnailUrl":"https:\/\/elkaminante.com.uy\/wp-content\/uploads\/2025\/06\/PAQ39.webp","datePublished":"2025-06-16T22:57:13+00:00","dateModified":"2026-04-17T12:38:29+00:00","breadcrumb":{"@id":"https:\/\/elkaminante.com.uy\/paquetes\/varadero-cuba\/#breadcrumb"},"inLanguage":"en-US","potentialAction":[{"@type":"ReadAction","target":["https:\/\/elkaminante.com.uy\/paquetes\/varadero-cuba\/"]}]},{"@type":"ImageObject","inLanguage":"en-US","@id":"https:\/\/elkaminante.com.uy\/paquetes\/varadero-cuba\/#primaryimage","url":"https:\/\/elkaminante.com.uy\/wp-content\/uploads\/2025\/06\/PAQ39.webp","contentUrl":"https:\/\/elkaminante.com.uy\/wp-content\/uploads\/2025\/06\/PAQ39.webp","width":800,"height":457},{"@type":"BreadcrumbList","@id":"https:\/\/elkaminante.com.uy\/paquetes\/varadero-cuba\/#breadcrumb","itemListElement":[{"@type":"ListItem","position":1,"name":"Inicio","item":"https:\/\/elkaminante.com.uy\/en\/"},{"@type":"ListItem","position":2,"name":"Viajes por el mundo","item":"https:\/\/elkaminante.com.uy\/en\/paquetes\/"},{"@type":"ListItem","position":3,"name":"Varadero Cuba"}]},{"@type":"WebSite","@id":"https:\/\/elkaminante.com.uy\/#website","url":"https:\/\/elkaminante.com.uy\/","name":"El Kaminante","description":"Viajes &amp; Turismo","publisher":{"@id":"https:\/\/elkaminante.com.uy\/#organization"},"potentialAction":[{"@type":"SearchAction","target":{"@type":"EntryPoint","urlTemplate":"https:\/\/elkaminante.com.uy\/?s={search_term_string}"},"query-input":{"@type":"PropertyValueSpecification","valueRequired":true,"valueName":"search_term_string"}}],"inLanguage":"en-US"},{"@type":"Organization","@id":"https:\/\/elkaminante.com.uy\/#organization","name":"El Kaminante","url":"https:\/\/elkaminante.com.uy\/","logo":{"@type":"ImageObject","inLanguage":"en-US","@id":"https:\/\/elkaminante.com.uy\/#\/schema\/logo\/image\/","url":"https:\/\/elkaminante.com.uy\/wp-content\/uploads\/2025\/02\/logo-elkaminante-blanco.svg","contentUrl":"https:\/\/elkaminante.com.uy\/wp-content\/uploads\/2025\/02\/logo-elkaminante-blanco.svg","caption":"El Kaminante"},"image":{"@id":"https:\/\/elkaminante.com.uy\/#\/schema\/logo\/image\/"}}]}},"_links":{"self":[{"href":"https:\/\/elkaminante.com.uy\/en\/wp-json\/wp\/v2\/product\/9714","targetHints":{"allow":["GET"]}}],"collection":[{"href":"https:\/\/elkaminante.com.uy\/en\/wp-json\/wp\/v2\/product"}],"about":[{"href":"https:\/\/elkaminante.com.uy\/en\/wp-json\/wp\/v2\/types\/product"}],"wp:featuredmedia":[{"embeddable":true,"href":"https:\/\/elkaminante.com.uy\/en\/wp-json\/wp\/v2\/media\/9712"}],"wp:attachment":[{"href":"https:\/\/elkaminante.com.uy\/en\/wp-json\/wp\/v2\/media?parent=9714"}],"wp:term":[{"taxonomy":"product_brand","embeddable":true,"href":"https:\/\/elkaminante.com.uy\/en\/wp-json\/wp\/v2\/product_brand?post=9714"},{"taxonomy":"product_cat","embeddable":true,"href":"https:\/\/elkaminante.com.uy\/en\/wp-json\/wp\/v2\/product_cat?post=9714"},{"taxonomy":"product_tag","embeddable":true,"href":"https:\/\/elkaminante.com.uy\/en\/wp-json\/wp\/v2\/product_tag?post=9714"}],"curies":[{"name":"wp","href":"https:\/\/api.w.org\/{rel}","templated":true}]}}