{"id":9631,"date":"2025-06-16T19:56:05","date_gmt":"2025-06-16T22:56:05","guid":{"rendered":"https:\/\/elkaminante.com.uy\/paquetes\/iberostar-waves-bahia\/"},"modified":"2026-04-17T09:38:26","modified_gmt":"2026-04-17T12:38:26","slug":"iberostar-waves-bahia","status":"publish","type":"product","link":"https:\/\/elkaminante.com.uy\/en\/paquetes\/iberostar-waves-bahia\/","title":{"rendered":"Iberostar Waves Bahia"},"content":{"rendered":"","protected":false},"excerpt":{"rendered":"<p>Podemos decir que <b>Costa do Sau\u00edpe<\/b> es un complejo hotelero de alto nivel, ubicado en un para\u00edso ecol\u00f3gico y \u00e1rea de protecci\u00f3n ambiental, ideal para personas que buscan combinar lo ex\u00f3tico con el confort de un resort. A lo largo de la imponente \u00abLinha Verde\u00bb, carretera de acceso a este lugar paradis\u00edaco, surge toda la belleza de la regi\u00f3n, con sus playas de ensue\u00f1o. Costa do Sau\u00edpe aparece encantadora, con la naturaleza preservada dentro del ecosistema, con las garant\u00edas de las leyes pertinentes a las \u00c1reas de Protecci\u00f3n del Medio Ambiente (APA) y a la Zona de Turismo Especial (ZTE). El movimiento y la alegr\u00eda, con la musicalidad, las danzas y los encantos de Bah\u00eda est\u00e1n presentes en cada callecita, en cada bar, en cada plaza, y todo sazonado con la ex\u00f3tica cocina bahiana o con la variada cocina internacional.<\/p>\n","protected":false},"featured_media":9629,"template":"","meta":{"_acf_changed":false,"inline_featured_image":false},"product_brand":[],"product_cat":[28,1579],"product_tag":[562,3776,173,88,35,1617,276,271,272,568,2054,2098,3292,65,91,90,273,61,89,3282,93,92,274,119],"class_list":{"0":"post-9631","1":"product","2":"type-product","3":"status-publish","4":"has-post-thumbnail","6":"product_cat-paquetes","7":"product_cat-uruguay","8":"product_tag-agosto","9":"product_tag-agosto-2026all-inclusive","10":"product_tag-all-inclusive","11":"product_tag-america-del-sur","12":"product_tag-brasil","13":"product_tag-brasil-en-agosto","14":"product_tag-brasil-en-costa-de-sauipe","15":"product_tag-costa-de-sauipe","16":"product_tag-costa-sauipe","17":"product_tag-en-agosto","18":"product_tag-en-brasil","19":"product_tag-en-costa-de-sauipe","20":"product_tag-iberostar-waves-bahia","21":"product_tag-no-aplica","22":"product_tag-paquetes-a-america-del-sur","23":"product_tag-paquetes-a-brasil","24":"product_tag-paquetes-a-costa-de-sauipe","25":"product_tag-sin-destino","26":"product_tag-sudamerica","27":"product_tag-temporada-baja","28":"product_tag-viajes-a-america-del-sur","29":"product_tag-viajes-a-brasil","30":"product_tag-viajes-a-costa-de-sauipe","31":"product_tag-vuelo-y-hotel","32":"entry","33":"has-media","35":"first","36":"instock","37":"shipping-taxable","38":"purchasable","39":"product-type-simple"},"acf":[],"yoast_head":"<!-- This site is optimized with the Yoast SEO plugin v27.2 - https:\/\/yoast.com\/product\/yoast-seo-wordpress\/ -->\n<title>Iberostar Waves Bahia - El Kaminante<\/title>\n<meta name=\"robots\" content=\"index, follow, max-snippet:-1, max-image-preview:large, max-video-preview:-1\" \/>\n<link rel=\"canonical\" href=\"https:\/\/elkaminante.com.uy\/paquetes\/iberostar-waves-bahia\/\" \/>\n<meta property=\"og:locale\" content=\"en_US\" \/>\n<meta property=\"og:type\" content=\"article\" \/>\n<meta property=\"og:title\" content=\"Iberostar Waves Bahia - El Kaminante\" \/>\n<meta property=\"og:description\" content=\"Podemos decir que Costa do Sau\u00edpe es un complejo hotelero de alto nivel, ubicado en un para\u00edso ecol\u00f3gico y \u00e1rea de protecci\u00f3n ambiental, ideal para personas que buscan combinar lo ex\u00f3tico con el confort de un resort. A lo largo de la imponente \u00abLinha Verde\u00bb, carretera de acceso a este lugar paradis\u00edaco, surge toda la belleza de la regi\u00f3n, con sus playas de ensue\u00f1o. Costa do Sau\u00edpe aparece encantadora, con la naturaleza preservada dentro del ecosistema, con las garant\u00edas de las leyes pertinentes a las \u00c1reas de Protecci\u00f3n del Medio Ambiente (APA) y a la Zona de Turismo Especial (ZTE). El movimiento y la alegr\u00eda, con la musicalidad, las danzas y los encantos de Bah\u00eda est\u00e1n presentes en cada callecita, en cada bar, en cada plaza, y todo sazonado con la ex\u00f3tica cocina bahiana o con la variada cocina internacional.\" \/>\n<meta property=\"og:url\" content=\"https:\/\/elkaminante.com.uy\/paquetes\/iberostar-waves-bahia\/\" \/>\n<meta property=\"og:site_name\" content=\"El Kaminante\" \/>\n<meta property=\"article:modified_time\" content=\"2026-04-17T12:38:26+00:00\" \/>\n<meta name=\"twitter:card\" content=\"summary_large_image\" \/>\n<script type=\"application\/ld+json\" class=\"yoast-schema-graph\">{\"@context\":\"https:\/\/schema.org\",\"@graph\":[{\"@type\":\"WebPage\",\"@id\":\"https:\/\/elkaminante.com.uy\/paquetes\/iberostar-waves-bahia\/\",\"url\":\"https:\/\/elkaminante.com.uy\/paquetes\/iberostar-waves-bahia\/\",\"name\":\"Iberostar Waves Bahia - El Kaminante\",\"isPartOf\":{\"@id\":\"https:\/\/elkaminante.com.uy\/#website\"},\"primaryImageOfPage\":{\"@id\":\"https:\/\/elkaminante.com.uy\/paquetes\/iberostar-waves-bahia\/#primaryimage\"},\"image\":{\"@id\":\"https:\/\/elkaminante.com.uy\/paquetes\/iberostar-waves-bahia\/#primaryimage\"},\"thumbnailUrl\":\"https:\/\/elkaminante.com.uy\/wp-content\/uploads\/2025\/06\/PAQ23.webp\",\"datePublished\":\"2025-06-16T22:56:05+00:00\",\"dateModified\":\"2026-04-17T12:38:26+00:00\",\"breadcrumb\":{\"@id\":\"https:\/\/elkaminante.com.uy\/paquetes\/iberostar-waves-bahia\/#breadcrumb\"},\"inLanguage\":\"en-US\",\"potentialAction\":[{\"@type\":\"ReadAction\",\"target\":[\"https:\/\/elkaminante.com.uy\/paquetes\/iberostar-waves-bahia\/\"]}]},{\"@type\":\"ImageObject\",\"inLanguage\":\"en-US\",\"@id\":\"https:\/\/elkaminante.com.uy\/paquetes\/iberostar-waves-bahia\/#primaryimage\",\"url\":\"https:\/\/elkaminante.com.uy\/wp-content\/uploads\/2025\/06\/PAQ23.webp\",\"contentUrl\":\"https:\/\/elkaminante.com.uy\/wp-content\/uploads\/2025\/06\/PAQ23.webp\",\"width\":800,\"height\":457},{\"@type\":\"BreadcrumbList\",\"@id\":\"https:\/\/elkaminante.com.uy\/paquetes\/iberostar-waves-bahia\/#breadcrumb\",\"itemListElement\":[{\"@type\":\"ListItem\",\"position\":1,\"name\":\"Inicio\",\"item\":\"https:\/\/elkaminante.com.uy\/en\/\"},{\"@type\":\"ListItem\",\"position\":2,\"name\":\"Viajes por el mundo\",\"item\":\"https:\/\/elkaminante.com.uy\/en\/paquetes\/\"},{\"@type\":\"ListItem\",\"position\":3,\"name\":\"Iberostar Waves Bahia\"}]},{\"@type\":\"WebSite\",\"@id\":\"https:\/\/elkaminante.com.uy\/#website\",\"url\":\"https:\/\/elkaminante.com.uy\/\",\"name\":\"El Kaminante\",\"description\":\"Viajes &amp; Turismo\",\"publisher\":{\"@id\":\"https:\/\/elkaminante.com.uy\/#organization\"},\"potentialAction\":[{\"@type\":\"SearchAction\",\"target\":{\"@type\":\"EntryPoint\",\"urlTemplate\":\"https:\/\/elkaminante.com.uy\/?s={search_term_string}\"},\"query-input\":{\"@type\":\"PropertyValueSpecification\",\"valueRequired\":true,\"valueName\":\"search_term_string\"}}],\"inLanguage\":\"en-US\"},{\"@type\":\"Organization\",\"@id\":\"https:\/\/elkaminante.com.uy\/#organization\",\"name\":\"El Kaminante\",\"url\":\"https:\/\/elkaminante.com.uy\/\",\"logo\":{\"@type\":\"ImageObject\",\"inLanguage\":\"en-US\",\"@id\":\"https:\/\/elkaminante.com.uy\/#\/schema\/logo\/image\/\",\"url\":\"https:\/\/elkaminante.com.uy\/wp-content\/uploads\/2025\/02\/logo-elkaminante-blanco.svg\",\"contentUrl\":\"https:\/\/elkaminante.com.uy\/wp-content\/uploads\/2025\/02\/logo-elkaminante-blanco.svg\",\"caption\":\"El Kaminante\"},\"image\":{\"@id\":\"https:\/\/elkaminante.com.uy\/#\/schema\/logo\/image\/\"}}]}<\/script>\n<!-- \/ Yoast SEO plugin. -->","yoast_head_json":{"title":"Iberostar Waves Bahia - El Kaminante","robots":{"index":"index","follow":"follow","max-snippet":"max-snippet:-1","max-image-preview":"max-image-preview:large","max-video-preview":"max-video-preview:-1"},"canonical":"https:\/\/elkaminante.com.uy\/paquetes\/iberostar-waves-bahia\/","og_locale":"en_US","og_type":"article","og_title":"Iberostar Waves Bahia - El Kaminante","og_description":"Podemos decir que Costa do Sau\u00edpe es un complejo hotelero de alto nivel, ubicado en un para\u00edso ecol\u00f3gico y \u00e1rea de protecci\u00f3n ambiental, ideal para personas que buscan combinar lo ex\u00f3tico con el confort de un resort. A lo largo de la imponente \u00abLinha Verde\u00bb, carretera de acceso a este lugar paradis\u00edaco, surge toda la belleza de la regi\u00f3n, con sus playas de ensue\u00f1o. Costa do Sau\u00edpe aparece encantadora, con la naturaleza preservada dentro del ecosistema, con las garant\u00edas de las leyes pertinentes a las \u00c1reas de Protecci\u00f3n del Medio Ambiente (APA) y a la Zona de Turismo Especial (ZTE). El movimiento y la alegr\u00eda, con la musicalidad, las danzas y los encantos de Bah\u00eda est\u00e1n presentes en cada callecita, en cada bar, en cada plaza, y todo sazonado con la ex\u00f3tica cocina bahiana o con la variada cocina internacional.","og_url":"https:\/\/elkaminante.com.uy\/paquetes\/iberostar-waves-bahia\/","og_site_name":"El Kaminante","article_modified_time":"2026-04-17T12:38:26+00:00","twitter_card":"summary_large_image","schema":{"@context":"https:\/\/schema.org","@graph":[{"@type":"WebPage","@id":"https:\/\/elkaminante.com.uy\/paquetes\/iberostar-waves-bahia\/","url":"https:\/\/elkaminante.com.uy\/paquetes\/iberostar-waves-bahia\/","name":"Iberostar Waves Bahia - El Kaminante","isPartOf":{"@id":"https:\/\/elkaminante.com.uy\/#website"},"primaryImageOfPage":{"@id":"https:\/\/elkaminante.com.uy\/paquetes\/iberostar-waves-bahia\/#primaryimage"},"image":{"@id":"https:\/\/elkaminante.com.uy\/paquetes\/iberostar-waves-bahia\/#primaryimage"},"thumbnailUrl":"https:\/\/elkaminante.com.uy\/wp-content\/uploads\/2025\/06\/PAQ23.webp","datePublished":"2025-06-16T22:56:05+00:00","dateModified":"2026-04-17T12:38:26+00:00","breadcrumb":{"@id":"https:\/\/elkaminante.com.uy\/paquetes\/iberostar-waves-bahia\/#breadcrumb"},"inLanguage":"en-US","potentialAction":[{"@type":"ReadAction","target":["https:\/\/elkaminante.com.uy\/paquetes\/iberostar-waves-bahia\/"]}]},{"@type":"ImageObject","inLanguage":"en-US","@id":"https:\/\/elkaminante.com.uy\/paquetes\/iberostar-waves-bahia\/#primaryimage","url":"https:\/\/elkaminante.com.uy\/wp-content\/uploads\/2025\/06\/PAQ23.webp","contentUrl":"https:\/\/elkaminante.com.uy\/wp-content\/uploads\/2025\/06\/PAQ23.webp","width":800,"height":457},{"@type":"BreadcrumbList","@id":"https:\/\/elkaminante.com.uy\/paquetes\/iberostar-waves-bahia\/#breadcrumb","itemListElement":[{"@type":"ListItem","position":1,"name":"Inicio","item":"https:\/\/elkaminante.com.uy\/en\/"},{"@type":"ListItem","position":2,"name":"Viajes por el mundo","item":"https:\/\/elkaminante.com.uy\/en\/paquetes\/"},{"@type":"ListItem","position":3,"name":"Iberostar Waves Bahia"}]},{"@type":"WebSite","@id":"https:\/\/elkaminante.com.uy\/#website","url":"https:\/\/elkaminante.com.uy\/","name":"El Kaminante","description":"Viajes &amp; Turismo","publisher":{"@id":"https:\/\/elkaminante.com.uy\/#organization"},"potentialAction":[{"@type":"SearchAction","target":{"@type":"EntryPoint","urlTemplate":"https:\/\/elkaminante.com.uy\/?s={search_term_string}"},"query-input":{"@type":"PropertyValueSpecification","valueRequired":true,"valueName":"search_term_string"}}],"inLanguage":"en-US"},{"@type":"Organization","@id":"https:\/\/elkaminante.com.uy\/#organization","name":"El Kaminante","url":"https:\/\/elkaminante.com.uy\/","logo":{"@type":"ImageObject","inLanguage":"en-US","@id":"https:\/\/elkaminante.com.uy\/#\/schema\/logo\/image\/","url":"https:\/\/elkaminante.com.uy\/wp-content\/uploads\/2025\/02\/logo-elkaminante-blanco.svg","contentUrl":"https:\/\/elkaminante.com.uy\/wp-content\/uploads\/2025\/02\/logo-elkaminante-blanco.svg","caption":"El Kaminante"},"image":{"@id":"https:\/\/elkaminante.com.uy\/#\/schema\/logo\/image\/"}}]}},"_links":{"self":[{"href":"https:\/\/elkaminante.com.uy\/en\/wp-json\/wp\/v2\/product\/9631","targetHints":{"allow":["GET"]}}],"collection":[{"href":"https:\/\/elkaminante.com.uy\/en\/wp-json\/wp\/v2\/product"}],"about":[{"href":"https:\/\/elkaminante.com.uy\/en\/wp-json\/wp\/v2\/types\/product"}],"wp:featuredmedia":[{"embeddable":true,"href":"https:\/\/elkaminante.com.uy\/en\/wp-json\/wp\/v2\/media\/9629"}],"wp:attachment":[{"href":"https:\/\/elkaminante.com.uy\/en\/wp-json\/wp\/v2\/media?parent=9631"}],"wp:term":[{"taxonomy":"product_brand","embeddable":true,"href":"https:\/\/elkaminante.com.uy\/en\/wp-json\/wp\/v2\/product_brand?post=9631"},{"taxonomy":"product_cat","embeddable":true,"href":"https:\/\/elkaminante.com.uy\/en\/wp-json\/wp\/v2\/product_cat?post=9631"},{"taxonomy":"product_tag","embeddable":true,"href":"https:\/\/elkaminante.com.uy\/en\/wp-json\/wp\/v2\/product_tag?post=9631"}],"curies":[{"name":"wp","href":"https:\/\/api.w.org\/{rel}","templated":true}]}}