{"id":9592,"date":"2025-06-16T19:55:23","date_gmt":"2025-06-16T22:55:23","guid":{"rendered":"https:\/\/elkaminante.com.uy\/paquetes\/vila-gale-eco-do-cabo\/"},"modified":"2026-04-17T09:38:26","modified_gmt":"2026-04-17T12:38:26","slug":"vila-gale-eco-do-cabo","status":"publish","type":"product","link":"https:\/\/elkaminante.com.uy\/en\/paquetes\/vila-gale-eco-do-cabo\/","title":{"rendered":"Vila Gale Eco do Cabo"},"content":{"rendered":"","protected":false},"excerpt":{"rendered":"<p>El <b>Cabo de Santo Agostinho<\/b> est\u00e1 situado en el estado de Pernambuco, en la regi\u00f3n metropolitana de Recife. S\u00f3lo por el nombre podemos imaginar la gran cantidad de historia que acompa\u00f1a la evoluci\u00f3n de esta ciudad tan querida, llena de belleza natural y mucha energ\u00eda positiva. Un destino con aguas transparentes y turquesas, paisajes c\u00e1lidos e impresionantes. No podemos olvidar las piscinas naturales que se forman en los arrecifes, y la Festa da Lavadeira, un evento popular en la regi\u00f3n que comenz\u00f3 en 1987 y que atrae a los turistas hasta hoy; adem\u00e1s de dar un paseo en barco y disfrutar de los restaurantes junto al mar que sirven platos t\u00edpicos de la regi\u00f3n.<\/p>\n","protected":false},"featured_media":9590,"template":"","meta":{"_acf_changed":false,"inline_featured_image":false},"product_brand":[],"product_cat":[28,1579],"product_tag":[3888,173,88,35,207,260,203,2054,2080,558,245,65,91,90,204,61,89,2953,1092,2952,1583,93,92,205,3284,119],"class_list":{"0":"post-9592","1":"product","2":"type-product","3":"status-publish","4":"has-post-thumbnail","6":"product_cat-paquetes","7":"product_cat-uruguay","8":"product_tag-28-de-junio-2026all-inclusive","9":"product_tag-all-inclusive","10":"product_tag-america-del-sur","11":"product_tag-brasil","12":"product_tag-brasil-en-cabo-de-santo-agostinho","13":"product_tag-brasil-en-junio","14":"product_tag-cabo-de-santo-agostinho","15":"product_tag-en-brasil","16":"product_tag-en-cabo-de-santo-agostinho","17":"product_tag-en-junio","18":"product_tag-junio","19":"product_tag-no-aplica","20":"product_tag-paquetes-a-america-del-sur","21":"product_tag-paquetes-a-brasil","22":"product_tag-paquetes-a-cabo-de-santo-agostinho","23":"product_tag-sin-destino","24":"product_tag-sudamerica","25":"product_tag-vacaciones-de-invierno","26":"product_tag-vacaciones-de-julio","27":"product_tag-vacaciones-julio","28":"product_tag-viaje-familiar","29":"product_tag-viajes-a-america-del-sur","30":"product_tag-viajes-a-brasil","31":"product_tag-viajes-a-cabo-de-santo-agostinho","32":"product_tag-vila-gale-eco-do-cabo","33":"product_tag-vuelo-y-hotel","34":"entry","35":"has-media","37":"first","38":"instock","39":"shipping-taxable","40":"purchasable","41":"product-type-simple"},"acf":[],"yoast_head":"<!-- This site is optimized with the Yoast SEO plugin v27.2 - https:\/\/yoast.com\/product\/yoast-seo-wordpress\/ -->\n<title>Vila Gale Eco do Cabo - El Kaminante<\/title>\n<meta name=\"robots\" content=\"index, follow, max-snippet:-1, max-image-preview:large, max-video-preview:-1\" \/>\n<link rel=\"canonical\" href=\"https:\/\/elkaminante.com.uy\/paquetes\/vila-gale-eco-do-cabo\/\" \/>\n<meta property=\"og:locale\" content=\"en_US\" \/>\n<meta property=\"og:type\" content=\"article\" \/>\n<meta property=\"og:title\" content=\"Vila Gale Eco do Cabo - El Kaminante\" \/>\n<meta property=\"og:description\" content=\"El Cabo de Santo Agostinho est\u00e1 situado en el estado de Pernambuco, en la regi\u00f3n metropolitana de Recife. S\u00f3lo por el nombre podemos imaginar la gran cantidad de historia que acompa\u00f1a la evoluci\u00f3n de esta ciudad tan querida, llena de belleza natural y mucha energ\u00eda positiva. Un destino con aguas transparentes y turquesas, paisajes c\u00e1lidos e impresionantes. No podemos olvidar las piscinas naturales que se forman en los arrecifes, y la Festa da Lavadeira, un evento popular en la regi\u00f3n que comenz\u00f3 en 1987 y que atrae a los turistas hasta hoy; adem\u00e1s de dar un paseo en barco y disfrutar de los restaurantes junto al mar que sirven platos t\u00edpicos de la regi\u00f3n.\" \/>\n<meta property=\"og:url\" content=\"https:\/\/elkaminante.com.uy\/paquetes\/vila-gale-eco-do-cabo\/\" \/>\n<meta property=\"og:site_name\" content=\"El Kaminante\" \/>\n<meta property=\"article:modified_time\" content=\"2026-04-17T12:38:26+00:00\" \/>\n<meta name=\"twitter:card\" content=\"summary_large_image\" \/>\n<script type=\"application\/ld+json\" class=\"yoast-schema-graph\">{\"@context\":\"https:\/\/schema.org\",\"@graph\":[{\"@type\":\"WebPage\",\"@id\":\"https:\/\/elkaminante.com.uy\/paquetes\/vila-gale-eco-do-cabo\/\",\"url\":\"https:\/\/elkaminante.com.uy\/paquetes\/vila-gale-eco-do-cabo\/\",\"name\":\"Vila Gale Eco do Cabo - El Kaminante\",\"isPartOf\":{\"@id\":\"https:\/\/elkaminante.com.uy\/#website\"},\"primaryImageOfPage\":{\"@id\":\"https:\/\/elkaminante.com.uy\/paquetes\/vila-gale-eco-do-cabo\/#primaryimage\"},\"image\":{\"@id\":\"https:\/\/elkaminante.com.uy\/paquetes\/vila-gale-eco-do-cabo\/#primaryimage\"},\"thumbnailUrl\":\"https:\/\/elkaminante.com.uy\/wp-content\/uploads\/2025\/06\/PAQ11.webp\",\"datePublished\":\"2025-06-16T22:55:23+00:00\",\"dateModified\":\"2026-04-17T12:38:26+00:00\",\"breadcrumb\":{\"@id\":\"https:\/\/elkaminante.com.uy\/paquetes\/vila-gale-eco-do-cabo\/#breadcrumb\"},\"inLanguage\":\"en-US\",\"potentialAction\":[{\"@type\":\"ReadAction\",\"target\":[\"https:\/\/elkaminante.com.uy\/paquetes\/vila-gale-eco-do-cabo\/\"]}]},{\"@type\":\"ImageObject\",\"inLanguage\":\"en-US\",\"@id\":\"https:\/\/elkaminante.com.uy\/paquetes\/vila-gale-eco-do-cabo\/#primaryimage\",\"url\":\"https:\/\/elkaminante.com.uy\/wp-content\/uploads\/2025\/06\/PAQ11.webp\",\"contentUrl\":\"https:\/\/elkaminante.com.uy\/wp-content\/uploads\/2025\/06\/PAQ11.webp\",\"width\":800,\"height\":457},{\"@type\":\"BreadcrumbList\",\"@id\":\"https:\/\/elkaminante.com.uy\/paquetes\/vila-gale-eco-do-cabo\/#breadcrumb\",\"itemListElement\":[{\"@type\":\"ListItem\",\"position\":1,\"name\":\"Inicio\",\"item\":\"https:\/\/elkaminante.com.uy\/en\/\"},{\"@type\":\"ListItem\",\"position\":2,\"name\":\"Viajes por el mundo\",\"item\":\"https:\/\/elkaminante.com.uy\/en\/paquetes\/\"},{\"@type\":\"ListItem\",\"position\":3,\"name\":\"Vila Gale Eco do Cabo\"}]},{\"@type\":\"WebSite\",\"@id\":\"https:\/\/elkaminante.com.uy\/#website\",\"url\":\"https:\/\/elkaminante.com.uy\/\",\"name\":\"El Kaminante\",\"description\":\"Viajes &amp; Turismo\",\"publisher\":{\"@id\":\"https:\/\/elkaminante.com.uy\/#organization\"},\"potentialAction\":[{\"@type\":\"SearchAction\",\"target\":{\"@type\":\"EntryPoint\",\"urlTemplate\":\"https:\/\/elkaminante.com.uy\/?s={search_term_string}\"},\"query-input\":{\"@type\":\"PropertyValueSpecification\",\"valueRequired\":true,\"valueName\":\"search_term_string\"}}],\"inLanguage\":\"en-US\"},{\"@type\":\"Organization\",\"@id\":\"https:\/\/elkaminante.com.uy\/#organization\",\"name\":\"El Kaminante\",\"url\":\"https:\/\/elkaminante.com.uy\/\",\"logo\":{\"@type\":\"ImageObject\",\"inLanguage\":\"en-US\",\"@id\":\"https:\/\/elkaminante.com.uy\/#\/schema\/logo\/image\/\",\"url\":\"https:\/\/elkaminante.com.uy\/wp-content\/uploads\/2025\/02\/logo-elkaminante-blanco.svg\",\"contentUrl\":\"https:\/\/elkaminante.com.uy\/wp-content\/uploads\/2025\/02\/logo-elkaminante-blanco.svg\",\"caption\":\"El Kaminante\"},\"image\":{\"@id\":\"https:\/\/elkaminante.com.uy\/#\/schema\/logo\/image\/\"}}]}<\/script>\n<!-- \/ Yoast SEO plugin. -->","yoast_head_json":{"title":"Vila Gale Eco do Cabo - El Kaminante","robots":{"index":"index","follow":"follow","max-snippet":"max-snippet:-1","max-image-preview":"max-image-preview:large","max-video-preview":"max-video-preview:-1"},"canonical":"https:\/\/elkaminante.com.uy\/paquetes\/vila-gale-eco-do-cabo\/","og_locale":"en_US","og_type":"article","og_title":"Vila Gale Eco do Cabo - El Kaminante","og_description":"El Cabo de Santo Agostinho est\u00e1 situado en el estado de Pernambuco, en la regi\u00f3n metropolitana de Recife. S\u00f3lo por el nombre podemos imaginar la gran cantidad de historia que acompa\u00f1a la evoluci\u00f3n de esta ciudad tan querida, llena de belleza natural y mucha energ\u00eda positiva. Un destino con aguas transparentes y turquesas, paisajes c\u00e1lidos e impresionantes. No podemos olvidar las piscinas naturales que se forman en los arrecifes, y la Festa da Lavadeira, un evento popular en la regi\u00f3n que comenz\u00f3 en 1987 y que atrae a los turistas hasta hoy; adem\u00e1s de dar un paseo en barco y disfrutar de los restaurantes junto al mar que sirven platos t\u00edpicos de la regi\u00f3n.","og_url":"https:\/\/elkaminante.com.uy\/paquetes\/vila-gale-eco-do-cabo\/","og_site_name":"El Kaminante","article_modified_time":"2026-04-17T12:38:26+00:00","twitter_card":"summary_large_image","schema":{"@context":"https:\/\/schema.org","@graph":[{"@type":"WebPage","@id":"https:\/\/elkaminante.com.uy\/paquetes\/vila-gale-eco-do-cabo\/","url":"https:\/\/elkaminante.com.uy\/paquetes\/vila-gale-eco-do-cabo\/","name":"Vila Gale Eco do Cabo - El Kaminante","isPartOf":{"@id":"https:\/\/elkaminante.com.uy\/#website"},"primaryImageOfPage":{"@id":"https:\/\/elkaminante.com.uy\/paquetes\/vila-gale-eco-do-cabo\/#primaryimage"},"image":{"@id":"https:\/\/elkaminante.com.uy\/paquetes\/vila-gale-eco-do-cabo\/#primaryimage"},"thumbnailUrl":"https:\/\/elkaminante.com.uy\/wp-content\/uploads\/2025\/06\/PAQ11.webp","datePublished":"2025-06-16T22:55:23+00:00","dateModified":"2026-04-17T12:38:26+00:00","breadcrumb":{"@id":"https:\/\/elkaminante.com.uy\/paquetes\/vila-gale-eco-do-cabo\/#breadcrumb"},"inLanguage":"en-US","potentialAction":[{"@type":"ReadAction","target":["https:\/\/elkaminante.com.uy\/paquetes\/vila-gale-eco-do-cabo\/"]}]},{"@type":"ImageObject","inLanguage":"en-US","@id":"https:\/\/elkaminante.com.uy\/paquetes\/vila-gale-eco-do-cabo\/#primaryimage","url":"https:\/\/elkaminante.com.uy\/wp-content\/uploads\/2025\/06\/PAQ11.webp","contentUrl":"https:\/\/elkaminante.com.uy\/wp-content\/uploads\/2025\/06\/PAQ11.webp","width":800,"height":457},{"@type":"BreadcrumbList","@id":"https:\/\/elkaminante.com.uy\/paquetes\/vila-gale-eco-do-cabo\/#breadcrumb","itemListElement":[{"@type":"ListItem","position":1,"name":"Inicio","item":"https:\/\/elkaminante.com.uy\/en\/"},{"@type":"ListItem","position":2,"name":"Viajes por el mundo","item":"https:\/\/elkaminante.com.uy\/en\/paquetes\/"},{"@type":"ListItem","position":3,"name":"Vila Gale Eco do Cabo"}]},{"@type":"WebSite","@id":"https:\/\/elkaminante.com.uy\/#website","url":"https:\/\/elkaminante.com.uy\/","name":"El Kaminante","description":"Viajes &amp; Turismo","publisher":{"@id":"https:\/\/elkaminante.com.uy\/#organization"},"potentialAction":[{"@type":"SearchAction","target":{"@type":"EntryPoint","urlTemplate":"https:\/\/elkaminante.com.uy\/?s={search_term_string}"},"query-input":{"@type":"PropertyValueSpecification","valueRequired":true,"valueName":"search_term_string"}}],"inLanguage":"en-US"},{"@type":"Organization","@id":"https:\/\/elkaminante.com.uy\/#organization","name":"El Kaminante","url":"https:\/\/elkaminante.com.uy\/","logo":{"@type":"ImageObject","inLanguage":"en-US","@id":"https:\/\/elkaminante.com.uy\/#\/schema\/logo\/image\/","url":"https:\/\/elkaminante.com.uy\/wp-content\/uploads\/2025\/02\/logo-elkaminante-blanco.svg","contentUrl":"https:\/\/elkaminante.com.uy\/wp-content\/uploads\/2025\/02\/logo-elkaminante-blanco.svg","caption":"El Kaminante"},"image":{"@id":"https:\/\/elkaminante.com.uy\/#\/schema\/logo\/image\/"}}]}},"_links":{"self":[{"href":"https:\/\/elkaminante.com.uy\/en\/wp-json\/wp\/v2\/product\/9592","targetHints":{"allow":["GET"]}}],"collection":[{"href":"https:\/\/elkaminante.com.uy\/en\/wp-json\/wp\/v2\/product"}],"about":[{"href":"https:\/\/elkaminante.com.uy\/en\/wp-json\/wp\/v2\/types\/product"}],"wp:featuredmedia":[{"embeddable":true,"href":"https:\/\/elkaminante.com.uy\/en\/wp-json\/wp\/v2\/media\/9590"}],"wp:attachment":[{"href":"https:\/\/elkaminante.com.uy\/en\/wp-json\/wp\/v2\/media?parent=9592"}],"wp:term":[{"taxonomy":"product_brand","embeddable":true,"href":"https:\/\/elkaminante.com.uy\/en\/wp-json\/wp\/v2\/product_brand?post=9592"},{"taxonomy":"product_cat","embeddable":true,"href":"https:\/\/elkaminante.com.uy\/en\/wp-json\/wp\/v2\/product_cat?post=9592"},{"taxonomy":"product_tag","embeddable":true,"href":"https:\/\/elkaminante.com.uy\/en\/wp-json\/wp\/v2\/product_tag?post=9592"}],"curies":[{"name":"wp","href":"https:\/\/api.w.org\/{rel}","templated":true}]}}