{"id":9589,"date":"2025-06-16T19:55:21","date_gmt":"2025-06-16T22:55:21","guid":{"rendered":"https:\/\/elkaminante.com.uy\/paquetes\/porto-galinhas-all-inclusive\/"},"modified":"2026-04-17T09:38:26","modified_gmt":"2026-04-17T12:38:26","slug":"porto-galinhas-all-inclusive","status":"publish","type":"product","link":"https:\/\/elkaminante.com.uy\/en\/paquetes\/porto-galinhas-all-inclusive\/","title":{"rendered":"Porto Galinhas All inclusive"},"content":{"rendered":"","protected":false},"excerpt":{"rendered":"<p><b>Porto de Galinhas<\/b> lo encontramos en Ipojuca, concretamente en el estado de Pernambuco, Brasil. Este polo tur\u00edstico es uno de los mejores de todo Brasil, gracias a sus piscinas naturales de agua clara y tipa que se forman entre corales, estuarios, pantanos y plantaciones de coco. Pero en esta ciudad no tan solo puedes visitar las playas, si no, que tambi\u00e9n podr\u00e1s bucear o dar paseos n\u00e1uticos. Para estos paseos tienes varias opciones como el paseo de jangadas que te lleva hasta las piscinas naturales y visitas la fauna marina. O el paseo a los pantanos donde conocer\u00e1s el habita de los caballitos de mar. Y por ultimo tienes la opci\u00f3n de dar un paseo en barco por el que recorrer\u00e1s las playas de la regi\u00f3n. Si al margen de todo esto, lo que quieres son deportes extremos, en Porto de Galinhas tambi\u00e9n lo encontraras. Podr\u00e1s realizar surf en la playa de Maracaipe con olas de hasta dos metros de altura.<\/p>\n","protected":false},"featured_media":9587,"template":"","meta":{"_acf_changed":false,"inline_featured_image":false},"product_brand":[],"product_cat":[28,1579],"product_tag":[562,3776,96,173,88,35,1617,200,568,2054,2078,65,91,90,195,191,194,3283,61,89,3282,93,92,196,119],"class_list":{"0":"post-9589","1":"product","2":"type-product","3":"status-publish","4":"has-post-thumbnail","6":"product_cat-paquetes","7":"product_cat-uruguay","8":"product_tag-agosto","9":"product_tag-agosto-2026all-inclusive","10":"product_tag-alarma-precios-bajos","11":"product_tag-all-inclusive","12":"product_tag-america-del-sur","13":"product_tag-brasil","14":"product_tag-brasil-en-agosto","15":"product_tag-brasil-en-porto-de-galinhas","16":"product_tag-en-agosto","17":"product_tag-en-brasil","18":"product_tag-en-porto-de-galinhas","19":"product_tag-no-aplica","20":"product_tag-paquetes-a-america-del-sur","21":"product_tag-paquetes-a-brasil","22":"product_tag-paquetes-a-porto-de-galinhas","23":"product_tag-porto-de-galinhas","24":"product_tag-porto-galinhas","25":"product_tag-porto-galinhas-all-inclusive","26":"product_tag-sin-destino","27":"product_tag-sudamerica","28":"product_tag-temporada-baja","29":"product_tag-viajes-a-america-del-sur","30":"product_tag-viajes-a-brasil","31":"product_tag-viajes-a-porto-de-galinhas","32":"product_tag-vuelo-y-hotel","33":"entry","34":"has-media","36":"first","37":"instock","38":"shipping-taxable","39":"purchasable","40":"product-type-simple"},"acf":[],"yoast_head":"<!-- This site is optimized with the Yoast SEO plugin v27.2 - https:\/\/yoast.com\/product\/yoast-seo-wordpress\/ -->\n<title>Porto Galinhas All inclusive - El Kaminante<\/title>\n<meta name=\"robots\" content=\"index, follow, max-snippet:-1, max-image-preview:large, max-video-preview:-1\" \/>\n<link rel=\"canonical\" href=\"https:\/\/elkaminante.com.uy\/paquetes\/porto-galinhas-all-inclusive\/\" \/>\n<meta property=\"og:locale\" content=\"en_US\" \/>\n<meta property=\"og:type\" content=\"article\" \/>\n<meta property=\"og:title\" content=\"Porto Galinhas All inclusive - El Kaminante\" \/>\n<meta property=\"og:description\" content=\"Porto de Galinhas lo encontramos en Ipojuca, concretamente en el estado de Pernambuco, Brasil. Este polo tur\u00edstico es uno de los mejores de todo Brasil, gracias a sus piscinas naturales de agua clara y tipa que se forman entre corales, estuarios, pantanos y plantaciones de coco. Pero en esta ciudad no tan solo puedes visitar las playas, si no, que tambi\u00e9n podr\u00e1s bucear o dar paseos n\u00e1uticos. Para estos paseos tienes varias opciones como el paseo de jangadas que te lleva hasta las piscinas naturales y visitas la fauna marina. O el paseo a los pantanos donde conocer\u00e1s el habita de los caballitos de mar. Y por ultimo tienes la opci\u00f3n de dar un paseo en barco por el que recorrer\u00e1s las playas de la regi\u00f3n. Si al margen de todo esto, lo que quieres son deportes extremos, en Porto de Galinhas tambi\u00e9n lo encontraras. Podr\u00e1s realizar surf en la playa de Maracaipe con olas de hasta dos metros de altura.\" \/>\n<meta property=\"og:url\" content=\"https:\/\/elkaminante.com.uy\/paquetes\/porto-galinhas-all-inclusive\/\" \/>\n<meta property=\"og:site_name\" content=\"El Kaminante\" \/>\n<meta property=\"article:modified_time\" content=\"2026-04-17T12:38:26+00:00\" \/>\n<meta property=\"og:image\" content=\"https:\/\/elkaminante.com.uy\/wp-content\/uploads\/2025\/06\/PAQ10.webp\" \/>\n\t<meta property=\"og:image:width\" content=\"800\" \/>\n\t<meta property=\"og:image:height\" content=\"457\" \/>\n\t<meta property=\"og:image:type\" content=\"image\/webp\" \/>\n<meta name=\"twitter:card\" content=\"summary_large_image\" \/>\n<script type=\"application\/ld+json\" class=\"yoast-schema-graph\">{\"@context\":\"https:\/\/schema.org\",\"@graph\":[{\"@type\":\"WebPage\",\"@id\":\"https:\/\/elkaminante.com.uy\/paquetes\/porto-galinhas-all-inclusive\/\",\"url\":\"https:\/\/elkaminante.com.uy\/paquetes\/porto-galinhas-all-inclusive\/\",\"name\":\"Porto Galinhas All inclusive - El Kaminante\",\"isPartOf\":{\"@id\":\"https:\/\/elkaminante.com.uy\/#website\"},\"primaryImageOfPage\":{\"@id\":\"https:\/\/elkaminante.com.uy\/paquetes\/porto-galinhas-all-inclusive\/#primaryimage\"},\"image\":{\"@id\":\"https:\/\/elkaminante.com.uy\/paquetes\/porto-galinhas-all-inclusive\/#primaryimage\"},\"thumbnailUrl\":\"https:\/\/elkaminante.com.uy\/wp-content\/uploads\/2025\/06\/PAQ10.webp\",\"datePublished\":\"2025-06-16T22:55:21+00:00\",\"dateModified\":\"2026-04-17T12:38:26+00:00\",\"breadcrumb\":{\"@id\":\"https:\/\/elkaminante.com.uy\/paquetes\/porto-galinhas-all-inclusive\/#breadcrumb\"},\"inLanguage\":\"en-US\",\"potentialAction\":[{\"@type\":\"ReadAction\",\"target\":[\"https:\/\/elkaminante.com.uy\/paquetes\/porto-galinhas-all-inclusive\/\"]}]},{\"@type\":\"ImageObject\",\"inLanguage\":\"en-US\",\"@id\":\"https:\/\/elkaminante.com.uy\/paquetes\/porto-galinhas-all-inclusive\/#primaryimage\",\"url\":\"https:\/\/elkaminante.com.uy\/wp-content\/uploads\/2025\/06\/PAQ10.webp\",\"contentUrl\":\"https:\/\/elkaminante.com.uy\/wp-content\/uploads\/2025\/06\/PAQ10.webp\",\"width\":800,\"height\":457},{\"@type\":\"BreadcrumbList\",\"@id\":\"https:\/\/elkaminante.com.uy\/paquetes\/porto-galinhas-all-inclusive\/#breadcrumb\",\"itemListElement\":[{\"@type\":\"ListItem\",\"position\":1,\"name\":\"Inicio\",\"item\":\"https:\/\/elkaminante.com.uy\/en\/\"},{\"@type\":\"ListItem\",\"position\":2,\"name\":\"Viajes por el mundo\",\"item\":\"https:\/\/elkaminante.com.uy\/en\/paquetes\/\"},{\"@type\":\"ListItem\",\"position\":3,\"name\":\"Porto Galinhas All inclusive\"}]},{\"@type\":\"WebSite\",\"@id\":\"https:\/\/elkaminante.com.uy\/#website\",\"url\":\"https:\/\/elkaminante.com.uy\/\",\"name\":\"El Kaminante\",\"description\":\"Viajes &amp; Turismo\",\"publisher\":{\"@id\":\"https:\/\/elkaminante.com.uy\/#organization\"},\"potentialAction\":[{\"@type\":\"SearchAction\",\"target\":{\"@type\":\"EntryPoint\",\"urlTemplate\":\"https:\/\/elkaminante.com.uy\/?s={search_term_string}\"},\"query-input\":{\"@type\":\"PropertyValueSpecification\",\"valueRequired\":true,\"valueName\":\"search_term_string\"}}],\"inLanguage\":\"en-US\"},{\"@type\":\"Organization\",\"@id\":\"https:\/\/elkaminante.com.uy\/#organization\",\"name\":\"El Kaminante\",\"url\":\"https:\/\/elkaminante.com.uy\/\",\"logo\":{\"@type\":\"ImageObject\",\"inLanguage\":\"en-US\",\"@id\":\"https:\/\/elkaminante.com.uy\/#\/schema\/logo\/image\/\",\"url\":\"https:\/\/elkaminante.com.uy\/wp-content\/uploads\/2025\/02\/logo-elkaminante-blanco.svg\",\"contentUrl\":\"https:\/\/elkaminante.com.uy\/wp-content\/uploads\/2025\/02\/logo-elkaminante-blanco.svg\",\"caption\":\"El Kaminante\"},\"image\":{\"@id\":\"https:\/\/elkaminante.com.uy\/#\/schema\/logo\/image\/\"}}]}<\/script>\n<!-- \/ Yoast SEO plugin. -->","yoast_head_json":{"title":"Porto Galinhas All inclusive - El Kaminante","robots":{"index":"index","follow":"follow","max-snippet":"max-snippet:-1","max-image-preview":"max-image-preview:large","max-video-preview":"max-video-preview:-1"},"canonical":"https:\/\/elkaminante.com.uy\/paquetes\/porto-galinhas-all-inclusive\/","og_locale":"en_US","og_type":"article","og_title":"Porto Galinhas All inclusive - El Kaminante","og_description":"Porto de Galinhas lo encontramos en Ipojuca, concretamente en el estado de Pernambuco, Brasil. Este polo tur\u00edstico es uno de los mejores de todo Brasil, gracias a sus piscinas naturales de agua clara y tipa que se forman entre corales, estuarios, pantanos y plantaciones de coco. Pero en esta ciudad no tan solo puedes visitar las playas, si no, que tambi\u00e9n podr\u00e1s bucear o dar paseos n\u00e1uticos. Para estos paseos tienes varias opciones como el paseo de jangadas que te lleva hasta las piscinas naturales y visitas la fauna marina. O el paseo a los pantanos donde conocer\u00e1s el habita de los caballitos de mar. Y por ultimo tienes la opci\u00f3n de dar un paseo en barco por el que recorrer\u00e1s las playas de la regi\u00f3n. Si al margen de todo esto, lo que quieres son deportes extremos, en Porto de Galinhas tambi\u00e9n lo encontraras. Podr\u00e1s realizar surf en la playa de Maracaipe con olas de hasta dos metros de altura.","og_url":"https:\/\/elkaminante.com.uy\/paquetes\/porto-galinhas-all-inclusive\/","og_site_name":"El Kaminante","article_modified_time":"2026-04-17T12:38:26+00:00","og_image":[{"width":800,"height":457,"url":"https:\/\/elkaminante.com.uy\/wp-content\/uploads\/2025\/06\/PAQ10.webp","type":"image\/webp"}],"twitter_card":"summary_large_image","schema":{"@context":"https:\/\/schema.org","@graph":[{"@type":"WebPage","@id":"https:\/\/elkaminante.com.uy\/paquetes\/porto-galinhas-all-inclusive\/","url":"https:\/\/elkaminante.com.uy\/paquetes\/porto-galinhas-all-inclusive\/","name":"Porto Galinhas All inclusive - El Kaminante","isPartOf":{"@id":"https:\/\/elkaminante.com.uy\/#website"},"primaryImageOfPage":{"@id":"https:\/\/elkaminante.com.uy\/paquetes\/porto-galinhas-all-inclusive\/#primaryimage"},"image":{"@id":"https:\/\/elkaminante.com.uy\/paquetes\/porto-galinhas-all-inclusive\/#primaryimage"},"thumbnailUrl":"https:\/\/elkaminante.com.uy\/wp-content\/uploads\/2025\/06\/PAQ10.webp","datePublished":"2025-06-16T22:55:21+00:00","dateModified":"2026-04-17T12:38:26+00:00","breadcrumb":{"@id":"https:\/\/elkaminante.com.uy\/paquetes\/porto-galinhas-all-inclusive\/#breadcrumb"},"inLanguage":"en-US","potentialAction":[{"@type":"ReadAction","target":["https:\/\/elkaminante.com.uy\/paquetes\/porto-galinhas-all-inclusive\/"]}]},{"@type":"ImageObject","inLanguage":"en-US","@id":"https:\/\/elkaminante.com.uy\/paquetes\/porto-galinhas-all-inclusive\/#primaryimage","url":"https:\/\/elkaminante.com.uy\/wp-content\/uploads\/2025\/06\/PAQ10.webp","contentUrl":"https:\/\/elkaminante.com.uy\/wp-content\/uploads\/2025\/06\/PAQ10.webp","width":800,"height":457},{"@type":"BreadcrumbList","@id":"https:\/\/elkaminante.com.uy\/paquetes\/porto-galinhas-all-inclusive\/#breadcrumb","itemListElement":[{"@type":"ListItem","position":1,"name":"Inicio","item":"https:\/\/elkaminante.com.uy\/en\/"},{"@type":"ListItem","position":2,"name":"Viajes por el mundo","item":"https:\/\/elkaminante.com.uy\/en\/paquetes\/"},{"@type":"ListItem","position":3,"name":"Porto Galinhas All inclusive"}]},{"@type":"WebSite","@id":"https:\/\/elkaminante.com.uy\/#website","url":"https:\/\/elkaminante.com.uy\/","name":"El Kaminante","description":"Viajes &amp; Turismo","publisher":{"@id":"https:\/\/elkaminante.com.uy\/#organization"},"potentialAction":[{"@type":"SearchAction","target":{"@type":"EntryPoint","urlTemplate":"https:\/\/elkaminante.com.uy\/?s={search_term_string}"},"query-input":{"@type":"PropertyValueSpecification","valueRequired":true,"valueName":"search_term_string"}}],"inLanguage":"en-US"},{"@type":"Organization","@id":"https:\/\/elkaminante.com.uy\/#organization","name":"El Kaminante","url":"https:\/\/elkaminante.com.uy\/","logo":{"@type":"ImageObject","inLanguage":"en-US","@id":"https:\/\/elkaminante.com.uy\/#\/schema\/logo\/image\/","url":"https:\/\/elkaminante.com.uy\/wp-content\/uploads\/2025\/02\/logo-elkaminante-blanco.svg","contentUrl":"https:\/\/elkaminante.com.uy\/wp-content\/uploads\/2025\/02\/logo-elkaminante-blanco.svg","caption":"El Kaminante"},"image":{"@id":"https:\/\/elkaminante.com.uy\/#\/schema\/logo\/image\/"}}]}},"_links":{"self":[{"href":"https:\/\/elkaminante.com.uy\/en\/wp-json\/wp\/v2\/product\/9589","targetHints":{"allow":["GET"]}}],"collection":[{"href":"https:\/\/elkaminante.com.uy\/en\/wp-json\/wp\/v2\/product"}],"about":[{"href":"https:\/\/elkaminante.com.uy\/en\/wp-json\/wp\/v2\/types\/product"}],"wp:featuredmedia":[{"embeddable":true,"href":"https:\/\/elkaminante.com.uy\/en\/wp-json\/wp\/v2\/media\/9587"}],"wp:attachment":[{"href":"https:\/\/elkaminante.com.uy\/en\/wp-json\/wp\/v2\/media?parent=9589"}],"wp:term":[{"taxonomy":"product_brand","embeddable":true,"href":"https:\/\/elkaminante.com.uy\/en\/wp-json\/wp\/v2\/product_brand?post=9589"},{"taxonomy":"product_cat","embeddable":true,"href":"https:\/\/elkaminante.com.uy\/en\/wp-json\/wp\/v2\/product_cat?post=9589"},{"taxonomy":"product_tag","embeddable":true,"href":"https:\/\/elkaminante.com.uy\/en\/wp-json\/wp\/v2\/product_tag?post=9589"}],"curies":[{"name":"wp","href":"https:\/\/api.w.org\/{rel}","templated":true}]}}