{"id":9534,"date":"2025-06-16T19:54:46","date_gmt":"2025-06-16T22:54:46","guid":{"rendered":"https:\/\/elkaminante.com.uy\/paquetes\/florianopolis-terrestre-8d\/"},"modified":"2026-04-17T09:38:26","modified_gmt":"2026-04-17T12:38:26","slug":"florianopolis-terrestre-8d","status":"publish","type":"product","link":"https:\/\/elkaminante.com.uy\/en\/paquetes\/florianopolis-terrestre-8d\/","title":{"rendered":"Florian\u00f3polis Terrestre (8d)"},"content":{"rendered":"","protected":false},"excerpt":{"rendered":"<p><b>Florian\u00f3polis<\/b> es capital del estado de Santa Catarina, al sur de Brasil. Es una isla rodeada por el Oc\u00e9ano Atl\u00e1ntico. Dentro de ella hay dos lagunas de grandes dimensiones, la Laguna da Concei\u00e7\u00e3o, de agua salada, y la Lagoa do Peri, de agua dulce. Adem\u00e1s posee m\u00e1s de 100 playas, muchas de ellas en estado virgen. Es un punto de llegada de turistas de todas partes del mundo debido a la cantidad de playas que tiene y es propicia para practicar surf o deportes n\u00e1uticos. Es uno de los sitios tur\u00edsticos m\u00e1s visitados en Brasil. Adem\u00e1s se caracteriza por ofrecer una experiencia distinta al viaje en la ciudad, pues se caracteriza por la calidad de vida de las personas, los espacios como hoteles acondicionados a los turistas y la amabilidad del trato de su gente.<\/p>\n","protected":false},"featured_media":9532,"template":"","meta":{"_acf_changed":false,"inline_featured_image":false},"product_brand":[],"product_cat":[28,1579],"product_tag":[3995,96,88,35,102,260,2054,2053,558,83,3274,245,424,65,91,90,94,61,89,85,2953,1092,2952,93,92,95],"class_list":{"0":"post-9534","1":"product","2":"type-product","3":"status-publish","4":"has-post-thumbnail","6":"product_cat-paquetes","7":"product_cat-uruguay","8":"product_tag-27-de-junio-de-2026alarma-precios-bajos","9":"product_tag-alarma-precios-bajos","10":"product_tag-america-del-sur","11":"product_tag-brasil","12":"product_tag-brasil-en-florianopolis","13":"product_tag-brasil-en-junio","14":"product_tag-en-brasil","15":"product_tag-en-florianopolis","16":"product_tag-en-junio","17":"product_tag-florianopolis","18":"product_tag-florianopolis-terrestre-8d","19":"product_tag-junio","20":"product_tag-media-pension","21":"product_tag-no-aplica","22":"product_tag-paquetes-a-america-del-sur","23":"product_tag-paquetes-a-brasil","24":"product_tag-paquetes-a-florianopolis","25":"product_tag-sin-destino","26":"product_tag-sudamerica","27":"product_tag-terrestre","28":"product_tag-vacaciones-de-invierno","29":"product_tag-vacaciones-de-julio","30":"product_tag-vacaciones-julio","31":"product_tag-viajes-a-america-del-sur","32":"product_tag-viajes-a-brasil","33":"product_tag-viajes-a-florianopolis","34":"entry","35":"has-media","37":"first","38":"instock","39":"shipping-taxable","40":"purchasable","41":"product-type-simple"},"acf":[],"yoast_head":"<!-- This site is optimized with the Yoast SEO plugin v27.2 - https:\/\/yoast.com\/product\/yoast-seo-wordpress\/ -->\n<title>Florian\u00f3polis Terrestre (8d) - El Kaminante<\/title>\n<meta name=\"robots\" content=\"index, follow, max-snippet:-1, max-image-preview:large, max-video-preview:-1\" \/>\n<link rel=\"canonical\" href=\"https:\/\/elkaminante.com.uy\/paquetes\/florianopolis-terrestre-8d\/\" \/>\n<meta property=\"og:locale\" content=\"en_US\" \/>\n<meta property=\"og:type\" content=\"article\" \/>\n<meta property=\"og:title\" content=\"Florian\u00f3polis Terrestre (8d) - El Kaminante\" \/>\n<meta property=\"og:description\" content=\"Florian\u00f3polis es capital del estado de Santa Catarina, al sur de Brasil. Es una isla rodeada por el Oc\u00e9ano Atl\u00e1ntico. Dentro de ella hay dos lagunas de grandes dimensiones, la Laguna da Concei\u00e7\u00e3o, de agua salada, y la Lagoa do Peri, de agua dulce. Adem\u00e1s posee m\u00e1s de 100 playas, muchas de ellas en estado virgen. Es un punto de llegada de turistas de todas partes del mundo debido a la cantidad de playas que tiene y es propicia para practicar surf o deportes n\u00e1uticos. Es uno de los sitios tur\u00edsticos m\u00e1s visitados en Brasil. Adem\u00e1s se caracteriza por ofrecer una experiencia distinta al viaje en la ciudad, pues se caracteriza por la calidad de vida de las personas, los espacios como hoteles acondicionados a los turistas y la amabilidad del trato de su gente.\" \/>\n<meta property=\"og:url\" content=\"https:\/\/elkaminante.com.uy\/paquetes\/florianopolis-terrestre-8d\/\" \/>\n<meta property=\"og:site_name\" content=\"El Kaminante\" \/>\n<meta property=\"article:modified_time\" content=\"2026-04-17T12:38:26+00:00\" \/>\n<meta property=\"og:image\" content=\"https:\/\/elkaminante.com.uy\/wp-content\/uploads\/2025\/06\/PAQ2.webp\" \/>\n\t<meta property=\"og:image:width\" content=\"800\" \/>\n\t<meta property=\"og:image:height\" content=\"457\" \/>\n\t<meta property=\"og:image:type\" content=\"image\/webp\" \/>\n<meta name=\"twitter:card\" content=\"summary_large_image\" \/>\n<script type=\"application\/ld+json\" class=\"yoast-schema-graph\">{\"@context\":\"https:\/\/schema.org\",\"@graph\":[{\"@type\":\"WebPage\",\"@id\":\"https:\/\/elkaminante.com.uy\/paquetes\/florianopolis-terrestre-8d\/\",\"url\":\"https:\/\/elkaminante.com.uy\/paquetes\/florianopolis-terrestre-8d\/\",\"name\":\"Florian\u00f3polis Terrestre (8d) - El Kaminante\",\"isPartOf\":{\"@id\":\"https:\/\/elkaminante.com.uy\/#website\"},\"primaryImageOfPage\":{\"@id\":\"https:\/\/elkaminante.com.uy\/paquetes\/florianopolis-terrestre-8d\/#primaryimage\"},\"image\":{\"@id\":\"https:\/\/elkaminante.com.uy\/paquetes\/florianopolis-terrestre-8d\/#primaryimage\"},\"thumbnailUrl\":\"https:\/\/elkaminante.com.uy\/wp-content\/uploads\/2025\/06\/PAQ2.webp\",\"datePublished\":\"2025-06-16T22:54:46+00:00\",\"dateModified\":\"2026-04-17T12:38:26+00:00\",\"breadcrumb\":{\"@id\":\"https:\/\/elkaminante.com.uy\/paquetes\/florianopolis-terrestre-8d\/#breadcrumb\"},\"inLanguage\":\"en-US\",\"potentialAction\":[{\"@type\":\"ReadAction\",\"target\":[\"https:\/\/elkaminante.com.uy\/paquetes\/florianopolis-terrestre-8d\/\"]}]},{\"@type\":\"ImageObject\",\"inLanguage\":\"en-US\",\"@id\":\"https:\/\/elkaminante.com.uy\/paquetes\/florianopolis-terrestre-8d\/#primaryimage\",\"url\":\"https:\/\/elkaminante.com.uy\/wp-content\/uploads\/2025\/06\/PAQ2.webp\",\"contentUrl\":\"https:\/\/elkaminante.com.uy\/wp-content\/uploads\/2025\/06\/PAQ2.webp\",\"width\":800,\"height\":457},{\"@type\":\"BreadcrumbList\",\"@id\":\"https:\/\/elkaminante.com.uy\/paquetes\/florianopolis-terrestre-8d\/#breadcrumb\",\"itemListElement\":[{\"@type\":\"ListItem\",\"position\":1,\"name\":\"Inicio\",\"item\":\"https:\/\/elkaminante.com.uy\/en\/\"},{\"@type\":\"ListItem\",\"position\":2,\"name\":\"Viajes por el mundo\",\"item\":\"https:\/\/elkaminante.com.uy\/en\/paquetes\/\"},{\"@type\":\"ListItem\",\"position\":3,\"name\":\"Florian\u00f3polis Terrestre (8d)\"}]},{\"@type\":\"WebSite\",\"@id\":\"https:\/\/elkaminante.com.uy\/#website\",\"url\":\"https:\/\/elkaminante.com.uy\/\",\"name\":\"El Kaminante\",\"description\":\"Viajes &amp; Turismo\",\"publisher\":{\"@id\":\"https:\/\/elkaminante.com.uy\/#organization\"},\"potentialAction\":[{\"@type\":\"SearchAction\",\"target\":{\"@type\":\"EntryPoint\",\"urlTemplate\":\"https:\/\/elkaminante.com.uy\/?s={search_term_string}\"},\"query-input\":{\"@type\":\"PropertyValueSpecification\",\"valueRequired\":true,\"valueName\":\"search_term_string\"}}],\"inLanguage\":\"en-US\"},{\"@type\":\"Organization\",\"@id\":\"https:\/\/elkaminante.com.uy\/#organization\",\"name\":\"El Kaminante\",\"url\":\"https:\/\/elkaminante.com.uy\/\",\"logo\":{\"@type\":\"ImageObject\",\"inLanguage\":\"en-US\",\"@id\":\"https:\/\/elkaminante.com.uy\/#\/schema\/logo\/image\/\",\"url\":\"https:\/\/elkaminante.com.uy\/wp-content\/uploads\/2025\/02\/logo-elkaminante-blanco.svg\",\"contentUrl\":\"https:\/\/elkaminante.com.uy\/wp-content\/uploads\/2025\/02\/logo-elkaminante-blanco.svg\",\"caption\":\"El Kaminante\"},\"image\":{\"@id\":\"https:\/\/elkaminante.com.uy\/#\/schema\/logo\/image\/\"}}]}<\/script>\n<!-- \/ Yoast SEO plugin. -->","yoast_head_json":{"title":"Florian\u00f3polis Terrestre (8d) - El Kaminante","robots":{"index":"index","follow":"follow","max-snippet":"max-snippet:-1","max-image-preview":"max-image-preview:large","max-video-preview":"max-video-preview:-1"},"canonical":"https:\/\/elkaminante.com.uy\/paquetes\/florianopolis-terrestre-8d\/","og_locale":"en_US","og_type":"article","og_title":"Florian\u00f3polis Terrestre (8d) - El Kaminante","og_description":"Florian\u00f3polis es capital del estado de Santa Catarina, al sur de Brasil. Es una isla rodeada por el Oc\u00e9ano Atl\u00e1ntico. Dentro de ella hay dos lagunas de grandes dimensiones, la Laguna da Concei\u00e7\u00e3o, de agua salada, y la Lagoa do Peri, de agua dulce. Adem\u00e1s posee m\u00e1s de 100 playas, muchas de ellas en estado virgen. Es un punto de llegada de turistas de todas partes del mundo debido a la cantidad de playas que tiene y es propicia para practicar surf o deportes n\u00e1uticos. Es uno de los sitios tur\u00edsticos m\u00e1s visitados en Brasil. Adem\u00e1s se caracteriza por ofrecer una experiencia distinta al viaje en la ciudad, pues se caracteriza por la calidad de vida de las personas, los espacios como hoteles acondicionados a los turistas y la amabilidad del trato de su gente.","og_url":"https:\/\/elkaminante.com.uy\/paquetes\/florianopolis-terrestre-8d\/","og_site_name":"El Kaminante","article_modified_time":"2026-04-17T12:38:26+00:00","og_image":[{"width":800,"height":457,"url":"https:\/\/elkaminante.com.uy\/wp-content\/uploads\/2025\/06\/PAQ2.webp","type":"image\/webp"}],"twitter_card":"summary_large_image","schema":{"@context":"https:\/\/schema.org","@graph":[{"@type":"WebPage","@id":"https:\/\/elkaminante.com.uy\/paquetes\/florianopolis-terrestre-8d\/","url":"https:\/\/elkaminante.com.uy\/paquetes\/florianopolis-terrestre-8d\/","name":"Florian\u00f3polis Terrestre (8d) - El Kaminante","isPartOf":{"@id":"https:\/\/elkaminante.com.uy\/#website"},"primaryImageOfPage":{"@id":"https:\/\/elkaminante.com.uy\/paquetes\/florianopolis-terrestre-8d\/#primaryimage"},"image":{"@id":"https:\/\/elkaminante.com.uy\/paquetes\/florianopolis-terrestre-8d\/#primaryimage"},"thumbnailUrl":"https:\/\/elkaminante.com.uy\/wp-content\/uploads\/2025\/06\/PAQ2.webp","datePublished":"2025-06-16T22:54:46+00:00","dateModified":"2026-04-17T12:38:26+00:00","breadcrumb":{"@id":"https:\/\/elkaminante.com.uy\/paquetes\/florianopolis-terrestre-8d\/#breadcrumb"},"inLanguage":"en-US","potentialAction":[{"@type":"ReadAction","target":["https:\/\/elkaminante.com.uy\/paquetes\/florianopolis-terrestre-8d\/"]}]},{"@type":"ImageObject","inLanguage":"en-US","@id":"https:\/\/elkaminante.com.uy\/paquetes\/florianopolis-terrestre-8d\/#primaryimage","url":"https:\/\/elkaminante.com.uy\/wp-content\/uploads\/2025\/06\/PAQ2.webp","contentUrl":"https:\/\/elkaminante.com.uy\/wp-content\/uploads\/2025\/06\/PAQ2.webp","width":800,"height":457},{"@type":"BreadcrumbList","@id":"https:\/\/elkaminante.com.uy\/paquetes\/florianopolis-terrestre-8d\/#breadcrumb","itemListElement":[{"@type":"ListItem","position":1,"name":"Inicio","item":"https:\/\/elkaminante.com.uy\/en\/"},{"@type":"ListItem","position":2,"name":"Viajes por el mundo","item":"https:\/\/elkaminante.com.uy\/en\/paquetes\/"},{"@type":"ListItem","position":3,"name":"Florian\u00f3polis Terrestre (8d)"}]},{"@type":"WebSite","@id":"https:\/\/elkaminante.com.uy\/#website","url":"https:\/\/elkaminante.com.uy\/","name":"El Kaminante","description":"Viajes &amp; Turismo","publisher":{"@id":"https:\/\/elkaminante.com.uy\/#organization"},"potentialAction":[{"@type":"SearchAction","target":{"@type":"EntryPoint","urlTemplate":"https:\/\/elkaminante.com.uy\/?s={search_term_string}"},"query-input":{"@type":"PropertyValueSpecification","valueRequired":true,"valueName":"search_term_string"}}],"inLanguage":"en-US"},{"@type":"Organization","@id":"https:\/\/elkaminante.com.uy\/#organization","name":"El Kaminante","url":"https:\/\/elkaminante.com.uy\/","logo":{"@type":"ImageObject","inLanguage":"en-US","@id":"https:\/\/elkaminante.com.uy\/#\/schema\/logo\/image\/","url":"https:\/\/elkaminante.com.uy\/wp-content\/uploads\/2025\/02\/logo-elkaminante-blanco.svg","contentUrl":"https:\/\/elkaminante.com.uy\/wp-content\/uploads\/2025\/02\/logo-elkaminante-blanco.svg","caption":"El Kaminante"},"image":{"@id":"https:\/\/elkaminante.com.uy\/#\/schema\/logo\/image\/"}}]}},"_links":{"self":[{"href":"https:\/\/elkaminante.com.uy\/en\/wp-json\/wp\/v2\/product\/9534","targetHints":{"allow":["GET"]}}],"collection":[{"href":"https:\/\/elkaminante.com.uy\/en\/wp-json\/wp\/v2\/product"}],"about":[{"href":"https:\/\/elkaminante.com.uy\/en\/wp-json\/wp\/v2\/types\/product"}],"wp:featuredmedia":[{"embeddable":true,"href":"https:\/\/elkaminante.com.uy\/en\/wp-json\/wp\/v2\/media\/9532"}],"wp:attachment":[{"href":"https:\/\/elkaminante.com.uy\/en\/wp-json\/wp\/v2\/media?parent=9534"}],"wp:term":[{"taxonomy":"product_brand","embeddable":true,"href":"https:\/\/elkaminante.com.uy\/en\/wp-json\/wp\/v2\/product_brand?post=9534"},{"taxonomy":"product_cat","embeddable":true,"href":"https:\/\/elkaminante.com.uy\/en\/wp-json\/wp\/v2\/product_cat?post=9534"},{"taxonomy":"product_tag","embeddable":true,"href":"https:\/\/elkaminante.com.uy\/en\/wp-json\/wp\/v2\/product_tag?post=9534"}],"curies":[{"name":"wp","href":"https:\/\/api.w.org\/{rel}","templated":true}]}}