{"id":8577,"date":"2025-04-04T17:05:59","date_gmt":"2025-04-04T20:05:59","guid":{"rendered":"https:\/\/elkaminante.com.uy\/?post_type=product&#038;p=8577"},"modified":"2026-04-17T09:39:17","modified_gmt":"2026-04-17T12:39:17","slug":"esenciales-de-grecia","status":"publish","type":"product","link":"https:\/\/elkaminante.com.uy\/en\/paquetes\/esenciales-de-grecia\/","title":{"rendered":"Esenciales de Grecia"},"content":{"rendered":"","protected":false},"excerpt":{"rendered":"<p><b>Grecia<\/b> es uno de los pa\u00edses m\u00e1s impresionantes de Europa, porque posee una vastedad de lugares tur\u00edsticos y espacios culturales, que encierran gran parte de la historia de la Antigua Grecia, cuna de la civilizaci\u00f3n occidental. La ubicaci\u00f3n geogr\u00e1fica de Grecia ofrece paisajes de aguas cristalinas y azules infinitos, la cultura, arte, costumbres y festividades se entremezclan con su singular arquitectura, mitolog\u00eda, y amable hospitalidad; formando una experiencia de ensue\u00f1o para cualquier turista. <i>Principales atractivos tur\u00edsticos:<\/i>la Acr\u00f3polis de Atenas y el Parten\u00f3n, Mykonos, Lindos, la villa medieval, el teatro de Delfos, la playa de Navagio, los monasterios de Meteora y la rom\u00e1ntica Santorini, entre otros.<\/p>\n","protected":false},"featured_media":9489,"template":"","meta":{"_acf_changed":false,"inline_featured_image":false},"product_brand":[],"product_cat":[28,1579],"product_tag":[2625,2207,2074,3565,124,682,687,2408,2627,65,121,126,683,2626,667,666,3912,120,61,2541,2542,665,2543,128,684,119],"class_list":{"0":"post-8577","1":"product","2":"type-product","3":"status-publish","4":"has-post-thumbnail","6":"product_cat-paquetes","7":"product_cat-uruguay","8":"product_tag-atenas","9":"product_tag-en-grecia","10":"product_tag-en-setiembre","11":"product_tag-esenciales-de-grecia","12":"product_tag-europa","13":"product_tag-grecia","14":"product_tag-grecia-en-grecia","15":"product_tag-grecia-en-setiembre","16":"product_tag-mykonos","17":"product_tag-no-aplica","18":"product_tag-octubre","19":"product_tag-paquetes-a-europa","20":"product_tag-paquetes-a-grecia","21":"product_tag-santorini","22":"product_tag-septiembre","23":"product_tag-setiembre","24":"product_tag-setiembre-octubre-2026","25":"product_tag-sin-comidas","26":"product_tag-sin-destino","27":"product_tag-vacaciones-de-primavera","28":"product_tag-vacaciones-de-septiembre","29":"product_tag-vacaciones-de-setiembre","30":"product_tag-vacaciones-primavera","31":"product_tag-viajes-a-europa","32":"product_tag-viajes-a-grecia","33":"product_tag-vuelo-y-hotel","34":"entry","35":"has-media","37":"first","38":"instock","39":"shipping-taxable","40":"purchasable","41":"product-type-simple"},"acf":[],"yoast_head":"<!-- This site is optimized with the Yoast SEO plugin v27.2 - https:\/\/yoast.com\/product\/yoast-seo-wordpress\/ -->\n<title>Esenciales de Grecia - El Kaminante<\/title>\n<meta name=\"robots\" content=\"index, follow, max-snippet:-1, max-image-preview:large, max-video-preview:-1\" \/>\n<link rel=\"canonical\" href=\"https:\/\/elkaminante.com.uy\/paquetes\/esenciales-de-grecia\/\" \/>\n<meta property=\"og:locale\" content=\"en_US\" \/>\n<meta property=\"og:type\" content=\"article\" \/>\n<meta property=\"og:title\" content=\"Esenciales de Grecia - El Kaminante\" \/>\n<meta property=\"og:description\" content=\"Grecia es uno de los pa\u00edses m\u00e1s impresionantes de Europa, porque posee una vastedad de lugares tur\u00edsticos y espacios culturales, que encierran gran parte de la historia de la Antigua Grecia, cuna de la civilizaci\u00f3n occidental. La ubicaci\u00f3n geogr\u00e1fica de Grecia ofrece paisajes de aguas cristalinas y azules infinitos, la cultura, arte, costumbres y festividades se entremezclan con su singular arquitectura, mitolog\u00eda, y amable hospitalidad; formando una experiencia de ensue\u00f1o para cualquier turista. Principales atractivos tur\u00edsticos:la Acr\u00f3polis de Atenas y el Parten\u00f3n, Mykonos, Lindos, la villa medieval, el teatro de Delfos, la playa de Navagio, los monasterios de Meteora y la rom\u00e1ntica Santorini, entre otros.\" \/>\n<meta property=\"og:url\" content=\"https:\/\/elkaminante.com.uy\/paquetes\/esenciales-de-grecia\/\" \/>\n<meta property=\"og:site_name\" content=\"El Kaminante\" \/>\n<meta property=\"article:modified_time\" content=\"2026-04-17T12:39:17+00:00\" \/>\n<meta property=\"og:image\" content=\"https:\/\/elkaminante.com.uy\/wp-content\/uploads\/2025\/06\/PAQ436.webp\" \/>\n\t<meta property=\"og:image:width\" content=\"800\" \/>\n\t<meta property=\"og:image:height\" content=\"457\" \/>\n\t<meta property=\"og:image:type\" content=\"image\/webp\" \/>\n<meta name=\"twitter:card\" content=\"summary_large_image\" \/>\n<script type=\"application\/ld+json\" class=\"yoast-schema-graph\">{\"@context\":\"https:\/\/schema.org\",\"@graph\":[{\"@type\":\"WebPage\",\"@id\":\"https:\/\/elkaminante.com.uy\/paquetes\/esenciales-de-grecia\/\",\"url\":\"https:\/\/elkaminante.com.uy\/paquetes\/esenciales-de-grecia\/\",\"name\":\"Esenciales de Grecia - El Kaminante\",\"isPartOf\":{\"@id\":\"https:\/\/elkaminante.com.uy\/#website\"},\"primaryImageOfPage\":{\"@id\":\"https:\/\/elkaminante.com.uy\/paquetes\/esenciales-de-grecia\/#primaryimage\"},\"image\":{\"@id\":\"https:\/\/elkaminante.com.uy\/paquetes\/esenciales-de-grecia\/#primaryimage\"},\"thumbnailUrl\":\"https:\/\/elkaminante.com.uy\/wp-content\/uploads\/2025\/06\/PAQ436.webp\",\"datePublished\":\"2025-04-04T20:05:59+00:00\",\"dateModified\":\"2026-04-17T12:39:17+00:00\",\"breadcrumb\":{\"@id\":\"https:\/\/elkaminante.com.uy\/paquetes\/esenciales-de-grecia\/#breadcrumb\"},\"inLanguage\":\"en-US\",\"potentialAction\":[{\"@type\":\"ReadAction\",\"target\":[\"https:\/\/elkaminante.com.uy\/paquetes\/esenciales-de-grecia\/\"]}]},{\"@type\":\"ImageObject\",\"inLanguage\":\"en-US\",\"@id\":\"https:\/\/elkaminante.com.uy\/paquetes\/esenciales-de-grecia\/#primaryimage\",\"url\":\"https:\/\/elkaminante.com.uy\/wp-content\/uploads\/2025\/06\/PAQ436.webp\",\"contentUrl\":\"https:\/\/elkaminante.com.uy\/wp-content\/uploads\/2025\/06\/PAQ436.webp\",\"width\":800,\"height\":457},{\"@type\":\"BreadcrumbList\",\"@id\":\"https:\/\/elkaminante.com.uy\/paquetes\/esenciales-de-grecia\/#breadcrumb\",\"itemListElement\":[{\"@type\":\"ListItem\",\"position\":1,\"name\":\"Inicio\",\"item\":\"https:\/\/elkaminante.com.uy\/en\/\"},{\"@type\":\"ListItem\",\"position\":2,\"name\":\"Viajes por el mundo\",\"item\":\"https:\/\/elkaminante.com.uy\/en\/paquetes\/\"},{\"@type\":\"ListItem\",\"position\":3,\"name\":\"Esenciales de Grecia\"}]},{\"@type\":\"WebSite\",\"@id\":\"https:\/\/elkaminante.com.uy\/#website\",\"url\":\"https:\/\/elkaminante.com.uy\/\",\"name\":\"El Kaminante\",\"description\":\"Viajes &amp; Turismo\",\"publisher\":{\"@id\":\"https:\/\/elkaminante.com.uy\/#organization\"},\"potentialAction\":[{\"@type\":\"SearchAction\",\"target\":{\"@type\":\"EntryPoint\",\"urlTemplate\":\"https:\/\/elkaminante.com.uy\/?s={search_term_string}\"},\"query-input\":{\"@type\":\"PropertyValueSpecification\",\"valueRequired\":true,\"valueName\":\"search_term_string\"}}],\"inLanguage\":\"en-US\"},{\"@type\":\"Organization\",\"@id\":\"https:\/\/elkaminante.com.uy\/#organization\",\"name\":\"El Kaminante\",\"url\":\"https:\/\/elkaminante.com.uy\/\",\"logo\":{\"@type\":\"ImageObject\",\"inLanguage\":\"en-US\",\"@id\":\"https:\/\/elkaminante.com.uy\/#\/schema\/logo\/image\/\",\"url\":\"https:\/\/elkaminante.com.uy\/wp-content\/uploads\/2025\/02\/logo-elkaminante-blanco.svg\",\"contentUrl\":\"https:\/\/elkaminante.com.uy\/wp-content\/uploads\/2025\/02\/logo-elkaminante-blanco.svg\",\"caption\":\"El Kaminante\"},\"image\":{\"@id\":\"https:\/\/elkaminante.com.uy\/#\/schema\/logo\/image\/\"}}]}<\/script>\n<!-- \/ Yoast SEO plugin. -->","yoast_head_json":{"title":"Esenciales de Grecia - El Kaminante","robots":{"index":"index","follow":"follow","max-snippet":"max-snippet:-1","max-image-preview":"max-image-preview:large","max-video-preview":"max-video-preview:-1"},"canonical":"https:\/\/elkaminante.com.uy\/paquetes\/esenciales-de-grecia\/","og_locale":"en_US","og_type":"article","og_title":"Esenciales de Grecia - El Kaminante","og_description":"Grecia es uno de los pa\u00edses m\u00e1s impresionantes de Europa, porque posee una vastedad de lugares tur\u00edsticos y espacios culturales, que encierran gran parte de la historia de la Antigua Grecia, cuna de la civilizaci\u00f3n occidental. La ubicaci\u00f3n geogr\u00e1fica de Grecia ofrece paisajes de aguas cristalinas y azules infinitos, la cultura, arte, costumbres y festividades se entremezclan con su singular arquitectura, mitolog\u00eda, y amable hospitalidad; formando una experiencia de ensue\u00f1o para cualquier turista. Principales atractivos tur\u00edsticos:la Acr\u00f3polis de Atenas y el Parten\u00f3n, Mykonos, Lindos, la villa medieval, el teatro de Delfos, la playa de Navagio, los monasterios de Meteora y la rom\u00e1ntica Santorini, entre otros.","og_url":"https:\/\/elkaminante.com.uy\/paquetes\/esenciales-de-grecia\/","og_site_name":"El Kaminante","article_modified_time":"2026-04-17T12:39:17+00:00","og_image":[{"width":800,"height":457,"url":"https:\/\/elkaminante.com.uy\/wp-content\/uploads\/2025\/06\/PAQ436.webp","type":"image\/webp"}],"twitter_card":"summary_large_image","schema":{"@context":"https:\/\/schema.org","@graph":[{"@type":"WebPage","@id":"https:\/\/elkaminante.com.uy\/paquetes\/esenciales-de-grecia\/","url":"https:\/\/elkaminante.com.uy\/paquetes\/esenciales-de-grecia\/","name":"Esenciales de Grecia - El Kaminante","isPartOf":{"@id":"https:\/\/elkaminante.com.uy\/#website"},"primaryImageOfPage":{"@id":"https:\/\/elkaminante.com.uy\/paquetes\/esenciales-de-grecia\/#primaryimage"},"image":{"@id":"https:\/\/elkaminante.com.uy\/paquetes\/esenciales-de-grecia\/#primaryimage"},"thumbnailUrl":"https:\/\/elkaminante.com.uy\/wp-content\/uploads\/2025\/06\/PAQ436.webp","datePublished":"2025-04-04T20:05:59+00:00","dateModified":"2026-04-17T12:39:17+00:00","breadcrumb":{"@id":"https:\/\/elkaminante.com.uy\/paquetes\/esenciales-de-grecia\/#breadcrumb"},"inLanguage":"en-US","potentialAction":[{"@type":"ReadAction","target":["https:\/\/elkaminante.com.uy\/paquetes\/esenciales-de-grecia\/"]}]},{"@type":"ImageObject","inLanguage":"en-US","@id":"https:\/\/elkaminante.com.uy\/paquetes\/esenciales-de-grecia\/#primaryimage","url":"https:\/\/elkaminante.com.uy\/wp-content\/uploads\/2025\/06\/PAQ436.webp","contentUrl":"https:\/\/elkaminante.com.uy\/wp-content\/uploads\/2025\/06\/PAQ436.webp","width":800,"height":457},{"@type":"BreadcrumbList","@id":"https:\/\/elkaminante.com.uy\/paquetes\/esenciales-de-grecia\/#breadcrumb","itemListElement":[{"@type":"ListItem","position":1,"name":"Inicio","item":"https:\/\/elkaminante.com.uy\/en\/"},{"@type":"ListItem","position":2,"name":"Viajes por el mundo","item":"https:\/\/elkaminante.com.uy\/en\/paquetes\/"},{"@type":"ListItem","position":3,"name":"Esenciales de Grecia"}]},{"@type":"WebSite","@id":"https:\/\/elkaminante.com.uy\/#website","url":"https:\/\/elkaminante.com.uy\/","name":"El Kaminante","description":"Viajes &amp; Turismo","publisher":{"@id":"https:\/\/elkaminante.com.uy\/#organization"},"potentialAction":[{"@type":"SearchAction","target":{"@type":"EntryPoint","urlTemplate":"https:\/\/elkaminante.com.uy\/?s={search_term_string}"},"query-input":{"@type":"PropertyValueSpecification","valueRequired":true,"valueName":"search_term_string"}}],"inLanguage":"en-US"},{"@type":"Organization","@id":"https:\/\/elkaminante.com.uy\/#organization","name":"El Kaminante","url":"https:\/\/elkaminante.com.uy\/","logo":{"@type":"ImageObject","inLanguage":"en-US","@id":"https:\/\/elkaminante.com.uy\/#\/schema\/logo\/image\/","url":"https:\/\/elkaminante.com.uy\/wp-content\/uploads\/2025\/02\/logo-elkaminante-blanco.svg","contentUrl":"https:\/\/elkaminante.com.uy\/wp-content\/uploads\/2025\/02\/logo-elkaminante-blanco.svg","caption":"El Kaminante"},"image":{"@id":"https:\/\/elkaminante.com.uy\/#\/schema\/logo\/image\/"}}]}},"_links":{"self":[{"href":"https:\/\/elkaminante.com.uy\/en\/wp-json\/wp\/v2\/product\/8577","targetHints":{"allow":["GET"]}}],"collection":[{"href":"https:\/\/elkaminante.com.uy\/en\/wp-json\/wp\/v2\/product"}],"about":[{"href":"https:\/\/elkaminante.com.uy\/en\/wp-json\/wp\/v2\/types\/product"}],"wp:featuredmedia":[{"embeddable":true,"href":"https:\/\/elkaminante.com.uy\/en\/wp-json\/wp\/v2\/media\/9489"}],"wp:attachment":[{"href":"https:\/\/elkaminante.com.uy\/en\/wp-json\/wp\/v2\/media?parent=8577"}],"wp:term":[{"taxonomy":"product_brand","embeddable":true,"href":"https:\/\/elkaminante.com.uy\/en\/wp-json\/wp\/v2\/product_brand?post=8577"},{"taxonomy":"product_cat","embeddable":true,"href":"https:\/\/elkaminante.com.uy\/en\/wp-json\/wp\/v2\/product_cat?post=8577"},{"taxonomy":"product_tag","embeddable":true,"href":"https:\/\/elkaminante.com.uy\/en\/wp-json\/wp\/v2\/product_tag?post=8577"}],"curies":[{"name":"wp","href":"https:\/\/api.w.org\/{rel}","templated":true}]}}