{"id":8576,"date":"2025-04-04T17:05:59","date_gmt":"2025-04-04T20:05:59","guid":{"rendered":"https:\/\/elkaminante.com.uy\/?post_type=product&#038;p=8576"},"modified":"2026-04-17T09:39:06","modified_gmt":"2026-04-17T12:39:06","slug":"grand-oca-maragogi-resort","status":"publish","type":"product","link":"https:\/\/elkaminante.com.uy\/en\/paquetes\/grand-oca-maragogi-resort\/","title":{"rendered":"Grand Oca Maragogi Resort"},"content":{"rendered":"","protected":false},"excerpt":{"rendered":"<p><b>Maragogi<\/b> es la segunda ciudad tur\u00edstica m\u00e1s importante del estado de Alagoas. Maragogi est\u00e1 situada en la parte noreste de Brasil, con lo que gracias a su proximidad al ecuador cuenta con un excelente clima que ronda los 25\u00ba grados de media anuales. Para muchos esta ciudad es considerada un para\u00edso; ya que posee la m\u00e1s importante barrera de coral de todo Brasil e incre\u00edbles playas de arena fina, piscinas naturales y aguas transparentes. Adem\u00e1s los habitantes de Maragogi a diferencia de lo que se pueda creer, sienten un gran respeto hacia los turistas, trat\u00e1ndolos con calidez y generosidad. En el centro de la ciudad hay multitud de tiendas artesanales e innumerables locales donde poder probar la deliciosa gastronom\u00eda local en terrazas, ni m\u00e1s ni menos situadas encima de la playa.<\/p>\n","protected":false},"featured_media":9486,"template":"","meta":{"_acf_changed":false,"inline_featured_image":false},"product_brand":[],"product_cat":[28,1579],"product_tag":[173,88,35,260,527,2054,558,2161,3496,245,3886,523,65,91,90,524,61,89,3282,93,92,525,119],"class_list":{"0":"post-8576","1":"product","2":"type-product","3":"status-publish","4":"has-post-thumbnail","6":"product_cat-paquetes","7":"product_cat-uruguay","8":"product_tag-all-inclusive","9":"product_tag-america-del-sur","10":"product_tag-brasil","11":"product_tag-brasil-en-junio","12":"product_tag-brasil-en-maragogi","13":"product_tag-en-brasil","14":"product_tag-en-junio","15":"product_tag-en-maragogi","16":"product_tag-grand-oca-maragogi-resort","17":"product_tag-junio","18":"product_tag-junio-2026all-inclusive","19":"product_tag-maragogi","20":"product_tag-no-aplica","21":"product_tag-paquetes-a-america-del-sur","22":"product_tag-paquetes-a-brasil","23":"product_tag-paquetes-a-maragogi","24":"product_tag-sin-destino","25":"product_tag-sudamerica","26":"product_tag-temporada-baja","27":"product_tag-viajes-a-america-del-sur","28":"product_tag-viajes-a-brasil","29":"product_tag-viajes-a-maragogi","30":"product_tag-vuelo-y-hotel","31":"entry","32":"has-media","34":"first","35":"instock","36":"shipping-taxable","37":"purchasable","38":"product-type-simple"},"acf":[],"yoast_head":"<!-- This site is optimized with the Yoast SEO plugin v27.2 - https:\/\/yoast.com\/product\/yoast-seo-wordpress\/ -->\n<title>Grand Oca Maragogi Resort - El Kaminante<\/title>\n<meta name=\"robots\" content=\"index, follow, max-snippet:-1, max-image-preview:large, max-video-preview:-1\" \/>\n<link rel=\"canonical\" href=\"https:\/\/elkaminante.com.uy\/paquetes\/grand-oca-maragogi-resort\/\" \/>\n<meta property=\"og:locale\" content=\"en_US\" \/>\n<meta property=\"og:type\" content=\"article\" \/>\n<meta property=\"og:title\" content=\"Grand Oca Maragogi Resort - El Kaminante\" \/>\n<meta property=\"og:description\" content=\"Maragogi es la segunda ciudad tur\u00edstica m\u00e1s importante del estado de Alagoas. Maragogi est\u00e1 situada en la parte noreste de Brasil, con lo que gracias a su proximidad al ecuador cuenta con un excelente clima que ronda los 25\u00ba grados de media anuales. Para muchos esta ciudad es considerada un para\u00edso; ya que posee la m\u00e1s importante barrera de coral de todo Brasil e incre\u00edbles playas de arena fina, piscinas naturales y aguas transparentes. Adem\u00e1s los habitantes de Maragogi a diferencia de lo que se pueda creer, sienten un gran respeto hacia los turistas, trat\u00e1ndolos con calidez y generosidad. En el centro de la ciudad hay multitud de tiendas artesanales e innumerables locales donde poder probar la deliciosa gastronom\u00eda local en terrazas, ni m\u00e1s ni menos situadas encima de la playa.\" \/>\n<meta property=\"og:url\" content=\"https:\/\/elkaminante.com.uy\/paquetes\/grand-oca-maragogi-resort\/\" \/>\n<meta property=\"og:site_name\" content=\"El Kaminante\" \/>\n<meta property=\"article:modified_time\" content=\"2026-04-17T12:39:06+00:00\" \/>\n<meta property=\"og:image\" content=\"https:\/\/elkaminante.com.uy\/wp-content\/uploads\/2025\/06\/PAQ353.webp\" \/>\n\t<meta property=\"og:image:width\" content=\"800\" \/>\n\t<meta property=\"og:image:height\" content=\"457\" \/>\n\t<meta property=\"og:image:type\" content=\"image\/webp\" \/>\n<meta name=\"twitter:card\" content=\"summary_large_image\" \/>\n<script type=\"application\/ld+json\" class=\"yoast-schema-graph\">{\"@context\":\"https:\/\/schema.org\",\"@graph\":[{\"@type\":\"WebPage\",\"@id\":\"https:\/\/elkaminante.com.uy\/paquetes\/grand-oca-maragogi-resort\/\",\"url\":\"https:\/\/elkaminante.com.uy\/paquetes\/grand-oca-maragogi-resort\/\",\"name\":\"Grand Oca Maragogi Resort - El Kaminante\",\"isPartOf\":{\"@id\":\"https:\/\/elkaminante.com.uy\/#website\"},\"primaryImageOfPage\":{\"@id\":\"https:\/\/elkaminante.com.uy\/paquetes\/grand-oca-maragogi-resort\/#primaryimage\"},\"image\":{\"@id\":\"https:\/\/elkaminante.com.uy\/paquetes\/grand-oca-maragogi-resort\/#primaryimage\"},\"thumbnailUrl\":\"https:\/\/elkaminante.com.uy\/wp-content\/uploads\/2025\/06\/PAQ353.webp\",\"datePublished\":\"2025-04-04T20:05:59+00:00\",\"dateModified\":\"2026-04-17T12:39:06+00:00\",\"breadcrumb\":{\"@id\":\"https:\/\/elkaminante.com.uy\/paquetes\/grand-oca-maragogi-resort\/#breadcrumb\"},\"inLanguage\":\"en-US\",\"potentialAction\":[{\"@type\":\"ReadAction\",\"target\":[\"https:\/\/elkaminante.com.uy\/paquetes\/grand-oca-maragogi-resort\/\"]}]},{\"@type\":\"ImageObject\",\"inLanguage\":\"en-US\",\"@id\":\"https:\/\/elkaminante.com.uy\/paquetes\/grand-oca-maragogi-resort\/#primaryimage\",\"url\":\"https:\/\/elkaminante.com.uy\/wp-content\/uploads\/2025\/06\/PAQ353.webp\",\"contentUrl\":\"https:\/\/elkaminante.com.uy\/wp-content\/uploads\/2025\/06\/PAQ353.webp\",\"width\":800,\"height\":457},{\"@type\":\"BreadcrumbList\",\"@id\":\"https:\/\/elkaminante.com.uy\/paquetes\/grand-oca-maragogi-resort\/#breadcrumb\",\"itemListElement\":[{\"@type\":\"ListItem\",\"position\":1,\"name\":\"Inicio\",\"item\":\"https:\/\/elkaminante.com.uy\/en\/\"},{\"@type\":\"ListItem\",\"position\":2,\"name\":\"Viajes por el mundo\",\"item\":\"https:\/\/elkaminante.com.uy\/en\/paquetes\/\"},{\"@type\":\"ListItem\",\"position\":3,\"name\":\"Grand Oca Maragogi Resort\"}]},{\"@type\":\"WebSite\",\"@id\":\"https:\/\/elkaminante.com.uy\/#website\",\"url\":\"https:\/\/elkaminante.com.uy\/\",\"name\":\"El Kaminante\",\"description\":\"Viajes &amp; Turismo\",\"publisher\":{\"@id\":\"https:\/\/elkaminante.com.uy\/#organization\"},\"potentialAction\":[{\"@type\":\"SearchAction\",\"target\":{\"@type\":\"EntryPoint\",\"urlTemplate\":\"https:\/\/elkaminante.com.uy\/?s={search_term_string}\"},\"query-input\":{\"@type\":\"PropertyValueSpecification\",\"valueRequired\":true,\"valueName\":\"search_term_string\"}}],\"inLanguage\":\"en-US\"},{\"@type\":\"Organization\",\"@id\":\"https:\/\/elkaminante.com.uy\/#organization\",\"name\":\"El Kaminante\",\"url\":\"https:\/\/elkaminante.com.uy\/\",\"logo\":{\"@type\":\"ImageObject\",\"inLanguage\":\"en-US\",\"@id\":\"https:\/\/elkaminante.com.uy\/#\/schema\/logo\/image\/\",\"url\":\"https:\/\/elkaminante.com.uy\/wp-content\/uploads\/2025\/02\/logo-elkaminante-blanco.svg\",\"contentUrl\":\"https:\/\/elkaminante.com.uy\/wp-content\/uploads\/2025\/02\/logo-elkaminante-blanco.svg\",\"caption\":\"El Kaminante\"},\"image\":{\"@id\":\"https:\/\/elkaminante.com.uy\/#\/schema\/logo\/image\/\"}}]}<\/script>\n<!-- \/ Yoast SEO plugin. -->","yoast_head_json":{"title":"Grand Oca Maragogi Resort - El Kaminante","robots":{"index":"index","follow":"follow","max-snippet":"max-snippet:-1","max-image-preview":"max-image-preview:large","max-video-preview":"max-video-preview:-1"},"canonical":"https:\/\/elkaminante.com.uy\/paquetes\/grand-oca-maragogi-resort\/","og_locale":"en_US","og_type":"article","og_title":"Grand Oca Maragogi Resort - El Kaminante","og_description":"Maragogi es la segunda ciudad tur\u00edstica m\u00e1s importante del estado de Alagoas. Maragogi est\u00e1 situada en la parte noreste de Brasil, con lo que gracias a su proximidad al ecuador cuenta con un excelente clima que ronda los 25\u00ba grados de media anuales. Para muchos esta ciudad es considerada un para\u00edso; ya que posee la m\u00e1s importante barrera de coral de todo Brasil e incre\u00edbles playas de arena fina, piscinas naturales y aguas transparentes. Adem\u00e1s los habitantes de Maragogi a diferencia de lo que se pueda creer, sienten un gran respeto hacia los turistas, trat\u00e1ndolos con calidez y generosidad. En el centro de la ciudad hay multitud de tiendas artesanales e innumerables locales donde poder probar la deliciosa gastronom\u00eda local en terrazas, ni m\u00e1s ni menos situadas encima de la playa.","og_url":"https:\/\/elkaminante.com.uy\/paquetes\/grand-oca-maragogi-resort\/","og_site_name":"El Kaminante","article_modified_time":"2026-04-17T12:39:06+00:00","og_image":[{"width":800,"height":457,"url":"https:\/\/elkaminante.com.uy\/wp-content\/uploads\/2025\/06\/PAQ353.webp","type":"image\/webp"}],"twitter_card":"summary_large_image","schema":{"@context":"https:\/\/schema.org","@graph":[{"@type":"WebPage","@id":"https:\/\/elkaminante.com.uy\/paquetes\/grand-oca-maragogi-resort\/","url":"https:\/\/elkaminante.com.uy\/paquetes\/grand-oca-maragogi-resort\/","name":"Grand Oca Maragogi Resort - El Kaminante","isPartOf":{"@id":"https:\/\/elkaminante.com.uy\/#website"},"primaryImageOfPage":{"@id":"https:\/\/elkaminante.com.uy\/paquetes\/grand-oca-maragogi-resort\/#primaryimage"},"image":{"@id":"https:\/\/elkaminante.com.uy\/paquetes\/grand-oca-maragogi-resort\/#primaryimage"},"thumbnailUrl":"https:\/\/elkaminante.com.uy\/wp-content\/uploads\/2025\/06\/PAQ353.webp","datePublished":"2025-04-04T20:05:59+00:00","dateModified":"2026-04-17T12:39:06+00:00","breadcrumb":{"@id":"https:\/\/elkaminante.com.uy\/paquetes\/grand-oca-maragogi-resort\/#breadcrumb"},"inLanguage":"en-US","potentialAction":[{"@type":"ReadAction","target":["https:\/\/elkaminante.com.uy\/paquetes\/grand-oca-maragogi-resort\/"]}]},{"@type":"ImageObject","inLanguage":"en-US","@id":"https:\/\/elkaminante.com.uy\/paquetes\/grand-oca-maragogi-resort\/#primaryimage","url":"https:\/\/elkaminante.com.uy\/wp-content\/uploads\/2025\/06\/PAQ353.webp","contentUrl":"https:\/\/elkaminante.com.uy\/wp-content\/uploads\/2025\/06\/PAQ353.webp","width":800,"height":457},{"@type":"BreadcrumbList","@id":"https:\/\/elkaminante.com.uy\/paquetes\/grand-oca-maragogi-resort\/#breadcrumb","itemListElement":[{"@type":"ListItem","position":1,"name":"Inicio","item":"https:\/\/elkaminante.com.uy\/en\/"},{"@type":"ListItem","position":2,"name":"Viajes por el mundo","item":"https:\/\/elkaminante.com.uy\/en\/paquetes\/"},{"@type":"ListItem","position":3,"name":"Grand Oca Maragogi Resort"}]},{"@type":"WebSite","@id":"https:\/\/elkaminante.com.uy\/#website","url":"https:\/\/elkaminante.com.uy\/","name":"El Kaminante","description":"Viajes &amp; Turismo","publisher":{"@id":"https:\/\/elkaminante.com.uy\/#organization"},"potentialAction":[{"@type":"SearchAction","target":{"@type":"EntryPoint","urlTemplate":"https:\/\/elkaminante.com.uy\/?s={search_term_string}"},"query-input":{"@type":"PropertyValueSpecification","valueRequired":true,"valueName":"search_term_string"}}],"inLanguage":"en-US"},{"@type":"Organization","@id":"https:\/\/elkaminante.com.uy\/#organization","name":"El Kaminante","url":"https:\/\/elkaminante.com.uy\/","logo":{"@type":"ImageObject","inLanguage":"en-US","@id":"https:\/\/elkaminante.com.uy\/#\/schema\/logo\/image\/","url":"https:\/\/elkaminante.com.uy\/wp-content\/uploads\/2025\/02\/logo-elkaminante-blanco.svg","contentUrl":"https:\/\/elkaminante.com.uy\/wp-content\/uploads\/2025\/02\/logo-elkaminante-blanco.svg","caption":"El Kaminante"},"image":{"@id":"https:\/\/elkaminante.com.uy\/#\/schema\/logo\/image\/"}}]}},"_links":{"self":[{"href":"https:\/\/elkaminante.com.uy\/en\/wp-json\/wp\/v2\/product\/8576","targetHints":{"allow":["GET"]}}],"collection":[{"href":"https:\/\/elkaminante.com.uy\/en\/wp-json\/wp\/v2\/product"}],"about":[{"href":"https:\/\/elkaminante.com.uy\/en\/wp-json\/wp\/v2\/types\/product"}],"wp:featuredmedia":[{"embeddable":true,"href":"https:\/\/elkaminante.com.uy\/en\/wp-json\/wp\/v2\/media\/9486"}],"wp:attachment":[{"href":"https:\/\/elkaminante.com.uy\/en\/wp-json\/wp\/v2\/media?parent=8576"}],"wp:term":[{"taxonomy":"product_brand","embeddable":true,"href":"https:\/\/elkaminante.com.uy\/en\/wp-json\/wp\/v2\/product_brand?post=8576"},{"taxonomy":"product_cat","embeddable":true,"href":"https:\/\/elkaminante.com.uy\/en\/wp-json\/wp\/v2\/product_cat?post=8576"},{"taxonomy":"product_tag","embeddable":true,"href":"https:\/\/elkaminante.com.uy\/en\/wp-json\/wp\/v2\/product_tag?post=8576"}],"curies":[{"name":"wp","href":"https:\/\/api.w.org\/{rel}","templated":true}]}}