{"id":8575,"date":"2025-04-04T17:05:59","date_gmt":"2025-04-04T20:05:59","guid":{"rendered":"https:\/\/elkaminante.com.uy\/?post_type=product&#038;p=8575"},"modified":"2026-04-17T09:39:00","modified_gmt":"2026-04-17T12:39:00","slug":"bahia-morro","status":"publish","type":"product","link":"https:\/\/elkaminante.com.uy\/en\/paquetes\/bahia-morro\/","title":{"rendered":"Bah\u00eda &#038; Morro"},"content":{"rendered":"","protected":false},"excerpt":{"rendered":"<p><b>Salvador de Bah\u00eda,<\/b> la capital del estado de Bah\u00eda en el noreste de Brasil, es famosa por su arquitectura colonial portuguesa, su cultura afrobrasile\u00f1a y su costa tropical. El barrio de Pelourinho es su centro hist\u00f3rico, con calles de adoquines que se abren en grandes plazas, coloridos edificios e iglesias barrocas. Constituye una cita obligada por su singular diversidad cultural que se expresa en la mezcla de las tradiciones amerindias, europeas y africanas, las cuales se ven reflejadas en su gastronom\u00eda, folclore y en su producci\u00f3n artesanal. El clima c\u00e1lido de Salvador da Bah\u00eda se complementa de una gran cantidad de horas de sol anuales, lo que permite el amplio disfrute de sus playas.<\/p>\n<p><b>Morro de S\u00e3o Paulo<\/b> est\u00e1 localizado 60 kil\u00f3metros al sur de la capital bahiana Salvador. Playas paradis\u00edacas de aguas claras y arena blanca, plantaciones de coco y la selva tropical, son algunas caracter\u00edsticas que hacen al escenario perfecto para los visitantes de este para\u00edso. En Morro las playas son conocidas por orden num\u00e9rico y cada una de ellas tiene sus caracter\u00edsticas especiales con distintas opciones para el turismo.<\/p>\n","protected":false},"featured_media":9484,"template":"","meta":{"_acf_changed":false,"inline_featured_image":false},"product_brand":[],"product_cat":[28,1579],"product_tag":[88,3310,35,1578,376,64,2054,1610,2125,879,3445,380,381,65,91,90,382,373,372,371,61,89,2953,1092,2952,93,92,383,374,119],"class_list":{"0":"post-8575","1":"product","2":"type-product","3":"status-publish","4":"has-post-thumbnail","6":"product_cat-paquetes","7":"product_cat-uruguay","8":"product_tag-america-del-sur","9":"product_tag-bahia-morro","10":"product_tag-brasil","11":"product_tag-brasil-en-julio","12":"product_tag-brasil-en-salvador-de-bahia","13":"product_tag-desayuno","14":"product_tag-en-brasil","15":"product_tag-en-julio","16":"product_tag-en-salvador-de-bahia","17":"product_tag-julio","18":"product_tag-julio-2026","19":"product_tag-morro-de-san-pablo","20":"product_tag-morro-san-pablo","21":"product_tag-no-aplica","22":"product_tag-paquetes-a-america-del-sur","23":"product_tag-paquetes-a-brasil","24":"product_tag-paquetes-a-morro-de-san-pablo","25":"product_tag-paquetes-a-salvador-de-bahia","26":"product_tag-salvador-bahia","27":"product_tag-salvador-de-bahia","28":"product_tag-sin-destino","29":"product_tag-sudamerica","30":"product_tag-vacaciones-de-invierno","31":"product_tag-vacaciones-de-julio","32":"product_tag-vacaciones-julio","33":"product_tag-viajes-a-america-del-sur","34":"product_tag-viajes-a-brasil","35":"product_tag-viajes-a-morro-de-san-pablo","36":"product_tag-viajes-a-salvador-de-bahia","37":"product_tag-vuelo-y-hotel","38":"entry","39":"has-media","41":"first","42":"instock","43":"shipping-taxable","44":"purchasable","45":"product-type-simple"},"acf":[],"yoast_head":"<!-- This site is optimized with the Yoast SEO plugin v27.2 - https:\/\/yoast.com\/product\/yoast-seo-wordpress\/ -->\n<title>Bah\u00eda &amp; Morro - El Kaminante<\/title>\n<meta name=\"robots\" content=\"index, follow, max-snippet:-1, max-image-preview:large, max-video-preview:-1\" \/>\n<link rel=\"canonical\" href=\"https:\/\/elkaminante.com.uy\/paquetes\/bahia-morro\/\" \/>\n<meta property=\"og:locale\" content=\"en_US\" \/>\n<meta property=\"og:type\" content=\"article\" \/>\n<meta property=\"og:title\" content=\"Bah\u00eda &amp; Morro - El Kaminante\" \/>\n<meta property=\"og:description\" content=\"Salvador de Bah\u00eda, la capital del estado de Bah\u00eda en el noreste de Brasil, es famosa por su arquitectura colonial portuguesa, su cultura afrobrasile\u00f1a y su costa tropical. El barrio de Pelourinho es su centro hist\u00f3rico, con calles de adoquines que se abren en grandes plazas, coloridos edificios e iglesias barrocas. Constituye una cita obligada por su singular diversidad cultural que se expresa en la mezcla de las tradiciones amerindias, europeas y africanas, las cuales se ven reflejadas en su gastronom\u00eda, folclore y en su producci\u00f3n artesanal. El clima c\u00e1lido de Salvador da Bah\u00eda se complementa de una gran cantidad de horas de sol anuales, lo que permite el amplio disfrute de sus playas.Morro de S\u00e3o Paulo est\u00e1 localizado 60 kil\u00f3metros al sur de la capital bahiana Salvador. Playas paradis\u00edacas de aguas claras y arena blanca, plantaciones de coco y la selva tropical, son algunas caracter\u00edsticas que hacen al escenario perfecto para los visitantes de este para\u00edso. En Morro las playas son conocidas por orden num\u00e9rico y cada una de ellas tiene sus caracter\u00edsticas especiales con distintas opciones para el turismo.\" \/>\n<meta property=\"og:url\" content=\"https:\/\/elkaminante.com.uy\/paquetes\/bahia-morro\/\" \/>\n<meta property=\"og:site_name\" content=\"El Kaminante\" \/>\n<meta property=\"article:modified_time\" content=\"2026-04-17T12:39:00+00:00\" \/>\n<meta property=\"og:image\" content=\"https:\/\/elkaminante.com.uy\/wp-content\/uploads\/2025\/06\/PAQ305.webp\" \/>\n\t<meta property=\"og:image:width\" content=\"800\" \/>\n\t<meta property=\"og:image:height\" content=\"457\" \/>\n\t<meta property=\"og:image:type\" content=\"image\/webp\" \/>\n<meta name=\"twitter:card\" content=\"summary_large_image\" \/>\n<script type=\"application\/ld+json\" class=\"yoast-schema-graph\">{\"@context\":\"https:\/\/schema.org\",\"@graph\":[{\"@type\":\"WebPage\",\"@id\":\"https:\/\/elkaminante.com.uy\/paquetes\/bahia-morro\/\",\"url\":\"https:\/\/elkaminante.com.uy\/paquetes\/bahia-morro\/\",\"name\":\"Bah\u00eda & Morro - El Kaminante\",\"isPartOf\":{\"@id\":\"https:\/\/elkaminante.com.uy\/#website\"},\"primaryImageOfPage\":{\"@id\":\"https:\/\/elkaminante.com.uy\/paquetes\/bahia-morro\/#primaryimage\"},\"image\":{\"@id\":\"https:\/\/elkaminante.com.uy\/paquetes\/bahia-morro\/#primaryimage\"},\"thumbnailUrl\":\"https:\/\/elkaminante.com.uy\/wp-content\/uploads\/2025\/06\/PAQ305.webp\",\"datePublished\":\"2025-04-04T20:05:59+00:00\",\"dateModified\":\"2026-04-17T12:39:00+00:00\",\"breadcrumb\":{\"@id\":\"https:\/\/elkaminante.com.uy\/paquetes\/bahia-morro\/#breadcrumb\"},\"inLanguage\":\"en-US\",\"potentialAction\":[{\"@type\":\"ReadAction\",\"target\":[\"https:\/\/elkaminante.com.uy\/paquetes\/bahia-morro\/\"]}]},{\"@type\":\"ImageObject\",\"inLanguage\":\"en-US\",\"@id\":\"https:\/\/elkaminante.com.uy\/paquetes\/bahia-morro\/#primaryimage\",\"url\":\"https:\/\/elkaminante.com.uy\/wp-content\/uploads\/2025\/06\/PAQ305.webp\",\"contentUrl\":\"https:\/\/elkaminante.com.uy\/wp-content\/uploads\/2025\/06\/PAQ305.webp\",\"width\":800,\"height\":457},{\"@type\":\"BreadcrumbList\",\"@id\":\"https:\/\/elkaminante.com.uy\/paquetes\/bahia-morro\/#breadcrumb\",\"itemListElement\":[{\"@type\":\"ListItem\",\"position\":1,\"name\":\"Inicio\",\"item\":\"https:\/\/elkaminante.com.uy\/en\/\"},{\"@type\":\"ListItem\",\"position\":2,\"name\":\"Viajes por el mundo\",\"item\":\"https:\/\/elkaminante.com.uy\/en\/paquetes\/\"},{\"@type\":\"ListItem\",\"position\":3,\"name\":\"Bah\u00eda &#038; Morro\"}]},{\"@type\":\"WebSite\",\"@id\":\"https:\/\/elkaminante.com.uy\/#website\",\"url\":\"https:\/\/elkaminante.com.uy\/\",\"name\":\"El Kaminante\",\"description\":\"Viajes &amp; Turismo\",\"publisher\":{\"@id\":\"https:\/\/elkaminante.com.uy\/#organization\"},\"potentialAction\":[{\"@type\":\"SearchAction\",\"target\":{\"@type\":\"EntryPoint\",\"urlTemplate\":\"https:\/\/elkaminante.com.uy\/?s={search_term_string}\"},\"query-input\":{\"@type\":\"PropertyValueSpecification\",\"valueRequired\":true,\"valueName\":\"search_term_string\"}}],\"inLanguage\":\"en-US\"},{\"@type\":\"Organization\",\"@id\":\"https:\/\/elkaminante.com.uy\/#organization\",\"name\":\"El Kaminante\",\"url\":\"https:\/\/elkaminante.com.uy\/\",\"logo\":{\"@type\":\"ImageObject\",\"inLanguage\":\"en-US\",\"@id\":\"https:\/\/elkaminante.com.uy\/#\/schema\/logo\/image\/\",\"url\":\"https:\/\/elkaminante.com.uy\/wp-content\/uploads\/2025\/02\/logo-elkaminante-blanco.svg\",\"contentUrl\":\"https:\/\/elkaminante.com.uy\/wp-content\/uploads\/2025\/02\/logo-elkaminante-blanco.svg\",\"caption\":\"El Kaminante\"},\"image\":{\"@id\":\"https:\/\/elkaminante.com.uy\/#\/schema\/logo\/image\/\"}}]}<\/script>\n<!-- \/ Yoast SEO plugin. -->","yoast_head_json":{"title":"Bah\u00eda & Morro - El Kaminante","robots":{"index":"index","follow":"follow","max-snippet":"max-snippet:-1","max-image-preview":"max-image-preview:large","max-video-preview":"max-video-preview:-1"},"canonical":"https:\/\/elkaminante.com.uy\/paquetes\/bahia-morro\/","og_locale":"en_US","og_type":"article","og_title":"Bah\u00eda & Morro - El Kaminante","og_description":"Salvador de Bah\u00eda, la capital del estado de Bah\u00eda en el noreste de Brasil, es famosa por su arquitectura colonial portuguesa, su cultura afrobrasile\u00f1a y su costa tropical. El barrio de Pelourinho es su centro hist\u00f3rico, con calles de adoquines que se abren en grandes plazas, coloridos edificios e iglesias barrocas. Constituye una cita obligada por su singular diversidad cultural que se expresa en la mezcla de las tradiciones amerindias, europeas y africanas, las cuales se ven reflejadas en su gastronom\u00eda, folclore y en su producci\u00f3n artesanal. El clima c\u00e1lido de Salvador da Bah\u00eda se complementa de una gran cantidad de horas de sol anuales, lo que permite el amplio disfrute de sus playas.Morro de S\u00e3o Paulo est\u00e1 localizado 60 kil\u00f3metros al sur de la capital bahiana Salvador. Playas paradis\u00edacas de aguas claras y arena blanca, plantaciones de coco y la selva tropical, son algunas caracter\u00edsticas que hacen al escenario perfecto para los visitantes de este para\u00edso. En Morro las playas son conocidas por orden num\u00e9rico y cada una de ellas tiene sus caracter\u00edsticas especiales con distintas opciones para el turismo.","og_url":"https:\/\/elkaminante.com.uy\/paquetes\/bahia-morro\/","og_site_name":"El Kaminante","article_modified_time":"2026-04-17T12:39:00+00:00","og_image":[{"width":800,"height":457,"url":"https:\/\/elkaminante.com.uy\/wp-content\/uploads\/2025\/06\/PAQ305.webp","type":"image\/webp"}],"twitter_card":"summary_large_image","schema":{"@context":"https:\/\/schema.org","@graph":[{"@type":"WebPage","@id":"https:\/\/elkaminante.com.uy\/paquetes\/bahia-morro\/","url":"https:\/\/elkaminante.com.uy\/paquetes\/bahia-morro\/","name":"Bah\u00eda & Morro - El Kaminante","isPartOf":{"@id":"https:\/\/elkaminante.com.uy\/#website"},"primaryImageOfPage":{"@id":"https:\/\/elkaminante.com.uy\/paquetes\/bahia-morro\/#primaryimage"},"image":{"@id":"https:\/\/elkaminante.com.uy\/paquetes\/bahia-morro\/#primaryimage"},"thumbnailUrl":"https:\/\/elkaminante.com.uy\/wp-content\/uploads\/2025\/06\/PAQ305.webp","datePublished":"2025-04-04T20:05:59+00:00","dateModified":"2026-04-17T12:39:00+00:00","breadcrumb":{"@id":"https:\/\/elkaminante.com.uy\/paquetes\/bahia-morro\/#breadcrumb"},"inLanguage":"en-US","potentialAction":[{"@type":"ReadAction","target":["https:\/\/elkaminante.com.uy\/paquetes\/bahia-morro\/"]}]},{"@type":"ImageObject","inLanguage":"en-US","@id":"https:\/\/elkaminante.com.uy\/paquetes\/bahia-morro\/#primaryimage","url":"https:\/\/elkaminante.com.uy\/wp-content\/uploads\/2025\/06\/PAQ305.webp","contentUrl":"https:\/\/elkaminante.com.uy\/wp-content\/uploads\/2025\/06\/PAQ305.webp","width":800,"height":457},{"@type":"BreadcrumbList","@id":"https:\/\/elkaminante.com.uy\/paquetes\/bahia-morro\/#breadcrumb","itemListElement":[{"@type":"ListItem","position":1,"name":"Inicio","item":"https:\/\/elkaminante.com.uy\/en\/"},{"@type":"ListItem","position":2,"name":"Viajes por el mundo","item":"https:\/\/elkaminante.com.uy\/en\/paquetes\/"},{"@type":"ListItem","position":3,"name":"Bah\u00eda &#038; Morro"}]},{"@type":"WebSite","@id":"https:\/\/elkaminante.com.uy\/#website","url":"https:\/\/elkaminante.com.uy\/","name":"El Kaminante","description":"Viajes &amp; Turismo","publisher":{"@id":"https:\/\/elkaminante.com.uy\/#organization"},"potentialAction":[{"@type":"SearchAction","target":{"@type":"EntryPoint","urlTemplate":"https:\/\/elkaminante.com.uy\/?s={search_term_string}"},"query-input":{"@type":"PropertyValueSpecification","valueRequired":true,"valueName":"search_term_string"}}],"inLanguage":"en-US"},{"@type":"Organization","@id":"https:\/\/elkaminante.com.uy\/#organization","name":"El Kaminante","url":"https:\/\/elkaminante.com.uy\/","logo":{"@type":"ImageObject","inLanguage":"en-US","@id":"https:\/\/elkaminante.com.uy\/#\/schema\/logo\/image\/","url":"https:\/\/elkaminante.com.uy\/wp-content\/uploads\/2025\/02\/logo-elkaminante-blanco.svg","contentUrl":"https:\/\/elkaminante.com.uy\/wp-content\/uploads\/2025\/02\/logo-elkaminante-blanco.svg","caption":"El Kaminante"},"image":{"@id":"https:\/\/elkaminante.com.uy\/#\/schema\/logo\/image\/"}}]}},"_links":{"self":[{"href":"https:\/\/elkaminante.com.uy\/en\/wp-json\/wp\/v2\/product\/8575","targetHints":{"allow":["GET"]}}],"collection":[{"href":"https:\/\/elkaminante.com.uy\/en\/wp-json\/wp\/v2\/product"}],"about":[{"href":"https:\/\/elkaminante.com.uy\/en\/wp-json\/wp\/v2\/types\/product"}],"wp:featuredmedia":[{"embeddable":true,"href":"https:\/\/elkaminante.com.uy\/en\/wp-json\/wp\/v2\/media\/9484"}],"wp:attachment":[{"href":"https:\/\/elkaminante.com.uy\/en\/wp-json\/wp\/v2\/media?parent=8575"}],"wp:term":[{"taxonomy":"product_brand","embeddable":true,"href":"https:\/\/elkaminante.com.uy\/en\/wp-json\/wp\/v2\/product_brand?post=8575"},{"taxonomy":"product_cat","embeddable":true,"href":"https:\/\/elkaminante.com.uy\/en\/wp-json\/wp\/v2\/product_cat?post=8575"},{"taxonomy":"product_tag","embeddable":true,"href":"https:\/\/elkaminante.com.uy\/en\/wp-json\/wp\/v2\/product_tag?post=8575"}],"curies":[{"name":"wp","href":"https:\/\/api.w.org\/{rel}","templated":true}]}}