{"id":8574,"date":"2025-04-04T17:05:59","date_gmt":"2025-04-04T20:05:59","guid":{"rendered":"https:\/\/elkaminante.com.uy\/?post_type=product&#038;p=8574"},"modified":"2026-04-17T09:38:54","modified_gmt":"2026-04-17T12:38:54","slug":"circuito-europa-blue-19-dias","status":"publish","type":"product","link":"https:\/\/elkaminante.com.uy\/en\/paquetes\/circuito-europa-blue-19-dias\/","title":{"rendered":"Circuito Europa Blue"},"content":{"rendered":"","protected":false},"excerpt":{"rendered":"<p>Conocer <b>Europa<\/b> con circuitos dise\u00f1ados para que recorras los mejores destinos, con todo organizado y sin preocupaciones. Adem\u00e1s, para que disfrutes de un mayor conocimiento hist\u00f3rico y cultural de cada destino, con visitas de cada ciudad con expertos gu\u00edas locales, que con sus detalladas explicaciones les har\u00e1n conocer de una forma m\u00e1s amplia y completa la ciudad y sus principales atractivos tur\u00edsticos.<i>Principales caracter\u00edsticas de los circuitos:<\/i> autobuses de \u00faltima generaci\u00f3n, con butacas reclinables, conexi\u00f3n wifi y ventanas panor\u00e1micas; equipaje de 20 kgs. permitido, gu\u00edas acompa\u00f1antes experimentados, visitas opcionales en cada destino, visitas panor\u00e1micas y seguro b\u00e1sico de asistencia durante el recorrido del circuito.<\/p>\n","protected":false},"featured_media":9480,"template":"","meta":{"_acf_changed":false,"inline_featured_image":false},"product_brand":[],"product_cat":[28,1579],"product_tag":[2676,2675,2687,155,3422,64,2067,2068,2050,123,124,160,131,142,2679,2680,2686,856,2683,2677,117,2685,65,121,3907,125,126,143,857,129,145,141,2678,2681,61,3282,2684,1001,127,128,144,858,130,146,63,2682],"class_list":{"0":"post-8574","1":"product","2":"type-product","3":"status-publish","4":"has-post-thumbnail","6":"product_cat-paquetes","7":"product_cat-uruguay","8":"product_tag-blois","9":"product_tag-burdeos","10":"product_tag-circuito-europa","11":"product_tag-circuito-europa-solo-descripcion","12":"product_tag-circuito-europa-blue","13":"product_tag-desayuno","14":"product_tag-en-circuito-europa-solo-descripcion","15":"product_tag-en-europa","16":"product_tag-en-octubre","17":"product_tag-espana","18":"product_tag-europa","19":"product_tag-europa-en-circuito-europa-solo-descripcion","20":"product_tag-europa-en-octubre","21":"product_tag-francia","22":"product_tag-frankfurt","23":"product_tag-heidelberg","24":"product_tag-innsbruck","25":"product_tag-italia","26":"product_tag-lucerna","27":"product_tag-luxemburgo","28":"product_tag-madrid","29":"product_tag-munich","30":"product_tag-no-aplica","31":"product_tag-octubre","32":"product_tag-octubre-2026","33":"product_tag-paquetes-a-espana","34":"product_tag-paquetes-a-europa","35":"product_tag-paquetes-a-francia","36":"product_tag-paquetes-a-italia","37":"product_tag-paquetes-a-madrid","38":"product_tag-paquetes-a-paris","39":"product_tag-paris","40":"product_tag-rin","41":"product_tag-selva-negra","42":"product_tag-sin-destino","43":"product_tag-temporada-baja","44":"product_tag-vaduz","45":"product_tag-venecia","46":"product_tag-viajes-a-espana","47":"product_tag-viajes-a-europa","48":"product_tag-viajes-a-francia","49":"product_tag-viajes-a-italia","50":"product_tag-viajes-a-madrid","51":"product_tag-viajes-a-paris","52":"product_tag-vuelo-y-circuito","53":"product_tag-zurich","54":"entry","55":"has-media","57":"first","58":"instock","59":"shipping-taxable","60":"purchasable","61":"product-type-simple"},"acf":[],"yoast_head":"<!-- This site is optimized with the Yoast SEO plugin v27.2 - https:\/\/yoast.com\/product\/yoast-seo-wordpress\/ -->\n<title>Circuito Europa Blue - El Kaminante<\/title>\n<meta name=\"robots\" content=\"index, follow, max-snippet:-1, max-image-preview:large, max-video-preview:-1\" \/>\n<link rel=\"canonical\" href=\"https:\/\/elkaminante.com.uy\/paquetes\/circuito-europa-blue-19-dias\/\" \/>\n<meta property=\"og:locale\" content=\"en_US\" \/>\n<meta property=\"og:type\" content=\"article\" \/>\n<meta property=\"og:title\" content=\"Circuito Europa Blue - El Kaminante\" \/>\n<meta property=\"og:description\" content=\"Conocer Europa con circuitos dise\u00f1ados para que recorras los mejores destinos, con todo organizado y sin preocupaciones. Adem\u00e1s, para que disfrutes de un mayor conocimiento hist\u00f3rico y cultural de cada destino, con visitas de cada ciudad con expertos gu\u00edas locales, que con sus detalladas explicaciones les har\u00e1n conocer de una forma m\u00e1s amplia y completa la ciudad y sus principales atractivos tur\u00edsticos.Principales caracter\u00edsticas de los circuitos: autobuses de \u00faltima generaci\u00f3n, con butacas reclinables, conexi\u00f3n wifi y ventanas panor\u00e1micas; equipaje de 20 kgs. permitido, gu\u00edas acompa\u00f1antes experimentados, visitas opcionales en cada destino, visitas panor\u00e1micas y seguro b\u00e1sico de asistencia durante el recorrido del circuito.\" \/>\n<meta property=\"og:url\" content=\"https:\/\/elkaminante.com.uy\/paquetes\/circuito-europa-blue-19-dias\/\" \/>\n<meta property=\"og:site_name\" content=\"El Kaminante\" \/>\n<meta property=\"article:modified_time\" content=\"2026-04-17T12:38:54+00:00\" \/>\n<meta property=\"og:image\" content=\"https:\/\/elkaminante.com.uy\/wp-content\/uploads\/2025\/06\/PAQ262.webp\" \/>\n\t<meta property=\"og:image:width\" content=\"800\" \/>\n\t<meta property=\"og:image:height\" content=\"457\" \/>\n\t<meta property=\"og:image:type\" content=\"image\/webp\" \/>\n<meta name=\"twitter:card\" content=\"summary_large_image\" \/>\n<script type=\"application\/ld+json\" class=\"yoast-schema-graph\">{\"@context\":\"https:\/\/schema.org\",\"@graph\":[{\"@type\":\"WebPage\",\"@id\":\"https:\/\/elkaminante.com.uy\/paquetes\/circuito-europa-blue-19-dias\/\",\"url\":\"https:\/\/elkaminante.com.uy\/paquetes\/circuito-europa-blue-19-dias\/\",\"name\":\"Circuito Europa Blue - El Kaminante\",\"isPartOf\":{\"@id\":\"https:\/\/elkaminante.com.uy\/#website\"},\"primaryImageOfPage\":{\"@id\":\"https:\/\/elkaminante.com.uy\/paquetes\/circuito-europa-blue-19-dias\/#primaryimage\"},\"image\":{\"@id\":\"https:\/\/elkaminante.com.uy\/paquetes\/circuito-europa-blue-19-dias\/#primaryimage\"},\"thumbnailUrl\":\"https:\/\/elkaminante.com.uy\/wp-content\/uploads\/2025\/06\/PAQ262.webp\",\"datePublished\":\"2025-04-04T20:05:59+00:00\",\"dateModified\":\"2026-04-17T12:38:54+00:00\",\"breadcrumb\":{\"@id\":\"https:\/\/elkaminante.com.uy\/paquetes\/circuito-europa-blue-19-dias\/#breadcrumb\"},\"inLanguage\":\"en-US\",\"potentialAction\":[{\"@type\":\"ReadAction\",\"target\":[\"https:\/\/elkaminante.com.uy\/paquetes\/circuito-europa-blue-19-dias\/\"]}]},{\"@type\":\"ImageObject\",\"inLanguage\":\"en-US\",\"@id\":\"https:\/\/elkaminante.com.uy\/paquetes\/circuito-europa-blue-19-dias\/#primaryimage\",\"url\":\"https:\/\/elkaminante.com.uy\/wp-content\/uploads\/2025\/06\/PAQ262.webp\",\"contentUrl\":\"https:\/\/elkaminante.com.uy\/wp-content\/uploads\/2025\/06\/PAQ262.webp\",\"width\":800,\"height\":457},{\"@type\":\"BreadcrumbList\",\"@id\":\"https:\/\/elkaminante.com.uy\/paquetes\/circuito-europa-blue-19-dias\/#breadcrumb\",\"itemListElement\":[{\"@type\":\"ListItem\",\"position\":1,\"name\":\"Inicio\",\"item\":\"https:\/\/elkaminante.com.uy\/en\/\"},{\"@type\":\"ListItem\",\"position\":2,\"name\":\"Viajes por el mundo\",\"item\":\"https:\/\/elkaminante.com.uy\/en\/paquetes\/\"},{\"@type\":\"ListItem\",\"position\":3,\"name\":\"Circuito Europa Blue\"}]},{\"@type\":\"WebSite\",\"@id\":\"https:\/\/elkaminante.com.uy\/#website\",\"url\":\"https:\/\/elkaminante.com.uy\/\",\"name\":\"El Kaminante\",\"description\":\"Viajes &amp; Turismo\",\"publisher\":{\"@id\":\"https:\/\/elkaminante.com.uy\/#organization\"},\"potentialAction\":[{\"@type\":\"SearchAction\",\"target\":{\"@type\":\"EntryPoint\",\"urlTemplate\":\"https:\/\/elkaminante.com.uy\/?s={search_term_string}\"},\"query-input\":{\"@type\":\"PropertyValueSpecification\",\"valueRequired\":true,\"valueName\":\"search_term_string\"}}],\"inLanguage\":\"en-US\"},{\"@type\":\"Organization\",\"@id\":\"https:\/\/elkaminante.com.uy\/#organization\",\"name\":\"El Kaminante\",\"url\":\"https:\/\/elkaminante.com.uy\/\",\"logo\":{\"@type\":\"ImageObject\",\"inLanguage\":\"en-US\",\"@id\":\"https:\/\/elkaminante.com.uy\/#\/schema\/logo\/image\/\",\"url\":\"https:\/\/elkaminante.com.uy\/wp-content\/uploads\/2025\/02\/logo-elkaminante-blanco.svg\",\"contentUrl\":\"https:\/\/elkaminante.com.uy\/wp-content\/uploads\/2025\/02\/logo-elkaminante-blanco.svg\",\"caption\":\"El Kaminante\"},\"image\":{\"@id\":\"https:\/\/elkaminante.com.uy\/#\/schema\/logo\/image\/\"}}]}<\/script>\n<!-- \/ Yoast SEO plugin. -->","yoast_head_json":{"title":"Circuito Europa Blue - El Kaminante","robots":{"index":"index","follow":"follow","max-snippet":"max-snippet:-1","max-image-preview":"max-image-preview:large","max-video-preview":"max-video-preview:-1"},"canonical":"https:\/\/elkaminante.com.uy\/paquetes\/circuito-europa-blue-19-dias\/","og_locale":"en_US","og_type":"article","og_title":"Circuito Europa Blue - El Kaminante","og_description":"Conocer Europa con circuitos dise\u00f1ados para que recorras los mejores destinos, con todo organizado y sin preocupaciones. Adem\u00e1s, para que disfrutes de un mayor conocimiento hist\u00f3rico y cultural de cada destino, con visitas de cada ciudad con expertos gu\u00edas locales, que con sus detalladas explicaciones les har\u00e1n conocer de una forma m\u00e1s amplia y completa la ciudad y sus principales atractivos tur\u00edsticos.Principales caracter\u00edsticas de los circuitos: autobuses de \u00faltima generaci\u00f3n, con butacas reclinables, conexi\u00f3n wifi y ventanas panor\u00e1micas; equipaje de 20 kgs. permitido, gu\u00edas acompa\u00f1antes experimentados, visitas opcionales en cada destino, visitas panor\u00e1micas y seguro b\u00e1sico de asistencia durante el recorrido del circuito.","og_url":"https:\/\/elkaminante.com.uy\/paquetes\/circuito-europa-blue-19-dias\/","og_site_name":"El Kaminante","article_modified_time":"2026-04-17T12:38:54+00:00","og_image":[{"width":800,"height":457,"url":"https:\/\/elkaminante.com.uy\/wp-content\/uploads\/2025\/06\/PAQ262.webp","type":"image\/webp"}],"twitter_card":"summary_large_image","schema":{"@context":"https:\/\/schema.org","@graph":[{"@type":"WebPage","@id":"https:\/\/elkaminante.com.uy\/paquetes\/circuito-europa-blue-19-dias\/","url":"https:\/\/elkaminante.com.uy\/paquetes\/circuito-europa-blue-19-dias\/","name":"Circuito Europa Blue - El Kaminante","isPartOf":{"@id":"https:\/\/elkaminante.com.uy\/#website"},"primaryImageOfPage":{"@id":"https:\/\/elkaminante.com.uy\/paquetes\/circuito-europa-blue-19-dias\/#primaryimage"},"image":{"@id":"https:\/\/elkaminante.com.uy\/paquetes\/circuito-europa-blue-19-dias\/#primaryimage"},"thumbnailUrl":"https:\/\/elkaminante.com.uy\/wp-content\/uploads\/2025\/06\/PAQ262.webp","datePublished":"2025-04-04T20:05:59+00:00","dateModified":"2026-04-17T12:38:54+00:00","breadcrumb":{"@id":"https:\/\/elkaminante.com.uy\/paquetes\/circuito-europa-blue-19-dias\/#breadcrumb"},"inLanguage":"en-US","potentialAction":[{"@type":"ReadAction","target":["https:\/\/elkaminante.com.uy\/paquetes\/circuito-europa-blue-19-dias\/"]}]},{"@type":"ImageObject","inLanguage":"en-US","@id":"https:\/\/elkaminante.com.uy\/paquetes\/circuito-europa-blue-19-dias\/#primaryimage","url":"https:\/\/elkaminante.com.uy\/wp-content\/uploads\/2025\/06\/PAQ262.webp","contentUrl":"https:\/\/elkaminante.com.uy\/wp-content\/uploads\/2025\/06\/PAQ262.webp","width":800,"height":457},{"@type":"BreadcrumbList","@id":"https:\/\/elkaminante.com.uy\/paquetes\/circuito-europa-blue-19-dias\/#breadcrumb","itemListElement":[{"@type":"ListItem","position":1,"name":"Inicio","item":"https:\/\/elkaminante.com.uy\/en\/"},{"@type":"ListItem","position":2,"name":"Viajes por el mundo","item":"https:\/\/elkaminante.com.uy\/en\/paquetes\/"},{"@type":"ListItem","position":3,"name":"Circuito Europa Blue"}]},{"@type":"WebSite","@id":"https:\/\/elkaminante.com.uy\/#website","url":"https:\/\/elkaminante.com.uy\/","name":"El Kaminante","description":"Viajes &amp; Turismo","publisher":{"@id":"https:\/\/elkaminante.com.uy\/#organization"},"potentialAction":[{"@type":"SearchAction","target":{"@type":"EntryPoint","urlTemplate":"https:\/\/elkaminante.com.uy\/?s={search_term_string}"},"query-input":{"@type":"PropertyValueSpecification","valueRequired":true,"valueName":"search_term_string"}}],"inLanguage":"en-US"},{"@type":"Organization","@id":"https:\/\/elkaminante.com.uy\/#organization","name":"El Kaminante","url":"https:\/\/elkaminante.com.uy\/","logo":{"@type":"ImageObject","inLanguage":"en-US","@id":"https:\/\/elkaminante.com.uy\/#\/schema\/logo\/image\/","url":"https:\/\/elkaminante.com.uy\/wp-content\/uploads\/2025\/02\/logo-elkaminante-blanco.svg","contentUrl":"https:\/\/elkaminante.com.uy\/wp-content\/uploads\/2025\/02\/logo-elkaminante-blanco.svg","caption":"El Kaminante"},"image":{"@id":"https:\/\/elkaminante.com.uy\/#\/schema\/logo\/image\/"}}]}},"_links":{"self":[{"href":"https:\/\/elkaminante.com.uy\/en\/wp-json\/wp\/v2\/product\/8574","targetHints":{"allow":["GET"]}}],"collection":[{"href":"https:\/\/elkaminante.com.uy\/en\/wp-json\/wp\/v2\/product"}],"about":[{"href":"https:\/\/elkaminante.com.uy\/en\/wp-json\/wp\/v2\/types\/product"}],"wp:featuredmedia":[{"embeddable":true,"href":"https:\/\/elkaminante.com.uy\/en\/wp-json\/wp\/v2\/media\/9480"}],"wp:attachment":[{"href":"https:\/\/elkaminante.com.uy\/en\/wp-json\/wp\/v2\/media?parent=8574"}],"wp:term":[{"taxonomy":"product_brand","embeddable":true,"href":"https:\/\/elkaminante.com.uy\/en\/wp-json\/wp\/v2\/product_brand?post=8574"},{"taxonomy":"product_cat","embeddable":true,"href":"https:\/\/elkaminante.com.uy\/en\/wp-json\/wp\/v2\/product_cat?post=8574"},{"taxonomy":"product_tag","embeddable":true,"href":"https:\/\/elkaminante.com.uy\/en\/wp-json\/wp\/v2\/product_tag?post=8574"}],"curies":[{"name":"wp","href":"https:\/\/api.w.org\/{rel}","templated":true}]}}