{"id":8572,"date":"2025-04-04T17:05:58","date_gmt":"2025-04-04T20:05:58","guid":{"rendered":"https:\/\/elkaminante.com.uy\/?post_type=product&#038;p=8572"},"modified":"2026-04-17T09:38:49","modified_gmt":"2026-04-17T12:38:49","slug":"punta-cana-all-inclusive","status":"publish","type":"product","link":"https:\/\/elkaminante.com.uy\/en\/paquetes\/punta-cana-all-inclusive\/","title":{"rendered":"Punta Cana All Inclusive"},"content":{"rendered":"","protected":false},"excerpt":{"rendered":"<p><b>Punta Cana<\/b> es considerada uno de los mayores polos de atracci\u00f3n tur\u00edstica de la Rep\u00fablica Dominicana, ofrece alrededor de 50 Km. de playas, una infraestructura hotelera de excelencia, aeropuerto internacional, facilidades para todos los deportes, desde paseos en veleros hasta las bondades de algunas de las mejores canchas de golf del Caribe y el placer de saborear deliciosos mariscos a la orilla del mar. Queda en el extremo oriental de la isla, exactamente en el punto de confluencia entre el Atl\u00e1ntico y el Caribe. Adoptada desde hace a\u00f1os por el turismo de origen europeo, alberga a algunos de los resorts m\u00e1s renombrados del Caribe. Un reporte de la UNESCO reconoce las playas de Bavaro como las mejores del mundo.<\/p>\n","protected":false},"featured_media":9472,"template":"","meta":{"_acf_changed":false,"inline_featured_image":false},"product_brand":[],"product_cat":[28,1579],"product_tag":[173,175,34,176,225,558,2087,2088,245,3817,65,180,228,226,177,223,3299,224,1535,230,61,3282,914,182,229,227,178,119],"class_list":{"0":"post-8572","1":"product","2":"type-product","3":"status-publish","4":"has-post-thumbnail","6":"product_cat-paquetes","7":"product_cat-uruguay","8":"product_tag-all-inclusive","9":"product_tag-america-central","10":"product_tag-caribe","11":"product_tag-centro-america","12":"product_tag-dominicana","13":"product_tag-en-junio","14":"product_tag-en-punta-cana","15":"product_tag-en-republica-dominicana","16":"product_tag-junio","17":"product_tag-junio-2026temporada-baja","18":"product_tag-no-aplica","19":"product_tag-paquetes-a-america-central","20":"product_tag-paquetes-a-punta-cana","21":"product_tag-paquetes-a-republica-dominicana","22":"product_tag-paquetes-al-caribe","23":"product_tag-punta-cana","24":"product_tag-punta-cana-all-inclusive","25":"product_tag-republica-dominicana","26":"product_tag-republica-dominicana-en-junio","27":"product_tag-republica-dominicana-en-punta-cana","28":"product_tag-sin-destino","29":"product_tag-temporada-baja","30":"product_tag-todo-incluido","31":"product_tag-viajes-a-america-central","32":"product_tag-viajes-a-punta-cana","33":"product_tag-viajes-a-republica-dominicana","34":"product_tag-viajes-al-caribe","35":"product_tag-vuelo-y-hotel","36":"entry","37":"has-media","39":"first","40":"instock","41":"shipping-taxable","42":"purchasable","43":"product-type-simple"},"acf":[],"yoast_head":"<!-- This site is optimized with the Yoast SEO plugin v27.2 - https:\/\/yoast.com\/product\/yoast-seo-wordpress\/ -->\n<title>Punta Cana All Inclusive - El Kaminante<\/title>\n<meta name=\"robots\" content=\"index, follow, max-snippet:-1, max-image-preview:large, max-video-preview:-1\" \/>\n<link rel=\"canonical\" href=\"https:\/\/elkaminante.com.uy\/paquetes\/punta-cana-all-inclusive\/\" \/>\n<meta property=\"og:locale\" content=\"en_US\" \/>\n<meta property=\"og:type\" content=\"article\" \/>\n<meta property=\"og:title\" content=\"Punta Cana All Inclusive - El Kaminante\" \/>\n<meta property=\"og:description\" content=\"Punta Cana es considerada uno de los mayores polos de atracci\u00f3n tur\u00edstica de la Rep\u00fablica Dominicana, ofrece alrededor de 50 Km. de playas, una infraestructura hotelera de excelencia, aeropuerto internacional, facilidades para todos los deportes, desde paseos en veleros hasta las bondades de algunas de las mejores canchas de golf del Caribe y el placer de saborear deliciosos mariscos a la orilla del mar. Queda en el extremo oriental de la isla, exactamente en el punto de confluencia entre el Atl\u00e1ntico y el Caribe. Adoptada desde hace a\u00f1os por el turismo de origen europeo, alberga a algunos de los resorts m\u00e1s renombrados del Caribe. Un reporte de la UNESCO reconoce las playas de Bavaro como las mejores del mundo.\" \/>\n<meta property=\"og:url\" content=\"https:\/\/elkaminante.com.uy\/paquetes\/punta-cana-all-inclusive\/\" \/>\n<meta property=\"og:site_name\" content=\"El Kaminante\" \/>\n<meta property=\"article:modified_time\" content=\"2026-04-17T12:38:49+00:00\" \/>\n<meta property=\"og:image\" content=\"https:\/\/elkaminante.com.uy\/wp-content\/uploads\/2025\/06\/PAQ220.webp\" \/>\n\t<meta property=\"og:image:width\" content=\"1024\" \/>\n\t<meta property=\"og:image:height\" content=\"681\" \/>\n\t<meta property=\"og:image:type\" content=\"image\/webp\" \/>\n<meta name=\"twitter:card\" content=\"summary_large_image\" \/>\n<script type=\"application\/ld+json\" class=\"yoast-schema-graph\">{\"@context\":\"https:\/\/schema.org\",\"@graph\":[{\"@type\":\"WebPage\",\"@id\":\"https:\/\/elkaminante.com.uy\/paquetes\/punta-cana-all-inclusive\/\",\"url\":\"https:\/\/elkaminante.com.uy\/paquetes\/punta-cana-all-inclusive\/\",\"name\":\"Punta Cana All Inclusive - El Kaminante\",\"isPartOf\":{\"@id\":\"https:\/\/elkaminante.com.uy\/#website\"},\"primaryImageOfPage\":{\"@id\":\"https:\/\/elkaminante.com.uy\/paquetes\/punta-cana-all-inclusive\/#primaryimage\"},\"image\":{\"@id\":\"https:\/\/elkaminante.com.uy\/paquetes\/punta-cana-all-inclusive\/#primaryimage\"},\"thumbnailUrl\":\"https:\/\/elkaminante.com.uy\/wp-content\/uploads\/2025\/06\/PAQ220.webp\",\"datePublished\":\"2025-04-04T20:05:58+00:00\",\"dateModified\":\"2026-04-17T12:38:49+00:00\",\"breadcrumb\":{\"@id\":\"https:\/\/elkaminante.com.uy\/paquetes\/punta-cana-all-inclusive\/#breadcrumb\"},\"inLanguage\":\"en-US\",\"potentialAction\":[{\"@type\":\"ReadAction\",\"target\":[\"https:\/\/elkaminante.com.uy\/paquetes\/punta-cana-all-inclusive\/\"]}]},{\"@type\":\"ImageObject\",\"inLanguage\":\"en-US\",\"@id\":\"https:\/\/elkaminante.com.uy\/paquetes\/punta-cana-all-inclusive\/#primaryimage\",\"url\":\"https:\/\/elkaminante.com.uy\/wp-content\/uploads\/2025\/06\/PAQ220.webp\",\"contentUrl\":\"https:\/\/elkaminante.com.uy\/wp-content\/uploads\/2025\/06\/PAQ220.webp\",\"width\":1024,\"height\":681},{\"@type\":\"BreadcrumbList\",\"@id\":\"https:\/\/elkaminante.com.uy\/paquetes\/punta-cana-all-inclusive\/#breadcrumb\",\"itemListElement\":[{\"@type\":\"ListItem\",\"position\":1,\"name\":\"Inicio\",\"item\":\"https:\/\/elkaminante.com.uy\/en\/\"},{\"@type\":\"ListItem\",\"position\":2,\"name\":\"Viajes por el mundo\",\"item\":\"https:\/\/elkaminante.com.uy\/en\/paquetes\/\"},{\"@type\":\"ListItem\",\"position\":3,\"name\":\"Punta Cana All Inclusive\"}]},{\"@type\":\"WebSite\",\"@id\":\"https:\/\/elkaminante.com.uy\/#website\",\"url\":\"https:\/\/elkaminante.com.uy\/\",\"name\":\"El Kaminante\",\"description\":\"Viajes &amp; Turismo\",\"publisher\":{\"@id\":\"https:\/\/elkaminante.com.uy\/#organization\"},\"potentialAction\":[{\"@type\":\"SearchAction\",\"target\":{\"@type\":\"EntryPoint\",\"urlTemplate\":\"https:\/\/elkaminante.com.uy\/?s={search_term_string}\"},\"query-input\":{\"@type\":\"PropertyValueSpecification\",\"valueRequired\":true,\"valueName\":\"search_term_string\"}}],\"inLanguage\":\"en-US\"},{\"@type\":\"Organization\",\"@id\":\"https:\/\/elkaminante.com.uy\/#organization\",\"name\":\"El Kaminante\",\"url\":\"https:\/\/elkaminante.com.uy\/\",\"logo\":{\"@type\":\"ImageObject\",\"inLanguage\":\"en-US\",\"@id\":\"https:\/\/elkaminante.com.uy\/#\/schema\/logo\/image\/\",\"url\":\"https:\/\/elkaminante.com.uy\/wp-content\/uploads\/2025\/02\/logo-elkaminante-blanco.svg\",\"contentUrl\":\"https:\/\/elkaminante.com.uy\/wp-content\/uploads\/2025\/02\/logo-elkaminante-blanco.svg\",\"caption\":\"El Kaminante\"},\"image\":{\"@id\":\"https:\/\/elkaminante.com.uy\/#\/schema\/logo\/image\/\"}}]}<\/script>\n<!-- \/ Yoast SEO plugin. -->","yoast_head_json":{"title":"Punta Cana All Inclusive - El Kaminante","robots":{"index":"index","follow":"follow","max-snippet":"max-snippet:-1","max-image-preview":"max-image-preview:large","max-video-preview":"max-video-preview:-1"},"canonical":"https:\/\/elkaminante.com.uy\/paquetes\/punta-cana-all-inclusive\/","og_locale":"en_US","og_type":"article","og_title":"Punta Cana All Inclusive - El Kaminante","og_description":"Punta Cana es considerada uno de los mayores polos de atracci\u00f3n tur\u00edstica de la Rep\u00fablica Dominicana, ofrece alrededor de 50 Km. de playas, una infraestructura hotelera de excelencia, aeropuerto internacional, facilidades para todos los deportes, desde paseos en veleros hasta las bondades de algunas de las mejores canchas de golf del Caribe y el placer de saborear deliciosos mariscos a la orilla del mar. Queda en el extremo oriental de la isla, exactamente en el punto de confluencia entre el Atl\u00e1ntico y el Caribe. Adoptada desde hace a\u00f1os por el turismo de origen europeo, alberga a algunos de los resorts m\u00e1s renombrados del Caribe. Un reporte de la UNESCO reconoce las playas de Bavaro como las mejores del mundo.","og_url":"https:\/\/elkaminante.com.uy\/paquetes\/punta-cana-all-inclusive\/","og_site_name":"El Kaminante","article_modified_time":"2026-04-17T12:38:49+00:00","og_image":[{"width":1024,"height":681,"url":"https:\/\/elkaminante.com.uy\/wp-content\/uploads\/2025\/06\/PAQ220.webp","type":"image\/webp"}],"twitter_card":"summary_large_image","schema":{"@context":"https:\/\/schema.org","@graph":[{"@type":"WebPage","@id":"https:\/\/elkaminante.com.uy\/paquetes\/punta-cana-all-inclusive\/","url":"https:\/\/elkaminante.com.uy\/paquetes\/punta-cana-all-inclusive\/","name":"Punta Cana All Inclusive - El Kaminante","isPartOf":{"@id":"https:\/\/elkaminante.com.uy\/#website"},"primaryImageOfPage":{"@id":"https:\/\/elkaminante.com.uy\/paquetes\/punta-cana-all-inclusive\/#primaryimage"},"image":{"@id":"https:\/\/elkaminante.com.uy\/paquetes\/punta-cana-all-inclusive\/#primaryimage"},"thumbnailUrl":"https:\/\/elkaminante.com.uy\/wp-content\/uploads\/2025\/06\/PAQ220.webp","datePublished":"2025-04-04T20:05:58+00:00","dateModified":"2026-04-17T12:38:49+00:00","breadcrumb":{"@id":"https:\/\/elkaminante.com.uy\/paquetes\/punta-cana-all-inclusive\/#breadcrumb"},"inLanguage":"en-US","potentialAction":[{"@type":"ReadAction","target":["https:\/\/elkaminante.com.uy\/paquetes\/punta-cana-all-inclusive\/"]}]},{"@type":"ImageObject","inLanguage":"en-US","@id":"https:\/\/elkaminante.com.uy\/paquetes\/punta-cana-all-inclusive\/#primaryimage","url":"https:\/\/elkaminante.com.uy\/wp-content\/uploads\/2025\/06\/PAQ220.webp","contentUrl":"https:\/\/elkaminante.com.uy\/wp-content\/uploads\/2025\/06\/PAQ220.webp","width":1024,"height":681},{"@type":"BreadcrumbList","@id":"https:\/\/elkaminante.com.uy\/paquetes\/punta-cana-all-inclusive\/#breadcrumb","itemListElement":[{"@type":"ListItem","position":1,"name":"Inicio","item":"https:\/\/elkaminante.com.uy\/en\/"},{"@type":"ListItem","position":2,"name":"Viajes por el mundo","item":"https:\/\/elkaminante.com.uy\/en\/paquetes\/"},{"@type":"ListItem","position":3,"name":"Punta Cana All Inclusive"}]},{"@type":"WebSite","@id":"https:\/\/elkaminante.com.uy\/#website","url":"https:\/\/elkaminante.com.uy\/","name":"El Kaminante","description":"Viajes &amp; Turismo","publisher":{"@id":"https:\/\/elkaminante.com.uy\/#organization"},"potentialAction":[{"@type":"SearchAction","target":{"@type":"EntryPoint","urlTemplate":"https:\/\/elkaminante.com.uy\/?s={search_term_string}"},"query-input":{"@type":"PropertyValueSpecification","valueRequired":true,"valueName":"search_term_string"}}],"inLanguage":"en-US"},{"@type":"Organization","@id":"https:\/\/elkaminante.com.uy\/#organization","name":"El Kaminante","url":"https:\/\/elkaminante.com.uy\/","logo":{"@type":"ImageObject","inLanguage":"en-US","@id":"https:\/\/elkaminante.com.uy\/#\/schema\/logo\/image\/","url":"https:\/\/elkaminante.com.uy\/wp-content\/uploads\/2025\/02\/logo-elkaminante-blanco.svg","contentUrl":"https:\/\/elkaminante.com.uy\/wp-content\/uploads\/2025\/02\/logo-elkaminante-blanco.svg","caption":"El Kaminante"},"image":{"@id":"https:\/\/elkaminante.com.uy\/#\/schema\/logo\/image\/"}}]}},"_links":{"self":[{"href":"https:\/\/elkaminante.com.uy\/en\/wp-json\/wp\/v2\/product\/8572","targetHints":{"allow":["GET"]}}],"collection":[{"href":"https:\/\/elkaminante.com.uy\/en\/wp-json\/wp\/v2\/product"}],"about":[{"href":"https:\/\/elkaminante.com.uy\/en\/wp-json\/wp\/v2\/types\/product"}],"wp:featuredmedia":[{"embeddable":true,"href":"https:\/\/elkaminante.com.uy\/en\/wp-json\/wp\/v2\/media\/9472"}],"wp:attachment":[{"href":"https:\/\/elkaminante.com.uy\/en\/wp-json\/wp\/v2\/media?parent=8572"}],"wp:term":[{"taxonomy":"product_brand","embeddable":true,"href":"https:\/\/elkaminante.com.uy\/en\/wp-json\/wp\/v2\/product_brand?post=8572"},{"taxonomy":"product_cat","embeddable":true,"href":"https:\/\/elkaminante.com.uy\/en\/wp-json\/wp\/v2\/product_cat?post=8572"},{"taxonomy":"product_tag","embeddable":true,"href":"https:\/\/elkaminante.com.uy\/en\/wp-json\/wp\/v2\/product_tag?post=8572"}],"curies":[{"name":"wp","href":"https:\/\/api.w.org\/{rel}","templated":true}]}}