{"id":8569,"date":"2025-04-04T17:05:58","date_gmt":"2025-04-04T20:05:58","guid":{"rendered":"https:\/\/elkaminante.com.uy\/?post_type=product&#038;p=8569"},"modified":"2026-04-17T09:38:41","modified_gmt":"2026-04-17T12:38:41","slug":"portugal-y-norte-de-espana-circuito","status":"publish","type":"product","link":"https:\/\/elkaminante.com.uy\/en\/paquetes\/portugal-y-norte-de-espana-circuito\/","title":{"rendered":"Portugal y Norte de Espa\u00f1a \/ Circuito"},"content":{"rendered":"","protected":false},"excerpt":{"rendered":"<p><b>Portugal<\/b> pertenece a la Uni\u00f3n Europea y tiene como capital a la ciudad de Lisboa, la cual es, tambi\u00e9n la m\u00e1s poblada, incluyendo tambi\u00e9n dentro de su territorio a los archipi\u00e9lagos aut\u00f3nomos de las Azores y de Madeira, que se ubican en el hemisferio norte del oc\u00e9ano Atl\u00e1ntico. La gastronom\u00eda de Portugal es principalmente mediterr\u00e1nea con influencias \u00e1rabes, espa\u00f1olas y brasile\u00f1as que presentan ingredientes como el pan, aceites, especias, quesos y dem\u00e1s carnes, destacando tambi\u00e9n su tradici\u00f3n vin\u00edcola. Portugal es un pa\u00eds muy religioso, por lo que se celebran todas las festividades mundiales para el catolicismo, adem\u00e1s de sus particulares fiestas religiosas como el Carnaval, la Fiesta de la Flor en Madeiras y la Fiesta del Esp\u00edritu Santo en las Azores. <i>Principales ciudades:<\/i>Lisboa (capital), Oporto, Aveiro, Braga, Co\u00edmbra, Guimar\u00e3es, \u00c9vora y Faro, entre otras.<\/p>\n","protected":false},"featured_media":9460,"template":"","meta":{"_acf_changed":false,"inline_featured_image":false},"product_brand":[],"product_cat":[28,1579],"product_tag":[2588,2596,2591,64,2184,2074,123,124,1680,2589,2590,926,2593,117,65,2594,125,126,129,586,585,590,2361,3361,2595,2592,667,666,4073,61,2597,665,127,128,130,587,63],"class_list":{"0":"post-8569","1":"product","2":"type-product","3":"status-publish","4":"has-post-thumbnail","6":"product_cat-paquetes","7":"product_cat-uruguay","8":"product_tag-albufeira","9":"product_tag-bilbao","10":"product_tag-coimbra","11":"product_tag-desayuno","12":"product_tag-en-portugal","13":"product_tag-en-setiembre","14":"product_tag-espana","15":"product_tag-europa","16":"product_tag-europamundo","17":"product_tag-evora","18":"product_tag-fatima","19":"product_tag-lisboa","20":"product_tag-lugo","21":"product_tag-madrid","22":"product_tag-no-aplica","23":"product_tag-oviedo","24":"product_tag-paquetes-a-espana","25":"product_tag-paquetes-a-europa","26":"product_tag-paquetes-a-madrid","27":"product_tag-paquetes-a-portugal","28":"product_tag-portugal","29":"product_tag-portugal-en-portugal","30":"product_tag-portugal-en-setiembre","31":"product_tag-portugal-y-norte-de-espana-circuito","32":"product_tag-santander","33":"product_tag-santiago","34":"product_tag-septiembre","35":"product_tag-setiembre","36":"product_tag-setiembre-2026vacaciones-de-setiembre","37":"product_tag-sin-destino","38":"product_tag-toledo","39":"product_tag-vacaciones-de-setiembre","40":"product_tag-viajes-a-espana","41":"product_tag-viajes-a-europa","42":"product_tag-viajes-a-madrid","43":"product_tag-viajes-a-portugal","44":"product_tag-vuelo-y-circuito","45":"entry","46":"has-media","48":"first","49":"instock","50":"shipping-taxable","51":"purchasable","52":"product-type-simple"},"acf":[],"yoast_head":"<!-- This site is optimized with the Yoast SEO plugin v27.2 - https:\/\/yoast.com\/product\/yoast-seo-wordpress\/ -->\n<title>Portugal y Norte de Espa\u00f1a \/ Circuito - El Kaminante<\/title>\n<meta name=\"robots\" content=\"index, follow, max-snippet:-1, max-image-preview:large, max-video-preview:-1\" \/>\n<link rel=\"canonical\" href=\"https:\/\/elkaminante.com.uy\/paquetes\/portugal-y-norte-de-espana-circuito\/\" \/>\n<meta property=\"og:locale\" content=\"en_US\" \/>\n<meta property=\"og:type\" content=\"article\" \/>\n<meta property=\"og:title\" content=\"Portugal y Norte de Espa\u00f1a \/ Circuito - El Kaminante\" \/>\n<meta property=\"og:description\" content=\"Portugal pertenece a la Uni\u00f3n Europea y tiene como capital a la ciudad de Lisboa, la cual es, tambi\u00e9n la m\u00e1s poblada, incluyendo tambi\u00e9n dentro de su territorio a los archipi\u00e9lagos aut\u00f3nomos de las Azores y de Madeira, que se ubican en el hemisferio norte del oc\u00e9ano Atl\u00e1ntico. La gastronom\u00eda de Portugal es principalmente mediterr\u00e1nea con influencias \u00e1rabes, espa\u00f1olas y brasile\u00f1as que presentan ingredientes como el pan, aceites, especias, quesos y dem\u00e1s carnes, destacando tambi\u00e9n su tradici\u00f3n vin\u00edcola. Portugal es un pa\u00eds muy religioso, por lo que se celebran todas las festividades mundiales para el catolicismo, adem\u00e1s de sus particulares fiestas religiosas como el Carnaval, la Fiesta de la Flor en Madeiras y la Fiesta del Esp\u00edritu Santo en las Azores. Principales ciudades:Lisboa (capital), Oporto, Aveiro, Braga, Co\u00edmbra, Guimar\u00e3es, \u00c9vora y Faro, entre otras.\" \/>\n<meta property=\"og:url\" content=\"https:\/\/elkaminante.com.uy\/paquetes\/portugal-y-norte-de-espana-circuito\/\" \/>\n<meta property=\"og:site_name\" content=\"El Kaminante\" \/>\n<meta property=\"article:modified_time\" content=\"2026-04-17T12:38:41+00:00\" \/>\n<meta property=\"og:image\" content=\"https:\/\/elkaminante.com.uy\/wp-content\/uploads\/2025\/04\/PAQ166.webp\" \/>\n\t<meta property=\"og:image:width\" content=\"800\" \/>\n\t<meta property=\"og:image:height\" content=\"457\" \/>\n\t<meta property=\"og:image:type\" content=\"image\/webp\" \/>\n<meta name=\"twitter:card\" content=\"summary_large_image\" \/>\n<script type=\"application\/ld+json\" class=\"yoast-schema-graph\">{\"@context\":\"https:\/\/schema.org\",\"@graph\":[{\"@type\":\"WebPage\",\"@id\":\"https:\/\/elkaminante.com.uy\/paquetes\/portugal-y-norte-de-espana-circuito\/\",\"url\":\"https:\/\/elkaminante.com.uy\/paquetes\/portugal-y-norte-de-espana-circuito\/\",\"name\":\"Portugal y Norte de Espa\u00f1a \/ Circuito - El Kaminante\",\"isPartOf\":{\"@id\":\"https:\/\/elkaminante.com.uy\/#website\"},\"primaryImageOfPage\":{\"@id\":\"https:\/\/elkaminante.com.uy\/paquetes\/portugal-y-norte-de-espana-circuito\/#primaryimage\"},\"image\":{\"@id\":\"https:\/\/elkaminante.com.uy\/paquetes\/portugal-y-norte-de-espana-circuito\/#primaryimage\"},\"thumbnailUrl\":\"https:\/\/elkaminante.com.uy\/wp-content\/uploads\/2025\/06\/PAQ166.webp\",\"datePublished\":\"2025-04-04T20:05:58+00:00\",\"dateModified\":\"2026-04-17T12:38:41+00:00\",\"breadcrumb\":{\"@id\":\"https:\/\/elkaminante.com.uy\/paquetes\/portugal-y-norte-de-espana-circuito\/#breadcrumb\"},\"inLanguage\":\"en-US\",\"potentialAction\":[{\"@type\":\"ReadAction\",\"target\":[\"https:\/\/elkaminante.com.uy\/paquetes\/portugal-y-norte-de-espana-circuito\/\"]}]},{\"@type\":\"ImageObject\",\"inLanguage\":\"en-US\",\"@id\":\"https:\/\/elkaminante.com.uy\/paquetes\/portugal-y-norte-de-espana-circuito\/#primaryimage\",\"url\":\"https:\/\/elkaminante.com.uy\/wp-content\/uploads\/2025\/06\/PAQ166.webp\",\"contentUrl\":\"https:\/\/elkaminante.com.uy\/wp-content\/uploads\/2025\/06\/PAQ166.webp\",\"width\":800,\"height\":457},{\"@type\":\"BreadcrumbList\",\"@id\":\"https:\/\/elkaminante.com.uy\/paquetes\/portugal-y-norte-de-espana-circuito\/#breadcrumb\",\"itemListElement\":[{\"@type\":\"ListItem\",\"position\":1,\"name\":\"Inicio\",\"item\":\"https:\/\/elkaminante.com.uy\/en\/\"},{\"@type\":\"ListItem\",\"position\":2,\"name\":\"Viajes por el mundo\",\"item\":\"https:\/\/elkaminante.com.uy\/en\/paquetes\/\"},{\"@type\":\"ListItem\",\"position\":3,\"name\":\"Portugal y Norte de Espa\u00f1a \/ Circuito\"}]},{\"@type\":\"WebSite\",\"@id\":\"https:\/\/elkaminante.com.uy\/#website\",\"url\":\"https:\/\/elkaminante.com.uy\/\",\"name\":\"El Kaminante\",\"description\":\"Viajes &amp; Turismo\",\"publisher\":{\"@id\":\"https:\/\/elkaminante.com.uy\/#organization\"},\"potentialAction\":[{\"@type\":\"SearchAction\",\"target\":{\"@type\":\"EntryPoint\",\"urlTemplate\":\"https:\/\/elkaminante.com.uy\/?s={search_term_string}\"},\"query-input\":{\"@type\":\"PropertyValueSpecification\",\"valueRequired\":true,\"valueName\":\"search_term_string\"}}],\"inLanguage\":\"en-US\"},{\"@type\":\"Organization\",\"@id\":\"https:\/\/elkaminante.com.uy\/#organization\",\"name\":\"El Kaminante\",\"url\":\"https:\/\/elkaminante.com.uy\/\",\"logo\":{\"@type\":\"ImageObject\",\"inLanguage\":\"en-US\",\"@id\":\"https:\/\/elkaminante.com.uy\/#\/schema\/logo\/image\/\",\"url\":\"https:\/\/elkaminante.com.uy\/wp-content\/uploads\/2025\/02\/logo-elkaminante-blanco.svg\",\"contentUrl\":\"https:\/\/elkaminante.com.uy\/wp-content\/uploads\/2025\/02\/logo-elkaminante-blanco.svg\",\"caption\":\"El Kaminante\"},\"image\":{\"@id\":\"https:\/\/elkaminante.com.uy\/#\/schema\/logo\/image\/\"}}]}<\/script>\n<!-- \/ Yoast SEO plugin. -->","yoast_head_json":{"title":"Portugal y Norte de Espa\u00f1a \/ Circuito - El Kaminante","robots":{"index":"index","follow":"follow","max-snippet":"max-snippet:-1","max-image-preview":"max-image-preview:large","max-video-preview":"max-video-preview:-1"},"canonical":"https:\/\/elkaminante.com.uy\/paquetes\/portugal-y-norte-de-espana-circuito\/","og_locale":"en_US","og_type":"article","og_title":"Portugal y Norte de Espa\u00f1a \/ Circuito - El Kaminante","og_description":"Portugal pertenece a la Uni\u00f3n Europea y tiene como capital a la ciudad de Lisboa, la cual es, tambi\u00e9n la m\u00e1s poblada, incluyendo tambi\u00e9n dentro de su territorio a los archipi\u00e9lagos aut\u00f3nomos de las Azores y de Madeira, que se ubican en el hemisferio norte del oc\u00e9ano Atl\u00e1ntico. La gastronom\u00eda de Portugal es principalmente mediterr\u00e1nea con influencias \u00e1rabes, espa\u00f1olas y brasile\u00f1as que presentan ingredientes como el pan, aceites, especias, quesos y dem\u00e1s carnes, destacando tambi\u00e9n su tradici\u00f3n vin\u00edcola. Portugal es un pa\u00eds muy religioso, por lo que se celebran todas las festividades mundiales para el catolicismo, adem\u00e1s de sus particulares fiestas religiosas como el Carnaval, la Fiesta de la Flor en Madeiras y la Fiesta del Esp\u00edritu Santo en las Azores. Principales ciudades:Lisboa (capital), Oporto, Aveiro, Braga, Co\u00edmbra, Guimar\u00e3es, \u00c9vora y Faro, entre otras.","og_url":"https:\/\/elkaminante.com.uy\/paquetes\/portugal-y-norte-de-espana-circuito\/","og_site_name":"El Kaminante","article_modified_time":"2026-04-17T12:38:41+00:00","og_image":[{"width":800,"height":457,"url":"https:\/\/elkaminante.com.uy\/wp-content\/uploads\/2025\/04\/PAQ166.webp","type":"image\/webp"}],"twitter_card":"summary_large_image","schema":{"@context":"https:\/\/schema.org","@graph":[{"@type":"WebPage","@id":"https:\/\/elkaminante.com.uy\/paquetes\/portugal-y-norte-de-espana-circuito\/","url":"https:\/\/elkaminante.com.uy\/paquetes\/portugal-y-norte-de-espana-circuito\/","name":"Portugal y Norte de Espa\u00f1a \/ Circuito - El Kaminante","isPartOf":{"@id":"https:\/\/elkaminante.com.uy\/#website"},"primaryImageOfPage":{"@id":"https:\/\/elkaminante.com.uy\/paquetes\/portugal-y-norte-de-espana-circuito\/#primaryimage"},"image":{"@id":"https:\/\/elkaminante.com.uy\/paquetes\/portugal-y-norte-de-espana-circuito\/#primaryimage"},"thumbnailUrl":"https:\/\/elkaminante.com.uy\/wp-content\/uploads\/2025\/06\/PAQ166.webp","datePublished":"2025-04-04T20:05:58+00:00","dateModified":"2026-04-17T12:38:41+00:00","breadcrumb":{"@id":"https:\/\/elkaminante.com.uy\/paquetes\/portugal-y-norte-de-espana-circuito\/#breadcrumb"},"inLanguage":"en-US","potentialAction":[{"@type":"ReadAction","target":["https:\/\/elkaminante.com.uy\/paquetes\/portugal-y-norte-de-espana-circuito\/"]}]},{"@type":"ImageObject","inLanguage":"en-US","@id":"https:\/\/elkaminante.com.uy\/paquetes\/portugal-y-norte-de-espana-circuito\/#primaryimage","url":"https:\/\/elkaminante.com.uy\/wp-content\/uploads\/2025\/06\/PAQ166.webp","contentUrl":"https:\/\/elkaminante.com.uy\/wp-content\/uploads\/2025\/06\/PAQ166.webp","width":800,"height":457},{"@type":"BreadcrumbList","@id":"https:\/\/elkaminante.com.uy\/paquetes\/portugal-y-norte-de-espana-circuito\/#breadcrumb","itemListElement":[{"@type":"ListItem","position":1,"name":"Inicio","item":"https:\/\/elkaminante.com.uy\/en\/"},{"@type":"ListItem","position":2,"name":"Viajes por el mundo","item":"https:\/\/elkaminante.com.uy\/en\/paquetes\/"},{"@type":"ListItem","position":3,"name":"Portugal y Norte de Espa\u00f1a \/ Circuito"}]},{"@type":"WebSite","@id":"https:\/\/elkaminante.com.uy\/#website","url":"https:\/\/elkaminante.com.uy\/","name":"El Kaminante","description":"Viajes &amp; Turismo","publisher":{"@id":"https:\/\/elkaminante.com.uy\/#organization"},"potentialAction":[{"@type":"SearchAction","target":{"@type":"EntryPoint","urlTemplate":"https:\/\/elkaminante.com.uy\/?s={search_term_string}"},"query-input":{"@type":"PropertyValueSpecification","valueRequired":true,"valueName":"search_term_string"}}],"inLanguage":"en-US"},{"@type":"Organization","@id":"https:\/\/elkaminante.com.uy\/#organization","name":"El Kaminante","url":"https:\/\/elkaminante.com.uy\/","logo":{"@type":"ImageObject","inLanguage":"en-US","@id":"https:\/\/elkaminante.com.uy\/#\/schema\/logo\/image\/","url":"https:\/\/elkaminante.com.uy\/wp-content\/uploads\/2025\/02\/logo-elkaminante-blanco.svg","contentUrl":"https:\/\/elkaminante.com.uy\/wp-content\/uploads\/2025\/02\/logo-elkaminante-blanco.svg","caption":"El Kaminante"},"image":{"@id":"https:\/\/elkaminante.com.uy\/#\/schema\/logo\/image\/"}}]}},"_links":{"self":[{"href":"https:\/\/elkaminante.com.uy\/en\/wp-json\/wp\/v2\/product\/8569","targetHints":{"allow":["GET"]}}],"collection":[{"href":"https:\/\/elkaminante.com.uy\/en\/wp-json\/wp\/v2\/product"}],"about":[{"href":"https:\/\/elkaminante.com.uy\/en\/wp-json\/wp\/v2\/types\/product"}],"wp:featuredmedia":[{"embeddable":true,"href":"https:\/\/elkaminante.com.uy\/en\/wp-json\/wp\/v2\/media\/9460"}],"wp:attachment":[{"href":"https:\/\/elkaminante.com.uy\/en\/wp-json\/wp\/v2\/media?parent=8569"}],"wp:term":[{"taxonomy":"product_brand","embeddable":true,"href":"https:\/\/elkaminante.com.uy\/en\/wp-json\/wp\/v2\/product_brand?post=8569"},{"taxonomy":"product_cat","embeddable":true,"href":"https:\/\/elkaminante.com.uy\/en\/wp-json\/wp\/v2\/product_cat?post=8569"},{"taxonomy":"product_tag","embeddable":true,"href":"https:\/\/elkaminante.com.uy\/en\/wp-json\/wp\/v2\/product_tag?post=8569"}],"curies":[{"name":"wp","href":"https:\/\/api.w.org\/{rel}","templated":true}]}}