{"id":8566,"date":"2025-04-04T17:05:58","date_gmt":"2025-04-04T20:05:58","guid":{"rendered":"https:\/\/elkaminante.com.uy\/?post_type=product&#038;p=8566"},"modified":"2026-04-17T09:38:35","modified_gmt":"2026-04-17T12:38:35","slug":"salvador-de-bahia","status":"publish","type":"product","link":"https:\/\/elkaminante.com.uy\/en\/paquetes\/salvador-de-bahia\/","title":{"rendered":"Salvador de Bah\u00eda"},"content":{"rendered":"","protected":false},"excerpt":{"rendered":"<p><b>Salvador de Bah\u00eda,<\/b> la capital del estado de Bah\u00eda en el noreste de Brasil, es famosa por su arquitectura colonial portuguesa, su cultura afrobrasile\u00f1a y su costa tropical. El barrio de Pelourinho es su centro hist\u00f3rico, con calles de adoquines que se abren en grandes plazas, coloridos edificios e iglesias barrocas. Constituye una cita obligada por su singular diversidad cultural que se expresa en la mezcla de las tradiciones amerindias, europeas y africanas, las cuales se ven reflejadas en su gastronom\u00eda, folclore y en su producci\u00f3n artesanal. El clima c\u00e1lido de Salvador da Bah\u00eda se complementa de una gran cantidad de horas de sol anuales, lo que permite el amplio disfrute de sus playas.<\/p>\n","protected":false},"featured_media":9448,"template":"","meta":{"_acf_changed":false,"inline_featured_image":false},"product_brand":[],"product_cat":[28,1579],"product_tag":[88,35,376,2109,64,2054,2125,2074,65,91,90,373,372,371,667,666,3854,61,89,2541,2542,665,2543,93,92,374,119],"class_list":{"0":"post-8566","1":"product","2":"type-product","3":"status-publish","4":"has-post-thumbnail","6":"product_cat-paquetes","7":"product_cat-uruguay","8":"product_tag-america-del-sur","9":"product_tag-brasil","10":"product_tag-brasil-en-salvador-de-bahia","11":"product_tag-brasil-en-setiembre","12":"product_tag-desayuno","13":"product_tag-en-brasil","14":"product_tag-en-salvador-de-bahia","15":"product_tag-en-setiembre","16":"product_tag-no-aplica","17":"product_tag-paquetes-a-america-del-sur","18":"product_tag-paquetes-a-brasil","19":"product_tag-paquetes-a-salvador-de-bahia","20":"product_tag-salvador-bahia","21":"product_tag-salvador-de-bahia","22":"product_tag-septiembre","23":"product_tag-setiembre","24":"product_tag-setiembre-2026","25":"product_tag-sin-destino","26":"product_tag-sudamerica","27":"product_tag-vacaciones-de-primavera","28":"product_tag-vacaciones-de-septiembre","29":"product_tag-vacaciones-de-setiembre","30":"product_tag-vacaciones-primavera","31":"product_tag-viajes-a-america-del-sur","32":"product_tag-viajes-a-brasil","33":"product_tag-viajes-a-salvador-de-bahia","34":"product_tag-vuelo-y-hotel","35":"entry","36":"has-media","38":"first","39":"instock","40":"shipping-taxable","41":"purchasable","42":"product-type-simple"},"acf":[],"yoast_head":"<!-- This site is optimized with the Yoast SEO plugin v27.2 - https:\/\/yoast.com\/product\/yoast-seo-wordpress\/ -->\n<title>Salvador de Bah\u00eda - El Kaminante<\/title>\n<meta name=\"robots\" content=\"index, follow, max-snippet:-1, max-image-preview:large, max-video-preview:-1\" \/>\n<link rel=\"canonical\" href=\"https:\/\/elkaminante.com.uy\/paquetes\/salvador-de-bahia\/\" \/>\n<meta property=\"og:locale\" content=\"en_US\" \/>\n<meta property=\"og:type\" content=\"article\" \/>\n<meta property=\"og:title\" content=\"Salvador de Bah\u00eda - El Kaminante\" \/>\n<meta property=\"og:description\" content=\"Salvador de Bah\u00eda, la capital del estado de Bah\u00eda en el noreste de Brasil, es famosa por su arquitectura colonial portuguesa, su cultura afrobrasile\u00f1a y su costa tropical. El barrio de Pelourinho es su centro hist\u00f3rico, con calles de adoquines que se abren en grandes plazas, coloridos edificios e iglesias barrocas. Constituye una cita obligada por su singular diversidad cultural que se expresa en la mezcla de las tradiciones amerindias, europeas y africanas, las cuales se ven reflejadas en su gastronom\u00eda, folclore y en su producci\u00f3n artesanal. El clima c\u00e1lido de Salvador da Bah\u00eda se complementa de una gran cantidad de horas de sol anuales, lo que permite el amplio disfrute de sus playas.\" \/>\n<meta property=\"og:url\" content=\"https:\/\/elkaminante.com.uy\/paquetes\/salvador-de-bahia\/\" \/>\n<meta property=\"og:site_name\" content=\"El Kaminante\" \/>\n<meta property=\"article:modified_time\" content=\"2026-04-17T12:38:35+00:00\" \/>\n<meta property=\"og:image\" content=\"https:\/\/elkaminante.com.uy\/wp-content\/uploads\/2025\/06\/PAQ93.webp\" \/>\n\t<meta property=\"og:image:width\" content=\"1200\" \/>\n\t<meta property=\"og:image:height\" content=\"630\" \/>\n\t<meta property=\"og:image:type\" content=\"image\/webp\" \/>\n<meta name=\"twitter:card\" content=\"summary_large_image\" \/>\n<script type=\"application\/ld+json\" class=\"yoast-schema-graph\">{\"@context\":\"https:\/\/schema.org\",\"@graph\":[{\"@type\":\"WebPage\",\"@id\":\"https:\/\/elkaminante.com.uy\/paquetes\/salvador-de-bahia\/\",\"url\":\"https:\/\/elkaminante.com.uy\/paquetes\/salvador-de-bahia\/\",\"name\":\"Salvador de Bah\u00eda - El Kaminante\",\"isPartOf\":{\"@id\":\"https:\/\/elkaminante.com.uy\/#website\"},\"primaryImageOfPage\":{\"@id\":\"https:\/\/elkaminante.com.uy\/paquetes\/salvador-de-bahia\/#primaryimage\"},\"image\":{\"@id\":\"https:\/\/elkaminante.com.uy\/paquetes\/salvador-de-bahia\/#primaryimage\"},\"thumbnailUrl\":\"https:\/\/elkaminante.com.uy\/wp-content\/uploads\/2025\/06\/PAQ93.webp\",\"datePublished\":\"2025-04-04T20:05:58+00:00\",\"dateModified\":\"2026-04-17T12:38:35+00:00\",\"breadcrumb\":{\"@id\":\"https:\/\/elkaminante.com.uy\/paquetes\/salvador-de-bahia\/#breadcrumb\"},\"inLanguage\":\"en-US\",\"potentialAction\":[{\"@type\":\"ReadAction\",\"target\":[\"https:\/\/elkaminante.com.uy\/paquetes\/salvador-de-bahia\/\"]}]},{\"@type\":\"ImageObject\",\"inLanguage\":\"en-US\",\"@id\":\"https:\/\/elkaminante.com.uy\/paquetes\/salvador-de-bahia\/#primaryimage\",\"url\":\"https:\/\/elkaminante.com.uy\/wp-content\/uploads\/2025\/06\/PAQ93.webp\",\"contentUrl\":\"https:\/\/elkaminante.com.uy\/wp-content\/uploads\/2025\/06\/PAQ93.webp\",\"width\":1200,\"height\":630},{\"@type\":\"BreadcrumbList\",\"@id\":\"https:\/\/elkaminante.com.uy\/paquetes\/salvador-de-bahia\/#breadcrumb\",\"itemListElement\":[{\"@type\":\"ListItem\",\"position\":1,\"name\":\"Inicio\",\"item\":\"https:\/\/elkaminante.com.uy\/en\/\"},{\"@type\":\"ListItem\",\"position\":2,\"name\":\"Viajes por el mundo\",\"item\":\"https:\/\/elkaminante.com.uy\/en\/paquetes\/\"},{\"@type\":\"ListItem\",\"position\":3,\"name\":\"Salvador de Bah\u00eda\"}]},{\"@type\":\"WebSite\",\"@id\":\"https:\/\/elkaminante.com.uy\/#website\",\"url\":\"https:\/\/elkaminante.com.uy\/\",\"name\":\"El Kaminante\",\"description\":\"Viajes &amp; Turismo\",\"publisher\":{\"@id\":\"https:\/\/elkaminante.com.uy\/#organization\"},\"potentialAction\":[{\"@type\":\"SearchAction\",\"target\":{\"@type\":\"EntryPoint\",\"urlTemplate\":\"https:\/\/elkaminante.com.uy\/?s={search_term_string}\"},\"query-input\":{\"@type\":\"PropertyValueSpecification\",\"valueRequired\":true,\"valueName\":\"search_term_string\"}}],\"inLanguage\":\"en-US\"},{\"@type\":\"Organization\",\"@id\":\"https:\/\/elkaminante.com.uy\/#organization\",\"name\":\"El Kaminante\",\"url\":\"https:\/\/elkaminante.com.uy\/\",\"logo\":{\"@type\":\"ImageObject\",\"inLanguage\":\"en-US\",\"@id\":\"https:\/\/elkaminante.com.uy\/#\/schema\/logo\/image\/\",\"url\":\"https:\/\/elkaminante.com.uy\/wp-content\/uploads\/2025\/02\/logo-elkaminante-blanco.svg\",\"contentUrl\":\"https:\/\/elkaminante.com.uy\/wp-content\/uploads\/2025\/02\/logo-elkaminante-blanco.svg\",\"caption\":\"El Kaminante\"},\"image\":{\"@id\":\"https:\/\/elkaminante.com.uy\/#\/schema\/logo\/image\/\"}}]}<\/script>\n<!-- \/ Yoast SEO plugin. -->","yoast_head_json":{"title":"Salvador de Bah\u00eda - El Kaminante","robots":{"index":"index","follow":"follow","max-snippet":"max-snippet:-1","max-image-preview":"max-image-preview:large","max-video-preview":"max-video-preview:-1"},"canonical":"https:\/\/elkaminante.com.uy\/paquetes\/salvador-de-bahia\/","og_locale":"en_US","og_type":"article","og_title":"Salvador de Bah\u00eda - El Kaminante","og_description":"Salvador de Bah\u00eda, la capital del estado de Bah\u00eda en el noreste de Brasil, es famosa por su arquitectura colonial portuguesa, su cultura afrobrasile\u00f1a y su costa tropical. El barrio de Pelourinho es su centro hist\u00f3rico, con calles de adoquines que se abren en grandes plazas, coloridos edificios e iglesias barrocas. Constituye una cita obligada por su singular diversidad cultural que se expresa en la mezcla de las tradiciones amerindias, europeas y africanas, las cuales se ven reflejadas en su gastronom\u00eda, folclore y en su producci\u00f3n artesanal. El clima c\u00e1lido de Salvador da Bah\u00eda se complementa de una gran cantidad de horas de sol anuales, lo que permite el amplio disfrute de sus playas.","og_url":"https:\/\/elkaminante.com.uy\/paquetes\/salvador-de-bahia\/","og_site_name":"El Kaminante","article_modified_time":"2026-04-17T12:38:35+00:00","og_image":[{"width":1200,"height":630,"url":"https:\/\/elkaminante.com.uy\/wp-content\/uploads\/2025\/06\/PAQ93.webp","type":"image\/webp"}],"twitter_card":"summary_large_image","schema":{"@context":"https:\/\/schema.org","@graph":[{"@type":"WebPage","@id":"https:\/\/elkaminante.com.uy\/paquetes\/salvador-de-bahia\/","url":"https:\/\/elkaminante.com.uy\/paquetes\/salvador-de-bahia\/","name":"Salvador de Bah\u00eda - El Kaminante","isPartOf":{"@id":"https:\/\/elkaminante.com.uy\/#website"},"primaryImageOfPage":{"@id":"https:\/\/elkaminante.com.uy\/paquetes\/salvador-de-bahia\/#primaryimage"},"image":{"@id":"https:\/\/elkaminante.com.uy\/paquetes\/salvador-de-bahia\/#primaryimage"},"thumbnailUrl":"https:\/\/elkaminante.com.uy\/wp-content\/uploads\/2025\/06\/PAQ93.webp","datePublished":"2025-04-04T20:05:58+00:00","dateModified":"2026-04-17T12:38:35+00:00","breadcrumb":{"@id":"https:\/\/elkaminante.com.uy\/paquetes\/salvador-de-bahia\/#breadcrumb"},"inLanguage":"en-US","potentialAction":[{"@type":"ReadAction","target":["https:\/\/elkaminante.com.uy\/paquetes\/salvador-de-bahia\/"]}]},{"@type":"ImageObject","inLanguage":"en-US","@id":"https:\/\/elkaminante.com.uy\/paquetes\/salvador-de-bahia\/#primaryimage","url":"https:\/\/elkaminante.com.uy\/wp-content\/uploads\/2025\/06\/PAQ93.webp","contentUrl":"https:\/\/elkaminante.com.uy\/wp-content\/uploads\/2025\/06\/PAQ93.webp","width":1200,"height":630},{"@type":"BreadcrumbList","@id":"https:\/\/elkaminante.com.uy\/paquetes\/salvador-de-bahia\/#breadcrumb","itemListElement":[{"@type":"ListItem","position":1,"name":"Inicio","item":"https:\/\/elkaminante.com.uy\/en\/"},{"@type":"ListItem","position":2,"name":"Viajes por el mundo","item":"https:\/\/elkaminante.com.uy\/en\/paquetes\/"},{"@type":"ListItem","position":3,"name":"Salvador de Bah\u00eda"}]},{"@type":"WebSite","@id":"https:\/\/elkaminante.com.uy\/#website","url":"https:\/\/elkaminante.com.uy\/","name":"El Kaminante","description":"Viajes &amp; Turismo","publisher":{"@id":"https:\/\/elkaminante.com.uy\/#organization"},"potentialAction":[{"@type":"SearchAction","target":{"@type":"EntryPoint","urlTemplate":"https:\/\/elkaminante.com.uy\/?s={search_term_string}"},"query-input":{"@type":"PropertyValueSpecification","valueRequired":true,"valueName":"search_term_string"}}],"inLanguage":"en-US"},{"@type":"Organization","@id":"https:\/\/elkaminante.com.uy\/#organization","name":"El Kaminante","url":"https:\/\/elkaminante.com.uy\/","logo":{"@type":"ImageObject","inLanguage":"en-US","@id":"https:\/\/elkaminante.com.uy\/#\/schema\/logo\/image\/","url":"https:\/\/elkaminante.com.uy\/wp-content\/uploads\/2025\/02\/logo-elkaminante-blanco.svg","contentUrl":"https:\/\/elkaminante.com.uy\/wp-content\/uploads\/2025\/02\/logo-elkaminante-blanco.svg","caption":"El Kaminante"},"image":{"@id":"https:\/\/elkaminante.com.uy\/#\/schema\/logo\/image\/"}}]}},"_links":{"self":[{"href":"https:\/\/elkaminante.com.uy\/en\/wp-json\/wp\/v2\/product\/8566","targetHints":{"allow":["GET"]}}],"collection":[{"href":"https:\/\/elkaminante.com.uy\/en\/wp-json\/wp\/v2\/product"}],"about":[{"href":"https:\/\/elkaminante.com.uy\/en\/wp-json\/wp\/v2\/types\/product"}],"wp:featuredmedia":[{"embeddable":true,"href":"https:\/\/elkaminante.com.uy\/en\/wp-json\/wp\/v2\/media\/9448"}],"wp:attachment":[{"href":"https:\/\/elkaminante.com.uy\/en\/wp-json\/wp\/v2\/media?parent=8566"}],"wp:term":[{"taxonomy":"product_brand","embeddable":true,"href":"https:\/\/elkaminante.com.uy\/en\/wp-json\/wp\/v2\/product_brand?post=8566"},{"taxonomy":"product_cat","embeddable":true,"href":"https:\/\/elkaminante.com.uy\/en\/wp-json\/wp\/v2\/product_cat?post=8566"},{"taxonomy":"product_tag","embeddable":true,"href":"https:\/\/elkaminante.com.uy\/en\/wp-json\/wp\/v2\/product_tag?post=8566"}],"curies":[{"name":"wp","href":"https:\/\/api.w.org\/{rel}","templated":true}]}}