{"id":8564,"date":"2025-04-04T17:05:57","date_gmt":"2025-04-04T20:05:57","guid":{"rendered":"https:\/\/elkaminante.com.uy\/?post_type=product&#038;p=8564"},"modified":"2026-04-17T09:38:26","modified_gmt":"2026-04-17T12:38:26","slug":"cancun-low-cost","status":"publish","type":"product","link":"https:\/\/elkaminante.com.uy\/en\/paquetes\/cancun-low-cost\/","title":{"rendered":"Canc\u00fan Low Cost"},"content":{"rendered":"","protected":false},"excerpt":{"rendered":"<p><b>Canc\u00fan<\/b> es considerado el destino de playa m\u00e1s visitado de M\u00e9xico y quiz\u00e1s del mundo; con su gran variedad de paquetes &#8220;Cancun All Inclusive&#8221;, sin duda lo posicionan en uno de los favoritos de todos los p\u00fablicos. Tiene con qu\u00e9, playas de arena fina, lugares arqueol\u00f3gicos, paisajes que deslumbran, comida que deleita al paladar y artesan\u00edas que todo turista quiere comprar. Es un lugar bastante conocido por las vacaciones de primavera de los universitarios, pero su esp\u00edritu de fiesta, los kil\u00f3metros de resorts y su vida nocturna ininterrumpida son solo una peque\u00f1a parte de la historia. Sus playas aterciopeladas son de las mejores que el Caribe tiene para ofrecer, mientras que los buceadores y los aficionados al esn\u00f3rquel encontrar\u00e1n mucha acci\u00f3n entre las olas. En las afueras de la ciudad, se pueden visitar varios sitios hist\u00f3ricos, como las pir\u00e1mides de <i>Chich\u00e9n Itz\u00e1<\/i>, que ofrecen una inmersi\u00f3n profunda en la herencia maya sagrada de la zona.<\/p>\n","protected":false},"featured_media":9440,"template":"","meta":{"_acf_changed":false,"inline_featured_image":false},"product_brand":[],"product_cat":[28,1579],"product_tag":[96,70,214,3286,34,64,2085,558,2071,245,3822,163,220,342,65,71,73,215,164,61,3282,75,216,165,119],"class_list":{"0":"post-8564","1":"product","2":"type-product","3":"status-publish","4":"has-post-thumbnail","6":"product_cat-paquetes","7":"product_cat-uruguay","8":"product_tag-alarma-precios-bajos","9":"product_tag-america-del-norte","10":"product_tag-cancun","11":"product_tag-cancun-low-cost","12":"product_tag-caribe","13":"product_tag-desayuno","14":"product_tag-en-cancun","15":"product_tag-en-junio","16":"product_tag-en-mexico","17":"product_tag-junio","18":"product_tag-junio-2026alarma-precios-bajos","19":"product_tag-mexico","20":"product_tag-mexico-en-cancun","21":"product_tag-mexico-en-junio","22":"product_tag-no-aplica","23":"product_tag-norte-america","24":"product_tag-paquetes-a-america-del-norte","25":"product_tag-paquetes-a-cancun","26":"product_tag-paquetes-a-mexico","27":"product_tag-sin-destino","28":"product_tag-temporada-baja","29":"product_tag-viajes-a-america-del-norte","30":"product_tag-viajes-a-cancun","31":"product_tag-viajes-a-mexico","32":"product_tag-vuelo-y-hotel","33":"entry","34":"has-media","36":"first","37":"instock","38":"shipping-taxable","39":"purchasable","40":"product-type-simple"},"acf":[],"yoast_head":"<!-- This site is optimized with the Yoast SEO plugin v27.2 - https:\/\/yoast.com\/product\/yoast-seo-wordpress\/ -->\n<title>Canc\u00fan Low Cost - El Kaminante<\/title>\n<meta name=\"robots\" content=\"index, follow, max-snippet:-1, max-image-preview:large, max-video-preview:-1\" \/>\n<link rel=\"canonical\" href=\"https:\/\/elkaminante.com.uy\/paquetes\/cancun-low-cost\/\" \/>\n<meta property=\"og:locale\" content=\"en_US\" \/>\n<meta property=\"og:type\" content=\"article\" \/>\n<meta property=\"og:title\" content=\"Canc\u00fan Low Cost - El Kaminante\" \/>\n<meta property=\"og:description\" content=\"Canc\u00fan es considerado el destino de playa m\u00e1s visitado de M\u00e9xico y quiz\u00e1s del mundo; con su gran variedad de paquetes &quot;Cancun All Inclusive&quot;, sin duda lo posicionan en uno de los favoritos de todos los p\u00fablicos. Tiene con qu\u00e9, playas de arena fina, lugares arqueol\u00f3gicos, paisajes que deslumbran, comida que deleita al paladar y artesan\u00edas que todo turista quiere comprar. Es un lugar bastante conocido por las vacaciones de primavera de los universitarios, pero su esp\u00edritu de fiesta, los kil\u00f3metros de resorts y su vida nocturna ininterrumpida son solo una peque\u00f1a parte de la historia. Sus playas aterciopeladas son de las mejores que el Caribe tiene para ofrecer, mientras que los buceadores y los aficionados al esn\u00f3rquel encontrar\u00e1n mucha acci\u00f3n entre las olas. En las afueras de la ciudad, se pueden visitar varios sitios hist\u00f3ricos, como las pir\u00e1mides de Chich\u00e9n Itz\u00e1, que ofrecen una inmersi\u00f3n profunda en la herencia maya sagrada de la zona.\" \/>\n<meta property=\"og:url\" content=\"https:\/\/elkaminante.com.uy\/paquetes\/cancun-low-cost\/\" \/>\n<meta property=\"og:site_name\" content=\"El Kaminante\" \/>\n<meta property=\"article:modified_time\" content=\"2026-04-17T12:38:26+00:00\" \/>\n<meta property=\"og:image\" content=\"https:\/\/elkaminante.com.uy\/wp-content\/uploads\/2025\/06\/PAQ14-1.webp\" \/>\n\t<meta property=\"og:image:width\" content=\"800\" \/>\n\t<meta property=\"og:image:height\" content=\"457\" \/>\n\t<meta property=\"og:image:type\" content=\"image\/webp\" \/>\n<meta name=\"twitter:card\" content=\"summary_large_image\" \/>\n<script type=\"application\/ld+json\" class=\"yoast-schema-graph\">{\"@context\":\"https:\/\/schema.org\",\"@graph\":[{\"@type\":\"WebPage\",\"@id\":\"https:\/\/elkaminante.com.uy\/paquetes\/cancun-low-cost\/\",\"url\":\"https:\/\/elkaminante.com.uy\/paquetes\/cancun-low-cost\/\",\"name\":\"Canc\u00fan Low Cost - El Kaminante\",\"isPartOf\":{\"@id\":\"https:\/\/elkaminante.com.uy\/#website\"},\"primaryImageOfPage\":{\"@id\":\"https:\/\/elkaminante.com.uy\/paquetes\/cancun-low-cost\/#primaryimage\"},\"image\":{\"@id\":\"https:\/\/elkaminante.com.uy\/paquetes\/cancun-low-cost\/#primaryimage\"},\"thumbnailUrl\":\"https:\/\/elkaminante.com.uy\/wp-content\/uploads\/2025\/06\/PAQ14-1.webp\",\"datePublished\":\"2025-04-04T20:05:57+00:00\",\"dateModified\":\"2026-04-17T12:38:26+00:00\",\"breadcrumb\":{\"@id\":\"https:\/\/elkaminante.com.uy\/paquetes\/cancun-low-cost\/#breadcrumb\"},\"inLanguage\":\"en-US\",\"potentialAction\":[{\"@type\":\"ReadAction\",\"target\":[\"https:\/\/elkaminante.com.uy\/paquetes\/cancun-low-cost\/\"]}]},{\"@type\":\"ImageObject\",\"inLanguage\":\"en-US\",\"@id\":\"https:\/\/elkaminante.com.uy\/paquetes\/cancun-low-cost\/#primaryimage\",\"url\":\"https:\/\/elkaminante.com.uy\/wp-content\/uploads\/2025\/06\/PAQ14-1.webp\",\"contentUrl\":\"https:\/\/elkaminante.com.uy\/wp-content\/uploads\/2025\/06\/PAQ14-1.webp\",\"width\":800,\"height\":457},{\"@type\":\"BreadcrumbList\",\"@id\":\"https:\/\/elkaminante.com.uy\/paquetes\/cancun-low-cost\/#breadcrumb\",\"itemListElement\":[{\"@type\":\"ListItem\",\"position\":1,\"name\":\"Inicio\",\"item\":\"https:\/\/elkaminante.com.uy\/en\/\"},{\"@type\":\"ListItem\",\"position\":2,\"name\":\"Viajes por el mundo\",\"item\":\"https:\/\/elkaminante.com.uy\/en\/paquetes\/\"},{\"@type\":\"ListItem\",\"position\":3,\"name\":\"Canc\u00fan Low Cost\"}]},{\"@type\":\"WebSite\",\"@id\":\"https:\/\/elkaminante.com.uy\/#website\",\"url\":\"https:\/\/elkaminante.com.uy\/\",\"name\":\"El Kaminante\",\"description\":\"Viajes &amp; Turismo\",\"publisher\":{\"@id\":\"https:\/\/elkaminante.com.uy\/#organization\"},\"potentialAction\":[{\"@type\":\"SearchAction\",\"target\":{\"@type\":\"EntryPoint\",\"urlTemplate\":\"https:\/\/elkaminante.com.uy\/?s={search_term_string}\"},\"query-input\":{\"@type\":\"PropertyValueSpecification\",\"valueRequired\":true,\"valueName\":\"search_term_string\"}}],\"inLanguage\":\"en-US\"},{\"@type\":\"Organization\",\"@id\":\"https:\/\/elkaminante.com.uy\/#organization\",\"name\":\"El Kaminante\",\"url\":\"https:\/\/elkaminante.com.uy\/\",\"logo\":{\"@type\":\"ImageObject\",\"inLanguage\":\"en-US\",\"@id\":\"https:\/\/elkaminante.com.uy\/#\/schema\/logo\/image\/\",\"url\":\"https:\/\/elkaminante.com.uy\/wp-content\/uploads\/2025\/02\/logo-elkaminante-blanco.svg\",\"contentUrl\":\"https:\/\/elkaminante.com.uy\/wp-content\/uploads\/2025\/02\/logo-elkaminante-blanco.svg\",\"caption\":\"El Kaminante\"},\"image\":{\"@id\":\"https:\/\/elkaminante.com.uy\/#\/schema\/logo\/image\/\"}}]}<\/script>\n<!-- \/ Yoast SEO plugin. -->","yoast_head_json":{"title":"Canc\u00fan Low Cost - El Kaminante","robots":{"index":"index","follow":"follow","max-snippet":"max-snippet:-1","max-image-preview":"max-image-preview:large","max-video-preview":"max-video-preview:-1"},"canonical":"https:\/\/elkaminante.com.uy\/paquetes\/cancun-low-cost\/","og_locale":"en_US","og_type":"article","og_title":"Canc\u00fan Low Cost - El Kaminante","og_description":"Canc\u00fan es considerado el destino de playa m\u00e1s visitado de M\u00e9xico y quiz\u00e1s del mundo; con su gran variedad de paquetes \"Cancun All Inclusive\", sin duda lo posicionan en uno de los favoritos de todos los p\u00fablicos. Tiene con qu\u00e9, playas de arena fina, lugares arqueol\u00f3gicos, paisajes que deslumbran, comida que deleita al paladar y artesan\u00edas que todo turista quiere comprar. Es un lugar bastante conocido por las vacaciones de primavera de los universitarios, pero su esp\u00edritu de fiesta, los kil\u00f3metros de resorts y su vida nocturna ininterrumpida son solo una peque\u00f1a parte de la historia. Sus playas aterciopeladas son de las mejores que el Caribe tiene para ofrecer, mientras que los buceadores y los aficionados al esn\u00f3rquel encontrar\u00e1n mucha acci\u00f3n entre las olas. En las afueras de la ciudad, se pueden visitar varios sitios hist\u00f3ricos, como las pir\u00e1mides de Chich\u00e9n Itz\u00e1, que ofrecen una inmersi\u00f3n profunda en la herencia maya sagrada de la zona.","og_url":"https:\/\/elkaminante.com.uy\/paquetes\/cancun-low-cost\/","og_site_name":"El Kaminante","article_modified_time":"2026-04-17T12:38:26+00:00","og_image":[{"width":800,"height":457,"url":"https:\/\/elkaminante.com.uy\/wp-content\/uploads\/2025\/06\/PAQ14-1.webp","type":"image\/webp"}],"twitter_card":"summary_large_image","schema":{"@context":"https:\/\/schema.org","@graph":[{"@type":"WebPage","@id":"https:\/\/elkaminante.com.uy\/paquetes\/cancun-low-cost\/","url":"https:\/\/elkaminante.com.uy\/paquetes\/cancun-low-cost\/","name":"Canc\u00fan Low Cost - El Kaminante","isPartOf":{"@id":"https:\/\/elkaminante.com.uy\/#website"},"primaryImageOfPage":{"@id":"https:\/\/elkaminante.com.uy\/paquetes\/cancun-low-cost\/#primaryimage"},"image":{"@id":"https:\/\/elkaminante.com.uy\/paquetes\/cancun-low-cost\/#primaryimage"},"thumbnailUrl":"https:\/\/elkaminante.com.uy\/wp-content\/uploads\/2025\/06\/PAQ14-1.webp","datePublished":"2025-04-04T20:05:57+00:00","dateModified":"2026-04-17T12:38:26+00:00","breadcrumb":{"@id":"https:\/\/elkaminante.com.uy\/paquetes\/cancun-low-cost\/#breadcrumb"},"inLanguage":"en-US","potentialAction":[{"@type":"ReadAction","target":["https:\/\/elkaminante.com.uy\/paquetes\/cancun-low-cost\/"]}]},{"@type":"ImageObject","inLanguage":"en-US","@id":"https:\/\/elkaminante.com.uy\/paquetes\/cancun-low-cost\/#primaryimage","url":"https:\/\/elkaminante.com.uy\/wp-content\/uploads\/2025\/06\/PAQ14-1.webp","contentUrl":"https:\/\/elkaminante.com.uy\/wp-content\/uploads\/2025\/06\/PAQ14-1.webp","width":800,"height":457},{"@type":"BreadcrumbList","@id":"https:\/\/elkaminante.com.uy\/paquetes\/cancun-low-cost\/#breadcrumb","itemListElement":[{"@type":"ListItem","position":1,"name":"Inicio","item":"https:\/\/elkaminante.com.uy\/en\/"},{"@type":"ListItem","position":2,"name":"Viajes por el mundo","item":"https:\/\/elkaminante.com.uy\/en\/paquetes\/"},{"@type":"ListItem","position":3,"name":"Canc\u00fan Low Cost"}]},{"@type":"WebSite","@id":"https:\/\/elkaminante.com.uy\/#website","url":"https:\/\/elkaminante.com.uy\/","name":"El Kaminante","description":"Viajes &amp; Turismo","publisher":{"@id":"https:\/\/elkaminante.com.uy\/#organization"},"potentialAction":[{"@type":"SearchAction","target":{"@type":"EntryPoint","urlTemplate":"https:\/\/elkaminante.com.uy\/?s={search_term_string}"},"query-input":{"@type":"PropertyValueSpecification","valueRequired":true,"valueName":"search_term_string"}}],"inLanguage":"en-US"},{"@type":"Organization","@id":"https:\/\/elkaminante.com.uy\/#organization","name":"El Kaminante","url":"https:\/\/elkaminante.com.uy\/","logo":{"@type":"ImageObject","inLanguage":"en-US","@id":"https:\/\/elkaminante.com.uy\/#\/schema\/logo\/image\/","url":"https:\/\/elkaminante.com.uy\/wp-content\/uploads\/2025\/02\/logo-elkaminante-blanco.svg","contentUrl":"https:\/\/elkaminante.com.uy\/wp-content\/uploads\/2025\/02\/logo-elkaminante-blanco.svg","caption":"El Kaminante"},"image":{"@id":"https:\/\/elkaminante.com.uy\/#\/schema\/logo\/image\/"}}]}},"_links":{"self":[{"href":"https:\/\/elkaminante.com.uy\/en\/wp-json\/wp\/v2\/product\/8564","targetHints":{"allow":["GET"]}}],"collection":[{"href":"https:\/\/elkaminante.com.uy\/en\/wp-json\/wp\/v2\/product"}],"about":[{"href":"https:\/\/elkaminante.com.uy\/en\/wp-json\/wp\/v2\/types\/product"}],"wp:featuredmedia":[{"embeddable":true,"href":"https:\/\/elkaminante.com.uy\/en\/wp-json\/wp\/v2\/media\/9440"}],"wp:attachment":[{"href":"https:\/\/elkaminante.com.uy\/en\/wp-json\/wp\/v2\/media?parent=8564"}],"wp:term":[{"taxonomy":"product_brand","embeddable":true,"href":"https:\/\/elkaminante.com.uy\/en\/wp-json\/wp\/v2\/product_brand?post=8564"},{"taxonomy":"product_cat","embeddable":true,"href":"https:\/\/elkaminante.com.uy\/en\/wp-json\/wp\/v2\/product_cat?post=8564"},{"taxonomy":"product_tag","embeddable":true,"href":"https:\/\/elkaminante.com.uy\/en\/wp-json\/wp\/v2\/product_tag?post=8564"}],"curies":[{"name":"wp","href":"https:\/\/api.w.org\/{rel}","templated":true}]}}