{"id":13097,"date":"2026-04-26T16:59:47","date_gmt":"2026-04-26T19:59:47","guid":{"rendered":"https:\/\/elkaminante.com.uy\/paquetes\/crucero-msc-desde-bs-as\/"},"modified":"2026-04-26T16:59:47","modified_gmt":"2026-04-26T19:59:47","slug":"crucero-msc-desde-bs-as","status":"publish","type":"product","link":"https:\/\/elkaminante.com.uy\/en\/paquetes\/crucero-msc-desde-bs-as\/","title":{"rendered":"Crucero MSC desde Bs.As"},"content":{"rendered":"","protected":false},"excerpt":{"rendered":"<p><b>\u00a1Bienvenidos a bordo!<\/b> Los cruceros son una verdadera <i>ciudad flotante<\/i>. Repletos de entretenimiento y variedad, en ellos se pueden encontrar muchas alternativas de restaurantes, bares, auditorios y teatros donde se pueden ver incre\u00edbles shows al estilo de Broadway, varias piscinas y, lo m\u00e1s entretenido para grandes y chicos, salas de juegos, deportes, karting, cines, etc., los cuales pueden ser visitados por todos los pasajeros sin costo alguno. Si su sue\u00f1o es pasar unas vacaciones de lujo navegando por los distintos mares del mundo y descubriendo los puertos m\u00e1s famosos del viejo o nuevo continente, tenemos la respuesta para usted: no se pierda la experiencia de viajar en un <b>Crucero<\/b>.<\/p>\n<p><b>Buenos Aires<\/b>, capital de la Rep\u00fablica Argentina, destaca por su belleza de car\u00e1cter cosmopolita y su arte. Se encuentra dentro de las 20 mayores ciudades del mundo y es considerada la segunda \u00e1rea urbana m\u00e1s grande de Am\u00e9rica del Sur. Ofrece un viaje hacia al pasado a trav\u00e9s de las huellas de la sociedad europea en su arquitectura, arte y cultural, que se remonta a los inicios de su historia. Destaca en su gastronom\u00eda las carnes vacunas, las pizzas y las empanadas; contando con una enorme variedad de bares, bodegones y restaurantes para visitar. <i>Principales atractivos tur\u00edsticos:<\/i> La Plaza de Mayo, La Casa Rosada, el barrio La Boca, la calle Corrientes con sus teatros, el Obelisco, el Teatro Col\u00f3n, Puerto Madero, el Cementerio de la Recoleta y el barrio Palermo entre otros.<\/p>\n<p><b>Cambori\u00fa<\/b> es una enorme bah\u00eda con una vida nocturna que llama a miles de turistas al a\u00f1o, con clubes nocturnos, fiestas en la playa, bares, restaurantes y todo lo que una ciudad puede ofrecerte. Tiene un gran y atractivo parque, El Unipraias, que es el preferido de muchos al visitar este destino.<i>Principales atractivos tur\u00edsticos:<\/i> la Isla das Cabras, el Parque Balneario Santur, la iglesia Matriz Santa In\u00e9s y la iglesia Santo Amaro, entre otros.<\/p>\n","protected":false},"featured_media":13095,"template":"","meta":{"_acf_changed":false,"inline_featured_image":false},"product_brand":[],"product_cat":[28,1579],"product_tag":[4672,405,899,288,298,1261,4673,2103,1260,86,65,292,2902,2550,2523,2524,2065,293],"class_list":{"0":"post-13097","1":"product","2":"type-product","3":"status-publish","4":"has-post-thumbnail","6":"product_cat-paquetes","7":"product_cat-uruguay","8":"product_tag-28-de-enero-de-2027","9":"product_tag-buenos-aires","10":"product_tag-camboriu","11":"product_tag-crucero","12":"product_tag-crucero-en-crucero","13":"product_tag-crucero-en-enero","14":"product_tag-crucero-msc-desde-bs-as","15":"product_tag-en-crucero","16":"product_tag-en-enero","17":"product_tag-enero","18":"product_tag-no-aplica","19":"product_tag-paquetes-a-crucero","20":"product_tag-punta-del-este","21":"product_tag-santos","22":"product_tag-vacaciones-de-verano","23":"product_tag-vacaciones-verano","24":"product_tag-verano","25":"product_tag-viajes-a-crucero","26":"entry","27":"has-media","29":"first","30":"instock","31":"shipping-taxable","32":"purchasable","33":"product-type-simple"},"acf":[],"yoast_head":"<!-- This site is optimized with the Yoast SEO plugin v27.2 - https:\/\/yoast.com\/product\/yoast-seo-wordpress\/ -->\n<title>Crucero MSC desde Bs.As - El Kaminante<\/title>\n<meta name=\"robots\" content=\"index, follow, max-snippet:-1, max-image-preview:large, max-video-preview:-1\" \/>\n<link rel=\"canonical\" href=\"https:\/\/elkaminante.com.uy\/paquetes\/crucero-msc-desde-bs-as\/\" \/>\n<meta property=\"og:locale\" content=\"en_US\" \/>\n<meta property=\"og:type\" content=\"article\" \/>\n<meta property=\"og:title\" content=\"Crucero MSC desde Bs.As - El Kaminante\" \/>\n<meta property=\"og:description\" content=\"\u00a1Bienvenidos a bordo! Los cruceros son una verdadera ciudad flotante. Repletos de entretenimiento y variedad, en ellos se pueden encontrar muchas alternativas de restaurantes, bares, auditorios y teatros donde se pueden ver incre\u00edbles shows al estilo de Broadway, varias piscinas y, lo m\u00e1s entretenido para grandes y chicos, salas de juegos, deportes, karting, cines, etc., los cuales pueden ser visitados por todos los pasajeros sin costo alguno. Si su sue\u00f1o es pasar unas vacaciones de lujo navegando por los distintos mares del mundo y descubriendo los puertos m\u00e1s famosos del viejo o nuevo continente, tenemos la respuesta para usted: no se pierda la experiencia de viajar en un Crucero.Buenos Aires, capital de la Rep\u00fablica Argentina, destaca por su belleza de car\u00e1cter cosmopolita y su arte. Se encuentra dentro de las 20 mayores ciudades del mundo y es considerada la segunda \u00e1rea urbana m\u00e1s grande de Am\u00e9rica del Sur. Ofrece un viaje hacia al pasado a trav\u00e9s de las huellas de la sociedad europea en su arquitectura, arte y cultural, que se remonta a los inicios de su historia. Destaca en su gastronom\u00eda las carnes vacunas, las pizzas y las empanadas; contando con una enorme variedad de bares, bodegones y restaurantes para visitar. Principales atractivos tur\u00edsticos: La Plaza de Mayo, La Casa Rosada, el barrio La Boca, la calle Corrientes con sus teatros, el Obelisco, el Teatro Col\u00f3n, Puerto Madero, el Cementerio de la Recoleta y el barrio Palermo entre otros.Cambori\u00fa es una enorme bah\u00eda con una vida nocturna que llama a miles de turistas al a\u00f1o, con clubes nocturnos, fiestas en la playa, bares, restaurantes y todo lo que una ciudad puede ofrecerte. Tiene un gran y atractivo parque, El Unipraias, que es el preferido de muchos al visitar este destino.Principales atractivos tur\u00edsticos: la Isla das Cabras, el Parque Balneario Santur, la iglesia Matriz Santa In\u00e9s y la iglesia Santo Amaro, entre otros.\" \/>\n<meta property=\"og:url\" content=\"https:\/\/elkaminante.com.uy\/paquetes\/crucero-msc-desde-bs-as\/\" \/>\n<meta property=\"og:site_name\" content=\"El Kaminante\" \/>\n<meta name=\"twitter:card\" content=\"summary_large_image\" \/>\n<script type=\"application\/ld+json\" class=\"yoast-schema-graph\">{\"@context\":\"https:\/\/schema.org\",\"@graph\":[{\"@type\":\"WebPage\",\"@id\":\"https:\/\/elkaminante.com.uy\/paquetes\/crucero-msc-desde-bs-as\/\",\"url\":\"https:\/\/elkaminante.com.uy\/paquetes\/crucero-msc-desde-bs-as\/\",\"name\":\"Crucero MSC desde Bs.As - El Kaminante\",\"isPartOf\":{\"@id\":\"https:\/\/elkaminante.com.uy\/#website\"},\"primaryImageOfPage\":{\"@id\":\"https:\/\/elkaminante.com.uy\/paquetes\/crucero-msc-desde-bs-as\/#primaryimage\"},\"image\":{\"@id\":\"https:\/\/elkaminante.com.uy\/paquetes\/crucero-msc-desde-bs-as\/#primaryimage\"},\"thumbnailUrl\":\"https:\/\/elkaminante.com.uy\/wp-content\/uploads\/2026\/04\/PAQ720.webp\",\"datePublished\":\"2026-04-26T19:59:47+00:00\",\"breadcrumb\":{\"@id\":\"https:\/\/elkaminante.com.uy\/paquetes\/crucero-msc-desde-bs-as\/#breadcrumb\"},\"inLanguage\":\"en-US\",\"potentialAction\":[{\"@type\":\"ReadAction\",\"target\":[\"https:\/\/elkaminante.com.uy\/paquetes\/crucero-msc-desde-bs-as\/\"]}]},{\"@type\":\"ImageObject\",\"inLanguage\":\"en-US\",\"@id\":\"https:\/\/elkaminante.com.uy\/paquetes\/crucero-msc-desde-bs-as\/#primaryimage\",\"url\":\"https:\/\/elkaminante.com.uy\/wp-content\/uploads\/2026\/04\/PAQ720.webp\",\"contentUrl\":\"https:\/\/elkaminante.com.uy\/wp-content\/uploads\/2026\/04\/PAQ720.webp\",\"width\":800,\"height\":457},{\"@type\":\"BreadcrumbList\",\"@id\":\"https:\/\/elkaminante.com.uy\/paquetes\/crucero-msc-desde-bs-as\/#breadcrumb\",\"itemListElement\":[{\"@type\":\"ListItem\",\"position\":1,\"name\":\"Inicio\",\"item\":\"https:\/\/elkaminante.com.uy\/en\/\"},{\"@type\":\"ListItem\",\"position\":2,\"name\":\"Viajes por el mundo\",\"item\":\"https:\/\/elkaminante.com.uy\/en\/paquetes\/\"},{\"@type\":\"ListItem\",\"position\":3,\"name\":\"Crucero MSC desde Bs.As\"}]},{\"@type\":\"WebSite\",\"@id\":\"https:\/\/elkaminante.com.uy\/#website\",\"url\":\"https:\/\/elkaminante.com.uy\/\",\"name\":\"El Kaminante\",\"description\":\"Viajes &amp; Turismo\",\"publisher\":{\"@id\":\"https:\/\/elkaminante.com.uy\/#organization\"},\"potentialAction\":[{\"@type\":\"SearchAction\",\"target\":{\"@type\":\"EntryPoint\",\"urlTemplate\":\"https:\/\/elkaminante.com.uy\/?s={search_term_string}\"},\"query-input\":{\"@type\":\"PropertyValueSpecification\",\"valueRequired\":true,\"valueName\":\"search_term_string\"}}],\"inLanguage\":\"en-US\"},{\"@type\":\"Organization\",\"@id\":\"https:\/\/elkaminante.com.uy\/#organization\",\"name\":\"El Kaminante\",\"url\":\"https:\/\/elkaminante.com.uy\/\",\"logo\":{\"@type\":\"ImageObject\",\"inLanguage\":\"en-US\",\"@id\":\"https:\/\/elkaminante.com.uy\/#\/schema\/logo\/image\/\",\"url\":\"https:\/\/elkaminante.com.uy\/wp-content\/uploads\/2025\/02\/logo-elkaminante-blanco.svg\",\"contentUrl\":\"https:\/\/elkaminante.com.uy\/wp-content\/uploads\/2025\/02\/logo-elkaminante-blanco.svg\",\"caption\":\"El Kaminante\"},\"image\":{\"@id\":\"https:\/\/elkaminante.com.uy\/#\/schema\/logo\/image\/\"}}]}<\/script>\n<!-- \/ Yoast SEO plugin. -->","yoast_head_json":{"title":"Crucero MSC desde Bs.As - El Kaminante","robots":{"index":"index","follow":"follow","max-snippet":"max-snippet:-1","max-image-preview":"max-image-preview:large","max-video-preview":"max-video-preview:-1"},"canonical":"https:\/\/elkaminante.com.uy\/paquetes\/crucero-msc-desde-bs-as\/","og_locale":"en_US","og_type":"article","og_title":"Crucero MSC desde Bs.As - El Kaminante","og_description":"\u00a1Bienvenidos a bordo! Los cruceros son una verdadera ciudad flotante. Repletos de entretenimiento y variedad, en ellos se pueden encontrar muchas alternativas de restaurantes, bares, auditorios y teatros donde se pueden ver incre\u00edbles shows al estilo de Broadway, varias piscinas y, lo m\u00e1s entretenido para grandes y chicos, salas de juegos, deportes, karting, cines, etc., los cuales pueden ser visitados por todos los pasajeros sin costo alguno. Si su sue\u00f1o es pasar unas vacaciones de lujo navegando por los distintos mares del mundo y descubriendo los puertos m\u00e1s famosos del viejo o nuevo continente, tenemos la respuesta para usted: no se pierda la experiencia de viajar en un Crucero.Buenos Aires, capital de la Rep\u00fablica Argentina, destaca por su belleza de car\u00e1cter cosmopolita y su arte. Se encuentra dentro de las 20 mayores ciudades del mundo y es considerada la segunda \u00e1rea urbana m\u00e1s grande de Am\u00e9rica del Sur. Ofrece un viaje hacia al pasado a trav\u00e9s de las huellas de la sociedad europea en su arquitectura, arte y cultural, que se remonta a los inicios de su historia. Destaca en su gastronom\u00eda las carnes vacunas, las pizzas y las empanadas; contando con una enorme variedad de bares, bodegones y restaurantes para visitar. Principales atractivos tur\u00edsticos: La Plaza de Mayo, La Casa Rosada, el barrio La Boca, la calle Corrientes con sus teatros, el Obelisco, el Teatro Col\u00f3n, Puerto Madero, el Cementerio de la Recoleta y el barrio Palermo entre otros.Cambori\u00fa es una enorme bah\u00eda con una vida nocturna que llama a miles de turistas al a\u00f1o, con clubes nocturnos, fiestas en la playa, bares, restaurantes y todo lo que una ciudad puede ofrecerte. Tiene un gran y atractivo parque, El Unipraias, que es el preferido de muchos al visitar este destino.Principales atractivos tur\u00edsticos: la Isla das Cabras, el Parque Balneario Santur, la iglesia Matriz Santa In\u00e9s y la iglesia Santo Amaro, entre otros.","og_url":"https:\/\/elkaminante.com.uy\/paquetes\/crucero-msc-desde-bs-as\/","og_site_name":"El Kaminante","twitter_card":"summary_large_image","schema":{"@context":"https:\/\/schema.org","@graph":[{"@type":"WebPage","@id":"https:\/\/elkaminante.com.uy\/paquetes\/crucero-msc-desde-bs-as\/","url":"https:\/\/elkaminante.com.uy\/paquetes\/crucero-msc-desde-bs-as\/","name":"Crucero MSC desde Bs.As - El Kaminante","isPartOf":{"@id":"https:\/\/elkaminante.com.uy\/#website"},"primaryImageOfPage":{"@id":"https:\/\/elkaminante.com.uy\/paquetes\/crucero-msc-desde-bs-as\/#primaryimage"},"image":{"@id":"https:\/\/elkaminante.com.uy\/paquetes\/crucero-msc-desde-bs-as\/#primaryimage"},"thumbnailUrl":"https:\/\/elkaminante.com.uy\/wp-content\/uploads\/2026\/04\/PAQ720.webp","datePublished":"2026-04-26T19:59:47+00:00","breadcrumb":{"@id":"https:\/\/elkaminante.com.uy\/paquetes\/crucero-msc-desde-bs-as\/#breadcrumb"},"inLanguage":"en-US","potentialAction":[{"@type":"ReadAction","target":["https:\/\/elkaminante.com.uy\/paquetes\/crucero-msc-desde-bs-as\/"]}]},{"@type":"ImageObject","inLanguage":"en-US","@id":"https:\/\/elkaminante.com.uy\/paquetes\/crucero-msc-desde-bs-as\/#primaryimage","url":"https:\/\/elkaminante.com.uy\/wp-content\/uploads\/2026\/04\/PAQ720.webp","contentUrl":"https:\/\/elkaminante.com.uy\/wp-content\/uploads\/2026\/04\/PAQ720.webp","width":800,"height":457},{"@type":"BreadcrumbList","@id":"https:\/\/elkaminante.com.uy\/paquetes\/crucero-msc-desde-bs-as\/#breadcrumb","itemListElement":[{"@type":"ListItem","position":1,"name":"Inicio","item":"https:\/\/elkaminante.com.uy\/en\/"},{"@type":"ListItem","position":2,"name":"Viajes por el mundo","item":"https:\/\/elkaminante.com.uy\/en\/paquetes\/"},{"@type":"ListItem","position":3,"name":"Crucero MSC desde Bs.As"}]},{"@type":"WebSite","@id":"https:\/\/elkaminante.com.uy\/#website","url":"https:\/\/elkaminante.com.uy\/","name":"El Kaminante","description":"Viajes &amp; Turismo","publisher":{"@id":"https:\/\/elkaminante.com.uy\/#organization"},"potentialAction":[{"@type":"SearchAction","target":{"@type":"EntryPoint","urlTemplate":"https:\/\/elkaminante.com.uy\/?s={search_term_string}"},"query-input":{"@type":"PropertyValueSpecification","valueRequired":true,"valueName":"search_term_string"}}],"inLanguage":"en-US"},{"@type":"Organization","@id":"https:\/\/elkaminante.com.uy\/#organization","name":"El Kaminante","url":"https:\/\/elkaminante.com.uy\/","logo":{"@type":"ImageObject","inLanguage":"en-US","@id":"https:\/\/elkaminante.com.uy\/#\/schema\/logo\/image\/","url":"https:\/\/elkaminante.com.uy\/wp-content\/uploads\/2025\/02\/logo-elkaminante-blanco.svg","contentUrl":"https:\/\/elkaminante.com.uy\/wp-content\/uploads\/2025\/02\/logo-elkaminante-blanco.svg","caption":"El Kaminante"},"image":{"@id":"https:\/\/elkaminante.com.uy\/#\/schema\/logo\/image\/"}}]}},"_links":{"self":[{"href":"https:\/\/elkaminante.com.uy\/en\/wp-json\/wp\/v2\/product\/13097","targetHints":{"allow":["GET"]}}],"collection":[{"href":"https:\/\/elkaminante.com.uy\/en\/wp-json\/wp\/v2\/product"}],"about":[{"href":"https:\/\/elkaminante.com.uy\/en\/wp-json\/wp\/v2\/types\/product"}],"wp:featuredmedia":[{"embeddable":true,"href":"https:\/\/elkaminante.com.uy\/en\/wp-json\/wp\/v2\/media\/13095"}],"wp:attachment":[{"href":"https:\/\/elkaminante.com.uy\/en\/wp-json\/wp\/v2\/media?parent=13097"}],"wp:term":[{"taxonomy":"product_brand","embeddable":true,"href":"https:\/\/elkaminante.com.uy\/en\/wp-json\/wp\/v2\/product_brand?post=13097"},{"taxonomy":"product_cat","embeddable":true,"href":"https:\/\/elkaminante.com.uy\/en\/wp-json\/wp\/v2\/product_cat?post=13097"},{"taxonomy":"product_tag","embeddable":true,"href":"https:\/\/elkaminante.com.uy\/en\/wp-json\/wp\/v2\/product_tag?post=13097"}],"curies":[{"name":"wp","href":"https:\/\/api.w.org\/{rel}","templated":true}]}}