{"id":13088,"date":"2026-04-26T16:59:43","date_gmt":"2026-04-26T19:59:43","guid":{"rendered":"https:\/\/elkaminante.com.uy\/paquetes\/crucero-costa-serena-4\/"},"modified":"2026-04-26T16:59:43","modified_gmt":"2026-04-26T19:59:43","slug":"crucero-costa-serena-4","status":"publish","type":"product","link":"https:\/\/elkaminante.com.uy\/en\/paquetes\/crucero-costa-serena-4\/","title":{"rendered":"Crucero Costa Serena"},"content":{"rendered":"","protected":false},"excerpt":{"rendered":"<p>En la costa de Rio de Janeiro encontramos <b>Angra dos Reis<\/b>, una preciosa ciudad brasile\u00f1a de bellas playas y grandes atractivos tur\u00edsticos. Tiene m\u00e1s de 360 islas y 2.000 playas para poder disfrutar de este caracter\u00edstico lugar paradis\u00edaco.<i>Principales atractivos tur\u00edsticos:<\/i>el Monumento a los N\u00e1ufragos, el pico del Fraile, la Isla de la Gip\u00f3ia, el Convento de Nuestra Se\u00f1ora del Carmo y las Islas de Catagu\u00e1s entre otros. <\/p>\n<p><b>Cambori\u00fa<\/b> es una enorme bah\u00eda con una vida nocturna que llama a miles de turistas al a\u00f1o, con clubes nocturnos, fiestas en la playa, bares, restaurantes y todo lo que una ciudad puede ofrecerte. Tiene un gran y atractivo parque, El Unipraias, que es el preferido de muchos al visitar este destino.<i>Principales atractivos tur\u00edsticos:<\/i> la Isla das Cabras, el Parque Balneario Santur, la iglesia Matriz Santa In\u00e9s y la iglesia Santo Amaro, entre otros.<\/p>\n<p><b>R\u00edo de Janeiro<\/b> es considerado uno de los lugares mas bellos del planeta. En R\u00edo de Janeiro no solo se encuentra la gente que a diario disfruta de las playas, el sol y el mar, gran parte de su poblaci\u00f3n habita las llamadas favelas, especie de barrios situados en las laderas de la colinas que rodean la ciudad. La gastronom\u00eda de R\u00edo de Janeiro es una mezcla de la cultura africana, india y portuguesa, italiana y francesa, entre otros. Los platos tradicionales son la Feiojada y los churrascos hechos a la parrilla. Las compras de ropa de dise\u00f1adores brasile\u00f1os las puedes realizar en los centros comerciales Rio Design Leblon, Shopping Rio Sul. Adem\u00e1s puedes ir a la Feria de Sao Cristovao, donde encontrar\u00e1s artesan\u00edas, ropa, restaurantes y presentaciones art\u00edsticas. <\/p>\n<p><i>Principales atractivos tur\u00edsticos:<\/i> Cerro del Corcovado, Ipanema, Pan de Az\u00facar, Copacabana, estadio de Maracan\u00e1, entre otros.<\/p>\n","protected":false},"featured_media":13086,"template":"","meta":{"_acf_changed":false,"inline_featured_image":false},"product_brand":[],"product_cat":[28,1579],"product_tag":[4669,657,405,899,288,4667,298,592,2103,591,87,2576,2549,65,292,363,2523,2524,2065,293],"class_list":{"0":"post-13088","1":"product","2":"type-product","3":"status-publish","4":"has-post-thumbnail","6":"product_cat-paquetes","7":"product_cat-uruguay","8":"product_tag-28-de-febrero-de-2027","9":"product_tag-angra-dos-reis","10":"product_tag-buenos-aires","11":"product_tag-camboriu","12":"product_tag-crucero","13":"product_tag-crucero-costa-serena","14":"product_tag-crucero-en-crucero","15":"product_tag-crucero-en-febrero","16":"product_tag-en-crucero","17":"product_tag-en-febrero","18":"product_tag-febrero","19":"product_tag-ilhabela","20":"product_tag-montevideo","21":"product_tag-no-aplica","22":"product_tag-paquetes-a-crucero","23":"product_tag-rio-de-janeiro","24":"product_tag-vacaciones-de-verano","25":"product_tag-vacaciones-verano","26":"product_tag-verano","27":"product_tag-viajes-a-crucero","28":"entry","29":"has-media","31":"first","32":"instock","33":"shipping-taxable","34":"purchasable","35":"product-type-simple"},"acf":[],"yoast_head":"<!-- This site is optimized with the Yoast SEO plugin v27.2 - https:\/\/yoast.com\/product\/yoast-seo-wordpress\/ -->\n<title>Crucero Costa Serena - El Kaminante<\/title>\n<meta name=\"robots\" content=\"index, follow, max-snippet:-1, max-image-preview:large, max-video-preview:-1\" \/>\n<link rel=\"canonical\" href=\"https:\/\/elkaminante.com.uy\/paquetes\/crucero-costa-serena-4\/\" \/>\n<meta property=\"og:locale\" content=\"en_US\" \/>\n<meta property=\"og:type\" content=\"article\" \/>\n<meta property=\"og:title\" content=\"Crucero Costa Serena - El Kaminante\" \/>\n<meta property=\"og:description\" content=\"En la costa de Rio de Janeiro encontramos Angra dos Reis, una preciosa ciudad brasile\u00f1a de bellas playas y grandes atractivos tur\u00edsticos. Tiene m\u00e1s de 360 islas y 2.000 playas para poder disfrutar de este caracter\u00edstico lugar paradis\u00edaco.Principales atractivos tur\u00edsticos:el Monumento a los N\u00e1ufragos, el pico del Fraile, la Isla de la Gip\u00f3ia, el Convento de Nuestra Se\u00f1ora del Carmo y las Islas de Catagu\u00e1s entre otros. Cambori\u00fa es una enorme bah\u00eda con una vida nocturna que llama a miles de turistas al a\u00f1o, con clubes nocturnos, fiestas en la playa, bares, restaurantes y todo lo que una ciudad puede ofrecerte. Tiene un gran y atractivo parque, El Unipraias, que es el preferido de muchos al visitar este destino.Principales atractivos tur\u00edsticos: la Isla das Cabras, el Parque Balneario Santur, la iglesia Matriz Santa In\u00e9s y la iglesia Santo Amaro, entre otros.R\u00edo de Janeiro es considerado uno de los lugares mas bellos del planeta. En R\u00edo de Janeiro no solo se encuentra la gente que a diario disfruta de las playas, el sol y el mar, gran parte de su poblaci\u00f3n habita las llamadas favelas, especie de barrios situados en las laderas de la colinas que rodean la ciudad. La gastronom\u00eda de R\u00edo de Janeiro es una mezcla de la cultura africana, india y portuguesa, italiana y francesa, entre otros. Los platos tradicionales son la Feiojada y los churrascos hechos a la parrilla. Las compras de ropa de dise\u00f1adores brasile\u00f1os las puedes realizar en los centros comerciales Rio Design Leblon, Shopping Rio Sul. Adem\u00e1s puedes ir a la Feria de Sao Cristovao, donde encontrar\u00e1s artesan\u00edas, ropa, restaurantes y presentaciones art\u00edsticas. Principales atractivos tur\u00edsticos: Cerro del Corcovado, Ipanema, Pan de Az\u00facar, Copacabana, estadio de Maracan\u00e1, entre otros.\" \/>\n<meta property=\"og:url\" content=\"https:\/\/elkaminante.com.uy\/paquetes\/crucero-costa-serena-4\/\" \/>\n<meta property=\"og:site_name\" content=\"El Kaminante\" \/>\n<meta name=\"twitter:card\" content=\"summary_large_image\" \/>\n<script type=\"application\/ld+json\" class=\"yoast-schema-graph\">{\"@context\":\"https:\/\/schema.org\",\"@graph\":[{\"@type\":\"WebPage\",\"@id\":\"https:\/\/elkaminante.com.uy\/paquetes\/crucero-costa-serena-4\/\",\"url\":\"https:\/\/elkaminante.com.uy\/paquetes\/crucero-costa-serena-4\/\",\"name\":\"Crucero Costa Serena - El Kaminante\",\"isPartOf\":{\"@id\":\"https:\/\/elkaminante.com.uy\/#website\"},\"primaryImageOfPage\":{\"@id\":\"https:\/\/elkaminante.com.uy\/paquetes\/crucero-costa-serena-4\/#primaryimage\"},\"image\":{\"@id\":\"https:\/\/elkaminante.com.uy\/paquetes\/crucero-costa-serena-4\/#primaryimage\"},\"thumbnailUrl\":\"https:\/\/elkaminante.com.uy\/wp-content\/uploads\/2026\/04\/PAQ717.webp\",\"datePublished\":\"2026-04-26T19:59:43+00:00\",\"breadcrumb\":{\"@id\":\"https:\/\/elkaminante.com.uy\/paquetes\/crucero-costa-serena-4\/#breadcrumb\"},\"inLanguage\":\"en-US\",\"potentialAction\":[{\"@type\":\"ReadAction\",\"target\":[\"https:\/\/elkaminante.com.uy\/paquetes\/crucero-costa-serena-4\/\"]}]},{\"@type\":\"ImageObject\",\"inLanguage\":\"en-US\",\"@id\":\"https:\/\/elkaminante.com.uy\/paquetes\/crucero-costa-serena-4\/#primaryimage\",\"url\":\"https:\/\/elkaminante.com.uy\/wp-content\/uploads\/2026\/04\/PAQ717.webp\",\"contentUrl\":\"https:\/\/elkaminante.com.uy\/wp-content\/uploads\/2026\/04\/PAQ717.webp\",\"width\":800,\"height\":457},{\"@type\":\"BreadcrumbList\",\"@id\":\"https:\/\/elkaminante.com.uy\/paquetes\/crucero-costa-serena-4\/#breadcrumb\",\"itemListElement\":[{\"@type\":\"ListItem\",\"position\":1,\"name\":\"Inicio\",\"item\":\"https:\/\/elkaminante.com.uy\/en\/\"},{\"@type\":\"ListItem\",\"position\":2,\"name\":\"Viajes por el mundo\",\"item\":\"https:\/\/elkaminante.com.uy\/en\/paquetes\/\"},{\"@type\":\"ListItem\",\"position\":3,\"name\":\"Crucero Costa Serena\"}]},{\"@type\":\"WebSite\",\"@id\":\"https:\/\/elkaminante.com.uy\/#website\",\"url\":\"https:\/\/elkaminante.com.uy\/\",\"name\":\"El Kaminante\",\"description\":\"Viajes &amp; Turismo\",\"publisher\":{\"@id\":\"https:\/\/elkaminante.com.uy\/#organization\"},\"potentialAction\":[{\"@type\":\"SearchAction\",\"target\":{\"@type\":\"EntryPoint\",\"urlTemplate\":\"https:\/\/elkaminante.com.uy\/?s={search_term_string}\"},\"query-input\":{\"@type\":\"PropertyValueSpecification\",\"valueRequired\":true,\"valueName\":\"search_term_string\"}}],\"inLanguage\":\"en-US\"},{\"@type\":\"Organization\",\"@id\":\"https:\/\/elkaminante.com.uy\/#organization\",\"name\":\"El Kaminante\",\"url\":\"https:\/\/elkaminante.com.uy\/\",\"logo\":{\"@type\":\"ImageObject\",\"inLanguage\":\"en-US\",\"@id\":\"https:\/\/elkaminante.com.uy\/#\/schema\/logo\/image\/\",\"url\":\"https:\/\/elkaminante.com.uy\/wp-content\/uploads\/2025\/02\/logo-elkaminante-blanco.svg\",\"contentUrl\":\"https:\/\/elkaminante.com.uy\/wp-content\/uploads\/2025\/02\/logo-elkaminante-blanco.svg\",\"caption\":\"El Kaminante\"},\"image\":{\"@id\":\"https:\/\/elkaminante.com.uy\/#\/schema\/logo\/image\/\"}}]}<\/script>\n<!-- \/ Yoast SEO plugin. -->","yoast_head_json":{"title":"Crucero Costa Serena - El Kaminante","robots":{"index":"index","follow":"follow","max-snippet":"max-snippet:-1","max-image-preview":"max-image-preview:large","max-video-preview":"max-video-preview:-1"},"canonical":"https:\/\/elkaminante.com.uy\/paquetes\/crucero-costa-serena-4\/","og_locale":"en_US","og_type":"article","og_title":"Crucero Costa Serena - El Kaminante","og_description":"En la costa de Rio de Janeiro encontramos Angra dos Reis, una preciosa ciudad brasile\u00f1a de bellas playas y grandes atractivos tur\u00edsticos. Tiene m\u00e1s de 360 islas y 2.000 playas para poder disfrutar de este caracter\u00edstico lugar paradis\u00edaco.Principales atractivos tur\u00edsticos:el Monumento a los N\u00e1ufragos, el pico del Fraile, la Isla de la Gip\u00f3ia, el Convento de Nuestra Se\u00f1ora del Carmo y las Islas de Catagu\u00e1s entre otros. Cambori\u00fa es una enorme bah\u00eda con una vida nocturna que llama a miles de turistas al a\u00f1o, con clubes nocturnos, fiestas en la playa, bares, restaurantes y todo lo que una ciudad puede ofrecerte. Tiene un gran y atractivo parque, El Unipraias, que es el preferido de muchos al visitar este destino.Principales atractivos tur\u00edsticos: la Isla das Cabras, el Parque Balneario Santur, la iglesia Matriz Santa In\u00e9s y la iglesia Santo Amaro, entre otros.R\u00edo de Janeiro es considerado uno de los lugares mas bellos del planeta. En R\u00edo de Janeiro no solo se encuentra la gente que a diario disfruta de las playas, el sol y el mar, gran parte de su poblaci\u00f3n habita las llamadas favelas, especie de barrios situados en las laderas de la colinas que rodean la ciudad. La gastronom\u00eda de R\u00edo de Janeiro es una mezcla de la cultura africana, india y portuguesa, italiana y francesa, entre otros. Los platos tradicionales son la Feiojada y los churrascos hechos a la parrilla. Las compras de ropa de dise\u00f1adores brasile\u00f1os las puedes realizar en los centros comerciales Rio Design Leblon, Shopping Rio Sul. Adem\u00e1s puedes ir a la Feria de Sao Cristovao, donde encontrar\u00e1s artesan\u00edas, ropa, restaurantes y presentaciones art\u00edsticas. Principales atractivos tur\u00edsticos: Cerro del Corcovado, Ipanema, Pan de Az\u00facar, Copacabana, estadio de Maracan\u00e1, entre otros.","og_url":"https:\/\/elkaminante.com.uy\/paquetes\/crucero-costa-serena-4\/","og_site_name":"El Kaminante","twitter_card":"summary_large_image","schema":{"@context":"https:\/\/schema.org","@graph":[{"@type":"WebPage","@id":"https:\/\/elkaminante.com.uy\/paquetes\/crucero-costa-serena-4\/","url":"https:\/\/elkaminante.com.uy\/paquetes\/crucero-costa-serena-4\/","name":"Crucero Costa Serena - El Kaminante","isPartOf":{"@id":"https:\/\/elkaminante.com.uy\/#website"},"primaryImageOfPage":{"@id":"https:\/\/elkaminante.com.uy\/paquetes\/crucero-costa-serena-4\/#primaryimage"},"image":{"@id":"https:\/\/elkaminante.com.uy\/paquetes\/crucero-costa-serena-4\/#primaryimage"},"thumbnailUrl":"https:\/\/elkaminante.com.uy\/wp-content\/uploads\/2026\/04\/PAQ717.webp","datePublished":"2026-04-26T19:59:43+00:00","breadcrumb":{"@id":"https:\/\/elkaminante.com.uy\/paquetes\/crucero-costa-serena-4\/#breadcrumb"},"inLanguage":"en-US","potentialAction":[{"@type":"ReadAction","target":["https:\/\/elkaminante.com.uy\/paquetes\/crucero-costa-serena-4\/"]}]},{"@type":"ImageObject","inLanguage":"en-US","@id":"https:\/\/elkaminante.com.uy\/paquetes\/crucero-costa-serena-4\/#primaryimage","url":"https:\/\/elkaminante.com.uy\/wp-content\/uploads\/2026\/04\/PAQ717.webp","contentUrl":"https:\/\/elkaminante.com.uy\/wp-content\/uploads\/2026\/04\/PAQ717.webp","width":800,"height":457},{"@type":"BreadcrumbList","@id":"https:\/\/elkaminante.com.uy\/paquetes\/crucero-costa-serena-4\/#breadcrumb","itemListElement":[{"@type":"ListItem","position":1,"name":"Inicio","item":"https:\/\/elkaminante.com.uy\/en\/"},{"@type":"ListItem","position":2,"name":"Viajes por el mundo","item":"https:\/\/elkaminante.com.uy\/en\/paquetes\/"},{"@type":"ListItem","position":3,"name":"Crucero Costa Serena"}]},{"@type":"WebSite","@id":"https:\/\/elkaminante.com.uy\/#website","url":"https:\/\/elkaminante.com.uy\/","name":"El Kaminante","description":"Viajes &amp; Turismo","publisher":{"@id":"https:\/\/elkaminante.com.uy\/#organization"},"potentialAction":[{"@type":"SearchAction","target":{"@type":"EntryPoint","urlTemplate":"https:\/\/elkaminante.com.uy\/?s={search_term_string}"},"query-input":{"@type":"PropertyValueSpecification","valueRequired":true,"valueName":"search_term_string"}}],"inLanguage":"en-US"},{"@type":"Organization","@id":"https:\/\/elkaminante.com.uy\/#organization","name":"El Kaminante","url":"https:\/\/elkaminante.com.uy\/","logo":{"@type":"ImageObject","inLanguage":"en-US","@id":"https:\/\/elkaminante.com.uy\/#\/schema\/logo\/image\/","url":"https:\/\/elkaminante.com.uy\/wp-content\/uploads\/2025\/02\/logo-elkaminante-blanco.svg","contentUrl":"https:\/\/elkaminante.com.uy\/wp-content\/uploads\/2025\/02\/logo-elkaminante-blanco.svg","caption":"El Kaminante"},"image":{"@id":"https:\/\/elkaminante.com.uy\/#\/schema\/logo\/image\/"}}]}},"_links":{"self":[{"href":"https:\/\/elkaminante.com.uy\/en\/wp-json\/wp\/v2\/product\/13088","targetHints":{"allow":["GET"]}}],"collection":[{"href":"https:\/\/elkaminante.com.uy\/en\/wp-json\/wp\/v2\/product"}],"about":[{"href":"https:\/\/elkaminante.com.uy\/en\/wp-json\/wp\/v2\/types\/product"}],"wp:featuredmedia":[{"embeddable":true,"href":"https:\/\/elkaminante.com.uy\/en\/wp-json\/wp\/v2\/media\/13086"}],"wp:attachment":[{"href":"https:\/\/elkaminante.com.uy\/en\/wp-json\/wp\/v2\/media?parent=13088"}],"wp:term":[{"taxonomy":"product_brand","embeddable":true,"href":"https:\/\/elkaminante.com.uy\/en\/wp-json\/wp\/v2\/product_brand?post=13088"},{"taxonomy":"product_cat","embeddable":true,"href":"https:\/\/elkaminante.com.uy\/en\/wp-json\/wp\/v2\/product_cat?post=13088"},{"taxonomy":"product_tag","embeddable":true,"href":"https:\/\/elkaminante.com.uy\/en\/wp-json\/wp\/v2\/product_tag?post=13088"}],"curies":[{"name":"wp","href":"https:\/\/api.w.org\/{rel}","templated":true}]}}