{"id":13076,"date":"2026-04-26T16:59:37","date_gmt":"2026-04-26T19:59:37","guid":{"rendered":"https:\/\/elkaminante.com.uy\/paquetes\/crucero-costa-diadema-2\/"},"modified":"2026-04-26T16:59:37","modified_gmt":"2026-04-26T19:59:37","slug":"crucero-costa-diadema-2","status":"publish","type":"product","link":"https:\/\/elkaminante.com.uy\/en\/paquetes\/crucero-costa-diadema-2\/","title":{"rendered":"Crucero Costa Diadema"},"content":{"rendered":"","protected":false},"excerpt":{"rendered":"<p><b>\u00a1Bienvenidos a bordo!<\/b> Los cruceros son una verdadera <i>ciudad flotante<\/i>. Repletos de entretenimiento y variedad, en ellos se pueden encontrar muchas alternativas de restaurantes, bares, auditorios y teatros donde se pueden ver incre\u00edbles shows al estilo de Broadway, varias piscinas y, lo m\u00e1s entretenido para grandes y chicos, salas de juegos, deportes, karting, cines, etc., los cuales pueden ser visitados por todos los pasajeros sin costo alguno. Si su sue\u00f1o es pasar unas vacaciones de lujo navegando por los distintos mares del mundo y descubriendo los puertos m\u00e1s famosos del viejo o nuevo continente, tenemos la respuesta para usted: no se pierda la experiencia de viajar en un <b>Crucero<\/b>.<\/p>\n<p><b>Cambori\u00fa<\/b> es una enorme bah\u00eda con una vida nocturna que llama a miles de turistas al a\u00f1o, con clubes nocturnos, fiestas en la playa, bares, restaurantes y todo lo que una ciudad puede ofrecerte. Tiene un gran y atractivo parque, El Unipraias, que es el preferido de muchos al visitar este destino.<i>Principales atractivos tur\u00edsticos:<\/i> la Isla das Cabras, el Parque Balneario Santur, la iglesia Matriz Santa In\u00e9s y la iglesia Santo Amaro, entre otros.<\/p>\n","protected":false},"featured_media":13074,"template":"","meta":{"_acf_changed":false,"inline_featured_image":false},"product_brand":[],"product_cat":[28,1579],"product_tag":[405,899,288,3326,298,592,2103,591,87,4665,2551,2549,65,292,2550,61,2523,2524,2065,293],"class_list":{"0":"post-13076","1":"product","2":"type-product","3":"status-publish","4":"has-post-thumbnail","6":"product_cat-paquetes","7":"product_cat-uruguay","8":"product_tag-buenos-aires","9":"product_tag-camboriu","10":"product_tag-crucero","11":"product_tag-crucero-costa-diadema","12":"product_tag-crucero-en-crucero","13":"product_tag-crucero-en-febrero","14":"product_tag-en-crucero","15":"product_tag-en-febrero","16":"product_tag-febrero","17":"product_tag-febrero-2027","18":"product_tag-itajai","19":"product_tag-montevideo","20":"product_tag-no-aplica","21":"product_tag-paquetes-a-crucero","22":"product_tag-santos","23":"product_tag-sin-destino","24":"product_tag-vacaciones-de-verano","25":"product_tag-vacaciones-verano","26":"product_tag-verano","27":"product_tag-viajes-a-crucero","28":"entry","29":"has-media","31":"first","32":"instock","33":"shipping-taxable","34":"purchasable","35":"product-type-simple"},"acf":[],"yoast_head":"<!-- This site is optimized with the Yoast SEO plugin v27.2 - https:\/\/yoast.com\/product\/yoast-seo-wordpress\/ -->\n<title>Crucero Costa Diadema - El Kaminante<\/title>\n<meta name=\"robots\" content=\"index, follow, max-snippet:-1, max-image-preview:large, max-video-preview:-1\" \/>\n<link rel=\"canonical\" href=\"https:\/\/elkaminante.com.uy\/paquetes\/crucero-costa-diadema-2\/\" \/>\n<meta property=\"og:locale\" content=\"en_US\" \/>\n<meta property=\"og:type\" content=\"article\" \/>\n<meta property=\"og:title\" content=\"Crucero Costa Diadema - El Kaminante\" \/>\n<meta property=\"og:description\" content=\"\u00a1Bienvenidos a bordo! Los cruceros son una verdadera ciudad flotante. Repletos de entretenimiento y variedad, en ellos se pueden encontrar muchas alternativas de restaurantes, bares, auditorios y teatros donde se pueden ver incre\u00edbles shows al estilo de Broadway, varias piscinas y, lo m\u00e1s entretenido para grandes y chicos, salas de juegos, deportes, karting, cines, etc., los cuales pueden ser visitados por todos los pasajeros sin costo alguno. Si su sue\u00f1o es pasar unas vacaciones de lujo navegando por los distintos mares del mundo y descubriendo los puertos m\u00e1s famosos del viejo o nuevo continente, tenemos la respuesta para usted: no se pierda la experiencia de viajar en un Crucero.Cambori\u00fa es una enorme bah\u00eda con una vida nocturna que llama a miles de turistas al a\u00f1o, con clubes nocturnos, fiestas en la playa, bares, restaurantes y todo lo que una ciudad puede ofrecerte. Tiene un gran y atractivo parque, El Unipraias, que es el preferido de muchos al visitar este destino.Principales atractivos tur\u00edsticos: la Isla das Cabras, el Parque Balneario Santur, la iglesia Matriz Santa In\u00e9s y la iglesia Santo Amaro, entre otros.\" \/>\n<meta property=\"og:url\" content=\"https:\/\/elkaminante.com.uy\/paquetes\/crucero-costa-diadema-2\/\" \/>\n<meta property=\"og:site_name\" content=\"El Kaminante\" \/>\n<meta name=\"twitter:card\" content=\"summary_large_image\" \/>\n<script type=\"application\/ld+json\" class=\"yoast-schema-graph\">{\"@context\":\"https:\/\/schema.org\",\"@graph\":[{\"@type\":\"WebPage\",\"@id\":\"https:\/\/elkaminante.com.uy\/paquetes\/crucero-costa-diadema-2\/\",\"url\":\"https:\/\/elkaminante.com.uy\/paquetes\/crucero-costa-diadema-2\/\",\"name\":\"Crucero Costa Diadema - El Kaminante\",\"isPartOf\":{\"@id\":\"https:\/\/elkaminante.com.uy\/#website\"},\"primaryImageOfPage\":{\"@id\":\"https:\/\/elkaminante.com.uy\/paquetes\/crucero-costa-diadema-2\/#primaryimage\"},\"image\":{\"@id\":\"https:\/\/elkaminante.com.uy\/paquetes\/crucero-costa-diadema-2\/#primaryimage\"},\"thumbnailUrl\":\"https:\/\/elkaminante.com.uy\/wp-content\/uploads\/2026\/04\/PAQ713.webp\",\"datePublished\":\"2026-04-26T19:59:37+00:00\",\"breadcrumb\":{\"@id\":\"https:\/\/elkaminante.com.uy\/paquetes\/crucero-costa-diadema-2\/#breadcrumb\"},\"inLanguage\":\"en-US\",\"potentialAction\":[{\"@type\":\"ReadAction\",\"target\":[\"https:\/\/elkaminante.com.uy\/paquetes\/crucero-costa-diadema-2\/\"]}]},{\"@type\":\"ImageObject\",\"inLanguage\":\"en-US\",\"@id\":\"https:\/\/elkaminante.com.uy\/paquetes\/crucero-costa-diadema-2\/#primaryimage\",\"url\":\"https:\/\/elkaminante.com.uy\/wp-content\/uploads\/2026\/04\/PAQ713.webp\",\"contentUrl\":\"https:\/\/elkaminante.com.uy\/wp-content\/uploads\/2026\/04\/PAQ713.webp\",\"width\":800,\"height\":457},{\"@type\":\"BreadcrumbList\",\"@id\":\"https:\/\/elkaminante.com.uy\/paquetes\/crucero-costa-diadema-2\/#breadcrumb\",\"itemListElement\":[{\"@type\":\"ListItem\",\"position\":1,\"name\":\"Inicio\",\"item\":\"https:\/\/elkaminante.com.uy\/en\/\"},{\"@type\":\"ListItem\",\"position\":2,\"name\":\"Viajes por el mundo\",\"item\":\"https:\/\/elkaminante.com.uy\/en\/paquetes\/\"},{\"@type\":\"ListItem\",\"position\":3,\"name\":\"Crucero Costa Diadema\"}]},{\"@type\":\"WebSite\",\"@id\":\"https:\/\/elkaminante.com.uy\/#website\",\"url\":\"https:\/\/elkaminante.com.uy\/\",\"name\":\"El Kaminante\",\"description\":\"Viajes &amp; Turismo\",\"publisher\":{\"@id\":\"https:\/\/elkaminante.com.uy\/#organization\"},\"potentialAction\":[{\"@type\":\"SearchAction\",\"target\":{\"@type\":\"EntryPoint\",\"urlTemplate\":\"https:\/\/elkaminante.com.uy\/?s={search_term_string}\"},\"query-input\":{\"@type\":\"PropertyValueSpecification\",\"valueRequired\":true,\"valueName\":\"search_term_string\"}}],\"inLanguage\":\"en-US\"},{\"@type\":\"Organization\",\"@id\":\"https:\/\/elkaminante.com.uy\/#organization\",\"name\":\"El Kaminante\",\"url\":\"https:\/\/elkaminante.com.uy\/\",\"logo\":{\"@type\":\"ImageObject\",\"inLanguage\":\"en-US\",\"@id\":\"https:\/\/elkaminante.com.uy\/#\/schema\/logo\/image\/\",\"url\":\"https:\/\/elkaminante.com.uy\/wp-content\/uploads\/2025\/02\/logo-elkaminante-blanco.svg\",\"contentUrl\":\"https:\/\/elkaminante.com.uy\/wp-content\/uploads\/2025\/02\/logo-elkaminante-blanco.svg\",\"caption\":\"El Kaminante\"},\"image\":{\"@id\":\"https:\/\/elkaminante.com.uy\/#\/schema\/logo\/image\/\"}}]}<\/script>\n<!-- \/ Yoast SEO plugin. -->","yoast_head_json":{"title":"Crucero Costa Diadema - El Kaminante","robots":{"index":"index","follow":"follow","max-snippet":"max-snippet:-1","max-image-preview":"max-image-preview:large","max-video-preview":"max-video-preview:-1"},"canonical":"https:\/\/elkaminante.com.uy\/paquetes\/crucero-costa-diadema-2\/","og_locale":"en_US","og_type":"article","og_title":"Crucero Costa Diadema - El Kaminante","og_description":"\u00a1Bienvenidos a bordo! Los cruceros son una verdadera ciudad flotante. Repletos de entretenimiento y variedad, en ellos se pueden encontrar muchas alternativas de restaurantes, bares, auditorios y teatros donde se pueden ver incre\u00edbles shows al estilo de Broadway, varias piscinas y, lo m\u00e1s entretenido para grandes y chicos, salas de juegos, deportes, karting, cines, etc., los cuales pueden ser visitados por todos los pasajeros sin costo alguno. Si su sue\u00f1o es pasar unas vacaciones de lujo navegando por los distintos mares del mundo y descubriendo los puertos m\u00e1s famosos del viejo o nuevo continente, tenemos la respuesta para usted: no se pierda la experiencia de viajar en un Crucero.Cambori\u00fa es una enorme bah\u00eda con una vida nocturna que llama a miles de turistas al a\u00f1o, con clubes nocturnos, fiestas en la playa, bares, restaurantes y todo lo que una ciudad puede ofrecerte. Tiene un gran y atractivo parque, El Unipraias, que es el preferido de muchos al visitar este destino.Principales atractivos tur\u00edsticos: la Isla das Cabras, el Parque Balneario Santur, la iglesia Matriz Santa In\u00e9s y la iglesia Santo Amaro, entre otros.","og_url":"https:\/\/elkaminante.com.uy\/paquetes\/crucero-costa-diadema-2\/","og_site_name":"El Kaminante","twitter_card":"summary_large_image","schema":{"@context":"https:\/\/schema.org","@graph":[{"@type":"WebPage","@id":"https:\/\/elkaminante.com.uy\/paquetes\/crucero-costa-diadema-2\/","url":"https:\/\/elkaminante.com.uy\/paquetes\/crucero-costa-diadema-2\/","name":"Crucero Costa Diadema - El Kaminante","isPartOf":{"@id":"https:\/\/elkaminante.com.uy\/#website"},"primaryImageOfPage":{"@id":"https:\/\/elkaminante.com.uy\/paquetes\/crucero-costa-diadema-2\/#primaryimage"},"image":{"@id":"https:\/\/elkaminante.com.uy\/paquetes\/crucero-costa-diadema-2\/#primaryimage"},"thumbnailUrl":"https:\/\/elkaminante.com.uy\/wp-content\/uploads\/2026\/04\/PAQ713.webp","datePublished":"2026-04-26T19:59:37+00:00","breadcrumb":{"@id":"https:\/\/elkaminante.com.uy\/paquetes\/crucero-costa-diadema-2\/#breadcrumb"},"inLanguage":"en-US","potentialAction":[{"@type":"ReadAction","target":["https:\/\/elkaminante.com.uy\/paquetes\/crucero-costa-diadema-2\/"]}]},{"@type":"ImageObject","inLanguage":"en-US","@id":"https:\/\/elkaminante.com.uy\/paquetes\/crucero-costa-diadema-2\/#primaryimage","url":"https:\/\/elkaminante.com.uy\/wp-content\/uploads\/2026\/04\/PAQ713.webp","contentUrl":"https:\/\/elkaminante.com.uy\/wp-content\/uploads\/2026\/04\/PAQ713.webp","width":800,"height":457},{"@type":"BreadcrumbList","@id":"https:\/\/elkaminante.com.uy\/paquetes\/crucero-costa-diadema-2\/#breadcrumb","itemListElement":[{"@type":"ListItem","position":1,"name":"Inicio","item":"https:\/\/elkaminante.com.uy\/en\/"},{"@type":"ListItem","position":2,"name":"Viajes por el mundo","item":"https:\/\/elkaminante.com.uy\/en\/paquetes\/"},{"@type":"ListItem","position":3,"name":"Crucero Costa Diadema"}]},{"@type":"WebSite","@id":"https:\/\/elkaminante.com.uy\/#website","url":"https:\/\/elkaminante.com.uy\/","name":"El Kaminante","description":"Viajes &amp; Turismo","publisher":{"@id":"https:\/\/elkaminante.com.uy\/#organization"},"potentialAction":[{"@type":"SearchAction","target":{"@type":"EntryPoint","urlTemplate":"https:\/\/elkaminante.com.uy\/?s={search_term_string}"},"query-input":{"@type":"PropertyValueSpecification","valueRequired":true,"valueName":"search_term_string"}}],"inLanguage":"en-US"},{"@type":"Organization","@id":"https:\/\/elkaminante.com.uy\/#organization","name":"El Kaminante","url":"https:\/\/elkaminante.com.uy\/","logo":{"@type":"ImageObject","inLanguage":"en-US","@id":"https:\/\/elkaminante.com.uy\/#\/schema\/logo\/image\/","url":"https:\/\/elkaminante.com.uy\/wp-content\/uploads\/2025\/02\/logo-elkaminante-blanco.svg","contentUrl":"https:\/\/elkaminante.com.uy\/wp-content\/uploads\/2025\/02\/logo-elkaminante-blanco.svg","caption":"El Kaminante"},"image":{"@id":"https:\/\/elkaminante.com.uy\/#\/schema\/logo\/image\/"}}]}},"_links":{"self":[{"href":"https:\/\/elkaminante.com.uy\/en\/wp-json\/wp\/v2\/product\/13076","targetHints":{"allow":["GET"]}}],"collection":[{"href":"https:\/\/elkaminante.com.uy\/en\/wp-json\/wp\/v2\/product"}],"about":[{"href":"https:\/\/elkaminante.com.uy\/en\/wp-json\/wp\/v2\/types\/product"}],"wp:featuredmedia":[{"embeddable":true,"href":"https:\/\/elkaminante.com.uy\/en\/wp-json\/wp\/v2\/media\/13074"}],"wp:attachment":[{"href":"https:\/\/elkaminante.com.uy\/en\/wp-json\/wp\/v2\/media?parent=13076"}],"wp:term":[{"taxonomy":"product_brand","embeddable":true,"href":"https:\/\/elkaminante.com.uy\/en\/wp-json\/wp\/v2\/product_brand?post=13076"},{"taxonomy":"product_cat","embeddable":true,"href":"https:\/\/elkaminante.com.uy\/en\/wp-json\/wp\/v2\/product_cat?post=13076"},{"taxonomy":"product_tag","embeddable":true,"href":"https:\/\/elkaminante.com.uy\/en\/wp-json\/wp\/v2\/product_tag?post=13076"}],"curies":[{"name":"wp","href":"https:\/\/api.w.org\/{rel}","templated":true}]}}