{"id":13070,"date":"2026-04-26T16:59:34","date_gmt":"2026-04-26T19:59:34","guid":{"rendered":"https:\/\/elkaminante.com.uy\/paquetes\/los-angeles-y-las-vegas\/"},"modified":"2026-04-26T16:59:34","modified_gmt":"2026-04-26T19:59:34","slug":"los-angeles-y-las-vegas","status":"publish","type":"product","link":"https:\/\/elkaminante.com.uy\/en\/paquetes\/los-angeles-y-las-vegas\/","title":{"rendered":"Los \u00c1ngeles y Las Vegas"},"content":{"rendered":"","protected":false},"excerpt":{"rendered":"<p>Sin duda, una de las ciudades m\u00e1s reconocidas en Estados Unidos es <b>Los \u00c1ngeles<\/b>, que alberga en su territorio a gran parte de la poblaci\u00f3n de este gran pa\u00eds, adem\u00e1s de encontrarse en ella la afamada y sumamente importante meca del cine, <i>Hollywood<\/i>. Los \u00c1ngeles es una ciudad en constante actividad econ\u00f3mica y cultural, ha sido tanto escenario como protagonista de gran cantidad de pel\u00edculas a lo largo de la historia del cine; adem\u00e1s se puede encontrar museos y galer\u00edas de arte, tambi\u00e9n locales como el Centro Musical del Condado de Los \u00c1ngeles, y el Teatro Kodak donde \u00faltimamente se viene realizando la entrega de los Premios \u00d3scar. <i>Principales atractivos tur\u00edsticos:<\/i>Universal Studios Hollywood, el Paseo de la Fama de Hollywood, el \u200b\u200bCentro de M\u00fasica de Los \u00c1ngeles, la Mansi\u00f3n Playboy, la Catedral de Nuestra Se\u00f1ora de Los \u00c1ngeles, el Getty Center, el cartel de Hollywood y el Parque Griffith, entre otros.<\/p>\n<p>La ciudad de <b>Las Vegas<\/b> situada en el gran desierto Mojave del Estado de Nevada en Estados Unidos es uno de los grandes destinos tur\u00edsticos de norteam\u00e9rica. Las Vegas conocida como la ciudad del pecado por la gran cantidad de casinos colinda con Arizona y California. Es una ciudad con los mejores casinos del mundo, ideal para pasar las vacaciones, hacer compras, disfrutar de la vida nocturna y degustar la buena comida.<\/p>\n","protected":false},"featured_media":13068,"template":"","meta":{"_acf_changed":false,"inline_featured_image":false},"product_brand":[],"product_cat":[28,1579],"product_tag":[70,68,2093,2382,2050,67,1404,1413,2692,1059,835,4664,65,71,122,121,3923,393,73,246,1060,839,120,61,3282,69,75,247,1061,840,119],"class_list":{"0":"post-13070","1":"product","2":"type-product","3":"status-publish","4":"has-post-thumbnail","6":"product_cat-paquetes","7":"product_cat-uruguay","8":"product_tag-america-del-norte","9":"product_tag-eeuu","10":"product_tag-en-estados-unidos","11":"product_tag-en-los-angeles","12":"product_tag-en-octubre","13":"product_tag-estados-unidos","14":"product_tag-estados-unidos-en-los-angeles","15":"product_tag-estados-unidos-en-octubre","16":"product_tag-flagstaff","17":"product_tag-las-vegas","18":"product_tag-los-angeles","19":"product_tag-los-angeles-y-las-vegas","20":"product_tag-no-aplica","21":"product_tag-norte-america","22":"product_tag-noviembre","23":"product_tag-octubre","24":"product_tag-octubre-noviembre-2026","25":"product_tag-otros-destinos","26":"product_tag-paquetes-a-america-del-norte","27":"product_tag-paquetes-a-estados-unidos","28":"product_tag-paquetes-a-las-vegas","29":"product_tag-paquetes-a-los-angeles","30":"product_tag-sin-comidas","31":"product_tag-sin-destino","32":"product_tag-temporada-baja","33":"product_tag-usa","34":"product_tag-viajes-a-america-del-norte","35":"product_tag-viajes-a-estados-unidos","36":"product_tag-viajes-a-las-vegas","37":"product_tag-viajes-a-los-angeles","38":"product_tag-vuelo-y-hotel","39":"entry","40":"has-media","42":"first","43":"instock","44":"shipping-taxable","45":"purchasable","46":"product-type-simple"},"acf":[],"yoast_head":"<!-- This site is optimized with the Yoast SEO plugin v27.2 - https:\/\/yoast.com\/product\/yoast-seo-wordpress\/ -->\n<title>Los \u00c1ngeles y Las Vegas - El Kaminante<\/title>\n<meta name=\"robots\" content=\"index, follow, max-snippet:-1, max-image-preview:large, max-video-preview:-1\" \/>\n<link rel=\"canonical\" href=\"https:\/\/elkaminante.com.uy\/paquetes\/los-angeles-y-las-vegas\/\" \/>\n<meta property=\"og:locale\" content=\"en_US\" \/>\n<meta property=\"og:type\" content=\"article\" \/>\n<meta property=\"og:title\" content=\"Los \u00c1ngeles y Las Vegas - El Kaminante\" \/>\n<meta property=\"og:description\" content=\"Sin duda, una de las ciudades m\u00e1s reconocidas en Estados Unidos es Los \u00c1ngeles, que alberga en su territorio a gran parte de la poblaci\u00f3n de este gran pa\u00eds, adem\u00e1s de encontrarse en ella la afamada y sumamente importante meca del cine, Hollywood. Los \u00c1ngeles es una ciudad en constante actividad econ\u00f3mica y cultural, ha sido tanto escenario como protagonista de gran cantidad de pel\u00edculas a lo largo de la historia del cine; adem\u00e1s se puede encontrar museos y galer\u00edas de arte, tambi\u00e9n locales como el Centro Musical del Condado de Los \u00c1ngeles, y el Teatro Kodak donde \u00faltimamente se viene realizando la entrega de los Premios \u00d3scar. Principales atractivos tur\u00edsticos:Universal Studios Hollywood, el Paseo de la Fama de Hollywood, el \u200b\u200bCentro de M\u00fasica de Los \u00c1ngeles, la Mansi\u00f3n Playboy, la Catedral de Nuestra Se\u00f1ora de Los \u00c1ngeles, el Getty Center, el cartel de Hollywood y el Parque Griffith, entre otros.La ciudad de Las Vegas situada en el gran desierto Mojave del Estado de Nevada en Estados Unidos es uno de los grandes destinos tur\u00edsticos de norteam\u00e9rica. Las Vegas conocida como la ciudad del pecado por la gran cantidad de casinos colinda con Arizona y California. Es una ciudad con los mejores casinos del mundo, ideal para pasar las vacaciones, hacer compras, disfrutar de la vida nocturna y degustar la buena comida.\" \/>\n<meta property=\"og:url\" content=\"https:\/\/elkaminante.com.uy\/paquetes\/los-angeles-y-las-vegas\/\" \/>\n<meta property=\"og:site_name\" content=\"El Kaminante\" \/>\n<meta name=\"twitter:card\" content=\"summary_large_image\" \/>\n<script type=\"application\/ld+json\" class=\"yoast-schema-graph\">{\"@context\":\"https:\/\/schema.org\",\"@graph\":[{\"@type\":\"WebPage\",\"@id\":\"https:\/\/elkaminante.com.uy\/paquetes\/los-angeles-y-las-vegas\/\",\"url\":\"https:\/\/elkaminante.com.uy\/paquetes\/los-angeles-y-las-vegas\/\",\"name\":\"Los \u00c1ngeles y Las Vegas - El Kaminante\",\"isPartOf\":{\"@id\":\"https:\/\/elkaminante.com.uy\/#website\"},\"primaryImageOfPage\":{\"@id\":\"https:\/\/elkaminante.com.uy\/paquetes\/los-angeles-y-las-vegas\/#primaryimage\"},\"image\":{\"@id\":\"https:\/\/elkaminante.com.uy\/paquetes\/los-angeles-y-las-vegas\/#primaryimage\"},\"thumbnailUrl\":\"https:\/\/elkaminante.com.uy\/wp-content\/uploads\/2026\/04\/PAQ711.webp\",\"datePublished\":\"2026-04-26T19:59:34+00:00\",\"breadcrumb\":{\"@id\":\"https:\/\/elkaminante.com.uy\/paquetes\/los-angeles-y-las-vegas\/#breadcrumb\"},\"inLanguage\":\"en-US\",\"potentialAction\":[{\"@type\":\"ReadAction\",\"target\":[\"https:\/\/elkaminante.com.uy\/paquetes\/los-angeles-y-las-vegas\/\"]}]},{\"@type\":\"ImageObject\",\"inLanguage\":\"en-US\",\"@id\":\"https:\/\/elkaminante.com.uy\/paquetes\/los-angeles-y-las-vegas\/#primaryimage\",\"url\":\"https:\/\/elkaminante.com.uy\/wp-content\/uploads\/2026\/04\/PAQ711.webp\",\"contentUrl\":\"https:\/\/elkaminante.com.uy\/wp-content\/uploads\/2026\/04\/PAQ711.webp\",\"width\":800,\"height\":457},{\"@type\":\"BreadcrumbList\",\"@id\":\"https:\/\/elkaminante.com.uy\/paquetes\/los-angeles-y-las-vegas\/#breadcrumb\",\"itemListElement\":[{\"@type\":\"ListItem\",\"position\":1,\"name\":\"Inicio\",\"item\":\"https:\/\/elkaminante.com.uy\/en\/\"},{\"@type\":\"ListItem\",\"position\":2,\"name\":\"Viajes por el mundo\",\"item\":\"https:\/\/elkaminante.com.uy\/en\/paquetes\/\"},{\"@type\":\"ListItem\",\"position\":3,\"name\":\"Los \u00c1ngeles y Las Vegas\"}]},{\"@type\":\"WebSite\",\"@id\":\"https:\/\/elkaminante.com.uy\/#website\",\"url\":\"https:\/\/elkaminante.com.uy\/\",\"name\":\"El Kaminante\",\"description\":\"Viajes &amp; Turismo\",\"publisher\":{\"@id\":\"https:\/\/elkaminante.com.uy\/#organization\"},\"potentialAction\":[{\"@type\":\"SearchAction\",\"target\":{\"@type\":\"EntryPoint\",\"urlTemplate\":\"https:\/\/elkaminante.com.uy\/?s={search_term_string}\"},\"query-input\":{\"@type\":\"PropertyValueSpecification\",\"valueRequired\":true,\"valueName\":\"search_term_string\"}}],\"inLanguage\":\"en-US\"},{\"@type\":\"Organization\",\"@id\":\"https:\/\/elkaminante.com.uy\/#organization\",\"name\":\"El Kaminante\",\"url\":\"https:\/\/elkaminante.com.uy\/\",\"logo\":{\"@type\":\"ImageObject\",\"inLanguage\":\"en-US\",\"@id\":\"https:\/\/elkaminante.com.uy\/#\/schema\/logo\/image\/\",\"url\":\"https:\/\/elkaminante.com.uy\/wp-content\/uploads\/2025\/02\/logo-elkaminante-blanco.svg\",\"contentUrl\":\"https:\/\/elkaminante.com.uy\/wp-content\/uploads\/2025\/02\/logo-elkaminante-blanco.svg\",\"caption\":\"El Kaminante\"},\"image\":{\"@id\":\"https:\/\/elkaminante.com.uy\/#\/schema\/logo\/image\/\"}}]}<\/script>\n<!-- \/ Yoast SEO plugin. -->","yoast_head_json":{"title":"Los \u00c1ngeles y Las Vegas - El Kaminante","robots":{"index":"index","follow":"follow","max-snippet":"max-snippet:-1","max-image-preview":"max-image-preview:large","max-video-preview":"max-video-preview:-1"},"canonical":"https:\/\/elkaminante.com.uy\/paquetes\/los-angeles-y-las-vegas\/","og_locale":"en_US","og_type":"article","og_title":"Los \u00c1ngeles y Las Vegas - El Kaminante","og_description":"Sin duda, una de las ciudades m\u00e1s reconocidas en Estados Unidos es Los \u00c1ngeles, que alberga en su territorio a gran parte de la poblaci\u00f3n de este gran pa\u00eds, adem\u00e1s de encontrarse en ella la afamada y sumamente importante meca del cine, Hollywood. Los \u00c1ngeles es una ciudad en constante actividad econ\u00f3mica y cultural, ha sido tanto escenario como protagonista de gran cantidad de pel\u00edculas a lo largo de la historia del cine; adem\u00e1s se puede encontrar museos y galer\u00edas de arte, tambi\u00e9n locales como el Centro Musical del Condado de Los \u00c1ngeles, y el Teatro Kodak donde \u00faltimamente se viene realizando la entrega de los Premios \u00d3scar. Principales atractivos tur\u00edsticos:Universal Studios Hollywood, el Paseo de la Fama de Hollywood, el \u200b\u200bCentro de M\u00fasica de Los \u00c1ngeles, la Mansi\u00f3n Playboy, la Catedral de Nuestra Se\u00f1ora de Los \u00c1ngeles, el Getty Center, el cartel de Hollywood y el Parque Griffith, entre otros.La ciudad de Las Vegas situada en el gran desierto Mojave del Estado de Nevada en Estados Unidos es uno de los grandes destinos tur\u00edsticos de norteam\u00e9rica. Las Vegas conocida como la ciudad del pecado por la gran cantidad de casinos colinda con Arizona y California. Es una ciudad con los mejores casinos del mundo, ideal para pasar las vacaciones, hacer compras, disfrutar de la vida nocturna y degustar la buena comida.","og_url":"https:\/\/elkaminante.com.uy\/paquetes\/los-angeles-y-las-vegas\/","og_site_name":"El Kaminante","twitter_card":"summary_large_image","schema":{"@context":"https:\/\/schema.org","@graph":[{"@type":"WebPage","@id":"https:\/\/elkaminante.com.uy\/paquetes\/los-angeles-y-las-vegas\/","url":"https:\/\/elkaminante.com.uy\/paquetes\/los-angeles-y-las-vegas\/","name":"Los \u00c1ngeles y Las Vegas - El Kaminante","isPartOf":{"@id":"https:\/\/elkaminante.com.uy\/#website"},"primaryImageOfPage":{"@id":"https:\/\/elkaminante.com.uy\/paquetes\/los-angeles-y-las-vegas\/#primaryimage"},"image":{"@id":"https:\/\/elkaminante.com.uy\/paquetes\/los-angeles-y-las-vegas\/#primaryimage"},"thumbnailUrl":"https:\/\/elkaminante.com.uy\/wp-content\/uploads\/2026\/04\/PAQ711.webp","datePublished":"2026-04-26T19:59:34+00:00","breadcrumb":{"@id":"https:\/\/elkaminante.com.uy\/paquetes\/los-angeles-y-las-vegas\/#breadcrumb"},"inLanguage":"en-US","potentialAction":[{"@type":"ReadAction","target":["https:\/\/elkaminante.com.uy\/paquetes\/los-angeles-y-las-vegas\/"]}]},{"@type":"ImageObject","inLanguage":"en-US","@id":"https:\/\/elkaminante.com.uy\/paquetes\/los-angeles-y-las-vegas\/#primaryimage","url":"https:\/\/elkaminante.com.uy\/wp-content\/uploads\/2026\/04\/PAQ711.webp","contentUrl":"https:\/\/elkaminante.com.uy\/wp-content\/uploads\/2026\/04\/PAQ711.webp","width":800,"height":457},{"@type":"BreadcrumbList","@id":"https:\/\/elkaminante.com.uy\/paquetes\/los-angeles-y-las-vegas\/#breadcrumb","itemListElement":[{"@type":"ListItem","position":1,"name":"Inicio","item":"https:\/\/elkaminante.com.uy\/en\/"},{"@type":"ListItem","position":2,"name":"Viajes por el mundo","item":"https:\/\/elkaminante.com.uy\/en\/paquetes\/"},{"@type":"ListItem","position":3,"name":"Los \u00c1ngeles y Las Vegas"}]},{"@type":"WebSite","@id":"https:\/\/elkaminante.com.uy\/#website","url":"https:\/\/elkaminante.com.uy\/","name":"El Kaminante","description":"Viajes &amp; Turismo","publisher":{"@id":"https:\/\/elkaminante.com.uy\/#organization"},"potentialAction":[{"@type":"SearchAction","target":{"@type":"EntryPoint","urlTemplate":"https:\/\/elkaminante.com.uy\/?s={search_term_string}"},"query-input":{"@type":"PropertyValueSpecification","valueRequired":true,"valueName":"search_term_string"}}],"inLanguage":"en-US"},{"@type":"Organization","@id":"https:\/\/elkaminante.com.uy\/#organization","name":"El Kaminante","url":"https:\/\/elkaminante.com.uy\/","logo":{"@type":"ImageObject","inLanguage":"en-US","@id":"https:\/\/elkaminante.com.uy\/#\/schema\/logo\/image\/","url":"https:\/\/elkaminante.com.uy\/wp-content\/uploads\/2025\/02\/logo-elkaminante-blanco.svg","contentUrl":"https:\/\/elkaminante.com.uy\/wp-content\/uploads\/2025\/02\/logo-elkaminante-blanco.svg","caption":"El Kaminante"},"image":{"@id":"https:\/\/elkaminante.com.uy\/#\/schema\/logo\/image\/"}}]}},"_links":{"self":[{"href":"https:\/\/elkaminante.com.uy\/en\/wp-json\/wp\/v2\/product\/13070","targetHints":{"allow":["GET"]}}],"collection":[{"href":"https:\/\/elkaminante.com.uy\/en\/wp-json\/wp\/v2\/product"}],"about":[{"href":"https:\/\/elkaminante.com.uy\/en\/wp-json\/wp\/v2\/types\/product"}],"wp:featuredmedia":[{"embeddable":true,"href":"https:\/\/elkaminante.com.uy\/en\/wp-json\/wp\/v2\/media\/13068"}],"wp:attachment":[{"href":"https:\/\/elkaminante.com.uy\/en\/wp-json\/wp\/v2\/media?parent=13070"}],"wp:term":[{"taxonomy":"product_brand","embeddable":true,"href":"https:\/\/elkaminante.com.uy\/en\/wp-json\/wp\/v2\/product_brand?post=13070"},{"taxonomy":"product_cat","embeddable":true,"href":"https:\/\/elkaminante.com.uy\/en\/wp-json\/wp\/v2\/product_cat?post=13070"},{"taxonomy":"product_tag","embeddable":true,"href":"https:\/\/elkaminante.com.uy\/en\/wp-json\/wp\/v2\/product_tag?post=13070"}],"curies":[{"name":"wp","href":"https:\/\/api.w.org\/{rel}","templated":true}]}}