{"id":13044,"date":"2026-04-03T16:28:10","date_gmt":"2026-04-03T19:28:10","guid":{"rendered":"https:\/\/elkaminante.com.uy\/paquetes\/alemania-selva-negra-y-suiza\/"},"modified":"2026-04-17T09:39:56","modified_gmt":"2026-04-17T12:39:56","slug":"alemania-selva-negra-y-suiza","status":"publish","type":"product","link":"https:\/\/elkaminante.com.uy\/en\/paquetes\/alemania-selva-negra-y-suiza\/","title":{"rendered":"Alemania Selva Negra y Suiza"},"content":{"rendered":"","protected":false},"excerpt":{"rendered":"<p>Los viajes a <b>Alemania<\/b> son un recorrido a una tierra de contrastes. Ciudades medievales, culturales y algunas de las m\u00e1s cosmopolitas de Europa se suman a espectaculares paisajes de valles, altas monta\u00f1as y destinos ricos en historia. Berl\u00edn es su capital y hoy en d\u00eda es una de las ciudades m\u00e1s influyentes en el \u00e1mbito pol\u00edtico y cultural de la Uni\u00f3n Europea.<i>Principales atractivos tur\u00edsticos:<\/i> Munich, Nuremberg, Rothemburgo, Hamburgo, el castillo de Neuschwanstein, la Puerta de Brandemburgo, los palacios de Postdam y el r\u00edo Rhin entre otros.<\/p>\n<p><b>Suiza<\/b> es un pa\u00eds de contrastes majestuosos, donde Alpes, lagos y ciudades hist\u00f3ricas se combinan con precisi\u00f3n suiza. Sus paisajes de ensue\u00f1o y experiencias al aire libre destacan dos zonas representativas:<\/p>\n<p><u>Interlaken y la regi\u00f3n Jungfrau:<\/u> En el coraz\u00f3n de los Alpes berneses, con monta\u00f1as imponentes y lagos azules. Ideal para senderismo en verano, esqu\u00ed en invierno, paseos en barco y vuelos en parapente para vistas panor\u00e1micas. Aguas de los lagos fr\u00edas y limpias, perfectas para refrescarse tras una caminata y fotografiar paisajes memorables.<\/p>\n<p><u>Zermatt y el Matterhorn:<\/u> En un enclave alpino ic\u00f3nico, con calles peatonales y chalets. Perfecto para senderismo de alta monta\u00f1a, caminatas con glaciares y viajes en tren cremallera hacia vistas espectaculares. Aire puro y experiencias culturales que completan un viaje alpino refinado.<\/p>\n","protected":false},"featured_media":13042,"template":"","meta":{"_acf_changed":false,"inline_featured_image":false},"product_brand":[],"product_cat":[28,1579],"product_tag":[1006,1015,2032,4333,3080,1642,2280,2050,124,4331,4332,2683,65,121,3907,1009,126,1490,120,61,1489,3282,1010,128,1491,119,2682],"class_list":{"0":"post-13044","1":"product","2":"type-product","3":"status-publish","4":"has-post-thumbnail","6":"product_cat-paquetes","7":"product_cat-uruguay","8":"product_tag-alemania","9":"product_tag-alemania-en-alemania","10":"product_tag-alemania-en-octubre","11":"product_tag-alemania-selva-negra-y-suiza","12":"product_tag-colonia","13":"product_tag-cultural","14":"product_tag-en-alemania","15":"product_tag-en-octubre","16":"product_tag-europa","17":"product_tag-frankfurt-del-meno","18":"product_tag-frisburgo","19":"product_tag-lucerna","20":"product_tag-no-aplica","21":"product_tag-octubre","22":"product_tag-octubre-2026","23":"product_tag-paquetes-a-alemania","24":"product_tag-paquetes-a-europa","25":"product_tag-paquetes-a-suiza","26":"product_tag-sin-comidas","27":"product_tag-sin-destino","28":"product_tag-suiza","29":"product_tag-temporada-baja","30":"product_tag-viajes-a-alemania","31":"product_tag-viajes-a-europa","32":"product_tag-viajes-a-suiza","33":"product_tag-vuelo-y-hotel","34":"product_tag-zurich","35":"entry","36":"has-media","38":"first","39":"instock","40":"shipping-taxable","41":"purchasable","42":"product-type-simple"},"acf":[],"yoast_head":"<!-- This site is optimized with the Yoast SEO plugin v27.2 - https:\/\/yoast.com\/product\/yoast-seo-wordpress\/ -->\n<title>Alemania Selva Negra y Suiza - El Kaminante<\/title>\n<meta name=\"robots\" content=\"index, follow, max-snippet:-1, max-image-preview:large, max-video-preview:-1\" \/>\n<link rel=\"canonical\" href=\"https:\/\/elkaminante.com.uy\/paquetes\/alemania-selva-negra-y-suiza\/\" \/>\n<meta property=\"og:locale\" content=\"en_US\" \/>\n<meta property=\"og:type\" content=\"article\" \/>\n<meta property=\"og:title\" content=\"Alemania Selva Negra y Suiza - El Kaminante\" \/>\n<meta property=\"og:description\" content=\"Los viajes a Alemania son un recorrido a una tierra de contrastes. Ciudades medievales, culturales y algunas de las m\u00e1s cosmopolitas de Europa se suman a espectaculares paisajes de valles, altas monta\u00f1as y destinos ricos en historia. Berl\u00edn es su capital y hoy en d\u00eda es una de las ciudades m\u00e1s influyentes en el \u00e1mbito pol\u00edtico y cultural de la Uni\u00f3n Europea.Principales atractivos tur\u00edsticos: Munich, Nuremberg, Rothemburgo, Hamburgo, el castillo de Neuschwanstein, la Puerta de Brandemburgo, los palacios de Postdam y el r\u00edo Rhin entre otros.Suiza es un pa\u00eds de contrastes majestuosos, donde Alpes, lagos y ciudades hist\u00f3ricas se combinan con precisi\u00f3n suiza. Sus paisajes de ensue\u00f1o y experiencias al aire libre destacan dos zonas representativas:  Interlaken y la regi\u00f3n Jungfrau: En el coraz\u00f3n de los Alpes berneses, con monta\u00f1as imponentes y lagos azules. Ideal para senderismo en verano, esqu\u00ed en invierno, paseos en barco y vuelos en parapente para vistas panor\u00e1micas. Aguas de los lagos fr\u00edas y limpias, perfectas para refrescarse tras una caminata y fotografiar paisajes memorables.  Zermatt y el Matterhorn: En un enclave alpino ic\u00f3nico, con calles peatonales y chalets. Perfecto para senderismo de alta monta\u00f1a, caminatas con glaciares y viajes en tren cremallera hacia vistas espectaculares. Aire puro y experiencias culturales que completan un viaje alpino refinado.\" \/>\n<meta property=\"og:url\" content=\"https:\/\/elkaminante.com.uy\/paquetes\/alemania-selva-negra-y-suiza\/\" \/>\n<meta property=\"og:site_name\" content=\"El Kaminante\" \/>\n<meta property=\"article:modified_time\" content=\"2026-04-17T12:39:56+00:00\" \/>\n<meta name=\"twitter:card\" content=\"summary_large_image\" \/>\n<script type=\"application\/ld+json\" class=\"yoast-schema-graph\">{\"@context\":\"https:\/\/schema.org\",\"@graph\":[{\"@type\":\"WebPage\",\"@id\":\"https:\/\/elkaminante.com.uy\/paquetes\/alemania-selva-negra-y-suiza\/\",\"url\":\"https:\/\/elkaminante.com.uy\/paquetes\/alemania-selva-negra-y-suiza\/\",\"name\":\"Alemania Selva Negra y Suiza - El Kaminante\",\"isPartOf\":{\"@id\":\"https:\/\/elkaminante.com.uy\/#website\"},\"primaryImageOfPage\":{\"@id\":\"https:\/\/elkaminante.com.uy\/paquetes\/alemania-selva-negra-y-suiza\/#primaryimage\"},\"image\":{\"@id\":\"https:\/\/elkaminante.com.uy\/paquetes\/alemania-selva-negra-y-suiza\/#primaryimage\"},\"thumbnailUrl\":\"https:\/\/elkaminante.com.uy\/wp-content\/uploads\/2026\/04\/PAQ708.webp\",\"datePublished\":\"2026-04-03T19:28:10+00:00\",\"dateModified\":\"2026-04-17T12:39:56+00:00\",\"breadcrumb\":{\"@id\":\"https:\/\/elkaminante.com.uy\/paquetes\/alemania-selva-negra-y-suiza\/#breadcrumb\"},\"inLanguage\":\"en-US\",\"potentialAction\":[{\"@type\":\"ReadAction\",\"target\":[\"https:\/\/elkaminante.com.uy\/paquetes\/alemania-selva-negra-y-suiza\/\"]}]},{\"@type\":\"ImageObject\",\"inLanguage\":\"en-US\",\"@id\":\"https:\/\/elkaminante.com.uy\/paquetes\/alemania-selva-negra-y-suiza\/#primaryimage\",\"url\":\"https:\/\/elkaminante.com.uy\/wp-content\/uploads\/2026\/04\/PAQ708.webp\",\"contentUrl\":\"https:\/\/elkaminante.com.uy\/wp-content\/uploads\/2026\/04\/PAQ708.webp\",\"width\":800,\"height\":457},{\"@type\":\"BreadcrumbList\",\"@id\":\"https:\/\/elkaminante.com.uy\/paquetes\/alemania-selva-negra-y-suiza\/#breadcrumb\",\"itemListElement\":[{\"@type\":\"ListItem\",\"position\":1,\"name\":\"Inicio\",\"item\":\"https:\/\/elkaminante.com.uy\/en\/\"},{\"@type\":\"ListItem\",\"position\":2,\"name\":\"Viajes por el mundo\",\"item\":\"https:\/\/elkaminante.com.uy\/en\/paquetes\/\"},{\"@type\":\"ListItem\",\"position\":3,\"name\":\"Alemania Selva Negra y Suiza\"}]},{\"@type\":\"WebSite\",\"@id\":\"https:\/\/elkaminante.com.uy\/#website\",\"url\":\"https:\/\/elkaminante.com.uy\/\",\"name\":\"El Kaminante\",\"description\":\"Viajes &amp; Turismo\",\"publisher\":{\"@id\":\"https:\/\/elkaminante.com.uy\/#organization\"},\"potentialAction\":[{\"@type\":\"SearchAction\",\"target\":{\"@type\":\"EntryPoint\",\"urlTemplate\":\"https:\/\/elkaminante.com.uy\/?s={search_term_string}\"},\"query-input\":{\"@type\":\"PropertyValueSpecification\",\"valueRequired\":true,\"valueName\":\"search_term_string\"}}],\"inLanguage\":\"en-US\"},{\"@type\":\"Organization\",\"@id\":\"https:\/\/elkaminante.com.uy\/#organization\",\"name\":\"El Kaminante\",\"url\":\"https:\/\/elkaminante.com.uy\/\",\"logo\":{\"@type\":\"ImageObject\",\"inLanguage\":\"en-US\",\"@id\":\"https:\/\/elkaminante.com.uy\/#\/schema\/logo\/image\/\",\"url\":\"https:\/\/elkaminante.com.uy\/wp-content\/uploads\/2025\/02\/logo-elkaminante-blanco.svg\",\"contentUrl\":\"https:\/\/elkaminante.com.uy\/wp-content\/uploads\/2025\/02\/logo-elkaminante-blanco.svg\",\"caption\":\"El Kaminante\"},\"image\":{\"@id\":\"https:\/\/elkaminante.com.uy\/#\/schema\/logo\/image\/\"}}]}<\/script>\n<!-- \/ Yoast SEO plugin. -->","yoast_head_json":{"title":"Alemania Selva Negra y Suiza - El Kaminante","robots":{"index":"index","follow":"follow","max-snippet":"max-snippet:-1","max-image-preview":"max-image-preview:large","max-video-preview":"max-video-preview:-1"},"canonical":"https:\/\/elkaminante.com.uy\/paquetes\/alemania-selva-negra-y-suiza\/","og_locale":"en_US","og_type":"article","og_title":"Alemania Selva Negra y Suiza - El Kaminante","og_description":"Los viajes a Alemania son un recorrido a una tierra de contrastes. Ciudades medievales, culturales y algunas de las m\u00e1s cosmopolitas de Europa se suman a espectaculares paisajes de valles, altas monta\u00f1as y destinos ricos en historia. Berl\u00edn es su capital y hoy en d\u00eda es una de las ciudades m\u00e1s influyentes en el \u00e1mbito pol\u00edtico y cultural de la Uni\u00f3n Europea.Principales atractivos tur\u00edsticos: Munich, Nuremberg, Rothemburgo, Hamburgo, el castillo de Neuschwanstein, la Puerta de Brandemburgo, los palacios de Postdam y el r\u00edo Rhin entre otros.Suiza es un pa\u00eds de contrastes majestuosos, donde Alpes, lagos y ciudades hist\u00f3ricas se combinan con precisi\u00f3n suiza. Sus paisajes de ensue\u00f1o y experiencias al aire libre destacan dos zonas representativas:  Interlaken y la regi\u00f3n Jungfrau: En el coraz\u00f3n de los Alpes berneses, con monta\u00f1as imponentes y lagos azules. Ideal para senderismo en verano, esqu\u00ed en invierno, paseos en barco y vuelos en parapente para vistas panor\u00e1micas. Aguas de los lagos fr\u00edas y limpias, perfectas para refrescarse tras una caminata y fotografiar paisajes memorables.  Zermatt y el Matterhorn: En un enclave alpino ic\u00f3nico, con calles peatonales y chalets. Perfecto para senderismo de alta monta\u00f1a, caminatas con glaciares y viajes en tren cremallera hacia vistas espectaculares. Aire puro y experiencias culturales que completan un viaje alpino refinado.","og_url":"https:\/\/elkaminante.com.uy\/paquetes\/alemania-selva-negra-y-suiza\/","og_site_name":"El Kaminante","article_modified_time":"2026-04-17T12:39:56+00:00","twitter_card":"summary_large_image","schema":{"@context":"https:\/\/schema.org","@graph":[{"@type":"WebPage","@id":"https:\/\/elkaminante.com.uy\/paquetes\/alemania-selva-negra-y-suiza\/","url":"https:\/\/elkaminante.com.uy\/paquetes\/alemania-selva-negra-y-suiza\/","name":"Alemania Selva Negra y Suiza - El Kaminante","isPartOf":{"@id":"https:\/\/elkaminante.com.uy\/#website"},"primaryImageOfPage":{"@id":"https:\/\/elkaminante.com.uy\/paquetes\/alemania-selva-negra-y-suiza\/#primaryimage"},"image":{"@id":"https:\/\/elkaminante.com.uy\/paquetes\/alemania-selva-negra-y-suiza\/#primaryimage"},"thumbnailUrl":"https:\/\/elkaminante.com.uy\/wp-content\/uploads\/2026\/04\/PAQ708.webp","datePublished":"2026-04-03T19:28:10+00:00","dateModified":"2026-04-17T12:39:56+00:00","breadcrumb":{"@id":"https:\/\/elkaminante.com.uy\/paquetes\/alemania-selva-negra-y-suiza\/#breadcrumb"},"inLanguage":"en-US","potentialAction":[{"@type":"ReadAction","target":["https:\/\/elkaminante.com.uy\/paquetes\/alemania-selva-negra-y-suiza\/"]}]},{"@type":"ImageObject","inLanguage":"en-US","@id":"https:\/\/elkaminante.com.uy\/paquetes\/alemania-selva-negra-y-suiza\/#primaryimage","url":"https:\/\/elkaminante.com.uy\/wp-content\/uploads\/2026\/04\/PAQ708.webp","contentUrl":"https:\/\/elkaminante.com.uy\/wp-content\/uploads\/2026\/04\/PAQ708.webp","width":800,"height":457},{"@type":"BreadcrumbList","@id":"https:\/\/elkaminante.com.uy\/paquetes\/alemania-selva-negra-y-suiza\/#breadcrumb","itemListElement":[{"@type":"ListItem","position":1,"name":"Inicio","item":"https:\/\/elkaminante.com.uy\/en\/"},{"@type":"ListItem","position":2,"name":"Viajes por el mundo","item":"https:\/\/elkaminante.com.uy\/en\/paquetes\/"},{"@type":"ListItem","position":3,"name":"Alemania Selva Negra y Suiza"}]},{"@type":"WebSite","@id":"https:\/\/elkaminante.com.uy\/#website","url":"https:\/\/elkaminante.com.uy\/","name":"El Kaminante","description":"Viajes &amp; Turismo","publisher":{"@id":"https:\/\/elkaminante.com.uy\/#organization"},"potentialAction":[{"@type":"SearchAction","target":{"@type":"EntryPoint","urlTemplate":"https:\/\/elkaminante.com.uy\/?s={search_term_string}"},"query-input":{"@type":"PropertyValueSpecification","valueRequired":true,"valueName":"search_term_string"}}],"inLanguage":"en-US"},{"@type":"Organization","@id":"https:\/\/elkaminante.com.uy\/#organization","name":"El Kaminante","url":"https:\/\/elkaminante.com.uy\/","logo":{"@type":"ImageObject","inLanguage":"en-US","@id":"https:\/\/elkaminante.com.uy\/#\/schema\/logo\/image\/","url":"https:\/\/elkaminante.com.uy\/wp-content\/uploads\/2025\/02\/logo-elkaminante-blanco.svg","contentUrl":"https:\/\/elkaminante.com.uy\/wp-content\/uploads\/2025\/02\/logo-elkaminante-blanco.svg","caption":"El Kaminante"},"image":{"@id":"https:\/\/elkaminante.com.uy\/#\/schema\/logo\/image\/"}}]}},"_links":{"self":[{"href":"https:\/\/elkaminante.com.uy\/en\/wp-json\/wp\/v2\/product\/13044","targetHints":{"allow":["GET"]}}],"collection":[{"href":"https:\/\/elkaminante.com.uy\/en\/wp-json\/wp\/v2\/product"}],"about":[{"href":"https:\/\/elkaminante.com.uy\/en\/wp-json\/wp\/v2\/types\/product"}],"wp:featuredmedia":[{"embeddable":true,"href":"https:\/\/elkaminante.com.uy\/en\/wp-json\/wp\/v2\/media\/13042"}],"wp:attachment":[{"href":"https:\/\/elkaminante.com.uy\/en\/wp-json\/wp\/v2\/media?parent=13044"}],"wp:term":[{"taxonomy":"product_brand","embeddable":true,"href":"https:\/\/elkaminante.com.uy\/en\/wp-json\/wp\/v2\/product_brand?post=13044"},{"taxonomy":"product_cat","embeddable":true,"href":"https:\/\/elkaminante.com.uy\/en\/wp-json\/wp\/v2\/product_cat?post=13044"},{"taxonomy":"product_tag","embeddable":true,"href":"https:\/\/elkaminante.com.uy\/en\/wp-json\/wp\/v2\/product_tag?post=13044"}],"curies":[{"name":"wp","href":"https:\/\/api.w.org\/{rel}","templated":true}]}}