{"id":13039,"date":"2026-04-03T16:28:08","date_gmt":"2026-04-03T19:28:08","guid":{"rendered":"https:\/\/elkaminante.com.uy\/paquetes\/sabores-de-europa\/"},"modified":"2026-04-17T09:39:56","modified_gmt":"2026-04-17T12:39:56","slug":"sabores-de-europa","status":"publish","type":"product","link":"https:\/\/elkaminante.com.uy\/en\/paquetes\/sabores-de-europa\/","title":{"rendered":"Sabores de Europa"},"content":{"rendered":"","protected":false},"excerpt":{"rendered":"<p>Conocer <b>Europa<\/b> con circuitos dise\u00f1ados para que recorras los mejores destinos, con todo organizado y sin preocupaciones. Adem\u00e1s, para que disfrutes de un mayor conocimiento hist\u00f3rico y cultural de cada destino, con visitas de cada ciudad con expertos gu\u00edas locales, que con sus detalladas explicaciones les har\u00e1n conocer de una forma m\u00e1s amplia y completa la ciudad y sus principales atractivos tur\u00edsticos.<i>Principales caracter\u00edsticas de los circuitos:<\/i> autobuses de \u00faltima generaci\u00f3n, con butacas reclinables, conexi\u00f3n wifi y ventanas panor\u00e1micas; equipaje de 20 kgs. permitido, gu\u00edas acompa\u00f1antes experimentados, visitas opcionales en cada destino, visitas panor\u00e1micas y seguro b\u00e1sico de asistencia durante el recorrido del circuito.<\/p>\n<p><b>Par\u00eds<\/b>, Francia es una de las ciudades de Europa que mejor a\u00fanan el romanticismo, el arte, la cultura y los monumentos. Descubra todo lo que puede ofrecer Par\u00eds, la Ciudad del Amor y de la Luz. Est\u00e1 dividido en 20 distritos o arrondissements, en los que se encuentran importante sitios tur\u00edsticos, barrios parisinos y diversos lugares por visitar. La gastronom\u00eda de Par\u00eds re\u00fane diversas culturas y destaca por la preparaci\u00f3n de exquisitos y diversos platillos gourmet, as\u00ed como elaborados y reconocidos postres. Repleta de historia, imponentes monumentos, lena de bohemia, es una ciudad para dejarse perder y fascinar. <i>Principales atractivos tur\u00edsticos:<\/i>la Torre Eiffel, los Campos El\u00edseos, el Arco de Triunfo, la Catedral de Notre Dame (en restauraci\u00f3n), la llama del Soldado Desconocido, el r\u00edo Sena, la plaza de la Concordia, la Opera, el Palacio de Versalles, el Obelisco de L\u00faxor, la Plaza Vendome, Los Inv\u00e1lidos, la capilla de San Luis, el Louvre, la Universidad de la Sorbona, el barrio latino, la plaza de San Miguel, El Centro Pompidou, el centro Orsay, Montmartre, el Moulin Rouge y la bas\u00edlica del Sagrado Coraz\u00f3n entre otros. <\/p>\n<p>Espa\u00f1a es un pa\u00eds lleno de encanto y diversidad, donde la historia y la cultura se entrelazan con paisajes impresionantes. Desde las playas doradas de la Costa del Sol hasta las majestuosas monta\u00f1as de los Picos de Europa, Espa\u00f1a ofrece una experiencia \u00fanica para los viajeros. Sum\u00e9rgete en la vibrante vida nocturna de Madrid, explora la arquitectura \u00fanica de Barcelona y d\u00e9jate cautivar por la magia de Sevilla con su flamenco y su rica historia. Con una cocina deliciosa que var\u00eda de regi\u00f3n a regi\u00f3n y una gente c\u00e1lida y acogedora, Espa\u00f1a invita a descubrir su diversidad y su belleza en cada rinc\u00f3n del pa\u00eds.<\/p>\n","protected":false},"featured_media":13037,"template":"","meta":{"_acf_changed":false,"inline_featured_image":false},"product_brand":[],"product_cat":[28,1579],"product_tag":[878,150,2815,4329,155,2752,64,2067,2068,1687,123,124,160,132,1680,1126,142,2816,2733,117,65,122,4328,151,125,126,143,145,1490,141,918,4330,1489,3282,1001,152,127,128,144,146,1491,63],"class_list":{"0":"post-13039","1":"product","2":"type-product","3":"status-publish","4":"has-post-thumbnail","6":"product_cat-paquetes","7":"product_cat-uruguay","8":"product_tag-amsterdam","9":"product_tag-barcelona","10":"product_tag-brujas","11":"product_tag-bruselas","12":"product_tag-circuito-europa-solo-descripcion","13":"product_tag-costa-azul","14":"product_tag-desayuno","15":"product_tag-en-circuito-europa-solo-descripcion","16":"product_tag-en-europa","17":"product_tag-en-noviembre","18":"product_tag-espana","19":"product_tag-europa","20":"product_tag-europa-en-circuito-europa-solo-descripcion","21":"product_tag-europa-en-noviembre","22":"product_tag-europamundo","23":"product_tag-florencia","24":"product_tag-francia","25":"product_tag-gante","26":"product_tag-ginebra","27":"product_tag-madrid","28":"product_tag-no-aplica","29":"product_tag-noviembre","30":"product_tag-noviembre-2026temporada-baja","31":"product_tag-paquetes-a-barcelona","32":"product_tag-paquetes-a-espana","33":"product_tag-paquetes-a-europa","34":"product_tag-paquetes-a-francia","35":"product_tag-paquetes-a-paris","36":"product_tag-paquetes-a-suiza","37":"product_tag-paris","38":"product_tag-roma","39":"product_tag-sabores-de-europa","40":"product_tag-suiza","41":"product_tag-temporada-baja","42":"product_tag-venecia","43":"product_tag-viajes-a-barcelona","44":"product_tag-viajes-a-espana","45":"product_tag-viajes-a-europa","46":"product_tag-viajes-a-francia","47":"product_tag-viajes-a-paris","48":"product_tag-viajes-a-suiza","49":"product_tag-vuelo-y-circuito","50":"entry","51":"has-media","53":"first","54":"instock","55":"shipping-taxable","56":"purchasable","57":"product-type-simple"},"acf":[],"yoast_head":"<!-- This site is optimized with the Yoast SEO plugin v27.2 - https:\/\/yoast.com\/product\/yoast-seo-wordpress\/ -->\n<title>Sabores de Europa - El Kaminante<\/title>\n<meta name=\"robots\" content=\"index, follow, max-snippet:-1, max-image-preview:large, max-video-preview:-1\" \/>\n<link rel=\"canonical\" href=\"https:\/\/elkaminante.com.uy\/paquetes\/sabores-de-europa\/\" \/>\n<meta property=\"og:locale\" content=\"en_US\" \/>\n<meta property=\"og:type\" content=\"article\" \/>\n<meta property=\"og:title\" content=\"Sabores de Europa - El Kaminante\" \/>\n<meta property=\"og:description\" content=\"Conocer Europa con circuitos dise\u00f1ados para que recorras los mejores destinos, con todo organizado y sin preocupaciones. Adem\u00e1s, para que disfrutes de un mayor conocimiento hist\u00f3rico y cultural de cada destino, con visitas de cada ciudad con expertos gu\u00edas locales, que con sus detalladas explicaciones les har\u00e1n conocer de una forma m\u00e1s amplia y completa la ciudad y sus principales atractivos tur\u00edsticos.Principales caracter\u00edsticas de los circuitos: autobuses de \u00faltima generaci\u00f3n, con butacas reclinables, conexi\u00f3n wifi y ventanas panor\u00e1micas; equipaje de 20 kgs. permitido, gu\u00edas acompa\u00f1antes experimentados, visitas opcionales en cada destino, visitas panor\u00e1micas y seguro b\u00e1sico de asistencia durante el recorrido del circuito.Par\u00eds, Francia es una de las ciudades de Europa que mejor a\u00fanan el romanticismo, el arte, la cultura y los monumentos. Descubra todo lo que puede ofrecer Par\u00eds, la Ciudad del Amor y de la Luz. Est\u00e1 dividido en 20 distritos o arrondissements, en los que se encuentran importante sitios tur\u00edsticos, barrios parisinos y diversos lugares por visitar. La gastronom\u00eda de Par\u00eds re\u00fane diversas culturas y destaca por la preparaci\u00f3n de exquisitos y diversos platillos gourmet, as\u00ed como elaborados y reconocidos postres. Repleta de historia, imponentes monumentos, lena de bohemia, es una ciudad para dejarse perder y fascinar. Principales atractivos tur\u00edsticos:la Torre Eiffel, los Campos El\u00edseos, el Arco de Triunfo, la Catedral de Notre Dame (en restauraci\u00f3n), la llama del Soldado Desconocido, el r\u00edo Sena, la plaza de la Concordia, la Opera, el Palacio de Versalles, el Obelisco de L\u00faxor, la Plaza Vendome, Los Inv\u00e1lidos, la capilla de San Luis, el Louvre, la Universidad de la Sorbona, el barrio latino, la plaza de San Miguel, El Centro Pompidou, el centro Orsay, Montmartre, el Moulin Rouge y la bas\u00edlica del Sagrado Coraz\u00f3n entre otros.  Espa\u00f1a es un pa\u00eds lleno de encanto y diversidad, donde la historia y la cultura se entrelazan con paisajes impresionantes. Desde las playas doradas de la Costa del Sol hasta las majestuosas monta\u00f1as de los Picos de Europa, Espa\u00f1a ofrece una experiencia \u00fanica para los viajeros. Sum\u00e9rgete en la vibrante vida nocturna de Madrid, explora la arquitectura \u00fanica de Barcelona y d\u00e9jate cautivar por la magia de Sevilla con su flamenco y su rica historia. Con una cocina deliciosa que var\u00eda de regi\u00f3n a regi\u00f3n y una gente c\u00e1lida y acogedora, Espa\u00f1a invita a descubrir su diversidad y su belleza en cada rinc\u00f3n del pa\u00eds.\" \/>\n<meta property=\"og:url\" content=\"https:\/\/elkaminante.com.uy\/paquetes\/sabores-de-europa\/\" \/>\n<meta property=\"og:site_name\" content=\"El Kaminante\" \/>\n<meta property=\"article:modified_time\" content=\"2026-04-17T12:39:56+00:00\" \/>\n<meta name=\"twitter:card\" content=\"summary_large_image\" \/>\n<script type=\"application\/ld+json\" class=\"yoast-schema-graph\">{\"@context\":\"https:\/\/schema.org\",\"@graph\":[{\"@type\":\"WebPage\",\"@id\":\"https:\/\/elkaminante.com.uy\/paquetes\/sabores-de-europa\/\",\"url\":\"https:\/\/elkaminante.com.uy\/paquetes\/sabores-de-europa\/\",\"name\":\"Sabores de Europa - El Kaminante\",\"isPartOf\":{\"@id\":\"https:\/\/elkaminante.com.uy\/#website\"},\"primaryImageOfPage\":{\"@id\":\"https:\/\/elkaminante.com.uy\/paquetes\/sabores-de-europa\/#primaryimage\"},\"image\":{\"@id\":\"https:\/\/elkaminante.com.uy\/paquetes\/sabores-de-europa\/#primaryimage\"},\"thumbnailUrl\":\"https:\/\/elkaminante.com.uy\/wp-content\/uploads\/2026\/04\/PAQ707.webp\",\"datePublished\":\"2026-04-03T19:28:08+00:00\",\"dateModified\":\"2026-04-17T12:39:56+00:00\",\"breadcrumb\":{\"@id\":\"https:\/\/elkaminante.com.uy\/paquetes\/sabores-de-europa\/#breadcrumb\"},\"inLanguage\":\"en-US\",\"potentialAction\":[{\"@type\":\"ReadAction\",\"target\":[\"https:\/\/elkaminante.com.uy\/paquetes\/sabores-de-europa\/\"]}]},{\"@type\":\"ImageObject\",\"inLanguage\":\"en-US\",\"@id\":\"https:\/\/elkaminante.com.uy\/paquetes\/sabores-de-europa\/#primaryimage\",\"url\":\"https:\/\/elkaminante.com.uy\/wp-content\/uploads\/2026\/04\/PAQ707.webp\",\"contentUrl\":\"https:\/\/elkaminante.com.uy\/wp-content\/uploads\/2026\/04\/PAQ707.webp\",\"width\":800,\"height\":457},{\"@type\":\"BreadcrumbList\",\"@id\":\"https:\/\/elkaminante.com.uy\/paquetes\/sabores-de-europa\/#breadcrumb\",\"itemListElement\":[{\"@type\":\"ListItem\",\"position\":1,\"name\":\"Inicio\",\"item\":\"https:\/\/elkaminante.com.uy\/en\/\"},{\"@type\":\"ListItem\",\"position\":2,\"name\":\"Viajes por el mundo\",\"item\":\"https:\/\/elkaminante.com.uy\/en\/paquetes\/\"},{\"@type\":\"ListItem\",\"position\":3,\"name\":\"Sabores de Europa\"}]},{\"@type\":\"WebSite\",\"@id\":\"https:\/\/elkaminante.com.uy\/#website\",\"url\":\"https:\/\/elkaminante.com.uy\/\",\"name\":\"El Kaminante\",\"description\":\"Viajes &amp; Turismo\",\"publisher\":{\"@id\":\"https:\/\/elkaminante.com.uy\/#organization\"},\"potentialAction\":[{\"@type\":\"SearchAction\",\"target\":{\"@type\":\"EntryPoint\",\"urlTemplate\":\"https:\/\/elkaminante.com.uy\/?s={search_term_string}\"},\"query-input\":{\"@type\":\"PropertyValueSpecification\",\"valueRequired\":true,\"valueName\":\"search_term_string\"}}],\"inLanguage\":\"en-US\"},{\"@type\":\"Organization\",\"@id\":\"https:\/\/elkaminante.com.uy\/#organization\",\"name\":\"El Kaminante\",\"url\":\"https:\/\/elkaminante.com.uy\/\",\"logo\":{\"@type\":\"ImageObject\",\"inLanguage\":\"en-US\",\"@id\":\"https:\/\/elkaminante.com.uy\/#\/schema\/logo\/image\/\",\"url\":\"https:\/\/elkaminante.com.uy\/wp-content\/uploads\/2025\/02\/logo-elkaminante-blanco.svg\",\"contentUrl\":\"https:\/\/elkaminante.com.uy\/wp-content\/uploads\/2025\/02\/logo-elkaminante-blanco.svg\",\"caption\":\"El Kaminante\"},\"image\":{\"@id\":\"https:\/\/elkaminante.com.uy\/#\/schema\/logo\/image\/\"}}]}<\/script>\n<!-- \/ Yoast SEO plugin. -->","yoast_head_json":{"title":"Sabores de Europa - El Kaminante","robots":{"index":"index","follow":"follow","max-snippet":"max-snippet:-1","max-image-preview":"max-image-preview:large","max-video-preview":"max-video-preview:-1"},"canonical":"https:\/\/elkaminante.com.uy\/paquetes\/sabores-de-europa\/","og_locale":"en_US","og_type":"article","og_title":"Sabores de Europa - El Kaminante","og_description":"Conocer Europa con circuitos dise\u00f1ados para que recorras los mejores destinos, con todo organizado y sin preocupaciones. Adem\u00e1s, para que disfrutes de un mayor conocimiento hist\u00f3rico y cultural de cada destino, con visitas de cada ciudad con expertos gu\u00edas locales, que con sus detalladas explicaciones les har\u00e1n conocer de una forma m\u00e1s amplia y completa la ciudad y sus principales atractivos tur\u00edsticos.Principales caracter\u00edsticas de los circuitos: autobuses de \u00faltima generaci\u00f3n, con butacas reclinables, conexi\u00f3n wifi y ventanas panor\u00e1micas; equipaje de 20 kgs. permitido, gu\u00edas acompa\u00f1antes experimentados, visitas opcionales en cada destino, visitas panor\u00e1micas y seguro b\u00e1sico de asistencia durante el recorrido del circuito.Par\u00eds, Francia es una de las ciudades de Europa que mejor a\u00fanan el romanticismo, el arte, la cultura y los monumentos. Descubra todo lo que puede ofrecer Par\u00eds, la Ciudad del Amor y de la Luz. Est\u00e1 dividido en 20 distritos o arrondissements, en los que se encuentran importante sitios tur\u00edsticos, barrios parisinos y diversos lugares por visitar. La gastronom\u00eda de Par\u00eds re\u00fane diversas culturas y destaca por la preparaci\u00f3n de exquisitos y diversos platillos gourmet, as\u00ed como elaborados y reconocidos postres. Repleta de historia, imponentes monumentos, lena de bohemia, es una ciudad para dejarse perder y fascinar. Principales atractivos tur\u00edsticos:la Torre Eiffel, los Campos El\u00edseos, el Arco de Triunfo, la Catedral de Notre Dame (en restauraci\u00f3n), la llama del Soldado Desconocido, el r\u00edo Sena, la plaza de la Concordia, la Opera, el Palacio de Versalles, el Obelisco de L\u00faxor, la Plaza Vendome, Los Inv\u00e1lidos, la capilla de San Luis, el Louvre, la Universidad de la Sorbona, el barrio latino, la plaza de San Miguel, El Centro Pompidou, el centro Orsay, Montmartre, el Moulin Rouge y la bas\u00edlica del Sagrado Coraz\u00f3n entre otros.  Espa\u00f1a es un pa\u00eds lleno de encanto y diversidad, donde la historia y la cultura se entrelazan con paisajes impresionantes. Desde las playas doradas de la Costa del Sol hasta las majestuosas monta\u00f1as de los Picos de Europa, Espa\u00f1a ofrece una experiencia \u00fanica para los viajeros. Sum\u00e9rgete en la vibrante vida nocturna de Madrid, explora la arquitectura \u00fanica de Barcelona y d\u00e9jate cautivar por la magia de Sevilla con su flamenco y su rica historia. Con una cocina deliciosa que var\u00eda de regi\u00f3n a regi\u00f3n y una gente c\u00e1lida y acogedora, Espa\u00f1a invita a descubrir su diversidad y su belleza en cada rinc\u00f3n del pa\u00eds.","og_url":"https:\/\/elkaminante.com.uy\/paquetes\/sabores-de-europa\/","og_site_name":"El Kaminante","article_modified_time":"2026-04-17T12:39:56+00:00","twitter_card":"summary_large_image","schema":{"@context":"https:\/\/schema.org","@graph":[{"@type":"WebPage","@id":"https:\/\/elkaminante.com.uy\/paquetes\/sabores-de-europa\/","url":"https:\/\/elkaminante.com.uy\/paquetes\/sabores-de-europa\/","name":"Sabores de Europa - El Kaminante","isPartOf":{"@id":"https:\/\/elkaminante.com.uy\/#website"},"primaryImageOfPage":{"@id":"https:\/\/elkaminante.com.uy\/paquetes\/sabores-de-europa\/#primaryimage"},"image":{"@id":"https:\/\/elkaminante.com.uy\/paquetes\/sabores-de-europa\/#primaryimage"},"thumbnailUrl":"https:\/\/elkaminante.com.uy\/wp-content\/uploads\/2026\/04\/PAQ707.webp","datePublished":"2026-04-03T19:28:08+00:00","dateModified":"2026-04-17T12:39:56+00:00","breadcrumb":{"@id":"https:\/\/elkaminante.com.uy\/paquetes\/sabores-de-europa\/#breadcrumb"},"inLanguage":"en-US","potentialAction":[{"@type":"ReadAction","target":["https:\/\/elkaminante.com.uy\/paquetes\/sabores-de-europa\/"]}]},{"@type":"ImageObject","inLanguage":"en-US","@id":"https:\/\/elkaminante.com.uy\/paquetes\/sabores-de-europa\/#primaryimage","url":"https:\/\/elkaminante.com.uy\/wp-content\/uploads\/2026\/04\/PAQ707.webp","contentUrl":"https:\/\/elkaminante.com.uy\/wp-content\/uploads\/2026\/04\/PAQ707.webp","width":800,"height":457},{"@type":"BreadcrumbList","@id":"https:\/\/elkaminante.com.uy\/paquetes\/sabores-de-europa\/#breadcrumb","itemListElement":[{"@type":"ListItem","position":1,"name":"Inicio","item":"https:\/\/elkaminante.com.uy\/en\/"},{"@type":"ListItem","position":2,"name":"Viajes por el mundo","item":"https:\/\/elkaminante.com.uy\/en\/paquetes\/"},{"@type":"ListItem","position":3,"name":"Sabores de Europa"}]},{"@type":"WebSite","@id":"https:\/\/elkaminante.com.uy\/#website","url":"https:\/\/elkaminante.com.uy\/","name":"El Kaminante","description":"Viajes &amp; Turismo","publisher":{"@id":"https:\/\/elkaminante.com.uy\/#organization"},"potentialAction":[{"@type":"SearchAction","target":{"@type":"EntryPoint","urlTemplate":"https:\/\/elkaminante.com.uy\/?s={search_term_string}"},"query-input":{"@type":"PropertyValueSpecification","valueRequired":true,"valueName":"search_term_string"}}],"inLanguage":"en-US"},{"@type":"Organization","@id":"https:\/\/elkaminante.com.uy\/#organization","name":"El Kaminante","url":"https:\/\/elkaminante.com.uy\/","logo":{"@type":"ImageObject","inLanguage":"en-US","@id":"https:\/\/elkaminante.com.uy\/#\/schema\/logo\/image\/","url":"https:\/\/elkaminante.com.uy\/wp-content\/uploads\/2025\/02\/logo-elkaminante-blanco.svg","contentUrl":"https:\/\/elkaminante.com.uy\/wp-content\/uploads\/2025\/02\/logo-elkaminante-blanco.svg","caption":"El Kaminante"},"image":{"@id":"https:\/\/elkaminante.com.uy\/#\/schema\/logo\/image\/"}}]}},"_links":{"self":[{"href":"https:\/\/elkaminante.com.uy\/en\/wp-json\/wp\/v2\/product\/13039","targetHints":{"allow":["GET"]}}],"collection":[{"href":"https:\/\/elkaminante.com.uy\/en\/wp-json\/wp\/v2\/product"}],"about":[{"href":"https:\/\/elkaminante.com.uy\/en\/wp-json\/wp\/v2\/types\/product"}],"wp:featuredmedia":[{"embeddable":true,"href":"https:\/\/elkaminante.com.uy\/en\/wp-json\/wp\/v2\/media\/13037"}],"wp:attachment":[{"href":"https:\/\/elkaminante.com.uy\/en\/wp-json\/wp\/v2\/media?parent=13039"}],"wp:term":[{"taxonomy":"product_brand","embeddable":true,"href":"https:\/\/elkaminante.com.uy\/en\/wp-json\/wp\/v2\/product_brand?post=13039"},{"taxonomy":"product_cat","embeddable":true,"href":"https:\/\/elkaminante.com.uy\/en\/wp-json\/wp\/v2\/product_cat?post=13039"},{"taxonomy":"product_tag","embeddable":true,"href":"https:\/\/elkaminante.com.uy\/en\/wp-json\/wp\/v2\/product_tag?post=13039"}],"curies":[{"name":"wp","href":"https:\/\/api.w.org\/{rel}","templated":true}]}}