{"id":13000,"date":"2026-03-22T12:09:04","date_gmt":"2026-03-22T15:09:04","guid":{"rendered":"https:\/\/elkaminante.com.uy\/paquetes\/playa-en-barcelona-y-costa-brava\/"},"modified":"2026-04-17T09:39:55","modified_gmt":"2026-04-17T12:39:55","slug":"playa-en-barcelona-y-costa-brava","status":"publish","type":"product","link":"https:\/\/elkaminante.com.uy\/en\/paquetes\/playa-en-barcelona-y-costa-brava\/","title":{"rendered":"Playa en Barcelona y Costa Brava"},"content":{"rendered":"","protected":false},"excerpt":{"rendered":"<p>En <b>la Costa Brava<\/b>, el Mediterr\u00e1neo esculpe un litoral de gran belleza donde las aguas cristalinas, los acantilados y las peque\u00f1as calas escondidas crean uno de los paisajes costeros m\u00e1s encantadores de Espa\u00f1a. Desde pueblos con encanto como Begur o Calella de Palafrugell, hasta rincones m\u00e1s salvajes y naturales, la Costa Brava combina a la perfecci\u00f3n tradici\u00f3n, naturaleza y mar. Sus senderos costeros, como los caminos de ronda, invitan a descubrir playas escondidas entre pinares y formaciones rocosas, mientras que sus aguas tranquilas son ideales para nadar, hacer snorkel o simplemente relajarse. La gastronom\u00eda local, con fuerte presencia de productos del mar, y su ambiente relajado pero aut\u00e9ntico completan una experiencia que equilibra descanso y exploraci\u00f3n. Con su clima mediterr\u00e1neo y su diversidad de paisajes, la Costa Brava se presenta como un destino perfecto para quienes buscan calas \u00fanicas, pueblos con car\u00e1cter y una conexi\u00f3n especial con el entorno natural.<\/p>\n","protected":false},"featured_media":12998,"template":"","meta":{"_acf_changed":false,"inline_featured_image":false},"product_brand":[],"product_cat":[28,1579],"product_tag":[518,150,4304,4299,64,4303,2059,558,123,4302,928,124,879,245,4653,65,151,125,126,4305,120,61,3282,152,127,128,119],"class_list":{"0":"post-13000","1":"product","2":"type-product","3":"status-publish","4":"has-post-thumbnail","6":"product_cat-paquetes","7":"product_cat-uruguay","8":"product_tag-auto-incluido","9":"product_tag-barcelona","10":"product_tag-begur","11":"product_tag-costa-brava","12":"product_tag-desayuno","13":"product_tag-en-costa-brava","14":"product_tag-en-espana","15":"product_tag-en-junio","16":"product_tag-espana","17":"product_tag-espana-en-costa-brava","18":"product_tag-espana-en-junio","19":"product_tag-europa","20":"product_tag-julio","21":"product_tag-junio","22":"product_tag-junio-julio-2026auto-incluido","23":"product_tag-no-aplica","24":"product_tag-paquetes-a-barcelona","25":"product_tag-paquetes-a-espana","26":"product_tag-paquetes-a-europa","27":"product_tag-playa-en-barcelona-y-costa-brava","28":"product_tag-sin-comidas","29":"product_tag-sin-destino","30":"product_tag-temporada-baja","31":"product_tag-viajes-a-barcelona","32":"product_tag-viajes-a-espana","33":"product_tag-viajes-a-europa","34":"product_tag-vuelo-y-hotel","35":"entry","36":"has-media","38":"first","39":"instock","40":"shipping-taxable","41":"purchasable","42":"product-type-simple"},"acf":[],"yoast_head":"<!-- This site is optimized with the Yoast SEO plugin v27.2 - https:\/\/yoast.com\/product\/yoast-seo-wordpress\/ -->\n<title>Playa en Barcelona y Costa Brava - El Kaminante<\/title>\n<meta name=\"robots\" content=\"index, follow, max-snippet:-1, max-image-preview:large, max-video-preview:-1\" \/>\n<link rel=\"canonical\" href=\"https:\/\/elkaminante.com.uy\/paquetes\/playa-en-barcelona-y-costa-brava\/\" \/>\n<meta property=\"og:locale\" content=\"en_US\" \/>\n<meta property=\"og:type\" content=\"article\" \/>\n<meta property=\"og:title\" content=\"Playa en Barcelona y Costa Brava - El Kaminante\" \/>\n<meta property=\"og:description\" content=\"En la Costa Brava, el Mediterr\u00e1neo esculpe un litoral de gran belleza donde las aguas cristalinas, los acantilados y las peque\u00f1as calas escondidas crean uno de los paisajes costeros m\u00e1s encantadores de Espa\u00f1a. Desde pueblos con encanto como Begur o Calella de Palafrugell, hasta rincones m\u00e1s salvajes y naturales, la Costa Brava combina a la perfecci\u00f3n tradici\u00f3n, naturaleza y mar. Sus senderos costeros, como los caminos de ronda, invitan a descubrir playas escondidas entre pinares y formaciones rocosas, mientras que sus aguas tranquilas son ideales para nadar, hacer snorkel o simplemente relajarse. La gastronom\u00eda local, con fuerte presencia de productos del mar, y su ambiente relajado pero aut\u00e9ntico completan una experiencia que equilibra descanso y exploraci\u00f3n. Con su clima mediterr\u00e1neo y su diversidad de paisajes, la Costa Brava se presenta como un destino perfecto para quienes buscan calas \u00fanicas, pueblos con car\u00e1cter y una conexi\u00f3n especial con el entorno natural.\" \/>\n<meta property=\"og:url\" content=\"https:\/\/elkaminante.com.uy\/paquetes\/playa-en-barcelona-y-costa-brava\/\" \/>\n<meta property=\"og:site_name\" content=\"El Kaminante\" \/>\n<meta property=\"article:modified_time\" content=\"2026-04-17T12:39:55+00:00\" \/>\n<meta name=\"twitter:card\" content=\"summary_large_image\" \/>\n<script type=\"application\/ld+json\" class=\"yoast-schema-graph\">{\"@context\":\"https:\/\/schema.org\",\"@graph\":[{\"@type\":\"WebPage\",\"@id\":\"https:\/\/elkaminante.com.uy\/paquetes\/playa-en-barcelona-y-costa-brava\/\",\"url\":\"https:\/\/elkaminante.com.uy\/paquetes\/playa-en-barcelona-y-costa-brava\/\",\"name\":\"Playa en Barcelona y Costa Brava - El Kaminante\",\"isPartOf\":{\"@id\":\"https:\/\/elkaminante.com.uy\/#website\"},\"primaryImageOfPage\":{\"@id\":\"https:\/\/elkaminante.com.uy\/paquetes\/playa-en-barcelona-y-costa-brava\/#primaryimage\"},\"image\":{\"@id\":\"https:\/\/elkaminante.com.uy\/paquetes\/playa-en-barcelona-y-costa-brava\/#primaryimage\"},\"thumbnailUrl\":\"https:\/\/elkaminante.com.uy\/wp-content\/uploads\/2026\/03\/PAQ704.webp\",\"datePublished\":\"2026-03-22T15:09:04+00:00\",\"dateModified\":\"2026-04-17T12:39:55+00:00\",\"breadcrumb\":{\"@id\":\"https:\/\/elkaminante.com.uy\/paquetes\/playa-en-barcelona-y-costa-brava\/#breadcrumb\"},\"inLanguage\":\"en-US\",\"potentialAction\":[{\"@type\":\"ReadAction\",\"target\":[\"https:\/\/elkaminante.com.uy\/paquetes\/playa-en-barcelona-y-costa-brava\/\"]}]},{\"@type\":\"ImageObject\",\"inLanguage\":\"en-US\",\"@id\":\"https:\/\/elkaminante.com.uy\/paquetes\/playa-en-barcelona-y-costa-brava\/#primaryimage\",\"url\":\"https:\/\/elkaminante.com.uy\/wp-content\/uploads\/2026\/03\/PAQ704.webp\",\"contentUrl\":\"https:\/\/elkaminante.com.uy\/wp-content\/uploads\/2026\/03\/PAQ704.webp\",\"width\":800,\"height\":457},{\"@type\":\"BreadcrumbList\",\"@id\":\"https:\/\/elkaminante.com.uy\/paquetes\/playa-en-barcelona-y-costa-brava\/#breadcrumb\",\"itemListElement\":[{\"@type\":\"ListItem\",\"position\":1,\"name\":\"Inicio\",\"item\":\"https:\/\/elkaminante.com.uy\/en\/\"},{\"@type\":\"ListItem\",\"position\":2,\"name\":\"Viajes por el mundo\",\"item\":\"https:\/\/elkaminante.com.uy\/en\/paquetes\/\"},{\"@type\":\"ListItem\",\"position\":3,\"name\":\"Playa en Barcelona y Costa Brava\"}]},{\"@type\":\"WebSite\",\"@id\":\"https:\/\/elkaminante.com.uy\/#website\",\"url\":\"https:\/\/elkaminante.com.uy\/\",\"name\":\"El Kaminante\",\"description\":\"Viajes &amp; Turismo\",\"publisher\":{\"@id\":\"https:\/\/elkaminante.com.uy\/#organization\"},\"potentialAction\":[{\"@type\":\"SearchAction\",\"target\":{\"@type\":\"EntryPoint\",\"urlTemplate\":\"https:\/\/elkaminante.com.uy\/?s={search_term_string}\"},\"query-input\":{\"@type\":\"PropertyValueSpecification\",\"valueRequired\":true,\"valueName\":\"search_term_string\"}}],\"inLanguage\":\"en-US\"},{\"@type\":\"Organization\",\"@id\":\"https:\/\/elkaminante.com.uy\/#organization\",\"name\":\"El Kaminante\",\"url\":\"https:\/\/elkaminante.com.uy\/\",\"logo\":{\"@type\":\"ImageObject\",\"inLanguage\":\"en-US\",\"@id\":\"https:\/\/elkaminante.com.uy\/#\/schema\/logo\/image\/\",\"url\":\"https:\/\/elkaminante.com.uy\/wp-content\/uploads\/2025\/02\/logo-elkaminante-blanco.svg\",\"contentUrl\":\"https:\/\/elkaminante.com.uy\/wp-content\/uploads\/2025\/02\/logo-elkaminante-blanco.svg\",\"caption\":\"El Kaminante\"},\"image\":{\"@id\":\"https:\/\/elkaminante.com.uy\/#\/schema\/logo\/image\/\"}}]}<\/script>\n<!-- \/ Yoast SEO plugin. -->","yoast_head_json":{"title":"Playa en Barcelona y Costa Brava - El Kaminante","robots":{"index":"index","follow":"follow","max-snippet":"max-snippet:-1","max-image-preview":"max-image-preview:large","max-video-preview":"max-video-preview:-1"},"canonical":"https:\/\/elkaminante.com.uy\/paquetes\/playa-en-barcelona-y-costa-brava\/","og_locale":"en_US","og_type":"article","og_title":"Playa en Barcelona y Costa Brava - El Kaminante","og_description":"En la Costa Brava, el Mediterr\u00e1neo esculpe un litoral de gran belleza donde las aguas cristalinas, los acantilados y las peque\u00f1as calas escondidas crean uno de los paisajes costeros m\u00e1s encantadores de Espa\u00f1a. Desde pueblos con encanto como Begur o Calella de Palafrugell, hasta rincones m\u00e1s salvajes y naturales, la Costa Brava combina a la perfecci\u00f3n tradici\u00f3n, naturaleza y mar. Sus senderos costeros, como los caminos de ronda, invitan a descubrir playas escondidas entre pinares y formaciones rocosas, mientras que sus aguas tranquilas son ideales para nadar, hacer snorkel o simplemente relajarse. La gastronom\u00eda local, con fuerte presencia de productos del mar, y su ambiente relajado pero aut\u00e9ntico completan una experiencia que equilibra descanso y exploraci\u00f3n. Con su clima mediterr\u00e1neo y su diversidad de paisajes, la Costa Brava se presenta como un destino perfecto para quienes buscan calas \u00fanicas, pueblos con car\u00e1cter y una conexi\u00f3n especial con el entorno natural.","og_url":"https:\/\/elkaminante.com.uy\/paquetes\/playa-en-barcelona-y-costa-brava\/","og_site_name":"El Kaminante","article_modified_time":"2026-04-17T12:39:55+00:00","twitter_card":"summary_large_image","schema":{"@context":"https:\/\/schema.org","@graph":[{"@type":"WebPage","@id":"https:\/\/elkaminante.com.uy\/paquetes\/playa-en-barcelona-y-costa-brava\/","url":"https:\/\/elkaminante.com.uy\/paquetes\/playa-en-barcelona-y-costa-brava\/","name":"Playa en Barcelona y Costa Brava - El Kaminante","isPartOf":{"@id":"https:\/\/elkaminante.com.uy\/#website"},"primaryImageOfPage":{"@id":"https:\/\/elkaminante.com.uy\/paquetes\/playa-en-barcelona-y-costa-brava\/#primaryimage"},"image":{"@id":"https:\/\/elkaminante.com.uy\/paquetes\/playa-en-barcelona-y-costa-brava\/#primaryimage"},"thumbnailUrl":"https:\/\/elkaminante.com.uy\/wp-content\/uploads\/2026\/03\/PAQ704.webp","datePublished":"2026-03-22T15:09:04+00:00","dateModified":"2026-04-17T12:39:55+00:00","breadcrumb":{"@id":"https:\/\/elkaminante.com.uy\/paquetes\/playa-en-barcelona-y-costa-brava\/#breadcrumb"},"inLanguage":"en-US","potentialAction":[{"@type":"ReadAction","target":["https:\/\/elkaminante.com.uy\/paquetes\/playa-en-barcelona-y-costa-brava\/"]}]},{"@type":"ImageObject","inLanguage":"en-US","@id":"https:\/\/elkaminante.com.uy\/paquetes\/playa-en-barcelona-y-costa-brava\/#primaryimage","url":"https:\/\/elkaminante.com.uy\/wp-content\/uploads\/2026\/03\/PAQ704.webp","contentUrl":"https:\/\/elkaminante.com.uy\/wp-content\/uploads\/2026\/03\/PAQ704.webp","width":800,"height":457},{"@type":"BreadcrumbList","@id":"https:\/\/elkaminante.com.uy\/paquetes\/playa-en-barcelona-y-costa-brava\/#breadcrumb","itemListElement":[{"@type":"ListItem","position":1,"name":"Inicio","item":"https:\/\/elkaminante.com.uy\/en\/"},{"@type":"ListItem","position":2,"name":"Viajes por el mundo","item":"https:\/\/elkaminante.com.uy\/en\/paquetes\/"},{"@type":"ListItem","position":3,"name":"Playa en Barcelona y Costa Brava"}]},{"@type":"WebSite","@id":"https:\/\/elkaminante.com.uy\/#website","url":"https:\/\/elkaminante.com.uy\/","name":"El Kaminante","description":"Viajes &amp; Turismo","publisher":{"@id":"https:\/\/elkaminante.com.uy\/#organization"},"potentialAction":[{"@type":"SearchAction","target":{"@type":"EntryPoint","urlTemplate":"https:\/\/elkaminante.com.uy\/?s={search_term_string}"},"query-input":{"@type":"PropertyValueSpecification","valueRequired":true,"valueName":"search_term_string"}}],"inLanguage":"en-US"},{"@type":"Organization","@id":"https:\/\/elkaminante.com.uy\/#organization","name":"El Kaminante","url":"https:\/\/elkaminante.com.uy\/","logo":{"@type":"ImageObject","inLanguage":"en-US","@id":"https:\/\/elkaminante.com.uy\/#\/schema\/logo\/image\/","url":"https:\/\/elkaminante.com.uy\/wp-content\/uploads\/2025\/02\/logo-elkaminante-blanco.svg","contentUrl":"https:\/\/elkaminante.com.uy\/wp-content\/uploads\/2025\/02\/logo-elkaminante-blanco.svg","caption":"El Kaminante"},"image":{"@id":"https:\/\/elkaminante.com.uy\/#\/schema\/logo\/image\/"}}]}},"_links":{"self":[{"href":"https:\/\/elkaminante.com.uy\/en\/wp-json\/wp\/v2\/product\/13000","targetHints":{"allow":["GET"]}}],"collection":[{"href":"https:\/\/elkaminante.com.uy\/en\/wp-json\/wp\/v2\/product"}],"about":[{"href":"https:\/\/elkaminante.com.uy\/en\/wp-json\/wp\/v2\/types\/product"}],"wp:featuredmedia":[{"embeddable":true,"href":"https:\/\/elkaminante.com.uy\/en\/wp-json\/wp\/v2\/media\/12998"}],"wp:attachment":[{"href":"https:\/\/elkaminante.com.uy\/en\/wp-json\/wp\/v2\/media?parent=13000"}],"wp:term":[{"taxonomy":"product_brand","embeddable":true,"href":"https:\/\/elkaminante.com.uy\/en\/wp-json\/wp\/v2\/product_brand?post=13000"},{"taxonomy":"product_cat","embeddable":true,"href":"https:\/\/elkaminante.com.uy\/en\/wp-json\/wp\/v2\/product_cat?post=13000"},{"taxonomy":"product_tag","embeddable":true,"href":"https:\/\/elkaminante.com.uy\/en\/wp-json\/wp\/v2\/product_tag?post=13000"}],"curies":[{"name":"wp","href":"https:\/\/api.w.org\/{rel}","templated":true}]}}