{"id":12991,"date":"2026-03-22T12:08:57","date_gmt":"2026-03-22T15:08:57","guid":{"rendered":"https:\/\/elkaminante.com.uy\/paquetes\/playa-en-las-islas-canarias\/"},"modified":"2026-04-17T09:39:55","modified_gmt":"2026-04-17T12:39:55","slug":"playa-en-las-islas-canarias","status":"publish","type":"product","link":"https:\/\/elkaminante.com.uy\/en\/paquetes\/playa-en-las-islas-canarias\/","title":{"rendered":"Playa en las Islas Canarias"},"content":{"rendered":"","protected":false},"excerpt":{"rendered":"<p>En <b>las Islas Canarias<\/b>, el Atl\u00e1ntico abraza un archipi\u00e9lago donde la diversidad natural, el clima privilegiado y la riqueza cultural se combinan para ofrecer experiencias \u00fanicas durante todo el a\u00f1o. Desde playas de arena dorada y aguas cristalinas hasta paisajes volc\u00e1nicos de gran belleza, cada isla presenta su propio car\u00e1cter, con contrastes que van desde dunas y acantilados hasta monta\u00f1as y bosques exuberantes. Destinos como Gran Canaria, Tenerife o Lanzarote reflejan esta variedad, donde la naturaleza y la vida local conviven en equilibrio. Los pueblos costeros, las ciudades animadas y los espacios naturales protegidos invitan tanto al descanso como a la exploraci\u00f3n, mientras que su gastronom\u00eda, influenciada por el mar y la tradici\u00f3n local, completa la experiencia. Con temperaturas suaves durante todo el a\u00f1o, las Islas Canarias se consolidan como un destino vers\u00e1til que combina playa, paisajes \u00fanicos y una atm\u00f3sfera relajada que invita a disfrutar sin prisas.<\/p>\n","protected":false},"featured_media":12989,"template":"","meta":{"_acf_changed":false,"inline_featured_image":false},"product_brand":[],"product_cat":[28,1579],"product_tag":[518,64,2059,4295,2018,123,4294,1365,124,4296,4290,245,278,4293,65,125,126,4291,4298,61,3282,4297,127,128,4292,119],"class_list":{"0":"post-12991","1":"product","2":"type-product","3":"status-publish","4":"has-post-thumbnail","6":"product_cat-paquetes","7":"product_cat-uruguay","8":"product_tag-auto-incluido","9":"product_tag-desayuno","10":"product_tag-en-espana","11":"product_tag-en-islas-canarias","12":"product_tag-en-mayo","13":"product_tag-espana","14":"product_tag-espana-en-islas-canarias","15":"product_tag-espana-en-mayo","16":"product_tag-europa","17":"product_tag-gran-canaria","18":"product_tag-islas-canarias","19":"product_tag-junio","20":"product_tag-mayo","21":"product_tag-mayo-junio-2026auto-incluido","22":"product_tag-no-aplica","23":"product_tag-paquetes-a-espana","24":"product_tag-paquetes-a-europa","25":"product_tag-paquetes-a-islas-canarias","26":"product_tag-playa-en-las-islas-canarias","27":"product_tag-sin-destino","28":"product_tag-temporada-baja","29":"product_tag-tenerife","30":"product_tag-viajes-a-espana","31":"product_tag-viajes-a-europa","32":"product_tag-viajes-a-islas-canarias","33":"product_tag-vuelo-y-hotel","34":"entry","35":"has-media","37":"first","38":"instock","39":"shipping-taxable","40":"purchasable","41":"product-type-simple"},"acf":[],"yoast_head":"<!-- This site is optimized with the Yoast SEO plugin v27.2 - https:\/\/yoast.com\/product\/yoast-seo-wordpress\/ -->\n<title>Playa en las Islas Canarias - El Kaminante<\/title>\n<meta name=\"robots\" content=\"index, follow, max-snippet:-1, max-image-preview:large, max-video-preview:-1\" \/>\n<link rel=\"canonical\" href=\"https:\/\/elkaminante.com.uy\/paquetes\/playa-en-las-islas-canarias\/\" \/>\n<meta property=\"og:locale\" content=\"en_US\" \/>\n<meta property=\"og:type\" content=\"article\" \/>\n<meta property=\"og:title\" content=\"Playa en las Islas Canarias - El Kaminante\" \/>\n<meta property=\"og:description\" content=\"En las Islas Canarias, el Atl\u00e1ntico abraza un archipi\u00e9lago donde la diversidad natural, el clima privilegiado y la riqueza cultural se combinan para ofrecer experiencias \u00fanicas durante todo el a\u00f1o. Desde playas de arena dorada y aguas cristalinas hasta paisajes volc\u00e1nicos de gran belleza, cada isla presenta su propio car\u00e1cter, con contrastes que van desde dunas y acantilados hasta monta\u00f1as y bosques exuberantes. Destinos como Gran Canaria, Tenerife o Lanzarote reflejan esta variedad, donde la naturaleza y la vida local conviven en equilibrio. Los pueblos costeros, las ciudades animadas y los espacios naturales protegidos invitan tanto al descanso como a la exploraci\u00f3n, mientras que su gastronom\u00eda, influenciada por el mar y la tradici\u00f3n local, completa la experiencia. Con temperaturas suaves durante todo el a\u00f1o, las Islas Canarias se consolidan como un destino vers\u00e1til que combina playa, paisajes \u00fanicos y una atm\u00f3sfera relajada que invita a disfrutar sin prisas.\" \/>\n<meta property=\"og:url\" content=\"https:\/\/elkaminante.com.uy\/paquetes\/playa-en-las-islas-canarias\/\" \/>\n<meta property=\"og:site_name\" content=\"El Kaminante\" \/>\n<meta property=\"article:modified_time\" content=\"2026-04-17T12:39:55+00:00\" \/>\n<meta name=\"twitter:card\" content=\"summary_large_image\" \/>\n<script type=\"application\/ld+json\" class=\"yoast-schema-graph\">{\"@context\":\"https:\/\/schema.org\",\"@graph\":[{\"@type\":\"WebPage\",\"@id\":\"https:\/\/elkaminante.com.uy\/paquetes\/playa-en-las-islas-canarias\/\",\"url\":\"https:\/\/elkaminante.com.uy\/paquetes\/playa-en-las-islas-canarias\/\",\"name\":\"Playa en las Islas Canarias - El Kaminante\",\"isPartOf\":{\"@id\":\"https:\/\/elkaminante.com.uy\/#website\"},\"primaryImageOfPage\":{\"@id\":\"https:\/\/elkaminante.com.uy\/paquetes\/playa-en-las-islas-canarias\/#primaryimage\"},\"image\":{\"@id\":\"https:\/\/elkaminante.com.uy\/paquetes\/playa-en-las-islas-canarias\/#primaryimage\"},\"thumbnailUrl\":\"https:\/\/elkaminante.com.uy\/wp-content\/uploads\/2026\/03\/PAQ703.webp\",\"datePublished\":\"2026-03-22T15:08:57+00:00\",\"dateModified\":\"2026-04-17T12:39:55+00:00\",\"breadcrumb\":{\"@id\":\"https:\/\/elkaminante.com.uy\/paquetes\/playa-en-las-islas-canarias\/#breadcrumb\"},\"inLanguage\":\"en-US\",\"potentialAction\":[{\"@type\":\"ReadAction\",\"target\":[\"https:\/\/elkaminante.com.uy\/paquetes\/playa-en-las-islas-canarias\/\"]}]},{\"@type\":\"ImageObject\",\"inLanguage\":\"en-US\",\"@id\":\"https:\/\/elkaminante.com.uy\/paquetes\/playa-en-las-islas-canarias\/#primaryimage\",\"url\":\"https:\/\/elkaminante.com.uy\/wp-content\/uploads\/2026\/03\/PAQ703.webp\",\"contentUrl\":\"https:\/\/elkaminante.com.uy\/wp-content\/uploads\/2026\/03\/PAQ703.webp\",\"width\":800,\"height\":457},{\"@type\":\"BreadcrumbList\",\"@id\":\"https:\/\/elkaminante.com.uy\/paquetes\/playa-en-las-islas-canarias\/#breadcrumb\",\"itemListElement\":[{\"@type\":\"ListItem\",\"position\":1,\"name\":\"Inicio\",\"item\":\"https:\/\/elkaminante.com.uy\/en\/\"},{\"@type\":\"ListItem\",\"position\":2,\"name\":\"Viajes por el mundo\",\"item\":\"https:\/\/elkaminante.com.uy\/en\/paquetes\/\"},{\"@type\":\"ListItem\",\"position\":3,\"name\":\"Playa en las Islas Canarias\"}]},{\"@type\":\"WebSite\",\"@id\":\"https:\/\/elkaminante.com.uy\/#website\",\"url\":\"https:\/\/elkaminante.com.uy\/\",\"name\":\"El Kaminante\",\"description\":\"Viajes &amp; Turismo\",\"publisher\":{\"@id\":\"https:\/\/elkaminante.com.uy\/#organization\"},\"potentialAction\":[{\"@type\":\"SearchAction\",\"target\":{\"@type\":\"EntryPoint\",\"urlTemplate\":\"https:\/\/elkaminante.com.uy\/?s={search_term_string}\"},\"query-input\":{\"@type\":\"PropertyValueSpecification\",\"valueRequired\":true,\"valueName\":\"search_term_string\"}}],\"inLanguage\":\"en-US\"},{\"@type\":\"Organization\",\"@id\":\"https:\/\/elkaminante.com.uy\/#organization\",\"name\":\"El Kaminante\",\"url\":\"https:\/\/elkaminante.com.uy\/\",\"logo\":{\"@type\":\"ImageObject\",\"inLanguage\":\"en-US\",\"@id\":\"https:\/\/elkaminante.com.uy\/#\/schema\/logo\/image\/\",\"url\":\"https:\/\/elkaminante.com.uy\/wp-content\/uploads\/2025\/02\/logo-elkaminante-blanco.svg\",\"contentUrl\":\"https:\/\/elkaminante.com.uy\/wp-content\/uploads\/2025\/02\/logo-elkaminante-blanco.svg\",\"caption\":\"El Kaminante\"},\"image\":{\"@id\":\"https:\/\/elkaminante.com.uy\/#\/schema\/logo\/image\/\"}}]}<\/script>\n<!-- \/ Yoast SEO plugin. -->","yoast_head_json":{"title":"Playa en las Islas Canarias - El Kaminante","robots":{"index":"index","follow":"follow","max-snippet":"max-snippet:-1","max-image-preview":"max-image-preview:large","max-video-preview":"max-video-preview:-1"},"canonical":"https:\/\/elkaminante.com.uy\/paquetes\/playa-en-las-islas-canarias\/","og_locale":"en_US","og_type":"article","og_title":"Playa en las Islas Canarias - El Kaminante","og_description":"En las Islas Canarias, el Atl\u00e1ntico abraza un archipi\u00e9lago donde la diversidad natural, el clima privilegiado y la riqueza cultural se combinan para ofrecer experiencias \u00fanicas durante todo el a\u00f1o. Desde playas de arena dorada y aguas cristalinas hasta paisajes volc\u00e1nicos de gran belleza, cada isla presenta su propio car\u00e1cter, con contrastes que van desde dunas y acantilados hasta monta\u00f1as y bosques exuberantes. Destinos como Gran Canaria, Tenerife o Lanzarote reflejan esta variedad, donde la naturaleza y la vida local conviven en equilibrio. Los pueblos costeros, las ciudades animadas y los espacios naturales protegidos invitan tanto al descanso como a la exploraci\u00f3n, mientras que su gastronom\u00eda, influenciada por el mar y la tradici\u00f3n local, completa la experiencia. Con temperaturas suaves durante todo el a\u00f1o, las Islas Canarias se consolidan como un destino vers\u00e1til que combina playa, paisajes \u00fanicos y una atm\u00f3sfera relajada que invita a disfrutar sin prisas.","og_url":"https:\/\/elkaminante.com.uy\/paquetes\/playa-en-las-islas-canarias\/","og_site_name":"El Kaminante","article_modified_time":"2026-04-17T12:39:55+00:00","twitter_card":"summary_large_image","schema":{"@context":"https:\/\/schema.org","@graph":[{"@type":"WebPage","@id":"https:\/\/elkaminante.com.uy\/paquetes\/playa-en-las-islas-canarias\/","url":"https:\/\/elkaminante.com.uy\/paquetes\/playa-en-las-islas-canarias\/","name":"Playa en las Islas Canarias - El Kaminante","isPartOf":{"@id":"https:\/\/elkaminante.com.uy\/#website"},"primaryImageOfPage":{"@id":"https:\/\/elkaminante.com.uy\/paquetes\/playa-en-las-islas-canarias\/#primaryimage"},"image":{"@id":"https:\/\/elkaminante.com.uy\/paquetes\/playa-en-las-islas-canarias\/#primaryimage"},"thumbnailUrl":"https:\/\/elkaminante.com.uy\/wp-content\/uploads\/2026\/03\/PAQ703.webp","datePublished":"2026-03-22T15:08:57+00:00","dateModified":"2026-04-17T12:39:55+00:00","breadcrumb":{"@id":"https:\/\/elkaminante.com.uy\/paquetes\/playa-en-las-islas-canarias\/#breadcrumb"},"inLanguage":"en-US","potentialAction":[{"@type":"ReadAction","target":["https:\/\/elkaminante.com.uy\/paquetes\/playa-en-las-islas-canarias\/"]}]},{"@type":"ImageObject","inLanguage":"en-US","@id":"https:\/\/elkaminante.com.uy\/paquetes\/playa-en-las-islas-canarias\/#primaryimage","url":"https:\/\/elkaminante.com.uy\/wp-content\/uploads\/2026\/03\/PAQ703.webp","contentUrl":"https:\/\/elkaminante.com.uy\/wp-content\/uploads\/2026\/03\/PAQ703.webp","width":800,"height":457},{"@type":"BreadcrumbList","@id":"https:\/\/elkaminante.com.uy\/paquetes\/playa-en-las-islas-canarias\/#breadcrumb","itemListElement":[{"@type":"ListItem","position":1,"name":"Inicio","item":"https:\/\/elkaminante.com.uy\/en\/"},{"@type":"ListItem","position":2,"name":"Viajes por el mundo","item":"https:\/\/elkaminante.com.uy\/en\/paquetes\/"},{"@type":"ListItem","position":3,"name":"Playa en las Islas Canarias"}]},{"@type":"WebSite","@id":"https:\/\/elkaminante.com.uy\/#website","url":"https:\/\/elkaminante.com.uy\/","name":"El Kaminante","description":"Viajes &amp; Turismo","publisher":{"@id":"https:\/\/elkaminante.com.uy\/#organization"},"potentialAction":[{"@type":"SearchAction","target":{"@type":"EntryPoint","urlTemplate":"https:\/\/elkaminante.com.uy\/?s={search_term_string}"},"query-input":{"@type":"PropertyValueSpecification","valueRequired":true,"valueName":"search_term_string"}}],"inLanguage":"en-US"},{"@type":"Organization","@id":"https:\/\/elkaminante.com.uy\/#organization","name":"El Kaminante","url":"https:\/\/elkaminante.com.uy\/","logo":{"@type":"ImageObject","inLanguage":"en-US","@id":"https:\/\/elkaminante.com.uy\/#\/schema\/logo\/image\/","url":"https:\/\/elkaminante.com.uy\/wp-content\/uploads\/2025\/02\/logo-elkaminante-blanco.svg","contentUrl":"https:\/\/elkaminante.com.uy\/wp-content\/uploads\/2025\/02\/logo-elkaminante-blanco.svg","caption":"El Kaminante"},"image":{"@id":"https:\/\/elkaminante.com.uy\/#\/schema\/logo\/image\/"}}]}},"_links":{"self":[{"href":"https:\/\/elkaminante.com.uy\/en\/wp-json\/wp\/v2\/product\/12991","targetHints":{"allow":["GET"]}}],"collection":[{"href":"https:\/\/elkaminante.com.uy\/en\/wp-json\/wp\/v2\/product"}],"about":[{"href":"https:\/\/elkaminante.com.uy\/en\/wp-json\/wp\/v2\/types\/product"}],"wp:featuredmedia":[{"embeddable":true,"href":"https:\/\/elkaminante.com.uy\/en\/wp-json\/wp\/v2\/media\/12989"}],"wp:attachment":[{"href":"https:\/\/elkaminante.com.uy\/en\/wp-json\/wp\/v2\/media?parent=12991"}],"wp:term":[{"taxonomy":"product_brand","embeddable":true,"href":"https:\/\/elkaminante.com.uy\/en\/wp-json\/wp\/v2\/product_brand?post=12991"},{"taxonomy":"product_cat","embeddable":true,"href":"https:\/\/elkaminante.com.uy\/en\/wp-json\/wp\/v2\/product_cat?post=12991"},{"taxonomy":"product_tag","embeddable":true,"href":"https:\/\/elkaminante.com.uy\/en\/wp-json\/wp\/v2\/product_tag?post=12991"}],"curies":[{"name":"wp","href":"https:\/\/api.w.org\/{rel}","templated":true}]}}