{"id":12965,"date":"2026-03-22T12:08:38","date_gmt":"2026-03-22T15:08:38","guid":{"rendered":"https:\/\/elkaminante.com.uy\/paquetes\/puglia-y-costa-amalfitana\/"},"modified":"2026-04-17T09:39:55","modified_gmt":"2026-04-17T12:39:55","slug":"puglia-y-costa-amalfitana","status":"publish","type":"product","link":"https:\/\/elkaminante.com.uy\/en\/paquetes\/puglia-y-costa-amalfitana\/","title":{"rendered":"Puglia y Costa Amalfitana"},"content":{"rendered":"","protected":false},"excerpt":{"rendered":"<p>Ubicado en Europa mediterr\u00e1nea, <b>Italia<\/b> es uno de los pa\u00edses europeos de gran importancia tur\u00edstica tanto por su gran cantidad de historia como por su peculiar tradici\u00f3n y gastronom\u00eda, convirti\u00e9ndolo en uno de los lugares m\u00e1s populares para hacer turismo. Est\u00e1 dividido en cinco regiones geogr\u00e1ficas, y entre las ciudades m\u00e1s populares que posee son <i>Roma, Mil\u00e1n, Venecia, Florencia, Bolonia, N\u00e1poles y Pisa, adem\u00e1s de contar con las islas de Sicilia y Cerde\u00f1a<\/i>.Su gastronom\u00eda es uno de los aspectos que m\u00e1s atraen a los turistas, la variedad y distinci\u00f3n de platillos est\u00e1n a lo largo del pa\u00eds, siempre con una caracter\u00edstica regional. En este pa\u00eds el rubro con mayor popularidad a nivel mundial es la moda, con gran cantidad de marcas de vestido y calzado, adem\u00e1s del sector automovil\u00edstico.<\/p>\n<p>El hecho de haber sido el lugar de encuentro de diversos pueblos la ha marcado profundamente, desde la m\u00e1s remota antig\u00fcedad, haciendo de <b>N\u00e1poles<\/b> en Italia, es una fuente de cultura. Basta con pasear por sus calles, llenas de tesoros art\u00edsticos y arquitect\u00f3nicos, para darse cuenta de ello. Es una ciudad con una magia \u00fanica, que incluye atractivos naturales. Desde la cocina hasta el entretenimiento y los est\u00edmulos de todo tipo: es imposible aburrirse. <i>Principales atractivos tur\u00edsticos:<\/i> el Castillo del Huevo, la Catedral, la Bas\u00edlica de San Francisco de Paula,  el Palacio Real, la calle de los Belenes y el Castel Nuovo, entre otros.<\/p>\n","protected":false},"featured_media":12963,"template":"","meta":{"_acf_changed":false,"inline_featured_image":false},"product_brand":[],"product_cat":[28,1579],"product_tag":[562,4252,518,2701,568,2279,124,856,1394,1005,3196,126,857,4270,4272,4273,667,666,120,61,3198,3282,128,858,4271,119],"class_list":{"0":"post-12965","1":"product","2":"type-product","3":"status-publish","4":"has-post-thumbnail","6":"product_cat-paquetes","7":"product_cat-uruguay","8":"product_tag-agosto","9":"product_tag-agosto-setiembre-2026auto-incluido","10":"product_tag-auto-incluido","11":"product_tag-bari","12":"product_tag-en-agosto","13":"product_tag-en-italia","14":"product_tag-europa","15":"product_tag-italia","16":"product_tag-italia-en-agosto","17":"product_tag-italia-en-italia","18":"product_tag-napoles","19":"product_tag-paquetes-a-europa","20":"product_tag-paquetes-a-italia","21":"product_tag-paquetes-a-napoles","22":"product_tag-polignano-a-mare","23":"product_tag-puglia-y-costa-amalfitana","24":"product_tag-septiembre","25":"product_tag-setiembre","26":"product_tag-sin-comidas","27":"product_tag-sin-destino","28":"product_tag-sorrento","29":"product_tag-temporada-baja","30":"product_tag-viajes-a-europa","31":"product_tag-viajes-a-italia","32":"product_tag-viajes-a-napoles","33":"product_tag-vuelo-y-hotel","34":"entry","35":"has-media","37":"first","38":"instock","39":"shipping-taxable","40":"purchasable","41":"product-type-simple"},"acf":[],"yoast_head":"<!-- This site is optimized with the Yoast SEO plugin v27.2 - https:\/\/yoast.com\/product\/yoast-seo-wordpress\/ -->\n<title>Puglia y Costa Amalfitana - El Kaminante<\/title>\n<meta name=\"robots\" content=\"index, follow, max-snippet:-1, max-image-preview:large, max-video-preview:-1\" \/>\n<link rel=\"canonical\" href=\"https:\/\/elkaminante.com.uy\/paquetes\/puglia-y-costa-amalfitana\/\" \/>\n<meta property=\"og:locale\" content=\"en_US\" \/>\n<meta property=\"og:type\" content=\"article\" \/>\n<meta property=\"og:title\" content=\"Puglia y Costa Amalfitana - El Kaminante\" \/>\n<meta property=\"og:description\" content=\"Ubicado en Europa mediterr\u00e1nea, Italia es uno de los pa\u00edses europeos de gran importancia tur\u00edstica tanto por su gran cantidad de historia como por su peculiar tradici\u00f3n y gastronom\u00eda, convirti\u00e9ndolo en uno de los lugares m\u00e1s populares para hacer turismo. Est\u00e1 dividido en cinco regiones geogr\u00e1ficas, y entre las ciudades m\u00e1s populares que posee son Roma, Mil\u00e1n, Venecia, Florencia, Bolonia, N\u00e1poles y Pisa, adem\u00e1s de contar con las islas de Sicilia y Cerde\u00f1a.Su gastronom\u00eda es uno de los aspectos que m\u00e1s atraen a los turistas, la variedad y distinci\u00f3n de platillos est\u00e1n a lo largo del pa\u00eds, siempre con una caracter\u00edstica regional. En este pa\u00eds el rubro con mayor popularidad a nivel mundial es la moda, con gran cantidad de marcas de vestido y calzado, adem\u00e1s del sector automovil\u00edstico.El hecho de haber sido el lugar de encuentro de diversos pueblos la ha marcado profundamente, desde la m\u00e1s remota antig\u00fcedad, haciendo de N\u00e1poles en Italia, es una fuente de cultura. Basta con pasear por sus calles, llenas de tesoros art\u00edsticos y arquitect\u00f3nicos, para darse cuenta de ello. Es una ciudad con una magia \u00fanica, que incluye atractivos naturales. Desde la cocina hasta el entretenimiento y los est\u00edmulos de todo tipo: es imposible aburrirse. Principales atractivos tur\u00edsticos: el Castillo del Huevo, la Catedral, la Bas\u00edlica de San Francisco de Paula, el Palacio Real, la calle de los Belenes y el Castel Nuovo, entre otros.\" \/>\n<meta property=\"og:url\" content=\"https:\/\/elkaminante.com.uy\/paquetes\/puglia-y-costa-amalfitana\/\" \/>\n<meta property=\"og:site_name\" content=\"El Kaminante\" \/>\n<meta property=\"article:modified_time\" content=\"2026-04-17T12:39:55+00:00\" \/>\n<meta name=\"twitter:card\" content=\"summary_large_image\" \/>\n<script type=\"application\/ld+json\" class=\"yoast-schema-graph\">{\"@context\":\"https:\/\/schema.org\",\"@graph\":[{\"@type\":\"WebPage\",\"@id\":\"https:\/\/elkaminante.com.uy\/paquetes\/puglia-y-costa-amalfitana\/\",\"url\":\"https:\/\/elkaminante.com.uy\/paquetes\/puglia-y-costa-amalfitana\/\",\"name\":\"Puglia y Costa Amalfitana - El Kaminante\",\"isPartOf\":{\"@id\":\"https:\/\/elkaminante.com.uy\/#website\"},\"primaryImageOfPage\":{\"@id\":\"https:\/\/elkaminante.com.uy\/paquetes\/puglia-y-costa-amalfitana\/#primaryimage\"},\"image\":{\"@id\":\"https:\/\/elkaminante.com.uy\/paquetes\/puglia-y-costa-amalfitana\/#primaryimage\"},\"thumbnailUrl\":\"https:\/\/elkaminante.com.uy\/wp-content\/uploads\/2026\/03\/PAQ699.webp\",\"datePublished\":\"2026-03-22T15:08:38+00:00\",\"dateModified\":\"2026-04-17T12:39:55+00:00\",\"breadcrumb\":{\"@id\":\"https:\/\/elkaminante.com.uy\/paquetes\/puglia-y-costa-amalfitana\/#breadcrumb\"},\"inLanguage\":\"en-US\",\"potentialAction\":[{\"@type\":\"ReadAction\",\"target\":[\"https:\/\/elkaminante.com.uy\/paquetes\/puglia-y-costa-amalfitana\/\"]}]},{\"@type\":\"ImageObject\",\"inLanguage\":\"en-US\",\"@id\":\"https:\/\/elkaminante.com.uy\/paquetes\/puglia-y-costa-amalfitana\/#primaryimage\",\"url\":\"https:\/\/elkaminante.com.uy\/wp-content\/uploads\/2026\/03\/PAQ699.webp\",\"contentUrl\":\"https:\/\/elkaminante.com.uy\/wp-content\/uploads\/2026\/03\/PAQ699.webp\",\"width\":800,\"height\":457},{\"@type\":\"BreadcrumbList\",\"@id\":\"https:\/\/elkaminante.com.uy\/paquetes\/puglia-y-costa-amalfitana\/#breadcrumb\",\"itemListElement\":[{\"@type\":\"ListItem\",\"position\":1,\"name\":\"Inicio\",\"item\":\"https:\/\/elkaminante.com.uy\/en\/\"},{\"@type\":\"ListItem\",\"position\":2,\"name\":\"Viajes por el mundo\",\"item\":\"https:\/\/elkaminante.com.uy\/en\/paquetes\/\"},{\"@type\":\"ListItem\",\"position\":3,\"name\":\"Puglia y Costa Amalfitana\"}]},{\"@type\":\"WebSite\",\"@id\":\"https:\/\/elkaminante.com.uy\/#website\",\"url\":\"https:\/\/elkaminante.com.uy\/\",\"name\":\"El Kaminante\",\"description\":\"Viajes &amp; Turismo\",\"publisher\":{\"@id\":\"https:\/\/elkaminante.com.uy\/#organization\"},\"potentialAction\":[{\"@type\":\"SearchAction\",\"target\":{\"@type\":\"EntryPoint\",\"urlTemplate\":\"https:\/\/elkaminante.com.uy\/?s={search_term_string}\"},\"query-input\":{\"@type\":\"PropertyValueSpecification\",\"valueRequired\":true,\"valueName\":\"search_term_string\"}}],\"inLanguage\":\"en-US\"},{\"@type\":\"Organization\",\"@id\":\"https:\/\/elkaminante.com.uy\/#organization\",\"name\":\"El Kaminante\",\"url\":\"https:\/\/elkaminante.com.uy\/\",\"logo\":{\"@type\":\"ImageObject\",\"inLanguage\":\"en-US\",\"@id\":\"https:\/\/elkaminante.com.uy\/#\/schema\/logo\/image\/\",\"url\":\"https:\/\/elkaminante.com.uy\/wp-content\/uploads\/2025\/02\/logo-elkaminante-blanco.svg\",\"contentUrl\":\"https:\/\/elkaminante.com.uy\/wp-content\/uploads\/2025\/02\/logo-elkaminante-blanco.svg\",\"caption\":\"El Kaminante\"},\"image\":{\"@id\":\"https:\/\/elkaminante.com.uy\/#\/schema\/logo\/image\/\"}}]}<\/script>\n<!-- \/ Yoast SEO plugin. -->","yoast_head_json":{"title":"Puglia y Costa Amalfitana - El Kaminante","robots":{"index":"index","follow":"follow","max-snippet":"max-snippet:-1","max-image-preview":"max-image-preview:large","max-video-preview":"max-video-preview:-1"},"canonical":"https:\/\/elkaminante.com.uy\/paquetes\/puglia-y-costa-amalfitana\/","og_locale":"en_US","og_type":"article","og_title":"Puglia y Costa Amalfitana - El Kaminante","og_description":"Ubicado en Europa mediterr\u00e1nea, Italia es uno de los pa\u00edses europeos de gran importancia tur\u00edstica tanto por su gran cantidad de historia como por su peculiar tradici\u00f3n y gastronom\u00eda, convirti\u00e9ndolo en uno de los lugares m\u00e1s populares para hacer turismo. Est\u00e1 dividido en cinco regiones geogr\u00e1ficas, y entre las ciudades m\u00e1s populares que posee son Roma, Mil\u00e1n, Venecia, Florencia, Bolonia, N\u00e1poles y Pisa, adem\u00e1s de contar con las islas de Sicilia y Cerde\u00f1a.Su gastronom\u00eda es uno de los aspectos que m\u00e1s atraen a los turistas, la variedad y distinci\u00f3n de platillos est\u00e1n a lo largo del pa\u00eds, siempre con una caracter\u00edstica regional. En este pa\u00eds el rubro con mayor popularidad a nivel mundial es la moda, con gran cantidad de marcas de vestido y calzado, adem\u00e1s del sector automovil\u00edstico.El hecho de haber sido el lugar de encuentro de diversos pueblos la ha marcado profundamente, desde la m\u00e1s remota antig\u00fcedad, haciendo de N\u00e1poles en Italia, es una fuente de cultura. Basta con pasear por sus calles, llenas de tesoros art\u00edsticos y arquitect\u00f3nicos, para darse cuenta de ello. Es una ciudad con una magia \u00fanica, que incluye atractivos naturales. Desde la cocina hasta el entretenimiento y los est\u00edmulos de todo tipo: es imposible aburrirse. Principales atractivos tur\u00edsticos: el Castillo del Huevo, la Catedral, la Bas\u00edlica de San Francisco de Paula, el Palacio Real, la calle de los Belenes y el Castel Nuovo, entre otros.","og_url":"https:\/\/elkaminante.com.uy\/paquetes\/puglia-y-costa-amalfitana\/","og_site_name":"El Kaminante","article_modified_time":"2026-04-17T12:39:55+00:00","twitter_card":"summary_large_image","schema":{"@context":"https:\/\/schema.org","@graph":[{"@type":"WebPage","@id":"https:\/\/elkaminante.com.uy\/paquetes\/puglia-y-costa-amalfitana\/","url":"https:\/\/elkaminante.com.uy\/paquetes\/puglia-y-costa-amalfitana\/","name":"Puglia y Costa Amalfitana - El Kaminante","isPartOf":{"@id":"https:\/\/elkaminante.com.uy\/#website"},"primaryImageOfPage":{"@id":"https:\/\/elkaminante.com.uy\/paquetes\/puglia-y-costa-amalfitana\/#primaryimage"},"image":{"@id":"https:\/\/elkaminante.com.uy\/paquetes\/puglia-y-costa-amalfitana\/#primaryimage"},"thumbnailUrl":"https:\/\/elkaminante.com.uy\/wp-content\/uploads\/2026\/03\/PAQ699.webp","datePublished":"2026-03-22T15:08:38+00:00","dateModified":"2026-04-17T12:39:55+00:00","breadcrumb":{"@id":"https:\/\/elkaminante.com.uy\/paquetes\/puglia-y-costa-amalfitana\/#breadcrumb"},"inLanguage":"en-US","potentialAction":[{"@type":"ReadAction","target":["https:\/\/elkaminante.com.uy\/paquetes\/puglia-y-costa-amalfitana\/"]}]},{"@type":"ImageObject","inLanguage":"en-US","@id":"https:\/\/elkaminante.com.uy\/paquetes\/puglia-y-costa-amalfitana\/#primaryimage","url":"https:\/\/elkaminante.com.uy\/wp-content\/uploads\/2026\/03\/PAQ699.webp","contentUrl":"https:\/\/elkaminante.com.uy\/wp-content\/uploads\/2026\/03\/PAQ699.webp","width":800,"height":457},{"@type":"BreadcrumbList","@id":"https:\/\/elkaminante.com.uy\/paquetes\/puglia-y-costa-amalfitana\/#breadcrumb","itemListElement":[{"@type":"ListItem","position":1,"name":"Inicio","item":"https:\/\/elkaminante.com.uy\/en\/"},{"@type":"ListItem","position":2,"name":"Viajes por el mundo","item":"https:\/\/elkaminante.com.uy\/en\/paquetes\/"},{"@type":"ListItem","position":3,"name":"Puglia y Costa Amalfitana"}]},{"@type":"WebSite","@id":"https:\/\/elkaminante.com.uy\/#website","url":"https:\/\/elkaminante.com.uy\/","name":"El Kaminante","description":"Viajes &amp; Turismo","publisher":{"@id":"https:\/\/elkaminante.com.uy\/#organization"},"potentialAction":[{"@type":"SearchAction","target":{"@type":"EntryPoint","urlTemplate":"https:\/\/elkaminante.com.uy\/?s={search_term_string}"},"query-input":{"@type":"PropertyValueSpecification","valueRequired":true,"valueName":"search_term_string"}}],"inLanguage":"en-US"},{"@type":"Organization","@id":"https:\/\/elkaminante.com.uy\/#organization","name":"El Kaminante","url":"https:\/\/elkaminante.com.uy\/","logo":{"@type":"ImageObject","inLanguage":"en-US","@id":"https:\/\/elkaminante.com.uy\/#\/schema\/logo\/image\/","url":"https:\/\/elkaminante.com.uy\/wp-content\/uploads\/2025\/02\/logo-elkaminante-blanco.svg","contentUrl":"https:\/\/elkaminante.com.uy\/wp-content\/uploads\/2025\/02\/logo-elkaminante-blanco.svg","caption":"El Kaminante"},"image":{"@id":"https:\/\/elkaminante.com.uy\/#\/schema\/logo\/image\/"}}]}},"_links":{"self":[{"href":"https:\/\/elkaminante.com.uy\/en\/wp-json\/wp\/v2\/product\/12965","targetHints":{"allow":["GET"]}}],"collection":[{"href":"https:\/\/elkaminante.com.uy\/en\/wp-json\/wp\/v2\/product"}],"about":[{"href":"https:\/\/elkaminante.com.uy\/en\/wp-json\/wp\/v2\/types\/product"}],"wp:featuredmedia":[{"embeddable":true,"href":"https:\/\/elkaminante.com.uy\/en\/wp-json\/wp\/v2\/media\/12963"}],"wp:attachment":[{"href":"https:\/\/elkaminante.com.uy\/en\/wp-json\/wp\/v2\/media?parent=12965"}],"wp:term":[{"taxonomy":"product_brand","embeddable":true,"href":"https:\/\/elkaminante.com.uy\/en\/wp-json\/wp\/v2\/product_brand?post=12965"},{"taxonomy":"product_cat","embeddable":true,"href":"https:\/\/elkaminante.com.uy\/en\/wp-json\/wp\/v2\/product_cat?post=12965"},{"taxonomy":"product_tag","embeddable":true,"href":"https:\/\/elkaminante.com.uy\/en\/wp-json\/wp\/v2\/product_tag?post=12965"}],"curies":[{"name":"wp","href":"https:\/\/api.w.org\/{rel}","templated":true}]}}