{"id":12958,"date":"2026-03-22T12:08:35","date_gmt":"2026-03-22T15:08:35","guid":{"rendered":"https:\/\/elkaminante.com.uy\/paquetes\/sur-de-espana-y-algarve\/"},"modified":"2026-04-17T09:39:55","modified_gmt":"2026-04-17T12:39:55","slug":"sur-de-espana-y-algarve","status":"publish","type":"product","link":"https:\/\/elkaminante.com.uy\/en\/paquetes\/sur-de-espana-y-algarve\/","title":{"rendered":"Sur de Espa\u00f1a y Algarve"},"content":{"rendered":"","protected":false},"excerpt":{"rendered":"<p>Espa\u00f1a es un pa\u00eds lleno de encanto y diversidad, donde la historia y la cultura se entrelazan con paisajes impresionantes. Desde las playas doradas de la Costa del Sol hasta las majestuosas monta\u00f1as de los Picos de Europa, Espa\u00f1a ofrece una experiencia \u00fanica para los viajeros. Sum\u00e9rgete en la vibrante vida nocturna de Madrid, explora la arquitectura \u00fanica de Barcelona y d\u00e9jate cautivar por la magia de Sevilla con su flamenco y su rica historia. Con una cocina deliciosa que var\u00eda de regi\u00f3n a regi\u00f3n y una gente c\u00e1lida y acogedora, Espa\u00f1a invita a descubrir su diversidad y su belleza en cada rinc\u00f3n del pa\u00eds.<\/p>\n<p><b>Sevilla<\/b>, capital de la provincia y de Andaluc\u00eda, es una ciudad universal, enclavada en el Bajo Guadalquivir, hasta donde \u00e9ste es navegable. En sus tierras se han asentado romanos, visigodos, musulmanes y cristianos a lo largo de los siglos, por lo que la riqueza de su patrimonio es s\u00f3lo igualable a su extensi\u00f3n. En definitiva, Sevilla representa la m\u00e1s pura esencia andaluza, su cultura, sus monumentos, hacen de ella una de las ciudades m\u00e1s bellas y singulares que el viajero puede contemplar, transport\u00e1ndolo al volver cada esquina, al recuerdo de una \u00e9poca gloriosa. Adem\u00e1s, la gastronom\u00eda sevillana es un reflejo de toda su historia, destacando platos como el menudo, la ternera a la sevillana, las espinacas con garbanzos, y de postre, las tortas de aceite. <i>Principales atractivos tur\u00edsticos:<\/i>la Plaza de Espa\u00f1a, Real Alc\u00e1zar de Sevilla, la Giralda, la Torre de Oro, las Setas de Sevilla, el Parque Mar\u00eda Luisa, La Plaza de Toros y los barrios de la Triana y la Santa Cruz entre otros.<\/p>\n<p><b>Portugal<\/b> pertenece a la Uni\u00f3n Europea y tiene como capital a la ciudad de Lisboa, la cual es, tambi\u00e9n la m\u00e1s poblada, incluyendo tambi\u00e9n dentro de su territorio a los archipi\u00e9lagos aut\u00f3nomos de las Azores y de Madeira, que se ubican en el hemisferio norte del oc\u00e9ano Atl\u00e1ntico. La gastronom\u00eda de Portugal es principalmente mediterr\u00e1nea con influencias \u00e1rabes, espa\u00f1olas y brasile\u00f1as que presentan ingredientes como el pan, aceites, especias, quesos y dem\u00e1s carnes, destacando tambi\u00e9n su tradici\u00f3n vin\u00edcola. Portugal es un pa\u00eds muy religioso, por lo que se celebran todas las festividades mundiales para el catolicismo, adem\u00e1s de sus particulares fiestas religiosas como el Carnaval, la Fiesta de la Flor en Madeiras y la Fiesta del Esp\u00edritu Santo en las Azores. <i>Principales ciudades:<\/i>Lisboa (capital), Oporto, Aveiro, Braga, Co\u00edmbra, Guimar\u00e3es, \u00c9vora y Faro, entre otras.<\/p>\n","protected":false},"featured_media":12956,"template":"","meta":{"_acf_changed":false,"inline_featured_image":false},"product_brand":[],"product_cat":[28,1579],"product_tag":[562,4252,518,568,2059,2068,123,124,1392,1366,4268,3188,3237,4267,125,126,586,874,585,667,666,873,120,4269,3282,127,128,587,875,119],"class_list":{"0":"post-12958","1":"product","2":"type-product","3":"status-publish","4":"has-post-thumbnail","6":"product_cat-paquetes","7":"product_cat-uruguay","8":"product_tag-agosto","9":"product_tag-agosto-setiembre-2026auto-incluido","10":"product_tag-auto-incluido","11":"product_tag-en-agosto","12":"product_tag-en-espana","13":"product_tag-en-europa","14":"product_tag-espana","15":"product_tag-europa","16":"product_tag-europa-en-agosto","17":"product_tag-europa-en-espana","18":"product_tag-faro","19":"product_tag-lagos","20":"product_tag-malaga","21":"product_tag-nerja","22":"product_tag-paquetes-a-espana","23":"product_tag-paquetes-a-europa","24":"product_tag-paquetes-a-portugal","25":"product_tag-paquetes-a-sevilla","26":"product_tag-portugal","27":"product_tag-septiembre","28":"product_tag-setiembre","29":"product_tag-sevilla","30":"product_tag-sin-comidas","31":"product_tag-sur-de-espana-y-algarve","32":"product_tag-temporada-baja","33":"product_tag-viajes-a-espana","34":"product_tag-viajes-a-europa","35":"product_tag-viajes-a-portugal","36":"product_tag-viajes-a-sevilla","37":"product_tag-vuelo-y-hotel","38":"entry","39":"has-media","41":"first","42":"instock","43":"shipping-taxable","44":"purchasable","45":"product-type-simple"},"acf":[],"yoast_head":"<!-- This site is optimized with the Yoast SEO plugin v27.2 - https:\/\/yoast.com\/product\/yoast-seo-wordpress\/ -->\n<title>Sur de Espa\u00f1a y Algarve - El Kaminante<\/title>\n<meta name=\"robots\" content=\"index, follow, max-snippet:-1, max-image-preview:large, max-video-preview:-1\" \/>\n<link rel=\"canonical\" href=\"https:\/\/elkaminante.com.uy\/paquetes\/sur-de-espana-y-algarve\/\" \/>\n<meta property=\"og:locale\" content=\"en_US\" \/>\n<meta property=\"og:type\" content=\"article\" \/>\n<meta property=\"og:title\" content=\"Sur de Espa\u00f1a y Algarve - El Kaminante\" \/>\n<meta property=\"og:description\" content=\"Espa\u00f1a es un pa\u00eds lleno de encanto y diversidad, donde la historia y la cultura se entrelazan con paisajes impresionantes. Desde las playas doradas de la Costa del Sol hasta las majestuosas monta\u00f1as de los Picos de Europa, Espa\u00f1a ofrece una experiencia \u00fanica para los viajeros. Sum\u00e9rgete en la vibrante vida nocturna de Madrid, explora la arquitectura \u00fanica de Barcelona y d\u00e9jate cautivar por la magia de Sevilla con su flamenco y su rica historia. Con una cocina deliciosa que var\u00eda de regi\u00f3n a regi\u00f3n y una gente c\u00e1lida y acogedora, Espa\u00f1a invita a descubrir su diversidad y su belleza en cada rinc\u00f3n del pa\u00eds.Sevilla, capital de la provincia y de Andaluc\u00eda, es una ciudad universal, enclavada en el Bajo Guadalquivir, hasta donde \u00e9ste es navegable. En sus tierras se han asentado romanos, visigodos, musulmanes y cristianos a lo largo de los siglos, por lo que la riqueza de su patrimonio es s\u00f3lo igualable a su extensi\u00f3n. En definitiva, Sevilla representa la m\u00e1s pura esencia andaluza, su cultura, sus monumentos, hacen de ella una de las ciudades m\u00e1s bellas y singulares que el viajero puede contemplar, transport\u00e1ndolo al volver cada esquina, al recuerdo de una \u00e9poca gloriosa. Adem\u00e1s, la gastronom\u00eda sevillana es un reflejo de toda su historia, destacando platos como el menudo, la ternera a la sevillana, las espinacas con garbanzos, y de postre, las tortas de aceite. Principales atractivos tur\u00edsticos:la Plaza de Espa\u00f1a, Real Alc\u00e1zar de Sevilla, la Giralda, la Torre de Oro, las Setas de Sevilla, el Parque Mar\u00eda Luisa, La Plaza de Toros y los barrios de la Triana y la Santa Cruz entre otros.Portugal pertenece a la Uni\u00f3n Europea y tiene como capital a la ciudad de Lisboa, la cual es, tambi\u00e9n la m\u00e1s poblada, incluyendo tambi\u00e9n dentro de su territorio a los archipi\u00e9lagos aut\u00f3nomos de las Azores y de Madeira, que se ubican en el hemisferio norte del oc\u00e9ano Atl\u00e1ntico. La gastronom\u00eda de Portugal es principalmente mediterr\u00e1nea con influencias \u00e1rabes, espa\u00f1olas y brasile\u00f1as que presentan ingredientes como el pan, aceites, especias, quesos y dem\u00e1s carnes, destacando tambi\u00e9n su tradici\u00f3n vin\u00edcola. Portugal es un pa\u00eds muy religioso, por lo que se celebran todas las festividades mundiales para el catolicismo, adem\u00e1s de sus particulares fiestas religiosas como el Carnaval, la Fiesta de la Flor en Madeiras y la Fiesta del Esp\u00edritu Santo en las Azores. Principales ciudades:Lisboa (capital), Oporto, Aveiro, Braga, Co\u00edmbra, Guimar\u00e3es, \u00c9vora y Faro, entre otras.\" \/>\n<meta property=\"og:url\" content=\"https:\/\/elkaminante.com.uy\/paquetes\/sur-de-espana-y-algarve\/\" \/>\n<meta property=\"og:site_name\" content=\"El Kaminante\" \/>\n<meta property=\"article:modified_time\" content=\"2026-04-17T12:39:55+00:00\" \/>\n<meta name=\"twitter:card\" content=\"summary_large_image\" \/>\n<script type=\"application\/ld+json\" class=\"yoast-schema-graph\">{\"@context\":\"https:\/\/schema.org\",\"@graph\":[{\"@type\":\"WebPage\",\"@id\":\"https:\/\/elkaminante.com.uy\/paquetes\/sur-de-espana-y-algarve\/\",\"url\":\"https:\/\/elkaminante.com.uy\/paquetes\/sur-de-espana-y-algarve\/\",\"name\":\"Sur de Espa\u00f1a y Algarve - El Kaminante\",\"isPartOf\":{\"@id\":\"https:\/\/elkaminante.com.uy\/#website\"},\"primaryImageOfPage\":{\"@id\":\"https:\/\/elkaminante.com.uy\/paquetes\/sur-de-espana-y-algarve\/#primaryimage\"},\"image\":{\"@id\":\"https:\/\/elkaminante.com.uy\/paquetes\/sur-de-espana-y-algarve\/#primaryimage\"},\"thumbnailUrl\":\"https:\/\/elkaminante.com.uy\/wp-content\/uploads\/2026\/03\/PAQ698.webp\",\"datePublished\":\"2026-03-22T15:08:35+00:00\",\"dateModified\":\"2026-04-17T12:39:55+00:00\",\"breadcrumb\":{\"@id\":\"https:\/\/elkaminante.com.uy\/paquetes\/sur-de-espana-y-algarve\/#breadcrumb\"},\"inLanguage\":\"en-US\",\"potentialAction\":[{\"@type\":\"ReadAction\",\"target\":[\"https:\/\/elkaminante.com.uy\/paquetes\/sur-de-espana-y-algarve\/\"]}]},{\"@type\":\"ImageObject\",\"inLanguage\":\"en-US\",\"@id\":\"https:\/\/elkaminante.com.uy\/paquetes\/sur-de-espana-y-algarve\/#primaryimage\",\"url\":\"https:\/\/elkaminante.com.uy\/wp-content\/uploads\/2026\/03\/PAQ698.webp\",\"contentUrl\":\"https:\/\/elkaminante.com.uy\/wp-content\/uploads\/2026\/03\/PAQ698.webp\",\"width\":800,\"height\":457},{\"@type\":\"BreadcrumbList\",\"@id\":\"https:\/\/elkaminante.com.uy\/paquetes\/sur-de-espana-y-algarve\/#breadcrumb\",\"itemListElement\":[{\"@type\":\"ListItem\",\"position\":1,\"name\":\"Inicio\",\"item\":\"https:\/\/elkaminante.com.uy\/en\/\"},{\"@type\":\"ListItem\",\"position\":2,\"name\":\"Viajes por el mundo\",\"item\":\"https:\/\/elkaminante.com.uy\/en\/paquetes\/\"},{\"@type\":\"ListItem\",\"position\":3,\"name\":\"Sur de Espa\u00f1a y Algarve\"}]},{\"@type\":\"WebSite\",\"@id\":\"https:\/\/elkaminante.com.uy\/#website\",\"url\":\"https:\/\/elkaminante.com.uy\/\",\"name\":\"El Kaminante\",\"description\":\"Viajes &amp; Turismo\",\"publisher\":{\"@id\":\"https:\/\/elkaminante.com.uy\/#organization\"},\"potentialAction\":[{\"@type\":\"SearchAction\",\"target\":{\"@type\":\"EntryPoint\",\"urlTemplate\":\"https:\/\/elkaminante.com.uy\/?s={search_term_string}\"},\"query-input\":{\"@type\":\"PropertyValueSpecification\",\"valueRequired\":true,\"valueName\":\"search_term_string\"}}],\"inLanguage\":\"en-US\"},{\"@type\":\"Organization\",\"@id\":\"https:\/\/elkaminante.com.uy\/#organization\",\"name\":\"El Kaminante\",\"url\":\"https:\/\/elkaminante.com.uy\/\",\"logo\":{\"@type\":\"ImageObject\",\"inLanguage\":\"en-US\",\"@id\":\"https:\/\/elkaminante.com.uy\/#\/schema\/logo\/image\/\",\"url\":\"https:\/\/elkaminante.com.uy\/wp-content\/uploads\/2025\/02\/logo-elkaminante-blanco.svg\",\"contentUrl\":\"https:\/\/elkaminante.com.uy\/wp-content\/uploads\/2025\/02\/logo-elkaminante-blanco.svg\",\"caption\":\"El Kaminante\"},\"image\":{\"@id\":\"https:\/\/elkaminante.com.uy\/#\/schema\/logo\/image\/\"}}]}<\/script>\n<!-- \/ Yoast SEO plugin. -->","yoast_head_json":{"title":"Sur de Espa\u00f1a y Algarve - El Kaminante","robots":{"index":"index","follow":"follow","max-snippet":"max-snippet:-1","max-image-preview":"max-image-preview:large","max-video-preview":"max-video-preview:-1"},"canonical":"https:\/\/elkaminante.com.uy\/paquetes\/sur-de-espana-y-algarve\/","og_locale":"en_US","og_type":"article","og_title":"Sur de Espa\u00f1a y Algarve - El Kaminante","og_description":"Espa\u00f1a es un pa\u00eds lleno de encanto y diversidad, donde la historia y la cultura se entrelazan con paisajes impresionantes. Desde las playas doradas de la Costa del Sol hasta las majestuosas monta\u00f1as de los Picos de Europa, Espa\u00f1a ofrece una experiencia \u00fanica para los viajeros. Sum\u00e9rgete en la vibrante vida nocturna de Madrid, explora la arquitectura \u00fanica de Barcelona y d\u00e9jate cautivar por la magia de Sevilla con su flamenco y su rica historia. Con una cocina deliciosa que var\u00eda de regi\u00f3n a regi\u00f3n y una gente c\u00e1lida y acogedora, Espa\u00f1a invita a descubrir su diversidad y su belleza en cada rinc\u00f3n del pa\u00eds.Sevilla, capital de la provincia y de Andaluc\u00eda, es una ciudad universal, enclavada en el Bajo Guadalquivir, hasta donde \u00e9ste es navegable. En sus tierras se han asentado romanos, visigodos, musulmanes y cristianos a lo largo de los siglos, por lo que la riqueza de su patrimonio es s\u00f3lo igualable a su extensi\u00f3n. En definitiva, Sevilla representa la m\u00e1s pura esencia andaluza, su cultura, sus monumentos, hacen de ella una de las ciudades m\u00e1s bellas y singulares que el viajero puede contemplar, transport\u00e1ndolo al volver cada esquina, al recuerdo de una \u00e9poca gloriosa. Adem\u00e1s, la gastronom\u00eda sevillana es un reflejo de toda su historia, destacando platos como el menudo, la ternera a la sevillana, las espinacas con garbanzos, y de postre, las tortas de aceite. Principales atractivos tur\u00edsticos:la Plaza de Espa\u00f1a, Real Alc\u00e1zar de Sevilla, la Giralda, la Torre de Oro, las Setas de Sevilla, el Parque Mar\u00eda Luisa, La Plaza de Toros y los barrios de la Triana y la Santa Cruz entre otros.Portugal pertenece a la Uni\u00f3n Europea y tiene como capital a la ciudad de Lisboa, la cual es, tambi\u00e9n la m\u00e1s poblada, incluyendo tambi\u00e9n dentro de su territorio a los archipi\u00e9lagos aut\u00f3nomos de las Azores y de Madeira, que se ubican en el hemisferio norte del oc\u00e9ano Atl\u00e1ntico. La gastronom\u00eda de Portugal es principalmente mediterr\u00e1nea con influencias \u00e1rabes, espa\u00f1olas y brasile\u00f1as que presentan ingredientes como el pan, aceites, especias, quesos y dem\u00e1s carnes, destacando tambi\u00e9n su tradici\u00f3n vin\u00edcola. Portugal es un pa\u00eds muy religioso, por lo que se celebran todas las festividades mundiales para el catolicismo, adem\u00e1s de sus particulares fiestas religiosas como el Carnaval, la Fiesta de la Flor en Madeiras y la Fiesta del Esp\u00edritu Santo en las Azores. Principales ciudades:Lisboa (capital), Oporto, Aveiro, Braga, Co\u00edmbra, Guimar\u00e3es, \u00c9vora y Faro, entre otras.","og_url":"https:\/\/elkaminante.com.uy\/paquetes\/sur-de-espana-y-algarve\/","og_site_name":"El Kaminante","article_modified_time":"2026-04-17T12:39:55+00:00","twitter_card":"summary_large_image","schema":{"@context":"https:\/\/schema.org","@graph":[{"@type":"WebPage","@id":"https:\/\/elkaminante.com.uy\/paquetes\/sur-de-espana-y-algarve\/","url":"https:\/\/elkaminante.com.uy\/paquetes\/sur-de-espana-y-algarve\/","name":"Sur de Espa\u00f1a y Algarve - El Kaminante","isPartOf":{"@id":"https:\/\/elkaminante.com.uy\/#website"},"primaryImageOfPage":{"@id":"https:\/\/elkaminante.com.uy\/paquetes\/sur-de-espana-y-algarve\/#primaryimage"},"image":{"@id":"https:\/\/elkaminante.com.uy\/paquetes\/sur-de-espana-y-algarve\/#primaryimage"},"thumbnailUrl":"https:\/\/elkaminante.com.uy\/wp-content\/uploads\/2026\/03\/PAQ698.webp","datePublished":"2026-03-22T15:08:35+00:00","dateModified":"2026-04-17T12:39:55+00:00","breadcrumb":{"@id":"https:\/\/elkaminante.com.uy\/paquetes\/sur-de-espana-y-algarve\/#breadcrumb"},"inLanguage":"en-US","potentialAction":[{"@type":"ReadAction","target":["https:\/\/elkaminante.com.uy\/paquetes\/sur-de-espana-y-algarve\/"]}]},{"@type":"ImageObject","inLanguage":"en-US","@id":"https:\/\/elkaminante.com.uy\/paquetes\/sur-de-espana-y-algarve\/#primaryimage","url":"https:\/\/elkaminante.com.uy\/wp-content\/uploads\/2026\/03\/PAQ698.webp","contentUrl":"https:\/\/elkaminante.com.uy\/wp-content\/uploads\/2026\/03\/PAQ698.webp","width":800,"height":457},{"@type":"BreadcrumbList","@id":"https:\/\/elkaminante.com.uy\/paquetes\/sur-de-espana-y-algarve\/#breadcrumb","itemListElement":[{"@type":"ListItem","position":1,"name":"Inicio","item":"https:\/\/elkaminante.com.uy\/en\/"},{"@type":"ListItem","position":2,"name":"Viajes por el mundo","item":"https:\/\/elkaminante.com.uy\/en\/paquetes\/"},{"@type":"ListItem","position":3,"name":"Sur de Espa\u00f1a y Algarve"}]},{"@type":"WebSite","@id":"https:\/\/elkaminante.com.uy\/#website","url":"https:\/\/elkaminante.com.uy\/","name":"El Kaminante","description":"Viajes &amp; Turismo","publisher":{"@id":"https:\/\/elkaminante.com.uy\/#organization"},"potentialAction":[{"@type":"SearchAction","target":{"@type":"EntryPoint","urlTemplate":"https:\/\/elkaminante.com.uy\/?s={search_term_string}"},"query-input":{"@type":"PropertyValueSpecification","valueRequired":true,"valueName":"search_term_string"}}],"inLanguage":"en-US"},{"@type":"Organization","@id":"https:\/\/elkaminante.com.uy\/#organization","name":"El Kaminante","url":"https:\/\/elkaminante.com.uy\/","logo":{"@type":"ImageObject","inLanguage":"en-US","@id":"https:\/\/elkaminante.com.uy\/#\/schema\/logo\/image\/","url":"https:\/\/elkaminante.com.uy\/wp-content\/uploads\/2025\/02\/logo-elkaminante-blanco.svg","contentUrl":"https:\/\/elkaminante.com.uy\/wp-content\/uploads\/2025\/02\/logo-elkaminante-blanco.svg","caption":"El Kaminante"},"image":{"@id":"https:\/\/elkaminante.com.uy\/#\/schema\/logo\/image\/"}}]}},"_links":{"self":[{"href":"https:\/\/elkaminante.com.uy\/en\/wp-json\/wp\/v2\/product\/12958","targetHints":{"allow":["GET"]}}],"collection":[{"href":"https:\/\/elkaminante.com.uy\/en\/wp-json\/wp\/v2\/product"}],"about":[{"href":"https:\/\/elkaminante.com.uy\/en\/wp-json\/wp\/v2\/types\/product"}],"wp:featuredmedia":[{"embeddable":true,"href":"https:\/\/elkaminante.com.uy\/en\/wp-json\/wp\/v2\/media\/12956"}],"wp:attachment":[{"href":"https:\/\/elkaminante.com.uy\/en\/wp-json\/wp\/v2\/media?parent=12958"}],"wp:term":[{"taxonomy":"product_brand","embeddable":true,"href":"https:\/\/elkaminante.com.uy\/en\/wp-json\/wp\/v2\/product_brand?post=12958"},{"taxonomy":"product_cat","embeddable":true,"href":"https:\/\/elkaminante.com.uy\/en\/wp-json\/wp\/v2\/product_cat?post=12958"},{"taxonomy":"product_tag","embeddable":true,"href":"https:\/\/elkaminante.com.uy\/en\/wp-json\/wp\/v2\/product_tag?post=12958"}],"curies":[{"name":"wp","href":"https:\/\/api.w.org\/{rel}","templated":true}]}}