{"id":12943,"date":"2026-03-22T12:08:25","date_gmt":"2026-03-22T15:08:25","guid":{"rendered":"https:\/\/elkaminante.com.uy\/paquetes\/cerdena-y-sicilia\/"},"modified":"2026-04-17T09:39:55","modified_gmt":"2026-04-17T12:39:55","slug":"cerdena-y-sicilia","status":"publish","type":"product","link":"https:\/\/elkaminante.com.uy\/en\/paquetes\/cerdena-y-sicilia\/","title":{"rendered":"Cerde\u00f1a y Sicilia"},"content":{"rendered":"","protected":false},"excerpt":{"rendered":"<p>Ubicado en Europa mediterr\u00e1nea, <b>Italia<\/b> es uno de los pa\u00edses europeos de gran importancia tur\u00edstica tanto por su gran cantidad de historia como por su peculiar tradici\u00f3n y gastronom\u00eda, convirti\u00e9ndolo en uno de los lugares m\u00e1s populares para hacer turismo. Est\u00e1 dividido en cinco regiones geogr\u00e1ficas, y entre las ciudades m\u00e1s populares que posee son <i>Roma, Mil\u00e1n, Venecia, Florencia, Bolonia, N\u00e1poles y Pisa, adem\u00e1s de contar con las islas de Sicilia y Cerde\u00f1a<\/i>.Su gastronom\u00eda es uno de los aspectos que m\u00e1s atraen a los turistas, la variedad y distinci\u00f3n de platillos est\u00e1n a lo largo del pa\u00eds, siempre con una caracter\u00edstica regional. En este pa\u00eds el rubro con mayor popularidad a nivel mundial es la moda, con gran cantidad de marcas de vestido y calzado, adem\u00e1s del sector automovil\u00edstico.<\/p>\n","protected":false},"featured_media":12941,"template":"","meta":{"_acf_changed":false,"inline_featured_image":false},"product_brand":[],"product_cat":[28,1579],"product_tag":[562,4252,518,4253,4254,568,2279,124,856,1394,1005,65,126,857,918,667,666,4057,120,61,3282,128,858,119],"class_list":{"0":"post-12943","1":"product","2":"type-product","3":"status-publish","4":"has-post-thumbnail","6":"product_cat-paquetes","7":"product_cat-uruguay","8":"product_tag-agosto","9":"product_tag-agosto-setiembre-2026auto-incluido","10":"product_tag-auto-incluido","11":"product_tag-cerdena","12":"product_tag-cerdena-y-sicilia","13":"product_tag-en-agosto","14":"product_tag-en-italia","15":"product_tag-europa","16":"product_tag-italia","17":"product_tag-italia-en-agosto","18":"product_tag-italia-en-italia","19":"product_tag-no-aplica","20":"product_tag-paquetes-a-europa","21":"product_tag-paquetes-a-italia","22":"product_tag-roma","23":"product_tag-septiembre","24":"product_tag-setiembre","25":"product_tag-sicilia","26":"product_tag-sin-comidas","27":"product_tag-sin-destino","28":"product_tag-temporada-baja","29":"product_tag-viajes-a-europa","30":"product_tag-viajes-a-italia","31":"product_tag-vuelo-y-hotel","32":"entry","33":"has-media","35":"first","36":"instock","37":"shipping-taxable","38":"purchasable","39":"product-type-simple"},"acf":[],"yoast_head":"<!-- This site is optimized with the Yoast SEO plugin v27.2 - https:\/\/yoast.com\/product\/yoast-seo-wordpress\/ -->\n<title>Cerde\u00f1a y Sicilia - El Kaminante<\/title>\n<meta name=\"robots\" content=\"index, follow, max-snippet:-1, max-image-preview:large, max-video-preview:-1\" \/>\n<link rel=\"canonical\" href=\"https:\/\/elkaminante.com.uy\/paquetes\/cerdena-y-sicilia\/\" \/>\n<meta property=\"og:locale\" content=\"en_US\" \/>\n<meta property=\"og:type\" content=\"article\" \/>\n<meta property=\"og:title\" content=\"Cerde\u00f1a y Sicilia - El Kaminante\" \/>\n<meta property=\"og:description\" content=\"Ubicado en Europa mediterr\u00e1nea, Italia es uno de los pa\u00edses europeos de gran importancia tur\u00edstica tanto por su gran cantidad de historia como por su peculiar tradici\u00f3n y gastronom\u00eda, convirti\u00e9ndolo en uno de los lugares m\u00e1s populares para hacer turismo. Est\u00e1 dividido en cinco regiones geogr\u00e1ficas, y entre las ciudades m\u00e1s populares que posee son Roma, Mil\u00e1n, Venecia, Florencia, Bolonia, N\u00e1poles y Pisa, adem\u00e1s de contar con las islas de Sicilia y Cerde\u00f1a.Su gastronom\u00eda es uno de los aspectos que m\u00e1s atraen a los turistas, la variedad y distinci\u00f3n de platillos est\u00e1n a lo largo del pa\u00eds, siempre con una caracter\u00edstica regional. En este pa\u00eds el rubro con mayor popularidad a nivel mundial es la moda, con gran cantidad de marcas de vestido y calzado, adem\u00e1s del sector automovil\u00edstico.\" \/>\n<meta property=\"og:url\" content=\"https:\/\/elkaminante.com.uy\/paquetes\/cerdena-y-sicilia\/\" \/>\n<meta property=\"og:site_name\" content=\"El Kaminante\" \/>\n<meta property=\"article:modified_time\" content=\"2026-04-17T12:39:55+00:00\" \/>\n<meta name=\"twitter:card\" content=\"summary_large_image\" \/>\n<script type=\"application\/ld+json\" class=\"yoast-schema-graph\">{\"@context\":\"https:\/\/schema.org\",\"@graph\":[{\"@type\":\"WebPage\",\"@id\":\"https:\/\/elkaminante.com.uy\/paquetes\/cerdena-y-sicilia\/\",\"url\":\"https:\/\/elkaminante.com.uy\/paquetes\/cerdena-y-sicilia\/\",\"name\":\"Cerde\u00f1a y Sicilia - El Kaminante\",\"isPartOf\":{\"@id\":\"https:\/\/elkaminante.com.uy\/#website\"},\"primaryImageOfPage\":{\"@id\":\"https:\/\/elkaminante.com.uy\/paquetes\/cerdena-y-sicilia\/#primaryimage\"},\"image\":{\"@id\":\"https:\/\/elkaminante.com.uy\/paquetes\/cerdena-y-sicilia\/#primaryimage\"},\"thumbnailUrl\":\"https:\/\/elkaminante.com.uy\/wp-content\/uploads\/2026\/03\/PAQ695.webp\",\"datePublished\":\"2026-03-22T15:08:25+00:00\",\"dateModified\":\"2026-04-17T12:39:55+00:00\",\"breadcrumb\":{\"@id\":\"https:\/\/elkaminante.com.uy\/paquetes\/cerdena-y-sicilia\/#breadcrumb\"},\"inLanguage\":\"en-US\",\"potentialAction\":[{\"@type\":\"ReadAction\",\"target\":[\"https:\/\/elkaminante.com.uy\/paquetes\/cerdena-y-sicilia\/\"]}]},{\"@type\":\"ImageObject\",\"inLanguage\":\"en-US\",\"@id\":\"https:\/\/elkaminante.com.uy\/paquetes\/cerdena-y-sicilia\/#primaryimage\",\"url\":\"https:\/\/elkaminante.com.uy\/wp-content\/uploads\/2026\/03\/PAQ695.webp\",\"contentUrl\":\"https:\/\/elkaminante.com.uy\/wp-content\/uploads\/2026\/03\/PAQ695.webp\",\"width\":800,\"height\":457},{\"@type\":\"BreadcrumbList\",\"@id\":\"https:\/\/elkaminante.com.uy\/paquetes\/cerdena-y-sicilia\/#breadcrumb\",\"itemListElement\":[{\"@type\":\"ListItem\",\"position\":1,\"name\":\"Inicio\",\"item\":\"https:\/\/elkaminante.com.uy\/en\/\"},{\"@type\":\"ListItem\",\"position\":2,\"name\":\"Viajes por el mundo\",\"item\":\"https:\/\/elkaminante.com.uy\/en\/paquetes\/\"},{\"@type\":\"ListItem\",\"position\":3,\"name\":\"Cerde\u00f1a y Sicilia\"}]},{\"@type\":\"WebSite\",\"@id\":\"https:\/\/elkaminante.com.uy\/#website\",\"url\":\"https:\/\/elkaminante.com.uy\/\",\"name\":\"El Kaminante\",\"description\":\"Viajes &amp; Turismo\",\"publisher\":{\"@id\":\"https:\/\/elkaminante.com.uy\/#organization\"},\"potentialAction\":[{\"@type\":\"SearchAction\",\"target\":{\"@type\":\"EntryPoint\",\"urlTemplate\":\"https:\/\/elkaminante.com.uy\/?s={search_term_string}\"},\"query-input\":{\"@type\":\"PropertyValueSpecification\",\"valueRequired\":true,\"valueName\":\"search_term_string\"}}],\"inLanguage\":\"en-US\"},{\"@type\":\"Organization\",\"@id\":\"https:\/\/elkaminante.com.uy\/#organization\",\"name\":\"El Kaminante\",\"url\":\"https:\/\/elkaminante.com.uy\/\",\"logo\":{\"@type\":\"ImageObject\",\"inLanguage\":\"en-US\",\"@id\":\"https:\/\/elkaminante.com.uy\/#\/schema\/logo\/image\/\",\"url\":\"https:\/\/elkaminante.com.uy\/wp-content\/uploads\/2025\/02\/logo-elkaminante-blanco.svg\",\"contentUrl\":\"https:\/\/elkaminante.com.uy\/wp-content\/uploads\/2025\/02\/logo-elkaminante-blanco.svg\",\"caption\":\"El Kaminante\"},\"image\":{\"@id\":\"https:\/\/elkaminante.com.uy\/#\/schema\/logo\/image\/\"}}]}<\/script>\n<!-- \/ Yoast SEO plugin. -->","yoast_head_json":{"title":"Cerde\u00f1a y Sicilia - El Kaminante","robots":{"index":"index","follow":"follow","max-snippet":"max-snippet:-1","max-image-preview":"max-image-preview:large","max-video-preview":"max-video-preview:-1"},"canonical":"https:\/\/elkaminante.com.uy\/paquetes\/cerdena-y-sicilia\/","og_locale":"en_US","og_type":"article","og_title":"Cerde\u00f1a y Sicilia - El Kaminante","og_description":"Ubicado en Europa mediterr\u00e1nea, Italia es uno de los pa\u00edses europeos de gran importancia tur\u00edstica tanto por su gran cantidad de historia como por su peculiar tradici\u00f3n y gastronom\u00eda, convirti\u00e9ndolo en uno de los lugares m\u00e1s populares para hacer turismo. Est\u00e1 dividido en cinco regiones geogr\u00e1ficas, y entre las ciudades m\u00e1s populares que posee son Roma, Mil\u00e1n, Venecia, Florencia, Bolonia, N\u00e1poles y Pisa, adem\u00e1s de contar con las islas de Sicilia y Cerde\u00f1a.Su gastronom\u00eda es uno de los aspectos que m\u00e1s atraen a los turistas, la variedad y distinci\u00f3n de platillos est\u00e1n a lo largo del pa\u00eds, siempre con una caracter\u00edstica regional. En este pa\u00eds el rubro con mayor popularidad a nivel mundial es la moda, con gran cantidad de marcas de vestido y calzado, adem\u00e1s del sector automovil\u00edstico.","og_url":"https:\/\/elkaminante.com.uy\/paquetes\/cerdena-y-sicilia\/","og_site_name":"El Kaminante","article_modified_time":"2026-04-17T12:39:55+00:00","twitter_card":"summary_large_image","schema":{"@context":"https:\/\/schema.org","@graph":[{"@type":"WebPage","@id":"https:\/\/elkaminante.com.uy\/paquetes\/cerdena-y-sicilia\/","url":"https:\/\/elkaminante.com.uy\/paquetes\/cerdena-y-sicilia\/","name":"Cerde\u00f1a y Sicilia - El Kaminante","isPartOf":{"@id":"https:\/\/elkaminante.com.uy\/#website"},"primaryImageOfPage":{"@id":"https:\/\/elkaminante.com.uy\/paquetes\/cerdena-y-sicilia\/#primaryimage"},"image":{"@id":"https:\/\/elkaminante.com.uy\/paquetes\/cerdena-y-sicilia\/#primaryimage"},"thumbnailUrl":"https:\/\/elkaminante.com.uy\/wp-content\/uploads\/2026\/03\/PAQ695.webp","datePublished":"2026-03-22T15:08:25+00:00","dateModified":"2026-04-17T12:39:55+00:00","breadcrumb":{"@id":"https:\/\/elkaminante.com.uy\/paquetes\/cerdena-y-sicilia\/#breadcrumb"},"inLanguage":"en-US","potentialAction":[{"@type":"ReadAction","target":["https:\/\/elkaminante.com.uy\/paquetes\/cerdena-y-sicilia\/"]}]},{"@type":"ImageObject","inLanguage":"en-US","@id":"https:\/\/elkaminante.com.uy\/paquetes\/cerdena-y-sicilia\/#primaryimage","url":"https:\/\/elkaminante.com.uy\/wp-content\/uploads\/2026\/03\/PAQ695.webp","contentUrl":"https:\/\/elkaminante.com.uy\/wp-content\/uploads\/2026\/03\/PAQ695.webp","width":800,"height":457},{"@type":"BreadcrumbList","@id":"https:\/\/elkaminante.com.uy\/paquetes\/cerdena-y-sicilia\/#breadcrumb","itemListElement":[{"@type":"ListItem","position":1,"name":"Inicio","item":"https:\/\/elkaminante.com.uy\/en\/"},{"@type":"ListItem","position":2,"name":"Viajes por el mundo","item":"https:\/\/elkaminante.com.uy\/en\/paquetes\/"},{"@type":"ListItem","position":3,"name":"Cerde\u00f1a y Sicilia"}]},{"@type":"WebSite","@id":"https:\/\/elkaminante.com.uy\/#website","url":"https:\/\/elkaminante.com.uy\/","name":"El Kaminante","description":"Viajes &amp; Turismo","publisher":{"@id":"https:\/\/elkaminante.com.uy\/#organization"},"potentialAction":[{"@type":"SearchAction","target":{"@type":"EntryPoint","urlTemplate":"https:\/\/elkaminante.com.uy\/?s={search_term_string}"},"query-input":{"@type":"PropertyValueSpecification","valueRequired":true,"valueName":"search_term_string"}}],"inLanguage":"en-US"},{"@type":"Organization","@id":"https:\/\/elkaminante.com.uy\/#organization","name":"El Kaminante","url":"https:\/\/elkaminante.com.uy\/","logo":{"@type":"ImageObject","inLanguage":"en-US","@id":"https:\/\/elkaminante.com.uy\/#\/schema\/logo\/image\/","url":"https:\/\/elkaminante.com.uy\/wp-content\/uploads\/2025\/02\/logo-elkaminante-blanco.svg","contentUrl":"https:\/\/elkaminante.com.uy\/wp-content\/uploads\/2025\/02\/logo-elkaminante-blanco.svg","caption":"El Kaminante"},"image":{"@id":"https:\/\/elkaminante.com.uy\/#\/schema\/logo\/image\/"}}]}},"_links":{"self":[{"href":"https:\/\/elkaminante.com.uy\/en\/wp-json\/wp\/v2\/product\/12943","targetHints":{"allow":["GET"]}}],"collection":[{"href":"https:\/\/elkaminante.com.uy\/en\/wp-json\/wp\/v2\/product"}],"about":[{"href":"https:\/\/elkaminante.com.uy\/en\/wp-json\/wp\/v2\/types\/product"}],"wp:featuredmedia":[{"embeddable":true,"href":"https:\/\/elkaminante.com.uy\/en\/wp-json\/wp\/v2\/media\/12941"}],"wp:attachment":[{"href":"https:\/\/elkaminante.com.uy\/en\/wp-json\/wp\/v2\/media?parent=12943"}],"wp:term":[{"taxonomy":"product_brand","embeddable":true,"href":"https:\/\/elkaminante.com.uy\/en\/wp-json\/wp\/v2\/product_brand?post=12943"},{"taxonomy":"product_cat","embeddable":true,"href":"https:\/\/elkaminante.com.uy\/en\/wp-json\/wp\/v2\/product_cat?post=12943"},{"taxonomy":"product_tag","embeddable":true,"href":"https:\/\/elkaminante.com.uy\/en\/wp-json\/wp\/v2\/product_tag?post=12943"}],"curies":[{"name":"wp","href":"https:\/\/api.w.org\/{rel}","templated":true}]}}