{"id":12937,"date":"2026-03-22T12:08:19","date_gmt":"2026-03-22T15:08:19","guid":{"rendered":"https:\/\/elkaminante.com.uy\/paquetes\/australia-en-grupo-desde-bs-as\/"},"modified":"2026-04-17T09:39:55","modified_gmt":"2026-04-17T12:39:55","slug":"australia-en-grupo-desde-bs-as","status":"publish","type":"product","link":"https:\/\/elkaminante.com.uy\/en\/paquetes\/australia-en-grupo-desde-bs-as\/","title":{"rendered":"Australia en grupo desde Bs.As"},"content":{"rendered":"","protected":false},"excerpt":{"rendered":"<p>Ubicada en el hemisferio sur y perteneciente al continente Ocean\u00eda, <b>Australia<\/b> es el sexto pa\u00eds m\u00e1s grande del mundo. Su capital es Canberra y su ciudad m\u00e1s poblada es Sidney. A nivel tur\u00edstico destaca por sus bellas playas, sus paisajes incre\u00edbles, sus \u00edconos arquitect\u00f3nicos y por su fauna \u00fanica en el mundo.<i>Principales atractivos tur\u00edsticos:<\/i>la \u00d3pera de S\u00eddney, la Gran Barrera de Coral, el parque nacional Ulu\u1e5fu-Kata Tju\u1e6fa, Queen Victoria Market y Puerto Darling, entre otros. Es un gran destino para recorrer alquilando un auto o m\u00e1s com\u00fan entre los aventureros alquilando una \u201cCamper\u201d (o casa rodante).<\/p>\n","protected":false},"featured_media":12935,"template":"","meta":{"_acf_changed":false,"inline_featured_image":false},"product_brand":[],"product_cat":[28,1579],"product_tag":[4239,4243,4245,547,550,4247,4240,4244,64,2169,2074,4242,4241,65,541,393,548,543,1152,667,666,4246,61,549,545,63],"class_list":{"0":"post-12937","1":"product","2":"type-product","3":"status-publish","4":"has-post-thumbnail","6":"product_cat-paquetes","7":"product_cat-uruguay","8":"product_tag-10-de-setiembre-de-2026","9":"product_tag-apollo-bay","10":"product_tag-arrecife-moore","11":"product_tag-australia","12":"product_tag-australia-en-australia","13":"product_tag-australia-en-grupo-desde-bs-as","14":"product_tag-australia-en-setiembre","15":"product_tag-cairns","16":"product_tag-desayuno","17":"product_tag-en-australia","18":"product_tag-en-setiembre","19":"product_tag-great-ocean-road","20":"product_tag-melbourne","21":"product_tag-no-aplica","22":"product_tag-oceania","23":"product_tag-otros-destinos","24":"product_tag-paquetes-a-australia","25":"product_tag-paquetes-a-oceania","26":"product_tag-salida-grupal","27":"product_tag-septiembre","28":"product_tag-setiembre","29":"product_tag-sidney","30":"product_tag-sin-destino","31":"product_tag-viajes-a-australia","32":"product_tag-viajes-a-oceania","33":"product_tag-vuelo-y-circuito","34":"entry","35":"has-media","37":"first","38":"instock","39":"shipping-taxable","40":"purchasable","41":"product-type-simple"},"acf":[],"yoast_head":"<!-- This site is optimized with the Yoast SEO plugin v27.2 - https:\/\/yoast.com\/product\/yoast-seo-wordpress\/ -->\n<title>Australia en grupo desde Bs.As - El Kaminante<\/title>\n<meta name=\"robots\" content=\"index, follow, max-snippet:-1, max-image-preview:large, max-video-preview:-1\" \/>\n<link rel=\"canonical\" href=\"https:\/\/elkaminante.com.uy\/paquetes\/australia-en-grupo-desde-bs-as\/\" \/>\n<meta property=\"og:locale\" content=\"en_US\" \/>\n<meta property=\"og:type\" content=\"article\" \/>\n<meta property=\"og:title\" content=\"Australia en grupo desde Bs.As - El Kaminante\" \/>\n<meta property=\"og:description\" content=\"Ubicada en el hemisferio sur y perteneciente al continente Ocean\u00eda, Australia es el sexto pa\u00eds m\u00e1s grande del mundo. Su capital es Canberra y su ciudad m\u00e1s poblada es Sidney. A nivel tur\u00edstico destaca por sus bellas playas, sus paisajes incre\u00edbles, sus \u00edconos arquitect\u00f3nicos y por su fauna \u00fanica en el mundo.Principales atractivos tur\u00edsticos:la \u00d3pera de S\u00eddney, la Gran Barrera de Coral, el parque nacional Ulu\u1e5fu-Kata Tju\u1e6fa, Queen Victoria Market y Puerto Darling, entre otros. Es un gran destino para recorrer alquilando un auto o m\u00e1s com\u00fan entre los aventureros alquilando una \u201cCamper\u201d (o casa rodante).\" \/>\n<meta property=\"og:url\" content=\"https:\/\/elkaminante.com.uy\/paquetes\/australia-en-grupo-desde-bs-as\/\" \/>\n<meta property=\"og:site_name\" content=\"El Kaminante\" \/>\n<meta property=\"article:modified_time\" content=\"2026-04-17T12:39:55+00:00\" \/>\n<meta name=\"twitter:card\" content=\"summary_large_image\" \/>\n<script type=\"application\/ld+json\" class=\"yoast-schema-graph\">{\"@context\":\"https:\/\/schema.org\",\"@graph\":[{\"@type\":\"WebPage\",\"@id\":\"https:\/\/elkaminante.com.uy\/paquetes\/australia-en-grupo-desde-bs-as\/\",\"url\":\"https:\/\/elkaminante.com.uy\/paquetes\/australia-en-grupo-desde-bs-as\/\",\"name\":\"Australia en grupo desde Bs.As - El Kaminante\",\"isPartOf\":{\"@id\":\"https:\/\/elkaminante.com.uy\/#website\"},\"primaryImageOfPage\":{\"@id\":\"https:\/\/elkaminante.com.uy\/paquetes\/australia-en-grupo-desde-bs-as\/#primaryimage\"},\"image\":{\"@id\":\"https:\/\/elkaminante.com.uy\/paquetes\/australia-en-grupo-desde-bs-as\/#primaryimage\"},\"thumbnailUrl\":\"https:\/\/elkaminante.com.uy\/wp-content\/uploads\/2026\/03\/PAQ693.webp\",\"datePublished\":\"2026-03-22T15:08:19+00:00\",\"dateModified\":\"2026-04-17T12:39:55+00:00\",\"breadcrumb\":{\"@id\":\"https:\/\/elkaminante.com.uy\/paquetes\/australia-en-grupo-desde-bs-as\/#breadcrumb\"},\"inLanguage\":\"en-US\",\"potentialAction\":[{\"@type\":\"ReadAction\",\"target\":[\"https:\/\/elkaminante.com.uy\/paquetes\/australia-en-grupo-desde-bs-as\/\"]}]},{\"@type\":\"ImageObject\",\"inLanguage\":\"en-US\",\"@id\":\"https:\/\/elkaminante.com.uy\/paquetes\/australia-en-grupo-desde-bs-as\/#primaryimage\",\"url\":\"https:\/\/elkaminante.com.uy\/wp-content\/uploads\/2026\/03\/PAQ693.webp\",\"contentUrl\":\"https:\/\/elkaminante.com.uy\/wp-content\/uploads\/2026\/03\/PAQ693.webp\",\"width\":800,\"height\":457},{\"@type\":\"BreadcrumbList\",\"@id\":\"https:\/\/elkaminante.com.uy\/paquetes\/australia-en-grupo-desde-bs-as\/#breadcrumb\",\"itemListElement\":[{\"@type\":\"ListItem\",\"position\":1,\"name\":\"Inicio\",\"item\":\"https:\/\/elkaminante.com.uy\/en\/\"},{\"@type\":\"ListItem\",\"position\":2,\"name\":\"Viajes por el mundo\",\"item\":\"https:\/\/elkaminante.com.uy\/en\/paquetes\/\"},{\"@type\":\"ListItem\",\"position\":3,\"name\":\"Australia en grupo desde Bs.As\"}]},{\"@type\":\"WebSite\",\"@id\":\"https:\/\/elkaminante.com.uy\/#website\",\"url\":\"https:\/\/elkaminante.com.uy\/\",\"name\":\"El Kaminante\",\"description\":\"Viajes &amp; Turismo\",\"publisher\":{\"@id\":\"https:\/\/elkaminante.com.uy\/#organization\"},\"potentialAction\":[{\"@type\":\"SearchAction\",\"target\":{\"@type\":\"EntryPoint\",\"urlTemplate\":\"https:\/\/elkaminante.com.uy\/?s={search_term_string}\"},\"query-input\":{\"@type\":\"PropertyValueSpecification\",\"valueRequired\":true,\"valueName\":\"search_term_string\"}}],\"inLanguage\":\"en-US\"},{\"@type\":\"Organization\",\"@id\":\"https:\/\/elkaminante.com.uy\/#organization\",\"name\":\"El Kaminante\",\"url\":\"https:\/\/elkaminante.com.uy\/\",\"logo\":{\"@type\":\"ImageObject\",\"inLanguage\":\"en-US\",\"@id\":\"https:\/\/elkaminante.com.uy\/#\/schema\/logo\/image\/\",\"url\":\"https:\/\/elkaminante.com.uy\/wp-content\/uploads\/2025\/02\/logo-elkaminante-blanco.svg\",\"contentUrl\":\"https:\/\/elkaminante.com.uy\/wp-content\/uploads\/2025\/02\/logo-elkaminante-blanco.svg\",\"caption\":\"El Kaminante\"},\"image\":{\"@id\":\"https:\/\/elkaminante.com.uy\/#\/schema\/logo\/image\/\"}}]}<\/script>\n<!-- \/ Yoast SEO plugin. -->","yoast_head_json":{"title":"Australia en grupo desde Bs.As - El Kaminante","robots":{"index":"index","follow":"follow","max-snippet":"max-snippet:-1","max-image-preview":"max-image-preview:large","max-video-preview":"max-video-preview:-1"},"canonical":"https:\/\/elkaminante.com.uy\/paquetes\/australia-en-grupo-desde-bs-as\/","og_locale":"en_US","og_type":"article","og_title":"Australia en grupo desde Bs.As - El Kaminante","og_description":"Ubicada en el hemisferio sur y perteneciente al continente Ocean\u00eda, Australia es el sexto pa\u00eds m\u00e1s grande del mundo. Su capital es Canberra y su ciudad m\u00e1s poblada es Sidney. A nivel tur\u00edstico destaca por sus bellas playas, sus paisajes incre\u00edbles, sus \u00edconos arquitect\u00f3nicos y por su fauna \u00fanica en el mundo.Principales atractivos tur\u00edsticos:la \u00d3pera de S\u00eddney, la Gran Barrera de Coral, el parque nacional Ulu\u1e5fu-Kata Tju\u1e6fa, Queen Victoria Market y Puerto Darling, entre otros. Es un gran destino para recorrer alquilando un auto o m\u00e1s com\u00fan entre los aventureros alquilando una \u201cCamper\u201d (o casa rodante).","og_url":"https:\/\/elkaminante.com.uy\/paquetes\/australia-en-grupo-desde-bs-as\/","og_site_name":"El Kaminante","article_modified_time":"2026-04-17T12:39:55+00:00","twitter_card":"summary_large_image","schema":{"@context":"https:\/\/schema.org","@graph":[{"@type":"WebPage","@id":"https:\/\/elkaminante.com.uy\/paquetes\/australia-en-grupo-desde-bs-as\/","url":"https:\/\/elkaminante.com.uy\/paquetes\/australia-en-grupo-desde-bs-as\/","name":"Australia en grupo desde Bs.As - El Kaminante","isPartOf":{"@id":"https:\/\/elkaminante.com.uy\/#website"},"primaryImageOfPage":{"@id":"https:\/\/elkaminante.com.uy\/paquetes\/australia-en-grupo-desde-bs-as\/#primaryimage"},"image":{"@id":"https:\/\/elkaminante.com.uy\/paquetes\/australia-en-grupo-desde-bs-as\/#primaryimage"},"thumbnailUrl":"https:\/\/elkaminante.com.uy\/wp-content\/uploads\/2026\/03\/PAQ693.webp","datePublished":"2026-03-22T15:08:19+00:00","dateModified":"2026-04-17T12:39:55+00:00","breadcrumb":{"@id":"https:\/\/elkaminante.com.uy\/paquetes\/australia-en-grupo-desde-bs-as\/#breadcrumb"},"inLanguage":"en-US","potentialAction":[{"@type":"ReadAction","target":["https:\/\/elkaminante.com.uy\/paquetes\/australia-en-grupo-desde-bs-as\/"]}]},{"@type":"ImageObject","inLanguage":"en-US","@id":"https:\/\/elkaminante.com.uy\/paquetes\/australia-en-grupo-desde-bs-as\/#primaryimage","url":"https:\/\/elkaminante.com.uy\/wp-content\/uploads\/2026\/03\/PAQ693.webp","contentUrl":"https:\/\/elkaminante.com.uy\/wp-content\/uploads\/2026\/03\/PAQ693.webp","width":800,"height":457},{"@type":"BreadcrumbList","@id":"https:\/\/elkaminante.com.uy\/paquetes\/australia-en-grupo-desde-bs-as\/#breadcrumb","itemListElement":[{"@type":"ListItem","position":1,"name":"Inicio","item":"https:\/\/elkaminante.com.uy\/en\/"},{"@type":"ListItem","position":2,"name":"Viajes por el mundo","item":"https:\/\/elkaminante.com.uy\/en\/paquetes\/"},{"@type":"ListItem","position":3,"name":"Australia en grupo desde Bs.As"}]},{"@type":"WebSite","@id":"https:\/\/elkaminante.com.uy\/#website","url":"https:\/\/elkaminante.com.uy\/","name":"El Kaminante","description":"Viajes &amp; Turismo","publisher":{"@id":"https:\/\/elkaminante.com.uy\/#organization"},"potentialAction":[{"@type":"SearchAction","target":{"@type":"EntryPoint","urlTemplate":"https:\/\/elkaminante.com.uy\/?s={search_term_string}"},"query-input":{"@type":"PropertyValueSpecification","valueRequired":true,"valueName":"search_term_string"}}],"inLanguage":"en-US"},{"@type":"Organization","@id":"https:\/\/elkaminante.com.uy\/#organization","name":"El Kaminante","url":"https:\/\/elkaminante.com.uy\/","logo":{"@type":"ImageObject","inLanguage":"en-US","@id":"https:\/\/elkaminante.com.uy\/#\/schema\/logo\/image\/","url":"https:\/\/elkaminante.com.uy\/wp-content\/uploads\/2025\/02\/logo-elkaminante-blanco.svg","contentUrl":"https:\/\/elkaminante.com.uy\/wp-content\/uploads\/2025\/02\/logo-elkaminante-blanco.svg","caption":"El Kaminante"},"image":{"@id":"https:\/\/elkaminante.com.uy\/#\/schema\/logo\/image\/"}}]}},"_links":{"self":[{"href":"https:\/\/elkaminante.com.uy\/en\/wp-json\/wp\/v2\/product\/12937","targetHints":{"allow":["GET"]}}],"collection":[{"href":"https:\/\/elkaminante.com.uy\/en\/wp-json\/wp\/v2\/product"}],"about":[{"href":"https:\/\/elkaminante.com.uy\/en\/wp-json\/wp\/v2\/types\/product"}],"wp:featuredmedia":[{"embeddable":true,"href":"https:\/\/elkaminante.com.uy\/en\/wp-json\/wp\/v2\/media\/12935"}],"wp:attachment":[{"href":"https:\/\/elkaminante.com.uy\/en\/wp-json\/wp\/v2\/media?parent=12937"}],"wp:term":[{"taxonomy":"product_brand","embeddable":true,"href":"https:\/\/elkaminante.com.uy\/en\/wp-json\/wp\/v2\/product_brand?post=12937"},{"taxonomy":"product_cat","embeddable":true,"href":"https:\/\/elkaminante.com.uy\/en\/wp-json\/wp\/v2\/product_cat?post=12937"},{"taxonomy":"product_tag","embeddable":true,"href":"https:\/\/elkaminante.com.uy\/en\/wp-json\/wp\/v2\/product_tag?post=12937"}],"curies":[{"name":"wp","href":"https:\/\/api.w.org\/{rel}","templated":true}]}}