{"id":12929,"date":"2026-03-22T12:08:14","date_gmt":"2026-03-22T15:08:14","guid":{"rendered":"https:\/\/elkaminante.com.uy\/paquetes\/imperdibles-de-asia-en-grupo-desde-bs-as\/"},"modified":"2026-04-17T09:39:53","modified_gmt":"2026-04-17T12:39:53","slug":"imperdibles-de-asia-en-grupo-desde-bs-as","status":"publish","type":"product","link":"https:\/\/elkaminante.com.uy\/en\/paquetes\/imperdibles-de-asia-en-grupo-desde-bs-as\/","title":{"rendered":"Imperdibles de Asia en grupo desde Bs.As"},"content":{"rendered":"","protected":false},"excerpt":{"rendered":"<p>Conocida como la Isla de los Dioses, <b>Bali<\/b> es una paradis\u00edaca isla de Indonesia, famosa por sus templos y la cordialidad de su pueblo. Sus playas bordeadas de palmeras, sus manantiales, sus densas junglas y sus pueblos con una maravillosa cultura la hacen un destino ex\u00f3tico e interesante. Se encuentra ubicada en una cadena con Java hacia el oeste y con Lombok hacia el este. Es uno de los lugares m\u00e1s enriquecedores del mundo, y en casi todos los rincones de la isla se puede respirar la danza, la pintura, la escultura y la orfebrer\u00eda. Su principal actividad econ\u00f3mica es la agricultura, principalmente los cultivos de arroz, conformando tambi\u00e9n un paisaje extremadamente bello.<\/p>\n<p>Vibrante y sorprendente, as\u00ed es <b>Singapur<\/b>, el Tigre Asi\u00e1tico, una ciudad, isla y naci\u00f3n que con m\u00e1s de 5 millones de habitantes se ha convertido en un icono mundial. Es una ciudad donde encontrar\u00e1s gente cualquier d\u00eda a cualquier hora: conciertos, eventos y hacer vida de calle es algo com\u00fan a todos los habitantes de la ciudad. Recorrer el r\u00edo Singapur en barco, comer en un hawker, ver los rascacielos desde el Parque de Merlion, visitar Little India, caminar por el barrio chino y tomar una copa en Clarke Quay son algunas de las experiencias que podr\u00e1s vivir en este ex\u00f3tico s\u00ed, pero sorprendente e imperdible destino.<\/p>\n","protected":false},"featured_media":12927,"template":"","meta":{"_acf_changed":false,"inline_featured_image":false},"product_brand":[],"product_cat":[28,1579],"product_tag":[4231,562,392,962,64,568,2269,2270,1634,4234,963,4232,970,4233,2893,2894,395,966,964,1118,1152,61,1117,2892,2769,397,967,965,1119,63],"class_list":{"0":"post-12929","1":"product","2":"type-product","3":"status-publish","4":"has-post-thumbnail","6":"product_cat-paquetes","7":"product_cat-uruguay","8":"product_tag-02-de-agosto-de-2026","9":"product_tag-agosto","10":"product_tag-asia","11":"product_tag-bali","12":"product_tag-desayuno","13":"product_tag-en-agosto","14":"product_tag-en-bali","15":"product_tag-en-indonesia","16":"product_tag-exhotico","17":"product_tag-imperdibles-de-asia-en-grupo-desde-bs-as","18":"product_tag-indonesia","19":"product_tag-indonesia-en-agosto","20":"product_tag-indonesia-en-bali","21":"product_tag-kintamani-y-besakih","22":"product_tag-kuala-lumpur","23":"product_tag-malacca","24":"product_tag-paquetes-a-asia","25":"product_tag-paquetes-a-bali","26":"product_tag-paquetes-a-indonesia","27":"product_tag-paquetes-a-singapour","28":"product_tag-salida-grupal","29":"product_tag-sin-destino","30":"product_tag-singapour","31":"product_tag-singapur","32":"product_tag-ubud","33":"product_tag-viajes-a-asia","34":"product_tag-viajes-a-bali","35":"product_tag-viajes-a-indonesia","36":"product_tag-viajes-a-singapour","37":"product_tag-vuelo-y-circuito","38":"entry","39":"has-media","41":"first","42":"instock","43":"shipping-taxable","44":"purchasable","45":"product-type-simple"},"acf":[],"yoast_head":"<!-- This site is optimized with the Yoast SEO plugin v27.2 - https:\/\/yoast.com\/product\/yoast-seo-wordpress\/ -->\n<title>Imperdibles de Asia en grupo desde Bs.As - El Kaminante<\/title>\n<meta name=\"robots\" content=\"index, follow, max-snippet:-1, max-image-preview:large, max-video-preview:-1\" \/>\n<link rel=\"canonical\" href=\"https:\/\/elkaminante.com.uy\/paquetes\/imperdibles-de-asia-en-grupo-desde-bs-as\/\" \/>\n<meta property=\"og:locale\" content=\"en_US\" \/>\n<meta property=\"og:type\" content=\"article\" \/>\n<meta property=\"og:title\" content=\"Imperdibles de Asia en grupo desde Bs.As - El Kaminante\" \/>\n<meta property=\"og:description\" content=\"Conocida como la Isla de los Dioses, Bali es una paradis\u00edaca isla de Indonesia, famosa por sus templos y la cordialidad de su pueblo. Sus playas bordeadas de palmeras, sus manantiales, sus densas junglas y sus pueblos con una maravillosa cultura la hacen un destino ex\u00f3tico e interesante. Se encuentra ubicada en una cadena con Java hacia el oeste y con Lombok hacia el este. Es uno de los lugares m\u00e1s enriquecedores del mundo, y en casi todos los rincones de la isla se puede respirar la danza, la pintura, la escultura y la orfebrer\u00eda. Su principal actividad econ\u00f3mica es la agricultura, principalmente los cultivos de arroz, conformando tambi\u00e9n un paisaje extremadamente bello.Vibrante y sorprendente, as\u00ed es Singapur, el Tigre Asi\u00e1tico, una ciudad, isla y naci\u00f3n que con m\u00e1s de 5 millones de habitantes se ha convertido en un icono mundial. Es una ciudad donde encontrar\u00e1s gente cualquier d\u00eda a cualquier hora: conciertos, eventos y hacer vida de calle es algo com\u00fan a todos los habitantes de la ciudad. Recorrer el r\u00edo Singapur en barco, comer en un hawker, ver los rascacielos desde el Parque de Merlion, visitar Little India, caminar por el barrio chino y tomar una copa en Clarke Quay son algunas de las experiencias que podr\u00e1s vivir en este ex\u00f3tico s\u00ed, pero sorprendente e imperdible destino.\" \/>\n<meta property=\"og:url\" content=\"https:\/\/elkaminante.com.uy\/paquetes\/imperdibles-de-asia-en-grupo-desde-bs-as\/\" \/>\n<meta property=\"og:site_name\" content=\"El Kaminante\" \/>\n<meta property=\"article:modified_time\" content=\"2026-04-17T12:39:53+00:00\" \/>\n<meta name=\"twitter:card\" content=\"summary_large_image\" \/>\n<script type=\"application\/ld+json\" class=\"yoast-schema-graph\">{\"@context\":\"https:\/\/schema.org\",\"@graph\":[{\"@type\":\"WebPage\",\"@id\":\"https:\/\/elkaminante.com.uy\/paquetes\/imperdibles-de-asia-en-grupo-desde-bs-as\/\",\"url\":\"https:\/\/elkaminante.com.uy\/paquetes\/imperdibles-de-asia-en-grupo-desde-bs-as\/\",\"name\":\"Imperdibles de Asia en grupo desde Bs.As - El Kaminante\",\"isPartOf\":{\"@id\":\"https:\/\/elkaminante.com.uy\/#website\"},\"primaryImageOfPage\":{\"@id\":\"https:\/\/elkaminante.com.uy\/paquetes\/imperdibles-de-asia-en-grupo-desde-bs-as\/#primaryimage\"},\"image\":{\"@id\":\"https:\/\/elkaminante.com.uy\/paquetes\/imperdibles-de-asia-en-grupo-desde-bs-as\/#primaryimage\"},\"thumbnailUrl\":\"https:\/\/elkaminante.com.uy\/wp-content\/uploads\/2026\/03\/PAQ691.webp\",\"datePublished\":\"2026-03-22T15:08:14+00:00\",\"dateModified\":\"2026-04-17T12:39:53+00:00\",\"breadcrumb\":{\"@id\":\"https:\/\/elkaminante.com.uy\/paquetes\/imperdibles-de-asia-en-grupo-desde-bs-as\/#breadcrumb\"},\"inLanguage\":\"en-US\",\"potentialAction\":[{\"@type\":\"ReadAction\",\"target\":[\"https:\/\/elkaminante.com.uy\/paquetes\/imperdibles-de-asia-en-grupo-desde-bs-as\/\"]}]},{\"@type\":\"ImageObject\",\"inLanguage\":\"en-US\",\"@id\":\"https:\/\/elkaminante.com.uy\/paquetes\/imperdibles-de-asia-en-grupo-desde-bs-as\/#primaryimage\",\"url\":\"https:\/\/elkaminante.com.uy\/wp-content\/uploads\/2026\/03\/PAQ691.webp\",\"contentUrl\":\"https:\/\/elkaminante.com.uy\/wp-content\/uploads\/2026\/03\/PAQ691.webp\",\"width\":800,\"height\":457},{\"@type\":\"BreadcrumbList\",\"@id\":\"https:\/\/elkaminante.com.uy\/paquetes\/imperdibles-de-asia-en-grupo-desde-bs-as\/#breadcrumb\",\"itemListElement\":[{\"@type\":\"ListItem\",\"position\":1,\"name\":\"Inicio\",\"item\":\"https:\/\/elkaminante.com.uy\/en\/\"},{\"@type\":\"ListItem\",\"position\":2,\"name\":\"Viajes por el mundo\",\"item\":\"https:\/\/elkaminante.com.uy\/en\/paquetes\/\"},{\"@type\":\"ListItem\",\"position\":3,\"name\":\"Imperdibles de Asia en grupo desde Bs.As\"}]},{\"@type\":\"WebSite\",\"@id\":\"https:\/\/elkaminante.com.uy\/#website\",\"url\":\"https:\/\/elkaminante.com.uy\/\",\"name\":\"El Kaminante\",\"description\":\"Viajes &amp; Turismo\",\"publisher\":{\"@id\":\"https:\/\/elkaminante.com.uy\/#organization\"},\"potentialAction\":[{\"@type\":\"SearchAction\",\"target\":{\"@type\":\"EntryPoint\",\"urlTemplate\":\"https:\/\/elkaminante.com.uy\/?s={search_term_string}\"},\"query-input\":{\"@type\":\"PropertyValueSpecification\",\"valueRequired\":true,\"valueName\":\"search_term_string\"}}],\"inLanguage\":\"en-US\"},{\"@type\":\"Organization\",\"@id\":\"https:\/\/elkaminante.com.uy\/#organization\",\"name\":\"El Kaminante\",\"url\":\"https:\/\/elkaminante.com.uy\/\",\"logo\":{\"@type\":\"ImageObject\",\"inLanguage\":\"en-US\",\"@id\":\"https:\/\/elkaminante.com.uy\/#\/schema\/logo\/image\/\",\"url\":\"https:\/\/elkaminante.com.uy\/wp-content\/uploads\/2025\/02\/logo-elkaminante-blanco.svg\",\"contentUrl\":\"https:\/\/elkaminante.com.uy\/wp-content\/uploads\/2025\/02\/logo-elkaminante-blanco.svg\",\"caption\":\"El Kaminante\"},\"image\":{\"@id\":\"https:\/\/elkaminante.com.uy\/#\/schema\/logo\/image\/\"}}]}<\/script>\n<!-- \/ Yoast SEO plugin. -->","yoast_head_json":{"title":"Imperdibles de Asia en grupo desde Bs.As - El Kaminante","robots":{"index":"index","follow":"follow","max-snippet":"max-snippet:-1","max-image-preview":"max-image-preview:large","max-video-preview":"max-video-preview:-1"},"canonical":"https:\/\/elkaminante.com.uy\/paquetes\/imperdibles-de-asia-en-grupo-desde-bs-as\/","og_locale":"en_US","og_type":"article","og_title":"Imperdibles de Asia en grupo desde Bs.As - El Kaminante","og_description":"Conocida como la Isla de los Dioses, Bali es una paradis\u00edaca isla de Indonesia, famosa por sus templos y la cordialidad de su pueblo. Sus playas bordeadas de palmeras, sus manantiales, sus densas junglas y sus pueblos con una maravillosa cultura la hacen un destino ex\u00f3tico e interesante. Se encuentra ubicada en una cadena con Java hacia el oeste y con Lombok hacia el este. Es uno de los lugares m\u00e1s enriquecedores del mundo, y en casi todos los rincones de la isla se puede respirar la danza, la pintura, la escultura y la orfebrer\u00eda. Su principal actividad econ\u00f3mica es la agricultura, principalmente los cultivos de arroz, conformando tambi\u00e9n un paisaje extremadamente bello.Vibrante y sorprendente, as\u00ed es Singapur, el Tigre Asi\u00e1tico, una ciudad, isla y naci\u00f3n que con m\u00e1s de 5 millones de habitantes se ha convertido en un icono mundial. Es una ciudad donde encontrar\u00e1s gente cualquier d\u00eda a cualquier hora: conciertos, eventos y hacer vida de calle es algo com\u00fan a todos los habitantes de la ciudad. Recorrer el r\u00edo Singapur en barco, comer en un hawker, ver los rascacielos desde el Parque de Merlion, visitar Little India, caminar por el barrio chino y tomar una copa en Clarke Quay son algunas de las experiencias que podr\u00e1s vivir en este ex\u00f3tico s\u00ed, pero sorprendente e imperdible destino.","og_url":"https:\/\/elkaminante.com.uy\/paquetes\/imperdibles-de-asia-en-grupo-desde-bs-as\/","og_site_name":"El Kaminante","article_modified_time":"2026-04-17T12:39:53+00:00","twitter_card":"summary_large_image","schema":{"@context":"https:\/\/schema.org","@graph":[{"@type":"WebPage","@id":"https:\/\/elkaminante.com.uy\/paquetes\/imperdibles-de-asia-en-grupo-desde-bs-as\/","url":"https:\/\/elkaminante.com.uy\/paquetes\/imperdibles-de-asia-en-grupo-desde-bs-as\/","name":"Imperdibles de Asia en grupo desde Bs.As - El Kaminante","isPartOf":{"@id":"https:\/\/elkaminante.com.uy\/#website"},"primaryImageOfPage":{"@id":"https:\/\/elkaminante.com.uy\/paquetes\/imperdibles-de-asia-en-grupo-desde-bs-as\/#primaryimage"},"image":{"@id":"https:\/\/elkaminante.com.uy\/paquetes\/imperdibles-de-asia-en-grupo-desde-bs-as\/#primaryimage"},"thumbnailUrl":"https:\/\/elkaminante.com.uy\/wp-content\/uploads\/2026\/03\/PAQ691.webp","datePublished":"2026-03-22T15:08:14+00:00","dateModified":"2026-04-17T12:39:53+00:00","breadcrumb":{"@id":"https:\/\/elkaminante.com.uy\/paquetes\/imperdibles-de-asia-en-grupo-desde-bs-as\/#breadcrumb"},"inLanguage":"en-US","potentialAction":[{"@type":"ReadAction","target":["https:\/\/elkaminante.com.uy\/paquetes\/imperdibles-de-asia-en-grupo-desde-bs-as\/"]}]},{"@type":"ImageObject","inLanguage":"en-US","@id":"https:\/\/elkaminante.com.uy\/paquetes\/imperdibles-de-asia-en-grupo-desde-bs-as\/#primaryimage","url":"https:\/\/elkaminante.com.uy\/wp-content\/uploads\/2026\/03\/PAQ691.webp","contentUrl":"https:\/\/elkaminante.com.uy\/wp-content\/uploads\/2026\/03\/PAQ691.webp","width":800,"height":457},{"@type":"BreadcrumbList","@id":"https:\/\/elkaminante.com.uy\/paquetes\/imperdibles-de-asia-en-grupo-desde-bs-as\/#breadcrumb","itemListElement":[{"@type":"ListItem","position":1,"name":"Inicio","item":"https:\/\/elkaminante.com.uy\/en\/"},{"@type":"ListItem","position":2,"name":"Viajes por el mundo","item":"https:\/\/elkaminante.com.uy\/en\/paquetes\/"},{"@type":"ListItem","position":3,"name":"Imperdibles de Asia en grupo desde Bs.As"}]},{"@type":"WebSite","@id":"https:\/\/elkaminante.com.uy\/#website","url":"https:\/\/elkaminante.com.uy\/","name":"El Kaminante","description":"Viajes &amp; Turismo","publisher":{"@id":"https:\/\/elkaminante.com.uy\/#organization"},"potentialAction":[{"@type":"SearchAction","target":{"@type":"EntryPoint","urlTemplate":"https:\/\/elkaminante.com.uy\/?s={search_term_string}"},"query-input":{"@type":"PropertyValueSpecification","valueRequired":true,"valueName":"search_term_string"}}],"inLanguage":"en-US"},{"@type":"Organization","@id":"https:\/\/elkaminante.com.uy\/#organization","name":"El Kaminante","url":"https:\/\/elkaminante.com.uy\/","logo":{"@type":"ImageObject","inLanguage":"en-US","@id":"https:\/\/elkaminante.com.uy\/#\/schema\/logo\/image\/","url":"https:\/\/elkaminante.com.uy\/wp-content\/uploads\/2025\/02\/logo-elkaminante-blanco.svg","contentUrl":"https:\/\/elkaminante.com.uy\/wp-content\/uploads\/2025\/02\/logo-elkaminante-blanco.svg","caption":"El Kaminante"},"image":{"@id":"https:\/\/elkaminante.com.uy\/#\/schema\/logo\/image\/"}}]}},"_links":{"self":[{"href":"https:\/\/elkaminante.com.uy\/en\/wp-json\/wp\/v2\/product\/12929","targetHints":{"allow":["GET"]}}],"collection":[{"href":"https:\/\/elkaminante.com.uy\/en\/wp-json\/wp\/v2\/product"}],"about":[{"href":"https:\/\/elkaminante.com.uy\/en\/wp-json\/wp\/v2\/types\/product"}],"wp:featuredmedia":[{"embeddable":true,"href":"https:\/\/elkaminante.com.uy\/en\/wp-json\/wp\/v2\/media\/12927"}],"wp:attachment":[{"href":"https:\/\/elkaminante.com.uy\/en\/wp-json\/wp\/v2\/media?parent=12929"}],"wp:term":[{"taxonomy":"product_brand","embeddable":true,"href":"https:\/\/elkaminante.com.uy\/en\/wp-json\/wp\/v2\/product_brand?post=12929"},{"taxonomy":"product_cat","embeddable":true,"href":"https:\/\/elkaminante.com.uy\/en\/wp-json\/wp\/v2\/product_cat?post=12929"},{"taxonomy":"product_tag","embeddable":true,"href":"https:\/\/elkaminante.com.uy\/en\/wp-json\/wp\/v2\/product_tag?post=12929"}],"curies":[{"name":"wp","href":"https:\/\/api.w.org\/{rel}","templated":true}]}}