{"id":12926,"date":"2026-03-22T12:08:13","date_gmt":"2026-03-22T15:08:13","guid":{"rendered":"https:\/\/elkaminante.com.uy\/paquetes\/italia-intimissima-en-grupo-desde-bs-as\/"},"modified":"2026-04-17T09:39:53","modified_gmt":"2026-04-17T12:39:53","slug":"italia-intimissima-en-grupo-desde-bs-as","status":"publish","type":"product","link":"https:\/\/elkaminante.com.uy\/en\/paquetes\/italia-intimissima-en-grupo-desde-bs-as\/","title":{"rendered":"Italia Intimissima en grupo desde Bs.As"},"content":{"rendered":"","protected":false},"excerpt":{"rendered":"<p>Ubicado en Europa mediterr\u00e1nea, <b>Italia<\/b> es uno de los pa\u00edses europeos de gran importancia tur\u00edstica tanto por su gran cantidad de historia como por su peculiar tradici\u00f3n y gastronom\u00eda, convirti\u00e9ndolo en uno de los lugares m\u00e1s populares para hacer turismo. Est\u00e1 dividido en cinco regiones geogr\u00e1ficas, y entre las ciudades m\u00e1s populares que posee son <i>Roma, Mil\u00e1n, Venecia, Florencia, Bolonia, N\u00e1poles y Pisa, adem\u00e1s de contar con las islas de Sicilia y Cerde\u00f1a<\/i>.Su gastronom\u00eda es uno de los aspectos que m\u00e1s atraen a los turistas, la variedad y distinci\u00f3n de platillos est\u00e1n a lo largo del pa\u00eds, siempre con una caracter\u00edstica regional. En este pa\u00eds el rubro con mayor popularidad a nivel mundial es la moda, con gran cantidad de marcas de vestido y calzado, adem\u00e1s del sector automovil\u00edstico.<\/p>\n<p>Visitar <b>Roma<\/b> es embarcarse en un paseo por la Historia. La Capital del T\u00edber, el r\u00edo al que debe la existencia la ciudad y que estaba presente ya en la f\u00e1bula de R\u00f3mulo y Remo que explica la fundaci\u00f3n de Roma, es un museo en s\u00ed mismo. Elegir qu\u00e9 ver en la ciudad le llevar\u00e1 tiempo: arte, arquitectura, restos arqueol\u00f3gicos y el Estado del Vaticano -ciudad estado que se encuentra dentro de Roma- salpican cada rinc\u00f3n de la capital de Italia. <i>Principales atractivos tur\u00edsticos:<\/i> Plaza de Espa\u00f1a, Iglesia de Trinit\u00e1 dei Monti, Plaza Navona, Fontana di Trevi, el barrio Trast\u00e9vere, Isla Tibernia, el Tempo de Esculapio, Foro Romano, Arco de Tito, Coliseo, la V\u00eda Sacra, el Pante\u00f3n, el Ciro M\u00e1ximo, la Plaza de Venecia, el Palazzo Senatorio, el Vaticano, con la columnata, la Capilla Sixtina, la Bas\u00edlica de San Pedro y la Piedad de Miguel \u00c1ngel entre otros.<\/p>\n<p><b>Venecia<\/b> es una de las ciudades imprescindibles durante su viaje a Italia. Sus peculiares calles, formadas por canales de agua por los que circulan las ic\u00f3nicas g\u00f3ndolas; sus lindos puentes y sus edificios, tanto civiles como religiosos, conseguir\u00e1n que viaje atr\u00e1s en el tiempo a cuando la ciudad gozaba de tanta importancia que incluso lleg\u00f3 a constituirse en rep\u00fablica independiente. Es considerada a menudo como una de las ciudades m\u00e1s bellas de la Tierra, por su paisaje rom\u00e1ntico que la convierte en un patio de recreo para los amantes, por el hito hist\u00f3rico de recorrer a crucero sus rutas con un hombre que impulsa una g\u00f3ndola. No deje de visitar la Plaza de San Marcos, la Bas\u00edlica de San Marcos, el Palacio Ducal, el Ponte Vecchio, el Puente de los Suspiros y el puente del Rialto entre otros.<\/p>\n","protected":false},"featured_media":12924,"template":"","meta":{"_acf_changed":false,"inline_featured_image":false},"product_brand":[],"product_cat":[28,1579],"product_tag":[4226,4229,64,2279,558,124,1126,856,1005,1467,4230,245,2738,3196,4227,126,1510,857,1002,1127,918,1152,4228,2791,1001,128,1511,858,1003,1128,63],"class_list":{"0":"post-12926","1":"product","2":"type-product","3":"status-publish","4":"has-post-thumbnail","6":"product_cat-paquetes","7":"product_cat-uruguay","8":"product_tag-03-de-junio-de-2026","9":"product_tag-capri-y-costa-amalfitana","10":"product_tag-desayuno","11":"product_tag-en-italia","12":"product_tag-en-junio","13":"product_tag-europa","14":"product_tag-florencia","15":"product_tag-italia","16":"product_tag-italia-en-italia","17":"product_tag-italia-en-junio","18":"product_tag-italia-intimissima-en-grupo-desde-bs-as","19":"product_tag-junio","20":"product_tag-milan","21":"product_tag-napoles","22":"product_tag-padua","23":"product_tag-paquetes-a-europa","24":"product_tag-paquetes-a-florencia","25":"product_tag-paquetes-a-italia","26":"product_tag-paquetes-a-roma","27":"product_tag-paquetes-a-venecia","28":"product_tag-roma","29":"product_tag-salida-grupal","30":"product_tag-san-gimigniano","31":"product_tag-siena","32":"product_tag-venecia","33":"product_tag-viajes-a-europa","34":"product_tag-viajes-a-florencia","35":"product_tag-viajes-a-italia","36":"product_tag-viajes-a-roma","37":"product_tag-viajes-a-venecia","38":"product_tag-vuelo-y-circuito","39":"entry","40":"has-media","42":"first","43":"instock","44":"shipping-taxable","45":"purchasable","46":"product-type-simple"},"acf":[],"yoast_head":"<!-- This site is optimized with the Yoast SEO plugin v27.2 - https:\/\/yoast.com\/product\/yoast-seo-wordpress\/ -->\n<title>Italia Intimissima en grupo desde Bs.As - El Kaminante<\/title>\n<meta name=\"robots\" content=\"index, follow, max-snippet:-1, max-image-preview:large, max-video-preview:-1\" \/>\n<link rel=\"canonical\" href=\"https:\/\/elkaminante.com.uy\/paquetes\/italia-intimissima-en-grupo-desde-bs-as\/\" \/>\n<meta property=\"og:locale\" content=\"en_US\" \/>\n<meta property=\"og:type\" content=\"article\" \/>\n<meta property=\"og:title\" content=\"Italia Intimissima en grupo desde Bs.As - El Kaminante\" \/>\n<meta property=\"og:description\" content=\"Ubicado en Europa mediterr\u00e1nea, Italia es uno de los pa\u00edses europeos de gran importancia tur\u00edstica tanto por su gran cantidad de historia como por su peculiar tradici\u00f3n y gastronom\u00eda, convirti\u00e9ndolo en uno de los lugares m\u00e1s populares para hacer turismo. Est\u00e1 dividido en cinco regiones geogr\u00e1ficas, y entre las ciudades m\u00e1s populares que posee son Roma, Mil\u00e1n, Venecia, Florencia, Bolonia, N\u00e1poles y Pisa, adem\u00e1s de contar con las islas de Sicilia y Cerde\u00f1a.Su gastronom\u00eda es uno de los aspectos que m\u00e1s atraen a los turistas, la variedad y distinci\u00f3n de platillos est\u00e1n a lo largo del pa\u00eds, siempre con una caracter\u00edstica regional. En este pa\u00eds el rubro con mayor popularidad a nivel mundial es la moda, con gran cantidad de marcas de vestido y calzado, adem\u00e1s del sector automovil\u00edstico.Visitar Roma es embarcarse en un paseo por la Historia. La Capital del T\u00edber, el r\u00edo al que debe la existencia la ciudad y que estaba presente ya en la f\u00e1bula de R\u00f3mulo y Remo que explica la fundaci\u00f3n de Roma, es un museo en s\u00ed mismo. Elegir qu\u00e9 ver en la ciudad le llevar\u00e1 tiempo: arte, arquitectura, restos arqueol\u00f3gicos y el Estado del Vaticano -ciudad estado que se encuentra dentro de Roma- salpican cada rinc\u00f3n de la capital de Italia. Principales atractivos tur\u00edsticos: Plaza de Espa\u00f1a, Iglesia de Trinit\u00e1 dei Monti, Plaza Navona, Fontana di Trevi, el barrio Trast\u00e9vere, Isla Tibernia, el Tempo de Esculapio, Foro Romano, Arco de Tito, Coliseo, la V\u00eda Sacra, el Pante\u00f3n, el Ciro M\u00e1ximo, la Plaza de Venecia, el Palazzo Senatorio, el Vaticano, con la columnata, la Capilla Sixtina, la Bas\u00edlica de San Pedro y la Piedad de Miguel \u00c1ngel entre otros.Venecia es una de las ciudades imprescindibles durante su viaje a Italia. Sus peculiares calles, formadas por canales de agua por los que circulan las ic\u00f3nicas g\u00f3ndolas; sus lindos puentes y sus edificios, tanto civiles como religiosos, conseguir\u00e1n que viaje atr\u00e1s en el tiempo a cuando la ciudad gozaba de tanta importancia que incluso lleg\u00f3 a constituirse en rep\u00fablica independiente. Es considerada a menudo como una de las ciudades m\u00e1s bellas de la Tierra, por su paisaje rom\u00e1ntico que la convierte en un patio de recreo para los amantes, por el hito hist\u00f3rico de recorrer a crucero sus rutas con un hombre que impulsa una g\u00f3ndola. No deje de visitar la Plaza de San Marcos, la Bas\u00edlica de San Marcos, el Palacio Ducal, el Ponte Vecchio, el Puente de los Suspiros y el puente del Rialto entre otros.\" \/>\n<meta property=\"og:url\" content=\"https:\/\/elkaminante.com.uy\/paquetes\/italia-intimissima-en-grupo-desde-bs-as\/\" \/>\n<meta property=\"og:site_name\" content=\"El Kaminante\" \/>\n<meta property=\"article:modified_time\" content=\"2026-04-17T12:39:53+00:00\" \/>\n<meta name=\"twitter:card\" content=\"summary_large_image\" \/>\n<script type=\"application\/ld+json\" class=\"yoast-schema-graph\">{\"@context\":\"https:\/\/schema.org\",\"@graph\":[{\"@type\":\"WebPage\",\"@id\":\"https:\/\/elkaminante.com.uy\/paquetes\/italia-intimissima-en-grupo-desde-bs-as\/\",\"url\":\"https:\/\/elkaminante.com.uy\/paquetes\/italia-intimissima-en-grupo-desde-bs-as\/\",\"name\":\"Italia Intimissima en grupo desde Bs.As - El Kaminante\",\"isPartOf\":{\"@id\":\"https:\/\/elkaminante.com.uy\/#website\"},\"primaryImageOfPage\":{\"@id\":\"https:\/\/elkaminante.com.uy\/paquetes\/italia-intimissima-en-grupo-desde-bs-as\/#primaryimage\"},\"image\":{\"@id\":\"https:\/\/elkaminante.com.uy\/paquetes\/italia-intimissima-en-grupo-desde-bs-as\/#primaryimage\"},\"thumbnailUrl\":\"https:\/\/elkaminante.com.uy\/wp-content\/uploads\/2026\/03\/PAQ690.webp\",\"datePublished\":\"2026-03-22T15:08:13+00:00\",\"dateModified\":\"2026-04-17T12:39:53+00:00\",\"breadcrumb\":{\"@id\":\"https:\/\/elkaminante.com.uy\/paquetes\/italia-intimissima-en-grupo-desde-bs-as\/#breadcrumb\"},\"inLanguage\":\"en-US\",\"potentialAction\":[{\"@type\":\"ReadAction\",\"target\":[\"https:\/\/elkaminante.com.uy\/paquetes\/italia-intimissima-en-grupo-desde-bs-as\/\"]}]},{\"@type\":\"ImageObject\",\"inLanguage\":\"en-US\",\"@id\":\"https:\/\/elkaminante.com.uy\/paquetes\/italia-intimissima-en-grupo-desde-bs-as\/#primaryimage\",\"url\":\"https:\/\/elkaminante.com.uy\/wp-content\/uploads\/2026\/03\/PAQ690.webp\",\"contentUrl\":\"https:\/\/elkaminante.com.uy\/wp-content\/uploads\/2026\/03\/PAQ690.webp\",\"width\":800,\"height\":457},{\"@type\":\"BreadcrumbList\",\"@id\":\"https:\/\/elkaminante.com.uy\/paquetes\/italia-intimissima-en-grupo-desde-bs-as\/#breadcrumb\",\"itemListElement\":[{\"@type\":\"ListItem\",\"position\":1,\"name\":\"Inicio\",\"item\":\"https:\/\/elkaminante.com.uy\/en\/\"},{\"@type\":\"ListItem\",\"position\":2,\"name\":\"Viajes por el mundo\",\"item\":\"https:\/\/elkaminante.com.uy\/en\/paquetes\/\"},{\"@type\":\"ListItem\",\"position\":3,\"name\":\"Italia Intimissima en grupo desde Bs.As\"}]},{\"@type\":\"WebSite\",\"@id\":\"https:\/\/elkaminante.com.uy\/#website\",\"url\":\"https:\/\/elkaminante.com.uy\/\",\"name\":\"El Kaminante\",\"description\":\"Viajes &amp; Turismo\",\"publisher\":{\"@id\":\"https:\/\/elkaminante.com.uy\/#organization\"},\"potentialAction\":[{\"@type\":\"SearchAction\",\"target\":{\"@type\":\"EntryPoint\",\"urlTemplate\":\"https:\/\/elkaminante.com.uy\/?s={search_term_string}\"},\"query-input\":{\"@type\":\"PropertyValueSpecification\",\"valueRequired\":true,\"valueName\":\"search_term_string\"}}],\"inLanguage\":\"en-US\"},{\"@type\":\"Organization\",\"@id\":\"https:\/\/elkaminante.com.uy\/#organization\",\"name\":\"El Kaminante\",\"url\":\"https:\/\/elkaminante.com.uy\/\",\"logo\":{\"@type\":\"ImageObject\",\"inLanguage\":\"en-US\",\"@id\":\"https:\/\/elkaminante.com.uy\/#\/schema\/logo\/image\/\",\"url\":\"https:\/\/elkaminante.com.uy\/wp-content\/uploads\/2025\/02\/logo-elkaminante-blanco.svg\",\"contentUrl\":\"https:\/\/elkaminante.com.uy\/wp-content\/uploads\/2025\/02\/logo-elkaminante-blanco.svg\",\"caption\":\"El Kaminante\"},\"image\":{\"@id\":\"https:\/\/elkaminante.com.uy\/#\/schema\/logo\/image\/\"}}]}<\/script>\n<!-- \/ Yoast SEO plugin. -->","yoast_head_json":{"title":"Italia Intimissima en grupo desde Bs.As - El Kaminante","robots":{"index":"index","follow":"follow","max-snippet":"max-snippet:-1","max-image-preview":"max-image-preview:large","max-video-preview":"max-video-preview:-1"},"canonical":"https:\/\/elkaminante.com.uy\/paquetes\/italia-intimissima-en-grupo-desde-bs-as\/","og_locale":"en_US","og_type":"article","og_title":"Italia Intimissima en grupo desde Bs.As - El Kaminante","og_description":"Ubicado en Europa mediterr\u00e1nea, Italia es uno de los pa\u00edses europeos de gran importancia tur\u00edstica tanto por su gran cantidad de historia como por su peculiar tradici\u00f3n y gastronom\u00eda, convirti\u00e9ndolo en uno de los lugares m\u00e1s populares para hacer turismo. Est\u00e1 dividido en cinco regiones geogr\u00e1ficas, y entre las ciudades m\u00e1s populares que posee son Roma, Mil\u00e1n, Venecia, Florencia, Bolonia, N\u00e1poles y Pisa, adem\u00e1s de contar con las islas de Sicilia y Cerde\u00f1a.Su gastronom\u00eda es uno de los aspectos que m\u00e1s atraen a los turistas, la variedad y distinci\u00f3n de platillos est\u00e1n a lo largo del pa\u00eds, siempre con una caracter\u00edstica regional. En este pa\u00eds el rubro con mayor popularidad a nivel mundial es la moda, con gran cantidad de marcas de vestido y calzado, adem\u00e1s del sector automovil\u00edstico.Visitar Roma es embarcarse en un paseo por la Historia. La Capital del T\u00edber, el r\u00edo al que debe la existencia la ciudad y que estaba presente ya en la f\u00e1bula de R\u00f3mulo y Remo que explica la fundaci\u00f3n de Roma, es un museo en s\u00ed mismo. Elegir qu\u00e9 ver en la ciudad le llevar\u00e1 tiempo: arte, arquitectura, restos arqueol\u00f3gicos y el Estado del Vaticano -ciudad estado que se encuentra dentro de Roma- salpican cada rinc\u00f3n de la capital de Italia. Principales atractivos tur\u00edsticos: Plaza de Espa\u00f1a, Iglesia de Trinit\u00e1 dei Monti, Plaza Navona, Fontana di Trevi, el barrio Trast\u00e9vere, Isla Tibernia, el Tempo de Esculapio, Foro Romano, Arco de Tito, Coliseo, la V\u00eda Sacra, el Pante\u00f3n, el Ciro M\u00e1ximo, la Plaza de Venecia, el Palazzo Senatorio, el Vaticano, con la columnata, la Capilla Sixtina, la Bas\u00edlica de San Pedro y la Piedad de Miguel \u00c1ngel entre otros.Venecia es una de las ciudades imprescindibles durante su viaje a Italia. Sus peculiares calles, formadas por canales de agua por los que circulan las ic\u00f3nicas g\u00f3ndolas; sus lindos puentes y sus edificios, tanto civiles como religiosos, conseguir\u00e1n que viaje atr\u00e1s en el tiempo a cuando la ciudad gozaba de tanta importancia que incluso lleg\u00f3 a constituirse en rep\u00fablica independiente. Es considerada a menudo como una de las ciudades m\u00e1s bellas de la Tierra, por su paisaje rom\u00e1ntico que la convierte en un patio de recreo para los amantes, por el hito hist\u00f3rico de recorrer a crucero sus rutas con un hombre que impulsa una g\u00f3ndola. No deje de visitar la Plaza de San Marcos, la Bas\u00edlica de San Marcos, el Palacio Ducal, el Ponte Vecchio, el Puente de los Suspiros y el puente del Rialto entre otros.","og_url":"https:\/\/elkaminante.com.uy\/paquetes\/italia-intimissima-en-grupo-desde-bs-as\/","og_site_name":"El Kaminante","article_modified_time":"2026-04-17T12:39:53+00:00","twitter_card":"summary_large_image","schema":{"@context":"https:\/\/schema.org","@graph":[{"@type":"WebPage","@id":"https:\/\/elkaminante.com.uy\/paquetes\/italia-intimissima-en-grupo-desde-bs-as\/","url":"https:\/\/elkaminante.com.uy\/paquetes\/italia-intimissima-en-grupo-desde-bs-as\/","name":"Italia Intimissima en grupo desde Bs.As - El Kaminante","isPartOf":{"@id":"https:\/\/elkaminante.com.uy\/#website"},"primaryImageOfPage":{"@id":"https:\/\/elkaminante.com.uy\/paquetes\/italia-intimissima-en-grupo-desde-bs-as\/#primaryimage"},"image":{"@id":"https:\/\/elkaminante.com.uy\/paquetes\/italia-intimissima-en-grupo-desde-bs-as\/#primaryimage"},"thumbnailUrl":"https:\/\/elkaminante.com.uy\/wp-content\/uploads\/2026\/03\/PAQ690.webp","datePublished":"2026-03-22T15:08:13+00:00","dateModified":"2026-04-17T12:39:53+00:00","breadcrumb":{"@id":"https:\/\/elkaminante.com.uy\/paquetes\/italia-intimissima-en-grupo-desde-bs-as\/#breadcrumb"},"inLanguage":"en-US","potentialAction":[{"@type":"ReadAction","target":["https:\/\/elkaminante.com.uy\/paquetes\/italia-intimissima-en-grupo-desde-bs-as\/"]}]},{"@type":"ImageObject","inLanguage":"en-US","@id":"https:\/\/elkaminante.com.uy\/paquetes\/italia-intimissima-en-grupo-desde-bs-as\/#primaryimage","url":"https:\/\/elkaminante.com.uy\/wp-content\/uploads\/2026\/03\/PAQ690.webp","contentUrl":"https:\/\/elkaminante.com.uy\/wp-content\/uploads\/2026\/03\/PAQ690.webp","width":800,"height":457},{"@type":"BreadcrumbList","@id":"https:\/\/elkaminante.com.uy\/paquetes\/italia-intimissima-en-grupo-desde-bs-as\/#breadcrumb","itemListElement":[{"@type":"ListItem","position":1,"name":"Inicio","item":"https:\/\/elkaminante.com.uy\/en\/"},{"@type":"ListItem","position":2,"name":"Viajes por el mundo","item":"https:\/\/elkaminante.com.uy\/en\/paquetes\/"},{"@type":"ListItem","position":3,"name":"Italia Intimissima en grupo desde Bs.As"}]},{"@type":"WebSite","@id":"https:\/\/elkaminante.com.uy\/#website","url":"https:\/\/elkaminante.com.uy\/","name":"El Kaminante","description":"Viajes &amp; Turismo","publisher":{"@id":"https:\/\/elkaminante.com.uy\/#organization"},"potentialAction":[{"@type":"SearchAction","target":{"@type":"EntryPoint","urlTemplate":"https:\/\/elkaminante.com.uy\/?s={search_term_string}"},"query-input":{"@type":"PropertyValueSpecification","valueRequired":true,"valueName":"search_term_string"}}],"inLanguage":"en-US"},{"@type":"Organization","@id":"https:\/\/elkaminante.com.uy\/#organization","name":"El Kaminante","url":"https:\/\/elkaminante.com.uy\/","logo":{"@type":"ImageObject","inLanguage":"en-US","@id":"https:\/\/elkaminante.com.uy\/#\/schema\/logo\/image\/","url":"https:\/\/elkaminante.com.uy\/wp-content\/uploads\/2025\/02\/logo-elkaminante-blanco.svg","contentUrl":"https:\/\/elkaminante.com.uy\/wp-content\/uploads\/2025\/02\/logo-elkaminante-blanco.svg","caption":"El Kaminante"},"image":{"@id":"https:\/\/elkaminante.com.uy\/#\/schema\/logo\/image\/"}}]}},"_links":{"self":[{"href":"https:\/\/elkaminante.com.uy\/en\/wp-json\/wp\/v2\/product\/12926","targetHints":{"allow":["GET"]}}],"collection":[{"href":"https:\/\/elkaminante.com.uy\/en\/wp-json\/wp\/v2\/product"}],"about":[{"href":"https:\/\/elkaminante.com.uy\/en\/wp-json\/wp\/v2\/types\/product"}],"wp:featuredmedia":[{"embeddable":true,"href":"https:\/\/elkaminante.com.uy\/en\/wp-json\/wp\/v2\/media\/12924"}],"wp:attachment":[{"href":"https:\/\/elkaminante.com.uy\/en\/wp-json\/wp\/v2\/media?parent=12926"}],"wp:term":[{"taxonomy":"product_brand","embeddable":true,"href":"https:\/\/elkaminante.com.uy\/en\/wp-json\/wp\/v2\/product_brand?post=12926"},{"taxonomy":"product_cat","embeddable":true,"href":"https:\/\/elkaminante.com.uy\/en\/wp-json\/wp\/v2\/product_cat?post=12926"},{"taxonomy":"product_tag","embeddable":true,"href":"https:\/\/elkaminante.com.uy\/en\/wp-json\/wp\/v2\/product_tag?post=12926"}],"curies":[{"name":"wp","href":"https:\/\/api.w.org\/{rel}","templated":true}]}}