{"id":12789,"date":"2026-03-06T13:54:46","date_gmt":"2026-03-06T16:54:46","guid":{"rendered":"https:\/\/elkaminante.com.uy\/paquetes\/aventura-por-el-sur-de-africa-en-grupo\/"},"modified":"2026-04-17T09:39:52","modified_gmt":"2026-04-17T12:39:52","slug":"aventura-por-el-sur-de-africa-en-grupo","status":"publish","type":"product","link":"https:\/\/elkaminante.com.uy\/en\/paquetes\/aventura-por-el-sur-de-africa-en-grupo\/","title":{"rendered":"Aventura por el Sur de \u00c1frica en grupo"},"content":{"rendered":"","protected":false},"excerpt":{"rendered":"<p>Hacer turismo en <b>Sud\u00e1frica<\/b> es viajar hasta un destino de diversidad en todos los sentidos. Conocido como el pa\u00eds del arco iris por su mezcla cultural, \u00e9tnica y natural, existen miles de lugares tur\u00edsticos de Sud\u00e1frica que le sorprender\u00e1n. El Parque Kruger, el \u2018rey de los parques naturales\u2019 del pa\u00eds. Esta reserva mantiene un delicado equilibrio ecol\u00f3gico debido a la protecci\u00f3n de la que ha sido objeto. En sus 19.000 kil\u00f3metros cuadrados se encuentran ejemplares de todas las especies africanas, incluidos los \u2018cinco grandes\u2019: leones, leopardos, b\u00fafalos, elefantes y rinocerontes; y una riqueza de especies vegetales como pocos lugares del planeta.<\/p>\n<p><b>Informaci\u00f3n Importante<\/b>: Para turistas procedentes de Argentina, Brasil, Colombia, Paraguay, Venezuela y otros; se les requerir\u00e1 presentar el certificado internacional de vacunaci\u00f3n contra la fiebre amarilla al ingresar al pa\u00eds. Vea aqu\u00ed el listado completo de pa\u00edses que requieren el certificado de vacunaci\u00f3n.<\/p>\n","protected":false},"featured_media":12787,"template":"","meta":{"_acf_changed":false,"inline_featured_image":false},"product_brand":[],"product_cat":[28,1579],"product_tag":[4143,432,4151,2788,64,558,2139,4144,1634,62,2544,245,65,4147,434,433,4146,2545,4148,4149,4150,1152,4145,61,431,716,439,436,435,63],"class_list":{"0":"post-12789","1":"product","2":"type-product","3":"status-publish","4":"has-post-thumbnail","6":"product_cat-paquetes","7":"product_cat-uruguay","8":"product_tag-25-de-junio-de-2027exoticos","9":"product_tag-africa","10":"product_tag-aventura-por-el-sur-de-africa-en-grupo","11":"product_tag-ciudad-del-cabo","12":"product_tag-desayuno","13":"product_tag-en-junio","14":"product_tag-en-sudafrica","15":"product_tag-eswatini","16":"product_tag-exhotico","17":"product_tag-exoticos","18":"product_tag-johannesburgo","19":"product_tag-junio","20":"product_tag-no-aplica","21":"product_tag-oude-kraal","22":"product_tag-paquetes-a-africa","23":"product_tag-paquetes-a-sudafrica","24":"product_tag-parque-drakensberg","25":"product_tag-parque-kruger","26":"product_tag-parque-nacional-gran-addo","27":"product_tag-parque-nacional-tsitsikamma","28":"product_tag-ruta-jardin","29":"product_tag-salida-grupal","30":"product_tag-santa-lucia","31":"product_tag-sin-destino","32":"product_tag-sudafrica","33":"product_tag-sudafrica-en-junio","34":"product_tag-sudafrica-en-sudafrica","35":"product_tag-viajes-a-africa","36":"product_tag-viajes-a-sudafrica","37":"product_tag-vuelo-y-circuito","38":"entry","39":"has-media","41":"first","42":"instock","43":"shipping-taxable","44":"purchasable","45":"product-type-simple"},"acf":[],"yoast_head":"<!-- This site is optimized with the Yoast SEO plugin v27.2 - https:\/\/yoast.com\/product\/yoast-seo-wordpress\/ -->\n<title>Aventura por el Sur de \u00c1frica en grupo - El Kaminante<\/title>\n<meta name=\"robots\" content=\"index, follow, max-snippet:-1, max-image-preview:large, max-video-preview:-1\" \/>\n<link rel=\"canonical\" href=\"https:\/\/elkaminante.com.uy\/paquetes\/aventura-por-el-sur-de-africa-en-grupo\/\" \/>\n<meta property=\"og:locale\" content=\"en_US\" \/>\n<meta property=\"og:type\" content=\"article\" \/>\n<meta property=\"og:title\" content=\"Aventura por el Sur de \u00c1frica en grupo - El Kaminante\" \/>\n<meta property=\"og:description\" content=\"Hacer turismo en Sud\u00e1frica es viajar hasta un destino de diversidad en todos los sentidos. Conocido como el pa\u00eds del arco iris por su mezcla cultural, \u00e9tnica y natural, existen miles de lugares tur\u00edsticos de Sud\u00e1frica que le sorprender\u00e1n. El Parque Kruger, el \u2018rey de los parques naturales\u2019 del pa\u00eds. Esta reserva mantiene un delicado equilibrio ecol\u00f3gico debido a la protecci\u00f3n de la que ha sido objeto. En sus 19.000 kil\u00f3metros cuadrados se encuentran ejemplares de todas las especies africanas, incluidos los \u2018cinco grandes\u2019: leones, leopardos, b\u00fafalos, elefantes y rinocerontes; y una riqueza de especies vegetales como pocos lugares del planeta.Informaci\u00f3n Importante: Para turistas procedentes de Argentina, Brasil, Colombia, Paraguay, Venezuela y otros; se les requerir\u00e1 presentar el certificado internacional de vacunaci\u00f3n contra la fiebre amarilla al ingresar al pa\u00eds. Vea aqu\u00ed el listado completo de pa\u00edses que requieren el certificado de vacunaci\u00f3n.\" \/>\n<meta property=\"og:url\" content=\"https:\/\/elkaminante.com.uy\/paquetes\/aventura-por-el-sur-de-africa-en-grupo\/\" \/>\n<meta property=\"og:site_name\" content=\"El Kaminante\" \/>\n<meta property=\"article:modified_time\" content=\"2026-04-17T12:39:52+00:00\" \/>\n<meta name=\"twitter:card\" content=\"summary_large_image\" \/>\n<script type=\"application\/ld+json\" class=\"yoast-schema-graph\">{\"@context\":\"https:\/\/schema.org\",\"@graph\":[{\"@type\":\"WebPage\",\"@id\":\"https:\/\/elkaminante.com.uy\/paquetes\/aventura-por-el-sur-de-africa-en-grupo\/\",\"url\":\"https:\/\/elkaminante.com.uy\/paquetes\/aventura-por-el-sur-de-africa-en-grupo\/\",\"name\":\"Aventura por el Sur de \u00c1frica en grupo - El Kaminante\",\"isPartOf\":{\"@id\":\"https:\/\/elkaminante.com.uy\/#website\"},\"primaryImageOfPage\":{\"@id\":\"https:\/\/elkaminante.com.uy\/paquetes\/aventura-por-el-sur-de-africa-en-grupo\/#primaryimage\"},\"image\":{\"@id\":\"https:\/\/elkaminante.com.uy\/paquetes\/aventura-por-el-sur-de-africa-en-grupo\/#primaryimage\"},\"thumbnailUrl\":\"https:\/\/elkaminante.com.uy\/wp-content\/uploads\/2026\/03\/PAQ679.webp\",\"datePublished\":\"2026-03-06T16:54:46+00:00\",\"dateModified\":\"2026-04-17T12:39:52+00:00\",\"breadcrumb\":{\"@id\":\"https:\/\/elkaminante.com.uy\/paquetes\/aventura-por-el-sur-de-africa-en-grupo\/#breadcrumb\"},\"inLanguage\":\"en-US\",\"potentialAction\":[{\"@type\":\"ReadAction\",\"target\":[\"https:\/\/elkaminante.com.uy\/paquetes\/aventura-por-el-sur-de-africa-en-grupo\/\"]}]},{\"@type\":\"ImageObject\",\"inLanguage\":\"en-US\",\"@id\":\"https:\/\/elkaminante.com.uy\/paquetes\/aventura-por-el-sur-de-africa-en-grupo\/#primaryimage\",\"url\":\"https:\/\/elkaminante.com.uy\/wp-content\/uploads\/2026\/03\/PAQ679.webp\",\"contentUrl\":\"https:\/\/elkaminante.com.uy\/wp-content\/uploads\/2026\/03\/PAQ679.webp\",\"width\":800,\"height\":457},{\"@type\":\"BreadcrumbList\",\"@id\":\"https:\/\/elkaminante.com.uy\/paquetes\/aventura-por-el-sur-de-africa-en-grupo\/#breadcrumb\",\"itemListElement\":[{\"@type\":\"ListItem\",\"position\":1,\"name\":\"Inicio\",\"item\":\"https:\/\/elkaminante.com.uy\/en\/\"},{\"@type\":\"ListItem\",\"position\":2,\"name\":\"Viajes por el mundo\",\"item\":\"https:\/\/elkaminante.com.uy\/en\/paquetes\/\"},{\"@type\":\"ListItem\",\"position\":3,\"name\":\"Aventura por el Sur de \u00c1frica en grupo\"}]},{\"@type\":\"WebSite\",\"@id\":\"https:\/\/elkaminante.com.uy\/#website\",\"url\":\"https:\/\/elkaminante.com.uy\/\",\"name\":\"El Kaminante\",\"description\":\"Viajes &amp; Turismo\",\"publisher\":{\"@id\":\"https:\/\/elkaminante.com.uy\/#organization\"},\"potentialAction\":[{\"@type\":\"SearchAction\",\"target\":{\"@type\":\"EntryPoint\",\"urlTemplate\":\"https:\/\/elkaminante.com.uy\/?s={search_term_string}\"},\"query-input\":{\"@type\":\"PropertyValueSpecification\",\"valueRequired\":true,\"valueName\":\"search_term_string\"}}],\"inLanguage\":\"en-US\"},{\"@type\":\"Organization\",\"@id\":\"https:\/\/elkaminante.com.uy\/#organization\",\"name\":\"El Kaminante\",\"url\":\"https:\/\/elkaminante.com.uy\/\",\"logo\":{\"@type\":\"ImageObject\",\"inLanguage\":\"en-US\",\"@id\":\"https:\/\/elkaminante.com.uy\/#\/schema\/logo\/image\/\",\"url\":\"https:\/\/elkaminante.com.uy\/wp-content\/uploads\/2025\/02\/logo-elkaminante-blanco.svg\",\"contentUrl\":\"https:\/\/elkaminante.com.uy\/wp-content\/uploads\/2025\/02\/logo-elkaminante-blanco.svg\",\"caption\":\"El Kaminante\"},\"image\":{\"@id\":\"https:\/\/elkaminante.com.uy\/#\/schema\/logo\/image\/\"}}]}<\/script>\n<!-- \/ Yoast SEO plugin. -->","yoast_head_json":{"title":"Aventura por el Sur de \u00c1frica en grupo - El Kaminante","robots":{"index":"index","follow":"follow","max-snippet":"max-snippet:-1","max-image-preview":"max-image-preview:large","max-video-preview":"max-video-preview:-1"},"canonical":"https:\/\/elkaminante.com.uy\/paquetes\/aventura-por-el-sur-de-africa-en-grupo\/","og_locale":"en_US","og_type":"article","og_title":"Aventura por el Sur de \u00c1frica en grupo - El Kaminante","og_description":"Hacer turismo en Sud\u00e1frica es viajar hasta un destino de diversidad en todos los sentidos. Conocido como el pa\u00eds del arco iris por su mezcla cultural, \u00e9tnica y natural, existen miles de lugares tur\u00edsticos de Sud\u00e1frica que le sorprender\u00e1n. El Parque Kruger, el \u2018rey de los parques naturales\u2019 del pa\u00eds. Esta reserva mantiene un delicado equilibrio ecol\u00f3gico debido a la protecci\u00f3n de la que ha sido objeto. En sus 19.000 kil\u00f3metros cuadrados se encuentran ejemplares de todas las especies africanas, incluidos los \u2018cinco grandes\u2019: leones, leopardos, b\u00fafalos, elefantes y rinocerontes; y una riqueza de especies vegetales como pocos lugares del planeta.Informaci\u00f3n Importante: Para turistas procedentes de Argentina, Brasil, Colombia, Paraguay, Venezuela y otros; se les requerir\u00e1 presentar el certificado internacional de vacunaci\u00f3n contra la fiebre amarilla al ingresar al pa\u00eds. Vea aqu\u00ed el listado completo de pa\u00edses que requieren el certificado de vacunaci\u00f3n.","og_url":"https:\/\/elkaminante.com.uy\/paquetes\/aventura-por-el-sur-de-africa-en-grupo\/","og_site_name":"El Kaminante","article_modified_time":"2026-04-17T12:39:52+00:00","twitter_card":"summary_large_image","schema":{"@context":"https:\/\/schema.org","@graph":[{"@type":"WebPage","@id":"https:\/\/elkaminante.com.uy\/paquetes\/aventura-por-el-sur-de-africa-en-grupo\/","url":"https:\/\/elkaminante.com.uy\/paquetes\/aventura-por-el-sur-de-africa-en-grupo\/","name":"Aventura por el Sur de \u00c1frica en grupo - El Kaminante","isPartOf":{"@id":"https:\/\/elkaminante.com.uy\/#website"},"primaryImageOfPage":{"@id":"https:\/\/elkaminante.com.uy\/paquetes\/aventura-por-el-sur-de-africa-en-grupo\/#primaryimage"},"image":{"@id":"https:\/\/elkaminante.com.uy\/paquetes\/aventura-por-el-sur-de-africa-en-grupo\/#primaryimage"},"thumbnailUrl":"https:\/\/elkaminante.com.uy\/wp-content\/uploads\/2026\/03\/PAQ679.webp","datePublished":"2026-03-06T16:54:46+00:00","dateModified":"2026-04-17T12:39:52+00:00","breadcrumb":{"@id":"https:\/\/elkaminante.com.uy\/paquetes\/aventura-por-el-sur-de-africa-en-grupo\/#breadcrumb"},"inLanguage":"en-US","potentialAction":[{"@type":"ReadAction","target":["https:\/\/elkaminante.com.uy\/paquetes\/aventura-por-el-sur-de-africa-en-grupo\/"]}]},{"@type":"ImageObject","inLanguage":"en-US","@id":"https:\/\/elkaminante.com.uy\/paquetes\/aventura-por-el-sur-de-africa-en-grupo\/#primaryimage","url":"https:\/\/elkaminante.com.uy\/wp-content\/uploads\/2026\/03\/PAQ679.webp","contentUrl":"https:\/\/elkaminante.com.uy\/wp-content\/uploads\/2026\/03\/PAQ679.webp","width":800,"height":457},{"@type":"BreadcrumbList","@id":"https:\/\/elkaminante.com.uy\/paquetes\/aventura-por-el-sur-de-africa-en-grupo\/#breadcrumb","itemListElement":[{"@type":"ListItem","position":1,"name":"Inicio","item":"https:\/\/elkaminante.com.uy\/en\/"},{"@type":"ListItem","position":2,"name":"Viajes por el mundo","item":"https:\/\/elkaminante.com.uy\/en\/paquetes\/"},{"@type":"ListItem","position":3,"name":"Aventura por el Sur de \u00c1frica en grupo"}]},{"@type":"WebSite","@id":"https:\/\/elkaminante.com.uy\/#website","url":"https:\/\/elkaminante.com.uy\/","name":"El Kaminante","description":"Viajes &amp; Turismo","publisher":{"@id":"https:\/\/elkaminante.com.uy\/#organization"},"potentialAction":[{"@type":"SearchAction","target":{"@type":"EntryPoint","urlTemplate":"https:\/\/elkaminante.com.uy\/?s={search_term_string}"},"query-input":{"@type":"PropertyValueSpecification","valueRequired":true,"valueName":"search_term_string"}}],"inLanguage":"en-US"},{"@type":"Organization","@id":"https:\/\/elkaminante.com.uy\/#organization","name":"El Kaminante","url":"https:\/\/elkaminante.com.uy\/","logo":{"@type":"ImageObject","inLanguage":"en-US","@id":"https:\/\/elkaminante.com.uy\/#\/schema\/logo\/image\/","url":"https:\/\/elkaminante.com.uy\/wp-content\/uploads\/2025\/02\/logo-elkaminante-blanco.svg","contentUrl":"https:\/\/elkaminante.com.uy\/wp-content\/uploads\/2025\/02\/logo-elkaminante-blanco.svg","caption":"El Kaminante"},"image":{"@id":"https:\/\/elkaminante.com.uy\/#\/schema\/logo\/image\/"}}]}},"_links":{"self":[{"href":"https:\/\/elkaminante.com.uy\/en\/wp-json\/wp\/v2\/product\/12789","targetHints":{"allow":["GET"]}}],"collection":[{"href":"https:\/\/elkaminante.com.uy\/en\/wp-json\/wp\/v2\/product"}],"about":[{"href":"https:\/\/elkaminante.com.uy\/en\/wp-json\/wp\/v2\/types\/product"}],"wp:featuredmedia":[{"embeddable":true,"href":"https:\/\/elkaminante.com.uy\/en\/wp-json\/wp\/v2\/media\/12787"}],"wp:attachment":[{"href":"https:\/\/elkaminante.com.uy\/en\/wp-json\/wp\/v2\/media?parent=12789"}],"wp:term":[{"taxonomy":"product_brand","embeddable":true,"href":"https:\/\/elkaminante.com.uy\/en\/wp-json\/wp\/v2\/product_brand?post=12789"},{"taxonomy":"product_cat","embeddable":true,"href":"https:\/\/elkaminante.com.uy\/en\/wp-json\/wp\/v2\/product_cat?post=12789"},{"taxonomy":"product_tag","embeddable":true,"href":"https:\/\/elkaminante.com.uy\/en\/wp-json\/wp\/v2\/product_tag?post=12789"}],"curies":[{"name":"wp","href":"https:\/\/api.w.org\/{rel}","templated":true}]}}