{"id":12786,"date":"2026-03-06T13:54:42","date_gmt":"2026-03-06T16:54:42","guid":{"rendered":"https:\/\/elkaminante.com.uy\/paquetes\/natal-luz-en-sierras-gauchas-en-grupo\/"},"modified":"2026-04-17T09:39:52","modified_gmt":"2026-04-17T12:39:52","slug":"natal-luz-en-sierras-gauchas-en-grupo","status":"publish","type":"product","link":"https:\/\/elkaminante.com.uy\/en\/paquetes\/natal-luz-en-sierras-gauchas-en-grupo\/","title":{"rendered":"Natal Luz en Sierras Gauchas en grupo"},"content":{"rendered":"","protected":false},"excerpt":{"rendered":"<p><b>Gramado<\/b> forma parte de la famosa Sierra Gaucha y antiguamente era un distrito de Taquara hasta el a\u00f1o 1955. La ciudad comenz\u00f3 su crecimiento comercial con el funcionamiento de la l\u00ednea de ferrocarril, lo que facilit\u00f3 el comercio con la ciudad de <b>Canela<\/b> y se pobl\u00f3 poco a poco de inmigrantes italianos y alemanes. Son indudablemente dos de las localidades de Brasil consideradas entre las m\u00e1s lindas del mundo para ser visitadas. Gran parte de su encanto proviene de su estilo de t\u00edpica colonia europea, con pintoresca arquitectura monta\u00f1esa y tradiciones culturales y gastron\u00f3micas bien diferentes al imaginario brasile\u00f1o carioca al que estamos acostumbrados. Son ciudades con excelente infraestructura tur\u00edstica, pero sin el bullicio fren\u00e9tico de las grandes metr\u00f3polis. En definitiva, lugares para descansar y alejarse de todo, sin renunciar a las comodidades de hoteles, restaurantes, caf\u00e9s, museos y tiendas de primera categor\u00eda.<\/p>\n","protected":false},"featured_media":12784,"template":"","meta":{"_acf_changed":false,"inline_featured_image":false},"product_brand":[],"product_cat":[28,1579],"product_tag":[4139,88,35,379,1077,2847,1073,4141,64,323,2054,573,2296,3957,1072,4142,91,90,1074,1152,61,89,85,4140,93,92,1075],"class_list":{"0":"post-12786","1":"product","2":"type-product","3":"status-publish","4":"has-post-thumbnail","6":"product_cat-paquetes","7":"product_cat-uruguay","8":"product_tag-05-de-diciembre-de-2026","9":"product_tag-america-del-sur","10":"product_tag-brasil","11":"product_tag-brasil-en-diciembre","12":"product_tag-brasil-en-gramado-y-canela","13":"product_tag-canela","14":"product_tag-canela-y-gramado","15":"product_tag-castro","16":"product_tag-desayuno","17":"product_tag-diciembre","18":"product_tag-en-brasil","19":"product_tag-en-diciembre","20":"product_tag-en-gramado-y-canela","21":"product_tag-gramado","22":"product_tag-gramado-y-canela","23":"product_tag-natal-luz-en-sierras-gauchas-en-grupo","24":"product_tag-paquetes-a-america-del-sur","25":"product_tag-paquetes-a-brasil","26":"product_tag-paquetes-a-gramado-y-canela","27":"product_tag-salida-grupal","28":"product_tag-sin-destino","29":"product_tag-sudamerica","30":"product_tag-terrestre","31":"product_tag-torres","32":"product_tag-viajes-a-america-del-sur","33":"product_tag-viajes-a-brasil","34":"product_tag-viajes-a-gramado-y-canela","35":"entry","36":"has-media","38":"first","39":"instock","40":"shipping-taxable","41":"purchasable","42":"product-type-simple"},"acf":[],"yoast_head":"<!-- This site is optimized with the Yoast SEO plugin v27.2 - https:\/\/yoast.com\/product\/yoast-seo-wordpress\/ -->\n<title>Natal Luz en Sierras Gauchas en grupo - El Kaminante<\/title>\n<meta name=\"robots\" content=\"index, follow, max-snippet:-1, max-image-preview:large, max-video-preview:-1\" \/>\n<link rel=\"canonical\" href=\"https:\/\/elkaminante.com.uy\/paquetes\/natal-luz-en-sierras-gauchas-en-grupo\/\" \/>\n<meta property=\"og:locale\" content=\"en_US\" \/>\n<meta property=\"og:type\" content=\"article\" \/>\n<meta property=\"og:title\" content=\"Natal Luz en Sierras Gauchas en grupo - El Kaminante\" \/>\n<meta property=\"og:description\" content=\"Gramado forma parte de la famosa Sierra Gaucha y antiguamente era un distrito de Taquara hasta el a\u00f1o 1955. La ciudad comenz\u00f3 su crecimiento comercial con el funcionamiento de la l\u00ednea de ferrocarril, lo que facilit\u00f3 el comercio con la ciudad de Canela y se pobl\u00f3 poco a poco de inmigrantes italianos y alemanes. Son indudablemente dos de las localidades de Brasil consideradas entre las m\u00e1s lindas del mundo para ser visitadas. Gran parte de su encanto proviene de su estilo de t\u00edpica colonia europea, con pintoresca arquitectura monta\u00f1esa y tradiciones culturales y gastron\u00f3micas bien diferentes al imaginario brasile\u00f1o carioca al que estamos acostumbrados. Son ciudades con excelente infraestructura tur\u00edstica, pero sin el bullicio fren\u00e9tico de las grandes metr\u00f3polis. En definitiva, lugares para descansar y alejarse de todo, sin renunciar a las comodidades de hoteles, restaurantes, caf\u00e9s, museos y tiendas de primera categor\u00eda.\" \/>\n<meta property=\"og:url\" content=\"https:\/\/elkaminante.com.uy\/paquetes\/natal-luz-en-sierras-gauchas-en-grupo\/\" \/>\n<meta property=\"og:site_name\" content=\"El Kaminante\" \/>\n<meta property=\"article:modified_time\" content=\"2026-04-17T12:39:52+00:00\" \/>\n<meta name=\"twitter:card\" content=\"summary_large_image\" \/>\n<script type=\"application\/ld+json\" class=\"yoast-schema-graph\">{\"@context\":\"https:\/\/schema.org\",\"@graph\":[{\"@type\":\"WebPage\",\"@id\":\"https:\/\/elkaminante.com.uy\/paquetes\/natal-luz-en-sierras-gauchas-en-grupo\/\",\"url\":\"https:\/\/elkaminante.com.uy\/paquetes\/natal-luz-en-sierras-gauchas-en-grupo\/\",\"name\":\"Natal Luz en Sierras Gauchas en grupo - El Kaminante\",\"isPartOf\":{\"@id\":\"https:\/\/elkaminante.com.uy\/#website\"},\"primaryImageOfPage\":{\"@id\":\"https:\/\/elkaminante.com.uy\/paquetes\/natal-luz-en-sierras-gauchas-en-grupo\/#primaryimage\"},\"image\":{\"@id\":\"https:\/\/elkaminante.com.uy\/paquetes\/natal-luz-en-sierras-gauchas-en-grupo\/#primaryimage\"},\"thumbnailUrl\":\"https:\/\/elkaminante.com.uy\/wp-content\/uploads\/2026\/03\/PAQ678.webp\",\"datePublished\":\"2026-03-06T16:54:42+00:00\",\"dateModified\":\"2026-04-17T12:39:52+00:00\",\"breadcrumb\":{\"@id\":\"https:\/\/elkaminante.com.uy\/paquetes\/natal-luz-en-sierras-gauchas-en-grupo\/#breadcrumb\"},\"inLanguage\":\"en-US\",\"potentialAction\":[{\"@type\":\"ReadAction\",\"target\":[\"https:\/\/elkaminante.com.uy\/paquetes\/natal-luz-en-sierras-gauchas-en-grupo\/\"]}]},{\"@type\":\"ImageObject\",\"inLanguage\":\"en-US\",\"@id\":\"https:\/\/elkaminante.com.uy\/paquetes\/natal-luz-en-sierras-gauchas-en-grupo\/#primaryimage\",\"url\":\"https:\/\/elkaminante.com.uy\/wp-content\/uploads\/2026\/03\/PAQ678.webp\",\"contentUrl\":\"https:\/\/elkaminante.com.uy\/wp-content\/uploads\/2026\/03\/PAQ678.webp\",\"width\":800,\"height\":457},{\"@type\":\"BreadcrumbList\",\"@id\":\"https:\/\/elkaminante.com.uy\/paquetes\/natal-luz-en-sierras-gauchas-en-grupo\/#breadcrumb\",\"itemListElement\":[{\"@type\":\"ListItem\",\"position\":1,\"name\":\"Inicio\",\"item\":\"https:\/\/elkaminante.com.uy\/en\/\"},{\"@type\":\"ListItem\",\"position\":2,\"name\":\"Viajes por el mundo\",\"item\":\"https:\/\/elkaminante.com.uy\/en\/paquetes\/\"},{\"@type\":\"ListItem\",\"position\":3,\"name\":\"Natal Luz en Sierras Gauchas en grupo\"}]},{\"@type\":\"WebSite\",\"@id\":\"https:\/\/elkaminante.com.uy\/#website\",\"url\":\"https:\/\/elkaminante.com.uy\/\",\"name\":\"El Kaminante\",\"description\":\"Viajes &amp; Turismo\",\"publisher\":{\"@id\":\"https:\/\/elkaminante.com.uy\/#organization\"},\"potentialAction\":[{\"@type\":\"SearchAction\",\"target\":{\"@type\":\"EntryPoint\",\"urlTemplate\":\"https:\/\/elkaminante.com.uy\/?s={search_term_string}\"},\"query-input\":{\"@type\":\"PropertyValueSpecification\",\"valueRequired\":true,\"valueName\":\"search_term_string\"}}],\"inLanguage\":\"en-US\"},{\"@type\":\"Organization\",\"@id\":\"https:\/\/elkaminante.com.uy\/#organization\",\"name\":\"El Kaminante\",\"url\":\"https:\/\/elkaminante.com.uy\/\",\"logo\":{\"@type\":\"ImageObject\",\"inLanguage\":\"en-US\",\"@id\":\"https:\/\/elkaminante.com.uy\/#\/schema\/logo\/image\/\",\"url\":\"https:\/\/elkaminante.com.uy\/wp-content\/uploads\/2025\/02\/logo-elkaminante-blanco.svg\",\"contentUrl\":\"https:\/\/elkaminante.com.uy\/wp-content\/uploads\/2025\/02\/logo-elkaminante-blanco.svg\",\"caption\":\"El Kaminante\"},\"image\":{\"@id\":\"https:\/\/elkaminante.com.uy\/#\/schema\/logo\/image\/\"}}]}<\/script>\n<!-- \/ Yoast SEO plugin. -->","yoast_head_json":{"title":"Natal Luz en Sierras Gauchas en grupo - El Kaminante","robots":{"index":"index","follow":"follow","max-snippet":"max-snippet:-1","max-image-preview":"max-image-preview:large","max-video-preview":"max-video-preview:-1"},"canonical":"https:\/\/elkaminante.com.uy\/paquetes\/natal-luz-en-sierras-gauchas-en-grupo\/","og_locale":"en_US","og_type":"article","og_title":"Natal Luz en Sierras Gauchas en grupo - El Kaminante","og_description":"Gramado forma parte de la famosa Sierra Gaucha y antiguamente era un distrito de Taquara hasta el a\u00f1o 1955. La ciudad comenz\u00f3 su crecimiento comercial con el funcionamiento de la l\u00ednea de ferrocarril, lo que facilit\u00f3 el comercio con la ciudad de Canela y se pobl\u00f3 poco a poco de inmigrantes italianos y alemanes. Son indudablemente dos de las localidades de Brasil consideradas entre las m\u00e1s lindas del mundo para ser visitadas. Gran parte de su encanto proviene de su estilo de t\u00edpica colonia europea, con pintoresca arquitectura monta\u00f1esa y tradiciones culturales y gastron\u00f3micas bien diferentes al imaginario brasile\u00f1o carioca al que estamos acostumbrados. Son ciudades con excelente infraestructura tur\u00edstica, pero sin el bullicio fren\u00e9tico de las grandes metr\u00f3polis. En definitiva, lugares para descansar y alejarse de todo, sin renunciar a las comodidades de hoteles, restaurantes, caf\u00e9s, museos y tiendas de primera categor\u00eda.","og_url":"https:\/\/elkaminante.com.uy\/paquetes\/natal-luz-en-sierras-gauchas-en-grupo\/","og_site_name":"El Kaminante","article_modified_time":"2026-04-17T12:39:52+00:00","twitter_card":"summary_large_image","schema":{"@context":"https:\/\/schema.org","@graph":[{"@type":"WebPage","@id":"https:\/\/elkaminante.com.uy\/paquetes\/natal-luz-en-sierras-gauchas-en-grupo\/","url":"https:\/\/elkaminante.com.uy\/paquetes\/natal-luz-en-sierras-gauchas-en-grupo\/","name":"Natal Luz en Sierras Gauchas en grupo - El Kaminante","isPartOf":{"@id":"https:\/\/elkaminante.com.uy\/#website"},"primaryImageOfPage":{"@id":"https:\/\/elkaminante.com.uy\/paquetes\/natal-luz-en-sierras-gauchas-en-grupo\/#primaryimage"},"image":{"@id":"https:\/\/elkaminante.com.uy\/paquetes\/natal-luz-en-sierras-gauchas-en-grupo\/#primaryimage"},"thumbnailUrl":"https:\/\/elkaminante.com.uy\/wp-content\/uploads\/2026\/03\/PAQ678.webp","datePublished":"2026-03-06T16:54:42+00:00","dateModified":"2026-04-17T12:39:52+00:00","breadcrumb":{"@id":"https:\/\/elkaminante.com.uy\/paquetes\/natal-luz-en-sierras-gauchas-en-grupo\/#breadcrumb"},"inLanguage":"en-US","potentialAction":[{"@type":"ReadAction","target":["https:\/\/elkaminante.com.uy\/paquetes\/natal-luz-en-sierras-gauchas-en-grupo\/"]}]},{"@type":"ImageObject","inLanguage":"en-US","@id":"https:\/\/elkaminante.com.uy\/paquetes\/natal-luz-en-sierras-gauchas-en-grupo\/#primaryimage","url":"https:\/\/elkaminante.com.uy\/wp-content\/uploads\/2026\/03\/PAQ678.webp","contentUrl":"https:\/\/elkaminante.com.uy\/wp-content\/uploads\/2026\/03\/PAQ678.webp","width":800,"height":457},{"@type":"BreadcrumbList","@id":"https:\/\/elkaminante.com.uy\/paquetes\/natal-luz-en-sierras-gauchas-en-grupo\/#breadcrumb","itemListElement":[{"@type":"ListItem","position":1,"name":"Inicio","item":"https:\/\/elkaminante.com.uy\/en\/"},{"@type":"ListItem","position":2,"name":"Viajes por el mundo","item":"https:\/\/elkaminante.com.uy\/en\/paquetes\/"},{"@type":"ListItem","position":3,"name":"Natal Luz en Sierras Gauchas en grupo"}]},{"@type":"WebSite","@id":"https:\/\/elkaminante.com.uy\/#website","url":"https:\/\/elkaminante.com.uy\/","name":"El Kaminante","description":"Viajes &amp; Turismo","publisher":{"@id":"https:\/\/elkaminante.com.uy\/#organization"},"potentialAction":[{"@type":"SearchAction","target":{"@type":"EntryPoint","urlTemplate":"https:\/\/elkaminante.com.uy\/?s={search_term_string}"},"query-input":{"@type":"PropertyValueSpecification","valueRequired":true,"valueName":"search_term_string"}}],"inLanguage":"en-US"},{"@type":"Organization","@id":"https:\/\/elkaminante.com.uy\/#organization","name":"El Kaminante","url":"https:\/\/elkaminante.com.uy\/","logo":{"@type":"ImageObject","inLanguage":"en-US","@id":"https:\/\/elkaminante.com.uy\/#\/schema\/logo\/image\/","url":"https:\/\/elkaminante.com.uy\/wp-content\/uploads\/2025\/02\/logo-elkaminante-blanco.svg","contentUrl":"https:\/\/elkaminante.com.uy\/wp-content\/uploads\/2025\/02\/logo-elkaminante-blanco.svg","caption":"El Kaminante"},"image":{"@id":"https:\/\/elkaminante.com.uy\/#\/schema\/logo\/image\/"}}]}},"_links":{"self":[{"href":"https:\/\/elkaminante.com.uy\/en\/wp-json\/wp\/v2\/product\/12786","targetHints":{"allow":["GET"]}}],"collection":[{"href":"https:\/\/elkaminante.com.uy\/en\/wp-json\/wp\/v2\/product"}],"about":[{"href":"https:\/\/elkaminante.com.uy\/en\/wp-json\/wp\/v2\/types\/product"}],"wp:featuredmedia":[{"embeddable":true,"href":"https:\/\/elkaminante.com.uy\/en\/wp-json\/wp\/v2\/media\/12784"}],"wp:attachment":[{"href":"https:\/\/elkaminante.com.uy\/en\/wp-json\/wp\/v2\/media?parent=12786"}],"wp:term":[{"taxonomy":"product_brand","embeddable":true,"href":"https:\/\/elkaminante.com.uy\/en\/wp-json\/wp\/v2\/product_brand?post=12786"},{"taxonomy":"product_cat","embeddable":true,"href":"https:\/\/elkaminante.com.uy\/en\/wp-json\/wp\/v2\/product_cat?post=12786"},{"taxonomy":"product_tag","embeddable":true,"href":"https:\/\/elkaminante.com.uy\/en\/wp-json\/wp\/v2\/product_tag?post=12786"}],"curies":[{"name":"wp","href":"https:\/\/api.w.org\/{rel}","templated":true}]}}