{"id":12763,"date":"2026-03-06T13:54:28","date_gmt":"2026-03-06T16:54:28","guid":{"rendered":"https:\/\/elkaminante.com.uy\/paquetes\/bonito-pantanal-en-grupo\/"},"modified":"2026-04-17T09:39:52","modified_gmt":"2026-04-17T12:39:52","slug":"bonito-pantanal-en-grupo","status":"publish","type":"product","link":"https:\/\/elkaminante.com.uy\/en\/paquetes\/bonito-pantanal-en-grupo\/","title":{"rendered":"Bonito &#038; Pantanal en grupo"},"content":{"rendered":"","protected":false},"excerpt":{"rendered":"<p><b>El Pantanal<\/b> es uno de los humedales m\u00e1s grandes y biodiversos del planeta, un verdadero santuario natural que cautiva a los viajeros amantes de la naturaleza y la vida silvestre. En esta vasta llanura inundable, la experiencia gira en torno a safaris fotogr\u00e1ficos, paseos en lancha, cabalgatas y la observaci\u00f3n de animales en su h\u00e1bitat natural, como jaguares, caimanes, capibaras y cientos de especies de aves. Es un destino ideal para desconectarse y vivir Brasil en su estado m\u00e1s puro y salvaje.<br \/>\n<i>Principales atractivos tur\u00edsticos:<\/i> el r\u00edo Cuiab\u00e1, la Transpantaneira, las fazendas pantaneiras, el avistamiento de fauna y los paseos en barco, entre otros, en la regi\u00f3n del Mato Grosso do Sul.<\/p>\n<p><b>Bonito<\/b> es un destino de ecoturismo reconocido mundialmente por la incre\u00edble transparencia de sus r\u00edos y la perfecta conservaci\u00f3n de su entorno natural. Rodeado de selva y formaciones rocosas, ofrece actividades como snorkel en aguas cristalinas, buceo, senderismo, rafting y visitas a grutas y cascadas. Su ambiente es tranquilo y organizado, ideal para quienes buscan aventura con contacto directo con la naturaleza.<br \/>\n<i>Principales atractivos tur\u00edsticos:<\/i> el R\u00edo da Prata, la Gruta do Lago Azul, el Abismo Anhumas, las cascadas del Parque das Cachoeiras y los r\u00edos cristalinos que rodean la ciudad de Bonito, cerca del espectacular Pantanal.<\/p>\n","protected":false},"featured_media":12761,"template":"","meta":{"_acf_changed":false,"inline_featured_image":false},"product_brand":[],"product_cat":[28,1579],"product_tag":[4100,562,88,4106,4107,4104,35,1617,4101,4103,64,568,2054,4102,4105,65,4097,91,90,4098,1152,61,89,93,92,4099,63],"class_list":{"0":"post-12763","1":"product","2":"type-product","3":"status-publish","4":"has-post-thumbnail","6":"product_cat-paquetes","7":"product_cat-uruguay","8":"product_tag-01-de-agosto-de-2026","9":"product_tag-agosto","10":"product_tag-america-del-sur","11":"product_tag-bonito","12":"product_tag-bonito-pantanal-en-grupo","13":"product_tag-bonito-y-miranda","14":"product_tag-brasil","15":"product_tag-brasil-en-agosto","16":"product_tag-brasil-en-pantanal","17":"product_tag-campo-grande","18":"product_tag-desayuno","19":"product_tag-en-agosto","20":"product_tag-en-brasil","21":"product_tag-en-pantanal","22":"product_tag-miranda","23":"product_tag-no-aplica","24":"product_tag-pantanal","25":"product_tag-paquetes-a-america-del-sur","26":"product_tag-paquetes-a-brasil","27":"product_tag-paquetes-a-pantanal","28":"product_tag-salida-grupal","29":"product_tag-sin-destino","30":"product_tag-sudamerica","31":"product_tag-viajes-a-america-del-sur","32":"product_tag-viajes-a-brasil","33":"product_tag-viajes-a-pantanal","34":"product_tag-vuelo-y-circuito","35":"entry","36":"has-media","38":"first","39":"instock","40":"shipping-taxable","41":"purchasable","42":"product-type-simple"},"acf":[],"yoast_head":"<!-- This site is optimized with the Yoast SEO plugin v27.2 - https:\/\/yoast.com\/product\/yoast-seo-wordpress\/ -->\n<title>Bonito &amp; Pantanal en grupo - El Kaminante<\/title>\n<meta name=\"robots\" content=\"index, follow, max-snippet:-1, max-image-preview:large, max-video-preview:-1\" \/>\n<link rel=\"canonical\" href=\"https:\/\/elkaminante.com.uy\/paquetes\/bonito-pantanal-en-grupo\/\" \/>\n<meta property=\"og:locale\" content=\"en_US\" \/>\n<meta property=\"og:type\" content=\"article\" \/>\n<meta property=\"og:title\" content=\"Bonito &amp; Pantanal en grupo - El Kaminante\" \/>\n<meta property=\"og:description\" content=\"El Pantanal es uno de los humedales m\u00e1s grandes y biodiversos del planeta, un verdadero santuario natural que cautiva a los viajeros amantes de la naturaleza y la vida silvestre. En esta vasta llanura inundable, la experiencia gira en torno a safaris fotogr\u00e1ficos, paseos en lancha, cabalgatas y la observaci\u00f3n de animales en su h\u00e1bitat natural, como jaguares, caimanes, capibaras y cientos de especies de aves. Es un destino ideal para desconectarse y vivir Brasil en su estado m\u00e1s puro y salvaje. Principales atractivos tur\u00edsticos: el r\u00edo Cuiab\u00e1, la Transpantaneira, las fazendas pantaneiras, el avistamiento de fauna y los paseos en barco, entre otros, en la regi\u00f3n del Mato Grosso do Sul. Bonito es un destino de ecoturismo reconocido mundialmente por la incre\u00edble transparencia de sus r\u00edos y la perfecta conservaci\u00f3n de su entorno natural. Rodeado de selva y formaciones rocosas, ofrece actividades como snorkel en aguas cristalinas, buceo, senderismo, rafting y visitas a grutas y cascadas. Su ambiente es tranquilo y organizado, ideal para quienes buscan aventura con contacto directo con la naturaleza. Principales atractivos tur\u00edsticos: el R\u00edo da Prata, la Gruta do Lago Azul, el Abismo Anhumas, las cascadas del Parque das Cachoeiras y los r\u00edos cristalinos que rodean la ciudad de Bonito, cerca del espectacular Pantanal.\" \/>\n<meta property=\"og:url\" content=\"https:\/\/elkaminante.com.uy\/paquetes\/bonito-pantanal-en-grupo\/\" \/>\n<meta property=\"og:site_name\" content=\"El Kaminante\" \/>\n<meta property=\"article:modified_time\" content=\"2026-04-17T12:39:52+00:00\" \/>\n<meta name=\"twitter:card\" content=\"summary_large_image\" \/>\n<script type=\"application\/ld+json\" class=\"yoast-schema-graph\">{\"@context\":\"https:\/\/schema.org\",\"@graph\":[{\"@type\":\"WebPage\",\"@id\":\"https:\/\/elkaminante.com.uy\/paquetes\/bonito-pantanal-en-grupo\/\",\"url\":\"https:\/\/elkaminante.com.uy\/paquetes\/bonito-pantanal-en-grupo\/\",\"name\":\"Bonito & Pantanal en grupo - El Kaminante\",\"isPartOf\":{\"@id\":\"https:\/\/elkaminante.com.uy\/#website\"},\"primaryImageOfPage\":{\"@id\":\"https:\/\/elkaminante.com.uy\/paquetes\/bonito-pantanal-en-grupo\/#primaryimage\"},\"image\":{\"@id\":\"https:\/\/elkaminante.com.uy\/paquetes\/bonito-pantanal-en-grupo\/#primaryimage\"},\"thumbnailUrl\":\"https:\/\/elkaminante.com.uy\/wp-content\/uploads\/2026\/03\/PAQ673.webp\",\"datePublished\":\"2026-03-06T16:54:28+00:00\",\"dateModified\":\"2026-04-17T12:39:52+00:00\",\"breadcrumb\":{\"@id\":\"https:\/\/elkaminante.com.uy\/paquetes\/bonito-pantanal-en-grupo\/#breadcrumb\"},\"inLanguage\":\"en-US\",\"potentialAction\":[{\"@type\":\"ReadAction\",\"target\":[\"https:\/\/elkaminante.com.uy\/paquetes\/bonito-pantanal-en-grupo\/\"]}]},{\"@type\":\"ImageObject\",\"inLanguage\":\"en-US\",\"@id\":\"https:\/\/elkaminante.com.uy\/paquetes\/bonito-pantanal-en-grupo\/#primaryimage\",\"url\":\"https:\/\/elkaminante.com.uy\/wp-content\/uploads\/2026\/03\/PAQ673.webp\",\"contentUrl\":\"https:\/\/elkaminante.com.uy\/wp-content\/uploads\/2026\/03\/PAQ673.webp\",\"width\":800,\"height\":457},{\"@type\":\"BreadcrumbList\",\"@id\":\"https:\/\/elkaminante.com.uy\/paquetes\/bonito-pantanal-en-grupo\/#breadcrumb\",\"itemListElement\":[{\"@type\":\"ListItem\",\"position\":1,\"name\":\"Inicio\",\"item\":\"https:\/\/elkaminante.com.uy\/en\/\"},{\"@type\":\"ListItem\",\"position\":2,\"name\":\"Viajes por el mundo\",\"item\":\"https:\/\/elkaminante.com.uy\/en\/paquetes\/\"},{\"@type\":\"ListItem\",\"position\":3,\"name\":\"Bonito &#038; Pantanal en grupo\"}]},{\"@type\":\"WebSite\",\"@id\":\"https:\/\/elkaminante.com.uy\/#website\",\"url\":\"https:\/\/elkaminante.com.uy\/\",\"name\":\"El Kaminante\",\"description\":\"Viajes &amp; Turismo\",\"publisher\":{\"@id\":\"https:\/\/elkaminante.com.uy\/#organization\"},\"potentialAction\":[{\"@type\":\"SearchAction\",\"target\":{\"@type\":\"EntryPoint\",\"urlTemplate\":\"https:\/\/elkaminante.com.uy\/?s={search_term_string}\"},\"query-input\":{\"@type\":\"PropertyValueSpecification\",\"valueRequired\":true,\"valueName\":\"search_term_string\"}}],\"inLanguage\":\"en-US\"},{\"@type\":\"Organization\",\"@id\":\"https:\/\/elkaminante.com.uy\/#organization\",\"name\":\"El Kaminante\",\"url\":\"https:\/\/elkaminante.com.uy\/\",\"logo\":{\"@type\":\"ImageObject\",\"inLanguage\":\"en-US\",\"@id\":\"https:\/\/elkaminante.com.uy\/#\/schema\/logo\/image\/\",\"url\":\"https:\/\/elkaminante.com.uy\/wp-content\/uploads\/2025\/02\/logo-elkaminante-blanco.svg\",\"contentUrl\":\"https:\/\/elkaminante.com.uy\/wp-content\/uploads\/2025\/02\/logo-elkaminante-blanco.svg\",\"caption\":\"El Kaminante\"},\"image\":{\"@id\":\"https:\/\/elkaminante.com.uy\/#\/schema\/logo\/image\/\"}}]}<\/script>\n<!-- \/ Yoast SEO plugin. -->","yoast_head_json":{"title":"Bonito & Pantanal en grupo - El Kaminante","robots":{"index":"index","follow":"follow","max-snippet":"max-snippet:-1","max-image-preview":"max-image-preview:large","max-video-preview":"max-video-preview:-1"},"canonical":"https:\/\/elkaminante.com.uy\/paquetes\/bonito-pantanal-en-grupo\/","og_locale":"en_US","og_type":"article","og_title":"Bonito & Pantanal en grupo - El Kaminante","og_description":"El Pantanal es uno de los humedales m\u00e1s grandes y biodiversos del planeta, un verdadero santuario natural que cautiva a los viajeros amantes de la naturaleza y la vida silvestre. En esta vasta llanura inundable, la experiencia gira en torno a safaris fotogr\u00e1ficos, paseos en lancha, cabalgatas y la observaci\u00f3n de animales en su h\u00e1bitat natural, como jaguares, caimanes, capibaras y cientos de especies de aves. Es un destino ideal para desconectarse y vivir Brasil en su estado m\u00e1s puro y salvaje. Principales atractivos tur\u00edsticos: el r\u00edo Cuiab\u00e1, la Transpantaneira, las fazendas pantaneiras, el avistamiento de fauna y los paseos en barco, entre otros, en la regi\u00f3n del Mato Grosso do Sul. Bonito es un destino de ecoturismo reconocido mundialmente por la incre\u00edble transparencia de sus r\u00edos y la perfecta conservaci\u00f3n de su entorno natural. Rodeado de selva y formaciones rocosas, ofrece actividades como snorkel en aguas cristalinas, buceo, senderismo, rafting y visitas a grutas y cascadas. Su ambiente es tranquilo y organizado, ideal para quienes buscan aventura con contacto directo con la naturaleza. Principales atractivos tur\u00edsticos: el R\u00edo da Prata, la Gruta do Lago Azul, el Abismo Anhumas, las cascadas del Parque das Cachoeiras y los r\u00edos cristalinos que rodean la ciudad de Bonito, cerca del espectacular Pantanal.","og_url":"https:\/\/elkaminante.com.uy\/paquetes\/bonito-pantanal-en-grupo\/","og_site_name":"El Kaminante","article_modified_time":"2026-04-17T12:39:52+00:00","twitter_card":"summary_large_image","schema":{"@context":"https:\/\/schema.org","@graph":[{"@type":"WebPage","@id":"https:\/\/elkaminante.com.uy\/paquetes\/bonito-pantanal-en-grupo\/","url":"https:\/\/elkaminante.com.uy\/paquetes\/bonito-pantanal-en-grupo\/","name":"Bonito & Pantanal en grupo - El Kaminante","isPartOf":{"@id":"https:\/\/elkaminante.com.uy\/#website"},"primaryImageOfPage":{"@id":"https:\/\/elkaminante.com.uy\/paquetes\/bonito-pantanal-en-grupo\/#primaryimage"},"image":{"@id":"https:\/\/elkaminante.com.uy\/paquetes\/bonito-pantanal-en-grupo\/#primaryimage"},"thumbnailUrl":"https:\/\/elkaminante.com.uy\/wp-content\/uploads\/2026\/03\/PAQ673.webp","datePublished":"2026-03-06T16:54:28+00:00","dateModified":"2026-04-17T12:39:52+00:00","breadcrumb":{"@id":"https:\/\/elkaminante.com.uy\/paquetes\/bonito-pantanal-en-grupo\/#breadcrumb"},"inLanguage":"en-US","potentialAction":[{"@type":"ReadAction","target":["https:\/\/elkaminante.com.uy\/paquetes\/bonito-pantanal-en-grupo\/"]}]},{"@type":"ImageObject","inLanguage":"en-US","@id":"https:\/\/elkaminante.com.uy\/paquetes\/bonito-pantanal-en-grupo\/#primaryimage","url":"https:\/\/elkaminante.com.uy\/wp-content\/uploads\/2026\/03\/PAQ673.webp","contentUrl":"https:\/\/elkaminante.com.uy\/wp-content\/uploads\/2026\/03\/PAQ673.webp","width":800,"height":457},{"@type":"BreadcrumbList","@id":"https:\/\/elkaminante.com.uy\/paquetes\/bonito-pantanal-en-grupo\/#breadcrumb","itemListElement":[{"@type":"ListItem","position":1,"name":"Inicio","item":"https:\/\/elkaminante.com.uy\/en\/"},{"@type":"ListItem","position":2,"name":"Viajes por el mundo","item":"https:\/\/elkaminante.com.uy\/en\/paquetes\/"},{"@type":"ListItem","position":3,"name":"Bonito &#038; Pantanal en grupo"}]},{"@type":"WebSite","@id":"https:\/\/elkaminante.com.uy\/#website","url":"https:\/\/elkaminante.com.uy\/","name":"El Kaminante","description":"Viajes &amp; Turismo","publisher":{"@id":"https:\/\/elkaminante.com.uy\/#organization"},"potentialAction":[{"@type":"SearchAction","target":{"@type":"EntryPoint","urlTemplate":"https:\/\/elkaminante.com.uy\/?s={search_term_string}"},"query-input":{"@type":"PropertyValueSpecification","valueRequired":true,"valueName":"search_term_string"}}],"inLanguage":"en-US"},{"@type":"Organization","@id":"https:\/\/elkaminante.com.uy\/#organization","name":"El Kaminante","url":"https:\/\/elkaminante.com.uy\/","logo":{"@type":"ImageObject","inLanguage":"en-US","@id":"https:\/\/elkaminante.com.uy\/#\/schema\/logo\/image\/","url":"https:\/\/elkaminante.com.uy\/wp-content\/uploads\/2025\/02\/logo-elkaminante-blanco.svg","contentUrl":"https:\/\/elkaminante.com.uy\/wp-content\/uploads\/2025\/02\/logo-elkaminante-blanco.svg","caption":"El Kaminante"},"image":{"@id":"https:\/\/elkaminante.com.uy\/#\/schema\/logo\/image\/"}}]}},"_links":{"self":[{"href":"https:\/\/elkaminante.com.uy\/en\/wp-json\/wp\/v2\/product\/12763","targetHints":{"allow":["GET"]}}],"collection":[{"href":"https:\/\/elkaminante.com.uy\/en\/wp-json\/wp\/v2\/product"}],"about":[{"href":"https:\/\/elkaminante.com.uy\/en\/wp-json\/wp\/v2\/types\/product"}],"wp:featuredmedia":[{"embeddable":true,"href":"https:\/\/elkaminante.com.uy\/en\/wp-json\/wp\/v2\/media\/12761"}],"wp:attachment":[{"href":"https:\/\/elkaminante.com.uy\/en\/wp-json\/wp\/v2\/media?parent=12763"}],"wp:term":[{"taxonomy":"product_brand","embeddable":true,"href":"https:\/\/elkaminante.com.uy\/en\/wp-json\/wp\/v2\/product_brand?post=12763"},{"taxonomy":"product_cat","embeddable":true,"href":"https:\/\/elkaminante.com.uy\/en\/wp-json\/wp\/v2\/product_cat?post=12763"},{"taxonomy":"product_tag","embeddable":true,"href":"https:\/\/elkaminante.com.uy\/en\/wp-json\/wp\/v2\/product_tag?post=12763"}],"curies":[{"name":"wp","href":"https:\/\/api.w.org\/{rel}","templated":true}]}}