{"id":12744,"date":"2026-02-27T11:04:47","date_gmt":"2026-02-27T14:04:47","guid":{"rendered":"https:\/\/elkaminante.com.uy\/paquetes\/sudeste-asiatico-en-grupo\/"},"modified":"2026-04-17T09:39:52","modified_gmt":"2026-04-17T12:39:52","slug":"sudeste-asiatico-en-grupo","status":"publish","type":"product","link":"https:\/\/elkaminante.com.uy\/en\/paquetes\/sudeste-asiatico-en-grupo\/","title":{"rendered":"Sudeste Asi\u00e1tico en grupo"},"content":{"rendered":"","protected":false},"excerpt":{"rendered":"<p>Ex\u00f3tica y llena de atractivos, <b>Tailandia<\/b> sugiere playas e islas paradis\u00edacas, interesantes tribus de monta\u00f1a del norte, animadas calles y mercados en Bangkok o algunos de los mejores rincones para bucear del planeta. Tailandia es uno de los destinos m\u00e1s so\u00f1ados y visitados del mundo. Los motivos son muchos: una cultura milenaria llena de historia, una gastronom\u00eda sabrosa y low cost, monta\u00f1as verdes salpicadas de cascadas, templos donde acercarse al budismo, playas de ensue\u00f1o y una capital que nunca descansa. El Templo del Buda de Oro, o Wat Traimit, es un lugar que debe visitar al viajar a Tailandia. En su interior podr\u00e1 disfrutar de una impresionante figura de oro macizo. No se pierda tampoco el Templo del Amanecer, el m\u00e1s antiguo y m\u00e1s alto de todos los santuarios de la ciudad.<\/p>\n<p><b>Vietnam<\/b> invita al relax, a disfrutar de los paisajes, a vivir experiencias \u00fanica y a mucho m\u00e1s. Hacer turismo en Vietnam le llevar\u00e1 a conocer miles de rincones que le parecer\u00e1 que solo pueden existir en un para\u00edso, disfrutando de escenarios que parecen sacados de una pel\u00edcula. <i>Principales atractivos tur\u00edsticos:<\/i>Han\u00f3i, la Bah\u00eda de Hanlong, el golfo de Tonk\u00edn, Hoi An, el r\u00edo Thu Bon, Ho Chi Minh, Saig\u00f3n, los t\u00faneles de Cu Chi, el Binh Thay, las pagodas de Thien Hau y Giac Lam y el valle de Sapa, entre otros.<\/p>\n<p><b>Camboya<\/b> y turismo son dos palabras que han comenzado a ir de la mano hace relativamente poco tiempo, y por ello, el pa\u00eds sigue siendo uno de los grandes destinos mundiales por explorar. Sin duda alguna, una de las m\u00e1s lindas im\u00e1genes que podr\u00e1 contemplar en el pa\u00eds ser\u00e1 la de los verdes campos de arroz extendi\u00e9ndose hasta el horizonte y, en ellos, los campesinos, vestidos de manera tradicional, trabajando junto a los b\u00fafalos. Sin pasar por alto la tranquilidad que desprenden las aldeas tradicionales camboyanas.<i>Principales atractivos tur\u00edsticos:<\/i> los Templos de Angkor, Siem Reap, Preak Khan, Angkor Wat, los templos de Bay\u00f3n Thimmanon y Chay Say Trevoda, el monasterio de Ta Prohm, la laguna sagrada de Sarah Sram y el lago Tonle Sap, entre otros.<\/p>\n","protected":false},"featured_media":12742,"template":"","meta":{"_acf_changed":false,"inline_featured_image":false},"product_brand":[],"product_cat":[28,1579],"product_tag":[4063,392,4064,390,718,4067,4068,4066,64,2018,2130,1634,62,2748,4065,3137,3108,117,278,395,720,394,905,4069,1152,2750,4070,389,1486,402,397,721,396,906,719,63],"class_list":{"0":"post-12744","1":"product","2":"type-product","3":"status-publish","4":"has-post-thumbnail","6":"product_cat-paquetes","7":"product_cat-uruguay","8":"product_tag-23-de-mayo-de-2026exoticos","9":"product_tag-asia","10":"product_tag-bahia-halong","11":"product_tag-bangkok","12":"product_tag-camboya","13":"product_tag-can-tho","14":"product_tag-chau-doc","15":"product_tag-delta-del-mekong","16":"product_tag-desayuno","17":"product_tag-en-mayo","18":"product_tag-en-tailandia","19":"product_tag-exhotico","20":"product_tag-exoticos","21":"product_tag-hanoi","22":"product_tag-ho-chi-minh-city","23":"product_tag-hoi-an","24":"product_tag-hue","25":"product_tag-madrid","26":"product_tag-mayo","27":"product_tag-paquetes-a-asia","28":"product_tag-paquetes-a-camboya","29":"product_tag-paquetes-a-tailandia","30":"product_tag-paquetes-a-vietnam","31":"product_tag-phnom-penh","32":"product_tag-salida-grupal","33":"product_tag-siem-reap","34":"product_tag-sudeste-asiatico-en-grupo","35":"product_tag-tailandia","36":"product_tag-tailandia-en-mayo","37":"product_tag-tailandia-en-tailandia","38":"product_tag-viajes-a-asia","39":"product_tag-viajes-a-camboya","40":"product_tag-viajes-a-tailandia","41":"product_tag-viajes-a-vietnam","42":"product_tag-vietnam","43":"product_tag-vuelo-y-circuito","44":"entry","45":"has-media","47":"first","48":"instock","49":"shipping-taxable","50":"purchasable","51":"product-type-simple"},"acf":[],"yoast_head":"<!-- This site is optimized with the Yoast SEO plugin v27.2 - https:\/\/yoast.com\/product\/yoast-seo-wordpress\/ -->\n<title>Sudeste Asi\u00e1tico en grupo - El Kaminante<\/title>\n<meta name=\"robots\" content=\"index, follow, max-snippet:-1, max-image-preview:large, max-video-preview:-1\" \/>\n<link rel=\"canonical\" href=\"https:\/\/elkaminante.com.uy\/paquetes\/sudeste-asiatico-en-grupo\/\" \/>\n<meta property=\"og:locale\" content=\"en_US\" \/>\n<meta property=\"og:type\" content=\"article\" \/>\n<meta property=\"og:title\" content=\"Sudeste Asi\u00e1tico en grupo - El Kaminante\" \/>\n<meta property=\"og:description\" content=\"Ex\u00f3tica y llena de atractivos, Tailandia sugiere playas e islas paradis\u00edacas, interesantes tribus de monta\u00f1a del norte, animadas calles y mercados en Bangkok o algunos de los mejores rincones para bucear del planeta. Tailandia es uno de los destinos m\u00e1s so\u00f1ados y visitados del mundo. Los motivos son muchos: una cultura milenaria llena de historia, una gastronom\u00eda sabrosa y low cost, monta\u00f1as verdes salpicadas de cascadas, templos donde acercarse al budismo, playas de ensue\u00f1o y una capital que nunca descansa. El Templo del Buda de Oro, o Wat Traimit, es un lugar que debe visitar al viajar a Tailandia. En su interior podr\u00e1 disfrutar de una impresionante figura de oro macizo. No se pierda tampoco el Templo del Amanecer, el m\u00e1s antiguo y m\u00e1s alto de todos los santuarios de la ciudad.Vietnam invita al relax, a disfrutar de los paisajes, a vivir experiencias \u00fanica y a mucho m\u00e1s. Hacer turismo en Vietnam le llevar\u00e1 a conocer miles de rincones que le parecer\u00e1 que solo pueden existir en un para\u00edso, disfrutando de escenarios que parecen sacados de una pel\u00edcula. Principales atractivos tur\u00edsticos:Han\u00f3i, la Bah\u00eda de Hanlong, el golfo de Tonk\u00edn, Hoi An, el r\u00edo Thu Bon, Ho Chi Minh, Saig\u00f3n, los t\u00faneles de Cu Chi, el Binh Thay, las pagodas de Thien Hau y Giac Lam y el valle de Sapa, entre otros.Camboya y turismo son dos palabras que han comenzado a ir de la mano hace relativamente poco tiempo, y por ello, el pa\u00eds sigue siendo uno de los grandes destinos mundiales por explorar. Sin duda alguna, una de las m\u00e1s lindas im\u00e1genes que podr\u00e1 contemplar en el pa\u00eds ser\u00e1 la de los verdes campos de arroz extendi\u00e9ndose hasta el horizonte y, en ellos, los campesinos, vestidos de manera tradicional, trabajando junto a los b\u00fafalos. Sin pasar por alto la tranquilidad que desprenden las aldeas tradicionales camboyanas.Principales atractivos tur\u00edsticos: los Templos de Angkor, Siem Reap, Preak Khan, Angkor Wat, los templos de Bay\u00f3n Thimmanon y Chay Say Trevoda, el monasterio de Ta Prohm, la laguna sagrada de Sarah Sram y el lago Tonle Sap, entre otros.\" \/>\n<meta property=\"og:url\" content=\"https:\/\/elkaminante.com.uy\/paquetes\/sudeste-asiatico-en-grupo\/\" \/>\n<meta property=\"og:site_name\" content=\"El Kaminante\" \/>\n<meta property=\"article:modified_time\" content=\"2026-04-17T12:39:52+00:00\" \/>\n<meta name=\"twitter:card\" content=\"summary_large_image\" \/>\n<script type=\"application\/ld+json\" class=\"yoast-schema-graph\">{\"@context\":\"https:\/\/schema.org\",\"@graph\":[{\"@type\":\"WebPage\",\"@id\":\"https:\/\/elkaminante.com.uy\/paquetes\/sudeste-asiatico-en-grupo\/\",\"url\":\"https:\/\/elkaminante.com.uy\/paquetes\/sudeste-asiatico-en-grupo\/\",\"name\":\"Sudeste Asi\u00e1tico en grupo - El Kaminante\",\"isPartOf\":{\"@id\":\"https:\/\/elkaminante.com.uy\/#website\"},\"primaryImageOfPage\":{\"@id\":\"https:\/\/elkaminante.com.uy\/paquetes\/sudeste-asiatico-en-grupo\/#primaryimage\"},\"image\":{\"@id\":\"https:\/\/elkaminante.com.uy\/paquetes\/sudeste-asiatico-en-grupo\/#primaryimage\"},\"thumbnailUrl\":\"https:\/\/elkaminante.com.uy\/wp-content\/uploads\/2026\/02\/PAQ671.webp\",\"datePublished\":\"2026-02-27T14:04:47+00:00\",\"dateModified\":\"2026-04-17T12:39:52+00:00\",\"breadcrumb\":{\"@id\":\"https:\/\/elkaminante.com.uy\/paquetes\/sudeste-asiatico-en-grupo\/#breadcrumb\"},\"inLanguage\":\"en-US\",\"potentialAction\":[{\"@type\":\"ReadAction\",\"target\":[\"https:\/\/elkaminante.com.uy\/paquetes\/sudeste-asiatico-en-grupo\/\"]}]},{\"@type\":\"ImageObject\",\"inLanguage\":\"en-US\",\"@id\":\"https:\/\/elkaminante.com.uy\/paquetes\/sudeste-asiatico-en-grupo\/#primaryimage\",\"url\":\"https:\/\/elkaminante.com.uy\/wp-content\/uploads\/2026\/02\/PAQ671.webp\",\"contentUrl\":\"https:\/\/elkaminante.com.uy\/wp-content\/uploads\/2026\/02\/PAQ671.webp\",\"width\":800,\"height\":457},{\"@type\":\"BreadcrumbList\",\"@id\":\"https:\/\/elkaminante.com.uy\/paquetes\/sudeste-asiatico-en-grupo\/#breadcrumb\",\"itemListElement\":[{\"@type\":\"ListItem\",\"position\":1,\"name\":\"Inicio\",\"item\":\"https:\/\/elkaminante.com.uy\/en\/\"},{\"@type\":\"ListItem\",\"position\":2,\"name\":\"Viajes por el mundo\",\"item\":\"https:\/\/elkaminante.com.uy\/en\/paquetes\/\"},{\"@type\":\"ListItem\",\"position\":3,\"name\":\"Sudeste Asi\u00e1tico en grupo\"}]},{\"@type\":\"WebSite\",\"@id\":\"https:\/\/elkaminante.com.uy\/#website\",\"url\":\"https:\/\/elkaminante.com.uy\/\",\"name\":\"El Kaminante\",\"description\":\"Viajes &amp; Turismo\",\"publisher\":{\"@id\":\"https:\/\/elkaminante.com.uy\/#organization\"},\"potentialAction\":[{\"@type\":\"SearchAction\",\"target\":{\"@type\":\"EntryPoint\",\"urlTemplate\":\"https:\/\/elkaminante.com.uy\/?s={search_term_string}\"},\"query-input\":{\"@type\":\"PropertyValueSpecification\",\"valueRequired\":true,\"valueName\":\"search_term_string\"}}],\"inLanguage\":\"en-US\"},{\"@type\":\"Organization\",\"@id\":\"https:\/\/elkaminante.com.uy\/#organization\",\"name\":\"El Kaminante\",\"url\":\"https:\/\/elkaminante.com.uy\/\",\"logo\":{\"@type\":\"ImageObject\",\"inLanguage\":\"en-US\",\"@id\":\"https:\/\/elkaminante.com.uy\/#\/schema\/logo\/image\/\",\"url\":\"https:\/\/elkaminante.com.uy\/wp-content\/uploads\/2025\/02\/logo-elkaminante-blanco.svg\",\"contentUrl\":\"https:\/\/elkaminante.com.uy\/wp-content\/uploads\/2025\/02\/logo-elkaminante-blanco.svg\",\"caption\":\"El Kaminante\"},\"image\":{\"@id\":\"https:\/\/elkaminante.com.uy\/#\/schema\/logo\/image\/\"}}]}<\/script>\n<!-- \/ Yoast SEO plugin. -->","yoast_head_json":{"title":"Sudeste Asi\u00e1tico en grupo - El Kaminante","robots":{"index":"index","follow":"follow","max-snippet":"max-snippet:-1","max-image-preview":"max-image-preview:large","max-video-preview":"max-video-preview:-1"},"canonical":"https:\/\/elkaminante.com.uy\/paquetes\/sudeste-asiatico-en-grupo\/","og_locale":"en_US","og_type":"article","og_title":"Sudeste Asi\u00e1tico en grupo - El Kaminante","og_description":"Ex\u00f3tica y llena de atractivos, Tailandia sugiere playas e islas paradis\u00edacas, interesantes tribus de monta\u00f1a del norte, animadas calles y mercados en Bangkok o algunos de los mejores rincones para bucear del planeta. Tailandia es uno de los destinos m\u00e1s so\u00f1ados y visitados del mundo. Los motivos son muchos: una cultura milenaria llena de historia, una gastronom\u00eda sabrosa y low cost, monta\u00f1as verdes salpicadas de cascadas, templos donde acercarse al budismo, playas de ensue\u00f1o y una capital que nunca descansa. El Templo del Buda de Oro, o Wat Traimit, es un lugar que debe visitar al viajar a Tailandia. En su interior podr\u00e1 disfrutar de una impresionante figura de oro macizo. No se pierda tampoco el Templo del Amanecer, el m\u00e1s antiguo y m\u00e1s alto de todos los santuarios de la ciudad.Vietnam invita al relax, a disfrutar de los paisajes, a vivir experiencias \u00fanica y a mucho m\u00e1s. Hacer turismo en Vietnam le llevar\u00e1 a conocer miles de rincones que le parecer\u00e1 que solo pueden existir en un para\u00edso, disfrutando de escenarios que parecen sacados de una pel\u00edcula. Principales atractivos tur\u00edsticos:Han\u00f3i, la Bah\u00eda de Hanlong, el golfo de Tonk\u00edn, Hoi An, el r\u00edo Thu Bon, Ho Chi Minh, Saig\u00f3n, los t\u00faneles de Cu Chi, el Binh Thay, las pagodas de Thien Hau y Giac Lam y el valle de Sapa, entre otros.Camboya y turismo son dos palabras que han comenzado a ir de la mano hace relativamente poco tiempo, y por ello, el pa\u00eds sigue siendo uno de los grandes destinos mundiales por explorar. Sin duda alguna, una de las m\u00e1s lindas im\u00e1genes que podr\u00e1 contemplar en el pa\u00eds ser\u00e1 la de los verdes campos de arroz extendi\u00e9ndose hasta el horizonte y, en ellos, los campesinos, vestidos de manera tradicional, trabajando junto a los b\u00fafalos. Sin pasar por alto la tranquilidad que desprenden las aldeas tradicionales camboyanas.Principales atractivos tur\u00edsticos: los Templos de Angkor, Siem Reap, Preak Khan, Angkor Wat, los templos de Bay\u00f3n Thimmanon y Chay Say Trevoda, el monasterio de Ta Prohm, la laguna sagrada de Sarah Sram y el lago Tonle Sap, entre otros.","og_url":"https:\/\/elkaminante.com.uy\/paquetes\/sudeste-asiatico-en-grupo\/","og_site_name":"El Kaminante","article_modified_time":"2026-04-17T12:39:52+00:00","twitter_card":"summary_large_image","schema":{"@context":"https:\/\/schema.org","@graph":[{"@type":"WebPage","@id":"https:\/\/elkaminante.com.uy\/paquetes\/sudeste-asiatico-en-grupo\/","url":"https:\/\/elkaminante.com.uy\/paquetes\/sudeste-asiatico-en-grupo\/","name":"Sudeste Asi\u00e1tico en grupo - El Kaminante","isPartOf":{"@id":"https:\/\/elkaminante.com.uy\/#website"},"primaryImageOfPage":{"@id":"https:\/\/elkaminante.com.uy\/paquetes\/sudeste-asiatico-en-grupo\/#primaryimage"},"image":{"@id":"https:\/\/elkaminante.com.uy\/paquetes\/sudeste-asiatico-en-grupo\/#primaryimage"},"thumbnailUrl":"https:\/\/elkaminante.com.uy\/wp-content\/uploads\/2026\/02\/PAQ671.webp","datePublished":"2026-02-27T14:04:47+00:00","dateModified":"2026-04-17T12:39:52+00:00","breadcrumb":{"@id":"https:\/\/elkaminante.com.uy\/paquetes\/sudeste-asiatico-en-grupo\/#breadcrumb"},"inLanguage":"en-US","potentialAction":[{"@type":"ReadAction","target":["https:\/\/elkaminante.com.uy\/paquetes\/sudeste-asiatico-en-grupo\/"]}]},{"@type":"ImageObject","inLanguage":"en-US","@id":"https:\/\/elkaminante.com.uy\/paquetes\/sudeste-asiatico-en-grupo\/#primaryimage","url":"https:\/\/elkaminante.com.uy\/wp-content\/uploads\/2026\/02\/PAQ671.webp","contentUrl":"https:\/\/elkaminante.com.uy\/wp-content\/uploads\/2026\/02\/PAQ671.webp","width":800,"height":457},{"@type":"BreadcrumbList","@id":"https:\/\/elkaminante.com.uy\/paquetes\/sudeste-asiatico-en-grupo\/#breadcrumb","itemListElement":[{"@type":"ListItem","position":1,"name":"Inicio","item":"https:\/\/elkaminante.com.uy\/en\/"},{"@type":"ListItem","position":2,"name":"Viajes por el mundo","item":"https:\/\/elkaminante.com.uy\/en\/paquetes\/"},{"@type":"ListItem","position":3,"name":"Sudeste Asi\u00e1tico en grupo"}]},{"@type":"WebSite","@id":"https:\/\/elkaminante.com.uy\/#website","url":"https:\/\/elkaminante.com.uy\/","name":"El Kaminante","description":"Viajes &amp; Turismo","publisher":{"@id":"https:\/\/elkaminante.com.uy\/#organization"},"potentialAction":[{"@type":"SearchAction","target":{"@type":"EntryPoint","urlTemplate":"https:\/\/elkaminante.com.uy\/?s={search_term_string}"},"query-input":{"@type":"PropertyValueSpecification","valueRequired":true,"valueName":"search_term_string"}}],"inLanguage":"en-US"},{"@type":"Organization","@id":"https:\/\/elkaminante.com.uy\/#organization","name":"El Kaminante","url":"https:\/\/elkaminante.com.uy\/","logo":{"@type":"ImageObject","inLanguage":"en-US","@id":"https:\/\/elkaminante.com.uy\/#\/schema\/logo\/image\/","url":"https:\/\/elkaminante.com.uy\/wp-content\/uploads\/2025\/02\/logo-elkaminante-blanco.svg","contentUrl":"https:\/\/elkaminante.com.uy\/wp-content\/uploads\/2025\/02\/logo-elkaminante-blanco.svg","caption":"El Kaminante"},"image":{"@id":"https:\/\/elkaminante.com.uy\/#\/schema\/logo\/image\/"}}]}},"_links":{"self":[{"href":"https:\/\/elkaminante.com.uy\/en\/wp-json\/wp\/v2\/product\/12744","targetHints":{"allow":["GET"]}}],"collection":[{"href":"https:\/\/elkaminante.com.uy\/en\/wp-json\/wp\/v2\/product"}],"about":[{"href":"https:\/\/elkaminante.com.uy\/en\/wp-json\/wp\/v2\/types\/product"}],"wp:featuredmedia":[{"embeddable":true,"href":"https:\/\/elkaminante.com.uy\/en\/wp-json\/wp\/v2\/media\/12742"}],"wp:attachment":[{"href":"https:\/\/elkaminante.com.uy\/en\/wp-json\/wp\/v2\/media?parent=12744"}],"wp:term":[{"taxonomy":"product_brand","embeddable":true,"href":"https:\/\/elkaminante.com.uy\/en\/wp-json\/wp\/v2\/product_brand?post=12744"},{"taxonomy":"product_cat","embeddable":true,"href":"https:\/\/elkaminante.com.uy\/en\/wp-json\/wp\/v2\/product_cat?post=12744"},{"taxonomy":"product_tag","embeddable":true,"href":"https:\/\/elkaminante.com.uy\/en\/wp-json\/wp\/v2\/product_tag?post=12744"}],"curies":[{"name":"wp","href":"https:\/\/api.w.org\/{rel}","templated":true}]}}