{"id":12741,"date":"2026-02-27T11:04:43","date_gmt":"2026-02-27T14:04:43","guid":{"rendered":"https:\/\/elkaminante.com.uy\/paquetes\/india-y-dubai-en-grupo\/"},"modified":"2026-04-17T09:39:51","modified_gmt":"2026-04-17T12:39:51","slug":"india-y-dubai-en-grupo","status":"publish","type":"product","link":"https:\/\/elkaminante.com.uy\/en\/paquetes\/india-y-dubai-en-grupo\/","title":{"rendered":"India y Dubai en grupo"},"content":{"rendered":"","protected":false},"excerpt":{"rendered":"<p><b>India<\/b> es reconocido como el pa\u00eds de los mil colores y entre otras atracciones, cuenta con el mausoleo m\u00e1s popular del mundo, el Taj Mahal. Su gastronom\u00eda est\u00e1 influenciada por las tradiciones hind\u00faes y musulmanas, pero lo portugueses, persas e ingleses han contribuido en determinado momento de la historia en algunos aspectos de su cocina. La India se viste de fiesta en distintos momentos del a\u00f1o y por las razones m\u00e1s variadas; desde celebraciones religiosas hasta el D\u00eda de la Independencia y la celebraci\u00f3n de animales. <i>Principales atractivos tur\u00edsticos:<\/i>el Taj Mahal, el Fuerte Amber, el Hawa Mahal, el Fuerte rojo de Delhi, el Parque Nacional Ranthambore, el Fuerte de Agra, el Palacio de Jaipur y el Qutab, entre otros.<\/p>\n<p><b>Dub\u00e1i<\/b> y el turismo en el desierto, en un lugar donde el lujo espectacular ha ido desarroll\u00e1ndose y creando un panorama incre\u00edble. En los \u00faltimos a\u00f1os, este emirato \u00e1rabe se ha convertido en uno de los destinos tur\u00edsticos m\u00e1s importante del mundo. Ambiciosos proyectos que destilan un lujo incre\u00edble se construyen cada d\u00eda sobre la arena del desierto o sobre las aguas del \u00cdndico. <i>Principales atractivos tur\u00edsticos:<\/i>Burj el Arab, el hotel m\u00e1s lujoso del mundo, el Dub\u00e1i Mall, el Zoco de las Especias, la mezquita de Jumeirah, las monta\u00f1as del Hajar, las termas de Masafi, Abu Dhabi y la isla artificial de Lul\u00fa, entre otros.<\/p>\n","protected":false},"featured_media":12739,"template":"","meta":{"_acf_changed":false,"inline_featured_image":false},"product_brand":[],"product_cat":[28,1579],"product_tag":[4059,562,2639,600,392,2907,64,598,599,568,2211,1634,62,695,4060,700,4062,2641,117,65,395,603,601,696,4061,1152,61,397,604,602,697,63],"class_list":{"0":"post-12741","1":"product","2":"type-product","3":"status-publish","4":"has-post-thumbnail","6":"product_cat-paquetes","7":"product_cat-uruguay","8":"product_tag-28-de-agosto-de-2026exoticos","9":"product_tag-agosto","10":"product_tag-agra","11":"product_tag-arabia","12":"product_tag-asia","13":"product_tag-delhi","14":"product_tag-desayuno","15":"product_tag-dubai","16":"product_tag-emiratos-arabes-unidos","17":"product_tag-en-agosto","18":"product_tag-en-india","19":"product_tag-exhotico","20":"product_tag-exoticos","21":"product_tag-india","22":"product_tag-india-en-agosto","23":"product_tag-india-en-india","24":"product_tag-india-y-dubai-en-grupo","25":"product_tag-jaipur","26":"product_tag-madrid","27":"product_tag-no-aplica","28":"product_tag-paquetes-a-asia","29":"product_tag-paquetes-a-dubai","30":"product_tag-paquetes-a-emiratos-arabes-unidos","31":"product_tag-paquetes-a-india","32":"product_tag-rishikesh","33":"product_tag-salida-grupal","34":"product_tag-sin-destino","35":"product_tag-viajes-a-asia","36":"product_tag-viajes-a-dubai","37":"product_tag-viajes-a-emiratos-arabes-unidos","38":"product_tag-viajes-a-india","39":"product_tag-vuelo-y-circuito","40":"entry","41":"has-media","43":"first","44":"instock","45":"shipping-taxable","46":"purchasable","47":"product-type-simple"},"acf":[],"yoast_head":"<!-- This site is optimized with the Yoast SEO plugin v27.2 - https:\/\/yoast.com\/product\/yoast-seo-wordpress\/ -->\n<title>India y Dubai en grupo - El Kaminante<\/title>\n<meta name=\"robots\" content=\"index, follow, max-snippet:-1, max-image-preview:large, max-video-preview:-1\" \/>\n<link rel=\"canonical\" href=\"https:\/\/elkaminante.com.uy\/paquetes\/india-y-dubai-en-grupo\/\" \/>\n<meta property=\"og:locale\" content=\"en_US\" \/>\n<meta property=\"og:type\" content=\"article\" \/>\n<meta property=\"og:title\" content=\"India y Dubai en grupo - El Kaminante\" \/>\n<meta property=\"og:description\" content=\"India es reconocido como el pa\u00eds de los mil colores y entre otras atracciones, cuenta con el mausoleo m\u00e1s popular del mundo, el Taj Mahal. Su gastronom\u00eda est\u00e1 influenciada por las tradiciones hind\u00faes y musulmanas, pero lo portugueses, persas e ingleses han contribuido en determinado momento de la historia en algunos aspectos de su cocina. La India se viste de fiesta en distintos momentos del a\u00f1o y por las razones m\u00e1s variadas; desde celebraciones religiosas hasta el D\u00eda de la Independencia y la celebraci\u00f3n de animales. Principales atractivos tur\u00edsticos:el Taj Mahal, el Fuerte Amber, el Hawa Mahal, el Fuerte rojo de Delhi, el Parque Nacional Ranthambore, el Fuerte de Agra, el Palacio de Jaipur y el Qutab, entre otros.Dub\u00e1i y el turismo en el desierto, en un lugar donde el lujo espectacular ha ido desarroll\u00e1ndose y creando un panorama incre\u00edble. En los \u00faltimos a\u00f1os, este emirato \u00e1rabe se ha convertido en uno de los destinos tur\u00edsticos m\u00e1s importante del mundo. Ambiciosos proyectos que destilan un lujo incre\u00edble se construyen cada d\u00eda sobre la arena del desierto o sobre las aguas del \u00cdndico. Principales atractivos tur\u00edsticos:Burj el Arab, el hotel m\u00e1s lujoso del mundo, el Dub\u00e1i Mall, el Zoco de las Especias, la mezquita de Jumeirah, las monta\u00f1as del Hajar, las termas de Masafi, Abu Dhabi y la isla artificial de Lul\u00fa, entre otros.\" \/>\n<meta property=\"og:url\" content=\"https:\/\/elkaminante.com.uy\/paquetes\/india-y-dubai-en-grupo\/\" \/>\n<meta property=\"og:site_name\" content=\"El Kaminante\" \/>\n<meta property=\"article:modified_time\" content=\"2026-04-17T12:39:51+00:00\" \/>\n<meta name=\"twitter:card\" content=\"summary_large_image\" \/>\n<script type=\"application\/ld+json\" class=\"yoast-schema-graph\">{\"@context\":\"https:\/\/schema.org\",\"@graph\":[{\"@type\":\"WebPage\",\"@id\":\"https:\/\/elkaminante.com.uy\/paquetes\/india-y-dubai-en-grupo\/\",\"url\":\"https:\/\/elkaminante.com.uy\/paquetes\/india-y-dubai-en-grupo\/\",\"name\":\"India y Dubai en grupo - El Kaminante\",\"isPartOf\":{\"@id\":\"https:\/\/elkaminante.com.uy\/#website\"},\"primaryImageOfPage\":{\"@id\":\"https:\/\/elkaminante.com.uy\/paquetes\/india-y-dubai-en-grupo\/#primaryimage\"},\"image\":{\"@id\":\"https:\/\/elkaminante.com.uy\/paquetes\/india-y-dubai-en-grupo\/#primaryimage\"},\"thumbnailUrl\":\"https:\/\/elkaminante.com.uy\/wp-content\/uploads\/2026\/02\/PAQ670.webp\",\"datePublished\":\"2026-02-27T14:04:43+00:00\",\"dateModified\":\"2026-04-17T12:39:51+00:00\",\"breadcrumb\":{\"@id\":\"https:\/\/elkaminante.com.uy\/paquetes\/india-y-dubai-en-grupo\/#breadcrumb\"},\"inLanguage\":\"en-US\",\"potentialAction\":[{\"@type\":\"ReadAction\",\"target\":[\"https:\/\/elkaminante.com.uy\/paquetes\/india-y-dubai-en-grupo\/\"]}]},{\"@type\":\"ImageObject\",\"inLanguage\":\"en-US\",\"@id\":\"https:\/\/elkaminante.com.uy\/paquetes\/india-y-dubai-en-grupo\/#primaryimage\",\"url\":\"https:\/\/elkaminante.com.uy\/wp-content\/uploads\/2026\/02\/PAQ670.webp\",\"contentUrl\":\"https:\/\/elkaminante.com.uy\/wp-content\/uploads\/2026\/02\/PAQ670.webp\",\"width\":800,\"height\":457},{\"@type\":\"BreadcrumbList\",\"@id\":\"https:\/\/elkaminante.com.uy\/paquetes\/india-y-dubai-en-grupo\/#breadcrumb\",\"itemListElement\":[{\"@type\":\"ListItem\",\"position\":1,\"name\":\"Inicio\",\"item\":\"https:\/\/elkaminante.com.uy\/en\/\"},{\"@type\":\"ListItem\",\"position\":2,\"name\":\"Viajes por el mundo\",\"item\":\"https:\/\/elkaminante.com.uy\/en\/paquetes\/\"},{\"@type\":\"ListItem\",\"position\":3,\"name\":\"India y Dubai en grupo\"}]},{\"@type\":\"WebSite\",\"@id\":\"https:\/\/elkaminante.com.uy\/#website\",\"url\":\"https:\/\/elkaminante.com.uy\/\",\"name\":\"El Kaminante\",\"description\":\"Viajes &amp; Turismo\",\"publisher\":{\"@id\":\"https:\/\/elkaminante.com.uy\/#organization\"},\"potentialAction\":[{\"@type\":\"SearchAction\",\"target\":{\"@type\":\"EntryPoint\",\"urlTemplate\":\"https:\/\/elkaminante.com.uy\/?s={search_term_string}\"},\"query-input\":{\"@type\":\"PropertyValueSpecification\",\"valueRequired\":true,\"valueName\":\"search_term_string\"}}],\"inLanguage\":\"en-US\"},{\"@type\":\"Organization\",\"@id\":\"https:\/\/elkaminante.com.uy\/#organization\",\"name\":\"El Kaminante\",\"url\":\"https:\/\/elkaminante.com.uy\/\",\"logo\":{\"@type\":\"ImageObject\",\"inLanguage\":\"en-US\",\"@id\":\"https:\/\/elkaminante.com.uy\/#\/schema\/logo\/image\/\",\"url\":\"https:\/\/elkaminante.com.uy\/wp-content\/uploads\/2025\/02\/logo-elkaminante-blanco.svg\",\"contentUrl\":\"https:\/\/elkaminante.com.uy\/wp-content\/uploads\/2025\/02\/logo-elkaminante-blanco.svg\",\"caption\":\"El Kaminante\"},\"image\":{\"@id\":\"https:\/\/elkaminante.com.uy\/#\/schema\/logo\/image\/\"}}]}<\/script>\n<!-- \/ Yoast SEO plugin. -->","yoast_head_json":{"title":"India y Dubai en grupo - El Kaminante","robots":{"index":"index","follow":"follow","max-snippet":"max-snippet:-1","max-image-preview":"max-image-preview:large","max-video-preview":"max-video-preview:-1"},"canonical":"https:\/\/elkaminante.com.uy\/paquetes\/india-y-dubai-en-grupo\/","og_locale":"en_US","og_type":"article","og_title":"India y Dubai en grupo - El Kaminante","og_description":"India es reconocido como el pa\u00eds de los mil colores y entre otras atracciones, cuenta con el mausoleo m\u00e1s popular del mundo, el Taj Mahal. Su gastronom\u00eda est\u00e1 influenciada por las tradiciones hind\u00faes y musulmanas, pero lo portugueses, persas e ingleses han contribuido en determinado momento de la historia en algunos aspectos de su cocina. La India se viste de fiesta en distintos momentos del a\u00f1o y por las razones m\u00e1s variadas; desde celebraciones religiosas hasta el D\u00eda de la Independencia y la celebraci\u00f3n de animales. Principales atractivos tur\u00edsticos:el Taj Mahal, el Fuerte Amber, el Hawa Mahal, el Fuerte rojo de Delhi, el Parque Nacional Ranthambore, el Fuerte de Agra, el Palacio de Jaipur y el Qutab, entre otros.Dub\u00e1i y el turismo en el desierto, en un lugar donde el lujo espectacular ha ido desarroll\u00e1ndose y creando un panorama incre\u00edble. En los \u00faltimos a\u00f1os, este emirato \u00e1rabe se ha convertido en uno de los destinos tur\u00edsticos m\u00e1s importante del mundo. Ambiciosos proyectos que destilan un lujo incre\u00edble se construyen cada d\u00eda sobre la arena del desierto o sobre las aguas del \u00cdndico. Principales atractivos tur\u00edsticos:Burj el Arab, el hotel m\u00e1s lujoso del mundo, el Dub\u00e1i Mall, el Zoco de las Especias, la mezquita de Jumeirah, las monta\u00f1as del Hajar, las termas de Masafi, Abu Dhabi y la isla artificial de Lul\u00fa, entre otros.","og_url":"https:\/\/elkaminante.com.uy\/paquetes\/india-y-dubai-en-grupo\/","og_site_name":"El Kaminante","article_modified_time":"2026-04-17T12:39:51+00:00","twitter_card":"summary_large_image","schema":{"@context":"https:\/\/schema.org","@graph":[{"@type":"WebPage","@id":"https:\/\/elkaminante.com.uy\/paquetes\/india-y-dubai-en-grupo\/","url":"https:\/\/elkaminante.com.uy\/paquetes\/india-y-dubai-en-grupo\/","name":"India y Dubai en grupo - El Kaminante","isPartOf":{"@id":"https:\/\/elkaminante.com.uy\/#website"},"primaryImageOfPage":{"@id":"https:\/\/elkaminante.com.uy\/paquetes\/india-y-dubai-en-grupo\/#primaryimage"},"image":{"@id":"https:\/\/elkaminante.com.uy\/paquetes\/india-y-dubai-en-grupo\/#primaryimage"},"thumbnailUrl":"https:\/\/elkaminante.com.uy\/wp-content\/uploads\/2026\/02\/PAQ670.webp","datePublished":"2026-02-27T14:04:43+00:00","dateModified":"2026-04-17T12:39:51+00:00","breadcrumb":{"@id":"https:\/\/elkaminante.com.uy\/paquetes\/india-y-dubai-en-grupo\/#breadcrumb"},"inLanguage":"en-US","potentialAction":[{"@type":"ReadAction","target":["https:\/\/elkaminante.com.uy\/paquetes\/india-y-dubai-en-grupo\/"]}]},{"@type":"ImageObject","inLanguage":"en-US","@id":"https:\/\/elkaminante.com.uy\/paquetes\/india-y-dubai-en-grupo\/#primaryimage","url":"https:\/\/elkaminante.com.uy\/wp-content\/uploads\/2026\/02\/PAQ670.webp","contentUrl":"https:\/\/elkaminante.com.uy\/wp-content\/uploads\/2026\/02\/PAQ670.webp","width":800,"height":457},{"@type":"BreadcrumbList","@id":"https:\/\/elkaminante.com.uy\/paquetes\/india-y-dubai-en-grupo\/#breadcrumb","itemListElement":[{"@type":"ListItem","position":1,"name":"Inicio","item":"https:\/\/elkaminante.com.uy\/en\/"},{"@type":"ListItem","position":2,"name":"Viajes por el mundo","item":"https:\/\/elkaminante.com.uy\/en\/paquetes\/"},{"@type":"ListItem","position":3,"name":"India y Dubai en grupo"}]},{"@type":"WebSite","@id":"https:\/\/elkaminante.com.uy\/#website","url":"https:\/\/elkaminante.com.uy\/","name":"El Kaminante","description":"Viajes &amp; Turismo","publisher":{"@id":"https:\/\/elkaminante.com.uy\/#organization"},"potentialAction":[{"@type":"SearchAction","target":{"@type":"EntryPoint","urlTemplate":"https:\/\/elkaminante.com.uy\/?s={search_term_string}"},"query-input":{"@type":"PropertyValueSpecification","valueRequired":true,"valueName":"search_term_string"}}],"inLanguage":"en-US"},{"@type":"Organization","@id":"https:\/\/elkaminante.com.uy\/#organization","name":"El Kaminante","url":"https:\/\/elkaminante.com.uy\/","logo":{"@type":"ImageObject","inLanguage":"en-US","@id":"https:\/\/elkaminante.com.uy\/#\/schema\/logo\/image\/","url":"https:\/\/elkaminante.com.uy\/wp-content\/uploads\/2025\/02\/logo-elkaminante-blanco.svg","contentUrl":"https:\/\/elkaminante.com.uy\/wp-content\/uploads\/2025\/02\/logo-elkaminante-blanco.svg","caption":"El Kaminante"},"image":{"@id":"https:\/\/elkaminante.com.uy\/#\/schema\/logo\/image\/"}}]}},"_links":{"self":[{"href":"https:\/\/elkaminante.com.uy\/en\/wp-json\/wp\/v2\/product\/12741","targetHints":{"allow":["GET"]}}],"collection":[{"href":"https:\/\/elkaminante.com.uy\/en\/wp-json\/wp\/v2\/product"}],"about":[{"href":"https:\/\/elkaminante.com.uy\/en\/wp-json\/wp\/v2\/types\/product"}],"wp:featuredmedia":[{"embeddable":true,"href":"https:\/\/elkaminante.com.uy\/en\/wp-json\/wp\/v2\/media\/12739"}],"wp:attachment":[{"href":"https:\/\/elkaminante.com.uy\/en\/wp-json\/wp\/v2\/media?parent=12741"}],"wp:term":[{"taxonomy":"product_brand","embeddable":true,"href":"https:\/\/elkaminante.com.uy\/en\/wp-json\/wp\/v2\/product_brand?post=12741"},{"taxonomy":"product_cat","embeddable":true,"href":"https:\/\/elkaminante.com.uy\/en\/wp-json\/wp\/v2\/product_cat?post=12741"},{"taxonomy":"product_tag","embeddable":true,"href":"https:\/\/elkaminante.com.uy\/en\/wp-json\/wp\/v2\/product_tag?post=12741"}],"curies":[{"name":"wp","href":"https:\/\/api.w.org\/{rel}","templated":true}]}}