{"id":12732,"date":"2026-02-27T11:04:39","date_gmt":"2026-02-27T14:04:39","guid":{"rendered":"https:\/\/elkaminante.com.uy\/paquetes\/turquia-y-grecia-en-grupo-2\/"},"modified":"2026-04-26T16:46:56","modified_gmt":"2026-04-26T19:46:56","slug":"turquia-y-grecia-en-grupo-2","status":"publish","type":"product","link":"https:\/\/elkaminante.com.uy\/en\/paquetes\/turquia-y-grecia-en-grupo-2\/","title":{"rendered":"Turquia y Grecia en grupo"},"content":{"rendered":"","protected":false},"excerpt":{"rendered":"<p><b>Turqu\u00eda<\/b> es rica en historia, arquitectura y belleza natural, el vasto y variado patrimonio cultural, que abarca miles de a\u00f1os, se refleja en su paisaje, su arquitectura, su cocina y la gran variedad de costumbres que existen en todo el pa\u00eds. Es un destino que espera ser descubierto con muchas atracciones culturales en ciudades como Estambul, Ankara e Izmir, entre otras. En Estambul, visitar El Gran Bazar, con sus m\u00e1s de 4.00 tiendas y la casi obligaci\u00f3n de regatear con los mercaderes en busca de gangas, es otra de las experiencias que ofrece la ciudad. Al igual que admirar las centenarias mezquitas que pueblan la ciudad, entre ellas la Azul o la de Solim\u00e1n, o realizar un crucero por el B\u00f3sforo observando sus puentes y los palacios y fortalezas que pueblan sus orillas. <i>Principales atractivos tur\u00edsticos:<\/i>Ankara, Capadocia, el valle de Goremo, el castillo Uchistar, las ciudades subterr\u00e1neas, Konya, Pamukkale y su Castillo de Algod\u00f3n, las ruinas de Hier\u00e1polis, \u00c9feso, Esmirna, el mar Egeo y las ruinas del Templo de Artemisa, entre otros.<\/p>\n<p><b>Grecia<\/b> es uno de los pa\u00edses m\u00e1s impresionantes de Europa, porque posee una vastedad de lugares tur\u00edsticos y espacios culturales, que encierran gran parte de la historia de la Antigua Grecia, cuna de la civilizaci\u00f3n occidental. La ubicaci\u00f3n geogr\u00e1fica de Grecia ofrece paisajes de aguas cristalinas y azules infinitos, la cultura, arte, costumbres y festividades se entremezclan con su singular arquitectura, mitolog\u00eda, y amable hospitalidad; formando una experiencia de ensue\u00f1o para cualquier turista. <i>Principales atractivos tur\u00edsticos:<\/i>la Acr\u00f3polis de Atenas y el Parten\u00f3n, Mykonos, Lindos, la villa medieval, el teatro de Delfos, la playa de Navagio, los monasterios de Meteora y la rom\u00e1ntica Santorini, entre otros.<\/p>\n","protected":false},"featured_media":12730,"template":"","meta":{"_acf_changed":false,"inline_featured_image":false},"product_brand":[],"product_cat":[28,1579],"product_tag":[4025,562,2611,392,2625,2612,4027,4028,64,2614,568,2205,2610,124,1634,682,2615,117,2613,395,126,683,676,4026,691,2820,1152,2626,61,675,674,1864,681,3697,397,128,684,677,63],"class_list":{"0":"post-12732","1":"product","2":"type-product","3":"status-publish","4":"has-post-thumbnail","6":"product_cat-paquetes","7":"product_cat-uruguay","8":"product_tag-20-de-agosto-de-2026","9":"product_tag-agosto","10":"product_tag-ankara","11":"product_tag-asia","12":"product_tag-atenas","13":"product_tag-capadocia","14":"product_tag-creta","15":"product_tag-crucero-por-islas-griegas","16":"product_tag-desayuno","17":"product_tag-efeso","18":"product_tag-en-agosto","19":"product_tag-en-turquia","20":"product_tag-estambul","21":"product_tag-europa","22":"product_tag-exhotico","23":"product_tag-grecia","24":"product_tag-kusadasi","25":"product_tag-madrid","26":"product_tag-pamukkale","27":"product_tag-paquetes-a-asia","28":"product_tag-paquetes-a-europa","29":"product_tag-paquetes-a-grecia","30":"product_tag-paquetes-a-turquia","31":"product_tag-patmos","32":"product_tag-pension-completa","33":"product_tag-rodas","34":"product_tag-salida-grupal","35":"product_tag-santorini","36":"product_tag-sin-destino","37":"product_tag-turkiye","38":"product_tag-turquia","39":"product_tag-turquia-en-agosto","40":"product_tag-turquia-en-turquia","41":"product_tag-turquia-y-grecia-en-grupo","42":"product_tag-viajes-a-asia","43":"product_tag-viajes-a-europa","44":"product_tag-viajes-a-grecia","45":"product_tag-viajes-a-turquia","46":"product_tag-vuelo-y-circuito","47":"entry","48":"has-media","50":"first","51":"instock","52":"shipping-taxable","53":"purchasable","54":"product-type-simple"},"acf":[],"yoast_head":"<!-- This site is optimized with the Yoast SEO plugin v27.2 - https:\/\/yoast.com\/product\/yoast-seo-wordpress\/ -->\n<title>Turquia y Grecia en grupo - El Kaminante<\/title>\n<meta name=\"robots\" content=\"index, follow, max-snippet:-1, max-image-preview:large, max-video-preview:-1\" \/>\n<link rel=\"canonical\" href=\"https:\/\/elkaminante.com.uy\/paquetes\/turquia-y-grecia-en-grupo-2\/\" \/>\n<meta property=\"og:locale\" content=\"en_US\" \/>\n<meta property=\"og:type\" content=\"article\" \/>\n<meta property=\"og:title\" content=\"Turquia y Grecia en grupo - El Kaminante\" \/>\n<meta property=\"og:description\" content=\"Turqu\u00eda es rica en historia, arquitectura y belleza natural, el vasto y variado patrimonio cultural, que abarca miles de a\u00f1os, se refleja en su paisaje, su arquitectura, su cocina y la gran variedad de costumbres que existen en todo el pa\u00eds. Es un destino que espera ser descubierto con muchas atracciones culturales en ciudades como Estambul, Ankara e Izmir, entre otras. En Estambul, visitar El Gran Bazar, con sus m\u00e1s de 4.00 tiendas y la casi obligaci\u00f3n de regatear con los mercaderes en busca de gangas, es otra de las experiencias que ofrece la ciudad. Al igual que admirar las centenarias mezquitas que pueblan la ciudad, entre ellas la Azul o la de Solim\u00e1n, o realizar un crucero por el B\u00f3sforo observando sus puentes y los palacios y fortalezas que pueblan sus orillas. Principales atractivos tur\u00edsticos:Ankara, Capadocia, el valle de Goremo, el castillo Uchistar, las ciudades subterr\u00e1neas, Konya, Pamukkale y su Castillo de Algod\u00f3n, las ruinas de Hier\u00e1polis, \u00c9feso, Esmirna, el mar Egeo y las ruinas del Templo de Artemisa, entre otros.Grecia es uno de los pa\u00edses m\u00e1s impresionantes de Europa, porque posee una vastedad de lugares tur\u00edsticos y espacios culturales, que encierran gran parte de la historia de la Antigua Grecia, cuna de la civilizaci\u00f3n occidental. La ubicaci\u00f3n geogr\u00e1fica de Grecia ofrece paisajes de aguas cristalinas y azules infinitos, la cultura, arte, costumbres y festividades se entremezclan con su singular arquitectura, mitolog\u00eda, y amable hospitalidad; formando una experiencia de ensue\u00f1o para cualquier turista. Principales atractivos tur\u00edsticos:la Acr\u00f3polis de Atenas y el Parten\u00f3n, Mykonos, Lindos, la villa medieval, el teatro de Delfos, la playa de Navagio, los monasterios de Meteora y la rom\u00e1ntica Santorini, entre otros.\" \/>\n<meta property=\"og:url\" content=\"https:\/\/elkaminante.com.uy\/paquetes\/turquia-y-grecia-en-grupo-2\/\" \/>\n<meta property=\"og:site_name\" content=\"El Kaminante\" \/>\n<meta property=\"article:modified_time\" content=\"2026-04-26T19:46:56+00:00\" \/>\n<meta name=\"twitter:card\" content=\"summary_large_image\" \/>\n<script type=\"application\/ld+json\" class=\"yoast-schema-graph\">{\"@context\":\"https:\/\/schema.org\",\"@graph\":[{\"@type\":\"WebPage\",\"@id\":\"https:\/\/elkaminante.com.uy\/paquetes\/turquia-y-grecia-en-grupo-2\/\",\"url\":\"https:\/\/elkaminante.com.uy\/paquetes\/turquia-y-grecia-en-grupo-2\/\",\"name\":\"Turquia y Grecia en grupo - El Kaminante\",\"isPartOf\":{\"@id\":\"https:\/\/elkaminante.com.uy\/#website\"},\"primaryImageOfPage\":{\"@id\":\"https:\/\/elkaminante.com.uy\/paquetes\/turquia-y-grecia-en-grupo-2\/#primaryimage\"},\"image\":{\"@id\":\"https:\/\/elkaminante.com.uy\/paquetes\/turquia-y-grecia-en-grupo-2\/#primaryimage\"},\"thumbnailUrl\":\"https:\/\/elkaminante.com.uy\/wp-content\/uploads\/2026\/02\/PAQ667.webp\",\"datePublished\":\"2026-02-27T14:04:39+00:00\",\"dateModified\":\"2026-04-26T19:46:56+00:00\",\"breadcrumb\":{\"@id\":\"https:\/\/elkaminante.com.uy\/paquetes\/turquia-y-grecia-en-grupo-2\/#breadcrumb\"},\"inLanguage\":\"en-US\",\"potentialAction\":[{\"@type\":\"ReadAction\",\"target\":[\"https:\/\/elkaminante.com.uy\/paquetes\/turquia-y-grecia-en-grupo-2\/\"]}]},{\"@type\":\"ImageObject\",\"inLanguage\":\"en-US\",\"@id\":\"https:\/\/elkaminante.com.uy\/paquetes\/turquia-y-grecia-en-grupo-2\/#primaryimage\",\"url\":\"https:\/\/elkaminante.com.uy\/wp-content\/uploads\/2026\/02\/PAQ667.webp\",\"contentUrl\":\"https:\/\/elkaminante.com.uy\/wp-content\/uploads\/2026\/02\/PAQ667.webp\",\"width\":800,\"height\":457},{\"@type\":\"BreadcrumbList\",\"@id\":\"https:\/\/elkaminante.com.uy\/paquetes\/turquia-y-grecia-en-grupo-2\/#breadcrumb\",\"itemListElement\":[{\"@type\":\"ListItem\",\"position\":1,\"name\":\"Inicio\",\"item\":\"https:\/\/elkaminante.com.uy\/en\/\"},{\"@type\":\"ListItem\",\"position\":2,\"name\":\"Viajes por el mundo\",\"item\":\"https:\/\/elkaminante.com.uy\/en\/paquetes\/\"},{\"@type\":\"ListItem\",\"position\":3,\"name\":\"Turquia y Grecia en grupo\"}]},{\"@type\":\"WebSite\",\"@id\":\"https:\/\/elkaminante.com.uy\/#website\",\"url\":\"https:\/\/elkaminante.com.uy\/\",\"name\":\"El Kaminante\",\"description\":\"Viajes &amp; Turismo\",\"publisher\":{\"@id\":\"https:\/\/elkaminante.com.uy\/#organization\"},\"potentialAction\":[{\"@type\":\"SearchAction\",\"target\":{\"@type\":\"EntryPoint\",\"urlTemplate\":\"https:\/\/elkaminante.com.uy\/?s={search_term_string}\"},\"query-input\":{\"@type\":\"PropertyValueSpecification\",\"valueRequired\":true,\"valueName\":\"search_term_string\"}}],\"inLanguage\":\"en-US\"},{\"@type\":\"Organization\",\"@id\":\"https:\/\/elkaminante.com.uy\/#organization\",\"name\":\"El Kaminante\",\"url\":\"https:\/\/elkaminante.com.uy\/\",\"logo\":{\"@type\":\"ImageObject\",\"inLanguage\":\"en-US\",\"@id\":\"https:\/\/elkaminante.com.uy\/#\/schema\/logo\/image\/\",\"url\":\"https:\/\/elkaminante.com.uy\/wp-content\/uploads\/2025\/02\/logo-elkaminante-blanco.svg\",\"contentUrl\":\"https:\/\/elkaminante.com.uy\/wp-content\/uploads\/2025\/02\/logo-elkaminante-blanco.svg\",\"caption\":\"El Kaminante\"},\"image\":{\"@id\":\"https:\/\/elkaminante.com.uy\/#\/schema\/logo\/image\/\"}}]}<\/script>\n<!-- \/ Yoast SEO plugin. -->","yoast_head_json":{"title":"Turquia y Grecia en grupo - El Kaminante","robots":{"index":"index","follow":"follow","max-snippet":"max-snippet:-1","max-image-preview":"max-image-preview:large","max-video-preview":"max-video-preview:-1"},"canonical":"https:\/\/elkaminante.com.uy\/paquetes\/turquia-y-grecia-en-grupo-2\/","og_locale":"en_US","og_type":"article","og_title":"Turquia y Grecia en grupo - El Kaminante","og_description":"Turqu\u00eda es rica en historia, arquitectura y belleza natural, el vasto y variado patrimonio cultural, que abarca miles de a\u00f1os, se refleja en su paisaje, su arquitectura, su cocina y la gran variedad de costumbres que existen en todo el pa\u00eds. Es un destino que espera ser descubierto con muchas atracciones culturales en ciudades como Estambul, Ankara e Izmir, entre otras. En Estambul, visitar El Gran Bazar, con sus m\u00e1s de 4.00 tiendas y la casi obligaci\u00f3n de regatear con los mercaderes en busca de gangas, es otra de las experiencias que ofrece la ciudad. Al igual que admirar las centenarias mezquitas que pueblan la ciudad, entre ellas la Azul o la de Solim\u00e1n, o realizar un crucero por el B\u00f3sforo observando sus puentes y los palacios y fortalezas que pueblan sus orillas. Principales atractivos tur\u00edsticos:Ankara, Capadocia, el valle de Goremo, el castillo Uchistar, las ciudades subterr\u00e1neas, Konya, Pamukkale y su Castillo de Algod\u00f3n, las ruinas de Hier\u00e1polis, \u00c9feso, Esmirna, el mar Egeo y las ruinas del Templo de Artemisa, entre otros.Grecia es uno de los pa\u00edses m\u00e1s impresionantes de Europa, porque posee una vastedad de lugares tur\u00edsticos y espacios culturales, que encierran gran parte de la historia de la Antigua Grecia, cuna de la civilizaci\u00f3n occidental. La ubicaci\u00f3n geogr\u00e1fica de Grecia ofrece paisajes de aguas cristalinas y azules infinitos, la cultura, arte, costumbres y festividades se entremezclan con su singular arquitectura, mitolog\u00eda, y amable hospitalidad; formando una experiencia de ensue\u00f1o para cualquier turista. Principales atractivos tur\u00edsticos:la Acr\u00f3polis de Atenas y el Parten\u00f3n, Mykonos, Lindos, la villa medieval, el teatro de Delfos, la playa de Navagio, los monasterios de Meteora y la rom\u00e1ntica Santorini, entre otros.","og_url":"https:\/\/elkaminante.com.uy\/paquetes\/turquia-y-grecia-en-grupo-2\/","og_site_name":"El Kaminante","article_modified_time":"2026-04-26T19:46:56+00:00","twitter_card":"summary_large_image","schema":{"@context":"https:\/\/schema.org","@graph":[{"@type":"WebPage","@id":"https:\/\/elkaminante.com.uy\/paquetes\/turquia-y-grecia-en-grupo-2\/","url":"https:\/\/elkaminante.com.uy\/paquetes\/turquia-y-grecia-en-grupo-2\/","name":"Turquia y Grecia en grupo - El Kaminante","isPartOf":{"@id":"https:\/\/elkaminante.com.uy\/#website"},"primaryImageOfPage":{"@id":"https:\/\/elkaminante.com.uy\/paquetes\/turquia-y-grecia-en-grupo-2\/#primaryimage"},"image":{"@id":"https:\/\/elkaminante.com.uy\/paquetes\/turquia-y-grecia-en-grupo-2\/#primaryimage"},"thumbnailUrl":"https:\/\/elkaminante.com.uy\/wp-content\/uploads\/2026\/02\/PAQ667.webp","datePublished":"2026-02-27T14:04:39+00:00","dateModified":"2026-04-26T19:46:56+00:00","breadcrumb":{"@id":"https:\/\/elkaminante.com.uy\/paquetes\/turquia-y-grecia-en-grupo-2\/#breadcrumb"},"inLanguage":"en-US","potentialAction":[{"@type":"ReadAction","target":["https:\/\/elkaminante.com.uy\/paquetes\/turquia-y-grecia-en-grupo-2\/"]}]},{"@type":"ImageObject","inLanguage":"en-US","@id":"https:\/\/elkaminante.com.uy\/paquetes\/turquia-y-grecia-en-grupo-2\/#primaryimage","url":"https:\/\/elkaminante.com.uy\/wp-content\/uploads\/2026\/02\/PAQ667.webp","contentUrl":"https:\/\/elkaminante.com.uy\/wp-content\/uploads\/2026\/02\/PAQ667.webp","width":800,"height":457},{"@type":"BreadcrumbList","@id":"https:\/\/elkaminante.com.uy\/paquetes\/turquia-y-grecia-en-grupo-2\/#breadcrumb","itemListElement":[{"@type":"ListItem","position":1,"name":"Inicio","item":"https:\/\/elkaminante.com.uy\/en\/"},{"@type":"ListItem","position":2,"name":"Viajes por el mundo","item":"https:\/\/elkaminante.com.uy\/en\/paquetes\/"},{"@type":"ListItem","position":3,"name":"Turquia y Grecia en grupo"}]},{"@type":"WebSite","@id":"https:\/\/elkaminante.com.uy\/#website","url":"https:\/\/elkaminante.com.uy\/","name":"El Kaminante","description":"Viajes &amp; Turismo","publisher":{"@id":"https:\/\/elkaminante.com.uy\/#organization"},"potentialAction":[{"@type":"SearchAction","target":{"@type":"EntryPoint","urlTemplate":"https:\/\/elkaminante.com.uy\/?s={search_term_string}"},"query-input":{"@type":"PropertyValueSpecification","valueRequired":true,"valueName":"search_term_string"}}],"inLanguage":"en-US"},{"@type":"Organization","@id":"https:\/\/elkaminante.com.uy\/#organization","name":"El Kaminante","url":"https:\/\/elkaminante.com.uy\/","logo":{"@type":"ImageObject","inLanguage":"en-US","@id":"https:\/\/elkaminante.com.uy\/#\/schema\/logo\/image\/","url":"https:\/\/elkaminante.com.uy\/wp-content\/uploads\/2025\/02\/logo-elkaminante-blanco.svg","contentUrl":"https:\/\/elkaminante.com.uy\/wp-content\/uploads\/2025\/02\/logo-elkaminante-blanco.svg","caption":"El Kaminante"},"image":{"@id":"https:\/\/elkaminante.com.uy\/#\/schema\/logo\/image\/"}}]}},"_links":{"self":[{"href":"https:\/\/elkaminante.com.uy\/en\/wp-json\/wp\/v2\/product\/12732","targetHints":{"allow":["GET"]}}],"collection":[{"href":"https:\/\/elkaminante.com.uy\/en\/wp-json\/wp\/v2\/product"}],"about":[{"href":"https:\/\/elkaminante.com.uy\/en\/wp-json\/wp\/v2\/types\/product"}],"wp:featuredmedia":[{"embeddable":true,"href":"https:\/\/elkaminante.com.uy\/en\/wp-json\/wp\/v2\/media\/12730"}],"wp:attachment":[{"href":"https:\/\/elkaminante.com.uy\/en\/wp-json\/wp\/v2\/media?parent=12732"}],"wp:term":[{"taxonomy":"product_brand","embeddable":true,"href":"https:\/\/elkaminante.com.uy\/en\/wp-json\/wp\/v2\/product_brand?post=12732"},{"taxonomy":"product_cat","embeddable":true,"href":"https:\/\/elkaminante.com.uy\/en\/wp-json\/wp\/v2\/product_cat?post=12732"},{"taxonomy":"product_tag","embeddable":true,"href":"https:\/\/elkaminante.com.uy\/en\/wp-json\/wp\/v2\/product_tag?post=12732"}],"curies":[{"name":"wp","href":"https:\/\/api.w.org\/{rel}","templated":true}]}}