{"id":12723,"date":"2026-02-27T11:04:33","date_gmt":"2026-02-27T14:04:33","guid":{"rendered":"https:\/\/elkaminante.com.uy\/paquetes\/escandinavia-con-helsinki-en-grupo\/"},"modified":"2026-04-17T09:39:51","modified_gmt":"2026-04-17T12:39:51","slug":"escandinavia-con-helsinki-en-grupo","status":"publish","type":"product","link":"https:\/\/elkaminante.com.uy\/en\/paquetes\/escandinavia-con-helsinki-en-grupo\/","title":{"rendered":"Escandinavia con Helsinki en grupo"},"content":{"rendered":"","protected":false},"excerpt":{"rendered":"<p>Los viajes a <b>Escandinavia<b> ofrecen una experiencia \u00fanica donde la naturaleza imponente, la historia vikinga y el dise\u00f1o moderno conviven en perfecta armon\u00eda. Esta fascinante regi\u00f3n del norte de Europa, formada principalmente por Noruega, Suecia y Dinamarca, cautiva al viajero con sus paisajes de fiordos, bosques infinitos, lagos cristalinos y el m\u00e1gico espect\u00e1culo de la aurora boreal. Escandinavia tambi\u00e9n destaca por su alta calidad de vida, su cultura sostenible y sus ciudades cosmopolitas llenas de historia y creatividad. Entre sus capitales m\u00e1s emblem\u00e1ticas se encuentran Estocolmo, Oslo y Copenhague, todas ellas referentes de dise\u00f1o, cultura y bienestar.<\/p>\n<p><b>Principales atractivos tur\u00edsticos de esta zona:<b> los fiordos noruegos, el Geirangerfjord, el Cabo Norte, Laponia y sus auroras boreales, el archipi\u00e9lago de Estocolmo, el casco antiguo de Gamla Stan, los museos vikingos, el Palacio Real de Oslo, la estatua de la Sirenita en Copenhague, los parques nacionales, los pueblos pesqueros tradicionales y las experiencias de naturaleza extrema, entre muchos otros.<\/p>\n<p><b>Noruega<\/b> es una joya escandinava con paisajes impresionantes. Los &#8220;fiordos&#8221; son su firma natural: estrechos acantilados con aguas cristalinas y cascadas majestuosas, rodeados de pintorescos pueblos costeros y un sinf\u00edn de aventuras al aire libre. En Oslo, su capital y ciudad m\u00e1s conocida, se puede disfrutar de la cultura, museos de vanguardia y una escena gastron\u00f3mica diversa. <i>Principales atractivos tur\u00edsticos:<\/i> Bergen, los fiordos, entre ellos: Sognefjord, Lyse, Preikestolen y Geiranger, el glaciar de Briksdal, Stavanger, Lom, Stryn, Hellesylt, Alesund y Gudvagen, el lago Mjosa y Lillehammer, entre otros.<\/p>\n<p>Hacer turismo en <b>Dinamarca<\/b> es visitar un cuento de hadas, donde las tradiciones y leyendas son una fuerte base de su folklore. Copenhague, su capital, es una de las ciudades m\u00e1s sorprendentes de Europa, dado su legendario origen vikingo y su mezcla de viejas tradiciones con el vanguardismo m\u00e1s actual. <i>Principales atractivos tur\u00edsticos:<\/i> &#8220;La Sirenita&#8221;, el Ayuntamiento, la calle Storget, el muelle de Nyhavn, el parque T\u00edvoli, Castillo de Christianborg, la isla de Slotsholmen y el Castillo Rosenborg, entre otros.<\/p>\n","protected":false},"featured_media":12721,"template":"","meta":{"_acf_changed":false,"inline_featured_image":false},"product_brand":[],"product_cat":[28,1579],"product_tag":[4018,3150,2558,2556,64,4015,4021,1610,2282,4014,4024,2811,124,3149,4022,2813,879,117,563,4020,4019,2809,4016,126,564,1152,4023,4017,128,565,63],"class_list":{"0":"post-12723","1":"product","2":"type-product","3":"status-publish","4":"has-post-thumbnail","6":"product_cat-paquetes","7":"product_cat-uruguay","8":"product_tag-19-de-julio-de-2026","9":"product_tag-balestrand","10":"product_tag-bergen","11":"product_tag-copenhague","12":"product_tag-desayuno","13":"product_tag-dinamarca","14":"product_tag-en-escandinavia","15":"product_tag-en-julio","16":"product_tag-en-noruega","17":"product_tag-escandinavia","18":"product_tag-escandinavia-con-helsinki-en-grupo","19":"product_tag-estocolmo","20":"product_tag-europa","21":"product_tag-geilo","22":"product_tag-go-nordic-seaways-copenhague-oslo","23":"product_tag-helsinki","24":"product_tag-julio","25":"product_tag-madrid","26":"product_tag-noruega","27":"product_tag-noruega-en-escandinavia","28":"product_tag-noruega-en-julio","29":"product_tag-oslo","30":"product_tag-paquetes-a-escandinavia","31":"product_tag-paquetes-a-europa","32":"product_tag-paquetes-a-noruega","33":"product_tag-salida-grupal","34":"product_tag-tallink-silja-line-estocolmo-helsinki","35":"product_tag-viajes-a-escandinavia","36":"product_tag-viajes-a-europa","37":"product_tag-viajes-a-noruega","38":"product_tag-vuelo-y-circuito","39":"entry","40":"has-media","42":"first","43":"instock","44":"shipping-taxable","45":"purchasable","46":"product-type-simple"},"acf":[],"yoast_head":"<!-- This site is optimized with the Yoast SEO plugin v27.2 - https:\/\/yoast.com\/product\/yoast-seo-wordpress\/ -->\n<title>Escandinavia con Helsinki en grupo - El Kaminante<\/title>\n<meta name=\"robots\" content=\"index, follow, max-snippet:-1, max-image-preview:large, max-video-preview:-1\" \/>\n<link rel=\"canonical\" href=\"https:\/\/elkaminante.com.uy\/paquetes\/escandinavia-con-helsinki-en-grupo\/\" \/>\n<meta property=\"og:locale\" content=\"en_US\" \/>\n<meta property=\"og:type\" content=\"article\" \/>\n<meta property=\"og:title\" content=\"Escandinavia con Helsinki en grupo - El Kaminante\" \/>\n<meta property=\"og:description\" content=\"Los viajes a Escandinavia ofrecen una experiencia \u00fanica donde la naturaleza imponente, la historia vikinga y el dise\u00f1o moderno conviven en perfecta armon\u00eda. Esta fascinante regi\u00f3n del norte de Europa, formada principalmente por Noruega, Suecia y Dinamarca, cautiva al viajero con sus paisajes de fiordos, bosques infinitos, lagos cristalinos y el m\u00e1gico espect\u00e1culo de la aurora boreal. Escandinavia tambi\u00e9n destaca por su alta calidad de vida, su cultura sostenible y sus ciudades cosmopolitas llenas de historia y creatividad. Entre sus capitales m\u00e1s emblem\u00e1ticas se encuentran Estocolmo, Oslo y Copenhague, todas ellas referentes de dise\u00f1o, cultura y bienestar. Principales atractivos tur\u00edsticos de esta zona: los fiordos noruegos, el Geirangerfjord, el Cabo Norte, Laponia y sus auroras boreales, el archipi\u00e9lago de Estocolmo, el casco antiguo de Gamla Stan, los museos vikingos, el Palacio Real de Oslo, la estatua de la Sirenita en Copenhague, los parques nacionales, los pueblos pesqueros tradicionales y las experiencias de naturaleza extrema, entre muchos otros.Noruega es una joya escandinava con paisajes impresionantes. Los &quot;fiordos&quot; son su firma natural: estrechos acantilados con aguas cristalinas y cascadas majestuosas, rodeados de pintorescos pueblos costeros y un sinf\u00edn de aventuras al aire libre. En Oslo, su capital y ciudad m\u00e1s conocida, se puede disfrutar de la cultura, museos de vanguardia y una escena gastron\u00f3mica diversa. Principales atractivos tur\u00edsticos: Bergen, los fiordos, entre ellos: Sognefjord, Lyse, Preikestolen y Geiranger, el glaciar de Briksdal, Stavanger, Lom, Stryn, Hellesylt, Alesund y Gudvagen, el lago Mjosa y Lillehammer, entre otros.Hacer turismo en Dinamarca es visitar un cuento de hadas, donde las tradiciones y leyendas son una fuerte base de su folklore. Copenhague, su capital, es una de las ciudades m\u00e1s sorprendentes de Europa, dado su legendario origen vikingo y su mezcla de viejas tradiciones con el vanguardismo m\u00e1s actual. Principales atractivos tur\u00edsticos: &quot;La Sirenita&quot;, el Ayuntamiento, la calle Storget, el muelle de Nyhavn, el parque T\u00edvoli, Castillo de Christianborg, la isla de Slotsholmen y el Castillo Rosenborg, entre otros.\" \/>\n<meta property=\"og:url\" content=\"https:\/\/elkaminante.com.uy\/paquetes\/escandinavia-con-helsinki-en-grupo\/\" \/>\n<meta property=\"og:site_name\" content=\"El Kaminante\" \/>\n<meta property=\"article:modified_time\" content=\"2026-04-17T12:39:51+00:00\" \/>\n<meta name=\"twitter:card\" content=\"summary_large_image\" \/>\n<script type=\"application\/ld+json\" class=\"yoast-schema-graph\">{\"@context\":\"https:\/\/schema.org\",\"@graph\":[{\"@type\":\"WebPage\",\"@id\":\"https:\/\/elkaminante.com.uy\/paquetes\/escandinavia-con-helsinki-en-grupo\/\",\"url\":\"https:\/\/elkaminante.com.uy\/paquetes\/escandinavia-con-helsinki-en-grupo\/\",\"name\":\"Escandinavia con Helsinki en grupo - El Kaminante\",\"isPartOf\":{\"@id\":\"https:\/\/elkaminante.com.uy\/#website\"},\"primaryImageOfPage\":{\"@id\":\"https:\/\/elkaminante.com.uy\/paquetes\/escandinavia-con-helsinki-en-grupo\/#primaryimage\"},\"image\":{\"@id\":\"https:\/\/elkaminante.com.uy\/paquetes\/escandinavia-con-helsinki-en-grupo\/#primaryimage\"},\"thumbnailUrl\":\"https:\/\/elkaminante.com.uy\/wp-content\/uploads\/2026\/02\/PAQ666.webp\",\"datePublished\":\"2026-02-27T14:04:33+00:00\",\"dateModified\":\"2026-04-17T12:39:51+00:00\",\"breadcrumb\":{\"@id\":\"https:\/\/elkaminante.com.uy\/paquetes\/escandinavia-con-helsinki-en-grupo\/#breadcrumb\"},\"inLanguage\":\"en-US\",\"potentialAction\":[{\"@type\":\"ReadAction\",\"target\":[\"https:\/\/elkaminante.com.uy\/paquetes\/escandinavia-con-helsinki-en-grupo\/\"]}]},{\"@type\":\"ImageObject\",\"inLanguage\":\"en-US\",\"@id\":\"https:\/\/elkaminante.com.uy\/paquetes\/escandinavia-con-helsinki-en-grupo\/#primaryimage\",\"url\":\"https:\/\/elkaminante.com.uy\/wp-content\/uploads\/2026\/02\/PAQ666.webp\",\"contentUrl\":\"https:\/\/elkaminante.com.uy\/wp-content\/uploads\/2026\/02\/PAQ666.webp\",\"width\":800,\"height\":457},{\"@type\":\"BreadcrumbList\",\"@id\":\"https:\/\/elkaminante.com.uy\/paquetes\/escandinavia-con-helsinki-en-grupo\/#breadcrumb\",\"itemListElement\":[{\"@type\":\"ListItem\",\"position\":1,\"name\":\"Inicio\",\"item\":\"https:\/\/elkaminante.com.uy\/en\/\"},{\"@type\":\"ListItem\",\"position\":2,\"name\":\"Viajes por el mundo\",\"item\":\"https:\/\/elkaminante.com.uy\/en\/paquetes\/\"},{\"@type\":\"ListItem\",\"position\":3,\"name\":\"Escandinavia con Helsinki en grupo\"}]},{\"@type\":\"WebSite\",\"@id\":\"https:\/\/elkaminante.com.uy\/#website\",\"url\":\"https:\/\/elkaminante.com.uy\/\",\"name\":\"El Kaminante\",\"description\":\"Viajes &amp; Turismo\",\"publisher\":{\"@id\":\"https:\/\/elkaminante.com.uy\/#organization\"},\"potentialAction\":[{\"@type\":\"SearchAction\",\"target\":{\"@type\":\"EntryPoint\",\"urlTemplate\":\"https:\/\/elkaminante.com.uy\/?s={search_term_string}\"},\"query-input\":{\"@type\":\"PropertyValueSpecification\",\"valueRequired\":true,\"valueName\":\"search_term_string\"}}],\"inLanguage\":\"en-US\"},{\"@type\":\"Organization\",\"@id\":\"https:\/\/elkaminante.com.uy\/#organization\",\"name\":\"El Kaminante\",\"url\":\"https:\/\/elkaminante.com.uy\/\",\"logo\":{\"@type\":\"ImageObject\",\"inLanguage\":\"en-US\",\"@id\":\"https:\/\/elkaminante.com.uy\/#\/schema\/logo\/image\/\",\"url\":\"https:\/\/elkaminante.com.uy\/wp-content\/uploads\/2025\/02\/logo-elkaminante-blanco.svg\",\"contentUrl\":\"https:\/\/elkaminante.com.uy\/wp-content\/uploads\/2025\/02\/logo-elkaminante-blanco.svg\",\"caption\":\"El Kaminante\"},\"image\":{\"@id\":\"https:\/\/elkaminante.com.uy\/#\/schema\/logo\/image\/\"}}]}<\/script>\n<!-- \/ Yoast SEO plugin. -->","yoast_head_json":{"title":"Escandinavia con Helsinki en grupo - El Kaminante","robots":{"index":"index","follow":"follow","max-snippet":"max-snippet:-1","max-image-preview":"max-image-preview:large","max-video-preview":"max-video-preview:-1"},"canonical":"https:\/\/elkaminante.com.uy\/paquetes\/escandinavia-con-helsinki-en-grupo\/","og_locale":"en_US","og_type":"article","og_title":"Escandinavia con Helsinki en grupo - El Kaminante","og_description":"Los viajes a Escandinavia ofrecen una experiencia \u00fanica donde la naturaleza imponente, la historia vikinga y el dise\u00f1o moderno conviven en perfecta armon\u00eda. Esta fascinante regi\u00f3n del norte de Europa, formada principalmente por Noruega, Suecia y Dinamarca, cautiva al viajero con sus paisajes de fiordos, bosques infinitos, lagos cristalinos y el m\u00e1gico espect\u00e1culo de la aurora boreal. Escandinavia tambi\u00e9n destaca por su alta calidad de vida, su cultura sostenible y sus ciudades cosmopolitas llenas de historia y creatividad. Entre sus capitales m\u00e1s emblem\u00e1ticas se encuentran Estocolmo, Oslo y Copenhague, todas ellas referentes de dise\u00f1o, cultura y bienestar. Principales atractivos tur\u00edsticos de esta zona: los fiordos noruegos, el Geirangerfjord, el Cabo Norte, Laponia y sus auroras boreales, el archipi\u00e9lago de Estocolmo, el casco antiguo de Gamla Stan, los museos vikingos, el Palacio Real de Oslo, la estatua de la Sirenita en Copenhague, los parques nacionales, los pueblos pesqueros tradicionales y las experiencias de naturaleza extrema, entre muchos otros.Noruega es una joya escandinava con paisajes impresionantes. Los \"fiordos\" son su firma natural: estrechos acantilados con aguas cristalinas y cascadas majestuosas, rodeados de pintorescos pueblos costeros y un sinf\u00edn de aventuras al aire libre. En Oslo, su capital y ciudad m\u00e1s conocida, se puede disfrutar de la cultura, museos de vanguardia y una escena gastron\u00f3mica diversa. Principales atractivos tur\u00edsticos: Bergen, los fiordos, entre ellos: Sognefjord, Lyse, Preikestolen y Geiranger, el glaciar de Briksdal, Stavanger, Lom, Stryn, Hellesylt, Alesund y Gudvagen, el lago Mjosa y Lillehammer, entre otros.Hacer turismo en Dinamarca es visitar un cuento de hadas, donde las tradiciones y leyendas son una fuerte base de su folklore. Copenhague, su capital, es una de las ciudades m\u00e1s sorprendentes de Europa, dado su legendario origen vikingo y su mezcla de viejas tradiciones con el vanguardismo m\u00e1s actual. Principales atractivos tur\u00edsticos: \"La Sirenita\", el Ayuntamiento, la calle Storget, el muelle de Nyhavn, el parque T\u00edvoli, Castillo de Christianborg, la isla de Slotsholmen y el Castillo Rosenborg, entre otros.","og_url":"https:\/\/elkaminante.com.uy\/paquetes\/escandinavia-con-helsinki-en-grupo\/","og_site_name":"El Kaminante","article_modified_time":"2026-04-17T12:39:51+00:00","twitter_card":"summary_large_image","schema":{"@context":"https:\/\/schema.org","@graph":[{"@type":"WebPage","@id":"https:\/\/elkaminante.com.uy\/paquetes\/escandinavia-con-helsinki-en-grupo\/","url":"https:\/\/elkaminante.com.uy\/paquetes\/escandinavia-con-helsinki-en-grupo\/","name":"Escandinavia con Helsinki en grupo - El Kaminante","isPartOf":{"@id":"https:\/\/elkaminante.com.uy\/#website"},"primaryImageOfPage":{"@id":"https:\/\/elkaminante.com.uy\/paquetes\/escandinavia-con-helsinki-en-grupo\/#primaryimage"},"image":{"@id":"https:\/\/elkaminante.com.uy\/paquetes\/escandinavia-con-helsinki-en-grupo\/#primaryimage"},"thumbnailUrl":"https:\/\/elkaminante.com.uy\/wp-content\/uploads\/2026\/02\/PAQ666.webp","datePublished":"2026-02-27T14:04:33+00:00","dateModified":"2026-04-17T12:39:51+00:00","breadcrumb":{"@id":"https:\/\/elkaminante.com.uy\/paquetes\/escandinavia-con-helsinki-en-grupo\/#breadcrumb"},"inLanguage":"en-US","potentialAction":[{"@type":"ReadAction","target":["https:\/\/elkaminante.com.uy\/paquetes\/escandinavia-con-helsinki-en-grupo\/"]}]},{"@type":"ImageObject","inLanguage":"en-US","@id":"https:\/\/elkaminante.com.uy\/paquetes\/escandinavia-con-helsinki-en-grupo\/#primaryimage","url":"https:\/\/elkaminante.com.uy\/wp-content\/uploads\/2026\/02\/PAQ666.webp","contentUrl":"https:\/\/elkaminante.com.uy\/wp-content\/uploads\/2026\/02\/PAQ666.webp","width":800,"height":457},{"@type":"BreadcrumbList","@id":"https:\/\/elkaminante.com.uy\/paquetes\/escandinavia-con-helsinki-en-grupo\/#breadcrumb","itemListElement":[{"@type":"ListItem","position":1,"name":"Inicio","item":"https:\/\/elkaminante.com.uy\/en\/"},{"@type":"ListItem","position":2,"name":"Viajes por el mundo","item":"https:\/\/elkaminante.com.uy\/en\/paquetes\/"},{"@type":"ListItem","position":3,"name":"Escandinavia con Helsinki en grupo"}]},{"@type":"WebSite","@id":"https:\/\/elkaminante.com.uy\/#website","url":"https:\/\/elkaminante.com.uy\/","name":"El Kaminante","description":"Viajes &amp; Turismo","publisher":{"@id":"https:\/\/elkaminante.com.uy\/#organization"},"potentialAction":[{"@type":"SearchAction","target":{"@type":"EntryPoint","urlTemplate":"https:\/\/elkaminante.com.uy\/?s={search_term_string}"},"query-input":{"@type":"PropertyValueSpecification","valueRequired":true,"valueName":"search_term_string"}}],"inLanguage":"en-US"},{"@type":"Organization","@id":"https:\/\/elkaminante.com.uy\/#organization","name":"El Kaminante","url":"https:\/\/elkaminante.com.uy\/","logo":{"@type":"ImageObject","inLanguage":"en-US","@id":"https:\/\/elkaminante.com.uy\/#\/schema\/logo\/image\/","url":"https:\/\/elkaminante.com.uy\/wp-content\/uploads\/2025\/02\/logo-elkaminante-blanco.svg","contentUrl":"https:\/\/elkaminante.com.uy\/wp-content\/uploads\/2025\/02\/logo-elkaminante-blanco.svg","caption":"El Kaminante"},"image":{"@id":"https:\/\/elkaminante.com.uy\/#\/schema\/logo\/image\/"}}]}},"_links":{"self":[{"href":"https:\/\/elkaminante.com.uy\/en\/wp-json\/wp\/v2\/product\/12723","targetHints":{"allow":["GET"]}}],"collection":[{"href":"https:\/\/elkaminante.com.uy\/en\/wp-json\/wp\/v2\/product"}],"about":[{"href":"https:\/\/elkaminante.com.uy\/en\/wp-json\/wp\/v2\/types\/product"}],"wp:featuredmedia":[{"embeddable":true,"href":"https:\/\/elkaminante.com.uy\/en\/wp-json\/wp\/v2\/media\/12721"}],"wp:attachment":[{"href":"https:\/\/elkaminante.com.uy\/en\/wp-json\/wp\/v2\/media?parent=12723"}],"wp:term":[{"taxonomy":"product_brand","embeddable":true,"href":"https:\/\/elkaminante.com.uy\/en\/wp-json\/wp\/v2\/product_brand?post=12723"},{"taxonomy":"product_cat","embeddable":true,"href":"https:\/\/elkaminante.com.uy\/en\/wp-json\/wp\/v2\/product_cat?post=12723"},{"taxonomy":"product_tag","embeddable":true,"href":"https:\/\/elkaminante.com.uy\/en\/wp-json\/wp\/v2\/product_tag?post=12723"}],"curies":[{"name":"wp","href":"https:\/\/api.w.org\/{rel}","templated":true}]}}