{"id":12711,"date":"2026-02-27T10:58:13","date_gmt":"2026-02-27T13:58:13","guid":{"rendered":"https:\/\/elkaminante.com.uy\/paquetes\/santiago-de-chile-vina-y-valparaiso\/"},"modified":"2026-04-03T16:18:26","modified_gmt":"2026-04-03T19:18:26","slug":"santiago-de-chile-vina-y-valparaiso","status":"publish","type":"product","link":"https:\/\/elkaminante.com.uy\/en\/paquetes\/santiago-de-chile-vina-y-valparaiso\/","title":{"rendered":"Santiago de Chile, Vi\u00f1a y Valpara\u00edso"},"content":{"rendered":"","protected":false},"excerpt":{"rendered":"<p><b>Santiago<\/b> es la capital de Chile y es considerada la tercera ciudad de Sudam\u00e9rica con mejor calidad de vida y la segunda mejor ciudad para hacer negocios en Latinoam\u00e9rica, adem\u00e1s de la segunda m\u00e1s segura. Es una ciudad de clase alfa, moderna y competitiva, que tambi\u00e9n cuenta con alrededores naturales ideales para actividades al aire libre y relajarse. Al ubicarse en un valle, se encuentra rodeada de monta\u00f1as que ofrecen atractivos panoramas como visitar los centros de ski durante el invierno, realizar trekking, cabalgatas, escalada y mucho m\u00e1s en el Caj\u00f3n del Maipo y descubrir los sabores de la comida t\u00edpica al disfrutar de un d\u00eda de campo. <i>Principales atractivos tur\u00edsticos:<\/i>la Plaza de Armas de Santiago, la Iglesia de San Francisco, los barrios Brasil, Providencia, Las Condes y Vitacura, la Chascona, el Barrio Bellavista, el Museo de la Solidaridad Salvador Allende, Valpara\u00edso, La Sebastiana (casa de Pablo Neruda) e Isla Negra, entre otros.<\/p>\n","protected":false},"featured_media":12709,"template":"","meta":{"_acf_changed":false,"inline_featured_image":false},"product_brand":[],"product_cat":[28,1579],"product_tag":[96,88,465,4368,473,64,4339,2150,2149,65,393,91,466,468,2592,464,61,89,4344,2953,1092,2952,93,467,469,3315,63],"class_list":{"0":"post-12711","1":"product","2":"type-product","3":"status-publish","4":"has-post-thumbnail","6":"product_cat-paquetes","7":"product_cat-uruguay","8":"product_tag-alarma-precios-bajos","9":"product_tag-america-del-sur","10":"product_tag-chile","11":"product_tag-chile-en-alarma-precios-bajos","12":"product_tag-chile-en-santiago-de-chile","13":"product_tag-desayuno","14":"product_tag-en-alarma-precios-bajos","15":"product_tag-en-chile","16":"product_tag-en-santiago-de-chile","17":"product_tag-no-aplica","18":"product_tag-otros-destinos","19":"product_tag-paquetes-a-america-del-sur","20":"product_tag-paquetes-a-chile","21":"product_tag-paquetes-a-santiago-de-chile","22":"product_tag-santiago","23":"product_tag-santiago-de-chile","24":"product_tag-sin-destino","25":"product_tag-sudamerica","26":"product_tag-trasladoalarma-precios-bajos","27":"product_tag-vacaciones-de-invierno","28":"product_tag-vacaciones-de-julio","29":"product_tag-vacaciones-julio","30":"product_tag-viajes-a-america-del-sur","31":"product_tag-viajes-a-chile","32":"product_tag-viajes-a-santiago-de-chile","33":"product_tag-vina-y-valparaiso","34":"product_tag-vuelo-y-circuito","35":"entry","36":"has-media","38":"first","39":"instock","40":"shipping-taxable","41":"purchasable","42":"product-type-simple"},"acf":[],"yoast_head":"<!-- This site is optimized with the Yoast SEO plugin v27.2 - https:\/\/yoast.com\/product\/yoast-seo-wordpress\/ -->\n<title>Santiago de Chile, Vi\u00f1a y Valpara\u00edso - El Kaminante<\/title>\n<meta name=\"robots\" content=\"index, follow, max-snippet:-1, max-image-preview:large, max-video-preview:-1\" \/>\n<link rel=\"canonical\" href=\"https:\/\/elkaminante.com.uy\/paquetes\/santiago-de-chile-vina-y-valparaiso\/\" \/>\n<meta property=\"og:locale\" content=\"en_US\" \/>\n<meta property=\"og:type\" content=\"article\" \/>\n<meta property=\"og:title\" content=\"Santiago de Chile, Vi\u00f1a y Valpara\u00edso - El Kaminante\" \/>\n<meta property=\"og:description\" content=\"Santiago es la capital de Chile y es considerada la tercera ciudad de Sudam\u00e9rica con mejor calidad de vida y la segunda mejor ciudad para hacer negocios en Latinoam\u00e9rica, adem\u00e1s de la segunda m\u00e1s segura. Es una ciudad de clase alfa, moderna y competitiva, que tambi\u00e9n cuenta con alrededores naturales ideales para actividades al aire libre y relajarse. Al ubicarse en un valle, se encuentra rodeada de monta\u00f1as que ofrecen atractivos panoramas como visitar los centros de ski durante el invierno, realizar trekking, cabalgatas, escalada y mucho m\u00e1s en el Caj\u00f3n del Maipo y descubrir los sabores de la comida t\u00edpica al disfrutar de un d\u00eda de campo. Principales atractivos tur\u00edsticos:la Plaza de Armas de Santiago, la Iglesia de San Francisco, los barrios Brasil, Providencia, Las Condes y Vitacura, la Chascona, el Barrio Bellavista, el Museo de la Solidaridad Salvador Allende, Valpara\u00edso, La Sebastiana (casa de Pablo Neruda) e Isla Negra, entre otros.\" \/>\n<meta property=\"og:url\" content=\"https:\/\/elkaminante.com.uy\/paquetes\/santiago-de-chile-vina-y-valparaiso\/\" \/>\n<meta property=\"og:site_name\" content=\"El Kaminante\" \/>\n<meta property=\"article:modified_time\" content=\"2026-04-03T19:18:26+00:00\" \/>\n<meta name=\"twitter:card\" content=\"summary_large_image\" \/>\n<script type=\"application\/ld+json\" class=\"yoast-schema-graph\">{\"@context\":\"https:\/\/schema.org\",\"@graph\":[{\"@type\":\"WebPage\",\"@id\":\"https:\/\/elkaminante.com.uy\/paquetes\/santiago-de-chile-vina-y-valparaiso\/\",\"url\":\"https:\/\/elkaminante.com.uy\/paquetes\/santiago-de-chile-vina-y-valparaiso\/\",\"name\":\"Santiago de Chile, Vi\u00f1a y Valpara\u00edso - El Kaminante\",\"isPartOf\":{\"@id\":\"https:\/\/elkaminante.com.uy\/#website\"},\"primaryImageOfPage\":{\"@id\":\"https:\/\/elkaminante.com.uy\/paquetes\/santiago-de-chile-vina-y-valparaiso\/#primaryimage\"},\"image\":{\"@id\":\"https:\/\/elkaminante.com.uy\/paquetes\/santiago-de-chile-vina-y-valparaiso\/#primaryimage\"},\"thumbnailUrl\":\"https:\/\/elkaminante.com.uy\/wp-content\/uploads\/2026\/02\/PAQ65.webp\",\"datePublished\":\"2026-02-27T13:58:13+00:00\",\"dateModified\":\"2026-04-03T19:18:26+00:00\",\"breadcrumb\":{\"@id\":\"https:\/\/elkaminante.com.uy\/paquetes\/santiago-de-chile-vina-y-valparaiso\/#breadcrumb\"},\"inLanguage\":\"en-US\",\"potentialAction\":[{\"@type\":\"ReadAction\",\"target\":[\"https:\/\/elkaminante.com.uy\/paquetes\/santiago-de-chile-vina-y-valparaiso\/\"]}]},{\"@type\":\"ImageObject\",\"inLanguage\":\"en-US\",\"@id\":\"https:\/\/elkaminante.com.uy\/paquetes\/santiago-de-chile-vina-y-valparaiso\/#primaryimage\",\"url\":\"https:\/\/elkaminante.com.uy\/wp-content\/uploads\/2026\/02\/PAQ65.webp\",\"contentUrl\":\"https:\/\/elkaminante.com.uy\/wp-content\/uploads\/2026\/02\/PAQ65.webp\",\"width\":800,\"height\":457},{\"@type\":\"BreadcrumbList\",\"@id\":\"https:\/\/elkaminante.com.uy\/paquetes\/santiago-de-chile-vina-y-valparaiso\/#breadcrumb\",\"itemListElement\":[{\"@type\":\"ListItem\",\"position\":1,\"name\":\"Inicio\",\"item\":\"https:\/\/elkaminante.com.uy\/en\/\"},{\"@type\":\"ListItem\",\"position\":2,\"name\":\"Viajes por el mundo\",\"item\":\"https:\/\/elkaminante.com.uy\/en\/paquetes\/\"},{\"@type\":\"ListItem\",\"position\":3,\"name\":\"Santiago de Chile, Vi\u00f1a y Valpara\u00edso\"}]},{\"@type\":\"WebSite\",\"@id\":\"https:\/\/elkaminante.com.uy\/#website\",\"url\":\"https:\/\/elkaminante.com.uy\/\",\"name\":\"El Kaminante\",\"description\":\"Viajes &amp; Turismo\",\"publisher\":{\"@id\":\"https:\/\/elkaminante.com.uy\/#organization\"},\"potentialAction\":[{\"@type\":\"SearchAction\",\"target\":{\"@type\":\"EntryPoint\",\"urlTemplate\":\"https:\/\/elkaminante.com.uy\/?s={search_term_string}\"},\"query-input\":{\"@type\":\"PropertyValueSpecification\",\"valueRequired\":true,\"valueName\":\"search_term_string\"}}],\"inLanguage\":\"en-US\"},{\"@type\":\"Organization\",\"@id\":\"https:\/\/elkaminante.com.uy\/#organization\",\"name\":\"El Kaminante\",\"url\":\"https:\/\/elkaminante.com.uy\/\",\"logo\":{\"@type\":\"ImageObject\",\"inLanguage\":\"en-US\",\"@id\":\"https:\/\/elkaminante.com.uy\/#\/schema\/logo\/image\/\",\"url\":\"https:\/\/elkaminante.com.uy\/wp-content\/uploads\/2025\/02\/logo-elkaminante-blanco.svg\",\"contentUrl\":\"https:\/\/elkaminante.com.uy\/wp-content\/uploads\/2025\/02\/logo-elkaminante-blanco.svg\",\"caption\":\"El Kaminante\"},\"image\":{\"@id\":\"https:\/\/elkaminante.com.uy\/#\/schema\/logo\/image\/\"}}]}<\/script>\n<!-- \/ Yoast SEO plugin. -->","yoast_head_json":{"title":"Santiago de Chile, Vi\u00f1a y Valpara\u00edso - El Kaminante","robots":{"index":"index","follow":"follow","max-snippet":"max-snippet:-1","max-image-preview":"max-image-preview:large","max-video-preview":"max-video-preview:-1"},"canonical":"https:\/\/elkaminante.com.uy\/paquetes\/santiago-de-chile-vina-y-valparaiso\/","og_locale":"en_US","og_type":"article","og_title":"Santiago de Chile, Vi\u00f1a y Valpara\u00edso - El Kaminante","og_description":"Santiago es la capital de Chile y es considerada la tercera ciudad de Sudam\u00e9rica con mejor calidad de vida y la segunda mejor ciudad para hacer negocios en Latinoam\u00e9rica, adem\u00e1s de la segunda m\u00e1s segura. Es una ciudad de clase alfa, moderna y competitiva, que tambi\u00e9n cuenta con alrededores naturales ideales para actividades al aire libre y relajarse. Al ubicarse en un valle, se encuentra rodeada de monta\u00f1as que ofrecen atractivos panoramas como visitar los centros de ski durante el invierno, realizar trekking, cabalgatas, escalada y mucho m\u00e1s en el Caj\u00f3n del Maipo y descubrir los sabores de la comida t\u00edpica al disfrutar de un d\u00eda de campo. Principales atractivos tur\u00edsticos:la Plaza de Armas de Santiago, la Iglesia de San Francisco, los barrios Brasil, Providencia, Las Condes y Vitacura, la Chascona, el Barrio Bellavista, el Museo de la Solidaridad Salvador Allende, Valpara\u00edso, La Sebastiana (casa de Pablo Neruda) e Isla Negra, entre otros.","og_url":"https:\/\/elkaminante.com.uy\/paquetes\/santiago-de-chile-vina-y-valparaiso\/","og_site_name":"El Kaminante","article_modified_time":"2026-04-03T19:18:26+00:00","twitter_card":"summary_large_image","schema":{"@context":"https:\/\/schema.org","@graph":[{"@type":"WebPage","@id":"https:\/\/elkaminante.com.uy\/paquetes\/santiago-de-chile-vina-y-valparaiso\/","url":"https:\/\/elkaminante.com.uy\/paquetes\/santiago-de-chile-vina-y-valparaiso\/","name":"Santiago de Chile, Vi\u00f1a y Valpara\u00edso - El Kaminante","isPartOf":{"@id":"https:\/\/elkaminante.com.uy\/#website"},"primaryImageOfPage":{"@id":"https:\/\/elkaminante.com.uy\/paquetes\/santiago-de-chile-vina-y-valparaiso\/#primaryimage"},"image":{"@id":"https:\/\/elkaminante.com.uy\/paquetes\/santiago-de-chile-vina-y-valparaiso\/#primaryimage"},"thumbnailUrl":"https:\/\/elkaminante.com.uy\/wp-content\/uploads\/2026\/02\/PAQ65.webp","datePublished":"2026-02-27T13:58:13+00:00","dateModified":"2026-04-03T19:18:26+00:00","breadcrumb":{"@id":"https:\/\/elkaminante.com.uy\/paquetes\/santiago-de-chile-vina-y-valparaiso\/#breadcrumb"},"inLanguage":"en-US","potentialAction":[{"@type":"ReadAction","target":["https:\/\/elkaminante.com.uy\/paquetes\/santiago-de-chile-vina-y-valparaiso\/"]}]},{"@type":"ImageObject","inLanguage":"en-US","@id":"https:\/\/elkaminante.com.uy\/paquetes\/santiago-de-chile-vina-y-valparaiso\/#primaryimage","url":"https:\/\/elkaminante.com.uy\/wp-content\/uploads\/2026\/02\/PAQ65.webp","contentUrl":"https:\/\/elkaminante.com.uy\/wp-content\/uploads\/2026\/02\/PAQ65.webp","width":800,"height":457},{"@type":"BreadcrumbList","@id":"https:\/\/elkaminante.com.uy\/paquetes\/santiago-de-chile-vina-y-valparaiso\/#breadcrumb","itemListElement":[{"@type":"ListItem","position":1,"name":"Inicio","item":"https:\/\/elkaminante.com.uy\/en\/"},{"@type":"ListItem","position":2,"name":"Viajes por el mundo","item":"https:\/\/elkaminante.com.uy\/en\/paquetes\/"},{"@type":"ListItem","position":3,"name":"Santiago de Chile, Vi\u00f1a y Valpara\u00edso"}]},{"@type":"WebSite","@id":"https:\/\/elkaminante.com.uy\/#website","url":"https:\/\/elkaminante.com.uy\/","name":"El Kaminante","description":"Viajes &amp; Turismo","publisher":{"@id":"https:\/\/elkaminante.com.uy\/#organization"},"potentialAction":[{"@type":"SearchAction","target":{"@type":"EntryPoint","urlTemplate":"https:\/\/elkaminante.com.uy\/?s={search_term_string}"},"query-input":{"@type":"PropertyValueSpecification","valueRequired":true,"valueName":"search_term_string"}}],"inLanguage":"en-US"},{"@type":"Organization","@id":"https:\/\/elkaminante.com.uy\/#organization","name":"El Kaminante","url":"https:\/\/elkaminante.com.uy\/","logo":{"@type":"ImageObject","inLanguage":"en-US","@id":"https:\/\/elkaminante.com.uy\/#\/schema\/logo\/image\/","url":"https:\/\/elkaminante.com.uy\/wp-content\/uploads\/2025\/02\/logo-elkaminante-blanco.svg","contentUrl":"https:\/\/elkaminante.com.uy\/wp-content\/uploads\/2025\/02\/logo-elkaminante-blanco.svg","caption":"El Kaminante"},"image":{"@id":"https:\/\/elkaminante.com.uy\/#\/schema\/logo\/image\/"}}]}},"_links":{"self":[{"href":"https:\/\/elkaminante.com.uy\/en\/wp-json\/wp\/v2\/product\/12711","targetHints":{"allow":["GET"]}}],"collection":[{"href":"https:\/\/elkaminante.com.uy\/en\/wp-json\/wp\/v2\/product"}],"about":[{"href":"https:\/\/elkaminante.com.uy\/en\/wp-json\/wp\/v2\/types\/product"}],"wp:featuredmedia":[{"embeddable":true,"href":"https:\/\/elkaminante.com.uy\/en\/wp-json\/wp\/v2\/media\/12709"}],"wp:attachment":[{"href":"https:\/\/elkaminante.com.uy\/en\/wp-json\/wp\/v2\/media?parent=12711"}],"wp:term":[{"taxonomy":"product_brand","embeddable":true,"href":"https:\/\/elkaminante.com.uy\/en\/wp-json\/wp\/v2\/product_brand?post=12711"},{"taxonomy":"product_cat","embeddable":true,"href":"https:\/\/elkaminante.com.uy\/en\/wp-json\/wp\/v2\/product_cat?post=12711"},{"taxonomy":"product_tag","embeddable":true,"href":"https:\/\/elkaminante.com.uy\/en\/wp-json\/wp\/v2\/product_tag?post=12711"}],"curies":[{"name":"wp","href":"https:\/\/api.w.org\/{rel}","templated":true}]}}