{"id":12403,"date":"2025-12-20T20:38:25","date_gmt":"2025-12-20T23:38:25","guid":{"rendered":"https:\/\/elkaminante.com.uy\/paquetes\/mundial-2026-2do-y-3er-partido\/"},"modified":"2026-04-26T16:46:53","modified_gmt":"2026-04-26T19:46:53","slug":"mundial-2026-2do-y-3er-partido","status":"publish","type":"product","link":"https:\/\/elkaminante.com.uy\/en\/paquetes\/mundial-2026-2do-y-3er-partido\/","title":{"rendered":"Mundial 2026 1er y 2do partido"},"content":{"rendered":"","protected":false},"excerpt":{"rendered":"<p>El Mundial en Estados Unidos es mucho m\u00e1s que f\u00fatbol: es viajar con la Celeste, sentir la emoci\u00f3n en cada tribuna y compartir el orgullo de ser uruguayo lejos de casa. Entre estadios imponentes, ciudades vibrantes y una hinchada que no se calla nunca, este viaje promete momentos que van a quedar grabados para siempre.<\/p>\n<p>Destino tur\u00edstico de sol y playa por excelencia, <b>Miami<\/b>, ubicado en el estado de Florida, Estados Unidos, es un para\u00edso tropical que todo el mundo deber\u00eda conocer. Su privilegiada ubicaci\u00f3n lo convierte en un destino tur\u00edstico en el que se puede disfrutar de un clima c\u00e1lido durante los doce meses del a\u00f1o. Sus interminables extensiones de arena blanca combinadas con su agua de un color azul casi irreal forman un marco incomparable en el que pasar las vacaciones. Sin duda es un lugar que tiene mucho m\u00e1s que ofrecer que sus playas, tambi\u00e9n se puede disfrutar de un d\u00eda en el Parque Nacional de los Everglades, degustar un caf\u00e9 al estilo cubano en Little Havana, pasar un d\u00eda con los animales de Jungle Island o pasear por Ocean Drive y disfrutar de South Beach. <\/p>\n","protected":false},"featured_media":12401,"template":"","meta":{"_acf_changed":false,"inline_featured_image":false},"product_brand":[],"product_cat":[28,1579],"product_tag":[70,3017,1052,68,2093,558,2501,67,252,2500,3021,3019,3020,3018,245,2481,289,3915,2490,65,71,393,73,246,2492,120,69,75,247,2493,119],"class_list":{"0":"post-12403","1":"product","2":"type-product","3":"status-publish","4":"has-post-thumbnail","6":"product_cat-paquetes","7":"product_cat-uruguay","8":"product_tag-america-del-norte","9":"product_tag-deporte","10":"product_tag-deportes","11":"product_tag-eeuu","12":"product_tag-en-estados-unidos","13":"product_tag-en-junio","14":"product_tag-en-mundial-eeuu","15":"product_tag-estados-unidos","16":"product_tag-estados-unidos-en-junio","17":"product_tag-estados-unidos-en-mundial-eeuu","18":"product_tag-f1","19":"product_tag-football","20":"product_tag-formula-1","21":"product_tag-futbol","22":"product_tag-junio","23":"product_tag-junio-2026","24":"product_tag-miami","25":"product_tag-mundial-2026-1er-y-2do-partido","26":"product_tag-mundial-eeuu","27":"product_tag-no-aplica","28":"product_tag-norte-america","29":"product_tag-otros-destinos","30":"product_tag-paquetes-a-america-del-norte","31":"product_tag-paquetes-a-estados-unidos","32":"product_tag-paquetes-a-mundial-eeuu","33":"product_tag-sin-comidas","34":"product_tag-usa","35":"product_tag-viajes-a-america-del-norte","36":"product_tag-viajes-a-estados-unidos","37":"product_tag-viajes-a-mundial-eeuu","38":"product_tag-vuelo-y-hotel","39":"entry","40":"has-media","42":"first","43":"instock","44":"shipping-taxable","45":"purchasable","46":"product-type-simple"},"acf":[],"yoast_head":"<!-- This site is optimized with the Yoast SEO plugin v27.2 - https:\/\/yoast.com\/product\/yoast-seo-wordpress\/ -->\n<title>Mundial 2026 1er y 2do partido - El Kaminante<\/title>\n<meta name=\"robots\" content=\"index, follow, max-snippet:-1, max-image-preview:large, max-video-preview:-1\" \/>\n<link rel=\"canonical\" href=\"https:\/\/elkaminante.com.uy\/paquetes\/mundial-2026-2do-y-3er-partido\/\" \/>\n<meta property=\"og:locale\" content=\"en_US\" \/>\n<meta property=\"og:type\" content=\"article\" \/>\n<meta property=\"og:title\" content=\"Mundial 2026 1er y 2do partido - El Kaminante\" \/>\n<meta property=\"og:description\" content=\"El Mundial en Estados Unidos es mucho m\u00e1s que f\u00fatbol: es viajar con la Celeste, sentir la emoci\u00f3n en cada tribuna y compartir el orgullo de ser uruguayo lejos de casa. Entre estadios imponentes, ciudades vibrantes y una hinchada que no se calla nunca, este viaje promete momentos que van a quedar grabados para siempre.Destino tur\u00edstico de sol y playa por excelencia, Miami, ubicado en el estado de Florida, Estados Unidos, es un para\u00edso tropical que todo el mundo deber\u00eda conocer. Su privilegiada ubicaci\u00f3n lo convierte en un destino tur\u00edstico en el que se puede disfrutar de un clima c\u00e1lido durante los doce meses del a\u00f1o. Sus interminables extensiones de arena blanca combinadas con su agua de un color azul casi irreal forman un marco incomparable en el que pasar las vacaciones. Sin duda es un lugar que tiene mucho m\u00e1s que ofrecer que sus playas, tambi\u00e9n se puede disfrutar de un d\u00eda en el Parque Nacional de los Everglades, degustar un caf\u00e9 al estilo cubano en Little Havana, pasar un d\u00eda con los animales de Jungle Island o pasear por Ocean Drive y disfrutar de South Beach.\" \/>\n<meta property=\"og:url\" content=\"https:\/\/elkaminante.com.uy\/paquetes\/mundial-2026-2do-y-3er-partido\/\" \/>\n<meta property=\"og:site_name\" content=\"El Kaminante\" \/>\n<meta property=\"article:modified_time\" content=\"2026-04-26T19:46:53+00:00\" \/>\n<meta property=\"og:image\" content=\"https:\/\/elkaminante.com.uy\/wp-content\/uploads\/2025\/12\/PAQ650.webp\" \/>\n\t<meta property=\"og:image:width\" content=\"800\" \/>\n\t<meta property=\"og:image:height\" content=\"457\" \/>\n\t<meta property=\"og:image:type\" content=\"image\/webp\" \/>\n<meta name=\"twitter:card\" content=\"summary_large_image\" \/>\n<script type=\"application\/ld+json\" class=\"yoast-schema-graph\">{\"@context\":\"https:\/\/schema.org\",\"@graph\":[{\"@type\":\"WebPage\",\"@id\":\"https:\/\/elkaminante.com.uy\/paquetes\/mundial-2026-2do-y-3er-partido\/\",\"url\":\"https:\/\/elkaminante.com.uy\/paquetes\/mundial-2026-2do-y-3er-partido\/\",\"name\":\"Mundial 2026 1er y 2do partido - El Kaminante\",\"isPartOf\":{\"@id\":\"https:\/\/elkaminante.com.uy\/#website\"},\"primaryImageOfPage\":{\"@id\":\"https:\/\/elkaminante.com.uy\/paquetes\/mundial-2026-2do-y-3er-partido\/#primaryimage\"},\"image\":{\"@id\":\"https:\/\/elkaminante.com.uy\/paquetes\/mundial-2026-2do-y-3er-partido\/#primaryimage\"},\"thumbnailUrl\":\"https:\/\/elkaminante.com.uy\/wp-content\/uploads\/2025\/12\/PAQ650.webp\",\"datePublished\":\"2025-12-20T23:38:25+00:00\",\"dateModified\":\"2026-04-26T19:46:53+00:00\",\"breadcrumb\":{\"@id\":\"https:\/\/elkaminante.com.uy\/paquetes\/mundial-2026-2do-y-3er-partido\/#breadcrumb\"},\"inLanguage\":\"en-US\",\"potentialAction\":[{\"@type\":\"ReadAction\",\"target\":[\"https:\/\/elkaminante.com.uy\/paquetes\/mundial-2026-2do-y-3er-partido\/\"]}]},{\"@type\":\"ImageObject\",\"inLanguage\":\"en-US\",\"@id\":\"https:\/\/elkaminante.com.uy\/paquetes\/mundial-2026-2do-y-3er-partido\/#primaryimage\",\"url\":\"https:\/\/elkaminante.com.uy\/wp-content\/uploads\/2025\/12\/PAQ650.webp\",\"contentUrl\":\"https:\/\/elkaminante.com.uy\/wp-content\/uploads\/2025\/12\/PAQ650.webp\",\"width\":800,\"height\":457},{\"@type\":\"BreadcrumbList\",\"@id\":\"https:\/\/elkaminante.com.uy\/paquetes\/mundial-2026-2do-y-3er-partido\/#breadcrumb\",\"itemListElement\":[{\"@type\":\"ListItem\",\"position\":1,\"name\":\"Inicio\",\"item\":\"https:\/\/elkaminante.com.uy\/en\/\"},{\"@type\":\"ListItem\",\"position\":2,\"name\":\"Viajes por el mundo\",\"item\":\"https:\/\/elkaminante.com.uy\/en\/paquetes\/\"},{\"@type\":\"ListItem\",\"position\":3,\"name\":\"Mundial 2026 1er y 2do partido\"}]},{\"@type\":\"WebSite\",\"@id\":\"https:\/\/elkaminante.com.uy\/#website\",\"url\":\"https:\/\/elkaminante.com.uy\/\",\"name\":\"El Kaminante\",\"description\":\"Viajes &amp; Turismo\",\"publisher\":{\"@id\":\"https:\/\/elkaminante.com.uy\/#organization\"},\"potentialAction\":[{\"@type\":\"SearchAction\",\"target\":{\"@type\":\"EntryPoint\",\"urlTemplate\":\"https:\/\/elkaminante.com.uy\/?s={search_term_string}\"},\"query-input\":{\"@type\":\"PropertyValueSpecification\",\"valueRequired\":true,\"valueName\":\"search_term_string\"}}],\"inLanguage\":\"en-US\"},{\"@type\":\"Organization\",\"@id\":\"https:\/\/elkaminante.com.uy\/#organization\",\"name\":\"El Kaminante\",\"url\":\"https:\/\/elkaminante.com.uy\/\",\"logo\":{\"@type\":\"ImageObject\",\"inLanguage\":\"en-US\",\"@id\":\"https:\/\/elkaminante.com.uy\/#\/schema\/logo\/image\/\",\"url\":\"https:\/\/elkaminante.com.uy\/wp-content\/uploads\/2025\/02\/logo-elkaminante-blanco.svg\",\"contentUrl\":\"https:\/\/elkaminante.com.uy\/wp-content\/uploads\/2025\/02\/logo-elkaminante-blanco.svg\",\"caption\":\"El Kaminante\"},\"image\":{\"@id\":\"https:\/\/elkaminante.com.uy\/#\/schema\/logo\/image\/\"}}]}<\/script>\n<!-- \/ Yoast SEO plugin. -->","yoast_head_json":{"title":"Mundial 2026 1er y 2do partido - El Kaminante","robots":{"index":"index","follow":"follow","max-snippet":"max-snippet:-1","max-image-preview":"max-image-preview:large","max-video-preview":"max-video-preview:-1"},"canonical":"https:\/\/elkaminante.com.uy\/paquetes\/mundial-2026-2do-y-3er-partido\/","og_locale":"en_US","og_type":"article","og_title":"Mundial 2026 1er y 2do partido - El Kaminante","og_description":"El Mundial en Estados Unidos es mucho m\u00e1s que f\u00fatbol: es viajar con la Celeste, sentir la emoci\u00f3n en cada tribuna y compartir el orgullo de ser uruguayo lejos de casa. Entre estadios imponentes, ciudades vibrantes y una hinchada que no se calla nunca, este viaje promete momentos que van a quedar grabados para siempre.Destino tur\u00edstico de sol y playa por excelencia, Miami, ubicado en el estado de Florida, Estados Unidos, es un para\u00edso tropical que todo el mundo deber\u00eda conocer. Su privilegiada ubicaci\u00f3n lo convierte en un destino tur\u00edstico en el que se puede disfrutar de un clima c\u00e1lido durante los doce meses del a\u00f1o. Sus interminables extensiones de arena blanca combinadas con su agua de un color azul casi irreal forman un marco incomparable en el que pasar las vacaciones. Sin duda es un lugar que tiene mucho m\u00e1s que ofrecer que sus playas, tambi\u00e9n se puede disfrutar de un d\u00eda en el Parque Nacional de los Everglades, degustar un caf\u00e9 al estilo cubano en Little Havana, pasar un d\u00eda con los animales de Jungle Island o pasear por Ocean Drive y disfrutar de South Beach.","og_url":"https:\/\/elkaminante.com.uy\/paquetes\/mundial-2026-2do-y-3er-partido\/","og_site_name":"El Kaminante","article_modified_time":"2026-04-26T19:46:53+00:00","og_image":[{"width":800,"height":457,"url":"https:\/\/elkaminante.com.uy\/wp-content\/uploads\/2025\/12\/PAQ650.webp","type":"image\/webp"}],"twitter_card":"summary_large_image","schema":{"@context":"https:\/\/schema.org","@graph":[{"@type":"WebPage","@id":"https:\/\/elkaminante.com.uy\/paquetes\/mundial-2026-2do-y-3er-partido\/","url":"https:\/\/elkaminante.com.uy\/paquetes\/mundial-2026-2do-y-3er-partido\/","name":"Mundial 2026 1er y 2do partido - El Kaminante","isPartOf":{"@id":"https:\/\/elkaminante.com.uy\/#website"},"primaryImageOfPage":{"@id":"https:\/\/elkaminante.com.uy\/paquetes\/mundial-2026-2do-y-3er-partido\/#primaryimage"},"image":{"@id":"https:\/\/elkaminante.com.uy\/paquetes\/mundial-2026-2do-y-3er-partido\/#primaryimage"},"thumbnailUrl":"https:\/\/elkaminante.com.uy\/wp-content\/uploads\/2025\/12\/PAQ650.webp","datePublished":"2025-12-20T23:38:25+00:00","dateModified":"2026-04-26T19:46:53+00:00","breadcrumb":{"@id":"https:\/\/elkaminante.com.uy\/paquetes\/mundial-2026-2do-y-3er-partido\/#breadcrumb"},"inLanguage":"en-US","potentialAction":[{"@type":"ReadAction","target":["https:\/\/elkaminante.com.uy\/paquetes\/mundial-2026-2do-y-3er-partido\/"]}]},{"@type":"ImageObject","inLanguage":"en-US","@id":"https:\/\/elkaminante.com.uy\/paquetes\/mundial-2026-2do-y-3er-partido\/#primaryimage","url":"https:\/\/elkaminante.com.uy\/wp-content\/uploads\/2025\/12\/PAQ650.webp","contentUrl":"https:\/\/elkaminante.com.uy\/wp-content\/uploads\/2025\/12\/PAQ650.webp","width":800,"height":457},{"@type":"BreadcrumbList","@id":"https:\/\/elkaminante.com.uy\/paquetes\/mundial-2026-2do-y-3er-partido\/#breadcrumb","itemListElement":[{"@type":"ListItem","position":1,"name":"Inicio","item":"https:\/\/elkaminante.com.uy\/en\/"},{"@type":"ListItem","position":2,"name":"Viajes por el mundo","item":"https:\/\/elkaminante.com.uy\/en\/paquetes\/"},{"@type":"ListItem","position":3,"name":"Mundial 2026 1er y 2do partido"}]},{"@type":"WebSite","@id":"https:\/\/elkaminante.com.uy\/#website","url":"https:\/\/elkaminante.com.uy\/","name":"El Kaminante","description":"Viajes &amp; Turismo","publisher":{"@id":"https:\/\/elkaminante.com.uy\/#organization"},"potentialAction":[{"@type":"SearchAction","target":{"@type":"EntryPoint","urlTemplate":"https:\/\/elkaminante.com.uy\/?s={search_term_string}"},"query-input":{"@type":"PropertyValueSpecification","valueRequired":true,"valueName":"search_term_string"}}],"inLanguage":"en-US"},{"@type":"Organization","@id":"https:\/\/elkaminante.com.uy\/#organization","name":"El Kaminante","url":"https:\/\/elkaminante.com.uy\/","logo":{"@type":"ImageObject","inLanguage":"en-US","@id":"https:\/\/elkaminante.com.uy\/#\/schema\/logo\/image\/","url":"https:\/\/elkaminante.com.uy\/wp-content\/uploads\/2025\/02\/logo-elkaminante-blanco.svg","contentUrl":"https:\/\/elkaminante.com.uy\/wp-content\/uploads\/2025\/02\/logo-elkaminante-blanco.svg","caption":"El Kaminante"},"image":{"@id":"https:\/\/elkaminante.com.uy\/#\/schema\/logo\/image\/"}}]}},"_links":{"self":[{"href":"https:\/\/elkaminante.com.uy\/en\/wp-json\/wp\/v2\/product\/12403","targetHints":{"allow":["GET"]}}],"collection":[{"href":"https:\/\/elkaminante.com.uy\/en\/wp-json\/wp\/v2\/product"}],"about":[{"href":"https:\/\/elkaminante.com.uy\/en\/wp-json\/wp\/v2\/types\/product"}],"wp:featuredmedia":[{"embeddable":true,"href":"https:\/\/elkaminante.com.uy\/en\/wp-json\/wp\/v2\/media\/12401"}],"wp:attachment":[{"href":"https:\/\/elkaminante.com.uy\/en\/wp-json\/wp\/v2\/media?parent=12403"}],"wp:term":[{"taxonomy":"product_brand","embeddable":true,"href":"https:\/\/elkaminante.com.uy\/en\/wp-json\/wp\/v2\/product_brand?post=12403"},{"taxonomy":"product_cat","embeddable":true,"href":"https:\/\/elkaminante.com.uy\/en\/wp-json\/wp\/v2\/product_cat?post=12403"},{"taxonomy":"product_tag","embeddable":true,"href":"https:\/\/elkaminante.com.uy\/en\/wp-json\/wp\/v2\/product_tag?post=12403"}],"curies":[{"name":"wp","href":"https:\/\/api.w.org\/{rel}","templated":true}]}}