{"id":12230,"date":"2025-11-15T11:56:21","date_gmt":"2025-11-15T14:56:21","guid":{"rendered":"https:\/\/elkaminante.com.uy\/paquetes\/aquiraz-brasil\/"},"modified":"2026-04-17T09:39:47","modified_gmt":"2026-04-17T12:39:47","slug":"aquiraz-brasil","status":"publish","type":"product","link":"https:\/\/elkaminante.com.uy\/en\/paquetes\/aquiraz-brasil\/","title":{"rendered":"Aquiraz Brasil"},"content":{"rendered":"","protected":false},"excerpt":{"rendered":"<p><b>Fortaleza<\/b> es la capital del Estado de Cear\u00e1, uno de los estados m\u00e1s peque\u00f1os de Brasil. Es la cuarta ciudad con m\u00e1s extensi\u00f3n de Brasil y en los \u00faltimos a\u00f1os ha sufrido una gran subida de turismo que asegura a todo aquel que tenga pensado ir, una gran infraestructura y servicios. Ofrece gran variedad de actividades y para los amantes de la danza, la m\u00fasica y otras artes hay gran variedad de espect\u00e1culos, como el de la danza Tor\u00e9m practicada por ind\u00edgenas propios de la zona. Posee la tercera catedral m\u00e1s grande de Brasil, sin lugar a dudas uno de los monumentos que uno no puede perderse en su visita. Tambi\u00e9n el comercio y el ocio ocupan un papel fundamental el la ciudad, adem\u00e1s de sus inigualables playas de aguas limpias y c\u00e1lidas y de arenas principalmente finas,  donde cabe destacar: la playa Jericoacoara y la playa Canoa Quebrada.<\/p>\n","protected":false},"featured_media":12228,"template":"","meta":{"_acf_changed":false,"inline_featured_image":false},"product_brand":[],"product_cat":[28,1579],"product_tag":[88,3794,3795,35,655,990,64,2054,2202,2018,651,278,2286,65,91,90,652,61,89,3282,93,92,653,119],"class_list":{"0":"post-12230","1":"product","2":"type-product","3":"status-publish","4":"has-post-thumbnail","6":"product_cat-paquetes","7":"product_cat-uruguay","8":"product_tag-america-del-sur","9":"product_tag-aquiraz","10":"product_tag-aquiraz-brasil","11":"product_tag-brasil","12":"product_tag-brasil-en-fortaleza","13":"product_tag-brasil-en-mayo","14":"product_tag-desayuno","15":"product_tag-en-brasil","16":"product_tag-en-fortaleza","17":"product_tag-en-mayo","18":"product_tag-fortaleza","19":"product_tag-mayo","20":"product_tag-mayo-2026","21":"product_tag-no-aplica","22":"product_tag-paquetes-a-america-del-sur","23":"product_tag-paquetes-a-brasil","24":"product_tag-paquetes-a-fortaleza","25":"product_tag-sin-destino","26":"product_tag-sudamerica","27":"product_tag-temporada-baja","28":"product_tag-viajes-a-america-del-sur","29":"product_tag-viajes-a-brasil","30":"product_tag-viajes-a-fortaleza","31":"product_tag-vuelo-y-hotel","32":"entry","33":"has-media","35":"first","36":"instock","37":"shipping-taxable","38":"purchasable","39":"product-type-simple"},"acf":[],"yoast_head":"<!-- This site is optimized with the Yoast SEO plugin v27.2 - https:\/\/yoast.com\/product\/yoast-seo-wordpress\/ -->\n<title>Aquiraz Brasil - El Kaminante<\/title>\n<meta name=\"robots\" content=\"index, follow, max-snippet:-1, max-image-preview:large, max-video-preview:-1\" \/>\n<link rel=\"canonical\" href=\"https:\/\/elkaminante.com.uy\/paquetes\/aquiraz-brasil\/\" \/>\n<meta property=\"og:locale\" content=\"en_US\" \/>\n<meta property=\"og:type\" content=\"article\" \/>\n<meta property=\"og:title\" content=\"Aquiraz Brasil - El Kaminante\" \/>\n<meta property=\"og:description\" content=\"Fortaleza es la capital del Estado de Cear\u00e1, uno de los estados m\u00e1s peque\u00f1os de Brasil. Es la cuarta ciudad con m\u00e1s extensi\u00f3n de Brasil y en los \u00faltimos a\u00f1os ha sufrido una gran subida de turismo que asegura a todo aquel que tenga pensado ir, una gran infraestructura y servicios. Ofrece gran variedad de actividades y para los amantes de la danza, la m\u00fasica y otras artes hay gran variedad de espect\u00e1culos, como el de la danza Tor\u00e9m practicada por ind\u00edgenas propios de la zona. Posee la tercera catedral m\u00e1s grande de Brasil, sin lugar a dudas uno de los monumentos que uno no puede perderse en su visita. Tambi\u00e9n el comercio y el ocio ocupan un papel fundamental el la ciudad, adem\u00e1s de sus inigualables playas de aguas limpias y c\u00e1lidas y de arenas principalmente finas, donde cabe destacar: la playa Jericoacoara y la playa Canoa Quebrada.\" \/>\n<meta property=\"og:url\" content=\"https:\/\/elkaminante.com.uy\/paquetes\/aquiraz-brasil\/\" \/>\n<meta property=\"og:site_name\" content=\"El Kaminante\" \/>\n<meta property=\"article:modified_time\" content=\"2026-04-17T12:39:47+00:00\" \/>\n<meta name=\"twitter:card\" content=\"summary_large_image\" \/>\n<script type=\"application\/ld+json\" class=\"yoast-schema-graph\">{\"@context\":\"https:\/\/schema.org\",\"@graph\":[{\"@type\":\"WebPage\",\"@id\":\"https:\/\/elkaminante.com.uy\/paquetes\/aquiraz-brasil\/\",\"url\":\"https:\/\/elkaminante.com.uy\/paquetes\/aquiraz-brasil\/\",\"name\":\"Aquiraz Brasil - El Kaminante\",\"isPartOf\":{\"@id\":\"https:\/\/elkaminante.com.uy\/#website\"},\"primaryImageOfPage\":{\"@id\":\"https:\/\/elkaminante.com.uy\/paquetes\/aquiraz-brasil\/#primaryimage\"},\"image\":{\"@id\":\"https:\/\/elkaminante.com.uy\/paquetes\/aquiraz-brasil\/#primaryimage\"},\"thumbnailUrl\":\"https:\/\/elkaminante.com.uy\/wp-content\/uploads\/2025\/11\/PAQ644.webp\",\"datePublished\":\"2025-11-15T14:56:21+00:00\",\"dateModified\":\"2026-04-17T12:39:47+00:00\",\"breadcrumb\":{\"@id\":\"https:\/\/elkaminante.com.uy\/paquetes\/aquiraz-brasil\/#breadcrumb\"},\"inLanguage\":\"en-US\",\"potentialAction\":[{\"@type\":\"ReadAction\",\"target\":[\"https:\/\/elkaminante.com.uy\/paquetes\/aquiraz-brasil\/\"]}]},{\"@type\":\"ImageObject\",\"inLanguage\":\"en-US\",\"@id\":\"https:\/\/elkaminante.com.uy\/paquetes\/aquiraz-brasil\/#primaryimage\",\"url\":\"https:\/\/elkaminante.com.uy\/wp-content\/uploads\/2025\/11\/PAQ644.webp\",\"contentUrl\":\"https:\/\/elkaminante.com.uy\/wp-content\/uploads\/2025\/11\/PAQ644.webp\",\"width\":800,\"height\":457},{\"@type\":\"BreadcrumbList\",\"@id\":\"https:\/\/elkaminante.com.uy\/paquetes\/aquiraz-brasil\/#breadcrumb\",\"itemListElement\":[{\"@type\":\"ListItem\",\"position\":1,\"name\":\"Inicio\",\"item\":\"https:\/\/elkaminante.com.uy\/en\/\"},{\"@type\":\"ListItem\",\"position\":2,\"name\":\"Viajes por el mundo\",\"item\":\"https:\/\/elkaminante.com.uy\/en\/paquetes\/\"},{\"@type\":\"ListItem\",\"position\":3,\"name\":\"Aquiraz Brasil\"}]},{\"@type\":\"WebSite\",\"@id\":\"https:\/\/elkaminante.com.uy\/#website\",\"url\":\"https:\/\/elkaminante.com.uy\/\",\"name\":\"El Kaminante\",\"description\":\"Viajes &amp; Turismo\",\"publisher\":{\"@id\":\"https:\/\/elkaminante.com.uy\/#organization\"},\"potentialAction\":[{\"@type\":\"SearchAction\",\"target\":{\"@type\":\"EntryPoint\",\"urlTemplate\":\"https:\/\/elkaminante.com.uy\/?s={search_term_string}\"},\"query-input\":{\"@type\":\"PropertyValueSpecification\",\"valueRequired\":true,\"valueName\":\"search_term_string\"}}],\"inLanguage\":\"en-US\"},{\"@type\":\"Organization\",\"@id\":\"https:\/\/elkaminante.com.uy\/#organization\",\"name\":\"El Kaminante\",\"url\":\"https:\/\/elkaminante.com.uy\/\",\"logo\":{\"@type\":\"ImageObject\",\"inLanguage\":\"en-US\",\"@id\":\"https:\/\/elkaminante.com.uy\/#\/schema\/logo\/image\/\",\"url\":\"https:\/\/elkaminante.com.uy\/wp-content\/uploads\/2025\/02\/logo-elkaminante-blanco.svg\",\"contentUrl\":\"https:\/\/elkaminante.com.uy\/wp-content\/uploads\/2025\/02\/logo-elkaminante-blanco.svg\",\"caption\":\"El Kaminante\"},\"image\":{\"@id\":\"https:\/\/elkaminante.com.uy\/#\/schema\/logo\/image\/\"}}]}<\/script>\n<!-- \/ Yoast SEO plugin. -->","yoast_head_json":{"title":"Aquiraz Brasil - El Kaminante","robots":{"index":"index","follow":"follow","max-snippet":"max-snippet:-1","max-image-preview":"max-image-preview:large","max-video-preview":"max-video-preview:-1"},"canonical":"https:\/\/elkaminante.com.uy\/paquetes\/aquiraz-brasil\/","og_locale":"en_US","og_type":"article","og_title":"Aquiraz Brasil - El Kaminante","og_description":"Fortaleza es la capital del Estado de Cear\u00e1, uno de los estados m\u00e1s peque\u00f1os de Brasil. Es la cuarta ciudad con m\u00e1s extensi\u00f3n de Brasil y en los \u00faltimos a\u00f1os ha sufrido una gran subida de turismo que asegura a todo aquel que tenga pensado ir, una gran infraestructura y servicios. Ofrece gran variedad de actividades y para los amantes de la danza, la m\u00fasica y otras artes hay gran variedad de espect\u00e1culos, como el de la danza Tor\u00e9m practicada por ind\u00edgenas propios de la zona. Posee la tercera catedral m\u00e1s grande de Brasil, sin lugar a dudas uno de los monumentos que uno no puede perderse en su visita. Tambi\u00e9n el comercio y el ocio ocupan un papel fundamental el la ciudad, adem\u00e1s de sus inigualables playas de aguas limpias y c\u00e1lidas y de arenas principalmente finas, donde cabe destacar: la playa Jericoacoara y la playa Canoa Quebrada.","og_url":"https:\/\/elkaminante.com.uy\/paquetes\/aquiraz-brasil\/","og_site_name":"El Kaminante","article_modified_time":"2026-04-17T12:39:47+00:00","twitter_card":"summary_large_image","schema":{"@context":"https:\/\/schema.org","@graph":[{"@type":"WebPage","@id":"https:\/\/elkaminante.com.uy\/paquetes\/aquiraz-brasil\/","url":"https:\/\/elkaminante.com.uy\/paquetes\/aquiraz-brasil\/","name":"Aquiraz Brasil - El Kaminante","isPartOf":{"@id":"https:\/\/elkaminante.com.uy\/#website"},"primaryImageOfPage":{"@id":"https:\/\/elkaminante.com.uy\/paquetes\/aquiraz-brasil\/#primaryimage"},"image":{"@id":"https:\/\/elkaminante.com.uy\/paquetes\/aquiraz-brasil\/#primaryimage"},"thumbnailUrl":"https:\/\/elkaminante.com.uy\/wp-content\/uploads\/2025\/11\/PAQ644.webp","datePublished":"2025-11-15T14:56:21+00:00","dateModified":"2026-04-17T12:39:47+00:00","breadcrumb":{"@id":"https:\/\/elkaminante.com.uy\/paquetes\/aquiraz-brasil\/#breadcrumb"},"inLanguage":"en-US","potentialAction":[{"@type":"ReadAction","target":["https:\/\/elkaminante.com.uy\/paquetes\/aquiraz-brasil\/"]}]},{"@type":"ImageObject","inLanguage":"en-US","@id":"https:\/\/elkaminante.com.uy\/paquetes\/aquiraz-brasil\/#primaryimage","url":"https:\/\/elkaminante.com.uy\/wp-content\/uploads\/2025\/11\/PAQ644.webp","contentUrl":"https:\/\/elkaminante.com.uy\/wp-content\/uploads\/2025\/11\/PAQ644.webp","width":800,"height":457},{"@type":"BreadcrumbList","@id":"https:\/\/elkaminante.com.uy\/paquetes\/aquiraz-brasil\/#breadcrumb","itemListElement":[{"@type":"ListItem","position":1,"name":"Inicio","item":"https:\/\/elkaminante.com.uy\/en\/"},{"@type":"ListItem","position":2,"name":"Viajes por el mundo","item":"https:\/\/elkaminante.com.uy\/en\/paquetes\/"},{"@type":"ListItem","position":3,"name":"Aquiraz Brasil"}]},{"@type":"WebSite","@id":"https:\/\/elkaminante.com.uy\/#website","url":"https:\/\/elkaminante.com.uy\/","name":"El Kaminante","description":"Viajes &amp; Turismo","publisher":{"@id":"https:\/\/elkaminante.com.uy\/#organization"},"potentialAction":[{"@type":"SearchAction","target":{"@type":"EntryPoint","urlTemplate":"https:\/\/elkaminante.com.uy\/?s={search_term_string}"},"query-input":{"@type":"PropertyValueSpecification","valueRequired":true,"valueName":"search_term_string"}}],"inLanguage":"en-US"},{"@type":"Organization","@id":"https:\/\/elkaminante.com.uy\/#organization","name":"El Kaminante","url":"https:\/\/elkaminante.com.uy\/","logo":{"@type":"ImageObject","inLanguage":"en-US","@id":"https:\/\/elkaminante.com.uy\/#\/schema\/logo\/image\/","url":"https:\/\/elkaminante.com.uy\/wp-content\/uploads\/2025\/02\/logo-elkaminante-blanco.svg","contentUrl":"https:\/\/elkaminante.com.uy\/wp-content\/uploads\/2025\/02\/logo-elkaminante-blanco.svg","caption":"El Kaminante"},"image":{"@id":"https:\/\/elkaminante.com.uy\/#\/schema\/logo\/image\/"}}]}},"_links":{"self":[{"href":"https:\/\/elkaminante.com.uy\/en\/wp-json\/wp\/v2\/product\/12230","targetHints":{"allow":["GET"]}}],"collection":[{"href":"https:\/\/elkaminante.com.uy\/en\/wp-json\/wp\/v2\/product"}],"about":[{"href":"https:\/\/elkaminante.com.uy\/en\/wp-json\/wp\/v2\/types\/product"}],"wp:featuredmedia":[{"embeddable":true,"href":"https:\/\/elkaminante.com.uy\/en\/wp-json\/wp\/v2\/media\/12228"}],"wp:attachment":[{"href":"https:\/\/elkaminante.com.uy\/en\/wp-json\/wp\/v2\/media?parent=12230"}],"wp:term":[{"taxonomy":"product_brand","embeddable":true,"href":"https:\/\/elkaminante.com.uy\/en\/wp-json\/wp\/v2\/product_brand?post=12230"},{"taxonomy":"product_cat","embeddable":true,"href":"https:\/\/elkaminante.com.uy\/en\/wp-json\/wp\/v2\/product_cat?post=12230"},{"taxonomy":"product_tag","embeddable":true,"href":"https:\/\/elkaminante.com.uy\/en\/wp-json\/wp\/v2\/product_tag?post=12230"}],"curies":[{"name":"wp","href":"https:\/\/api.w.org\/{rel}","templated":true}]}}