{"id":12215,"date":"2025-10-31T15:41:36","date_gmt":"2025-10-31T18:41:36","guid":{"rendered":"https:\/\/elkaminante.com.uy\/paquetes\/hard-rock-hotel-los-cabos\/"},"modified":"2026-04-17T09:39:47","modified_gmt":"2026-04-17T12:39:47","slug":"hard-rock-hotel-los-cabos","status":"publish","type":"product","link":"https:\/\/elkaminante.com.uy\/en\/paquetes\/hard-rock-hotel-los-cabos\/","title":{"rendered":"Hard Rock Hotel Los Cabos"},"content":{"rendered":"","protected":false},"excerpt":{"rendered":"<p><b>Los Cabos<\/b> es un para\u00edso de contrastes donde el desierto se abraza con el mar, con aguas turquesas, formaciones rocosas ic\u00f3nicas y arenas doradas que se extienden a lo largo de la pen\u00ednsula de Baja California Sur. La principal atracci\u00f3n tur\u00edstica que nos propone son sus paisajes de ensue\u00f1o y experiencias al aire libre, destacando dos zonas playas representativas:<\/p>\n<p><u>Playa Costa Azul (San Jos\u00e9 del Cabo):<\/u> Ubicada en la zona m\u00e1s urbana de San Jos\u00e9 del Cabo, es una playa de arena suave y oleaje moderado, ideal para caminatas al atardecer y para familias que buscan un ambiente m\u00e1s tranquilo. Sus aguas son templadas y agradables para un ba\u00f1o relajado, con vistas hermosas al paisaje costero y al colorido malec\u00f3n de la ciudad vieja.<\/p>\n<p><u>Playa del Amor \/ Playa del Divorcio (Luna en el \u00e1rea de Las Caletas y la Pedregosa, entre Cabo San Lucas y San Jos\u00e9 del Cabo):<\/u> En esta franja se puede gozar de aguas claras y tranquilas en ciertos tramos, rodeadas de formaci\u00f3n rocosas distintivas y vegetaci\u00f3n t\u00edpica del desierto costero. Es un lugar que, adem\u00e1s de sus aguas, ofrece un escenario natural \u00fanico, ideal para tomarse fotograf\u00edas y contemplar el paisaje polarizado entre mar y desierto.<\/p>\n","protected":false},"featured_media":12213,"template":"","meta":{"_acf_changed":false,"inline_featured_image":false},"product_brand":[],"product_cat":[28,1579],"product_tag":[173,70,3765,2071,2050,62,3767,3761,163,3764,1380,65,71,121,3953,73,3762,164,61,3282,75,3763,165,119],"class_list":{"0":"post-12215","1":"product","2":"type-product","3":"status-publish","4":"has-post-thumbnail","6":"product_cat-paquetes","7":"product_cat-uruguay","8":"product_tag-all-inclusive","9":"product_tag-america-del-norte","10":"product_tag-en-los-cabos","11":"product_tag-en-mexico","12":"product_tag-en-octubre","13":"product_tag-exoticos","14":"product_tag-hard-rock-hotel-los-cabos","15":"product_tag-los-cabos","16":"product_tag-mexico","17":"product_tag-mexico-en-los-cabos","18":"product_tag-mexico-en-octubre","19":"product_tag-no-aplica","20":"product_tag-norte-america","21":"product_tag-octubre","22":"product_tag-octubre-2026all-inclusive","23":"product_tag-paquetes-a-america-del-norte","24":"product_tag-paquetes-a-los-cabos","25":"product_tag-paquetes-a-mexico","26":"product_tag-sin-destino","27":"product_tag-temporada-baja","28":"product_tag-viajes-a-america-del-norte","29":"product_tag-viajes-a-los-cabos","30":"product_tag-viajes-a-mexico","31":"product_tag-vuelo-y-hotel","32":"entry","33":"has-media","35":"first","36":"instock","37":"shipping-taxable","38":"purchasable","39":"product-type-simple"},"acf":[],"yoast_head":"<!-- This site is optimized with the Yoast SEO plugin v27.2 - https:\/\/yoast.com\/product\/yoast-seo-wordpress\/ -->\n<title>Hard Rock Hotel Los Cabos - El Kaminante<\/title>\n<meta name=\"robots\" content=\"index, follow, max-snippet:-1, max-image-preview:large, max-video-preview:-1\" \/>\n<link rel=\"canonical\" href=\"https:\/\/elkaminante.com.uy\/paquetes\/hard-rock-hotel-los-cabos\/\" \/>\n<meta property=\"og:locale\" content=\"en_US\" \/>\n<meta property=\"og:type\" content=\"article\" \/>\n<meta property=\"og:title\" content=\"Hard Rock Hotel Los Cabos - El Kaminante\" \/>\n<meta property=\"og:description\" content=\"Los Cabos es un para\u00edso de contrastes donde el desierto se abraza con el mar, con aguas turquesas, formaciones rocosas ic\u00f3nicas y arenas doradas que se extienden a lo largo de la pen\u00ednsula de Baja California Sur. La principal atracci\u00f3n tur\u00edstica que nos propone son sus paisajes de ensue\u00f1o y experiencias al aire libre, destacando dos zonas playas representativas:  Playa Costa Azul (San Jos\u00e9 del Cabo): Ubicada en la zona m\u00e1s urbana de San Jos\u00e9 del Cabo, es una playa de arena suave y oleaje moderado, ideal para caminatas al atardecer y para familias que buscan un ambiente m\u00e1s tranquilo. Sus aguas son templadas y agradables para un ba\u00f1o relajado, con vistas hermosas al paisaje costero y al colorido malec\u00f3n de la ciudad vieja.  Playa del Amor \/ Playa del Divorcio (Luna en el \u00e1rea de Las Caletas y la Pedregosa, entre Cabo San Lucas y San Jos\u00e9 del Cabo): En esta franja se puede gozar de aguas claras y tranquilas en ciertos tramos, rodeadas de formaci\u00f3n rocosas distintivas y vegetaci\u00f3n t\u00edpica del desierto costero. Es un lugar que, adem\u00e1s de sus aguas, ofrece un escenario natural \u00fanico, ideal para tomarse fotograf\u00edas y contemplar el paisaje polarizado entre mar y desierto.\" \/>\n<meta property=\"og:url\" content=\"https:\/\/elkaminante.com.uy\/paquetes\/hard-rock-hotel-los-cabos\/\" \/>\n<meta property=\"og:site_name\" content=\"El Kaminante\" \/>\n<meta property=\"article:modified_time\" content=\"2026-04-17T12:39:47+00:00\" \/>\n<meta name=\"twitter:card\" content=\"summary_large_image\" \/>\n<script type=\"application\/ld+json\" class=\"yoast-schema-graph\">{\"@context\":\"https:\/\/schema.org\",\"@graph\":[{\"@type\":\"WebPage\",\"@id\":\"https:\/\/elkaminante.com.uy\/paquetes\/hard-rock-hotel-los-cabos\/\",\"url\":\"https:\/\/elkaminante.com.uy\/paquetes\/hard-rock-hotel-los-cabos\/\",\"name\":\"Hard Rock Hotel Los Cabos - El Kaminante\",\"isPartOf\":{\"@id\":\"https:\/\/elkaminante.com.uy\/#website\"},\"primaryImageOfPage\":{\"@id\":\"https:\/\/elkaminante.com.uy\/paquetes\/hard-rock-hotel-los-cabos\/#primaryimage\"},\"image\":{\"@id\":\"https:\/\/elkaminante.com.uy\/paquetes\/hard-rock-hotel-los-cabos\/#primaryimage\"},\"thumbnailUrl\":\"https:\/\/elkaminante.com.uy\/wp-content\/uploads\/2025\/10\/PAQ642.webp\",\"datePublished\":\"2025-10-31T18:41:36+00:00\",\"dateModified\":\"2026-04-17T12:39:47+00:00\",\"breadcrumb\":{\"@id\":\"https:\/\/elkaminante.com.uy\/paquetes\/hard-rock-hotel-los-cabos\/#breadcrumb\"},\"inLanguage\":\"en-US\",\"potentialAction\":[{\"@type\":\"ReadAction\",\"target\":[\"https:\/\/elkaminante.com.uy\/paquetes\/hard-rock-hotel-los-cabos\/\"]}]},{\"@type\":\"ImageObject\",\"inLanguage\":\"en-US\",\"@id\":\"https:\/\/elkaminante.com.uy\/paquetes\/hard-rock-hotel-los-cabos\/#primaryimage\",\"url\":\"https:\/\/elkaminante.com.uy\/wp-content\/uploads\/2025\/10\/PAQ642.webp\",\"contentUrl\":\"https:\/\/elkaminante.com.uy\/wp-content\/uploads\/2025\/10\/PAQ642.webp\",\"width\":800,\"height\":457},{\"@type\":\"BreadcrumbList\",\"@id\":\"https:\/\/elkaminante.com.uy\/paquetes\/hard-rock-hotel-los-cabos\/#breadcrumb\",\"itemListElement\":[{\"@type\":\"ListItem\",\"position\":1,\"name\":\"Inicio\",\"item\":\"https:\/\/elkaminante.com.uy\/en\/\"},{\"@type\":\"ListItem\",\"position\":2,\"name\":\"Viajes por el mundo\",\"item\":\"https:\/\/elkaminante.com.uy\/en\/paquetes\/\"},{\"@type\":\"ListItem\",\"position\":3,\"name\":\"Hard Rock Hotel Los Cabos\"}]},{\"@type\":\"WebSite\",\"@id\":\"https:\/\/elkaminante.com.uy\/#website\",\"url\":\"https:\/\/elkaminante.com.uy\/\",\"name\":\"El Kaminante\",\"description\":\"Viajes &amp; Turismo\",\"publisher\":{\"@id\":\"https:\/\/elkaminante.com.uy\/#organization\"},\"potentialAction\":[{\"@type\":\"SearchAction\",\"target\":{\"@type\":\"EntryPoint\",\"urlTemplate\":\"https:\/\/elkaminante.com.uy\/?s={search_term_string}\"},\"query-input\":{\"@type\":\"PropertyValueSpecification\",\"valueRequired\":true,\"valueName\":\"search_term_string\"}}],\"inLanguage\":\"en-US\"},{\"@type\":\"Organization\",\"@id\":\"https:\/\/elkaminante.com.uy\/#organization\",\"name\":\"El Kaminante\",\"url\":\"https:\/\/elkaminante.com.uy\/\",\"logo\":{\"@type\":\"ImageObject\",\"inLanguage\":\"en-US\",\"@id\":\"https:\/\/elkaminante.com.uy\/#\/schema\/logo\/image\/\",\"url\":\"https:\/\/elkaminante.com.uy\/wp-content\/uploads\/2025\/02\/logo-elkaminante-blanco.svg\",\"contentUrl\":\"https:\/\/elkaminante.com.uy\/wp-content\/uploads\/2025\/02\/logo-elkaminante-blanco.svg\",\"caption\":\"El Kaminante\"},\"image\":{\"@id\":\"https:\/\/elkaminante.com.uy\/#\/schema\/logo\/image\/\"}}]}<\/script>\n<!-- \/ Yoast SEO plugin. -->","yoast_head_json":{"title":"Hard Rock Hotel Los Cabos - El Kaminante","robots":{"index":"index","follow":"follow","max-snippet":"max-snippet:-1","max-image-preview":"max-image-preview:large","max-video-preview":"max-video-preview:-1"},"canonical":"https:\/\/elkaminante.com.uy\/paquetes\/hard-rock-hotel-los-cabos\/","og_locale":"en_US","og_type":"article","og_title":"Hard Rock Hotel Los Cabos - El Kaminante","og_description":"Los Cabos es un para\u00edso de contrastes donde el desierto se abraza con el mar, con aguas turquesas, formaciones rocosas ic\u00f3nicas y arenas doradas que se extienden a lo largo de la pen\u00ednsula de Baja California Sur. La principal atracci\u00f3n tur\u00edstica que nos propone son sus paisajes de ensue\u00f1o y experiencias al aire libre, destacando dos zonas playas representativas:  Playa Costa Azul (San Jos\u00e9 del Cabo): Ubicada en la zona m\u00e1s urbana de San Jos\u00e9 del Cabo, es una playa de arena suave y oleaje moderado, ideal para caminatas al atardecer y para familias que buscan un ambiente m\u00e1s tranquilo. Sus aguas son templadas y agradables para un ba\u00f1o relajado, con vistas hermosas al paisaje costero y al colorido malec\u00f3n de la ciudad vieja.  Playa del Amor \/ Playa del Divorcio (Luna en el \u00e1rea de Las Caletas y la Pedregosa, entre Cabo San Lucas y San Jos\u00e9 del Cabo): En esta franja se puede gozar de aguas claras y tranquilas en ciertos tramos, rodeadas de formaci\u00f3n rocosas distintivas y vegetaci\u00f3n t\u00edpica del desierto costero. Es un lugar que, adem\u00e1s de sus aguas, ofrece un escenario natural \u00fanico, ideal para tomarse fotograf\u00edas y contemplar el paisaje polarizado entre mar y desierto.","og_url":"https:\/\/elkaminante.com.uy\/paquetes\/hard-rock-hotel-los-cabos\/","og_site_name":"El Kaminante","article_modified_time":"2026-04-17T12:39:47+00:00","twitter_card":"summary_large_image","schema":{"@context":"https:\/\/schema.org","@graph":[{"@type":"WebPage","@id":"https:\/\/elkaminante.com.uy\/paquetes\/hard-rock-hotel-los-cabos\/","url":"https:\/\/elkaminante.com.uy\/paquetes\/hard-rock-hotel-los-cabos\/","name":"Hard Rock Hotel Los Cabos - El Kaminante","isPartOf":{"@id":"https:\/\/elkaminante.com.uy\/#website"},"primaryImageOfPage":{"@id":"https:\/\/elkaminante.com.uy\/paquetes\/hard-rock-hotel-los-cabos\/#primaryimage"},"image":{"@id":"https:\/\/elkaminante.com.uy\/paquetes\/hard-rock-hotel-los-cabos\/#primaryimage"},"thumbnailUrl":"https:\/\/elkaminante.com.uy\/wp-content\/uploads\/2025\/10\/PAQ642.webp","datePublished":"2025-10-31T18:41:36+00:00","dateModified":"2026-04-17T12:39:47+00:00","breadcrumb":{"@id":"https:\/\/elkaminante.com.uy\/paquetes\/hard-rock-hotel-los-cabos\/#breadcrumb"},"inLanguage":"en-US","potentialAction":[{"@type":"ReadAction","target":["https:\/\/elkaminante.com.uy\/paquetes\/hard-rock-hotel-los-cabos\/"]}]},{"@type":"ImageObject","inLanguage":"en-US","@id":"https:\/\/elkaminante.com.uy\/paquetes\/hard-rock-hotel-los-cabos\/#primaryimage","url":"https:\/\/elkaminante.com.uy\/wp-content\/uploads\/2025\/10\/PAQ642.webp","contentUrl":"https:\/\/elkaminante.com.uy\/wp-content\/uploads\/2025\/10\/PAQ642.webp","width":800,"height":457},{"@type":"BreadcrumbList","@id":"https:\/\/elkaminante.com.uy\/paquetes\/hard-rock-hotel-los-cabos\/#breadcrumb","itemListElement":[{"@type":"ListItem","position":1,"name":"Inicio","item":"https:\/\/elkaminante.com.uy\/en\/"},{"@type":"ListItem","position":2,"name":"Viajes por el mundo","item":"https:\/\/elkaminante.com.uy\/en\/paquetes\/"},{"@type":"ListItem","position":3,"name":"Hard Rock Hotel Los Cabos"}]},{"@type":"WebSite","@id":"https:\/\/elkaminante.com.uy\/#website","url":"https:\/\/elkaminante.com.uy\/","name":"El Kaminante","description":"Viajes &amp; Turismo","publisher":{"@id":"https:\/\/elkaminante.com.uy\/#organization"},"potentialAction":[{"@type":"SearchAction","target":{"@type":"EntryPoint","urlTemplate":"https:\/\/elkaminante.com.uy\/?s={search_term_string}"},"query-input":{"@type":"PropertyValueSpecification","valueRequired":true,"valueName":"search_term_string"}}],"inLanguage":"en-US"},{"@type":"Organization","@id":"https:\/\/elkaminante.com.uy\/#organization","name":"El Kaminante","url":"https:\/\/elkaminante.com.uy\/","logo":{"@type":"ImageObject","inLanguage":"en-US","@id":"https:\/\/elkaminante.com.uy\/#\/schema\/logo\/image\/","url":"https:\/\/elkaminante.com.uy\/wp-content\/uploads\/2025\/02\/logo-elkaminante-blanco.svg","contentUrl":"https:\/\/elkaminante.com.uy\/wp-content\/uploads\/2025\/02\/logo-elkaminante-blanco.svg","caption":"El Kaminante"},"image":{"@id":"https:\/\/elkaminante.com.uy\/#\/schema\/logo\/image\/"}}]}},"_links":{"self":[{"href":"https:\/\/elkaminante.com.uy\/en\/wp-json\/wp\/v2\/product\/12215","targetHints":{"allow":["GET"]}}],"collection":[{"href":"https:\/\/elkaminante.com.uy\/en\/wp-json\/wp\/v2\/product"}],"about":[{"href":"https:\/\/elkaminante.com.uy\/en\/wp-json\/wp\/v2\/types\/product"}],"wp:featuredmedia":[{"embeddable":true,"href":"https:\/\/elkaminante.com.uy\/en\/wp-json\/wp\/v2\/media\/12213"}],"wp:attachment":[{"href":"https:\/\/elkaminante.com.uy\/en\/wp-json\/wp\/v2\/media?parent=12215"}],"wp:term":[{"taxonomy":"product_brand","embeddable":true,"href":"https:\/\/elkaminante.com.uy\/en\/wp-json\/wp\/v2\/product_brand?post=12215"},{"taxonomy":"product_cat","embeddable":true,"href":"https:\/\/elkaminante.com.uy\/en\/wp-json\/wp\/v2\/product_cat?post=12215"},{"taxonomy":"product_tag","embeddable":true,"href":"https:\/\/elkaminante.com.uy\/en\/wp-json\/wp\/v2\/product_tag?post=12215"}],"curies":[{"name":"wp","href":"https:\/\/api.w.org\/{rel}","templated":true}]}}