{"id":12146,"date":"2025-09-27T18:18:48","date_gmt":"2025-09-27T21:18:48","guid":{"rendered":"https:\/\/elkaminante.com.uy\/paquetes\/madrid-y-uzbekistan\/"},"modified":"2026-05-08T11:03:47","modified_gmt":"2026-05-08T14:03:47","slug":"madrid-y-uzbekistan","status":"publish","type":"product","link":"https:\/\/elkaminante.com.uy\/en\/paquetes\/madrid-y-uzbekistan\/","title":{"rendered":"Madrid y Uzbekistan"},"content":{"rendered":"","protected":false},"excerpt":{"rendered":"<p>Uzbekist\u00e1n es la Ruta de la Seda hecha palabra: un crisol de historia y color donde las ciudades de ladrillo y azulejos cuentan historias milenarias y el desierto se abraza con oasis verdes. Es un pa\u00eds que fusiona tradici\u00f3n y modernidad, y recibe al viajero con una hospitalidad que se siente en cada encuentro y en cada sabor.<\/p>\n<p>Samarcanda resplandece con c\u00fapulas azules y plazas que parecen obras de arte viviente. El Registan, las madrasas y los mercados son un poema de mosaicos, madera tallada y telas que ondean al ritmo de la historia.<\/p>\n<p>Bujar\u00e1 y Jiva completan el tri\u00e1ngulo de ciudades que sostienen el tiempo: callejones estrechos, mausoleos y bazares donde las especias y la plata tejen recuerdos. Subir a las murallas o perderse en los laberintos invita a descubrir un pasado que late con fuerza en el presente.<\/p>\n<p>La naturaleza tambi\u00e9n escribe su parte: desiertos dorados, valles y oasis que invitan a la contemplaci\u00f3n y la pausa. La gastronom\u00eda\u2014pilaf, samsas y t\u00e9s\u2014convierten cada paso en un rito de hospitalidad.<\/p>\n<p>Vivir o viajar por Uzbekist\u00e1n es abrazar un destino que no solo se visita, sino que se siente: un puente entre pasado y presente, donde cada encuentro se transforma en una memoria compartida.<\/p>\n","protected":false},"featured_media":12144,"template":"","meta":{"_acf_changed":false,"inline_featured_image":false},"product_brand":[],"product_cat":[28,1579],"product_tag":[392,64,2018,3266,1634,62,117,3267,278,3263,65,395,3261,3242,120,61,3260,3264,3265,397,3262,63],"class_list":{"0":"post-12146","1":"product","2":"type-product","3":"status-publish","4":"has-post-thumbnail","6":"product_cat-paquetes","7":"product_cat-uruguay","8":"product_tag-asia","9":"product_tag-desayuno","10":"product_tag-en-mayo","11":"product_tag-en-uzbekistan","12":"product_tag-exhotico","13":"product_tag-exoticos","14":"product_tag-madrid","15":"product_tag-madrid-y-uzbekistan","16":"product_tag-mayo","17":"product_tag-mayo-2025exoticos","18":"product_tag-no-aplica","19":"product_tag-paquetes-a-asia","20":"product_tag-paquetes-a-uzbekistan","21":"product_tag-paquetes-tui","22":"product_tag-sin-comidas","23":"product_tag-sin-destino","24":"product_tag-uzbekistan","25":"product_tag-uzbekistan-en-mayo","26":"product_tag-uzbekistan-en-uzbekistan","27":"product_tag-viajes-a-asia","28":"product_tag-viajes-a-uzbekistan","29":"product_tag-vuelo-y-circuito","30":"entry","31":"has-media","33":"first","34":"instock","35":"shipping-taxable","36":"purchasable","37":"product-type-simple"},"acf":[],"yoast_head":"<!-- This site is optimized with the Yoast SEO plugin v27.2 - https:\/\/yoast.com\/product\/yoast-seo-wordpress\/ -->\n<title>Madrid y Uzbekistan - El Kaminante<\/title>\n<meta name=\"robots\" content=\"index, follow, max-snippet:-1, max-image-preview:large, max-video-preview:-1\" \/>\n<link rel=\"canonical\" href=\"https:\/\/elkaminante.com.uy\/paquetes\/madrid-y-uzbekistan\/\" \/>\n<meta property=\"og:locale\" content=\"en_US\" \/>\n<meta property=\"og:type\" content=\"article\" \/>\n<meta property=\"og:title\" content=\"Madrid y Uzbekistan - El Kaminante\" \/>\n<meta property=\"og:description\" content=\"Uzbekist\u00e1n es la Ruta de la Seda hecha palabra: un crisol de historia y color donde las ciudades de ladrillo y azulejos cuentan historias milenarias y el desierto se abraza con oasis verdes. Es un pa\u00eds que fusiona tradici\u00f3n y modernidad, y recibe al viajero con una hospitalidad que se siente en cada encuentro y en cada sabor.  Samarcanda resplandece con c\u00fapulas azules y plazas que parecen obras de arte viviente. El Registan, las madrasas y los mercados son un poema de mosaicos, madera tallada y telas que ondean al ritmo de la historia.  Bujar\u00e1 y Jiva completan el tri\u00e1ngulo de ciudades que sostienen el tiempo: callejones estrechos, mausoleos y bazares donde las especias y la plata tejen recuerdos. Subir a las murallas o perderse en los laberintos invita a descubrir un pasado que late con fuerza en el presente.  La naturaleza tambi\u00e9n escribe su parte: desiertos dorados, valles y oasis que invitan a la contemplaci\u00f3n y la pausa. La gastronom\u00eda\u2014pilaf, samsas y t\u00e9s\u2014convierten cada paso en un rito de hospitalidad.  Vivir o viajar por Uzbekist\u00e1n es abrazar un destino que no solo se visita, sino que se siente: un puente entre pasado y presente, donde cada encuentro se transforma en una memoria compartida.\" \/>\n<meta property=\"og:url\" content=\"https:\/\/elkaminante.com.uy\/paquetes\/madrid-y-uzbekistan\/\" \/>\n<meta property=\"og:site_name\" content=\"El Kaminante\" \/>\n<meta property=\"article:modified_time\" content=\"2026-05-08T14:03:47+00:00\" \/>\n<meta name=\"twitter:card\" content=\"summary_large_image\" \/>\n<script type=\"application\/ld+json\" class=\"yoast-schema-graph\">{\"@context\":\"https:\/\/schema.org\",\"@graph\":[{\"@type\":\"WebPage\",\"@id\":\"https:\/\/elkaminante.com.uy\/paquetes\/madrid-y-uzbekistan\/\",\"url\":\"https:\/\/elkaminante.com.uy\/paquetes\/madrid-y-uzbekistan\/\",\"name\":\"Madrid y Uzbekistan - El Kaminante\",\"isPartOf\":{\"@id\":\"https:\/\/elkaminante.com.uy\/#website\"},\"primaryImageOfPage\":{\"@id\":\"https:\/\/elkaminante.com.uy\/paquetes\/madrid-y-uzbekistan\/#primaryimage\"},\"image\":{\"@id\":\"https:\/\/elkaminante.com.uy\/paquetes\/madrid-y-uzbekistan\/#primaryimage\"},\"thumbnailUrl\":\"https:\/\/elkaminante.com.uy\/wp-content\/uploads\/2025\/09\/PAQ636.webp\",\"datePublished\":\"2025-09-27T21:18:48+00:00\",\"dateModified\":\"2026-05-08T14:03:47+00:00\",\"breadcrumb\":{\"@id\":\"https:\/\/elkaminante.com.uy\/paquetes\/madrid-y-uzbekistan\/#breadcrumb\"},\"inLanguage\":\"en-US\",\"potentialAction\":[{\"@type\":\"ReadAction\",\"target\":[\"https:\/\/elkaminante.com.uy\/paquetes\/madrid-y-uzbekistan\/\"]}]},{\"@type\":\"ImageObject\",\"inLanguage\":\"en-US\",\"@id\":\"https:\/\/elkaminante.com.uy\/paquetes\/madrid-y-uzbekistan\/#primaryimage\",\"url\":\"https:\/\/elkaminante.com.uy\/wp-content\/uploads\/2025\/09\/PAQ636.webp\",\"contentUrl\":\"https:\/\/elkaminante.com.uy\/wp-content\/uploads\/2025\/09\/PAQ636.webp\",\"width\":800,\"height\":457},{\"@type\":\"BreadcrumbList\",\"@id\":\"https:\/\/elkaminante.com.uy\/paquetes\/madrid-y-uzbekistan\/#breadcrumb\",\"itemListElement\":[{\"@type\":\"ListItem\",\"position\":1,\"name\":\"Inicio\",\"item\":\"https:\/\/elkaminante.com.uy\/en\/\"},{\"@type\":\"ListItem\",\"position\":2,\"name\":\"Viajes por el mundo\",\"item\":\"https:\/\/elkaminante.com.uy\/en\/paquetes\/\"},{\"@type\":\"ListItem\",\"position\":3,\"name\":\"Madrid y Uzbekistan\"}]},{\"@type\":\"WebSite\",\"@id\":\"https:\/\/elkaminante.com.uy\/#website\",\"url\":\"https:\/\/elkaminante.com.uy\/\",\"name\":\"El Kaminante\",\"description\":\"Viajes &amp; Turismo\",\"publisher\":{\"@id\":\"https:\/\/elkaminante.com.uy\/#organization\"},\"potentialAction\":[{\"@type\":\"SearchAction\",\"target\":{\"@type\":\"EntryPoint\",\"urlTemplate\":\"https:\/\/elkaminante.com.uy\/?s={search_term_string}\"},\"query-input\":{\"@type\":\"PropertyValueSpecification\",\"valueRequired\":true,\"valueName\":\"search_term_string\"}}],\"inLanguage\":\"en-US\"},{\"@type\":\"Organization\",\"@id\":\"https:\/\/elkaminante.com.uy\/#organization\",\"name\":\"El Kaminante\",\"url\":\"https:\/\/elkaminante.com.uy\/\",\"logo\":{\"@type\":\"ImageObject\",\"inLanguage\":\"en-US\",\"@id\":\"https:\/\/elkaminante.com.uy\/#\/schema\/logo\/image\/\",\"url\":\"https:\/\/elkaminante.com.uy\/wp-content\/uploads\/2025\/02\/logo-elkaminante-blanco.svg\",\"contentUrl\":\"https:\/\/elkaminante.com.uy\/wp-content\/uploads\/2025\/02\/logo-elkaminante-blanco.svg\",\"caption\":\"El Kaminante\"},\"image\":{\"@id\":\"https:\/\/elkaminante.com.uy\/#\/schema\/logo\/image\/\"}}]}<\/script>\n<!-- \/ Yoast SEO plugin. -->","yoast_head_json":{"title":"Madrid y Uzbekistan - El Kaminante","robots":{"index":"index","follow":"follow","max-snippet":"max-snippet:-1","max-image-preview":"max-image-preview:large","max-video-preview":"max-video-preview:-1"},"canonical":"https:\/\/elkaminante.com.uy\/paquetes\/madrid-y-uzbekistan\/","og_locale":"en_US","og_type":"article","og_title":"Madrid y Uzbekistan - El Kaminante","og_description":"Uzbekist\u00e1n es la Ruta de la Seda hecha palabra: un crisol de historia y color donde las ciudades de ladrillo y azulejos cuentan historias milenarias y el desierto se abraza con oasis verdes. Es un pa\u00eds que fusiona tradici\u00f3n y modernidad, y recibe al viajero con una hospitalidad que se siente en cada encuentro y en cada sabor.  Samarcanda resplandece con c\u00fapulas azules y plazas que parecen obras de arte viviente. El Registan, las madrasas y los mercados son un poema de mosaicos, madera tallada y telas que ondean al ritmo de la historia.  Bujar\u00e1 y Jiva completan el tri\u00e1ngulo de ciudades que sostienen el tiempo: callejones estrechos, mausoleos y bazares donde las especias y la plata tejen recuerdos. Subir a las murallas o perderse en los laberintos invita a descubrir un pasado que late con fuerza en el presente.  La naturaleza tambi\u00e9n escribe su parte: desiertos dorados, valles y oasis que invitan a la contemplaci\u00f3n y la pausa. La gastronom\u00eda\u2014pilaf, samsas y t\u00e9s\u2014convierten cada paso en un rito de hospitalidad.  Vivir o viajar por Uzbekist\u00e1n es abrazar un destino que no solo se visita, sino que se siente: un puente entre pasado y presente, donde cada encuentro se transforma en una memoria compartida.","og_url":"https:\/\/elkaminante.com.uy\/paquetes\/madrid-y-uzbekistan\/","og_site_name":"El Kaminante","article_modified_time":"2026-05-08T14:03:47+00:00","twitter_card":"summary_large_image","schema":{"@context":"https:\/\/schema.org","@graph":[{"@type":"WebPage","@id":"https:\/\/elkaminante.com.uy\/paquetes\/madrid-y-uzbekistan\/","url":"https:\/\/elkaminante.com.uy\/paquetes\/madrid-y-uzbekistan\/","name":"Madrid y Uzbekistan - El Kaminante","isPartOf":{"@id":"https:\/\/elkaminante.com.uy\/#website"},"primaryImageOfPage":{"@id":"https:\/\/elkaminante.com.uy\/paquetes\/madrid-y-uzbekistan\/#primaryimage"},"image":{"@id":"https:\/\/elkaminante.com.uy\/paquetes\/madrid-y-uzbekistan\/#primaryimage"},"thumbnailUrl":"https:\/\/elkaminante.com.uy\/wp-content\/uploads\/2025\/09\/PAQ636.webp","datePublished":"2025-09-27T21:18:48+00:00","dateModified":"2026-05-08T14:03:47+00:00","breadcrumb":{"@id":"https:\/\/elkaminante.com.uy\/paquetes\/madrid-y-uzbekistan\/#breadcrumb"},"inLanguage":"en-US","potentialAction":[{"@type":"ReadAction","target":["https:\/\/elkaminante.com.uy\/paquetes\/madrid-y-uzbekistan\/"]}]},{"@type":"ImageObject","inLanguage":"en-US","@id":"https:\/\/elkaminante.com.uy\/paquetes\/madrid-y-uzbekistan\/#primaryimage","url":"https:\/\/elkaminante.com.uy\/wp-content\/uploads\/2025\/09\/PAQ636.webp","contentUrl":"https:\/\/elkaminante.com.uy\/wp-content\/uploads\/2025\/09\/PAQ636.webp","width":800,"height":457},{"@type":"BreadcrumbList","@id":"https:\/\/elkaminante.com.uy\/paquetes\/madrid-y-uzbekistan\/#breadcrumb","itemListElement":[{"@type":"ListItem","position":1,"name":"Inicio","item":"https:\/\/elkaminante.com.uy\/en\/"},{"@type":"ListItem","position":2,"name":"Viajes por el mundo","item":"https:\/\/elkaminante.com.uy\/en\/paquetes\/"},{"@type":"ListItem","position":3,"name":"Madrid y Uzbekistan"}]},{"@type":"WebSite","@id":"https:\/\/elkaminante.com.uy\/#website","url":"https:\/\/elkaminante.com.uy\/","name":"El Kaminante","description":"Viajes &amp; Turismo","publisher":{"@id":"https:\/\/elkaminante.com.uy\/#organization"},"potentialAction":[{"@type":"SearchAction","target":{"@type":"EntryPoint","urlTemplate":"https:\/\/elkaminante.com.uy\/?s={search_term_string}"},"query-input":{"@type":"PropertyValueSpecification","valueRequired":true,"valueName":"search_term_string"}}],"inLanguage":"en-US"},{"@type":"Organization","@id":"https:\/\/elkaminante.com.uy\/#organization","name":"El Kaminante","url":"https:\/\/elkaminante.com.uy\/","logo":{"@type":"ImageObject","inLanguage":"en-US","@id":"https:\/\/elkaminante.com.uy\/#\/schema\/logo\/image\/","url":"https:\/\/elkaminante.com.uy\/wp-content\/uploads\/2025\/02\/logo-elkaminante-blanco.svg","contentUrl":"https:\/\/elkaminante.com.uy\/wp-content\/uploads\/2025\/02\/logo-elkaminante-blanco.svg","caption":"El Kaminante"},"image":{"@id":"https:\/\/elkaminante.com.uy\/#\/schema\/logo\/image\/"}}]}},"_links":{"self":[{"href":"https:\/\/elkaminante.com.uy\/en\/wp-json\/wp\/v2\/product\/12146","targetHints":{"allow":["GET"]}}],"collection":[{"href":"https:\/\/elkaminante.com.uy\/en\/wp-json\/wp\/v2\/product"}],"about":[{"href":"https:\/\/elkaminante.com.uy\/en\/wp-json\/wp\/v2\/types\/product"}],"wp:featuredmedia":[{"embeddable":true,"href":"https:\/\/elkaminante.com.uy\/en\/wp-json\/wp\/v2\/media\/12144"}],"wp:attachment":[{"href":"https:\/\/elkaminante.com.uy\/en\/wp-json\/wp\/v2\/media?parent=12146"}],"wp:term":[{"taxonomy":"product_brand","embeddable":true,"href":"https:\/\/elkaminante.com.uy\/en\/wp-json\/wp\/v2\/product_brand?post=12146"},{"taxonomy":"product_cat","embeddable":true,"href":"https:\/\/elkaminante.com.uy\/en\/wp-json\/wp\/v2\/product_cat?post=12146"},{"taxonomy":"product_tag","embeddable":true,"href":"https:\/\/elkaminante.com.uy\/en\/wp-json\/wp\/v2\/product_tag?post=12146"}],"curies":[{"name":"wp","href":"https:\/\/api.w.org\/{rel}","templated":true}]}}