{"id":11889,"date":"2025-06-16T20:24:07","date_gmt":"2025-06-16T23:24:07","guid":{"rendered":"https:\/\/elkaminante.com.uy\/paquetes\/cartagena-y-san-andres\/"},"modified":"2026-04-26T16:46:46","modified_gmt":"2026-04-26T19:46:46","slug":"cartagena-y-san-andres","status":"publish","type":"product","link":"https:\/\/elkaminante.com.uy\/en\/paquetes\/cartagena-y-san-andres\/","title":{"rendered":"Cartagena y San Andres"},"content":{"rendered":"","protected":false},"excerpt":{"rendered":"<p>Unas de las mejores playas del Caribe, un mar azul pero que tambi\u00e9n es verde y de tonos lila, y gente llena de amabilidad\u2026 es uno de los encantos naturales de la Isla de <b>San Andr\u00e9s<\/b>, ubicada en el Caribe Colombiano. En este peque\u00f1o para\u00edso las influencias de ingleses, espa\u00f1oles, piratas y corsarios se mezclaron con el pueblo afro para dar como resultado una cultura de mucha riqueza. <i>Principales atractivos tur\u00edsticos:<\/i>las playas de Spratt Bright, Sound Bay, Cocoplum, Rocky Cay, Haynes Cay, Rose Cay, el Jard\u00edn Bot\u00e1nico, el Tour Mantarraya, el parque Westview, la Cueva de la Sirena y la Cueva del Pirata Morgan, entre otros.<\/p>\n<p>Cartagena de Indias o <b>Cartagena<\/b> es un distrito tur\u00edstico y cultural que se encuentra localizado en el departamento de Bol\u00edvar, a orillas del mar Caribe. En Colombia, se encuentra al norte del pa\u00eds, contempla a su alrededor varios archipi\u00e9lagos e islas que son para\u00edsos para un verdadero descanso. Esta ciudad suma a sus encantos los atractivos de una intensa vida nocturna, festivales culturales y paisajes exuberantes. Las playas de la ciudad te invitan a hacer turismo, descansar y divertirte con la refrescante brisa y las tibias aguas del mar.<i>Principales atractivos tur\u00edsticos:<\/i>Castillo de San Felipe de Barajas, Monumento Torre del Reloj, la Plaza de Santo Domingo, el Santuario de San Pedro Claver, las B\u00f3vedas y la Ciudad Amurallada entre otros.<\/p>\n","protected":false},"featured_media":11887,"template":"","meta":{"_acf_changed":false,"inline_featured_image":false},"product_brand":[],"product_cat":[28,1579],"product_tag":[173,88,34,328,3696,329,487,557,64,2116,2050,2172,65,121,3953,91,332,330,554,177,553,61,89,3282,93,333,331,555,178,119],"class_list":{"0":"post-11889","1":"product","2":"type-product","3":"status-publish","4":"has-post-thumbnail","6":"product_cat-paquetes","7":"product_cat-uruguay","8":"product_tag-all-inclusive","9":"product_tag-america-del-sur","10":"product_tag-caribe","11":"product_tag-cartagena","12":"product_tag-cartagena-y-san-andres","13":"product_tag-colombia","14":"product_tag-colombia-en-octubre","15":"product_tag-colombia-en-san-andres","16":"product_tag-desayuno","17":"product_tag-en-colombia","18":"product_tag-en-octubre","19":"product_tag-en-san-andres","20":"product_tag-no-aplica","21":"product_tag-octubre","22":"product_tag-octubre-2026all-inclusive","23":"product_tag-paquetes-a-america-del-sur","24":"product_tag-paquetes-a-cartagena","25":"product_tag-paquetes-a-colombia","26":"product_tag-paquetes-a-san-andres","27":"product_tag-paquetes-al-caribe","28":"product_tag-san-andres","29":"product_tag-sin-destino","30":"product_tag-sudamerica","31":"product_tag-temporada-baja","32":"product_tag-viajes-a-america-del-sur","33":"product_tag-viajes-a-cartagena","34":"product_tag-viajes-a-colombia","35":"product_tag-viajes-a-san-andres","36":"product_tag-viajes-al-caribe","37":"product_tag-vuelo-y-hotel","38":"entry","39":"has-media","41":"first","42":"instock","43":"shipping-taxable","44":"purchasable","45":"product-type-simple"},"acf":[],"yoast_head":"<!-- This site is optimized with the Yoast SEO plugin v27.2 - https:\/\/yoast.com\/product\/yoast-seo-wordpress\/ -->\n<title>Cartagena y San Andres - El Kaminante<\/title>\n<meta name=\"robots\" content=\"index, follow, max-snippet:-1, max-image-preview:large, max-video-preview:-1\" \/>\n<link rel=\"canonical\" href=\"https:\/\/elkaminante.com.uy\/paquetes\/cartagena-y-san-andres\/\" \/>\n<meta property=\"og:locale\" content=\"en_US\" \/>\n<meta property=\"og:type\" content=\"article\" \/>\n<meta property=\"og:title\" content=\"Cartagena y San Andres - El Kaminante\" \/>\n<meta property=\"og:description\" content=\"Unas de las mejores playas del Caribe, un mar azul pero que tambi\u00e9n es verde y de tonos lila, y gente llena de amabilidad\u2026 es uno de los encantos naturales de la Isla de San Andr\u00e9s, ubicada en el Caribe Colombiano. En este peque\u00f1o para\u00edso las influencias de ingleses, espa\u00f1oles, piratas y corsarios se mezclaron con el pueblo afro para dar como resultado una cultura de mucha riqueza. Principales atractivos tur\u00edsticos:las playas de Spratt Bright, Sound Bay, Cocoplum, Rocky Cay, Haynes Cay, Rose Cay, el Jard\u00edn Bot\u00e1nico, el Tour Mantarraya, el parque Westview, la Cueva de la Sirena y la Cueva del Pirata Morgan, entre otros. Cartagena de Indias o Cartagena es un distrito tur\u00edstico y cultural que se encuentra localizado en el departamento de Bol\u00edvar, a orillas del mar Caribe. En Colombia, se encuentra al norte del pa\u00eds, contempla a su alrededor varios archipi\u00e9lagos e islas que son para\u00edsos para un verdadero descanso. Esta ciudad suma a sus encantos los atractivos de una intensa vida nocturna, festivales culturales y paisajes exuberantes. Las playas de la ciudad te invitan a hacer turismo, descansar y divertirte con la refrescante brisa y las tibias aguas del mar.Principales atractivos tur\u00edsticos:Castillo de San Felipe de Barajas, Monumento Torre del Reloj, la Plaza de Santo Domingo, el Santuario de San Pedro Claver, las B\u00f3vedas y la Ciudad Amurallada entre otros.\" \/>\n<meta property=\"og:url\" content=\"https:\/\/elkaminante.com.uy\/paquetes\/cartagena-y-san-andres\/\" \/>\n<meta property=\"og:site_name\" content=\"El Kaminante\" \/>\n<meta property=\"article:modified_time\" content=\"2026-04-26T19:46:46+00:00\" \/>\n<meta property=\"og:image\" content=\"https:\/\/elkaminante.com.uy\/wp-content\/uploads\/2025\/06\/PAQ597.webp\" \/>\n\t<meta property=\"og:image:width\" content=\"800\" \/>\n\t<meta property=\"og:image:height\" content=\"457\" \/>\n\t<meta property=\"og:image:type\" content=\"image\/webp\" \/>\n<meta name=\"twitter:card\" content=\"summary_large_image\" \/>\n<script type=\"application\/ld+json\" class=\"yoast-schema-graph\">{\"@context\":\"https:\/\/schema.org\",\"@graph\":[{\"@type\":\"WebPage\",\"@id\":\"https:\/\/elkaminante.com.uy\/paquetes\/cartagena-y-san-andres\/\",\"url\":\"https:\/\/elkaminante.com.uy\/paquetes\/cartagena-y-san-andres\/\",\"name\":\"Cartagena y San Andres - El Kaminante\",\"isPartOf\":{\"@id\":\"https:\/\/elkaminante.com.uy\/#website\"},\"primaryImageOfPage\":{\"@id\":\"https:\/\/elkaminante.com.uy\/paquetes\/cartagena-y-san-andres\/#primaryimage\"},\"image\":{\"@id\":\"https:\/\/elkaminante.com.uy\/paquetes\/cartagena-y-san-andres\/#primaryimage\"},\"thumbnailUrl\":\"https:\/\/elkaminante.com.uy\/wp-content\/uploads\/2025\/06\/PAQ597.webp\",\"datePublished\":\"2025-06-16T23:24:07+00:00\",\"dateModified\":\"2026-04-26T19:46:46+00:00\",\"breadcrumb\":{\"@id\":\"https:\/\/elkaminante.com.uy\/paquetes\/cartagena-y-san-andres\/#breadcrumb\"},\"inLanguage\":\"en-US\",\"potentialAction\":[{\"@type\":\"ReadAction\",\"target\":[\"https:\/\/elkaminante.com.uy\/paquetes\/cartagena-y-san-andres\/\"]}]},{\"@type\":\"ImageObject\",\"inLanguage\":\"en-US\",\"@id\":\"https:\/\/elkaminante.com.uy\/paquetes\/cartagena-y-san-andres\/#primaryimage\",\"url\":\"https:\/\/elkaminante.com.uy\/wp-content\/uploads\/2025\/06\/PAQ597.webp\",\"contentUrl\":\"https:\/\/elkaminante.com.uy\/wp-content\/uploads\/2025\/06\/PAQ597.webp\",\"width\":800,\"height\":457},{\"@type\":\"BreadcrumbList\",\"@id\":\"https:\/\/elkaminante.com.uy\/paquetes\/cartagena-y-san-andres\/#breadcrumb\",\"itemListElement\":[{\"@type\":\"ListItem\",\"position\":1,\"name\":\"Inicio\",\"item\":\"https:\/\/elkaminante.com.uy\/en\/\"},{\"@type\":\"ListItem\",\"position\":2,\"name\":\"Viajes por el mundo\",\"item\":\"https:\/\/elkaminante.com.uy\/en\/paquetes\/\"},{\"@type\":\"ListItem\",\"position\":3,\"name\":\"Cartagena y San Andres\"}]},{\"@type\":\"WebSite\",\"@id\":\"https:\/\/elkaminante.com.uy\/#website\",\"url\":\"https:\/\/elkaminante.com.uy\/\",\"name\":\"El Kaminante\",\"description\":\"Viajes &amp; Turismo\",\"publisher\":{\"@id\":\"https:\/\/elkaminante.com.uy\/#organization\"},\"potentialAction\":[{\"@type\":\"SearchAction\",\"target\":{\"@type\":\"EntryPoint\",\"urlTemplate\":\"https:\/\/elkaminante.com.uy\/?s={search_term_string}\"},\"query-input\":{\"@type\":\"PropertyValueSpecification\",\"valueRequired\":true,\"valueName\":\"search_term_string\"}}],\"inLanguage\":\"en-US\"},{\"@type\":\"Organization\",\"@id\":\"https:\/\/elkaminante.com.uy\/#organization\",\"name\":\"El Kaminante\",\"url\":\"https:\/\/elkaminante.com.uy\/\",\"logo\":{\"@type\":\"ImageObject\",\"inLanguage\":\"en-US\",\"@id\":\"https:\/\/elkaminante.com.uy\/#\/schema\/logo\/image\/\",\"url\":\"https:\/\/elkaminante.com.uy\/wp-content\/uploads\/2025\/02\/logo-elkaminante-blanco.svg\",\"contentUrl\":\"https:\/\/elkaminante.com.uy\/wp-content\/uploads\/2025\/02\/logo-elkaminante-blanco.svg\",\"caption\":\"El Kaminante\"},\"image\":{\"@id\":\"https:\/\/elkaminante.com.uy\/#\/schema\/logo\/image\/\"}}]}<\/script>\n<!-- \/ Yoast SEO plugin. -->","yoast_head_json":{"title":"Cartagena y San Andres - El Kaminante","robots":{"index":"index","follow":"follow","max-snippet":"max-snippet:-1","max-image-preview":"max-image-preview:large","max-video-preview":"max-video-preview:-1"},"canonical":"https:\/\/elkaminante.com.uy\/paquetes\/cartagena-y-san-andres\/","og_locale":"en_US","og_type":"article","og_title":"Cartagena y San Andres - El Kaminante","og_description":"Unas de las mejores playas del Caribe, un mar azul pero que tambi\u00e9n es verde y de tonos lila, y gente llena de amabilidad\u2026 es uno de los encantos naturales de la Isla de San Andr\u00e9s, ubicada en el Caribe Colombiano. En este peque\u00f1o para\u00edso las influencias de ingleses, espa\u00f1oles, piratas y corsarios se mezclaron con el pueblo afro para dar como resultado una cultura de mucha riqueza. Principales atractivos tur\u00edsticos:las playas de Spratt Bright, Sound Bay, Cocoplum, Rocky Cay, Haynes Cay, Rose Cay, el Jard\u00edn Bot\u00e1nico, el Tour Mantarraya, el parque Westview, la Cueva de la Sirena y la Cueva del Pirata Morgan, entre otros. Cartagena de Indias o Cartagena es un distrito tur\u00edstico y cultural que se encuentra localizado en el departamento de Bol\u00edvar, a orillas del mar Caribe. En Colombia, se encuentra al norte del pa\u00eds, contempla a su alrededor varios archipi\u00e9lagos e islas que son para\u00edsos para un verdadero descanso. Esta ciudad suma a sus encantos los atractivos de una intensa vida nocturna, festivales culturales y paisajes exuberantes. Las playas de la ciudad te invitan a hacer turismo, descansar y divertirte con la refrescante brisa y las tibias aguas del mar.Principales atractivos tur\u00edsticos:Castillo de San Felipe de Barajas, Monumento Torre del Reloj, la Plaza de Santo Domingo, el Santuario de San Pedro Claver, las B\u00f3vedas y la Ciudad Amurallada entre otros.","og_url":"https:\/\/elkaminante.com.uy\/paquetes\/cartagena-y-san-andres\/","og_site_name":"El Kaminante","article_modified_time":"2026-04-26T19:46:46+00:00","og_image":[{"width":800,"height":457,"url":"https:\/\/elkaminante.com.uy\/wp-content\/uploads\/2025\/06\/PAQ597.webp","type":"image\/webp"}],"twitter_card":"summary_large_image","schema":{"@context":"https:\/\/schema.org","@graph":[{"@type":"WebPage","@id":"https:\/\/elkaminante.com.uy\/paquetes\/cartagena-y-san-andres\/","url":"https:\/\/elkaminante.com.uy\/paquetes\/cartagena-y-san-andres\/","name":"Cartagena y San Andres - El Kaminante","isPartOf":{"@id":"https:\/\/elkaminante.com.uy\/#website"},"primaryImageOfPage":{"@id":"https:\/\/elkaminante.com.uy\/paquetes\/cartagena-y-san-andres\/#primaryimage"},"image":{"@id":"https:\/\/elkaminante.com.uy\/paquetes\/cartagena-y-san-andres\/#primaryimage"},"thumbnailUrl":"https:\/\/elkaminante.com.uy\/wp-content\/uploads\/2025\/06\/PAQ597.webp","datePublished":"2025-06-16T23:24:07+00:00","dateModified":"2026-04-26T19:46:46+00:00","breadcrumb":{"@id":"https:\/\/elkaminante.com.uy\/paquetes\/cartagena-y-san-andres\/#breadcrumb"},"inLanguage":"en-US","potentialAction":[{"@type":"ReadAction","target":["https:\/\/elkaminante.com.uy\/paquetes\/cartagena-y-san-andres\/"]}]},{"@type":"ImageObject","inLanguage":"en-US","@id":"https:\/\/elkaminante.com.uy\/paquetes\/cartagena-y-san-andres\/#primaryimage","url":"https:\/\/elkaminante.com.uy\/wp-content\/uploads\/2025\/06\/PAQ597.webp","contentUrl":"https:\/\/elkaminante.com.uy\/wp-content\/uploads\/2025\/06\/PAQ597.webp","width":800,"height":457},{"@type":"BreadcrumbList","@id":"https:\/\/elkaminante.com.uy\/paquetes\/cartagena-y-san-andres\/#breadcrumb","itemListElement":[{"@type":"ListItem","position":1,"name":"Inicio","item":"https:\/\/elkaminante.com.uy\/en\/"},{"@type":"ListItem","position":2,"name":"Viajes por el mundo","item":"https:\/\/elkaminante.com.uy\/en\/paquetes\/"},{"@type":"ListItem","position":3,"name":"Cartagena y San Andres"}]},{"@type":"WebSite","@id":"https:\/\/elkaminante.com.uy\/#website","url":"https:\/\/elkaminante.com.uy\/","name":"El Kaminante","description":"Viajes &amp; Turismo","publisher":{"@id":"https:\/\/elkaminante.com.uy\/#organization"},"potentialAction":[{"@type":"SearchAction","target":{"@type":"EntryPoint","urlTemplate":"https:\/\/elkaminante.com.uy\/?s={search_term_string}"},"query-input":{"@type":"PropertyValueSpecification","valueRequired":true,"valueName":"search_term_string"}}],"inLanguage":"en-US"},{"@type":"Organization","@id":"https:\/\/elkaminante.com.uy\/#organization","name":"El Kaminante","url":"https:\/\/elkaminante.com.uy\/","logo":{"@type":"ImageObject","inLanguage":"en-US","@id":"https:\/\/elkaminante.com.uy\/#\/schema\/logo\/image\/","url":"https:\/\/elkaminante.com.uy\/wp-content\/uploads\/2025\/02\/logo-elkaminante-blanco.svg","contentUrl":"https:\/\/elkaminante.com.uy\/wp-content\/uploads\/2025\/02\/logo-elkaminante-blanco.svg","caption":"El Kaminante"},"image":{"@id":"https:\/\/elkaminante.com.uy\/#\/schema\/logo\/image\/"}}]}},"_links":{"self":[{"href":"https:\/\/elkaminante.com.uy\/en\/wp-json\/wp\/v2\/product\/11889","targetHints":{"allow":["GET"]}}],"collection":[{"href":"https:\/\/elkaminante.com.uy\/en\/wp-json\/wp\/v2\/product"}],"about":[{"href":"https:\/\/elkaminante.com.uy\/en\/wp-json\/wp\/v2\/types\/product"}],"wp:featuredmedia":[{"embeddable":true,"href":"https:\/\/elkaminante.com.uy\/en\/wp-json\/wp\/v2\/media\/11887"}],"wp:attachment":[{"href":"https:\/\/elkaminante.com.uy\/en\/wp-json\/wp\/v2\/media?parent=11889"}],"wp:term":[{"taxonomy":"product_brand","embeddable":true,"href":"https:\/\/elkaminante.com.uy\/en\/wp-json\/wp\/v2\/product_brand?post=11889"},{"taxonomy":"product_cat","embeddable":true,"href":"https:\/\/elkaminante.com.uy\/en\/wp-json\/wp\/v2\/product_cat?post=11889"},{"taxonomy":"product_tag","embeddable":true,"href":"https:\/\/elkaminante.com.uy\/en\/wp-json\/wp\/v2\/product_tag?post=11889"}],"curies":[{"name":"wp","href":"https:\/\/api.w.org\/{rel}","templated":true}]}}