{"id":11814,"date":"2025-06-16T20:23:21","date_gmt":"2025-06-16T23:23:21","guid":{"rendered":"https:\/\/elkaminante.com.uy\/paquetes\/machu-picchu-y-salar-de-uyuni\/"},"modified":"2026-05-08T11:03:40","modified_gmt":"2026-05-08T14:03:40","slug":"machu-picchu-y-salar-de-uyuni","status":"publish","type":"product","link":"https:\/\/elkaminante.com.uy\/en\/paquetes\/machu-picchu-y-salar-de-uyuni\/","title":{"rendered":"Machu Picchu y Salar de Uyuni"},"content":{"rendered":"","protected":false},"excerpt":{"rendered":"<p>En <b>Per\u00fa<\/b>, te sumergir\u00e1s en la majestuosidad de los Andes y la riqueza de su herencia incaica. Desde Machu Picchu hasta Cusco, descubrir\u00e1s la grandiosidad de la civilizaci\u00f3n antigua. Explora la costa con Lima y su excepcional gastronom\u00eda. Las playas del norte y la selva amaz\u00f3nica ofrecen experiencias \u00fanicas. Per\u00fa, con su historia, cultura y paisajes, te dejar\u00e1 asombrado.<\/p>\n<p>El Salar de Uyuni en Bolivia es un espect\u00e1culo natural \u00fanico, con vastas extensiones de sal blanca que crean espejos naturales cuando llueve. Sus amaneceres y atardeceres pintan el cielo con colores vibrantes sobre esta inmensa planicie, mientras que la cultura local a\u00f1ade autenticidad con festivales tradicionales y una rica gastronom\u00eda andina. Descubre la belleza surrealista y la serenidad del Salar de Uyuni en un destino que fusiona naturaleza y cultura de manera impresionante.<\/p>\n<p>En <b>Cusco<\/b> es imposible no sentirse abrumado por la belleza y la energ\u00eda de la ciudad. Cada calle empedrada cuenta una historia y cada edificio colonial esconde secretos y leyendas. Quienes visiten este destino tienen la oportunidad de experimentar una de las culturas m\u00e1s fascinantes del mundo y sumergirse en la rica historia de los Incas. Desde explorar las ruinas incas de Machu Picchu hasta recorrer las calles de la ciudad y disfrutar de su gastronom\u00eda, siempre hay algo para todos. La ciudad est\u00e1 rodeada por los majestuosos picos de los Andes, lo que significa que los viajeros pueden disfrutar de vistas espectaculares y hacer caminatas en algunos de los senderos m\u00e1s impresionantes del mundo. Adem\u00e1s, la ciudad cuenta con una gran cantidad de festivales y eventos culturales que se llevan a cabo a lo largo del a\u00f1o, lo que la convierte en un destino tur\u00edstico emocionante y lleno de vida en cualquier \u00e9poca del a\u00f1o.<\/p>\n","protected":false},"featured_media":11812,"template":"","meta":{"_acf_changed":false,"inline_featured_image":false},"product_brand":[],"product_cat":[28,1579],"product_tag":[88,78,1283,1043,3143,64,1687,2232,2534,62,1354,3680,77,122,4658,393,91,1284,1044,793,1287,792,2290,1998,539,1282,1286,2978,89,2827,93,1285,1045,794,1288,119],"class_list":{"0":"post-11814","1":"product","2":"type-product","3":"status-publish","4":"has-post-thumbnail","6":"product_cat-paquetes","7":"product_cat-uruguay","8":"product_tag-america-del-sur","9":"product_tag-aventura","10":"product_tag-bolivia","11":"product_tag-cusco","12":"product_tag-cuzco","13":"product_tag-desayuno","14":"product_tag-en-noviembre","15":"product_tag-en-peru","16":"product_tag-exotico","17":"product_tag-exoticos","18":"product_tag-lima","19":"product_tag-machu-picchu-y-salar-de-uyuni","20":"product_tag-naturaleza","21":"product_tag-noviembre","22":"product_tag-noviembre-2026road-trip","23":"product_tag-otros-destinos","24":"product_tag-paquetes-a-america-del-sur","25":"product_tag-paquetes-a-bolivia","26":"product_tag-paquetes-a-cusco","27":"product_tag-paquetes-a-peru","28":"product_tag-paquetes-a-salar-de-uyuni","29":"product_tag-peru","30":"product_tag-peru-en-noviembre","31":"product_tag-peru-en-peru","32":"product_tag-road-trip","33":"product_tag-salar-de-uyuni","34":"product_tag-salar-uyuni","35":"product_tag-san-pedro-de-atacama","36":"product_tag-sudamerica","37":"product_tag-valle-sagrado","38":"product_tag-viajes-a-america-del-sur","39":"product_tag-viajes-a-bolivia","40":"product_tag-viajes-a-cusco","41":"product_tag-viajes-a-peru","42":"product_tag-viajes-a-salar-de-uyuni","43":"product_tag-vuelo-y-hotel","44":"entry","45":"has-media","47":"first","48":"instock","49":"shipping-taxable","50":"purchasable","51":"product-type-simple"},"acf":[],"yoast_head":"<!-- This site is optimized with the Yoast SEO plugin v27.2 - https:\/\/yoast.com\/product\/yoast-seo-wordpress\/ -->\n<title>Machu Picchu y Salar de Uyuni - El Kaminante<\/title>\n<meta name=\"robots\" content=\"index, follow, max-snippet:-1, max-image-preview:large, max-video-preview:-1\" \/>\n<link rel=\"canonical\" href=\"https:\/\/elkaminante.com.uy\/paquetes\/machu-picchu-y-salar-de-uyuni\/\" \/>\n<meta property=\"og:locale\" content=\"en_US\" \/>\n<meta property=\"og:type\" content=\"article\" \/>\n<meta property=\"og:title\" content=\"Machu Picchu y Salar de Uyuni - El Kaminante\" \/>\n<meta property=\"og:description\" content=\"En Per\u00fa, te sumergir\u00e1s en la majestuosidad de los Andes y la riqueza de su herencia incaica. Desde Machu Picchu hasta Cusco, descubrir\u00e1s la grandiosidad de la civilizaci\u00f3n antigua. Explora la costa con Lima y su excepcional gastronom\u00eda. Las playas del norte y la selva amaz\u00f3nica ofrecen experiencias \u00fanicas. Per\u00fa, con su historia, cultura y paisajes, te dejar\u00e1 asombrado.El Salar de Uyuni en Bolivia es un espect\u00e1culo natural \u00fanico, con vastas extensiones de sal blanca que crean espejos naturales cuando llueve. Sus amaneceres y atardeceres pintan el cielo con colores vibrantes sobre esta inmensa planicie, mientras que la cultura local a\u00f1ade autenticidad con festivales tradicionales y una rica gastronom\u00eda andina. Descubre la belleza surrealista y la serenidad del Salar de Uyuni en un destino que fusiona naturaleza y cultura de manera impresionante.En Cusco es imposible no sentirse abrumado por la belleza y la energ\u00eda de la ciudad. Cada calle empedrada cuenta una historia y cada edificio colonial esconde secretos y leyendas. Quienes visiten este destino tienen la oportunidad de experimentar una de las culturas m\u00e1s fascinantes del mundo y sumergirse en la rica historia de los Incas. Desde explorar las ruinas incas de Machu Picchu hasta recorrer las calles de la ciudad y disfrutar de su gastronom\u00eda, siempre hay algo para todos. La ciudad est\u00e1 rodeada por los majestuosos picos de los Andes, lo que significa que los viajeros pueden disfrutar de vistas espectaculares y hacer caminatas en algunos de los senderos m\u00e1s impresionantes del mundo. Adem\u00e1s, la ciudad cuenta con una gran cantidad de festivales y eventos culturales que se llevan a cabo a lo largo del a\u00f1o, lo que la convierte en un destino tur\u00edstico emocionante y lleno de vida en cualquier \u00e9poca del a\u00f1o.\" \/>\n<meta property=\"og:url\" content=\"https:\/\/elkaminante.com.uy\/paquetes\/machu-picchu-y-salar-de-uyuni\/\" \/>\n<meta property=\"og:site_name\" content=\"El Kaminante\" \/>\n<meta property=\"article:modified_time\" content=\"2026-05-08T14:03:40+00:00\" \/>\n<meta name=\"twitter:card\" content=\"summary_large_image\" \/>\n<script type=\"application\/ld+json\" class=\"yoast-schema-graph\">{\"@context\":\"https:\/\/schema.org\",\"@graph\":[{\"@type\":\"WebPage\",\"@id\":\"https:\/\/elkaminante.com.uy\/paquetes\/machu-picchu-y-salar-de-uyuni\/\",\"url\":\"https:\/\/elkaminante.com.uy\/paquetes\/machu-picchu-y-salar-de-uyuni\/\",\"name\":\"Machu Picchu y Salar de Uyuni - El Kaminante\",\"isPartOf\":{\"@id\":\"https:\/\/elkaminante.com.uy\/#website\"},\"primaryImageOfPage\":{\"@id\":\"https:\/\/elkaminante.com.uy\/paquetes\/machu-picchu-y-salar-de-uyuni\/#primaryimage\"},\"image\":{\"@id\":\"https:\/\/elkaminante.com.uy\/paquetes\/machu-picchu-y-salar-de-uyuni\/#primaryimage\"},\"thumbnailUrl\":\"https:\/\/elkaminante.com.uy\/wp-content\/uploads\/2025\/06\/PAQ580.webp\",\"datePublished\":\"2025-06-16T23:23:21+00:00\",\"dateModified\":\"2026-05-08T14:03:40+00:00\",\"breadcrumb\":{\"@id\":\"https:\/\/elkaminante.com.uy\/paquetes\/machu-picchu-y-salar-de-uyuni\/#breadcrumb\"},\"inLanguage\":\"en-US\",\"potentialAction\":[{\"@type\":\"ReadAction\",\"target\":[\"https:\/\/elkaminante.com.uy\/paquetes\/machu-picchu-y-salar-de-uyuni\/\"]}]},{\"@type\":\"ImageObject\",\"inLanguage\":\"en-US\",\"@id\":\"https:\/\/elkaminante.com.uy\/paquetes\/machu-picchu-y-salar-de-uyuni\/#primaryimage\",\"url\":\"https:\/\/elkaminante.com.uy\/wp-content\/uploads\/2025\/06\/PAQ580.webp\",\"contentUrl\":\"https:\/\/elkaminante.com.uy\/wp-content\/uploads\/2025\/06\/PAQ580.webp\",\"width\":800,\"height\":457},{\"@type\":\"BreadcrumbList\",\"@id\":\"https:\/\/elkaminante.com.uy\/paquetes\/machu-picchu-y-salar-de-uyuni\/#breadcrumb\",\"itemListElement\":[{\"@type\":\"ListItem\",\"position\":1,\"name\":\"Inicio\",\"item\":\"https:\/\/elkaminante.com.uy\/en\/\"},{\"@type\":\"ListItem\",\"position\":2,\"name\":\"Viajes por el mundo\",\"item\":\"https:\/\/elkaminante.com.uy\/en\/paquetes\/\"},{\"@type\":\"ListItem\",\"position\":3,\"name\":\"Machu Picchu y Salar de Uyuni\"}]},{\"@type\":\"WebSite\",\"@id\":\"https:\/\/elkaminante.com.uy\/#website\",\"url\":\"https:\/\/elkaminante.com.uy\/\",\"name\":\"El Kaminante\",\"description\":\"Viajes &amp; Turismo\",\"publisher\":{\"@id\":\"https:\/\/elkaminante.com.uy\/#organization\"},\"potentialAction\":[{\"@type\":\"SearchAction\",\"target\":{\"@type\":\"EntryPoint\",\"urlTemplate\":\"https:\/\/elkaminante.com.uy\/?s={search_term_string}\"},\"query-input\":{\"@type\":\"PropertyValueSpecification\",\"valueRequired\":true,\"valueName\":\"search_term_string\"}}],\"inLanguage\":\"en-US\"},{\"@type\":\"Organization\",\"@id\":\"https:\/\/elkaminante.com.uy\/#organization\",\"name\":\"El Kaminante\",\"url\":\"https:\/\/elkaminante.com.uy\/\",\"logo\":{\"@type\":\"ImageObject\",\"inLanguage\":\"en-US\",\"@id\":\"https:\/\/elkaminante.com.uy\/#\/schema\/logo\/image\/\",\"url\":\"https:\/\/elkaminante.com.uy\/wp-content\/uploads\/2025\/02\/logo-elkaminante-blanco.svg\",\"contentUrl\":\"https:\/\/elkaminante.com.uy\/wp-content\/uploads\/2025\/02\/logo-elkaminante-blanco.svg\",\"caption\":\"El Kaminante\"},\"image\":{\"@id\":\"https:\/\/elkaminante.com.uy\/#\/schema\/logo\/image\/\"}}]}<\/script>\n<!-- \/ Yoast SEO plugin. -->","yoast_head_json":{"title":"Machu Picchu y Salar de Uyuni - El Kaminante","robots":{"index":"index","follow":"follow","max-snippet":"max-snippet:-1","max-image-preview":"max-image-preview:large","max-video-preview":"max-video-preview:-1"},"canonical":"https:\/\/elkaminante.com.uy\/paquetes\/machu-picchu-y-salar-de-uyuni\/","og_locale":"en_US","og_type":"article","og_title":"Machu Picchu y Salar de Uyuni - El Kaminante","og_description":"En Per\u00fa, te sumergir\u00e1s en la majestuosidad de los Andes y la riqueza de su herencia incaica. Desde Machu Picchu hasta Cusco, descubrir\u00e1s la grandiosidad de la civilizaci\u00f3n antigua. Explora la costa con Lima y su excepcional gastronom\u00eda. Las playas del norte y la selva amaz\u00f3nica ofrecen experiencias \u00fanicas. Per\u00fa, con su historia, cultura y paisajes, te dejar\u00e1 asombrado.El Salar de Uyuni en Bolivia es un espect\u00e1culo natural \u00fanico, con vastas extensiones de sal blanca que crean espejos naturales cuando llueve. Sus amaneceres y atardeceres pintan el cielo con colores vibrantes sobre esta inmensa planicie, mientras que la cultura local a\u00f1ade autenticidad con festivales tradicionales y una rica gastronom\u00eda andina. Descubre la belleza surrealista y la serenidad del Salar de Uyuni en un destino que fusiona naturaleza y cultura de manera impresionante.En Cusco es imposible no sentirse abrumado por la belleza y la energ\u00eda de la ciudad. Cada calle empedrada cuenta una historia y cada edificio colonial esconde secretos y leyendas. Quienes visiten este destino tienen la oportunidad de experimentar una de las culturas m\u00e1s fascinantes del mundo y sumergirse en la rica historia de los Incas. Desde explorar las ruinas incas de Machu Picchu hasta recorrer las calles de la ciudad y disfrutar de su gastronom\u00eda, siempre hay algo para todos. La ciudad est\u00e1 rodeada por los majestuosos picos de los Andes, lo que significa que los viajeros pueden disfrutar de vistas espectaculares y hacer caminatas en algunos de los senderos m\u00e1s impresionantes del mundo. Adem\u00e1s, la ciudad cuenta con una gran cantidad de festivales y eventos culturales que se llevan a cabo a lo largo del a\u00f1o, lo que la convierte en un destino tur\u00edstico emocionante y lleno de vida en cualquier \u00e9poca del a\u00f1o.","og_url":"https:\/\/elkaminante.com.uy\/paquetes\/machu-picchu-y-salar-de-uyuni\/","og_site_name":"El Kaminante","article_modified_time":"2026-05-08T14:03:40+00:00","twitter_card":"summary_large_image","schema":{"@context":"https:\/\/schema.org","@graph":[{"@type":"WebPage","@id":"https:\/\/elkaminante.com.uy\/paquetes\/machu-picchu-y-salar-de-uyuni\/","url":"https:\/\/elkaminante.com.uy\/paquetes\/machu-picchu-y-salar-de-uyuni\/","name":"Machu Picchu y Salar de Uyuni - El Kaminante","isPartOf":{"@id":"https:\/\/elkaminante.com.uy\/#website"},"primaryImageOfPage":{"@id":"https:\/\/elkaminante.com.uy\/paquetes\/machu-picchu-y-salar-de-uyuni\/#primaryimage"},"image":{"@id":"https:\/\/elkaminante.com.uy\/paquetes\/machu-picchu-y-salar-de-uyuni\/#primaryimage"},"thumbnailUrl":"https:\/\/elkaminante.com.uy\/wp-content\/uploads\/2025\/06\/PAQ580.webp","datePublished":"2025-06-16T23:23:21+00:00","dateModified":"2026-05-08T14:03:40+00:00","breadcrumb":{"@id":"https:\/\/elkaminante.com.uy\/paquetes\/machu-picchu-y-salar-de-uyuni\/#breadcrumb"},"inLanguage":"en-US","potentialAction":[{"@type":"ReadAction","target":["https:\/\/elkaminante.com.uy\/paquetes\/machu-picchu-y-salar-de-uyuni\/"]}]},{"@type":"ImageObject","inLanguage":"en-US","@id":"https:\/\/elkaminante.com.uy\/paquetes\/machu-picchu-y-salar-de-uyuni\/#primaryimage","url":"https:\/\/elkaminante.com.uy\/wp-content\/uploads\/2025\/06\/PAQ580.webp","contentUrl":"https:\/\/elkaminante.com.uy\/wp-content\/uploads\/2025\/06\/PAQ580.webp","width":800,"height":457},{"@type":"BreadcrumbList","@id":"https:\/\/elkaminante.com.uy\/paquetes\/machu-picchu-y-salar-de-uyuni\/#breadcrumb","itemListElement":[{"@type":"ListItem","position":1,"name":"Inicio","item":"https:\/\/elkaminante.com.uy\/en\/"},{"@type":"ListItem","position":2,"name":"Viajes por el mundo","item":"https:\/\/elkaminante.com.uy\/en\/paquetes\/"},{"@type":"ListItem","position":3,"name":"Machu Picchu y Salar de Uyuni"}]},{"@type":"WebSite","@id":"https:\/\/elkaminante.com.uy\/#website","url":"https:\/\/elkaminante.com.uy\/","name":"El Kaminante","description":"Viajes &amp; Turismo","publisher":{"@id":"https:\/\/elkaminante.com.uy\/#organization"},"potentialAction":[{"@type":"SearchAction","target":{"@type":"EntryPoint","urlTemplate":"https:\/\/elkaminante.com.uy\/?s={search_term_string}"},"query-input":{"@type":"PropertyValueSpecification","valueRequired":true,"valueName":"search_term_string"}}],"inLanguage":"en-US"},{"@type":"Organization","@id":"https:\/\/elkaminante.com.uy\/#organization","name":"El Kaminante","url":"https:\/\/elkaminante.com.uy\/","logo":{"@type":"ImageObject","inLanguage":"en-US","@id":"https:\/\/elkaminante.com.uy\/#\/schema\/logo\/image\/","url":"https:\/\/elkaminante.com.uy\/wp-content\/uploads\/2025\/02\/logo-elkaminante-blanco.svg","contentUrl":"https:\/\/elkaminante.com.uy\/wp-content\/uploads\/2025\/02\/logo-elkaminante-blanco.svg","caption":"El Kaminante"},"image":{"@id":"https:\/\/elkaminante.com.uy\/#\/schema\/logo\/image\/"}}]}},"_links":{"self":[{"href":"https:\/\/elkaminante.com.uy\/en\/wp-json\/wp\/v2\/product\/11814","targetHints":{"allow":["GET"]}}],"collection":[{"href":"https:\/\/elkaminante.com.uy\/en\/wp-json\/wp\/v2\/product"}],"about":[{"href":"https:\/\/elkaminante.com.uy\/en\/wp-json\/wp\/v2\/types\/product"}],"wp:featuredmedia":[{"embeddable":true,"href":"https:\/\/elkaminante.com.uy\/en\/wp-json\/wp\/v2\/media\/11812"}],"wp:attachment":[{"href":"https:\/\/elkaminante.com.uy\/en\/wp-json\/wp\/v2\/media?parent=11814"}],"wp:term":[{"taxonomy":"product_brand","embeddable":true,"href":"https:\/\/elkaminante.com.uy\/en\/wp-json\/wp\/v2\/product_brand?post=11814"},{"taxonomy":"product_cat","embeddable":true,"href":"https:\/\/elkaminante.com.uy\/en\/wp-json\/wp\/v2\/product_cat?post=11814"},{"taxonomy":"product_tag","embeddable":true,"href":"https:\/\/elkaminante.com.uy\/en\/wp-json\/wp\/v2\/product_tag?post=11814"}],"curies":[{"name":"wp","href":"https:\/\/api.w.org\/{rel}","templated":true}]}}